{"id":1113,"date":"2014-02-28T16:44:38","date_gmt":"2014-02-28T14:44:38","guid":{"rendered":"http:\/\/zebemusic.smukkeberg.com\/?page_id=1113"},"modified":"2026-04-09T10:46:57","modified_gmt":"2026-04-09T09:46:57","slug":"kirchenmusik-pop","status":"publish","type":"page","link":"https:\/\/www.zebemusic.com\/de\/","title":{"rendered":"Willkommen"},"content":{"rendered":"<p>ZebeMusic ist Spezialist f\u00fcr Kirchenmusik Pop: Kindermusicals, Jugendmusicals, Singspiele und Weihnachtsmusicals f\u00fcr Ch\u00f6re. Seit 1993 beliefern wie den Fachhandel, Chorleiter und Kirchenmusiker mit Gospelnoten, Noten f\u00fcr Jazzchor, Gospelmesse, Rockmesse, Jazzmesse und weiteren Chornoten, gedruckt oder als PDF-Download.<br \/>\nDie Chormusicals stammen unter anderem von Henrike Thies-Gebauer, Andreas M\u00fccksch und Barbara Schatz, die f\u00fcr die Kindermusicals tiefgehende Texte lieferte. Gospelnoten stammen von Stephan Zebe (Gospelmesse, Gospelnoten), Niko Schlenker (Weihnachtsgospel, Gospelnoten, Worshipnoten) und Joachim Dierks (Worshipnoten, Gospelnoten).<br \/>\nChristoph Schoepsdau ist Experte in Sacred Jazz und ver\u00f6ffentlichte bei Zebemusic seine <a href=\"https:\/\/www.youtube.com\/watch?v=wHHt3ySfn10\">Jazzmesse<\/a>, ein <a href=\"https:\/\/www.zebemusic.com\/de\/product\/magnificat\/\">Jazz-Magnificat<\/a> und Funky Psalmen.<br \/>\nZebeMusic erweitert st\u00e4ndig sein Repertoire im Bereich Kirchenmusik Pop und freut sich \u00fcber Anregungen und neue Werke!<\/p>\n<p>ZebeMusic pr\u00e4sentiert zahlreiche zeitgen\u00f6ssische KomponistInnen und TexterInnen:<br \/>\n<a href=\"https:\/\/www.zebemusic.com\/andreasmuecksch\">Andreas M\u00fccksch<\/a><br \/>\n<a href=\"https:\/\/songtexte-schreiben-lernen.de\/blog\/2021\/12\/12\/angelika-wilkes-eine-excellentin-mit-ungewoehnlicher-domaene\/\" target=\"_blank\" rel=\"noopener\">Angelika Wilkes<\/a><br \/>\n<a href=\"https:\/\/www.zebemusic.com\/about-us\/autoren\/barbaraschatz\">Barbara Schatz<\/a><br \/>\n<a href=\"https:\/\/www.bastianpusch.de\/\" target=\"_blank\" rel=\"noopener\">Bastian Pusch<\/a><br \/>\n<a href=\"https:\/\/christianmews.com\/bio\/\" target=\"_blank\" rel=\"noopener\">Chris Mews<\/a><br \/>\nChristiane Etzold<br \/>\nChristina M\u00fcller<br \/>\n<a href=\"https:\/\/www.bluechurch.ch\/profiles\/christian-scheel\" target=\"_blank\" rel=\"noopener\">Christian Scheel<\/a><br \/>\n<a href=\"https:\/\/www.zebemusic.com\/about-us\/autoren\/christophschoepsdau\">Christoph Schoepsdau<\/a><br \/>\n<a href=\"https:\/\/www.zebemusic.com\/about-us\/autoren\/corneliatrommer\">Cornelia Trommer<\/a><br \/>\nDieter Stork<br \/>\n<a href=\"https:\/\/ericbond.de\/\" target=\"_blank\" rel=\"noopener\">Eric Bond<\/a><br \/>\nFlorian Hanssen<br \/>\nFrank F\u00f6rster<br \/>\nHans Hermann Wickel<br \/>\nHans-J\u00f6rg Fiehl<br \/>\n<a href=\"https:\/\/zebemusic.com\/henrike-thies-gebauer\/\">Henrike Thies-Gebauer<\/a><br \/>\n<a href=\"https:\/\/www.zebemusic.com\/about-us\/autoren\/holgerhantke\">Holger Hantke<\/a><br \/>\nHubert Zaindl<br \/>\n<a href=\"https:\/\/zebemusic.com\/gospelworkshops-jan-meyer\/\" target=\"_blank\" rel=\"noopener noreferrer\">Jan Meyer<\/a><br \/>\n<a href=\"https:\/\/www.zebemusic.com\/jeffguillen\">Jeff Guillen<br \/>\n<\/a><a href=\"https:\/\/www.zebemusic.com\/joachim-dierks\">Joachim Dierks<\/a><br \/>\nJohannes Blomenkamp<br \/>\nJohannes M. Michel<br \/>\n<a href=\"https:\/\/www.zebemusic.com\/johannesstaemmler\">Johannes Staemmler<\/a><br \/>\nJutta Hager<br \/>\nKlaus-Hermann Ansch\u00fctz<br \/>\nMaren Seyboldt<br \/>\n<a href=\"https:\/\/www.zebemusic.com\/markus-gueck\">Markus G\u00fcck<\/a><br \/>\n<a href=\"https:\/\/www.zebemusic.com\/matthiasnagel\">Matthias Nagel<br \/>\n<\/a>Micha Keding<br \/>\nMichael Martin<br \/>\n<a href=\"https:\/\/www.zebemusic.com\/nikoschlenker\">Niko Schlenker<\/a><br \/>\nPeer Mickeluhn<br \/>\nPeter Schumann<br \/>\n<a href=\"https:\/\/www.zebemusic.com\/sebastianzebe\">Sebastian Zebe<\/a><br \/>\n<a href=\"https:\/\/www.zebemusic.com\/stefanhanke\">Stefan Hanke<\/a><br \/>\n<a href=\"https:\/\/www.zebemusic.com\/stephanzebe\">Stephan Zebe<\/a><br \/>\nThomas Wirtz<br \/>\nWilhelm H. Koch<br \/>\nWolfgang Richter<\/p>\n<p>Unter den vertretenen K\u00fcnstlerInnen sind unter anderem:<br \/>\n<a href=\"https:\/\/www.zebemusic.com\/andreasmuecksch\">Andreas M\u00fccksch<\/a><br \/>\n<a href=\"https:\/\/gospelacademy.com\/biographie.html\" target=\"_blank\" rel=\"noopener noreferrer\">Angelika Rehaag<\/a><br \/>\n<a href=\"https:\/\/www.bukidomingos.com\/\" target=\"_blank\" rel=\"noopener noreferrer\">Buki Domingos<\/a><br \/>\n<a href=\"https:\/\/www.zebemusic.com\/christophschoepsdau\">Christoph Schoepsdau<\/a><br \/>\n<a href=\"http:\/\/www.chrislass.com\" target=\"_blank\" rel=\"noopener noreferrer\">Chris Lass<\/a><br \/>\n<a href=\"https:\/\/www.facebook.com\/claudine.abu\" target=\"_blank\" rel=\"noopener noreferrer\">Claudine Abusu<\/a><br \/>\n<a href=\"https:\/\/www.david-whitley.com\/\" target=\"_blank\" rel=\"noopener noreferrer\">David B. Whitley<\/a><br \/>\n<a href=\"https:\/\/www.dorreylyles.com\/\" target=\"_blank\" rel=\"noopener noreferrer\">Dorrey Lin Lyles<\/a><br \/>\n<a href=\"https:\/\/www.zebemusic.com\/stefanhanke\">Stefan Hanke<\/a><br \/>\n<a href=\"https:\/\/www.zebemusic.com\/stephanzebe\">Stephan Zebe<\/a><br \/>\n<a href=\"https:\/\/www.zebemusic.com\/nikoschlenker\">Niko Schlenker<\/a><br \/>\nNate Junor<br \/>\n<a href=\"https:\/\/www.yasminahunzinger.de\/\" target=\"_blank\" rel=\"noopener noreferrer\">Yasmina Hunzinger<\/a><br \/>\n<a href=\"https:\/\/www.boysiewhite.com\/\" target=\"_blank\" rel=\"noopener noreferrer\">Boysie White<\/a><br \/>\n<a href=\"https:\/\/www.facebook.com\/honore.haase\" target=\"_blank\" rel=\"noopener noreferrer\">Honor\u00e8 Haase<\/a><br \/>\n<a href=\"https:\/\/www.facebook.com\/kim.szabo.66\" target=\"_blank\" rel=\"noopener noreferrer\">Kim Szabo<\/a><br \/>\n<a href=\"https:\/\/www.facebook.com\/profile.php?id=100007070709004\" target=\"_blank\" rel=\"noopener noreferrer\">Lisamay Lesch<\/a><br \/>\n<a href=\"https:\/\/www.facebook.com\/jeanine.d.plessis\" target=\"_blank\" rel=\"noopener noreferrer\">Jeanine du Plessis<\/a><br \/>\n<a href=\"https:\/\/www.popchor21.de\/chorleiter.html\" target=\"_blank\" rel=\"noopener noreferrer\">J\u00fcrgen Rutz<\/a><br \/>\nReinhard Kretschmer<br \/>\nChristian M\u00fcller<br \/>\n<a href=\"http:\/\/www.ferdinandvonseebach.com\" target=\"_blank\" rel=\"noopener noreferrer\">Ferdinand von Seebach<\/a><br \/>\nJohannes Schaedlich<br \/>\n<a href=\"http:\/\/jonas-schoen.de\/\" target=\"_blank\" rel=\"noopener noreferrer\">Jonas Schoen<\/a><br \/>\nHolger Nesweda<br \/>\n<a href=\"https:\/\/zebemusic.com\/james-smith\">James Smith<\/a><br \/>\n<a href=\"http:\/\/www.lukasfroehlich.de\" target=\"_blank\" rel=\"noopener noreferrer\">Lukas Fr\u00f6hlich<\/a><br \/>\n<a href=\"http:\/\/www.natalia-antczak.de\/?fbclid=IwAR06Su0fV37Ak0tprUwzEI-iXkW7JI2WUH6irJYfNWobFWafqFmdx7IV7IY\" target=\"_blank\" rel=\"noopener noreferrer\">Natalia Antczak<\/a><br \/>\nPst. Daniel Aborah<br \/>\nR\u00e9gine Nguetseng<br \/>\nGlady Kruszyna<br \/>\n<a href=\"https:\/\/www.woodson.de\/\" target=\"_blank\" rel=\"noopener noreferrer\">Deborah Woodson<\/a><br \/>\n<a href=\"https:\/\/www.zebemusic.com\/markus-gueck\" target=\"_blank\" rel=\"noopener noreferrer\">Markus G\u00fcck<\/a><br \/>\nSacretones<br \/>\nFrank F\u00f6rster<br \/>\nThe JazzMassengers<br \/>\n<a href=\"https:\/\/livingospel.de\/\" target=\"_blank\" rel=\"noopener noreferrer\">The LivinGospel Choir<\/a><br \/>\n<a href=\"http:\/\/www.gospelkollektiv.de\/\" target=\"_blank\" rel=\"noopener noreferrer\">Gospelkollektiv<\/a><br \/>\n<a href=\"https:\/\/zebemusic.com\/the-angels\/\" target=\"_blank\" rel=\"noopener noreferrer\">The Angels<\/a><br \/>\n<a href=\"https:\/\/gospelacademy.com\/gospel-family-of-christ.html\" target=\"_blank\" rel=\"noopener noreferrer\">The Gospel Family of Christ<\/a><br \/>\n<a href=\"https:\/\/www.facebook.com\/NewLifeGospelChoirDuesseldorf\/posts\/newlife-gospel-choir-with-trey-lorenz\/2025330690890160\/\" target=\"_blank\" rel=\"noopener noreferrer\">NewLife Gospel Choir<\/a><br \/>\n<a href=\"http:\/\/www.berliner-soulchor.de\/\" target=\"_blank\" rel=\"noopener noreferrer\">Berliner Soulchor<\/a><br \/>\n<a href=\"https:\/\/www.kammerchor-braunschweig.de\/\" target=\"_blank\" rel=\"noopener noreferrer\">Kammerchor Braunschweig<\/a><br \/>\n<a href=\"http:\/\/prisma-vokal.de\" target=\"_blank\" rel=\"noopener noreferrer\">Prisma Vokal<\/a><br \/>\n<a href=\"https:\/\/www.christophschoepsdau.de\/\" target=\"_blank\" rel=\"noopener noreferrer\">The JazzMassengers<\/a><br \/>\n<a href=\"https:\/\/www.paulusgemeinde-halle.de\/musik\/choere\/#part1080\" target=\"_blank\" rel=\"noopener noreferrer\">Jugendchor der Ev. Paulusgemeinde Halle\/Saale<\/a><br \/>\n<a href=\"https:\/\/www.paulusgemeinde-halle.de\/musik\/choere\/#part1081\" target=\"_blank\" rel=\"noopener noreferrer\">Kantorei der Ev. Paulusgemeinde Halle\/Saale<\/a><br \/>\n<a href=\"http:\/\/lighthillgospel.de\/\" target=\"_blank\" rel=\"noopener noreferrer\">Lighthill Gospel<\/a><\/p>\n","protected":false},"excerpt":{"rendered":"<p>ZebeMusic ist Spezialist f\u00fcr Kirchenmusik Pop: Kindermusicals, Jugendmusicals, Singspiele und Weihnachtsmusicals f\u00fcr Ch\u00f6re. Seit 1993 beliefern wie den Fachhandel, Chorleiter und Kirchenmusiker mit Gospelnoten, Noten f\u00fcr Jazzchor, Gospelmesse, Rockmesse, Jazzmesse und weiteren Chornoten, gedruckt oder als PDF-Download. Die Chormusicals stammen unter anderem von Henrike Thies-Gebauer, Andreas M\u00fccksch und Barbara Schatz, die f\u00fcr die Kindermusicals tiefgehende [&hellip;]<\/p>\n","protected":false},"author":50,"featured_media":21948,"parent":0,"menu_order":0,"comment_status":"closed","ping_status":"closed","template":"page-templates\/page-homepage.php","meta":{"_acf_changed":false,"footnotes":""},"class_list":["post-1113","page","type-page","status-publish","has-post-thumbnail","hentry"],"acf":[],"yoast_head":"<!-- This site is optimized with the Yoast SEO plugin v27.4 - https:\/\/yoast.com\/product\/yoast-seo-wordpress\/ -->\n<title>Kirchenmusik Pop: Gospelnoten - Kindermusicals - Jazzchor<\/title>\n<meta name=\"description\" content=\"Kirchenmusik Pop f\u00fcr Gospel-, Musical- und Jazzliebhaber in reichlicher und differenzierter Auswahl und vielen Besetzungen; Gospelnoten, Chormusicals und Sacred Jazz, Gospelmesse und Jazzmesse.\" \/>\n<meta name=\"robots\" content=\"index, follow, max-snippet:-1, max-image-preview:large, max-video-preview:-1\" \/>\n<link rel=\"canonical\" href=\"https:\/\/www.zebemusic.com\/de\/\" \/>\n<meta property=\"og:locale\" content=\"de_DE\" \/>\n<meta property=\"og:type\" content=\"article\" \/>\n<meta property=\"og:title\" content=\"Makes you sing! \ud83c\udfb6\" \/>\n<meta property=\"og:description\" content=\"Chormusik f\u00fcr Gospel-, Musical- und Jazzliebhaber in reicher und differenzierter Auswahl! \ud83d\udce3\" \/>\n<meta property=\"og:url\" content=\"https:\/\/www.zebemusic.com\/de\/\" \/>\n<meta property=\"og:site_name\" content=\"ZebeMusic\" \/>\n<meta property=\"article:publisher\" content=\"https:\/\/www.facebook.com\/zebemusic\" \/>\n<meta property=\"article:modified_time\" content=\"2026-04-09T09:46:57+00:00\" \/>\n<meta property=\"og:image\" content=\"https:\/\/www.zebemusic.com\/wp-content\/uploads\/2024\/02\/Seo-Pic.jpg\" \/>\n\t<meta property=\"og:image:width\" content=\"378\" \/>\n\t<meta property=\"og:image:height\" content=\"320\" \/>\n\t<meta property=\"og:image:type\" content=\"image\/jpeg\" \/>\n<meta name=\"twitter:card\" content=\"summary_large_image\" \/>\n<meta name=\"twitter:title\" content=\"Makes you sing! \ud83c\udfb6\" \/>\n<meta name=\"twitter:description\" content=\"\ud83d\udce3 Chormusik f\u00fcr Gospel-, Musical- und Jazzliebhaber in reicher und differenzierter Auswahl!\" \/>\n<meta name=\"twitter:image\" content=\"https:\/\/www.zebemusic.com\/wp-content\/uploads\/2024\/02\/Seo-Pic.jpg\" \/>\n<meta name=\"twitter:label1\" content=\"Est. reading time\" \/>\n\t<meta name=\"twitter:data1\" content=\"2 minutes\" \/>\n<script type=\"application\/ld+json\" class=\"yoast-schema-graph\">{\"@context\":\"https:\\\/\\\/schema.org\",\"@graph\":[{\"@type\":\"WebPage\",\"@id\":\"https:\\\/\\\/www.zebemusic.com\\\/de\\\/\",\"url\":\"https:\\\/\\\/www.zebemusic.com\\\/de\\\/\",\"name\":\"Kirchenmusik Pop: Gospelnoten - Kindermusicals - Jazzchor\",\"isPartOf\":{\"@id\":\"https:\\\/\\\/www.zebemusic.com\\\/de\\\/#website\"},\"primaryImageOfPage\":{\"@id\":\"https:\\\/\\\/www.zebemusic.com\\\/de\\\/#primaryimage\"},\"image\":{\"@id\":\"https:\\\/\\\/www.zebemusic.com\\\/de\\\/#primaryimage\"},\"thumbnailUrl\":\"https:\\\/\\\/www.zebemusic.com\\\/wp-content\\\/uploads\\\/2024\\\/02\\\/Seo-Pic.jpg\",\"datePublished\":\"2014-02-28T14:44:38+00:00\",\"dateModified\":\"2026-04-09T09:46:57+00:00\",\"description\":\"Kirchenmusik Pop f\u00fcr Gospel-, Musical- und Jazzliebhaber in reichlicher und differenzierter Auswahl und vielen Besetzungen; Gospelnoten, Chormusicals und Sacred Jazz, Gospelmesse und Jazzmesse.\",\"inLanguage\":\"de-DE\",\"potentialAction\":[{\"@type\":\"ReadAction\",\"target\":[\"https:\\\/\\\/www.zebemusic.com\\\/de\\\/\"]}]},{\"@type\":\"ImageObject\",\"inLanguage\":\"de-DE\",\"@id\":\"https:\\\/\\\/www.zebemusic.com\\\/de\\\/#primaryimage\",\"url\":\"https:\\\/\\\/www.zebemusic.com\\\/wp-content\\\/uploads\\\/2024\\\/02\\\/Seo-Pic.jpg\",\"contentUrl\":\"https:\\\/\\\/www.zebemusic.com\\\/wp-content\\\/uploads\\\/2024\\\/02\\\/Seo-Pic.jpg\",\"width\":378,\"height\":320,\"caption\":\"Kirchenmusik Pop Gospelnoten Kindermusical Worship Chornoten Notendownload\"},{\"@type\":\"WebSite\",\"@id\":\"https:\\\/\\\/www.zebemusic.com\\\/de\\\/#website\",\"url\":\"https:\\\/\\\/www.zebemusic.com\\\/de\\\/\",\"name\":\"ZebeMusic\",\"description\":\"makes you sing.\",\"publisher\":{\"@id\":\"https:\\\/\\\/www.zebemusic.com\\\/de\\\/#organization\"},\"alternateName\":\"Gospelnoten & Kindermusicals\",\"potentialAction\":[{\"@type\":\"SearchAction\",\"target\":{\"@type\":\"EntryPoint\",\"urlTemplate\":\"https:\\\/\\\/www.zebemusic.com\\\/de\\\/?s={search_term_string}\"},\"query-input\":{\"@type\":\"PropertyValueSpecification\",\"valueRequired\":true,\"valueName\":\"search_term_string\"}}],\"inLanguage\":\"de-DE\"},{\"@type\":\"Organization\",\"@id\":\"https:\\\/\\\/www.zebemusic.com\\\/de\\\/#organization\",\"name\":\"ZebeMusic\",\"url\":\"https:\\\/\\\/www.zebemusic.com\\\/de\\\/\",\"logo\":{\"@type\":\"ImageObject\",\"inLanguage\":\"de-DE\",\"@id\":\"https:\\\/\\\/www.zebemusic.com\\\/de\\\/#\\\/schema\\\/logo\\\/image\\\/\",\"url\":\"https:\\\/\\\/www.zebemusic.com\\\/wp-content\\\/uploads\\\/2025\\\/10\\\/ZEBE-Logo_ZW-makesyousing.jpg\",\"contentUrl\":\"https:\\\/\\\/www.zebemusic.com\\\/wp-content\\\/uploads\\\/2025\\\/10\\\/ZEBE-Logo_ZW-makesyousing.jpg\",\"width\":2212,\"height\":958,\"caption\":\"ZebeMusic\"},\"image\":{\"@id\":\"https:\\\/\\\/www.zebemusic.com\\\/de\\\/#\\\/schema\\\/logo\\\/image\\\/\"},\"sameAs\":[\"https:\\\/\\\/www.facebook.com\\\/zebemusic\",\"https:\\\/\\\/www.instagram.com\\\/zebemusic\",\"https:\\\/\\\/www.youtube.com\\\/zebemusicberlin\"]}]}<\/script>\n<!-- \/ Yoast SEO plugin. -->","yoast_head_json":{"title":"Kirchenmusik Pop: Gospelnoten - Kindermusicals - Jazzchor","description":"Kirchenmusik Pop f\u00fcr Gospel-, Musical- und Jazzliebhaber in reichlicher und differenzierter Auswahl und vielen Besetzungen; Gospelnoten, Chormusicals und Sacred Jazz, Gospelmesse und Jazzmesse.","robots":{"index":"index","follow":"follow","max-snippet":"max-snippet:-1","max-image-preview":"max-image-preview:large","max-video-preview":"max-video-preview:-1"},"canonical":"https:\/\/www.zebemusic.com\/de\/","og_locale":"de_DE","og_type":"article","og_title":"Makes you sing! \ud83c\udfb6","og_description":"Chormusik f\u00fcr Gospel-, Musical- und Jazzliebhaber in reicher und differenzierter Auswahl! \ud83d\udce3","og_url":"https:\/\/www.zebemusic.com\/de\/","og_site_name":"ZebeMusic","article_publisher":"https:\/\/www.facebook.com\/zebemusic","article_modified_time":"2026-04-09T09:46:57+00:00","og_image":[{"width":378,"height":320,"url":"https:\/\/www.zebemusic.com\/wp-content\/uploads\/2024\/02\/Seo-Pic.jpg","type":"image\/jpeg"}],"twitter_card":"summary_large_image","twitter_title":"Makes you sing! \ud83c\udfb6","twitter_description":"\ud83d\udce3 Chormusik f\u00fcr Gospel-, Musical- und Jazzliebhaber in reicher und differenzierter Auswahl!","twitter_image":"https:\/\/www.zebemusic.com\/wp-content\/uploads\/2024\/02\/Seo-Pic.jpg","twitter_misc":{"Est. reading time":"2 minutes"},"schema":{"@context":"https:\/\/schema.org","@graph":[{"@type":"WebPage","@id":"https:\/\/www.zebemusic.com\/de\/","url":"https:\/\/www.zebemusic.com\/de\/","name":"Kirchenmusik Pop: Gospelnoten - Kindermusicals - Jazzchor","isPartOf":{"@id":"https:\/\/www.zebemusic.com\/de\/#website"},"primaryImageOfPage":{"@id":"https:\/\/www.zebemusic.com\/de\/#primaryimage"},"image":{"@id":"https:\/\/www.zebemusic.com\/de\/#primaryimage"},"thumbnailUrl":"https:\/\/www.zebemusic.com\/wp-content\/uploads\/2024\/02\/Seo-Pic.jpg","datePublished":"2014-02-28T14:44:38+00:00","dateModified":"2026-04-09T09:46:57+00:00","description":"Kirchenmusik Pop f\u00fcr Gospel-, Musical- und Jazzliebhaber in reichlicher und differenzierter Auswahl und vielen Besetzungen; Gospelnoten, Chormusicals und Sacred Jazz, Gospelmesse und Jazzmesse.","inLanguage":"de-DE","potentialAction":[{"@type":"ReadAction","target":["https:\/\/www.zebemusic.com\/de\/"]}]},{"@type":"ImageObject","inLanguage":"de-DE","@id":"https:\/\/www.zebemusic.com\/de\/#primaryimage","url":"https:\/\/www.zebemusic.com\/wp-content\/uploads\/2024\/02\/Seo-Pic.jpg","contentUrl":"https:\/\/www.zebemusic.com\/wp-content\/uploads\/2024\/02\/Seo-Pic.jpg","width":378,"height":320,"caption":"Kirchenmusik Pop Gospelnoten Kindermusical Worship Chornoten Notendownload"},{"@type":"WebSite","@id":"https:\/\/www.zebemusic.com\/de\/#website","url":"https:\/\/www.zebemusic.com\/de\/","name":"ZebeMusic","description":"makes you sing.","publisher":{"@id":"https:\/\/www.zebemusic.com\/de\/#organization"},"alternateName":"Gospelnoten & Kindermusicals","potentialAction":[{"@type":"SearchAction","target":{"@type":"EntryPoint","urlTemplate":"https:\/\/www.zebemusic.com\/de\/?s={search_term_string}"},"query-input":{"@type":"PropertyValueSpecification","valueRequired":true,"valueName":"search_term_string"}}],"inLanguage":"de-DE"},{"@type":"Organization","@id":"https:\/\/www.zebemusic.com\/de\/#organization","name":"ZebeMusic","url":"https:\/\/www.zebemusic.com\/de\/","logo":{"@type":"ImageObject","inLanguage":"de-DE","@id":"https:\/\/www.zebemusic.com\/de\/#\/schema\/logo\/image\/","url":"https:\/\/www.zebemusic.com\/wp-content\/uploads\/2025\/10\/ZEBE-Logo_ZW-makesyousing.jpg","contentUrl":"https:\/\/www.zebemusic.com\/wp-content\/uploads\/2025\/10\/ZEBE-Logo_ZW-makesyousing.jpg","width":2212,"height":958,"caption":"ZebeMusic"},"image":{"@id":"https:\/\/www.zebemusic.com\/de\/#\/schema\/logo\/image\/"},"sameAs":["https:\/\/www.facebook.com\/zebemusic","https:\/\/www.instagram.com\/zebemusic","https:\/\/www.youtube.com\/zebemusicberlin"]}]}},"_links":{"self":[{"href":"https:\/\/www.zebemusic.com\/de\/wp-json\/wp\/v2\/pages\/1113","targetHints":{"allow":["GET"]}}],"collection":[{"href":"https:\/\/www.zebemusic.com\/de\/wp-json\/wp\/v2\/pages"}],"about":[{"href":"https:\/\/www.zebemusic.com\/de\/wp-json\/wp\/v2\/types\/page"}],"author":[{"embeddable":true,"href":"https:\/\/www.zebemusic.com\/de\/wp-json\/wp\/v2\/users\/50"}],"replies":[{"embeddable":true,"href":"https:\/\/www.zebemusic.com\/de\/wp-json\/wp\/v2\/comments?post=1113"}],"version-history":[{"count":227,"href":"https:\/\/www.zebemusic.com\/de\/wp-json\/wp\/v2\/pages\/1113\/revisions"}],"predecessor-version":[{"id":31618,"href":"https:\/\/www.zebemusic.com\/de\/wp-json\/wp\/v2\/pages\/1113\/revisions\/31618"}],"wp:featuredmedia":[{"embeddable":true,"href":"https:\/\/www.zebemusic.com\/de\/wp-json\/wp\/v2\/media\/21948"}],"wp:attachment":[{"href":"https:\/\/www.zebemusic.com\/de\/wp-json\/wp\/v2\/media?parent=1113"}],"curies":[{"name":"wp","href":"https:\/\/api.w.org\/{rel}","templated":true}]}}