{"id":16737,"date":"2020-04-01T00:02:28","date_gmt":"2020-03-31T23:02:28","guid":{"rendered":"https:\/\/www.zebemusic.com\/?page_id=16737"},"modified":"2025-02-12T02:39:28","modified_gmt":"2025-02-12T01:39:28","slug":"joachim-dierks","status":"publish","type":"page","link":"https:\/\/www.zebemusic.com\/de\/ueber-uns\/autoren\/joachim-dierks\/","title":{"rendered":"Joachim Dierks"},"content":{"rendered":"\r\n\r\n\r\n\r\n\r\n<div class=\"wp-block-image\">\r\n<figure class=\"alignleft is-resized\"><a href=\"http:\/\/www.zebemusic.com\/wp-content\/uploads\/2020\/03\/Joachim_Portrait2-2-e1585783954816.jpg\"><img loading=\"lazy\" decoding=\"async\" class=\"alignnone size-medium wp-image-16739\" src=\"http:\/\/www.zebemusic.com\/wp-content\/uploads\/2020\/03\/Joachim_Portrait2-2-200x300.jpg\" alt=\"Joachim Dierks\" width=\"200\" height=\"300\" \/><\/a><\/figure>\r\n<\/div>\r\n\r\n\r\n\r\n<p>Joachim Dierks, 1956 in Bremen geboren, bekam mit dem 8. Lebensjahr bei einem betagten Dorfschullehrer Klavierunterricht \u2013 was bei ihm m\u00e4\u00dfige Begeisterung ausl\u00f6ste. Interessanter war da schon die Kirchenorgel und dann ab Mitte der 70er Jahren im Zuge der Akustikmusikwelle die entsprechenden Instrumente: Bass, Folkpicking-Gitarre, Bluegrassmandoline und Banjo.<\/p>\r\n\r\n\r\n\r\n<p>Mit seinem Eintritt ins Pfarramt in Marienhafe\/Ostfriesland 1983 wurde das Klavierspiel reaktiviert: in geistlicher Form stand das NGL, in weltlicher Form Blues und Rock auf dem Programm.<\/p>\r\n\r\n\r\n\r\n<p>1988 wechselte er ins Berufsschulpfarramt, zun\u00e4chst nach Alfeld und dann nach Hannover. Auch hier nahm die Musik in Form von Schulbandbetreuung und Workshops einen gro\u00dfen Raum in seinem beruflichen Alltag ein. Und die Hammond B3 wurde nun stetige Begleiterin in diversen Bluesbands.<\/p>\r\n\r\n\r\n\r\n<p>Von 2002 bis M\u00e4rz 2019 war er Pastor an der Gospelkirche in Hannover und wandte sich in dieser Zeit fast ausschlie\u00dflich der Gospelmusik zu. Neben der Begleitung der Gospelch\u00f6re lag ihm besonders die Verkn\u00fcpfung von Gospel- und Worship-Musik mit dem Gottesdienst und seiner Liturgie am Herzen. In dieser Zeit entstanden etliche Kompositionen, Gottesdienstentw\u00fcrfe, Vortr\u00e4ge und Workshops (unter anderem regelm\u00e4\u00dfig auf Gospelkirchentagen) zu diesem Thema.<\/p>\r\n\r\n\r\n\r\n<p>Mit den <em><a href=\"https:\/\/zebemusic.com\/produkt\/gospel\/songs-of-the-bible\/\">Songs of the Bible<\/a><\/em> hat er die wichtigsten seiner Kompositionen \u2013 die alle einen biblischen Bezug haben \u2013 ver\u00f6ffentlicht. Die Vielfalt seiner musikalischen Vita sind hier in der unterschiedlichen Stilistik der Songs deutlich zu sp\u00fcren. Auch hat er wesentlich an der Sammlung <em><a href=\"http:\/\/www.glorytogod.de\">Glory to God!<\/a><\/em> mitgewirkt.<\/p>\r\n\r\n\r\n\r\n<p>Seit M\u00e4rz 2019 ist Joachim Dierks Pastor im Ruhestand, aber nicht unt\u00e4tig. Mit der Corona-Krise begann er das Format <a href=\"https:\/\/www.youtube.com\/channel\/UCOVahqKXlqiQY9ukKJb0V4g\" target=\"_blank\" rel=\"noreferrer noopener\" aria-label=\" (\u00f6ffnet in neuem Tab)\">Gospelgottesdienst online<\/a> gemeinsam mit Tine Hamburger zu ver\u00f6ffentlichten.<\/p>\r\n<p style=\"text-align: right;\">Joachims Webseite: <a href=\"https:\/\/www.joachimdierks.de\/\" target=\"_blank\" rel=\"noreferrer noopener\" aria-label=\"www.joachim-dierks.de (\u00f6ffnet in neuem Tab)\"><strong>www.joachimdierks.de<\/strong><\/a><\/p>\r\n\r\n\r\n<hr \/>\r\n<h3 style=\"text-align: left;\">Joachim bei ZebeMusic:<\/h3>\r\n","protected":false},"excerpt":{"rendered":"<p>Joachim Dierks, 1956 in Bremen geboren, bekam mit dem 8. Lebensjahr bei einem betagten Dorfschullehrer Klavierunterricht \u2013 was bei ihm m\u00e4\u00dfige Begeisterung ausl\u00f6ste. Interessanter war da schon die Kirchenorgel und dann ab Mitte der 70er Jahren im Zuge der Akustikmusikwelle die entsprechenden Instrumente: Bass, Folkpicking-Gitarre, Bluegrassmandoline und Banjo. Mit seinem Eintritt ins Pfarramt in Marienhafe\/Ostfriesland [&hellip;]<\/p>\n","protected":false},"author":50,"featured_media":0,"parent":36,"menu_order":0,"comment_status":"closed","ping_status":"closed","template":"page-templates\/page-sidebar-none.php","meta":{"_acf_changed":false,"footnotes":""},"class_list":["post-16737","page","type-page","status-publish","hentry"],"acf":[],"yoast_head":"<!-- This site is optimized with the Yoast SEO plugin v27.5 - https:\/\/yoast.com\/product\/yoast-seo-wordpress\/ -->\n<title>Joachim Dierks<\/title>\n<meta name=\"description\" content=\"Komponist von Gospel- und Worship-Musik, Gospelpastor in Hannover, Workshop-Coach, Gospelgottesdienste, Autor von Gospelnoten bei ZebeMusic &gt;&gt;&gt;\" \/>\n<meta name=\"robots\" content=\"index, follow, max-snippet:-1, max-image-preview:large, max-video-preview:-1\" \/>\n<link rel=\"canonical\" href=\"https:\/\/www.zebemusic.com\/de\/ueber-uns\/autoren\/joachim-dierks\/\" \/>\n<meta property=\"og:locale\" content=\"de_DE\" \/>\n<meta property=\"og:type\" content=\"article\" \/>\n<meta property=\"og:title\" content=\"Joachim Dierks\" \/>\n<meta property=\"og:description\" content=\"Komponist von Gospel- und Worship-Musik, Gospelpastor in Hannover, Workshop-Coach, Gospelgottesdienste, Autor von Gospelnoten bei ZebeMusic &gt;&gt;&gt;\" \/>\n<meta property=\"og:url\" content=\"https:\/\/www.zebemusic.com\/de\/ueber-uns\/autoren\/joachim-dierks\/\" \/>\n<meta property=\"og:site_name\" content=\"ZebeMusic\" \/>\n<meta property=\"article:publisher\" content=\"https:\/\/www.facebook.com\/zebemusic\" \/>\n<meta property=\"article:modified_time\" content=\"2025-02-12T01:39:28+00:00\" \/>\n<meta property=\"og:image\" content=\"http:\/\/www.zebemusic.com\/wp-content\/uploads\/2020\/03\/Joachim_Portrait2-2-200x300.jpg\" \/>\n<meta name=\"twitter:card\" content=\"summary_large_image\" \/>\n<meta name=\"twitter:label1\" content=\"Est. reading time\" \/>\n\t<meta name=\"twitter:data1\" content=\"2 minutes\" \/>\n<script type=\"application\/ld+json\" class=\"yoast-schema-graph\">{\"@context\":\"https:\\\/\\\/schema.org\",\"@graph\":[{\"@type\":\"WebPage\",\"@id\":\"https:\\\/\\\/www.zebemusic.com\\\/de\\\/ueber-uns\\\/autoren\\\/joachim-dierks\\\/\",\"url\":\"https:\\\/\\\/www.zebemusic.com\\\/de\\\/ueber-uns\\\/autoren\\\/joachim-dierks\\\/\",\"name\":\"Joachim Dierks\",\"isPartOf\":{\"@id\":\"https:\\\/\\\/www.zebemusic.com\\\/de\\\/#website\"},\"primaryImageOfPage\":{\"@id\":\"https:\\\/\\\/www.zebemusic.com\\\/de\\\/ueber-uns\\\/autoren\\\/joachim-dierks\\\/#primaryimage\"},\"image\":{\"@id\":\"https:\\\/\\\/www.zebemusic.com\\\/de\\\/ueber-uns\\\/autoren\\\/joachim-dierks\\\/#primaryimage\"},\"thumbnailUrl\":\"http:\\\/\\\/www.zebemusic.com\\\/wp-content\\\/uploads\\\/2020\\\/03\\\/Joachim_Portrait2-2-200x300.jpg\",\"datePublished\":\"2020-03-31T23:02:28+00:00\",\"dateModified\":\"2025-02-12T01:39:28+00:00\",\"description\":\"Komponist von Gospel- und Worship-Musik, Gospelpastor in Hannover, Workshop-Coach, Gospelgottesdienste, Autor von Gospelnoten bei ZebeMusic >>>\",\"breadcrumb\":{\"@id\":\"https:\\\/\\\/www.zebemusic.com\\\/de\\\/ueber-uns\\\/autoren\\\/joachim-dierks\\\/#breadcrumb\"},\"inLanguage\":\"de-DE\",\"potentialAction\":[{\"@type\":\"ReadAction\",\"target\":[\"https:\\\/\\\/www.zebemusic.com\\\/de\\\/ueber-uns\\\/autoren\\\/joachim-dierks\\\/\"]}]},{\"@type\":\"ImageObject\",\"inLanguage\":\"de-DE\",\"@id\":\"https:\\\/\\\/www.zebemusic.com\\\/de\\\/ueber-uns\\\/autoren\\\/joachim-dierks\\\/#primaryimage\",\"url\":\"http:\\\/\\\/www.zebemusic.com\\\/wp-content\\\/uploads\\\/2020\\\/03\\\/Joachim_Portrait2-2-200x300.jpg\",\"contentUrl\":\"http:\\\/\\\/www.zebemusic.com\\\/wp-content\\\/uploads\\\/2020\\\/03\\\/Joachim_Portrait2-2-200x300.jpg\"},{\"@type\":\"BreadcrumbList\",\"@id\":\"https:\\\/\\\/www.zebemusic.com\\\/de\\\/ueber-uns\\\/autoren\\\/joachim-dierks\\\/#breadcrumb\",\"itemListElement\":[{\"@type\":\"ListItem\",\"position\":1,\"name\":\"\u00dcber uns\",\"item\":\"https:\\\/\\\/www.zebemusic.com\\\/de\\\/ueber-uns\\\/\"},{\"@type\":\"ListItem\",\"position\":2,\"name\":\"Autoren &#038; K\u00fcnstler\",\"item\":\"https:\\\/\\\/www.zebemusic.com\\\/de\\\/ueber-uns\\\/autoren\\\/\"},{\"@type\":\"ListItem\",\"position\":3,\"name\":\"Joachim Dierks\"}]},{\"@type\":\"WebSite\",\"@id\":\"https:\\\/\\\/www.zebemusic.com\\\/de\\\/#website\",\"url\":\"https:\\\/\\\/www.zebemusic.com\\\/de\\\/\",\"name\":\"ZebeMusic\",\"description\":\"makes you sing.\",\"publisher\":{\"@id\":\"https:\\\/\\\/www.zebemusic.com\\\/de\\\/#organization\"},\"alternateName\":\"Gospelnoten & Kindermusicals\",\"potentialAction\":[{\"@type\":\"SearchAction\",\"target\":{\"@type\":\"EntryPoint\",\"urlTemplate\":\"https:\\\/\\\/www.zebemusic.com\\\/de\\\/?s={search_term_string}\"},\"query-input\":{\"@type\":\"PropertyValueSpecification\",\"valueRequired\":true,\"valueName\":\"search_term_string\"}}],\"inLanguage\":\"de-DE\"},{\"@type\":\"Organization\",\"@id\":\"https:\\\/\\\/www.zebemusic.com\\\/de\\\/#organization\",\"name\":\"ZebeMusic\",\"url\":\"https:\\\/\\\/www.zebemusic.com\\\/de\\\/\",\"logo\":{\"@type\":\"ImageObject\",\"inLanguage\":\"de-DE\",\"@id\":\"https:\\\/\\\/www.zebemusic.com\\\/de\\\/#\\\/schema\\\/logo\\\/image\\\/\",\"url\":\"https:\\\/\\\/www.zebemusic.com\\\/wp-content\\\/uploads\\\/2025\\\/10\\\/ZEBE-Logo_ZW-makesyousing.jpg\",\"contentUrl\":\"https:\\\/\\\/www.zebemusic.com\\\/wp-content\\\/uploads\\\/2025\\\/10\\\/ZEBE-Logo_ZW-makesyousing.jpg\",\"width\":2212,\"height\":958,\"caption\":\"ZebeMusic\"},\"image\":{\"@id\":\"https:\\\/\\\/www.zebemusic.com\\\/de\\\/#\\\/schema\\\/logo\\\/image\\\/\"},\"sameAs\":[\"https:\\\/\\\/www.facebook.com\\\/zebemusic\",\"https:\\\/\\\/www.instagram.com\\\/zebemusic\",\"https:\\\/\\\/www.youtube.com\\\/zebemusicberlin\"]}]}<\/script>\n<!-- \/ Yoast SEO plugin. -->","yoast_head_json":{"title":"Joachim Dierks","description":"Komponist von Gospel- und Worship-Musik, Gospelpastor in Hannover, Workshop-Coach, Gospelgottesdienste, Autor von Gospelnoten bei ZebeMusic >>>","robots":{"index":"index","follow":"follow","max-snippet":"max-snippet:-1","max-image-preview":"max-image-preview:large","max-video-preview":"max-video-preview:-1"},"canonical":"https:\/\/www.zebemusic.com\/de\/ueber-uns\/autoren\/joachim-dierks\/","og_locale":"de_DE","og_type":"article","og_title":"Joachim Dierks","og_description":"Komponist von Gospel- und Worship-Musik, Gospelpastor in Hannover, Workshop-Coach, Gospelgottesdienste, Autor von Gospelnoten bei ZebeMusic >>>","og_url":"https:\/\/www.zebemusic.com\/de\/ueber-uns\/autoren\/joachim-dierks\/","og_site_name":"ZebeMusic","article_publisher":"https:\/\/www.facebook.com\/zebemusic","article_modified_time":"2025-02-12T01:39:28+00:00","og_image":[{"url":"http:\/\/www.zebemusic.com\/wp-content\/uploads\/2020\/03\/Joachim_Portrait2-2-200x300.jpg","type":"","width":"","height":""}],"twitter_card":"summary_large_image","twitter_misc":{"Est. reading time":"2 minutes"},"schema":{"@context":"https:\/\/schema.org","@graph":[{"@type":"WebPage","@id":"https:\/\/www.zebemusic.com\/de\/ueber-uns\/autoren\/joachim-dierks\/","url":"https:\/\/www.zebemusic.com\/de\/ueber-uns\/autoren\/joachim-dierks\/","name":"Joachim Dierks","isPartOf":{"@id":"https:\/\/www.zebemusic.com\/de\/#website"},"primaryImageOfPage":{"@id":"https:\/\/www.zebemusic.com\/de\/ueber-uns\/autoren\/joachim-dierks\/#primaryimage"},"image":{"@id":"https:\/\/www.zebemusic.com\/de\/ueber-uns\/autoren\/joachim-dierks\/#primaryimage"},"thumbnailUrl":"http:\/\/www.zebemusic.com\/wp-content\/uploads\/2020\/03\/Joachim_Portrait2-2-200x300.jpg","datePublished":"2020-03-31T23:02:28+00:00","dateModified":"2025-02-12T01:39:28+00:00","description":"Komponist von Gospel- und Worship-Musik, Gospelpastor in Hannover, Workshop-Coach, Gospelgottesdienste, Autor von Gospelnoten bei ZebeMusic >>>","breadcrumb":{"@id":"https:\/\/www.zebemusic.com\/de\/ueber-uns\/autoren\/joachim-dierks\/#breadcrumb"},"inLanguage":"de-DE","potentialAction":[{"@type":"ReadAction","target":["https:\/\/www.zebemusic.com\/de\/ueber-uns\/autoren\/joachim-dierks\/"]}]},{"@type":"ImageObject","inLanguage":"de-DE","@id":"https:\/\/www.zebemusic.com\/de\/ueber-uns\/autoren\/joachim-dierks\/#primaryimage","url":"http:\/\/www.zebemusic.com\/wp-content\/uploads\/2020\/03\/Joachim_Portrait2-2-200x300.jpg","contentUrl":"http:\/\/www.zebemusic.com\/wp-content\/uploads\/2020\/03\/Joachim_Portrait2-2-200x300.jpg"},{"@type":"BreadcrumbList","@id":"https:\/\/www.zebemusic.com\/de\/ueber-uns\/autoren\/joachim-dierks\/#breadcrumb","itemListElement":[{"@type":"ListItem","position":1,"name":"\u00dcber uns","item":"https:\/\/www.zebemusic.com\/de\/ueber-uns\/"},{"@type":"ListItem","position":2,"name":"Autoren &#038; K\u00fcnstler","item":"https:\/\/www.zebemusic.com\/de\/ueber-uns\/autoren\/"},{"@type":"ListItem","position":3,"name":"Joachim Dierks"}]},{"@type":"WebSite","@id":"https:\/\/www.zebemusic.com\/de\/#website","url":"https:\/\/www.zebemusic.com\/de\/","name":"ZebeMusic","description":"makes you sing.","publisher":{"@id":"https:\/\/www.zebemusic.com\/de\/#organization"},"alternateName":"Gospelnoten & Kindermusicals","potentialAction":[{"@type":"SearchAction","target":{"@type":"EntryPoint","urlTemplate":"https:\/\/www.zebemusic.com\/de\/?s={search_term_string}"},"query-input":{"@type":"PropertyValueSpecification","valueRequired":true,"valueName":"search_term_string"}}],"inLanguage":"de-DE"},{"@type":"Organization","@id":"https:\/\/www.zebemusic.com\/de\/#organization","name":"ZebeMusic","url":"https:\/\/www.zebemusic.com\/de\/","logo":{"@type":"ImageObject","inLanguage":"de-DE","@id":"https:\/\/www.zebemusic.com\/de\/#\/schema\/logo\/image\/","url":"https:\/\/www.zebemusic.com\/wp-content\/uploads\/2025\/10\/ZEBE-Logo_ZW-makesyousing.jpg","contentUrl":"https:\/\/www.zebemusic.com\/wp-content\/uploads\/2025\/10\/ZEBE-Logo_ZW-makesyousing.jpg","width":2212,"height":958,"caption":"ZebeMusic"},"image":{"@id":"https:\/\/www.zebemusic.com\/de\/#\/schema\/logo\/image\/"},"sameAs":["https:\/\/www.facebook.com\/zebemusic","https:\/\/www.instagram.com\/zebemusic","https:\/\/www.youtube.com\/zebemusicberlin"]}]}},"_links":{"self":[{"href":"https:\/\/www.zebemusic.com\/de\/wp-json\/wp\/v2\/pages\/16737","targetHints":{"allow":["GET"]}}],"collection":[{"href":"https:\/\/www.zebemusic.com\/de\/wp-json\/wp\/v2\/pages"}],"about":[{"href":"https:\/\/www.zebemusic.com\/de\/wp-json\/wp\/v2\/types\/page"}],"author":[{"embeddable":true,"href":"https:\/\/www.zebemusic.com\/de\/wp-json\/wp\/v2\/users\/50"}],"replies":[{"embeddable":true,"href":"https:\/\/www.zebemusic.com\/de\/wp-json\/wp\/v2\/comments?post=16737"}],"version-history":[{"count":17,"href":"https:\/\/www.zebemusic.com\/de\/wp-json\/wp\/v2\/pages\/16737\/revisions"}],"predecessor-version":[{"id":22972,"href":"https:\/\/www.zebemusic.com\/de\/wp-json\/wp\/v2\/pages\/16737\/revisions\/22972"}],"up":[{"embeddable":true,"href":"https:\/\/www.zebemusic.com\/de\/wp-json\/wp\/v2\/pages\/36"}],"wp:attachment":[{"href":"https:\/\/www.zebemusic.com\/de\/wp-json\/wp\/v2\/media?parent=16737"}],"curies":[{"name":"wp","href":"https:\/\/api.w.org\/{rel}","templated":true}]}}