{"id":16789,"date":"2020-04-02T00:50:56","date_gmt":"2020-04-01T23:50:56","guid":{"rendered":"https:\/\/www.zebemusic.com\/?page_id=16789"},"modified":"2026-04-07T20:48:30","modified_gmt":"2026-04-07T19:48:30","slug":"markus-gueck","status":"publish","type":"page","link":"https:\/\/www.zebemusic.com\/de\/markus-gueck\/","title":{"rendered":"Markus G\u00fcck"},"content":{"rendered":"\r\n<div class=\"wp-block-image\">\r\n<figure class=\"alignleft is-resized\"><img loading=\"lazy\" decoding=\"async\" class=\"wp-image-16788\" src=\"https:\/\/zebemusic.com\/wp-content\/uploads\/2020\/04\/Markus-solo-quadr-728x1024.jpg\" alt=\"Markus G\u00fcck\" width=\"262\" height=\"368\" \/><\/figure>\r\n<\/div>\r\n\r\n\r\n\r\n<p>Markus G\u00fcck, Jahrgang 1974, stammt aus Kassel, wo er seit seinem 11. Lebensjahr Oboenunterricht erh\u00e4lt und sowohl im kirchenmusikalischen Bereich als auch in Schulmusicalproduktionen pr\u00e4gende Erfahrungen sammelt. Mit 16 Jahren beginnt er eine Chorleiterausbildung in Schl\u00fcchtern, die sp\u00e4ter durch die Weiterbildung zum C-Kantor f\u00fcr Popularmusik erg\u00e4nzt wird. Es entstehen erste Kompositionen f\u00fcr Band, Musicalsongs und Chorarrangements. Ab 1996 studiert Markus G\u00fcck Schulmusik an der Hochschule f\u00fcr Musik Mainz, sp\u00e4ter folgt bis 2001 das Diplom- Studium. In diesen Jahren pr\u00e4gen sowohl klassische Projekte die Ausbildung (Oboe, Ensembleleitung, Gesang), aber immer auch Popularmusik (Saxophon, Piano), Jazz und Gospel im Besonderen.<\/p>\r\n\r\n\r\n\r\n<p>Von 2000 bis 2016 leitete Markus G\u00fcck das Vokalensemble <em><a href=\"http:\/\/www.prismaten.de\/\">Prisma vokal<\/a><\/em>, mit dem er ein im Rhein-Main-Gebiet einzigartiges Profil &#8220;GospelJazz&#8221; entwickelt. Seine Arrangements f\u00fcr den Chor werden jahrelang im Spannungsfeld Konzert und Gottesdienst aufgef\u00fchrt, sp\u00e4ter auch aufgenommen.<\/p>\r\n<p>Markus G\u00fcck arbeitet seit 2003 als Lehrer an einem Wiesbadener Gymnasium mit Schwerpunkt Musik, wo er die \u00fcberregional renommierte BigBand der Jazzabteilung leitet. In seiner Kirchengemeinde (Auferstehungskirche Mainz) nimmt er die kirchenmusikalische Leitung wahr und arrangiert f\u00fcr unterschiedliche Gruppierungen (Band <em>CrossOver<\/em>, Streicherensemble, Kinderchor, Kindermusical). Daneben ist er in neuen Ensembles musikalisch aktiv, etwa als Pianist mit dem <em>Sacred Jazz Quartett<\/em> oder als S\u00e4nger und Pianist mit dem Vokaltrio <em><a href=\"https:\/\/goodcompany-mainz.jimdofree.com\/\">GoodCompany<\/a><\/em>.<\/p>\r\n\r\n\r\n\r\n\r\n\r\n<p>Schwerpunkt seiner Arbeit ist die kreative Verbindung musikalischer Genres und ihrer Musiker im Sinne einer lebendigen Begegnung: das gilt f\u00fcr Konzert ebenso wie f\u00fcr Klassenraum oder Gottesdienst.<\/p>\r\n<p>Markus bei ZebeMusic:<\/p>\r\n","protected":false},"excerpt":{"rendered":"<p>Markus G\u00fcck, Jahrgang 1974, stammt aus Kassel, wo er seit seinem 11. Lebensjahr Oboenunterricht erh\u00e4lt und sowohl im kirchenmusikalischen Bereich als auch in Schulmusicalproduktionen pr\u00e4gende Erfahrungen sammelt. Mit 16 Jahren beginnt er eine Chorleiterausbildung in Schl\u00fcchtern, die sp\u00e4ter durch die Weiterbildung zum C-Kantor f\u00fcr Popularmusik erg\u00e4nzt wird. Es entstehen erste Kompositionen f\u00fcr Band, Musicalsongs und [&hellip;]<\/p>\n","protected":false},"author":50,"featured_media":0,"parent":0,"menu_order":0,"comment_status":"closed","ping_status":"closed","template":"page-templates\/page-sidebar-none.php","meta":{"_acf_changed":false,"footnotes":""},"class_list":["post-16789","page","type-page","status-publish","hentry"],"acf":[],"yoast_head":"<!-- This site is optimized with the Yoast SEO plugin v27.5 - https:\/\/yoast.com\/product\/yoast-seo-wordpress\/ -->\n<title>Markus G\u00fcck<\/title>\n<meta name=\"description\" content=\"Komponist und Musiker aus Mainz. G\u00fcck pr\u00e4gt die musikalische Szene zwischen Jazz und Gospel (Gospeljazz) DEMO &gt;&gt;&gt;\" \/>\n<meta name=\"robots\" content=\"index, follow, max-snippet:-1, max-image-preview:large, max-video-preview:-1\" \/>\n<link rel=\"canonical\" href=\"https:\/\/www.zebemusic.com\/de\/markus-gueck\/\" \/>\n<meta property=\"og:locale\" content=\"de_DE\" \/>\n<meta property=\"og:type\" content=\"article\" \/>\n<meta property=\"og:title\" content=\"Markus G\u00fcck\" \/>\n<meta property=\"og:description\" content=\"Komponist und Musiker aus Mainz. G\u00fcck pr\u00e4gt die musikalische Szene zwischen Jazz und Gospel (Gospeljazz) DEMO &gt;&gt;&gt;\" \/>\n<meta property=\"og:url\" content=\"https:\/\/www.zebemusic.com\/de\/markus-gueck\/\" \/>\n<meta property=\"og:site_name\" content=\"ZebeMusic\" \/>\n<meta property=\"article:publisher\" content=\"https:\/\/www.facebook.com\/zebemusic\" \/>\n<meta property=\"article:modified_time\" content=\"2026-04-07T19:48:30+00:00\" \/>\n<meta property=\"og:image\" content=\"https:\/\/www.zebemusic.com\/wp-content\/uploads\/2020\/04\/Markus-solo-quadr-e1753293594909.jpg\" \/>\n\t<meta property=\"og:image:width\" content=\"356\" \/>\n\t<meta property=\"og:image:height\" content=\"447\" \/>\n\t<meta property=\"og:image:type\" content=\"image\/jpeg\" \/>\n<meta name=\"twitter:card\" content=\"summary_large_image\" \/>\n<meta name=\"twitter:label1\" content=\"Est. reading time\" \/>\n\t<meta name=\"twitter:data1\" content=\"2 minutes\" \/>\n<script type=\"application\/ld+json\" class=\"yoast-schema-graph\">{\"@context\":\"https:\\\/\\\/schema.org\",\"@graph\":[{\"@type\":\"WebPage\",\"@id\":\"https:\\\/\\\/www.zebemusic.com\\\/de\\\/markus-gueck\\\/\",\"url\":\"https:\\\/\\\/www.zebemusic.com\\\/de\\\/markus-gueck\\\/\",\"name\":\"Markus G\u00fcck\",\"isPartOf\":{\"@id\":\"https:\\\/\\\/www.zebemusic.com\\\/de\\\/#website\"},\"primaryImageOfPage\":{\"@id\":\"https:\\\/\\\/www.zebemusic.com\\\/de\\\/markus-gueck\\\/#primaryimage\"},\"image\":{\"@id\":\"https:\\\/\\\/www.zebemusic.com\\\/de\\\/markus-gueck\\\/#primaryimage\"},\"thumbnailUrl\":\"https:\\\/\\\/zebemusic.com\\\/wp-content\\\/uploads\\\/2020\\\/04\\\/Markus-solo-quadr-728x1024.jpg\",\"datePublished\":\"2020-04-01T23:50:56+00:00\",\"dateModified\":\"2026-04-07T19:48:30+00:00\",\"description\":\"Komponist und Musiker aus Mainz. G\u00fcck pr\u00e4gt die musikalische Szene zwischen Jazz und Gospel (Gospeljazz) DEMO >>>\",\"inLanguage\":\"de-DE\",\"potentialAction\":[{\"@type\":\"ReadAction\",\"target\":[\"https:\\\/\\\/www.zebemusic.com\\\/de\\\/markus-gueck\\\/\"]}]},{\"@type\":\"ImageObject\",\"inLanguage\":\"de-DE\",\"@id\":\"https:\\\/\\\/www.zebemusic.com\\\/de\\\/markus-gueck\\\/#primaryimage\",\"url\":\"https:\\\/\\\/zebemusic.com\\\/wp-content\\\/uploads\\\/2020\\\/04\\\/Markus-solo-quadr-728x1024.jpg\",\"contentUrl\":\"https:\\\/\\\/zebemusic.com\\\/wp-content\\\/uploads\\\/2020\\\/04\\\/Markus-solo-quadr-728x1024.jpg\"},{\"@type\":\"WebSite\",\"@id\":\"https:\\\/\\\/www.zebemusic.com\\\/de\\\/#website\",\"url\":\"https:\\\/\\\/www.zebemusic.com\\\/de\\\/\",\"name\":\"ZebeMusic\",\"description\":\"makes you sing.\",\"publisher\":{\"@id\":\"https:\\\/\\\/www.zebemusic.com\\\/de\\\/#organization\"},\"alternateName\":\"Gospelnoten & Kindermusicals\",\"potentialAction\":[{\"@type\":\"SearchAction\",\"target\":{\"@type\":\"EntryPoint\",\"urlTemplate\":\"https:\\\/\\\/www.zebemusic.com\\\/de\\\/?s={search_term_string}\"},\"query-input\":{\"@type\":\"PropertyValueSpecification\",\"valueRequired\":true,\"valueName\":\"search_term_string\"}}],\"inLanguage\":\"de-DE\"},{\"@type\":\"Organization\",\"@id\":\"https:\\\/\\\/www.zebemusic.com\\\/de\\\/#organization\",\"name\":\"ZebeMusic\",\"url\":\"https:\\\/\\\/www.zebemusic.com\\\/de\\\/\",\"logo\":{\"@type\":\"ImageObject\",\"inLanguage\":\"de-DE\",\"@id\":\"https:\\\/\\\/www.zebemusic.com\\\/de\\\/#\\\/schema\\\/logo\\\/image\\\/\",\"url\":\"https:\\\/\\\/www.zebemusic.com\\\/wp-content\\\/uploads\\\/2025\\\/10\\\/ZEBE-Logo_ZW-makesyousing.jpg\",\"contentUrl\":\"https:\\\/\\\/www.zebemusic.com\\\/wp-content\\\/uploads\\\/2025\\\/10\\\/ZEBE-Logo_ZW-makesyousing.jpg\",\"width\":2212,\"height\":958,\"caption\":\"ZebeMusic\"},\"image\":{\"@id\":\"https:\\\/\\\/www.zebemusic.com\\\/de\\\/#\\\/schema\\\/logo\\\/image\\\/\"},\"sameAs\":[\"https:\\\/\\\/www.facebook.com\\\/zebemusic\",\"https:\\\/\\\/www.instagram.com\\\/zebemusic\",\"https:\\\/\\\/www.youtube.com\\\/zebemusicberlin\"]}]}<\/script>\n<!-- \/ Yoast SEO plugin. -->","yoast_head_json":{"title":"Markus G\u00fcck","description":"Komponist und Musiker aus Mainz. G\u00fcck pr\u00e4gt die musikalische Szene zwischen Jazz und Gospel (Gospeljazz) DEMO >>>","robots":{"index":"index","follow":"follow","max-snippet":"max-snippet:-1","max-image-preview":"max-image-preview:large","max-video-preview":"max-video-preview:-1"},"canonical":"https:\/\/www.zebemusic.com\/de\/markus-gueck\/","og_locale":"de_DE","og_type":"article","og_title":"Markus G\u00fcck","og_description":"Komponist und Musiker aus Mainz. G\u00fcck pr\u00e4gt die musikalische Szene zwischen Jazz und Gospel (Gospeljazz) DEMO >>>","og_url":"https:\/\/www.zebemusic.com\/de\/markus-gueck\/","og_site_name":"ZebeMusic","article_publisher":"https:\/\/www.facebook.com\/zebemusic","article_modified_time":"2026-04-07T19:48:30+00:00","og_image":[{"width":356,"height":447,"url":"https:\/\/www.zebemusic.com\/wp-content\/uploads\/2020\/04\/Markus-solo-quadr-e1753293594909.jpg","type":"image\/jpeg"}],"twitter_card":"summary_large_image","twitter_misc":{"Est. reading time":"2 minutes"},"schema":{"@context":"https:\/\/schema.org","@graph":[{"@type":"WebPage","@id":"https:\/\/www.zebemusic.com\/de\/markus-gueck\/","url":"https:\/\/www.zebemusic.com\/de\/markus-gueck\/","name":"Markus G\u00fcck","isPartOf":{"@id":"https:\/\/www.zebemusic.com\/de\/#website"},"primaryImageOfPage":{"@id":"https:\/\/www.zebemusic.com\/de\/markus-gueck\/#primaryimage"},"image":{"@id":"https:\/\/www.zebemusic.com\/de\/markus-gueck\/#primaryimage"},"thumbnailUrl":"https:\/\/zebemusic.com\/wp-content\/uploads\/2020\/04\/Markus-solo-quadr-728x1024.jpg","datePublished":"2020-04-01T23:50:56+00:00","dateModified":"2026-04-07T19:48:30+00:00","description":"Komponist und Musiker aus Mainz. G\u00fcck pr\u00e4gt die musikalische Szene zwischen Jazz und Gospel (Gospeljazz) DEMO >>>","inLanguage":"de-DE","potentialAction":[{"@type":"ReadAction","target":["https:\/\/www.zebemusic.com\/de\/markus-gueck\/"]}]},{"@type":"ImageObject","inLanguage":"de-DE","@id":"https:\/\/www.zebemusic.com\/de\/markus-gueck\/#primaryimage","url":"https:\/\/zebemusic.com\/wp-content\/uploads\/2020\/04\/Markus-solo-quadr-728x1024.jpg","contentUrl":"https:\/\/zebemusic.com\/wp-content\/uploads\/2020\/04\/Markus-solo-quadr-728x1024.jpg"},{"@type":"WebSite","@id":"https:\/\/www.zebemusic.com\/de\/#website","url":"https:\/\/www.zebemusic.com\/de\/","name":"ZebeMusic","description":"makes you sing.","publisher":{"@id":"https:\/\/www.zebemusic.com\/de\/#organization"},"alternateName":"Gospelnoten & Kindermusicals","potentialAction":[{"@type":"SearchAction","target":{"@type":"EntryPoint","urlTemplate":"https:\/\/www.zebemusic.com\/de\/?s={search_term_string}"},"query-input":{"@type":"PropertyValueSpecification","valueRequired":true,"valueName":"search_term_string"}}],"inLanguage":"de-DE"},{"@type":"Organization","@id":"https:\/\/www.zebemusic.com\/de\/#organization","name":"ZebeMusic","url":"https:\/\/www.zebemusic.com\/de\/","logo":{"@type":"ImageObject","inLanguage":"de-DE","@id":"https:\/\/www.zebemusic.com\/de\/#\/schema\/logo\/image\/","url":"https:\/\/www.zebemusic.com\/wp-content\/uploads\/2025\/10\/ZEBE-Logo_ZW-makesyousing.jpg","contentUrl":"https:\/\/www.zebemusic.com\/wp-content\/uploads\/2025\/10\/ZEBE-Logo_ZW-makesyousing.jpg","width":2212,"height":958,"caption":"ZebeMusic"},"image":{"@id":"https:\/\/www.zebemusic.com\/de\/#\/schema\/logo\/image\/"},"sameAs":["https:\/\/www.facebook.com\/zebemusic","https:\/\/www.instagram.com\/zebemusic","https:\/\/www.youtube.com\/zebemusicberlin"]}]}},"_links":{"self":[{"href":"https:\/\/www.zebemusic.com\/de\/wp-json\/wp\/v2\/pages\/16789","targetHints":{"allow":["GET"]}}],"collection":[{"href":"https:\/\/www.zebemusic.com\/de\/wp-json\/wp\/v2\/pages"}],"about":[{"href":"https:\/\/www.zebemusic.com\/de\/wp-json\/wp\/v2\/types\/page"}],"author":[{"embeddable":true,"href":"https:\/\/www.zebemusic.com\/de\/wp-json\/wp\/v2\/users\/50"}],"replies":[{"embeddable":true,"href":"https:\/\/www.zebemusic.com\/de\/wp-json\/wp\/v2\/comments?post=16789"}],"version-history":[{"count":5,"href":"https:\/\/www.zebemusic.com\/de\/wp-json\/wp\/v2\/pages\/16789\/revisions"}],"predecessor-version":[{"id":31604,"href":"https:\/\/www.zebemusic.com\/de\/wp-json\/wp\/v2\/pages\/16789\/revisions\/31604"}],"wp:attachment":[{"href":"https:\/\/www.zebemusic.com\/de\/wp-json\/wp\/v2\/media?parent=16789"}],"curies":[{"name":"wp","href":"https:\/\/api.w.org\/{rel}","templated":true}]}}