{"id":1699,"date":"2014-03-25T11:45:45","date_gmt":"2014-03-25T09:45:45","guid":{"rendered":"http:\/\/zebemusic.smukkeberg.com\/?page_id=1699"},"modified":"2026-04-20T15:47:20","modified_gmt":"2026-04-20T14:47:20","slug":"gospelworkshops","status":"publish","type":"page","link":"https:\/\/www.zebemusic.com\/de\/information\/gospelworkshops\/","title":{"rendered":"Chor-Workshops"},"content":{"rendered":"<p>&nbsp;<\/p>\n<p><a href=\"https:\/\/zebemusic.com\/wp-content\/uploads\/2024\/01\/stephan01.jpg\"><img loading=\"lazy\" decoding=\"async\" class=\"alignnone wp-image-20909\" src=\"https:\/\/zebemusic.com\/wp-content\/uploads\/2024\/01\/stephan01-229x300.jpg\" alt=\"Gospelworkshops\" width=\"174\" height=\"228\" srcset=\"https:\/\/www.zebemusic.com\/wp-content\/uploads\/2024\/01\/stephan01-229x300.jpg 229w, https:\/\/www.zebemusic.com\/wp-content\/uploads\/2024\/01\/stephan01-115x150.jpg 115w, https:\/\/www.zebemusic.com\/wp-content\/uploads\/2024\/01\/stephan01-200x262.jpg 200w, https:\/\/www.zebemusic.com\/wp-content\/uploads\/2024\/01\/stephan01.jpg 410w\" sizes=\"auto, (max-width: 174px) 100vw, 174px\" \/><\/a><\/p>\n<h3><a href=\"https:\/\/www.zebemusic.com\/de\/gospelworkshops-popchor\/\" target=\"_blank\" rel=\"noopener noreferrer\"><strong>Chor-Workshops mit Stephan Zebe<\/strong><\/a><\/h3>\n<p>Musikalische Erlebnisse, ber\u00fchrende Songs, jede Menge Spa\u00df und zum Abschluss ein gemeinsamer Gottesdienst mit deiner ganzen Gemeinde. Stephan ist regelm\u00e4\u00dfig in Deutschland unterwegs.<\/p>\n<p>Infos auf <a href=\"https:\/\/www.zebemusic.com\/de\/gospelworkshops-popchor\/\" rel=\"noopener noreferrer\">www.zebemusic.com\/de\/gospelworkshops<\/a><br \/>\nTel.: 030 &#8211; 310 167 50<br \/>\nEmail: <a href=\"mailto:info@zebemusic.com\">info@zebemusic.com<\/a><\/p>\n<p>&nbsp;<\/p>\n<hr \/>\n<h3><\/h3>\n<h3><a href=\"http:\/\/www.gospel-workshop.de\"><img loading=\"lazy\" decoding=\"async\" class=\"alignnone wp-image-6143\" src=\"https:\/\/zebemusic.com\/wp-content\/uploads\/2015\/05\/niko_schlenker.jpg\" alt=\"\" width=\"185\" height=\"166\" srcset=\"https:\/\/www.zebemusic.com\/wp-content\/uploads\/2015\/05\/niko_schlenker.jpg 250w, https:\/\/www.zebemusic.com\/wp-content\/uploads\/2015\/05\/niko_schlenker-200x179.jpg 200w, https:\/\/www.zebemusic.com\/wp-content\/uploads\/2015\/05\/niko_schlenker-150x134.jpg 150w, https:\/\/www.zebemusic.com\/wp-content\/uploads\/2015\/05\/niko_schlenker-60x54.jpg 60w\" sizes=\"auto, (max-width: 185px) 100vw, 185px\" \/><\/a><\/h3>\n<h3><a href=\"http:\/\/www.gospel-workshop.de\" target=\"_blank\" rel=\"noopener noreferrer\"><strong>Niko Schlenker als Coach in Deinem Chor!<\/strong><\/a><\/h3>\n<p>Coole Grooves, perfektes, mitrei\u00dfendes Klavierspiel, neue Songs &#8211; das ist Nikos Welt.<br \/>\nHol dir einen der ganz Gro\u00dfen der europ\u00e4ischen Gospel-Szene in deine Stadt!<\/p>\n<p>Alle Infos auf <a title=\"Gospel-Workshops mit Niko Schlenker\" href=\"http:\/\/www.gospel-workshop.de\" target=\"_blank\" rel=\"noopener noreferrer\">www.gospel-workshop.de<br \/>\n<\/a>Tel: 02295 \/ 90 93 93 3<br \/>\nEmail: <a class=\"moz-txt-link-abbreviated\" href=\"mailto:schlenkermusic@gmail.com\">schlenkermusic@gmail.com<\/a><\/p>\n<p>&nbsp;<\/p>\n<hr \/>\n<p>&nbsp;<\/p>\n<h3><a href=\"https:\/\/zebemusic.com\/gospelworkshops-jan-meyer\/\"><img loading=\"lazy\" decoding=\"async\" class=\"alignnone wp-image-8391\" src=\"https:\/\/zebemusic.com\/wp-content\/uploads\/2019\/01\/Meyer-224x300.jpg\" alt=\"\" width=\"162\" height=\"217\" srcset=\"https:\/\/www.zebemusic.com\/wp-content\/uploads\/2019\/01\/Meyer-224x300.jpg 224w, https:\/\/www.zebemusic.com\/wp-content\/uploads\/2019\/01\/Meyer-200x267.jpg 200w, https:\/\/www.zebemusic.com\/wp-content\/uploads\/2019\/01\/Meyer-112x150.jpg 112w, https:\/\/www.zebemusic.com\/wp-content\/uploads\/2019\/01\/Meyer-60x80.jpg 60w, https:\/\/www.zebemusic.com\/wp-content\/uploads\/2019\/01\/Meyer.jpg 424w\" sizes=\"auto, (max-width: 162px) 100vw, 162px\" \/><\/a><\/h3>\n<h3><a href=\"\/gospelworkshops-jan-meyer\" target=\"_blank\" rel=\"noopener noreferrer\"><strong>Direkt aus der Gospelkirche in deine Gemeinde &#8211; Jan Meyer!<\/strong><\/a><\/h3>\n<p>Songs f\u00fcr Gospelgottesdienste und Konzerte, bew\u00e4hrte und beliebte Kompositionen zum Mitsingen, neue St\u00fccke und Singen aus GLORY TO GOD! sind Markenzeichen dieses jungen, leidenschaftlichen Gospelmusikers.<\/p>\n<p>Alle Infos auf <a title=\"Gospel-Workshops mit Niko Schlenker\" href=\"http:\/\/www.meyer-jan.de\/workshops-mehr\/\" target=\"_blank\" rel=\"noopener noreferrer\">www.meyer-jan.de<\/a><br \/>\nEmail: <a href=\"mailto:musik@meyer-jan.de\">musik@meyer-jan.de<\/a><\/p>\n","protected":false},"excerpt":{"rendered":"<p>&nbsp; Chor-Workshops mit Stephan Zebe Musikalische Erlebnisse, ber\u00fchrende Songs, jede Menge Spa\u00df und zum Abschluss ein gemeinsamer Gottesdienst mit deiner ganzen Gemeinde. Stephan ist regelm\u00e4\u00dfig in Deutschland unterwegs. Infos auf www.zebemusic.com\/de\/gospelworkshops Tel.: 030 &#8211; 310 167 50 Email: info@zebemusic.com &nbsp; Niko Schlenker als Coach in Deinem Chor! Coole Grooves, perfektes, mitrei\u00dfendes Klavierspiel, neue Songs &#8211; [&hellip;]<\/p>\n","protected":false},"author":50,"featured_media":0,"parent":47,"menu_order":0,"comment_status":"closed","ping_status":"closed","template":"page-templates\/page-sidebar-none.php","meta":{"_acf_changed":false,"footnotes":""},"class_list":["post-1699","page","type-page","status-publish","hentry"],"acf":[],"yoast_head":"<!-- This site is optimized with the Yoast SEO plugin v27.5 - https:\/\/yoast.com\/product\/yoast-seo-wordpress\/ -->\n<title>Gospel-Workshops f\u00fcr Ch\u00f6re!<\/title>\n<meta name=\"description\" content=\"Hier findest Du den GOSPELWORKSHOP-COACH F\u00dcR DEINEN CHOR! Mitrei\u00dfende Songs, grooviges Klavierspiel, professionelle Chorleitung und garantiert gute Laune!\" \/>\n<meta name=\"robots\" content=\"index, follow, max-snippet:-1, max-image-preview:large, max-video-preview:-1\" \/>\n<link rel=\"canonical\" href=\"https:\/\/www.zebemusic.com\/de\/information\/gospelworkshops\/\" \/>\n<meta property=\"og:locale\" content=\"de_DE\" \/>\n<meta property=\"og:type\" content=\"article\" \/>\n<meta property=\"og:title\" content=\"Gospel-Workshops f\u00fcr Ch\u00f6re!\" \/>\n<meta property=\"og:description\" content=\"Hier findest Du den GOSPELWORKSHOP-COACH F\u00dcR DEINEN CHOR! Mitrei\u00dfende Songs, grooviges Klavierspiel, professionelle Chorleitung und garantiert gute Laune!\" \/>\n<meta property=\"og:url\" content=\"https:\/\/www.zebemusic.com\/de\/information\/gospelworkshops\/\" \/>\n<meta property=\"og:site_name\" content=\"ZebeMusic\" \/>\n<meta property=\"article:publisher\" content=\"https:\/\/www.facebook.com\/zebemusic\" \/>\n<meta property=\"article:modified_time\" content=\"2026-04-20T14:47:20+00:00\" \/>\n<meta property=\"og:image\" content=\"https:\/\/www.zebemusic.com\/wp-content\/uploads\/2024\/01\/stephan01.jpg\" \/>\n\t<meta property=\"og:image:width\" content=\"410\" \/>\n\t<meta property=\"og:image:height\" content=\"537\" \/>\n\t<meta property=\"og:image:type\" content=\"image\/jpeg\" \/>\n<meta name=\"twitter:card\" content=\"summary_large_image\" \/>\n<meta name=\"twitter:label1\" content=\"Est. reading time\" \/>\n\t<meta name=\"twitter:data1\" content=\"2 minutes\" \/>\n<script type=\"application\/ld+json\" class=\"yoast-schema-graph\">{\"@context\":\"https:\\\/\\\/schema.org\",\"@graph\":[{\"@type\":\"WebPage\",\"@id\":\"https:\\\/\\\/www.zebemusic.com\\\/de\\\/information\\\/gospelworkshops\\\/\",\"url\":\"https:\\\/\\\/www.zebemusic.com\\\/de\\\/information\\\/gospelworkshops\\\/\",\"name\":\"Gospel-Workshops f\u00fcr Ch\u00f6re!\",\"isPartOf\":{\"@id\":\"https:\\\/\\\/www.zebemusic.com\\\/de\\\/#website\"},\"primaryImageOfPage\":{\"@id\":\"https:\\\/\\\/www.zebemusic.com\\\/de\\\/information\\\/gospelworkshops\\\/#primaryimage\"},\"image\":{\"@id\":\"https:\\\/\\\/www.zebemusic.com\\\/de\\\/information\\\/gospelworkshops\\\/#primaryimage\"},\"thumbnailUrl\":\"https:\\\/\\\/zebemusic.com\\\/wp-content\\\/uploads\\\/2024\\\/01\\\/stephan01-229x300.jpg\",\"datePublished\":\"2014-03-25T09:45:45+00:00\",\"dateModified\":\"2026-04-20T14:47:20+00:00\",\"description\":\"Hier findest Du den GOSPELWORKSHOP-COACH F\u00dcR DEINEN CHOR! Mitrei\u00dfende Songs, grooviges Klavierspiel, professionelle Chorleitung und garantiert gute Laune!\",\"breadcrumb\":{\"@id\":\"https:\\\/\\\/www.zebemusic.com\\\/de\\\/information\\\/gospelworkshops\\\/#breadcrumb\"},\"inLanguage\":\"de-DE\",\"potentialAction\":[{\"@type\":\"ReadAction\",\"target\":[\"https:\\\/\\\/www.zebemusic.com\\\/de\\\/information\\\/gospelworkshops\\\/\"]}]},{\"@type\":\"ImageObject\",\"inLanguage\":\"de-DE\",\"@id\":\"https:\\\/\\\/www.zebemusic.com\\\/de\\\/information\\\/gospelworkshops\\\/#primaryimage\",\"url\":\"https:\\\/\\\/zebemusic.com\\\/wp-content\\\/uploads\\\/2024\\\/01\\\/stephan01-229x300.jpg\",\"contentUrl\":\"https:\\\/\\\/zebemusic.com\\\/wp-content\\\/uploads\\\/2024\\\/01\\\/stephan01-229x300.jpg\"},{\"@type\":\"BreadcrumbList\",\"@id\":\"https:\\\/\\\/www.zebemusic.com\\\/de\\\/information\\\/gospelworkshops\\\/#breadcrumb\",\"itemListElement\":[{\"@type\":\"ListItem\",\"position\":1,\"name\":\"Information\",\"item\":\"https:\\\/\\\/www.zebemusic.com\\\/please-choose\\\/\"},{\"@type\":\"ListItem\",\"position\":2,\"name\":\"Chor-Workshops\"}]},{\"@type\":\"WebSite\",\"@id\":\"https:\\\/\\\/www.zebemusic.com\\\/de\\\/#website\",\"url\":\"https:\\\/\\\/www.zebemusic.com\\\/de\\\/\",\"name\":\"ZebeMusic\",\"description\":\"makes you sing.\",\"publisher\":{\"@id\":\"https:\\\/\\\/www.zebemusic.com\\\/de\\\/#organization\"},\"alternateName\":\"Gospelnoten & Kindermusicals\",\"potentialAction\":[{\"@type\":\"SearchAction\",\"target\":{\"@type\":\"EntryPoint\",\"urlTemplate\":\"https:\\\/\\\/www.zebemusic.com\\\/de\\\/?s={search_term_string}\"},\"query-input\":{\"@type\":\"PropertyValueSpecification\",\"valueRequired\":true,\"valueName\":\"search_term_string\"}}],\"inLanguage\":\"de-DE\"},{\"@type\":\"Organization\",\"@id\":\"https:\\\/\\\/www.zebemusic.com\\\/de\\\/#organization\",\"name\":\"ZebeMusic\",\"url\":\"https:\\\/\\\/www.zebemusic.com\\\/de\\\/\",\"logo\":{\"@type\":\"ImageObject\",\"inLanguage\":\"de-DE\",\"@id\":\"https:\\\/\\\/www.zebemusic.com\\\/de\\\/#\\\/schema\\\/logo\\\/image\\\/\",\"url\":\"https:\\\/\\\/www.zebemusic.com\\\/wp-content\\\/uploads\\\/2025\\\/10\\\/ZEBE-Logo_ZW-makesyousing.jpg\",\"contentUrl\":\"https:\\\/\\\/www.zebemusic.com\\\/wp-content\\\/uploads\\\/2025\\\/10\\\/ZEBE-Logo_ZW-makesyousing.jpg\",\"width\":2212,\"height\":958,\"caption\":\"ZebeMusic\"},\"image\":{\"@id\":\"https:\\\/\\\/www.zebemusic.com\\\/de\\\/#\\\/schema\\\/logo\\\/image\\\/\"},\"sameAs\":[\"https:\\\/\\\/www.facebook.com\\\/zebemusic\",\"https:\\\/\\\/www.instagram.com\\\/zebemusic\",\"https:\\\/\\\/www.youtube.com\\\/zebemusicberlin\"]}]}<\/script>\n<!-- \/ Yoast SEO plugin. -->","yoast_head_json":{"title":"Gospel-Workshops f\u00fcr Ch\u00f6re!","description":"Hier findest Du den GOSPELWORKSHOP-COACH F\u00dcR DEINEN CHOR! Mitrei\u00dfende Songs, grooviges Klavierspiel, professionelle Chorleitung und garantiert gute Laune!","robots":{"index":"index","follow":"follow","max-snippet":"max-snippet:-1","max-image-preview":"max-image-preview:large","max-video-preview":"max-video-preview:-1"},"canonical":"https:\/\/www.zebemusic.com\/de\/information\/gospelworkshops\/","og_locale":"de_DE","og_type":"article","og_title":"Gospel-Workshops f\u00fcr Ch\u00f6re!","og_description":"Hier findest Du den GOSPELWORKSHOP-COACH F\u00dcR DEINEN CHOR! Mitrei\u00dfende Songs, grooviges Klavierspiel, professionelle Chorleitung und garantiert gute Laune!","og_url":"https:\/\/www.zebemusic.com\/de\/information\/gospelworkshops\/","og_site_name":"ZebeMusic","article_publisher":"https:\/\/www.facebook.com\/zebemusic","article_modified_time":"2026-04-20T14:47:20+00:00","og_image":[{"width":410,"height":537,"url":"https:\/\/www.zebemusic.com\/wp-content\/uploads\/2024\/01\/stephan01.jpg","type":"image\/jpeg"}],"twitter_card":"summary_large_image","twitter_misc":{"Est. reading time":"2 minutes"},"schema":{"@context":"https:\/\/schema.org","@graph":[{"@type":"WebPage","@id":"https:\/\/www.zebemusic.com\/de\/information\/gospelworkshops\/","url":"https:\/\/www.zebemusic.com\/de\/information\/gospelworkshops\/","name":"Gospel-Workshops f\u00fcr Ch\u00f6re!","isPartOf":{"@id":"https:\/\/www.zebemusic.com\/de\/#website"},"primaryImageOfPage":{"@id":"https:\/\/www.zebemusic.com\/de\/information\/gospelworkshops\/#primaryimage"},"image":{"@id":"https:\/\/www.zebemusic.com\/de\/information\/gospelworkshops\/#primaryimage"},"thumbnailUrl":"https:\/\/zebemusic.com\/wp-content\/uploads\/2024\/01\/stephan01-229x300.jpg","datePublished":"2014-03-25T09:45:45+00:00","dateModified":"2026-04-20T14:47:20+00:00","description":"Hier findest Du den GOSPELWORKSHOP-COACH F\u00dcR DEINEN CHOR! Mitrei\u00dfende Songs, grooviges Klavierspiel, professionelle Chorleitung und garantiert gute Laune!","breadcrumb":{"@id":"https:\/\/www.zebemusic.com\/de\/information\/gospelworkshops\/#breadcrumb"},"inLanguage":"de-DE","potentialAction":[{"@type":"ReadAction","target":["https:\/\/www.zebemusic.com\/de\/information\/gospelworkshops\/"]}]},{"@type":"ImageObject","inLanguage":"de-DE","@id":"https:\/\/www.zebemusic.com\/de\/information\/gospelworkshops\/#primaryimage","url":"https:\/\/zebemusic.com\/wp-content\/uploads\/2024\/01\/stephan01-229x300.jpg","contentUrl":"https:\/\/zebemusic.com\/wp-content\/uploads\/2024\/01\/stephan01-229x300.jpg"},{"@type":"BreadcrumbList","@id":"https:\/\/www.zebemusic.com\/de\/information\/gospelworkshops\/#breadcrumb","itemListElement":[{"@type":"ListItem","position":1,"name":"Information","item":"https:\/\/www.zebemusic.com\/please-choose\/"},{"@type":"ListItem","position":2,"name":"Chor-Workshops"}]},{"@type":"WebSite","@id":"https:\/\/www.zebemusic.com\/de\/#website","url":"https:\/\/www.zebemusic.com\/de\/","name":"ZebeMusic","description":"makes you sing.","publisher":{"@id":"https:\/\/www.zebemusic.com\/de\/#organization"},"alternateName":"Gospelnoten & Kindermusicals","potentialAction":[{"@type":"SearchAction","target":{"@type":"EntryPoint","urlTemplate":"https:\/\/www.zebemusic.com\/de\/?s={search_term_string}"},"query-input":{"@type":"PropertyValueSpecification","valueRequired":true,"valueName":"search_term_string"}}],"inLanguage":"de-DE"},{"@type":"Organization","@id":"https:\/\/www.zebemusic.com\/de\/#organization","name":"ZebeMusic","url":"https:\/\/www.zebemusic.com\/de\/","logo":{"@type":"ImageObject","inLanguage":"de-DE","@id":"https:\/\/www.zebemusic.com\/de\/#\/schema\/logo\/image\/","url":"https:\/\/www.zebemusic.com\/wp-content\/uploads\/2025\/10\/ZEBE-Logo_ZW-makesyousing.jpg","contentUrl":"https:\/\/www.zebemusic.com\/wp-content\/uploads\/2025\/10\/ZEBE-Logo_ZW-makesyousing.jpg","width":2212,"height":958,"caption":"ZebeMusic"},"image":{"@id":"https:\/\/www.zebemusic.com\/de\/#\/schema\/logo\/image\/"},"sameAs":["https:\/\/www.facebook.com\/zebemusic","https:\/\/www.instagram.com\/zebemusic","https:\/\/www.youtube.com\/zebemusicberlin"]}]}},"_links":{"self":[{"href":"https:\/\/www.zebemusic.com\/de\/wp-json\/wp\/v2\/pages\/1699","targetHints":{"allow":["GET"]}}],"collection":[{"href":"https:\/\/www.zebemusic.com\/de\/wp-json\/wp\/v2\/pages"}],"about":[{"href":"https:\/\/www.zebemusic.com\/de\/wp-json\/wp\/v2\/types\/page"}],"author":[{"embeddable":true,"href":"https:\/\/www.zebemusic.com\/de\/wp-json\/wp\/v2\/users\/50"}],"replies":[{"embeddable":true,"href":"https:\/\/www.zebemusic.com\/de\/wp-json\/wp\/v2\/comments?post=1699"}],"version-history":[{"count":32,"href":"https:\/\/www.zebemusic.com\/de\/wp-json\/wp\/v2\/pages\/1699\/revisions"}],"predecessor-version":[{"id":31856,"href":"https:\/\/www.zebemusic.com\/de\/wp-json\/wp\/v2\/pages\/1699\/revisions\/31856"}],"up":[{"embeddable":true,"href":"https:\/\/www.zebemusic.com\/de\/wp-json\/wp\/v2\/pages\/47"}],"wp:attachment":[{"href":"https:\/\/www.zebemusic.com\/de\/wp-json\/wp\/v2\/media?parent=1699"}],"curies":[{"name":"wp","href":"https:\/\/api.w.org\/{rel}","templated":true}]}}