{"id":17602,"date":"2023-11-30T08:02:53","date_gmt":"2023-11-30T07:02:53","guid":{"rendered":"https:\/\/dev.smukkeberg.com\/zebemusic\/?page_id=17602"},"modified":"2026-03-12T18:05:53","modified_gmt":"2026-03-12T17:05:53","slug":"henrike-thies-gebauer","status":"publish","type":"page","link":"https:\/\/www.zebemusic.com\/de\/ueber-uns\/autoren\/henrike-thies-gebauer\/","title":{"rendered":"Henrike Thies-Gebauer"},"content":{"rendered":"\r\n<div class=\"wp-block-image\">\r\n<figure class=\"alignleft is-resized\"><a href=\"https:\/\/www.zebemusic.com\/wp-content\/uploads\/2026\/03\/HenrikeThiesGebauer.jpg\"><img loading=\"lazy\" decoding=\"async\" class=\"alignnone  wp-image-31185\" src=\"https:\/\/www.zebemusic.com\/wp-content\/uploads\/2026\/03\/HenrikeThiesGebauer-230x300.jpg\" alt=\"\" width=\"215\" height=\"280\" srcset=\"https:\/\/www.zebemusic.com\/wp-content\/uploads\/2026\/03\/HenrikeThiesGebauer-230x300.jpg 230w, https:\/\/www.zebemusic.com\/wp-content\/uploads\/2026\/03\/HenrikeThiesGebauer-115x150.jpg 115w, https:\/\/www.zebemusic.com\/wp-content\/uploads\/2026\/03\/HenrikeThiesGebauer-200x261.jpg 200w, https:\/\/www.zebemusic.com\/wp-content\/uploads\/2026\/03\/HenrikeThiesGebauer.jpg 460w\" sizes=\"auto, (max-width: 215px) 100vw, 215px\" \/><\/a><\/figure>\r\n<\/div>\r\n\r\n\r\n\r\n<p>Henrike Thies-Gebauer (*1964) hat Sonderp\u00e4dagogik und Musik an den P\u00e4dagogischen Hochschulen in Flensburg und Kiel studiert. Neben der klassischen Ausbildung in Klavier und Gesang fing sie schon als Jugendliche an Popmusik zu machen, eigene Lieder zu schreiben und in verschiedenen Bands zu spielen. F\u00fcr ihre Kompositionen ist sie u.a. mit dem Ernst-Bader-Preis f\u00fcr deutschsprachiges Lied ausgezeichnet worden.<\/p>\r\n\r\n\r\n\r\n<p>Besonders wichtig war Henrike Thies-Gebauer immer schon die Verbindung von Musik mit christlichen Inhalten. Als haupt- und ehrenamtliche Musikerin war sie in verschiedenen Kirchengemeinden in Deutschland und den USA aktiv und arbeitet seit einigen Jahren als Kantorin f\u00fcr die ev.-luth. Paulskirche in Schenefeld bei Hamburg.<\/p>\r\n\r\n\r\n\r\n<p>Kinder f\u00fcr Musik zu begeistern ist f\u00fcr Henrike Thies-Gebauer eine Herzensangelegenheit. Deshalb hat sie 2008 den Kinderchor \u201e<a href=\"https:\/\/www.paulskirche-schenefeld.de\/mit-kindern\/kinderchor-paulix\" target=\"_blank\" rel=\"noopener\">Paulix<\/a>\u201c gegr\u00fcndet, der mittlerweile durch zahlreiche Auftritte u.a. bei Evangelischen Kirchentagen \u00fcberregionale Aufmerksamkeit erlangt hat und mit dem sie regelm\u00e4\u00dfig von ihr komponierte und getextete Musicals auf die B\u00fchne bringt.<\/p>\r\n<p>Ihre bei ZebeMusic erschienenen St\u00fccke werden in ganz Deutschland von Kinderch\u00f6ren und Schulklassen aufgef\u00fchrt:<\/p>\r\n","protected":false},"excerpt":{"rendered":"<p>Henrike Thies-Gebauer (*1964) hat Sonderp\u00e4dagogik und Musik an den P\u00e4dagogischen Hochschulen in Flensburg und Kiel studiert. Neben der klassischen Ausbildung in Klavier und Gesang fing sie schon als Jugendliche an Popmusik zu machen, eigene Lieder zu schreiben und in verschiedenen Bands zu spielen. F\u00fcr ihre Kompositionen ist sie u.a. mit dem Ernst-Bader-Preis f\u00fcr deutschsprachiges Lied [&hellip;]<\/p>\n","protected":false},"author":50,"featured_media":0,"parent":36,"menu_order":0,"comment_status":"closed","ping_status":"closed","template":"page-templates\/page-sidebar-none.php","meta":{"_acf_changed":false,"footnotes":""},"class_list":["post-17602","page","type-page","status-publish","hentry"],"acf":[],"yoast_head":"<!-- This site is optimized with the Yoast SEO plugin v27.5 - https:\/\/yoast.com\/product\/yoast-seo-wordpress\/ -->\n<title>Henrike Thies-Gebauer<\/title>\n<meta name=\"robots\" content=\"index, follow, max-snippet:-1, max-image-preview:large, max-video-preview:-1\" \/>\n<link rel=\"canonical\" href=\"https:\/\/www.zebemusic.com\/de\/ueber-uns\/autoren\/henrike-thies-gebauer\/\" \/>\n<meta property=\"og:locale\" content=\"de_DE\" \/>\n<meta property=\"og:type\" content=\"article\" \/>\n<meta property=\"og:title\" content=\"Henrike Thies-Gebauer\" \/>\n<meta property=\"og:description\" content=\"Henrike Thies-Gebauer (*1964) hat Sonderp\u00e4dagogik und Musik an den P\u00e4dagogischen Hochschulen in Flensburg und Kiel studiert. Neben der klassischen Ausbildung in Klavier und Gesang fing sie schon als Jugendliche an Popmusik zu machen, eigene Lieder zu schreiben und in verschiedenen Bands zu spielen. F\u00fcr ihre Kompositionen ist sie u.a. mit dem Ernst-Bader-Preis f\u00fcr deutschsprachiges Lied [&hellip;]\" \/>\n<meta property=\"og:url\" content=\"https:\/\/www.zebemusic.com\/de\/ueber-uns\/autoren\/henrike-thies-gebauer\/\" \/>\n<meta property=\"og:site_name\" content=\"ZebeMusic\" \/>\n<meta property=\"article:publisher\" content=\"https:\/\/www.facebook.com\/zebemusic\" \/>\n<meta property=\"article:modified_time\" content=\"2026-03-12T17:05:53+00:00\" \/>\n<meta property=\"og:image\" content=\"https:\/\/www.zebemusic.com\/wp-content\/uploads\/2026\/03\/HenrikeThiesGebauer.jpg\" \/>\n\t<meta property=\"og:image:width\" content=\"460\" \/>\n\t<meta property=\"og:image:height\" content=\"600\" \/>\n\t<meta property=\"og:image:type\" content=\"image\/jpeg\" \/>\n<meta name=\"twitter:card\" content=\"summary_large_image\" \/>\n<meta name=\"twitter:label1\" content=\"Est. reading time\" \/>\n\t<meta name=\"twitter:data1\" content=\"1 minute\" \/>\n<script type=\"application\/ld+json\" class=\"yoast-schema-graph\">{\"@context\":\"https:\\\/\\\/schema.org\",\"@graph\":[{\"@type\":\"WebPage\",\"@id\":\"https:\\\/\\\/www.zebemusic.com\\\/de\\\/ueber-uns\\\/autoren\\\/henrike-thies-gebauer\\\/\",\"url\":\"https:\\\/\\\/www.zebemusic.com\\\/de\\\/ueber-uns\\\/autoren\\\/henrike-thies-gebauer\\\/\",\"name\":\"Henrike Thies-Gebauer\",\"isPartOf\":{\"@id\":\"https:\\\/\\\/www.zebemusic.com\\\/de\\\/#website\"},\"primaryImageOfPage\":{\"@id\":\"https:\\\/\\\/www.zebemusic.com\\\/de\\\/ueber-uns\\\/autoren\\\/henrike-thies-gebauer\\\/#primaryimage\"},\"image\":{\"@id\":\"https:\\\/\\\/www.zebemusic.com\\\/de\\\/ueber-uns\\\/autoren\\\/henrike-thies-gebauer\\\/#primaryimage\"},\"thumbnailUrl\":\"https:\\\/\\\/www.zebemusic.com\\\/wp-content\\\/uploads\\\/2026\\\/03\\\/HenrikeThiesGebauer-230x300.jpg\",\"datePublished\":\"2023-11-30T07:02:53+00:00\",\"dateModified\":\"2026-03-12T17:05:53+00:00\",\"breadcrumb\":{\"@id\":\"https:\\\/\\\/www.zebemusic.com\\\/de\\\/ueber-uns\\\/autoren\\\/henrike-thies-gebauer\\\/#breadcrumb\"},\"inLanguage\":\"de-DE\",\"potentialAction\":[{\"@type\":\"ReadAction\",\"target\":[\"https:\\\/\\\/www.zebemusic.com\\\/de\\\/ueber-uns\\\/autoren\\\/henrike-thies-gebauer\\\/\"]}]},{\"@type\":\"ImageObject\",\"inLanguage\":\"de-DE\",\"@id\":\"https:\\\/\\\/www.zebemusic.com\\\/de\\\/ueber-uns\\\/autoren\\\/henrike-thies-gebauer\\\/#primaryimage\",\"url\":\"https:\\\/\\\/www.zebemusic.com\\\/wp-content\\\/uploads\\\/2026\\\/03\\\/HenrikeThiesGebauer-230x300.jpg\",\"contentUrl\":\"https:\\\/\\\/www.zebemusic.com\\\/wp-content\\\/uploads\\\/2026\\\/03\\\/HenrikeThiesGebauer-230x300.jpg\"},{\"@type\":\"BreadcrumbList\",\"@id\":\"https:\\\/\\\/www.zebemusic.com\\\/de\\\/ueber-uns\\\/autoren\\\/henrike-thies-gebauer\\\/#breadcrumb\",\"itemListElement\":[{\"@type\":\"ListItem\",\"position\":1,\"name\":\"\u00dcber uns\",\"item\":\"https:\\\/\\\/www.zebemusic.com\\\/de\\\/ueber-uns\\\/\"},{\"@type\":\"ListItem\",\"position\":2,\"name\":\"Autoren &#038; K\u00fcnstler\",\"item\":\"https:\\\/\\\/www.zebemusic.com\\\/de\\\/ueber-uns\\\/autoren\\\/\"},{\"@type\":\"ListItem\",\"position\":3,\"name\":\"Henrike Thies-Gebauer\"}]},{\"@type\":\"WebSite\",\"@id\":\"https:\\\/\\\/www.zebemusic.com\\\/de\\\/#website\",\"url\":\"https:\\\/\\\/www.zebemusic.com\\\/de\\\/\",\"name\":\"ZebeMusic\",\"description\":\"makes you sing.\",\"publisher\":{\"@id\":\"https:\\\/\\\/www.zebemusic.com\\\/de\\\/#organization\"},\"alternateName\":\"Gospelnoten & Kindermusicals\",\"potentialAction\":[{\"@type\":\"SearchAction\",\"target\":{\"@type\":\"EntryPoint\",\"urlTemplate\":\"https:\\\/\\\/www.zebemusic.com\\\/de\\\/?s={search_term_string}\"},\"query-input\":{\"@type\":\"PropertyValueSpecification\",\"valueRequired\":true,\"valueName\":\"search_term_string\"}}],\"inLanguage\":\"de-DE\"},{\"@type\":\"Organization\",\"@id\":\"https:\\\/\\\/www.zebemusic.com\\\/de\\\/#organization\",\"name\":\"ZebeMusic\",\"url\":\"https:\\\/\\\/www.zebemusic.com\\\/de\\\/\",\"logo\":{\"@type\":\"ImageObject\",\"inLanguage\":\"de-DE\",\"@id\":\"https:\\\/\\\/www.zebemusic.com\\\/de\\\/#\\\/schema\\\/logo\\\/image\\\/\",\"url\":\"https:\\\/\\\/www.zebemusic.com\\\/wp-content\\\/uploads\\\/2025\\\/10\\\/ZEBE-Logo_ZW-makesyousing.jpg\",\"contentUrl\":\"https:\\\/\\\/www.zebemusic.com\\\/wp-content\\\/uploads\\\/2025\\\/10\\\/ZEBE-Logo_ZW-makesyousing.jpg\",\"width\":2212,\"height\":958,\"caption\":\"ZebeMusic\"},\"image\":{\"@id\":\"https:\\\/\\\/www.zebemusic.com\\\/de\\\/#\\\/schema\\\/logo\\\/image\\\/\"},\"sameAs\":[\"https:\\\/\\\/www.facebook.com\\\/zebemusic\",\"https:\\\/\\\/www.instagram.com\\\/zebemusic\",\"https:\\\/\\\/www.youtube.com\\\/zebemusicberlin\"]}]}<\/script>\n<!-- \/ Yoast SEO plugin. -->","yoast_head_json":{"title":"Henrike Thies-Gebauer","robots":{"index":"index","follow":"follow","max-snippet":"max-snippet:-1","max-image-preview":"max-image-preview:large","max-video-preview":"max-video-preview:-1"},"canonical":"https:\/\/www.zebemusic.com\/de\/ueber-uns\/autoren\/henrike-thies-gebauer\/","og_locale":"de_DE","og_type":"article","og_title":"Henrike Thies-Gebauer","og_description":"Henrike Thies-Gebauer (*1964) hat Sonderp\u00e4dagogik und Musik an den P\u00e4dagogischen Hochschulen in Flensburg und Kiel studiert. Neben der klassischen Ausbildung in Klavier und Gesang fing sie schon als Jugendliche an Popmusik zu machen, eigene Lieder zu schreiben und in verschiedenen Bands zu spielen. F\u00fcr ihre Kompositionen ist sie u.a. mit dem Ernst-Bader-Preis f\u00fcr deutschsprachiges Lied [&hellip;]","og_url":"https:\/\/www.zebemusic.com\/de\/ueber-uns\/autoren\/henrike-thies-gebauer\/","og_site_name":"ZebeMusic","article_publisher":"https:\/\/www.facebook.com\/zebemusic","article_modified_time":"2026-03-12T17:05:53+00:00","og_image":[{"width":460,"height":600,"url":"https:\/\/www.zebemusic.com\/wp-content\/uploads\/2026\/03\/HenrikeThiesGebauer.jpg","type":"image\/jpeg"}],"twitter_card":"summary_large_image","twitter_misc":{"Est. reading time":"1 minute"},"schema":{"@context":"https:\/\/schema.org","@graph":[{"@type":"WebPage","@id":"https:\/\/www.zebemusic.com\/de\/ueber-uns\/autoren\/henrike-thies-gebauer\/","url":"https:\/\/www.zebemusic.com\/de\/ueber-uns\/autoren\/henrike-thies-gebauer\/","name":"Henrike Thies-Gebauer","isPartOf":{"@id":"https:\/\/www.zebemusic.com\/de\/#website"},"primaryImageOfPage":{"@id":"https:\/\/www.zebemusic.com\/de\/ueber-uns\/autoren\/henrike-thies-gebauer\/#primaryimage"},"image":{"@id":"https:\/\/www.zebemusic.com\/de\/ueber-uns\/autoren\/henrike-thies-gebauer\/#primaryimage"},"thumbnailUrl":"https:\/\/www.zebemusic.com\/wp-content\/uploads\/2026\/03\/HenrikeThiesGebauer-230x300.jpg","datePublished":"2023-11-30T07:02:53+00:00","dateModified":"2026-03-12T17:05:53+00:00","breadcrumb":{"@id":"https:\/\/www.zebemusic.com\/de\/ueber-uns\/autoren\/henrike-thies-gebauer\/#breadcrumb"},"inLanguage":"de-DE","potentialAction":[{"@type":"ReadAction","target":["https:\/\/www.zebemusic.com\/de\/ueber-uns\/autoren\/henrike-thies-gebauer\/"]}]},{"@type":"ImageObject","inLanguage":"de-DE","@id":"https:\/\/www.zebemusic.com\/de\/ueber-uns\/autoren\/henrike-thies-gebauer\/#primaryimage","url":"https:\/\/www.zebemusic.com\/wp-content\/uploads\/2026\/03\/HenrikeThiesGebauer-230x300.jpg","contentUrl":"https:\/\/www.zebemusic.com\/wp-content\/uploads\/2026\/03\/HenrikeThiesGebauer-230x300.jpg"},{"@type":"BreadcrumbList","@id":"https:\/\/www.zebemusic.com\/de\/ueber-uns\/autoren\/henrike-thies-gebauer\/#breadcrumb","itemListElement":[{"@type":"ListItem","position":1,"name":"\u00dcber uns","item":"https:\/\/www.zebemusic.com\/de\/ueber-uns\/"},{"@type":"ListItem","position":2,"name":"Autoren &#038; K\u00fcnstler","item":"https:\/\/www.zebemusic.com\/de\/ueber-uns\/autoren\/"},{"@type":"ListItem","position":3,"name":"Henrike Thies-Gebauer"}]},{"@type":"WebSite","@id":"https:\/\/www.zebemusic.com\/de\/#website","url":"https:\/\/www.zebemusic.com\/de\/","name":"ZebeMusic","description":"makes you sing.","publisher":{"@id":"https:\/\/www.zebemusic.com\/de\/#organization"},"alternateName":"Gospelnoten & Kindermusicals","potentialAction":[{"@type":"SearchAction","target":{"@type":"EntryPoint","urlTemplate":"https:\/\/www.zebemusic.com\/de\/?s={search_term_string}"},"query-input":{"@type":"PropertyValueSpecification","valueRequired":true,"valueName":"search_term_string"}}],"inLanguage":"de-DE"},{"@type":"Organization","@id":"https:\/\/www.zebemusic.com\/de\/#organization","name":"ZebeMusic","url":"https:\/\/www.zebemusic.com\/de\/","logo":{"@type":"ImageObject","inLanguage":"de-DE","@id":"https:\/\/www.zebemusic.com\/de\/#\/schema\/logo\/image\/","url":"https:\/\/www.zebemusic.com\/wp-content\/uploads\/2025\/10\/ZEBE-Logo_ZW-makesyousing.jpg","contentUrl":"https:\/\/www.zebemusic.com\/wp-content\/uploads\/2025\/10\/ZEBE-Logo_ZW-makesyousing.jpg","width":2212,"height":958,"caption":"ZebeMusic"},"image":{"@id":"https:\/\/www.zebemusic.com\/de\/#\/schema\/logo\/image\/"},"sameAs":["https:\/\/www.facebook.com\/zebemusic","https:\/\/www.instagram.com\/zebemusic","https:\/\/www.youtube.com\/zebemusicberlin"]}]}},"_links":{"self":[{"href":"https:\/\/www.zebemusic.com\/de\/wp-json\/wp\/v2\/pages\/17602","targetHints":{"allow":["GET"]}}],"collection":[{"href":"https:\/\/www.zebemusic.com\/de\/wp-json\/wp\/v2\/pages"}],"about":[{"href":"https:\/\/www.zebemusic.com\/de\/wp-json\/wp\/v2\/types\/page"}],"author":[{"embeddable":true,"href":"https:\/\/www.zebemusic.com\/de\/wp-json\/wp\/v2\/users\/50"}],"replies":[{"embeddable":true,"href":"https:\/\/www.zebemusic.com\/de\/wp-json\/wp\/v2\/comments?post=17602"}],"version-history":[{"count":12,"href":"https:\/\/www.zebemusic.com\/de\/wp-json\/wp\/v2\/pages\/17602\/revisions"}],"predecessor-version":[{"id":31188,"href":"https:\/\/www.zebemusic.com\/de\/wp-json\/wp\/v2\/pages\/17602\/revisions\/31188"}],"up":[{"embeddable":true,"href":"https:\/\/www.zebemusic.com\/de\/wp-json\/wp\/v2\/pages\/36"}],"wp:attachment":[{"href":"https:\/\/www.zebemusic.com\/de\/wp-json\/wp\/v2\/media?parent=17602"}],"curies":[{"name":"wp","href":"https:\/\/api.w.org\/{rel}","templated":true}]}}