{"id":21190,"date":"2024-02-03T05:07:46","date_gmt":"2024-02-03T04:07:46","guid":{"rendered":"https:\/\/dev.smukkeberg.com\/zebemusic\/?page_id=21190"},"modified":"2026-04-21T12:00:52","modified_gmt":"2026-04-21T11:00:52","slug":"chor-messen-rock-jazz-gospel","status":"publish","type":"page","link":"https:\/\/www.zebemusic.com\/de\/chor-messen-rock-jazz-gospel\/","title":{"rendered":"<b><span style=\"color: #993300;\">CHOR-MESSEN <\/b><\/span> <i> Rock. Jazz. Gospel.<\/i>"},"content":{"rendered":"<h4>Chor-Messen sind mittlerweile in der popul\u00e4ren Musik ein ebenso beliebtes wie eindrucksvolles Konzertrepertoire von Oratoriench\u00f6ren und ambitionierten Gospel- und Jazzch\u00f6ren.<br \/>\nHier stellen wir drei gr\u00f6\u00dfere Werke vor, die jeweils ein besonderer H\u00f6hepunkt in Ihrem Konzertprogramm sein k\u00f6nnen.<\/h4>\n","protected":false},"excerpt":{"rendered":"<p>Chor-Messen sind mittlerweile in der popul\u00e4ren Musik ein ebenso beliebtes wie eindrucksvolles Konzertrepertoire von Oratoriench\u00f6ren und ambitionierten Gospel- und Jazzch\u00f6ren. Hier stellen wir drei gr\u00f6\u00dfere Werke vor, die jeweils ein besonderer H\u00f6hepunkt in Ihrem Konzertprogramm sein k\u00f6nnen.<\/p>\n","protected":false},"author":50,"featured_media":0,"parent":0,"menu_order":0,"comment_status":"closed","ping_status":"closed","template":"page-templates\/page-sidebar-none.php","meta":{"_acf_changed":false,"footnotes":""},"class_list":["post-21190","page","type-page","status-publish","hentry"],"acf":[],"yoast_head":"<!-- This site is optimized with the Yoast SEO plugin v27.5 - https:\/\/yoast.com\/product\/yoast-seo-wordpress\/ -->\n<title>CHOR-MESSEN   Rock. Jazz. Gospel.<\/title>\n<meta name=\"robots\" content=\"index, follow, max-snippet:-1, max-image-preview:large, max-video-preview:-1\" \/>\n<link rel=\"canonical\" href=\"https:\/\/www.zebemusic.com\/de\/chor-messen-rock-jazz-gospel\/\" \/>\n<meta property=\"og:locale\" content=\"de_DE\" \/>\n<meta property=\"og:type\" content=\"article\" \/>\n<meta property=\"og:title\" content=\"CHOR-MESSEN   Rock. Jazz. Gospel.\" \/>\n<meta property=\"og:description\" content=\"Chor-Messen sind mittlerweile in der popul\u00e4ren Musik ein ebenso beliebtes wie eindrucksvolles Konzertrepertoire von Oratoriench\u00f6ren und ambitionierten Gospel- und Jazzch\u00f6ren. Hier stellen wir drei gr\u00f6\u00dfere Werke vor, die jeweils ein besonderer H\u00f6hepunkt in Ihrem Konzertprogramm sein k\u00f6nnen.\" \/>\n<meta property=\"og:url\" content=\"https:\/\/www.zebemusic.com\/de\/chor-messen-rock-jazz-gospel\/\" \/>\n<meta property=\"og:site_name\" content=\"ZebeMusic\" \/>\n<meta property=\"article:publisher\" content=\"https:\/\/www.facebook.com\/zebemusic\" \/>\n<meta property=\"article:modified_time\" content=\"2026-04-21T11:00:52+00:00\" \/>\n<meta property=\"og:image\" content=\"https:\/\/www.zebemusic.com\/wp-content\/uploads\/2025\/10\/ZEBE-Logo_ZW-makesyousing.jpg\" \/>\n\t<meta property=\"og:image:width\" content=\"2212\" \/>\n\t<meta property=\"og:image:height\" content=\"958\" \/>\n\t<meta property=\"og:image:type\" content=\"image\/jpeg\" \/>\n<meta name=\"twitter:card\" content=\"summary_large_image\" \/>\n<meta name=\"twitter:label1\" content=\"Est. reading time\" \/>\n\t<meta name=\"twitter:data1\" content=\"1 minute\" \/>\n<script type=\"application\/ld+json\" class=\"yoast-schema-graph\">{\"@context\":\"https:\\\/\\\/schema.org\",\"@graph\":[{\"@type\":\"WebPage\",\"@id\":\"https:\\\/\\\/www.zebemusic.com\\\/de\\\/chor-messen-rock-jazz-gospel\\\/\",\"url\":\"https:\\\/\\\/www.zebemusic.com\\\/de\\\/chor-messen-rock-jazz-gospel\\\/\",\"name\":\"CHOR-MESSEN Rock. Jazz. Gospel.\",\"isPartOf\":{\"@id\":\"https:\\\/\\\/www.zebemusic.com\\\/de\\\/#website\"},\"datePublished\":\"2024-02-03T04:07:46+00:00\",\"dateModified\":\"2026-04-21T11:00:52+00:00\",\"inLanguage\":\"de-DE\",\"potentialAction\":[{\"@type\":\"ReadAction\",\"target\":[\"https:\\\/\\\/www.zebemusic.com\\\/de\\\/chor-messen-rock-jazz-gospel\\\/\"]}]},{\"@type\":\"WebSite\",\"@id\":\"https:\\\/\\\/www.zebemusic.com\\\/de\\\/#website\",\"url\":\"https:\\\/\\\/www.zebemusic.com\\\/de\\\/\",\"name\":\"ZebeMusic\",\"description\":\"makes you sing.\",\"publisher\":{\"@id\":\"https:\\\/\\\/www.zebemusic.com\\\/de\\\/#organization\"},\"alternateName\":\"Gospelnoten & Kindermusicals\",\"potentialAction\":[{\"@type\":\"SearchAction\",\"target\":{\"@type\":\"EntryPoint\",\"urlTemplate\":\"https:\\\/\\\/www.zebemusic.com\\\/de\\\/?s={search_term_string}\"},\"query-input\":{\"@type\":\"PropertyValueSpecification\",\"valueRequired\":true,\"valueName\":\"search_term_string\"}}],\"inLanguage\":\"de-DE\"},{\"@type\":\"Organization\",\"@id\":\"https:\\\/\\\/www.zebemusic.com\\\/de\\\/#organization\",\"name\":\"ZebeMusic\",\"url\":\"https:\\\/\\\/www.zebemusic.com\\\/de\\\/\",\"logo\":{\"@type\":\"ImageObject\",\"inLanguage\":\"de-DE\",\"@id\":\"https:\\\/\\\/www.zebemusic.com\\\/de\\\/#\\\/schema\\\/logo\\\/image\\\/\",\"url\":\"https:\\\/\\\/www.zebemusic.com\\\/wp-content\\\/uploads\\\/2025\\\/10\\\/ZEBE-Logo_ZW-makesyousing.jpg\",\"contentUrl\":\"https:\\\/\\\/www.zebemusic.com\\\/wp-content\\\/uploads\\\/2025\\\/10\\\/ZEBE-Logo_ZW-makesyousing.jpg\",\"width\":2212,\"height\":958,\"caption\":\"ZebeMusic\"},\"image\":{\"@id\":\"https:\\\/\\\/www.zebemusic.com\\\/de\\\/#\\\/schema\\\/logo\\\/image\\\/\"},\"sameAs\":[\"https:\\\/\\\/www.facebook.com\\\/zebemusic\",\"https:\\\/\\\/www.instagram.com\\\/zebemusic\",\"https:\\\/\\\/www.youtube.com\\\/zebemusicberlin\"]}]}<\/script>\n<!-- \/ Yoast SEO plugin. -->","yoast_head_json":{"title":"CHOR-MESSEN   Rock. Jazz. Gospel.","robots":{"index":"index","follow":"follow","max-snippet":"max-snippet:-1","max-image-preview":"max-image-preview:large","max-video-preview":"max-video-preview:-1"},"canonical":"https:\/\/www.zebemusic.com\/de\/chor-messen-rock-jazz-gospel\/","og_locale":"de_DE","og_type":"article","og_title":"CHOR-MESSEN   Rock. Jazz. Gospel.","og_description":"Chor-Messen sind mittlerweile in der popul\u00e4ren Musik ein ebenso beliebtes wie eindrucksvolles Konzertrepertoire von Oratoriench\u00f6ren und ambitionierten Gospel- und Jazzch\u00f6ren. Hier stellen wir drei gr\u00f6\u00dfere Werke vor, die jeweils ein besonderer H\u00f6hepunkt in Ihrem Konzertprogramm sein k\u00f6nnen.","og_url":"https:\/\/www.zebemusic.com\/de\/chor-messen-rock-jazz-gospel\/","og_site_name":"ZebeMusic","article_publisher":"https:\/\/www.facebook.com\/zebemusic","article_modified_time":"2026-04-21T11:00:52+00:00","og_image":[{"width":2212,"height":958,"url":"https:\/\/www.zebemusic.com\/wp-content\/uploads\/2025\/10\/ZEBE-Logo_ZW-makesyousing.jpg","type":"image\/jpeg"}],"twitter_card":"summary_large_image","twitter_misc":{"Est. reading time":"1 minute"},"schema":{"@context":"https:\/\/schema.org","@graph":[{"@type":"WebPage","@id":"https:\/\/www.zebemusic.com\/de\/chor-messen-rock-jazz-gospel\/","url":"https:\/\/www.zebemusic.com\/de\/chor-messen-rock-jazz-gospel\/","name":"CHOR-MESSEN Rock. Jazz. Gospel.","isPartOf":{"@id":"https:\/\/www.zebemusic.com\/de\/#website"},"datePublished":"2024-02-03T04:07:46+00:00","dateModified":"2026-04-21T11:00:52+00:00","inLanguage":"de-DE","potentialAction":[{"@type":"ReadAction","target":["https:\/\/www.zebemusic.com\/de\/chor-messen-rock-jazz-gospel\/"]}]},{"@type":"WebSite","@id":"https:\/\/www.zebemusic.com\/de\/#website","url":"https:\/\/www.zebemusic.com\/de\/","name":"ZebeMusic","description":"makes you sing.","publisher":{"@id":"https:\/\/www.zebemusic.com\/de\/#organization"},"alternateName":"Gospelnoten & Kindermusicals","potentialAction":[{"@type":"SearchAction","target":{"@type":"EntryPoint","urlTemplate":"https:\/\/www.zebemusic.com\/de\/?s={search_term_string}"},"query-input":{"@type":"PropertyValueSpecification","valueRequired":true,"valueName":"search_term_string"}}],"inLanguage":"de-DE"},{"@type":"Organization","@id":"https:\/\/www.zebemusic.com\/de\/#organization","name":"ZebeMusic","url":"https:\/\/www.zebemusic.com\/de\/","logo":{"@type":"ImageObject","inLanguage":"de-DE","@id":"https:\/\/www.zebemusic.com\/de\/#\/schema\/logo\/image\/","url":"https:\/\/www.zebemusic.com\/wp-content\/uploads\/2025\/10\/ZEBE-Logo_ZW-makesyousing.jpg","contentUrl":"https:\/\/www.zebemusic.com\/wp-content\/uploads\/2025\/10\/ZEBE-Logo_ZW-makesyousing.jpg","width":2212,"height":958,"caption":"ZebeMusic"},"image":{"@id":"https:\/\/www.zebemusic.com\/de\/#\/schema\/logo\/image\/"},"sameAs":["https:\/\/www.facebook.com\/zebemusic","https:\/\/www.instagram.com\/zebemusic","https:\/\/www.youtube.com\/zebemusicberlin"]}]}},"_links":{"self":[{"href":"https:\/\/www.zebemusic.com\/de\/wp-json\/wp\/v2\/pages\/21190","targetHints":{"allow":["GET"]}}],"collection":[{"href":"https:\/\/www.zebemusic.com\/de\/wp-json\/wp\/v2\/pages"}],"about":[{"href":"https:\/\/www.zebemusic.com\/de\/wp-json\/wp\/v2\/types\/page"}],"author":[{"embeddable":true,"href":"https:\/\/www.zebemusic.com\/de\/wp-json\/wp\/v2\/users\/50"}],"replies":[{"embeddable":true,"href":"https:\/\/www.zebemusic.com\/de\/wp-json\/wp\/v2\/comments?post=21190"}],"version-history":[{"count":11,"href":"https:\/\/www.zebemusic.com\/de\/wp-json\/wp\/v2\/pages\/21190\/revisions"}],"predecessor-version":[{"id":31908,"href":"https:\/\/www.zebemusic.com\/de\/wp-json\/wp\/v2\/pages\/21190\/revisions\/31908"}],"wp:attachment":[{"href":"https:\/\/www.zebemusic.com\/de\/wp-json\/wp\/v2\/media?parent=21190"}],"curies":[{"name":"wp","href":"https:\/\/api.w.org\/{rel}","templated":true}]}}