{"id":23109,"date":"2025-04-29T13:03:01","date_gmt":"2025-04-29T12:03:01","guid":{"rendered":"https:\/\/www.zebemusic.com\/?page_id=23109"},"modified":"2025-04-29T13:07:17","modified_gmt":"2025-04-29T12:07:17","slug":"blech","status":"publish","type":"page","link":"https:\/\/www.zebemusic.com\/de\/blech\/","title":{"rendered":"Praise in Blech  \ud83c\udfba"},"content":{"rendered":"<h4><a href=\"https:\/\/www.zebemusic.com\/wp-content\/uploads\/2024\/05\/ZEBE4017.04.jpg\"><img loading=\"lazy\" decoding=\"async\" class=\" wp-image-22681 alignleft\" src=\"https:\/\/www.zebemusic.com\/wp-content\/uploads\/2024\/05\/ZEBE4017.04-212x300.jpg\" alt=\"\" width=\"135\" height=\"192\" srcset=\"https:\/\/www.zebemusic.com\/wp-content\/uploads\/2024\/05\/ZEBE4017.04-212x300.jpg 212w, https:\/\/www.zebemusic.com\/wp-content\/uploads\/2024\/05\/ZEBE4017.04-106x150.jpg 106w, https:\/\/www.zebemusic.com\/wp-content\/uploads\/2024\/05\/ZEBE4017.04-200x283.jpg 200w, https:\/\/www.zebemusic.com\/wp-content\/uploads\/2024\/05\/ZEBE4017.04-600x850.jpg 600w, https:\/\/www.zebemusic.com\/wp-content\/uploads\/2024\/05\/ZEBE4017.04.jpg 706w\" sizes=\"auto, (max-width: 135px) 100vw, 135px\" \/><\/a>Neue Literatur f\u00fcr Posaunench\u00f6re steht seit Neuestem auch in unserem Verlags-Repertoire!<\/h4>\n<p>Nachdem schon einige Blechbl\u00e4ser eifrig unsere <a href=\"https:\/\/www.zebemusic.com\/de\/swoof\/others-sammlungen\/name-ultimate\/?s=ultimate&amp;post_type=product&amp;type_aws=true&amp;lang=de&amp;orderby=Name+A+to+Z\" target=\"_blank\" rel=\"noopener\">ULTIMATE GOSPEL CHOIR BOOKS<\/a> nutzen, kommen nun einzelnen St\u00fccke f\u00fcr den gottesdienstlichen oder auch konzertanten Gebrauch hinzu.<br \/>\nHaben Sie bestimmte W\u00fcnsche oder Vorschl\u00e4ge? <a href=\"https:\/\/www.zebemusic.com\/de\/information\/kontakt\/\">Schreiben Sie uns<\/a>!<\/p>\n<p><span style=\"color: #993300;\"><a href=\"https:\/\/www.zebemusic.com\/de\/shop-2\/swoof\/voicing-blaeserchor\/\">Hier finden Sie unser aktuelles Angebot aufgelistet<\/a>. &gt;&gt;&gt;<\/span><\/p>\n<p>&nbsp;<\/p>\n<h3><\/h3>\n","protected":false},"excerpt":{"rendered":"<p>Neue Literatur f\u00fcr Posaunench\u00f6re steht seit Neuestem auch in unserem Verlags-Repertoire! Nachdem schon einige Blechbl\u00e4ser eifrig unsere ULTIMATE GOSPEL CHOIR BOOKS nutzen, kommen nun einzelnen St\u00fccke f\u00fcr den gottesdienstlichen oder auch konzertanten Gebrauch hinzu. Haben Sie bestimmte W\u00fcnsche oder Vorschl\u00e4ge? Schreiben Sie uns! Hier finden Sie unser aktuelles Angebot aufgelistet. &gt;&gt;&gt; &nbsp;<\/p>\n","protected":false},"author":50,"featured_media":0,"parent":0,"menu_order":0,"comment_status":"closed","ping_status":"closed","template":"page-templates\/page-sidebar-none.php","meta":{"_acf_changed":false,"footnotes":""},"class_list":["post-23109","page","type-page","status-publish","hentry"],"acf":[],"yoast_head":"<!-- This site is optimized with the Yoast SEO plugin v27.4 - https:\/\/yoast.com\/product\/yoast-seo-wordpress\/ -->\n<title>Praise in Blech \ud83c\udfba<\/title>\n<meta name=\"robots\" content=\"index, follow, max-snippet:-1, max-image-preview:large, max-video-preview:-1\" \/>\n<link rel=\"canonical\" href=\"https:\/\/www.zebemusic.com\/de\/blech\/\" \/>\n<meta property=\"og:locale\" content=\"de_DE\" \/>\n<meta property=\"og:type\" content=\"article\" \/>\n<meta property=\"og:title\" content=\"Praise in Blech \ud83c\udfba\" \/>\n<meta property=\"og:description\" content=\"Neue Literatur f\u00fcr Posaunench\u00f6re steht seit Neuestem auch in unserem Verlags-Repertoire! Nachdem schon einige Blechbl\u00e4ser eifrig unsere ULTIMATE GOSPEL CHOIR BOOKS nutzen, kommen nun einzelnen St\u00fccke f\u00fcr den gottesdienstlichen oder auch konzertanten Gebrauch hinzu. Haben Sie bestimmte W\u00fcnsche oder Vorschl\u00e4ge? Schreiben Sie uns! Hier finden Sie unser aktuelles Angebot aufgelistet. &gt;&gt;&gt; &nbsp;\" \/>\n<meta property=\"og:url\" content=\"https:\/\/www.zebemusic.com\/de\/blech\/\" \/>\n<meta property=\"og:site_name\" content=\"ZebeMusic\" \/>\n<meta property=\"article:publisher\" content=\"https:\/\/www.facebook.com\/zebemusic\" \/>\n<meta property=\"article:modified_time\" content=\"2025-04-29T12:07:17+00:00\" \/>\n<meta property=\"og:image\" content=\"https:\/\/www.zebemusic.com\/wp-content\/uploads\/2024\/05\/ZEBE4017.04.jpg\" \/>\n\t<meta property=\"og:image:width\" content=\"706\" \/>\n\t<meta property=\"og:image:height\" content=\"1000\" \/>\n\t<meta property=\"og:image:type\" content=\"image\/jpeg\" \/>\n<meta name=\"twitter:card\" content=\"summary_large_image\" \/>\n<meta name=\"twitter:label1\" content=\"Est. reading time\" \/>\n\t<meta name=\"twitter:data1\" content=\"1 minute\" \/>\n<script type=\"application\/ld+json\" class=\"yoast-schema-graph\">{\"@context\":\"https:\\\/\\\/schema.org\",\"@graph\":[{\"@type\":\"WebPage\",\"@id\":\"https:\\\/\\\/www.zebemusic.com\\\/de\\\/blech\\\/\",\"url\":\"https:\\\/\\\/www.zebemusic.com\\\/de\\\/blech\\\/\",\"name\":\"Praise in Blech \ud83c\udfba\",\"isPartOf\":{\"@id\":\"https:\\\/\\\/www.zebemusic.com\\\/de\\\/#website\"},\"primaryImageOfPage\":{\"@id\":\"https:\\\/\\\/www.zebemusic.com\\\/de\\\/blech\\\/#primaryimage\"},\"image\":{\"@id\":\"https:\\\/\\\/www.zebemusic.com\\\/de\\\/blech\\\/#primaryimage\"},\"thumbnailUrl\":\"https:\\\/\\\/www.zebemusic.com\\\/wp-content\\\/uploads\\\/2024\\\/05\\\/ZEBE4017.04-212x300.jpg\",\"datePublished\":\"2025-04-29T12:03:01+00:00\",\"dateModified\":\"2025-04-29T12:07:17+00:00\",\"inLanguage\":\"de-DE\",\"potentialAction\":[{\"@type\":\"ReadAction\",\"target\":[\"https:\\\/\\\/www.zebemusic.com\\\/de\\\/blech\\\/\"]}]},{\"@type\":\"ImageObject\",\"inLanguage\":\"de-DE\",\"@id\":\"https:\\\/\\\/www.zebemusic.com\\\/de\\\/blech\\\/#primaryimage\",\"url\":\"https:\\\/\\\/www.zebemusic.com\\\/wp-content\\\/uploads\\\/2024\\\/05\\\/ZEBE4017.04-212x300.jpg\",\"contentUrl\":\"https:\\\/\\\/www.zebemusic.com\\\/wp-content\\\/uploads\\\/2024\\\/05\\\/ZEBE4017.04-212x300.jpg\"},{\"@type\":\"WebSite\",\"@id\":\"https:\\\/\\\/www.zebemusic.com\\\/de\\\/#website\",\"url\":\"https:\\\/\\\/www.zebemusic.com\\\/de\\\/\",\"name\":\"ZebeMusic\",\"description\":\"makes you sing.\",\"publisher\":{\"@id\":\"https:\\\/\\\/www.zebemusic.com\\\/de\\\/#organization\"},\"alternateName\":\"Gospelnoten & Kindermusicals\",\"potentialAction\":[{\"@type\":\"SearchAction\",\"target\":{\"@type\":\"EntryPoint\",\"urlTemplate\":\"https:\\\/\\\/www.zebemusic.com\\\/de\\\/?s={search_term_string}\"},\"query-input\":{\"@type\":\"PropertyValueSpecification\",\"valueRequired\":true,\"valueName\":\"search_term_string\"}}],\"inLanguage\":\"de-DE\"},{\"@type\":\"Organization\",\"@id\":\"https:\\\/\\\/www.zebemusic.com\\\/de\\\/#organization\",\"name\":\"ZebeMusic\",\"url\":\"https:\\\/\\\/www.zebemusic.com\\\/de\\\/\",\"logo\":{\"@type\":\"ImageObject\",\"inLanguage\":\"de-DE\",\"@id\":\"https:\\\/\\\/www.zebemusic.com\\\/de\\\/#\\\/schema\\\/logo\\\/image\\\/\",\"url\":\"https:\\\/\\\/www.zebemusic.com\\\/wp-content\\\/uploads\\\/2025\\\/10\\\/ZEBE-Logo_ZW-makesyousing.jpg\",\"contentUrl\":\"https:\\\/\\\/www.zebemusic.com\\\/wp-content\\\/uploads\\\/2025\\\/10\\\/ZEBE-Logo_ZW-makesyousing.jpg\",\"width\":2212,\"height\":958,\"caption\":\"ZebeMusic\"},\"image\":{\"@id\":\"https:\\\/\\\/www.zebemusic.com\\\/de\\\/#\\\/schema\\\/logo\\\/image\\\/\"},\"sameAs\":[\"https:\\\/\\\/www.facebook.com\\\/zebemusic\",\"https:\\\/\\\/www.instagram.com\\\/zebemusic\",\"https:\\\/\\\/www.youtube.com\\\/zebemusicberlin\"]}]}<\/script>\n<!-- \/ Yoast SEO plugin. -->","yoast_head_json":{"title":"Praise in Blech \ud83c\udfba","robots":{"index":"index","follow":"follow","max-snippet":"max-snippet:-1","max-image-preview":"max-image-preview:large","max-video-preview":"max-video-preview:-1"},"canonical":"https:\/\/www.zebemusic.com\/de\/blech\/","og_locale":"de_DE","og_type":"article","og_title":"Praise in Blech \ud83c\udfba","og_description":"Neue Literatur f\u00fcr Posaunench\u00f6re steht seit Neuestem auch in unserem Verlags-Repertoire! Nachdem schon einige Blechbl\u00e4ser eifrig unsere ULTIMATE GOSPEL CHOIR BOOKS nutzen, kommen nun einzelnen St\u00fccke f\u00fcr den gottesdienstlichen oder auch konzertanten Gebrauch hinzu. Haben Sie bestimmte W\u00fcnsche oder Vorschl\u00e4ge? Schreiben Sie uns! Hier finden Sie unser aktuelles Angebot aufgelistet. &gt;&gt;&gt; &nbsp;","og_url":"https:\/\/www.zebemusic.com\/de\/blech\/","og_site_name":"ZebeMusic","article_publisher":"https:\/\/www.facebook.com\/zebemusic","article_modified_time":"2025-04-29T12:07:17+00:00","og_image":[{"width":706,"height":1000,"url":"https:\/\/www.zebemusic.com\/wp-content\/uploads\/2024\/05\/ZEBE4017.04.jpg","type":"image\/jpeg"}],"twitter_card":"summary_large_image","twitter_misc":{"Est. reading time":"1 minute"},"schema":{"@context":"https:\/\/schema.org","@graph":[{"@type":"WebPage","@id":"https:\/\/www.zebemusic.com\/de\/blech\/","url":"https:\/\/www.zebemusic.com\/de\/blech\/","name":"Praise in Blech \ud83c\udfba","isPartOf":{"@id":"https:\/\/www.zebemusic.com\/de\/#website"},"primaryImageOfPage":{"@id":"https:\/\/www.zebemusic.com\/de\/blech\/#primaryimage"},"image":{"@id":"https:\/\/www.zebemusic.com\/de\/blech\/#primaryimage"},"thumbnailUrl":"https:\/\/www.zebemusic.com\/wp-content\/uploads\/2024\/05\/ZEBE4017.04-212x300.jpg","datePublished":"2025-04-29T12:03:01+00:00","dateModified":"2025-04-29T12:07:17+00:00","inLanguage":"de-DE","potentialAction":[{"@type":"ReadAction","target":["https:\/\/www.zebemusic.com\/de\/blech\/"]}]},{"@type":"ImageObject","inLanguage":"de-DE","@id":"https:\/\/www.zebemusic.com\/de\/blech\/#primaryimage","url":"https:\/\/www.zebemusic.com\/wp-content\/uploads\/2024\/05\/ZEBE4017.04-212x300.jpg","contentUrl":"https:\/\/www.zebemusic.com\/wp-content\/uploads\/2024\/05\/ZEBE4017.04-212x300.jpg"},{"@type":"WebSite","@id":"https:\/\/www.zebemusic.com\/de\/#website","url":"https:\/\/www.zebemusic.com\/de\/","name":"ZebeMusic","description":"makes you sing.","publisher":{"@id":"https:\/\/www.zebemusic.com\/de\/#organization"},"alternateName":"Gospelnoten & Kindermusicals","potentialAction":[{"@type":"SearchAction","target":{"@type":"EntryPoint","urlTemplate":"https:\/\/www.zebemusic.com\/de\/?s={search_term_string}"},"query-input":{"@type":"PropertyValueSpecification","valueRequired":true,"valueName":"search_term_string"}}],"inLanguage":"de-DE"},{"@type":"Organization","@id":"https:\/\/www.zebemusic.com\/de\/#organization","name":"ZebeMusic","url":"https:\/\/www.zebemusic.com\/de\/","logo":{"@type":"ImageObject","inLanguage":"de-DE","@id":"https:\/\/www.zebemusic.com\/de\/#\/schema\/logo\/image\/","url":"https:\/\/www.zebemusic.com\/wp-content\/uploads\/2025\/10\/ZEBE-Logo_ZW-makesyousing.jpg","contentUrl":"https:\/\/www.zebemusic.com\/wp-content\/uploads\/2025\/10\/ZEBE-Logo_ZW-makesyousing.jpg","width":2212,"height":958,"caption":"ZebeMusic"},"image":{"@id":"https:\/\/www.zebemusic.com\/de\/#\/schema\/logo\/image\/"},"sameAs":["https:\/\/www.facebook.com\/zebemusic","https:\/\/www.instagram.com\/zebemusic","https:\/\/www.youtube.com\/zebemusicberlin"]}]}},"_links":{"self":[{"href":"https:\/\/www.zebemusic.com\/de\/wp-json\/wp\/v2\/pages\/23109","targetHints":{"allow":["GET"]}}],"collection":[{"href":"https:\/\/www.zebemusic.com\/de\/wp-json\/wp\/v2\/pages"}],"about":[{"href":"https:\/\/www.zebemusic.com\/de\/wp-json\/wp\/v2\/types\/page"}],"author":[{"embeddable":true,"href":"https:\/\/www.zebemusic.com\/de\/wp-json\/wp\/v2\/users\/50"}],"replies":[{"embeddable":true,"href":"https:\/\/www.zebemusic.com\/de\/wp-json\/wp\/v2\/comments?post=23109"}],"version-history":[{"count":5,"href":"https:\/\/www.zebemusic.com\/de\/wp-json\/wp\/v2\/pages\/23109\/revisions"}],"predecessor-version":[{"id":23123,"href":"https:\/\/www.zebemusic.com\/de\/wp-json\/wp\/v2\/pages\/23109\/revisions\/23123"}],"wp:attachment":[{"href":"https:\/\/www.zebemusic.com\/de\/wp-json\/wp\/v2\/media?parent=23109"}],"curies":[{"name":"wp","href":"https:\/\/api.w.org\/{rel}","templated":true}]}}