{"id":4657,"date":"2014-11-27T16:05:10","date_gmt":"2014-11-27T14:05:10","guid":{"rendered":"http:\/\/zebemusic.smukkeberg.com\/?page_id=4657"},"modified":"2026-03-17T13:38:31","modified_gmt":"2026-03-17T12:38:31","slug":"nikoschlenker","status":"publish","type":"page","link":"https:\/\/www.zebemusic.com\/de\/ueber-uns\/autoren\/nikoschlenker\/","title":{"rendered":"Niko Schlenker"},"content":{"rendered":"<p><a href=\"http:\/\/www.zebemusic.com\/wp-content\/uploads\/2015\/05\/niko_schlenker.jpg\"><img loading=\"lazy\" decoding=\"async\" class=\" wp-image-6143 alignleft\" src=\"http:\/\/www.zebemusic.com\/wp-content\/uploads\/2015\/05\/niko_schlenker.jpg\" alt=\"\" width=\"295\" height=\"264\" srcset=\"https:\/\/www.zebemusic.com\/wp-content\/uploads\/2015\/05\/niko_schlenker.jpg 250w, https:\/\/www.zebemusic.com\/wp-content\/uploads\/2015\/05\/niko_schlenker-200x179.jpg 200w, https:\/\/www.zebemusic.com\/wp-content\/uploads\/2015\/05\/niko_schlenker-150x134.jpg 150w, https:\/\/www.zebemusic.com\/wp-content\/uploads\/2015\/05\/niko_schlenker-60x54.jpg 60w\" sizes=\"auto, (max-width: 295px) 100vw, 295px\" \/><\/a>Der 1960 in Stendal geborene Sohn des Kirchenmusiker-Ehepaares Manfred und Ursula Schlenker erlernte schon fr\u00fch das Geige- und Klavierspiel. Er war als Jugendlicher Mitglied in einer Vielzahl von Kirchenbands und spielte mehrere deutschlandweite Kirchentourneen. In Greifswald studierte er Kirchenmusik und sp\u00e4ter Klavier bei Prof. Manfred Schmitz an der Hochschule f\u00fcr Musik Franz Liszt in Weimar. 1987 zog er nach Freiburg und arbeitete als Instrumentallehrer.<\/p>\n<p>Dort begann er mit seiner erfolgreichen Karriere als Chorleiter. In den 1090er Jahren tourte er als Pianist durch franz\u00f6sische Piano-Bars. Den renommierten <em>U.S.A. Mass Choir<\/em> begleitete er auf der Hammond-Orgel. Weitere Inspirationen sammelte er in afrikanischen Bands. Niko Schlenker lebt im K\u00f6lner Raum und widmet sich als Arrangeur, Chor- und <a href=\"http:\/\/www.gospel-workshop.de\">Workshopleiter<\/a> der Gospelmusik. Besonders orientiert er sich dabei an der kreativen neuen amerikanischen Gospelszene. Er war musikalischer Leiter des renommierten LivingGospel Choir (CD \u201eTell The World\u201c) und begleitete das Musical \u201eOh Happy Day\u201c. 2006 gr\u00fcndete er die <em>Angelic Gospel Singers<\/em>, die Ch\u00f6re <em>Joy of Gospel<\/em> und <em>River of Joy<\/em>. Inspiriert wird er durch seinen christlichen Glauben und gilt heute als einer der kreativsten und produktivsten Gospelkomponist Deutschlands.<\/p>\n<p>Mit seinem Vokalquartett <em>The Angels<\/em> und anderen renommierten Gospelk\u00fcnstlern produzierte er bei ZebeMusic die Alben \u201eReasons\u201c, \u201eNew Day &#8211; New Song\u201c, \u201eGreater Than Anything\u201c und \u201eLife in 4D\u201c.<\/p>\n<p style=\"text-align: center;\"><iframe loading=\"lazy\" src=\"\/\/www.youtube.com\/embed\/W769gz4Sg94\" width=\"350\" height=\"230\" frameborder=\"0\" allowfullscreen=\"allowfullscreen\"><\/iframe><\/p>\n<p style=\"text-align: right;\">Nikos Webseite: <a href=\"http:\/\/www.gospel-workshop.de\/\" target=\"blank\" rel=\"noopener\"><strong>www.gospel-workshop.de<\/strong><\/a><\/p>\n<hr \/>\n<h3 style=\"text-align: left;\">Niko bei ZebeMusic:<\/h3>\n","protected":false},"excerpt":{"rendered":"<p>Der 1960 in Stendal geborene Sohn des Kirchenmusiker-Ehepaares Manfred und Ursula Schlenker erlernte schon fr\u00fch das Geige- und Klavierspiel. Er war als Jugendlicher Mitglied in einer Vielzahl von Kirchenbands und spielte mehrere deutschlandweite Kirchentourneen. In Greifswald studierte er Kirchenmusik und sp\u00e4ter Klavier bei Prof. Manfred Schmitz an der Hochschule f\u00fcr Musik Franz Liszt in Weimar. [&hellip;]<\/p>\n","protected":false},"author":50,"featured_media":0,"parent":36,"menu_order":0,"comment_status":"closed","ping_status":"closed","template":"page-templates\/page-sidebar-none.php","meta":{"_acf_changed":false,"footnotes":""},"class_list":["post-4657","page","type-page","status-publish","hentry"],"acf":[],"yoast_head":"<!-- This site is optimized with the Yoast SEO plugin v27.5 - https:\/\/yoast.com\/product\/yoast-seo-wordpress\/ -->\n<title>Niko Schlenker<\/title>\n<meta name=\"description\" content=\"Niko Schlenker ist einer der f\u00fchrenden europ\u00e4ischen Gospelmusiker. Seine Kompositionen geh\u00f6ren zu den Standards des allgemeinen Gospel-Repertoires.\" \/>\n<meta name=\"robots\" content=\"index, follow, max-snippet:-1, max-image-preview:large, max-video-preview:-1\" \/>\n<link rel=\"canonical\" href=\"https:\/\/www.zebemusic.com\/de\/ueber-uns\/autoren\/nikoschlenker\/\" \/>\n<meta property=\"og:locale\" content=\"de_DE\" \/>\n<meta property=\"og:type\" content=\"article\" \/>\n<meta property=\"og:title\" content=\"Niko Schlenker\" \/>\n<meta property=\"og:description\" content=\"Niko Schlenker ist einer der f\u00fchrenden europ\u00e4ischen Gospelmusiker. Seine Kompositionen geh\u00f6ren zu den Standards des allgemeinen Gospel-Repertoires.\" \/>\n<meta property=\"og:url\" content=\"https:\/\/www.zebemusic.com\/de\/ueber-uns\/autoren\/nikoschlenker\/\" \/>\n<meta property=\"og:site_name\" content=\"ZebeMusic\" \/>\n<meta property=\"article:publisher\" content=\"https:\/\/www.facebook.com\/zebemusic\" \/>\n<meta property=\"article:modified_time\" content=\"2026-03-17T12:38:31+00:00\" \/>\n<meta property=\"og:image\" content=\"http:\/\/www.zebemusic.com\/wp-content\/uploads\/2015\/05\/niko_schlenker.jpg\" \/>\n<meta name=\"twitter:card\" content=\"summary_large_image\" \/>\n<meta name=\"twitter:label1\" content=\"Est. reading time\" \/>\n\t<meta name=\"twitter:data1\" content=\"2 minutes\" \/>\n<script type=\"application\/ld+json\" class=\"yoast-schema-graph\">{\"@context\":\"https:\\\/\\\/schema.org\",\"@graph\":[{\"@type\":\"WebPage\",\"@id\":\"https:\\\/\\\/www.zebemusic.com\\\/de\\\/ueber-uns\\\/autoren\\\/nikoschlenker\\\/\",\"url\":\"https:\\\/\\\/www.zebemusic.com\\\/de\\\/ueber-uns\\\/autoren\\\/nikoschlenker\\\/\",\"name\":\"Niko Schlenker\",\"isPartOf\":{\"@id\":\"https:\\\/\\\/www.zebemusic.com\\\/de\\\/#website\"},\"primaryImageOfPage\":{\"@id\":\"https:\\\/\\\/www.zebemusic.com\\\/de\\\/ueber-uns\\\/autoren\\\/nikoschlenker\\\/#primaryimage\"},\"image\":{\"@id\":\"https:\\\/\\\/www.zebemusic.com\\\/de\\\/ueber-uns\\\/autoren\\\/nikoschlenker\\\/#primaryimage\"},\"thumbnailUrl\":\"http:\\\/\\\/www.zebemusic.com\\\/wp-content\\\/uploads\\\/2015\\\/05\\\/niko_schlenker.jpg\",\"datePublished\":\"2014-11-27T14:05:10+00:00\",\"dateModified\":\"2026-03-17T12:38:31+00:00\",\"description\":\"Niko Schlenker ist einer der f\u00fchrenden europ\u00e4ischen Gospelmusiker. Seine Kompositionen geh\u00f6ren zu den Standards des allgemeinen Gospel-Repertoires.\",\"breadcrumb\":{\"@id\":\"https:\\\/\\\/www.zebemusic.com\\\/de\\\/ueber-uns\\\/autoren\\\/nikoschlenker\\\/#breadcrumb\"},\"inLanguage\":\"de-DE\",\"potentialAction\":[{\"@type\":\"ReadAction\",\"target\":[\"https:\\\/\\\/www.zebemusic.com\\\/de\\\/ueber-uns\\\/autoren\\\/nikoschlenker\\\/\"]}]},{\"@type\":\"ImageObject\",\"inLanguage\":\"de-DE\",\"@id\":\"https:\\\/\\\/www.zebemusic.com\\\/de\\\/ueber-uns\\\/autoren\\\/nikoschlenker\\\/#primaryimage\",\"url\":\"http:\\\/\\\/www.zebemusic.com\\\/wp-content\\\/uploads\\\/2015\\\/05\\\/niko_schlenker.jpg\",\"contentUrl\":\"http:\\\/\\\/www.zebemusic.com\\\/wp-content\\\/uploads\\\/2015\\\/05\\\/niko_schlenker.jpg\"},{\"@type\":\"BreadcrumbList\",\"@id\":\"https:\\\/\\\/www.zebemusic.com\\\/de\\\/ueber-uns\\\/autoren\\\/nikoschlenker\\\/#breadcrumb\",\"itemListElement\":[{\"@type\":\"ListItem\",\"position\":1,\"name\":\"\u00dcber uns\",\"item\":\"https:\\\/\\\/www.zebemusic.com\\\/de\\\/ueber-uns\\\/\"},{\"@type\":\"ListItem\",\"position\":2,\"name\":\"Autoren &#038; K\u00fcnstler\",\"item\":\"https:\\\/\\\/www.zebemusic.com\\\/de\\\/ueber-uns\\\/autoren\\\/\"},{\"@type\":\"ListItem\",\"position\":3,\"name\":\"Niko Schlenker\"}]},{\"@type\":\"WebSite\",\"@id\":\"https:\\\/\\\/www.zebemusic.com\\\/de\\\/#website\",\"url\":\"https:\\\/\\\/www.zebemusic.com\\\/de\\\/\",\"name\":\"ZebeMusic\",\"description\":\"makes you sing.\",\"publisher\":{\"@id\":\"https:\\\/\\\/www.zebemusic.com\\\/de\\\/#organization\"},\"alternateName\":\"Gospelnoten & Kindermusicals\",\"potentialAction\":[{\"@type\":\"SearchAction\",\"target\":{\"@type\":\"EntryPoint\",\"urlTemplate\":\"https:\\\/\\\/www.zebemusic.com\\\/de\\\/?s={search_term_string}\"},\"query-input\":{\"@type\":\"PropertyValueSpecification\",\"valueRequired\":true,\"valueName\":\"search_term_string\"}}],\"inLanguage\":\"de-DE\"},{\"@type\":\"Organization\",\"@id\":\"https:\\\/\\\/www.zebemusic.com\\\/de\\\/#organization\",\"name\":\"ZebeMusic\",\"url\":\"https:\\\/\\\/www.zebemusic.com\\\/de\\\/\",\"logo\":{\"@type\":\"ImageObject\",\"inLanguage\":\"de-DE\",\"@id\":\"https:\\\/\\\/www.zebemusic.com\\\/de\\\/#\\\/schema\\\/logo\\\/image\\\/\",\"url\":\"https:\\\/\\\/www.zebemusic.com\\\/wp-content\\\/uploads\\\/2025\\\/10\\\/ZEBE-Logo_ZW-makesyousing.jpg\",\"contentUrl\":\"https:\\\/\\\/www.zebemusic.com\\\/wp-content\\\/uploads\\\/2025\\\/10\\\/ZEBE-Logo_ZW-makesyousing.jpg\",\"width\":2212,\"height\":958,\"caption\":\"ZebeMusic\"},\"image\":{\"@id\":\"https:\\\/\\\/www.zebemusic.com\\\/de\\\/#\\\/schema\\\/logo\\\/image\\\/\"},\"sameAs\":[\"https:\\\/\\\/www.facebook.com\\\/zebemusic\",\"https:\\\/\\\/www.instagram.com\\\/zebemusic\",\"https:\\\/\\\/www.youtube.com\\\/zebemusicberlin\"]}]}<\/script>\n<!-- \/ Yoast SEO plugin. -->","yoast_head_json":{"title":"Niko Schlenker","description":"Niko Schlenker ist einer der f\u00fchrenden europ\u00e4ischen Gospelmusiker. Seine Kompositionen geh\u00f6ren zu den Standards des allgemeinen Gospel-Repertoires.","robots":{"index":"index","follow":"follow","max-snippet":"max-snippet:-1","max-image-preview":"max-image-preview:large","max-video-preview":"max-video-preview:-1"},"canonical":"https:\/\/www.zebemusic.com\/de\/ueber-uns\/autoren\/nikoschlenker\/","og_locale":"de_DE","og_type":"article","og_title":"Niko Schlenker","og_description":"Niko Schlenker ist einer der f\u00fchrenden europ\u00e4ischen Gospelmusiker. Seine Kompositionen geh\u00f6ren zu den Standards des allgemeinen Gospel-Repertoires.","og_url":"https:\/\/www.zebemusic.com\/de\/ueber-uns\/autoren\/nikoschlenker\/","og_site_name":"ZebeMusic","article_publisher":"https:\/\/www.facebook.com\/zebemusic","article_modified_time":"2026-03-17T12:38:31+00:00","og_image":[{"url":"http:\/\/www.zebemusic.com\/wp-content\/uploads\/2015\/05\/niko_schlenker.jpg","type":"","width":"","height":""}],"twitter_card":"summary_large_image","twitter_misc":{"Est. reading time":"2 minutes"},"schema":{"@context":"https:\/\/schema.org","@graph":[{"@type":"WebPage","@id":"https:\/\/www.zebemusic.com\/de\/ueber-uns\/autoren\/nikoschlenker\/","url":"https:\/\/www.zebemusic.com\/de\/ueber-uns\/autoren\/nikoschlenker\/","name":"Niko Schlenker","isPartOf":{"@id":"https:\/\/www.zebemusic.com\/de\/#website"},"primaryImageOfPage":{"@id":"https:\/\/www.zebemusic.com\/de\/ueber-uns\/autoren\/nikoschlenker\/#primaryimage"},"image":{"@id":"https:\/\/www.zebemusic.com\/de\/ueber-uns\/autoren\/nikoschlenker\/#primaryimage"},"thumbnailUrl":"http:\/\/www.zebemusic.com\/wp-content\/uploads\/2015\/05\/niko_schlenker.jpg","datePublished":"2014-11-27T14:05:10+00:00","dateModified":"2026-03-17T12:38:31+00:00","description":"Niko Schlenker ist einer der f\u00fchrenden europ\u00e4ischen Gospelmusiker. Seine Kompositionen geh\u00f6ren zu den Standards des allgemeinen Gospel-Repertoires.","breadcrumb":{"@id":"https:\/\/www.zebemusic.com\/de\/ueber-uns\/autoren\/nikoschlenker\/#breadcrumb"},"inLanguage":"de-DE","potentialAction":[{"@type":"ReadAction","target":["https:\/\/www.zebemusic.com\/de\/ueber-uns\/autoren\/nikoschlenker\/"]}]},{"@type":"ImageObject","inLanguage":"de-DE","@id":"https:\/\/www.zebemusic.com\/de\/ueber-uns\/autoren\/nikoschlenker\/#primaryimage","url":"http:\/\/www.zebemusic.com\/wp-content\/uploads\/2015\/05\/niko_schlenker.jpg","contentUrl":"http:\/\/www.zebemusic.com\/wp-content\/uploads\/2015\/05\/niko_schlenker.jpg"},{"@type":"BreadcrumbList","@id":"https:\/\/www.zebemusic.com\/de\/ueber-uns\/autoren\/nikoschlenker\/#breadcrumb","itemListElement":[{"@type":"ListItem","position":1,"name":"\u00dcber uns","item":"https:\/\/www.zebemusic.com\/de\/ueber-uns\/"},{"@type":"ListItem","position":2,"name":"Autoren &#038; K\u00fcnstler","item":"https:\/\/www.zebemusic.com\/de\/ueber-uns\/autoren\/"},{"@type":"ListItem","position":3,"name":"Niko Schlenker"}]},{"@type":"WebSite","@id":"https:\/\/www.zebemusic.com\/de\/#website","url":"https:\/\/www.zebemusic.com\/de\/","name":"ZebeMusic","description":"makes you sing.","publisher":{"@id":"https:\/\/www.zebemusic.com\/de\/#organization"},"alternateName":"Gospelnoten & Kindermusicals","potentialAction":[{"@type":"SearchAction","target":{"@type":"EntryPoint","urlTemplate":"https:\/\/www.zebemusic.com\/de\/?s={search_term_string}"},"query-input":{"@type":"PropertyValueSpecification","valueRequired":true,"valueName":"search_term_string"}}],"inLanguage":"de-DE"},{"@type":"Organization","@id":"https:\/\/www.zebemusic.com\/de\/#organization","name":"ZebeMusic","url":"https:\/\/www.zebemusic.com\/de\/","logo":{"@type":"ImageObject","inLanguage":"de-DE","@id":"https:\/\/www.zebemusic.com\/de\/#\/schema\/logo\/image\/","url":"https:\/\/www.zebemusic.com\/wp-content\/uploads\/2025\/10\/ZEBE-Logo_ZW-makesyousing.jpg","contentUrl":"https:\/\/www.zebemusic.com\/wp-content\/uploads\/2025\/10\/ZEBE-Logo_ZW-makesyousing.jpg","width":2212,"height":958,"caption":"ZebeMusic"},"image":{"@id":"https:\/\/www.zebemusic.com\/de\/#\/schema\/logo\/image\/"},"sameAs":["https:\/\/www.facebook.com\/zebemusic","https:\/\/www.instagram.com\/zebemusic","https:\/\/www.youtube.com\/zebemusicberlin"]}]}},"_links":{"self":[{"href":"https:\/\/www.zebemusic.com\/de\/wp-json\/wp\/v2\/pages\/4657","targetHints":{"allow":["GET"]}}],"collection":[{"href":"https:\/\/www.zebemusic.com\/de\/wp-json\/wp\/v2\/pages"}],"about":[{"href":"https:\/\/www.zebemusic.com\/de\/wp-json\/wp\/v2\/types\/page"}],"author":[{"embeddable":true,"href":"https:\/\/www.zebemusic.com\/de\/wp-json\/wp\/v2\/users\/50"}],"replies":[{"embeddable":true,"href":"https:\/\/www.zebemusic.com\/de\/wp-json\/wp\/v2\/comments?post=4657"}],"version-history":[{"count":24,"href":"https:\/\/www.zebemusic.com\/de\/wp-json\/wp\/v2\/pages\/4657\/revisions"}],"predecessor-version":[{"id":31249,"href":"https:\/\/www.zebemusic.com\/de\/wp-json\/wp\/v2\/pages\/4657\/revisions\/31249"}],"up":[{"embeddable":true,"href":"https:\/\/www.zebemusic.com\/de\/wp-json\/wp\/v2\/pages\/36"}],"wp:attachment":[{"href":"https:\/\/www.zebemusic.com\/de\/wp-json\/wp\/v2\/media?parent=4657"}],"curies":[{"name":"wp","href":"https:\/\/api.w.org\/{rel}","templated":true}]}}