{"id":4663,"date":"2014-11-27T18:14:14","date_gmt":"2014-11-27T16:14:14","guid":{"rendered":"http:\/\/zebemusic.smukkeberg.com\/?page_id=4663"},"modified":"2024-06-14T01:51:15","modified_gmt":"2024-06-14T00:51:15","slug":"barbaraschatz","status":"publish","type":"page","link":"https:\/\/www.zebemusic.com\/de\/ueber-uns\/autoren\/barbaraschatz\/","title":{"rendered":"Barbara Schatz"},"content":{"rendered":"<p><a href=\"https:\/\/zebemusic.com\/wp-content\/uploads\/2023\/12\/Barbara-Schatz.jpg\"><img loading=\"lazy\" decoding=\"async\" class=\"wp-image-19436 alignleft\" src=\"https:\/\/zebemusic.com\/wp-content\/uploads\/2023\/12\/Barbara-Schatz-233x300.jpg\" alt=\"\" width=\"162\" height=\"209\" srcset=\"https:\/\/www.zebemusic.com\/wp-content\/uploads\/2023\/12\/Barbara-Schatz-233x300.jpg 233w, https:\/\/www.zebemusic.com\/wp-content\/uploads\/2023\/12\/Barbara-Schatz-116x150.jpg 116w, https:\/\/www.zebemusic.com\/wp-content\/uploads\/2023\/12\/Barbara-Schatz-200x258.jpg 200w, https:\/\/www.zebemusic.com\/wp-content\/uploads\/2023\/12\/Barbara-Schatz-600x774.jpg 600w, https:\/\/www.zebemusic.com\/wp-content\/uploads\/2023\/12\/Barbara-Schatz.jpg 617w\" sizes=\"auto, (max-width: 162px) 100vw, 162px\" \/><\/a>Barbara Schatz wurde 1956 in Halle (Saale) geboren und ist seit den 60er Jahren als Texterin t\u00e4tig. Schon fr\u00fch entdeckte sie ihr Talent f\u00fcr den Umgang mit Worten und begann in der Bandarbeit, neben dem Spiel von Geige und Gitarre, Sprache mit Klang in Verbindung zu setzen. Der besondere Fokus ihrer Arbeit gilt dem Vertexten von biblischen Themen f\u00fcr Musicals. Gemeinsam mit dem Komponisten Andreas M\u00fccksch schrieb sie \u201eJoseph\u201c, ihr erstes Musical. Seitdem sind in fortlaufender gemeinsamer Arbeit etliche Werke mit spannenden Geschichten bei ZebeMusic erschienen. Zus\u00e4tzlich ist sie auch selbst aktiv an B\u00fchnen- auff\u00fchrungen in Regie und Choreographie und Studioeinspielungen ihrer Musicals beteiligt.<\/p>\n<p>Neben der kreativen Arbeit engagiert sich Barbara Schatz stark f\u00fcr die soziale Arbeit mit Kindern und Senioren. Die Lebensgeschichten die sie bei ihren T\u00e4tigkeiten erf\u00e4hrt, stellen f\u00fcr sie eine gro\u00dfe Inspirationsquelle f\u00fcr ihre Liedertexte dar.<\/p>\n<p>&nbsp;<\/p>\n<hr \/>\n<h3>Barbara bei ZebeMusic:<\/h3>\n","protected":false},"excerpt":{"rendered":"<p>Barbara Schatz wurde 1956 in Halle (Saale) geboren und ist seit den 60er Jahren als Texterin t\u00e4tig. Schon fr\u00fch entdeckte sie ihr Talent f\u00fcr den Umgang mit Worten und begann in der Bandarbeit, neben dem Spiel von Geige und Gitarre, Sprache mit Klang in Verbindung zu setzen. Der besondere Fokus ihrer Arbeit gilt dem Vertexten [&hellip;]<\/p>\n","protected":false},"author":50,"featured_media":0,"parent":36,"menu_order":0,"comment_status":"closed","ping_status":"closed","template":"page-templates\/page-sidebar-none.php","meta":{"_acf_changed":false,"footnotes":""},"class_list":["post-4663","page","type-page","status-publish","hentry"],"acf":[],"yoast_head":"<!-- This site is optimized with the Yoast SEO plugin v27.5 - https:\/\/yoast.com\/product\/yoast-seo-wordpress\/ -->\n<title>Barbara Schatz<\/title>\n<meta name=\"robots\" content=\"index, follow, max-snippet:-1, max-image-preview:large, max-video-preview:-1\" \/>\n<link rel=\"canonical\" href=\"https:\/\/www.zebemusic.com\/de\/ueber-uns\/autoren\/barbaraschatz\/\" \/>\n<meta property=\"og:locale\" content=\"de_DE\" \/>\n<meta property=\"og:type\" content=\"article\" \/>\n<meta property=\"og:title\" content=\"Barbara Schatz\" \/>\n<meta property=\"og:description\" content=\"Barbara Schatz wurde 1956 in Halle (Saale) geboren und ist seit den 60er Jahren als Texterin t\u00e4tig. Schon fr\u00fch entdeckte sie ihr Talent f\u00fcr den Umgang mit Worten und begann in der Bandarbeit, neben dem Spiel von Geige und Gitarre, Sprache mit Klang in Verbindung zu setzen. Der besondere Fokus ihrer Arbeit gilt dem Vertexten [&hellip;]\" \/>\n<meta property=\"og:url\" content=\"https:\/\/www.zebemusic.com\/de\/ueber-uns\/autoren\/barbaraschatz\/\" \/>\n<meta property=\"og:site_name\" content=\"ZebeMusic\" \/>\n<meta property=\"article:publisher\" content=\"https:\/\/www.facebook.com\/zebemusic\" \/>\n<meta property=\"article:modified_time\" content=\"2024-06-14T00:51:15+00:00\" \/>\n<meta property=\"og:image\" content=\"https:\/\/zebemusic.com\/wp-content\/uploads\/2023\/12\/Barbara-Schatz-233x300.jpg\" \/>\n<meta name=\"twitter:card\" content=\"summary_large_image\" \/>\n<meta name=\"twitter:label1\" content=\"Est. reading time\" \/>\n\t<meta name=\"twitter:data1\" content=\"1 minute\" \/>\n<script type=\"application\/ld+json\" class=\"yoast-schema-graph\">{\"@context\":\"https:\\\/\\\/schema.org\",\"@graph\":[{\"@type\":\"WebPage\",\"@id\":\"https:\\\/\\\/www.zebemusic.com\\\/de\\\/ueber-uns\\\/autoren\\\/barbaraschatz\\\/\",\"url\":\"https:\\\/\\\/www.zebemusic.com\\\/de\\\/ueber-uns\\\/autoren\\\/barbaraschatz\\\/\",\"name\":\"Barbara Schatz\",\"isPartOf\":{\"@id\":\"https:\\\/\\\/www.zebemusic.com\\\/de\\\/#website\"},\"primaryImageOfPage\":{\"@id\":\"https:\\\/\\\/www.zebemusic.com\\\/de\\\/ueber-uns\\\/autoren\\\/barbaraschatz\\\/#primaryimage\"},\"image\":{\"@id\":\"https:\\\/\\\/www.zebemusic.com\\\/de\\\/ueber-uns\\\/autoren\\\/barbaraschatz\\\/#primaryimage\"},\"thumbnailUrl\":\"https:\\\/\\\/zebemusic.com\\\/wp-content\\\/uploads\\\/2023\\\/12\\\/Barbara-Schatz-233x300.jpg\",\"datePublished\":\"2014-11-27T16:14:14+00:00\",\"dateModified\":\"2024-06-14T00:51:15+00:00\",\"breadcrumb\":{\"@id\":\"https:\\\/\\\/www.zebemusic.com\\\/de\\\/ueber-uns\\\/autoren\\\/barbaraschatz\\\/#breadcrumb\"},\"inLanguage\":\"de-DE\",\"potentialAction\":[{\"@type\":\"ReadAction\",\"target\":[\"https:\\\/\\\/www.zebemusic.com\\\/de\\\/ueber-uns\\\/autoren\\\/barbaraschatz\\\/\"]}]},{\"@type\":\"ImageObject\",\"inLanguage\":\"de-DE\",\"@id\":\"https:\\\/\\\/www.zebemusic.com\\\/de\\\/ueber-uns\\\/autoren\\\/barbaraschatz\\\/#primaryimage\",\"url\":\"https:\\\/\\\/zebemusic.com\\\/wp-content\\\/uploads\\\/2023\\\/12\\\/Barbara-Schatz-233x300.jpg\",\"contentUrl\":\"https:\\\/\\\/zebemusic.com\\\/wp-content\\\/uploads\\\/2023\\\/12\\\/Barbara-Schatz-233x300.jpg\"},{\"@type\":\"BreadcrumbList\",\"@id\":\"https:\\\/\\\/www.zebemusic.com\\\/de\\\/ueber-uns\\\/autoren\\\/barbaraschatz\\\/#breadcrumb\",\"itemListElement\":[{\"@type\":\"ListItem\",\"position\":1,\"name\":\"\u00dcber uns\",\"item\":\"https:\\\/\\\/www.zebemusic.com\\\/de\\\/ueber-uns\\\/\"},{\"@type\":\"ListItem\",\"position\":2,\"name\":\"Autoren &#038; K\u00fcnstler\",\"item\":\"https:\\\/\\\/www.zebemusic.com\\\/de\\\/ueber-uns\\\/autoren\\\/\"},{\"@type\":\"ListItem\",\"position\":3,\"name\":\"Barbara Schatz\"}]},{\"@type\":\"WebSite\",\"@id\":\"https:\\\/\\\/www.zebemusic.com\\\/de\\\/#website\",\"url\":\"https:\\\/\\\/www.zebemusic.com\\\/de\\\/\",\"name\":\"ZebeMusic\",\"description\":\"makes you sing.\",\"publisher\":{\"@id\":\"https:\\\/\\\/www.zebemusic.com\\\/de\\\/#organization\"},\"alternateName\":\"Gospelnoten & Kindermusicals\",\"potentialAction\":[{\"@type\":\"SearchAction\",\"target\":{\"@type\":\"EntryPoint\",\"urlTemplate\":\"https:\\\/\\\/www.zebemusic.com\\\/de\\\/?s={search_term_string}\"},\"query-input\":{\"@type\":\"PropertyValueSpecification\",\"valueRequired\":true,\"valueName\":\"search_term_string\"}}],\"inLanguage\":\"de-DE\"},{\"@type\":\"Organization\",\"@id\":\"https:\\\/\\\/www.zebemusic.com\\\/de\\\/#organization\",\"name\":\"ZebeMusic\",\"url\":\"https:\\\/\\\/www.zebemusic.com\\\/de\\\/\",\"logo\":{\"@type\":\"ImageObject\",\"inLanguage\":\"de-DE\",\"@id\":\"https:\\\/\\\/www.zebemusic.com\\\/de\\\/#\\\/schema\\\/logo\\\/image\\\/\",\"url\":\"https:\\\/\\\/www.zebemusic.com\\\/wp-content\\\/uploads\\\/2025\\\/10\\\/ZEBE-Logo_ZW-makesyousing.jpg\",\"contentUrl\":\"https:\\\/\\\/www.zebemusic.com\\\/wp-content\\\/uploads\\\/2025\\\/10\\\/ZEBE-Logo_ZW-makesyousing.jpg\",\"width\":2212,\"height\":958,\"caption\":\"ZebeMusic\"},\"image\":{\"@id\":\"https:\\\/\\\/www.zebemusic.com\\\/de\\\/#\\\/schema\\\/logo\\\/image\\\/\"},\"sameAs\":[\"https:\\\/\\\/www.facebook.com\\\/zebemusic\",\"https:\\\/\\\/www.instagram.com\\\/zebemusic\",\"https:\\\/\\\/www.youtube.com\\\/zebemusicberlin\"]}]}<\/script>\n<!-- \/ Yoast SEO plugin. -->","yoast_head_json":{"title":"Barbara Schatz","robots":{"index":"index","follow":"follow","max-snippet":"max-snippet:-1","max-image-preview":"max-image-preview:large","max-video-preview":"max-video-preview:-1"},"canonical":"https:\/\/www.zebemusic.com\/de\/ueber-uns\/autoren\/barbaraschatz\/","og_locale":"de_DE","og_type":"article","og_title":"Barbara Schatz","og_description":"Barbara Schatz wurde 1956 in Halle (Saale) geboren und ist seit den 60er Jahren als Texterin t\u00e4tig. Schon fr\u00fch entdeckte sie ihr Talent f\u00fcr den Umgang mit Worten und begann in der Bandarbeit, neben dem Spiel von Geige und Gitarre, Sprache mit Klang in Verbindung zu setzen. Der besondere Fokus ihrer Arbeit gilt dem Vertexten [&hellip;]","og_url":"https:\/\/www.zebemusic.com\/de\/ueber-uns\/autoren\/barbaraschatz\/","og_site_name":"ZebeMusic","article_publisher":"https:\/\/www.facebook.com\/zebemusic","article_modified_time":"2024-06-14T00:51:15+00:00","og_image":[{"url":"https:\/\/zebemusic.com\/wp-content\/uploads\/2023\/12\/Barbara-Schatz-233x300.jpg","type":"","width":"","height":""}],"twitter_card":"summary_large_image","twitter_misc":{"Est. reading time":"1 minute"},"schema":{"@context":"https:\/\/schema.org","@graph":[{"@type":"WebPage","@id":"https:\/\/www.zebemusic.com\/de\/ueber-uns\/autoren\/barbaraschatz\/","url":"https:\/\/www.zebemusic.com\/de\/ueber-uns\/autoren\/barbaraschatz\/","name":"Barbara Schatz","isPartOf":{"@id":"https:\/\/www.zebemusic.com\/de\/#website"},"primaryImageOfPage":{"@id":"https:\/\/www.zebemusic.com\/de\/ueber-uns\/autoren\/barbaraschatz\/#primaryimage"},"image":{"@id":"https:\/\/www.zebemusic.com\/de\/ueber-uns\/autoren\/barbaraschatz\/#primaryimage"},"thumbnailUrl":"https:\/\/zebemusic.com\/wp-content\/uploads\/2023\/12\/Barbara-Schatz-233x300.jpg","datePublished":"2014-11-27T16:14:14+00:00","dateModified":"2024-06-14T00:51:15+00:00","breadcrumb":{"@id":"https:\/\/www.zebemusic.com\/de\/ueber-uns\/autoren\/barbaraschatz\/#breadcrumb"},"inLanguage":"de-DE","potentialAction":[{"@type":"ReadAction","target":["https:\/\/www.zebemusic.com\/de\/ueber-uns\/autoren\/barbaraschatz\/"]}]},{"@type":"ImageObject","inLanguage":"de-DE","@id":"https:\/\/www.zebemusic.com\/de\/ueber-uns\/autoren\/barbaraschatz\/#primaryimage","url":"https:\/\/zebemusic.com\/wp-content\/uploads\/2023\/12\/Barbara-Schatz-233x300.jpg","contentUrl":"https:\/\/zebemusic.com\/wp-content\/uploads\/2023\/12\/Barbara-Schatz-233x300.jpg"},{"@type":"BreadcrumbList","@id":"https:\/\/www.zebemusic.com\/de\/ueber-uns\/autoren\/barbaraschatz\/#breadcrumb","itemListElement":[{"@type":"ListItem","position":1,"name":"\u00dcber uns","item":"https:\/\/www.zebemusic.com\/de\/ueber-uns\/"},{"@type":"ListItem","position":2,"name":"Autoren &#038; K\u00fcnstler","item":"https:\/\/www.zebemusic.com\/de\/ueber-uns\/autoren\/"},{"@type":"ListItem","position":3,"name":"Barbara Schatz"}]},{"@type":"WebSite","@id":"https:\/\/www.zebemusic.com\/de\/#website","url":"https:\/\/www.zebemusic.com\/de\/","name":"ZebeMusic","description":"makes you sing.","publisher":{"@id":"https:\/\/www.zebemusic.com\/de\/#organization"},"alternateName":"Gospelnoten & Kindermusicals","potentialAction":[{"@type":"SearchAction","target":{"@type":"EntryPoint","urlTemplate":"https:\/\/www.zebemusic.com\/de\/?s={search_term_string}"},"query-input":{"@type":"PropertyValueSpecification","valueRequired":true,"valueName":"search_term_string"}}],"inLanguage":"de-DE"},{"@type":"Organization","@id":"https:\/\/www.zebemusic.com\/de\/#organization","name":"ZebeMusic","url":"https:\/\/www.zebemusic.com\/de\/","logo":{"@type":"ImageObject","inLanguage":"de-DE","@id":"https:\/\/www.zebemusic.com\/de\/#\/schema\/logo\/image\/","url":"https:\/\/www.zebemusic.com\/wp-content\/uploads\/2025\/10\/ZEBE-Logo_ZW-makesyousing.jpg","contentUrl":"https:\/\/www.zebemusic.com\/wp-content\/uploads\/2025\/10\/ZEBE-Logo_ZW-makesyousing.jpg","width":2212,"height":958,"caption":"ZebeMusic"},"image":{"@id":"https:\/\/www.zebemusic.com\/de\/#\/schema\/logo\/image\/"},"sameAs":["https:\/\/www.facebook.com\/zebemusic","https:\/\/www.instagram.com\/zebemusic","https:\/\/www.youtube.com\/zebemusicberlin"]}]}},"_links":{"self":[{"href":"https:\/\/www.zebemusic.com\/de\/wp-json\/wp\/v2\/pages\/4663","targetHints":{"allow":["GET"]}}],"collection":[{"href":"https:\/\/www.zebemusic.com\/de\/wp-json\/wp\/v2\/pages"}],"about":[{"href":"https:\/\/www.zebemusic.com\/de\/wp-json\/wp\/v2\/types\/page"}],"author":[{"embeddable":true,"href":"https:\/\/www.zebemusic.com\/de\/wp-json\/wp\/v2\/users\/50"}],"replies":[{"embeddable":true,"href":"https:\/\/www.zebemusic.com\/de\/wp-json\/wp\/v2\/comments?post=4663"}],"version-history":[{"count":9,"href":"https:\/\/www.zebemusic.com\/de\/wp-json\/wp\/v2\/pages\/4663\/revisions"}],"predecessor-version":[{"id":22425,"href":"https:\/\/www.zebemusic.com\/de\/wp-json\/wp\/v2\/pages\/4663\/revisions\/22425"}],"up":[{"embeddable":true,"href":"https:\/\/www.zebemusic.com\/de\/wp-json\/wp\/v2\/pages\/36"}],"wp:attachment":[{"href":"https:\/\/www.zebemusic.com\/de\/wp-json\/wp\/v2\/media?parent=4663"}],"curies":[{"name":"wp","href":"https:\/\/api.w.org\/{rel}","templated":true}]}}