{"id":4666,"date":"2014-11-27T18:18:20","date_gmt":"2014-11-27T16:18:20","guid":{"rendered":"http:\/\/zebemusic.smukkeberg.com\/?page_id=4666"},"modified":"2024-02-07T22:47:38","modified_gmt":"2024-02-07T21:47:38","slug":"christophschoepsdau","status":"publish","type":"page","link":"https:\/\/www.zebemusic.com\/de\/ueber-uns\/autoren\/christophschoepsdau\/","title":{"rendered":"Christoph Schoepsdau"},"content":{"rendered":"<p><a href=\"http:\/\/www.zebemusic.com\/wp-content\/uploads\/2019\/04\/schoepsdau-e1706045995485.jpg\"><img loading=\"lazy\" decoding=\"async\" class=\"size-medium wp-image-8874 alignleft\" src=\"http:\/\/www.zebemusic.com\/wp-content\/uploads\/2019\/04\/schoepsdau-e1706045995485-269x300.jpg\" alt=\"\" width=\"269\" height=\"300\" srcset=\"https:\/\/www.zebemusic.com\/wp-content\/uploads\/2019\/04\/schoepsdau-e1706045995485-269x300.jpg 269w, https:\/\/www.zebemusic.com\/wp-content\/uploads\/2019\/04\/schoepsdau-e1706045995485-200x223.jpg 200w, https:\/\/www.zebemusic.com\/wp-content\/uploads\/2019\/04\/schoepsdau-e1706045995485-135x150.jpg 135w, https:\/\/www.zebemusic.com\/wp-content\/uploads\/2019\/04\/schoepsdau-e1706045995485.jpg 594w\" sizes=\"auto, (max-width: 269px) 100vw, 269px\" \/><\/a>Christoph Schoepsdau (*1970) studierte an der Manhattan School of Music und der Hochschule f\u00fcr Musik in Frankfurt. Preistr\u00e4ger ist er unter anderem beim Hessischen \u201eJugend jazzt\u201c und dem Komponisten-Wettbewerb der hr Big Band. Er arbeitet in mehreren Jazz-Formationen und ist als Dozent f\u00fcr Ch\u00f6re t\u00e4tig.<\/p>\n<p>Schoepsdau schreibt f\u00fcr diverse Besetzungen und Gruppen, so z.B. f\u00fcr die hr Big Band, Bob Mintzer, Bill Ramsey &amp; Sultans of Swing, das Rundfunksinfonieorchester Warschau, die Berlin Voices, den Jazzchor des Deutschen S\u00e4ngerbundes und vielen mehr. Auch f\u00fcr Musicalproduktionen arbeitete er.<\/p>\n<hr \/>\n<p style=\"text-align: right;\"><a href=\"http:\/\/www.christophschoepsdau.de\" target=\"blank\" rel=\"noopener noreferrer\">www.christophschoepsdau.de<\/a><\/p>\n<h3>Christoph bei ZebeMusic:<\/h3>\n","protected":false},"excerpt":{"rendered":"<p>Christoph Schoepsdau (*1970) studierte an der Manhattan School of Music und der Hochschule f\u00fcr Musik in Frankfurt. Preistr\u00e4ger ist er unter anderem beim Hessischen \u201eJugend jazzt\u201c und dem Komponisten-Wettbewerb der hr Big Band. Er arbeitet in mehreren Jazz-Formationen und ist als Dozent f\u00fcr Ch\u00f6re t\u00e4tig. Schoepsdau schreibt f\u00fcr diverse Besetzungen und Gruppen, so z.B. f\u00fcr [&hellip;]<\/p>\n","protected":false},"author":50,"featured_media":0,"parent":36,"menu_order":0,"comment_status":"closed","ping_status":"closed","template":"page-templates\/page-sidebar-none.php","meta":{"_acf_changed":false,"footnotes":""},"class_list":["post-4666","page","type-page","status-publish","hentry"],"acf":[],"yoast_head":"<!-- This site is optimized with the Yoast SEO plugin v27.5 - https:\/\/yoast.com\/product\/yoast-seo-wordpress\/ -->\n<title>Christoph Schoepsdau<\/title>\n<meta name=\"description\" content=\"Sacred Jazz for Choir and Instruments. \u201cChristoph\u2019s composition is so interesting and innovative.\u201d (Michele Weir, Phil Mattson School for Vocal Jazz)\" \/>\n<meta name=\"robots\" content=\"index, follow, max-snippet:-1, max-image-preview:large, max-video-preview:-1\" \/>\n<link rel=\"canonical\" href=\"https:\/\/www.zebemusic.com\/de\/ueber-uns\/autoren\/christophschoepsdau\/\" \/>\n<meta property=\"og:locale\" content=\"de_DE\" \/>\n<meta property=\"og:type\" content=\"article\" \/>\n<meta property=\"og:title\" content=\"Christoph Schoepsdau\" \/>\n<meta property=\"og:description\" content=\"Sacred Jazz for Choir and Instruments. \u201cChristoph\u2019s composition is so interesting and innovative.\u201d (Michele Weir, Phil Mattson School for Vocal Jazz)\" \/>\n<meta property=\"og:url\" content=\"https:\/\/www.zebemusic.com\/de\/ueber-uns\/autoren\/christophschoepsdau\/\" \/>\n<meta property=\"og:site_name\" content=\"ZebeMusic\" \/>\n<meta property=\"article:publisher\" content=\"https:\/\/www.facebook.com\/zebemusic\" \/>\n<meta property=\"article:modified_time\" content=\"2024-02-07T21:47:38+00:00\" \/>\n<meta property=\"og:image\" content=\"http:\/\/www.zebemusic.com\/wp-content\/uploads\/2019\/04\/schoepsdau-e1706045995485-269x300.jpg\" \/>\n<meta name=\"twitter:card\" content=\"summary_large_image\" \/>\n<meta name=\"twitter:label1\" content=\"Est. reading time\" \/>\n\t<meta name=\"twitter:data1\" content=\"1 minute\" \/>\n<script type=\"application\/ld+json\" class=\"yoast-schema-graph\">{\"@context\":\"https:\\\/\\\/schema.org\",\"@graph\":[{\"@type\":\"WebPage\",\"@id\":\"https:\\\/\\\/www.zebemusic.com\\\/de\\\/ueber-uns\\\/autoren\\\/christophschoepsdau\\\/\",\"url\":\"https:\\\/\\\/www.zebemusic.com\\\/de\\\/ueber-uns\\\/autoren\\\/christophschoepsdau\\\/\",\"name\":\"Christoph Schoepsdau\",\"isPartOf\":{\"@id\":\"https:\\\/\\\/www.zebemusic.com\\\/de\\\/#website\"},\"primaryImageOfPage\":{\"@id\":\"https:\\\/\\\/www.zebemusic.com\\\/de\\\/ueber-uns\\\/autoren\\\/christophschoepsdau\\\/#primaryimage\"},\"image\":{\"@id\":\"https:\\\/\\\/www.zebemusic.com\\\/de\\\/ueber-uns\\\/autoren\\\/christophschoepsdau\\\/#primaryimage\"},\"thumbnailUrl\":\"http:\\\/\\\/www.zebemusic.com\\\/wp-content\\\/uploads\\\/2019\\\/04\\\/schoepsdau-e1706045995485-269x300.jpg\",\"datePublished\":\"2014-11-27T16:18:20+00:00\",\"dateModified\":\"2024-02-07T21:47:38+00:00\",\"description\":\"Sacred Jazz for Choir and Instruments. \u201cChristoph\u2019s composition is so interesting and innovative.\u201d (Michele Weir, Phil Mattson School for Vocal Jazz)\",\"breadcrumb\":{\"@id\":\"https:\\\/\\\/www.zebemusic.com\\\/de\\\/ueber-uns\\\/autoren\\\/christophschoepsdau\\\/#breadcrumb\"},\"inLanguage\":\"de-DE\",\"potentialAction\":[{\"@type\":\"ReadAction\",\"target\":[\"https:\\\/\\\/www.zebemusic.com\\\/de\\\/ueber-uns\\\/autoren\\\/christophschoepsdau\\\/\"]}]},{\"@type\":\"ImageObject\",\"inLanguage\":\"de-DE\",\"@id\":\"https:\\\/\\\/www.zebemusic.com\\\/de\\\/ueber-uns\\\/autoren\\\/christophschoepsdau\\\/#primaryimage\",\"url\":\"http:\\\/\\\/www.zebemusic.com\\\/wp-content\\\/uploads\\\/2019\\\/04\\\/schoepsdau-e1706045995485-269x300.jpg\",\"contentUrl\":\"http:\\\/\\\/www.zebemusic.com\\\/wp-content\\\/uploads\\\/2019\\\/04\\\/schoepsdau-e1706045995485-269x300.jpg\"},{\"@type\":\"BreadcrumbList\",\"@id\":\"https:\\\/\\\/www.zebemusic.com\\\/de\\\/ueber-uns\\\/autoren\\\/christophschoepsdau\\\/#breadcrumb\",\"itemListElement\":[{\"@type\":\"ListItem\",\"position\":1,\"name\":\"\u00dcber uns\",\"item\":\"https:\\\/\\\/www.zebemusic.com\\\/de\\\/ueber-uns\\\/\"},{\"@type\":\"ListItem\",\"position\":2,\"name\":\"Autoren &#038; K\u00fcnstler\",\"item\":\"https:\\\/\\\/www.zebemusic.com\\\/de\\\/ueber-uns\\\/autoren\\\/\"},{\"@type\":\"ListItem\",\"position\":3,\"name\":\"Christoph Schoepsdau\"}]},{\"@type\":\"WebSite\",\"@id\":\"https:\\\/\\\/www.zebemusic.com\\\/de\\\/#website\",\"url\":\"https:\\\/\\\/www.zebemusic.com\\\/de\\\/\",\"name\":\"ZebeMusic\",\"description\":\"makes you sing.\",\"publisher\":{\"@id\":\"https:\\\/\\\/www.zebemusic.com\\\/de\\\/#organization\"},\"alternateName\":\"Gospelnoten & Kindermusicals\",\"potentialAction\":[{\"@type\":\"SearchAction\",\"target\":{\"@type\":\"EntryPoint\",\"urlTemplate\":\"https:\\\/\\\/www.zebemusic.com\\\/de\\\/?s={search_term_string}\"},\"query-input\":{\"@type\":\"PropertyValueSpecification\",\"valueRequired\":true,\"valueName\":\"search_term_string\"}}],\"inLanguage\":\"de-DE\"},{\"@type\":\"Organization\",\"@id\":\"https:\\\/\\\/www.zebemusic.com\\\/de\\\/#organization\",\"name\":\"ZebeMusic\",\"url\":\"https:\\\/\\\/www.zebemusic.com\\\/de\\\/\",\"logo\":{\"@type\":\"ImageObject\",\"inLanguage\":\"de-DE\",\"@id\":\"https:\\\/\\\/www.zebemusic.com\\\/de\\\/#\\\/schema\\\/logo\\\/image\\\/\",\"url\":\"https:\\\/\\\/www.zebemusic.com\\\/wp-content\\\/uploads\\\/2025\\\/10\\\/ZEBE-Logo_ZW-makesyousing.jpg\",\"contentUrl\":\"https:\\\/\\\/www.zebemusic.com\\\/wp-content\\\/uploads\\\/2025\\\/10\\\/ZEBE-Logo_ZW-makesyousing.jpg\",\"width\":2212,\"height\":958,\"caption\":\"ZebeMusic\"},\"image\":{\"@id\":\"https:\\\/\\\/www.zebemusic.com\\\/de\\\/#\\\/schema\\\/logo\\\/image\\\/\"},\"sameAs\":[\"https:\\\/\\\/www.facebook.com\\\/zebemusic\",\"https:\\\/\\\/www.instagram.com\\\/zebemusic\",\"https:\\\/\\\/www.youtube.com\\\/zebemusicberlin\"]}]}<\/script>\n<!-- \/ Yoast SEO plugin. -->","yoast_head_json":{"title":"Christoph Schoepsdau","description":"Sacred Jazz for Choir and Instruments. \u201cChristoph\u2019s composition is so interesting and innovative.\u201d (Michele Weir, Phil Mattson School for Vocal Jazz)","robots":{"index":"index","follow":"follow","max-snippet":"max-snippet:-1","max-image-preview":"max-image-preview:large","max-video-preview":"max-video-preview:-1"},"canonical":"https:\/\/www.zebemusic.com\/de\/ueber-uns\/autoren\/christophschoepsdau\/","og_locale":"de_DE","og_type":"article","og_title":"Christoph Schoepsdau","og_description":"Sacred Jazz for Choir and Instruments. \u201cChristoph\u2019s composition is so interesting and innovative.\u201d (Michele Weir, Phil Mattson School for Vocal Jazz)","og_url":"https:\/\/www.zebemusic.com\/de\/ueber-uns\/autoren\/christophschoepsdau\/","og_site_name":"ZebeMusic","article_publisher":"https:\/\/www.facebook.com\/zebemusic","article_modified_time":"2024-02-07T21:47:38+00:00","og_image":[{"url":"http:\/\/www.zebemusic.com\/wp-content\/uploads\/2019\/04\/schoepsdau-e1706045995485-269x300.jpg","type":"","width":"","height":""}],"twitter_card":"summary_large_image","twitter_misc":{"Est. reading time":"1 minute"},"schema":{"@context":"https:\/\/schema.org","@graph":[{"@type":"WebPage","@id":"https:\/\/www.zebemusic.com\/de\/ueber-uns\/autoren\/christophschoepsdau\/","url":"https:\/\/www.zebemusic.com\/de\/ueber-uns\/autoren\/christophschoepsdau\/","name":"Christoph Schoepsdau","isPartOf":{"@id":"https:\/\/www.zebemusic.com\/de\/#website"},"primaryImageOfPage":{"@id":"https:\/\/www.zebemusic.com\/de\/ueber-uns\/autoren\/christophschoepsdau\/#primaryimage"},"image":{"@id":"https:\/\/www.zebemusic.com\/de\/ueber-uns\/autoren\/christophschoepsdau\/#primaryimage"},"thumbnailUrl":"http:\/\/www.zebemusic.com\/wp-content\/uploads\/2019\/04\/schoepsdau-e1706045995485-269x300.jpg","datePublished":"2014-11-27T16:18:20+00:00","dateModified":"2024-02-07T21:47:38+00:00","description":"Sacred Jazz for Choir and Instruments. \u201cChristoph\u2019s composition is so interesting and innovative.\u201d (Michele Weir, Phil Mattson School for Vocal Jazz)","breadcrumb":{"@id":"https:\/\/www.zebemusic.com\/de\/ueber-uns\/autoren\/christophschoepsdau\/#breadcrumb"},"inLanguage":"de-DE","potentialAction":[{"@type":"ReadAction","target":["https:\/\/www.zebemusic.com\/de\/ueber-uns\/autoren\/christophschoepsdau\/"]}]},{"@type":"ImageObject","inLanguage":"de-DE","@id":"https:\/\/www.zebemusic.com\/de\/ueber-uns\/autoren\/christophschoepsdau\/#primaryimage","url":"http:\/\/www.zebemusic.com\/wp-content\/uploads\/2019\/04\/schoepsdau-e1706045995485-269x300.jpg","contentUrl":"http:\/\/www.zebemusic.com\/wp-content\/uploads\/2019\/04\/schoepsdau-e1706045995485-269x300.jpg"},{"@type":"BreadcrumbList","@id":"https:\/\/www.zebemusic.com\/de\/ueber-uns\/autoren\/christophschoepsdau\/#breadcrumb","itemListElement":[{"@type":"ListItem","position":1,"name":"\u00dcber uns","item":"https:\/\/www.zebemusic.com\/de\/ueber-uns\/"},{"@type":"ListItem","position":2,"name":"Autoren &#038; K\u00fcnstler","item":"https:\/\/www.zebemusic.com\/de\/ueber-uns\/autoren\/"},{"@type":"ListItem","position":3,"name":"Christoph Schoepsdau"}]},{"@type":"WebSite","@id":"https:\/\/www.zebemusic.com\/de\/#website","url":"https:\/\/www.zebemusic.com\/de\/","name":"ZebeMusic","description":"makes you sing.","publisher":{"@id":"https:\/\/www.zebemusic.com\/de\/#organization"},"alternateName":"Gospelnoten & Kindermusicals","potentialAction":[{"@type":"SearchAction","target":{"@type":"EntryPoint","urlTemplate":"https:\/\/www.zebemusic.com\/de\/?s={search_term_string}"},"query-input":{"@type":"PropertyValueSpecification","valueRequired":true,"valueName":"search_term_string"}}],"inLanguage":"de-DE"},{"@type":"Organization","@id":"https:\/\/www.zebemusic.com\/de\/#organization","name":"ZebeMusic","url":"https:\/\/www.zebemusic.com\/de\/","logo":{"@type":"ImageObject","inLanguage":"de-DE","@id":"https:\/\/www.zebemusic.com\/de\/#\/schema\/logo\/image\/","url":"https:\/\/www.zebemusic.com\/wp-content\/uploads\/2025\/10\/ZEBE-Logo_ZW-makesyousing.jpg","contentUrl":"https:\/\/www.zebemusic.com\/wp-content\/uploads\/2025\/10\/ZEBE-Logo_ZW-makesyousing.jpg","width":2212,"height":958,"caption":"ZebeMusic"},"image":{"@id":"https:\/\/www.zebemusic.com\/de\/#\/schema\/logo\/image\/"},"sameAs":["https:\/\/www.facebook.com\/zebemusic","https:\/\/www.instagram.com\/zebemusic","https:\/\/www.youtube.com\/zebemusicberlin"]}]}},"_links":{"self":[{"href":"https:\/\/www.zebemusic.com\/de\/wp-json\/wp\/v2\/pages\/4666","targetHints":{"allow":["GET"]}}],"collection":[{"href":"https:\/\/www.zebemusic.com\/de\/wp-json\/wp\/v2\/pages"}],"about":[{"href":"https:\/\/www.zebemusic.com\/de\/wp-json\/wp\/v2\/types\/page"}],"author":[{"embeddable":true,"href":"https:\/\/www.zebemusic.com\/de\/wp-json\/wp\/v2\/users\/50"}],"replies":[{"embeddable":true,"href":"https:\/\/www.zebemusic.com\/de\/wp-json\/wp\/v2\/comments?post=4666"}],"version-history":[{"count":15,"href":"https:\/\/www.zebemusic.com\/de\/wp-json\/wp\/v2\/pages\/4666\/revisions"}],"predecessor-version":[{"id":21356,"href":"https:\/\/www.zebemusic.com\/de\/wp-json\/wp\/v2\/pages\/4666\/revisions\/21356"}],"up":[{"embeddable":true,"href":"https:\/\/www.zebemusic.com\/de\/wp-json\/wp\/v2\/pages\/36"}],"wp:attachment":[{"href":"https:\/\/www.zebemusic.com\/de\/wp-json\/wp\/v2\/media?parent=4666"}],"curies":[{"name":"wp","href":"https:\/\/api.w.org\/{rel}","templated":true}]}}