{"id":4672,"date":"2014-11-27T18:43:32","date_gmt":"2014-11-27T16:43:32","guid":{"rendered":"http:\/\/zebemusic.smukkeberg.com\/?page_id=4672"},"modified":"2019-02-11T09:07:26","modified_gmt":"2019-02-11T07:07:26","slug":"corneliatrommer","status":"publish","type":"page","link":"https:\/\/www.zebemusic.com\/de\/ueber-uns\/autoren\/corneliatrommer\/","title":{"rendered":"Cornelia Trommer"},"content":{"rendered":"<p><img loading=\"lazy\" decoding=\"async\" class=\" wp-image-8573 alignleft\" src=\"https:\/\/zebemusic.com\/wp-content\/uploads\/2019\/02\/Trommer.jpg\" alt=\"\" width=\"134\" height=\"179\" srcset=\"https:\/\/www.zebemusic.com\/wp-content\/uploads\/2019\/02\/Trommer.jpg 150w, https:\/\/www.zebemusic.com\/wp-content\/uploads\/2019\/02\/Trommer-100x133.jpg 100w, https:\/\/www.zebemusic.com\/wp-content\/uploads\/2019\/02\/Trommer-113x150.jpg 113w, https:\/\/www.zebemusic.com\/wp-content\/uploads\/2019\/02\/Trommer-60x80.jpg 60w\" sizes=\"auto, (max-width: 134px) 100vw, 134px\" \/>Die 1972 in Sangerhausen geborene P\u00e4dagogin und Theologin Cornelia Georg (geb. Trommer) erlernte Geige, Trompete, Fl\u00f6te und Gitarre. Sie beteiligte sich aktiv und leidenschaftlich an den von der Gemeinde organisierten Kinder- und Jugendsingwochen. Schnell entdeckte sie ihr Interesse f\u00fcr kreatives und unterst\u00fctzendes Arbeiten mit Kindern, Jugendlichen und behinderten Menschen und nahm sp\u00e4ter eine Stelle als Religionslehrerin und Geh\u00f6rlosenseelsorgerin an. Daraufhin lehrte sie am Landesbildungszentrum f\u00fcr H\u00f6rgesch\u00e4digte und arbeite als Jugendreferentin in Nordhausen.<\/p>\n<p>Heute wohnt Cornelia Georg in\u00a0Neustadt im S\u00fcdharz und ist als Gemeindep\u00e4dagogin t\u00e4tig. Ihre langj\u00e4hrige religi\u00f6se und p\u00e4dagogische Erfahrung setzt sie heute als Leiterin der Kinder- und Jugendsingwochen ein und veranstaltet dar\u00fcber hinaus auch Singwochen mit Senioren. Cornelia Georg singt im Kammerchor <a href=\"http:\/\/www.ccn-derchor.de\"><em>Collegium Canticum Novum<\/em><\/a>. Sie ist als Texterin t\u00e4tig und schreibt Artikel f\u00fcr das <em>Arbeitsbuch Kindergottesdienste<\/em>. In gemeinsamer Arbeit mit Andreas M\u00fccksch schrieb sie das bei ZebeMusic erschienene Singspiel \u201eMacht euch auf\u201c.<\/p>\n<hr \/>\n<p><strong>Cornelia Trommer bei ZebeMusic:<br \/>\n<\/strong><br \/>\n<a href=\"https:\/\/zebemusic.com\/produkt\/musical\/macht-euch-auf\/\">Macht euch auf<\/a><\/p>\n","protected":false},"excerpt":{"rendered":"<p>Die 1972 in Sangerhausen geborene P\u00e4dagogin und Theologin Cornelia Georg (geb. Trommer) erlernte Geige, Trompete, Fl\u00f6te und Gitarre. Sie beteiligte sich aktiv und leidenschaftlich an den von der Gemeinde organisierten Kinder- und Jugendsingwochen. Schnell entdeckte sie ihr Interesse f\u00fcr kreatives und unterst\u00fctzendes Arbeiten mit Kindern, Jugendlichen und behinderten Menschen und nahm sp\u00e4ter eine Stelle als [&hellip;]<\/p>\n","protected":false},"author":50,"featured_media":0,"parent":36,"menu_order":0,"comment_status":"open","ping_status":"closed","template":"","meta":{"_acf_changed":false,"footnotes":""},"class_list":["post-4672","page","type-page","status-publish","hentry"],"acf":[],"yoast_head":"<!-- This site is optimized with the Yoast SEO plugin v27.4 - https:\/\/yoast.com\/product\/yoast-seo-wordpress\/ -->\n<title>Cornelia Trommer<\/title>\n<meta name=\"robots\" content=\"index, follow, max-snippet:-1, max-image-preview:large, max-video-preview:-1\" \/>\n<link rel=\"canonical\" href=\"https:\/\/www.zebemusic.com\/de\/ueber-uns\/autoren\/corneliatrommer\/\" \/>\n<meta property=\"og:locale\" content=\"de_DE\" \/>\n<meta property=\"og:type\" content=\"article\" \/>\n<meta property=\"og:title\" content=\"Cornelia Trommer\" \/>\n<meta property=\"og:description\" content=\"Die 1972 in Sangerhausen geborene P\u00e4dagogin und Theologin Cornelia Georg (geb. Trommer) erlernte Geige, Trompete, Fl\u00f6te und Gitarre. Sie beteiligte sich aktiv und leidenschaftlich an den von der Gemeinde organisierten Kinder- und Jugendsingwochen. Schnell entdeckte sie ihr Interesse f\u00fcr kreatives und unterst\u00fctzendes Arbeiten mit Kindern, Jugendlichen und behinderten Menschen und nahm sp\u00e4ter eine Stelle als [&hellip;]\" \/>\n<meta property=\"og:url\" content=\"https:\/\/www.zebemusic.com\/de\/ueber-uns\/autoren\/corneliatrommer\/\" \/>\n<meta property=\"og:site_name\" content=\"ZebeMusic\" \/>\n<meta property=\"article:publisher\" content=\"https:\/\/www.facebook.com\/zebemusic\" \/>\n<meta property=\"article:modified_time\" content=\"2019-02-11T07:07:26+00:00\" \/>\n<meta property=\"og:image\" content=\"https:\/\/zebemusic.com\/wp-content\/uploads\/2019\/02\/Trommer.jpg\" \/>\n<meta name=\"twitter:card\" content=\"summary_large_image\" \/>\n<meta name=\"twitter:label1\" content=\"Est. reading time\" \/>\n\t<meta name=\"twitter:data1\" content=\"1 minute\" \/>\n<script type=\"application\/ld+json\" class=\"yoast-schema-graph\">{\"@context\":\"https:\\\/\\\/schema.org\",\"@graph\":[{\"@type\":\"WebPage\",\"@id\":\"https:\\\/\\\/www.zebemusic.com\\\/de\\\/ueber-uns\\\/autoren\\\/corneliatrommer\\\/\",\"url\":\"https:\\\/\\\/www.zebemusic.com\\\/de\\\/ueber-uns\\\/autoren\\\/corneliatrommer\\\/\",\"name\":\"Cornelia Trommer\",\"isPartOf\":{\"@id\":\"https:\\\/\\\/www.zebemusic.com\\\/de\\\/#website\"},\"primaryImageOfPage\":{\"@id\":\"https:\\\/\\\/www.zebemusic.com\\\/de\\\/ueber-uns\\\/autoren\\\/corneliatrommer\\\/#primaryimage\"},\"image\":{\"@id\":\"https:\\\/\\\/www.zebemusic.com\\\/de\\\/ueber-uns\\\/autoren\\\/corneliatrommer\\\/#primaryimage\"},\"thumbnailUrl\":\"https:\\\/\\\/zebemusic.com\\\/wp-content\\\/uploads\\\/2019\\\/02\\\/Trommer.jpg\",\"datePublished\":\"2014-11-27T16:43:32+00:00\",\"dateModified\":\"2019-02-11T07:07:26+00:00\",\"breadcrumb\":{\"@id\":\"https:\\\/\\\/www.zebemusic.com\\\/de\\\/ueber-uns\\\/autoren\\\/corneliatrommer\\\/#breadcrumb\"},\"inLanguage\":\"de-DE\",\"potentialAction\":[{\"@type\":\"ReadAction\",\"target\":[\"https:\\\/\\\/www.zebemusic.com\\\/de\\\/ueber-uns\\\/autoren\\\/corneliatrommer\\\/\"]}]},{\"@type\":\"ImageObject\",\"inLanguage\":\"de-DE\",\"@id\":\"https:\\\/\\\/www.zebemusic.com\\\/de\\\/ueber-uns\\\/autoren\\\/corneliatrommer\\\/#primaryimage\",\"url\":\"https:\\\/\\\/zebemusic.com\\\/wp-content\\\/uploads\\\/2019\\\/02\\\/Trommer.jpg\",\"contentUrl\":\"https:\\\/\\\/zebemusic.com\\\/wp-content\\\/uploads\\\/2019\\\/02\\\/Trommer.jpg\"},{\"@type\":\"BreadcrumbList\",\"@id\":\"https:\\\/\\\/www.zebemusic.com\\\/de\\\/ueber-uns\\\/autoren\\\/corneliatrommer\\\/#breadcrumb\",\"itemListElement\":[{\"@type\":\"ListItem\",\"position\":1,\"name\":\"\u00dcber uns\",\"item\":\"https:\\\/\\\/www.zebemusic.com\\\/de\\\/ueber-uns\\\/\"},{\"@type\":\"ListItem\",\"position\":2,\"name\":\"Autoren &#038; K\u00fcnstler\",\"item\":\"https:\\\/\\\/www.zebemusic.com\\\/de\\\/ueber-uns\\\/autoren\\\/\"},{\"@type\":\"ListItem\",\"position\":3,\"name\":\"Cornelia Trommer\"}]},{\"@type\":\"WebSite\",\"@id\":\"https:\\\/\\\/www.zebemusic.com\\\/de\\\/#website\",\"url\":\"https:\\\/\\\/www.zebemusic.com\\\/de\\\/\",\"name\":\"ZebeMusic\",\"description\":\"makes you sing.\",\"publisher\":{\"@id\":\"https:\\\/\\\/www.zebemusic.com\\\/de\\\/#organization\"},\"alternateName\":\"Gospelnoten & Kindermusicals\",\"potentialAction\":[{\"@type\":\"SearchAction\",\"target\":{\"@type\":\"EntryPoint\",\"urlTemplate\":\"https:\\\/\\\/www.zebemusic.com\\\/de\\\/?s={search_term_string}\"},\"query-input\":{\"@type\":\"PropertyValueSpecification\",\"valueRequired\":true,\"valueName\":\"search_term_string\"}}],\"inLanguage\":\"de-DE\"},{\"@type\":\"Organization\",\"@id\":\"https:\\\/\\\/www.zebemusic.com\\\/de\\\/#organization\",\"name\":\"ZebeMusic\",\"url\":\"https:\\\/\\\/www.zebemusic.com\\\/de\\\/\",\"logo\":{\"@type\":\"ImageObject\",\"inLanguage\":\"de-DE\",\"@id\":\"https:\\\/\\\/www.zebemusic.com\\\/de\\\/#\\\/schema\\\/logo\\\/image\\\/\",\"url\":\"https:\\\/\\\/www.zebemusic.com\\\/wp-content\\\/uploads\\\/2025\\\/10\\\/ZEBE-Logo_ZW-makesyousing.jpg\",\"contentUrl\":\"https:\\\/\\\/www.zebemusic.com\\\/wp-content\\\/uploads\\\/2025\\\/10\\\/ZEBE-Logo_ZW-makesyousing.jpg\",\"width\":2212,\"height\":958,\"caption\":\"ZebeMusic\"},\"image\":{\"@id\":\"https:\\\/\\\/www.zebemusic.com\\\/de\\\/#\\\/schema\\\/logo\\\/image\\\/\"},\"sameAs\":[\"https:\\\/\\\/www.facebook.com\\\/zebemusic\",\"https:\\\/\\\/www.instagram.com\\\/zebemusic\",\"https:\\\/\\\/www.youtube.com\\\/zebemusicberlin\"]}]}<\/script>\n<!-- \/ Yoast SEO plugin. -->","yoast_head_json":{"title":"Cornelia Trommer","robots":{"index":"index","follow":"follow","max-snippet":"max-snippet:-1","max-image-preview":"max-image-preview:large","max-video-preview":"max-video-preview:-1"},"canonical":"https:\/\/www.zebemusic.com\/de\/ueber-uns\/autoren\/corneliatrommer\/","og_locale":"de_DE","og_type":"article","og_title":"Cornelia Trommer","og_description":"Die 1972 in Sangerhausen geborene P\u00e4dagogin und Theologin Cornelia Georg (geb. Trommer) erlernte Geige, Trompete, Fl\u00f6te und Gitarre. Sie beteiligte sich aktiv und leidenschaftlich an den von der Gemeinde organisierten Kinder- und Jugendsingwochen. Schnell entdeckte sie ihr Interesse f\u00fcr kreatives und unterst\u00fctzendes Arbeiten mit Kindern, Jugendlichen und behinderten Menschen und nahm sp\u00e4ter eine Stelle als [&hellip;]","og_url":"https:\/\/www.zebemusic.com\/de\/ueber-uns\/autoren\/corneliatrommer\/","og_site_name":"ZebeMusic","article_publisher":"https:\/\/www.facebook.com\/zebemusic","article_modified_time":"2019-02-11T07:07:26+00:00","og_image":[{"url":"https:\/\/zebemusic.com\/wp-content\/uploads\/2019\/02\/Trommer.jpg","type":"","width":"","height":""}],"twitter_card":"summary_large_image","twitter_misc":{"Est. reading time":"1 minute"},"schema":{"@context":"https:\/\/schema.org","@graph":[{"@type":"WebPage","@id":"https:\/\/www.zebemusic.com\/de\/ueber-uns\/autoren\/corneliatrommer\/","url":"https:\/\/www.zebemusic.com\/de\/ueber-uns\/autoren\/corneliatrommer\/","name":"Cornelia Trommer","isPartOf":{"@id":"https:\/\/www.zebemusic.com\/de\/#website"},"primaryImageOfPage":{"@id":"https:\/\/www.zebemusic.com\/de\/ueber-uns\/autoren\/corneliatrommer\/#primaryimage"},"image":{"@id":"https:\/\/www.zebemusic.com\/de\/ueber-uns\/autoren\/corneliatrommer\/#primaryimage"},"thumbnailUrl":"https:\/\/zebemusic.com\/wp-content\/uploads\/2019\/02\/Trommer.jpg","datePublished":"2014-11-27T16:43:32+00:00","dateModified":"2019-02-11T07:07:26+00:00","breadcrumb":{"@id":"https:\/\/www.zebemusic.com\/de\/ueber-uns\/autoren\/corneliatrommer\/#breadcrumb"},"inLanguage":"de-DE","potentialAction":[{"@type":"ReadAction","target":["https:\/\/www.zebemusic.com\/de\/ueber-uns\/autoren\/corneliatrommer\/"]}]},{"@type":"ImageObject","inLanguage":"de-DE","@id":"https:\/\/www.zebemusic.com\/de\/ueber-uns\/autoren\/corneliatrommer\/#primaryimage","url":"https:\/\/zebemusic.com\/wp-content\/uploads\/2019\/02\/Trommer.jpg","contentUrl":"https:\/\/zebemusic.com\/wp-content\/uploads\/2019\/02\/Trommer.jpg"},{"@type":"BreadcrumbList","@id":"https:\/\/www.zebemusic.com\/de\/ueber-uns\/autoren\/corneliatrommer\/#breadcrumb","itemListElement":[{"@type":"ListItem","position":1,"name":"\u00dcber uns","item":"https:\/\/www.zebemusic.com\/de\/ueber-uns\/"},{"@type":"ListItem","position":2,"name":"Autoren &#038; K\u00fcnstler","item":"https:\/\/www.zebemusic.com\/de\/ueber-uns\/autoren\/"},{"@type":"ListItem","position":3,"name":"Cornelia Trommer"}]},{"@type":"WebSite","@id":"https:\/\/www.zebemusic.com\/de\/#website","url":"https:\/\/www.zebemusic.com\/de\/","name":"ZebeMusic","description":"makes you sing.","publisher":{"@id":"https:\/\/www.zebemusic.com\/de\/#organization"},"alternateName":"Gospelnoten & Kindermusicals","potentialAction":[{"@type":"SearchAction","target":{"@type":"EntryPoint","urlTemplate":"https:\/\/www.zebemusic.com\/de\/?s={search_term_string}"},"query-input":{"@type":"PropertyValueSpecification","valueRequired":true,"valueName":"search_term_string"}}],"inLanguage":"de-DE"},{"@type":"Organization","@id":"https:\/\/www.zebemusic.com\/de\/#organization","name":"ZebeMusic","url":"https:\/\/www.zebemusic.com\/de\/","logo":{"@type":"ImageObject","inLanguage":"de-DE","@id":"https:\/\/www.zebemusic.com\/de\/#\/schema\/logo\/image\/","url":"https:\/\/www.zebemusic.com\/wp-content\/uploads\/2025\/10\/ZEBE-Logo_ZW-makesyousing.jpg","contentUrl":"https:\/\/www.zebemusic.com\/wp-content\/uploads\/2025\/10\/ZEBE-Logo_ZW-makesyousing.jpg","width":2212,"height":958,"caption":"ZebeMusic"},"image":{"@id":"https:\/\/www.zebemusic.com\/de\/#\/schema\/logo\/image\/"},"sameAs":["https:\/\/www.facebook.com\/zebemusic","https:\/\/www.instagram.com\/zebemusic","https:\/\/www.youtube.com\/zebemusicberlin"]}]}},"_links":{"self":[{"href":"https:\/\/www.zebemusic.com\/de\/wp-json\/wp\/v2\/pages\/4672","targetHints":{"allow":["GET"]}}],"collection":[{"href":"https:\/\/www.zebemusic.com\/de\/wp-json\/wp\/v2\/pages"}],"about":[{"href":"https:\/\/www.zebemusic.com\/de\/wp-json\/wp\/v2\/types\/page"}],"author":[{"embeddable":true,"href":"https:\/\/www.zebemusic.com\/de\/wp-json\/wp\/v2\/users\/50"}],"replies":[{"embeddable":true,"href":"https:\/\/www.zebemusic.com\/de\/wp-json\/wp\/v2\/comments?post=4672"}],"version-history":[{"count":7,"href":"https:\/\/www.zebemusic.com\/de\/wp-json\/wp\/v2\/pages\/4672\/revisions"}],"predecessor-version":[{"id":8580,"href":"https:\/\/www.zebemusic.com\/de\/wp-json\/wp\/v2\/pages\/4672\/revisions\/8580"}],"up":[{"embeddable":true,"href":"https:\/\/www.zebemusic.com\/de\/wp-json\/wp\/v2\/pages\/36"}],"wp:attachment":[{"href":"https:\/\/www.zebemusic.com\/de\/wp-json\/wp\/v2\/media?parent=4672"}],"curies":[{"name":"wp","href":"https:\/\/api.w.org\/{rel}","templated":true}]}}