{"id":4679,"date":"2014-11-28T12:05:38","date_gmt":"2014-11-28T10:05:38","guid":{"rendered":"http:\/\/zebemusic.smukkeberg.com\/?page_id=4679"},"modified":"2023-12-14T06:40:11","modified_gmt":"2023-12-14T05:40:11","slug":"holgerhantke","status":"publish","type":"page","link":"https:\/\/www.zebemusic.com\/de\/ueber-uns\/autoren\/holgerhantke\/","title":{"rendered":"Holger Hantke"},"content":{"rendered":"<p>Holger Hantke wurde 1951 in L\u00fcbeck geboren und studierte Sprach- und Erziehungswissenschaften in Hamburg und danach Schul- und Kirchenmusik. An der Norddeutschen Orgelschule in L\u00fcbeck lernte er Klavier und Orgel spielen. Er ist seit 1964 Organist in der Neuapostolischen Kirche und \u00fcbernahm 1970 zus\u00e4tzlich die Chorleiterstelle des Kirchenchors. 1985 war er am Aufbau eines kirchlichen Kammerorchesters beteiligt und schrieb als Arrangeur unz\u00e4hlige kirchenmusikalische Auftragskompositionen f\u00fcr Chor, Orgel und Orchester.<br \/>\nNebenbei arbeitete er als Gymnasiallehrer in den F\u00e4chern Musik und Franz\u00f6sisch. Schwerpunkte legte er dabei auf die popularmusikalische Arbeit. Den Gospelchor in Hamburg-Blankenese leitete er sechs Jahre lang sehr erfolgreich.<\/p>\n<p>&nbsp;<\/p>\n<p>&nbsp;<\/p>\n<hr \/>\n<p style=\"text-align: left;\"><a href=\"http:\/\/www.hh-musicproductions.de\" target=\"blank\" rel=\"noopener\"><strong>www.hh-musicproductions.de<\/strong><\/a><\/p>\n<p>Holger Hantke bei ZebeMusic:<\/p>\n<p>\u00bb Ein reines Herz, Herr, schaff in mir<br \/>\n\u00bb Lobe den Herren, o meine Seele<\/p>\n<p>[wa-wps-pro id=&#8221;22&#8243;]<\/p>\n","protected":false},"excerpt":{"rendered":"<p>Holger Hantke wurde 1951 in L\u00fcbeck geboren und studierte Sprach- und Erziehungswissenschaften in Hamburg und danach Schul- und Kirchenmusik. An der Norddeutschen Orgelschule in L\u00fcbeck lernte er Klavier und Orgel spielen. Er ist seit 1964 Organist in der Neuapostolischen Kirche und \u00fcbernahm 1970 zus\u00e4tzlich die Chorleiterstelle des Kirchenchors. 1985 war er am Aufbau eines kirchlichen [&hellip;]<\/p>\n","protected":false},"author":50,"featured_media":0,"parent":36,"menu_order":0,"comment_status":"open","ping_status":"closed","template":"page-templates\/page-sidebar-none.php","meta":{"_acf_changed":false,"footnotes":""},"class_list":["post-4679","page","type-page","status-publish","hentry"],"acf":[],"yoast_head":"<!-- This site is optimized with the Yoast SEO plugin v27.4 - https:\/\/yoast.com\/product\/yoast-seo-wordpress\/ -->\n<title>Holger Hantke<\/title>\n<meta name=\"robots\" content=\"index, follow, max-snippet:-1, max-image-preview:large, max-video-preview:-1\" \/>\n<link rel=\"canonical\" href=\"https:\/\/www.zebemusic.com\/about-us\/autoren\/holgerhantke\/\" \/>\n<meta property=\"og:locale\" content=\"de_DE\" \/>\n<meta property=\"og:type\" content=\"article\" \/>\n<meta property=\"og:title\" content=\"Holger Hantke\" \/>\n<meta property=\"og:description\" content=\"Holger Hantke wurde 1951 in L\u00fcbeck geboren und studierte Sprach- und Erziehungswissenschaften in Hamburg und danach Schul- und Kirchenmusik. An der Norddeutschen Orgelschule in L\u00fcbeck lernte er Klavier und Orgel spielen. Er ist seit 1964 Organist in der Neuapostolischen Kirche und \u00fcbernahm 1970 zus\u00e4tzlich die Chorleiterstelle des Kirchenchors. 1985 war er am Aufbau eines kirchlichen [&hellip;]\" \/>\n<meta property=\"og:url\" content=\"https:\/\/www.zebemusic.com\/about-us\/autoren\/holgerhantke\/\" \/>\n<meta property=\"og:site_name\" content=\"ZebeMusic\" \/>\n<meta property=\"article:publisher\" content=\"https:\/\/www.facebook.com\/zebemusic\" \/>\n<meta property=\"article:modified_time\" content=\"2023-12-14T05:40:11+00:00\" \/>\n<meta property=\"og:image\" content=\"https:\/\/www.zebemusic.com\/wp-content\/uploads\/2025\/10\/ZEBE-Logo_ZW-makesyousing.jpg\" \/>\n\t<meta property=\"og:image:width\" content=\"2212\" \/>\n\t<meta property=\"og:image:height\" content=\"958\" \/>\n\t<meta property=\"og:image:type\" content=\"image\/jpeg\" \/>\n<meta name=\"twitter:card\" content=\"summary_large_image\" \/>\n<meta name=\"twitter:label1\" content=\"Est. reading time\" \/>\n\t<meta name=\"twitter:data1\" content=\"1 minute\" \/>\n<script type=\"application\/ld+json\" class=\"yoast-schema-graph\">{\"@context\":\"https:\\\/\\\/schema.org\",\"@graph\":[{\"@type\":\"WebPage\",\"@id\":\"https:\\\/\\\/www.zebemusic.com\\\/about-us\\\/autoren\\\/holgerhantke\\\/\",\"url\":\"https:\\\/\\\/www.zebemusic.com\\\/about-us\\\/autoren\\\/holgerhantke\\\/\",\"name\":\"Holger Hantke\",\"isPartOf\":{\"@id\":\"https:\\\/\\\/www.zebemusic.com\\\/de\\\/#website\"},\"datePublished\":\"2014-11-28T10:05:38+00:00\",\"dateModified\":\"2023-12-14T05:40:11+00:00\",\"breadcrumb\":{\"@id\":\"https:\\\/\\\/www.zebemusic.com\\\/about-us\\\/autoren\\\/holgerhantke\\\/#breadcrumb\"},\"inLanguage\":\"de-DE\",\"potentialAction\":[{\"@type\":\"ReadAction\",\"target\":[\"https:\\\/\\\/www.zebemusic.com\\\/about-us\\\/autoren\\\/holgerhantke\\\/\"]}]},{\"@type\":\"BreadcrumbList\",\"@id\":\"https:\\\/\\\/www.zebemusic.com\\\/about-us\\\/autoren\\\/holgerhantke\\\/#breadcrumb\",\"itemListElement\":[{\"@type\":\"ListItem\",\"position\":1,\"name\":\"\u00dcber uns\",\"item\":\"https:\\\/\\\/www.zebemusic.com\\\/de\\\/ueber-uns\\\/\"},{\"@type\":\"ListItem\",\"position\":2,\"name\":\"Autoren &#038; K\u00fcnstler\",\"item\":\"https:\\\/\\\/www.zebemusic.com\\\/de\\\/ueber-uns\\\/autoren\\\/\"},{\"@type\":\"ListItem\",\"position\":3,\"name\":\"Holger Hantke\"}]},{\"@type\":\"WebSite\",\"@id\":\"https:\\\/\\\/www.zebemusic.com\\\/de\\\/#website\",\"url\":\"https:\\\/\\\/www.zebemusic.com\\\/de\\\/\",\"name\":\"ZebeMusic\",\"description\":\"makes you sing.\",\"publisher\":{\"@id\":\"https:\\\/\\\/www.zebemusic.com\\\/de\\\/#organization\"},\"alternateName\":\"Gospelnoten & Kindermusicals\",\"potentialAction\":[{\"@type\":\"SearchAction\",\"target\":{\"@type\":\"EntryPoint\",\"urlTemplate\":\"https:\\\/\\\/www.zebemusic.com\\\/de\\\/?s={search_term_string}\"},\"query-input\":{\"@type\":\"PropertyValueSpecification\",\"valueRequired\":true,\"valueName\":\"search_term_string\"}}],\"inLanguage\":\"de-DE\"},{\"@type\":\"Organization\",\"@id\":\"https:\\\/\\\/www.zebemusic.com\\\/de\\\/#organization\",\"name\":\"ZebeMusic\",\"url\":\"https:\\\/\\\/www.zebemusic.com\\\/de\\\/\",\"logo\":{\"@type\":\"ImageObject\",\"inLanguage\":\"de-DE\",\"@id\":\"https:\\\/\\\/www.zebemusic.com\\\/de\\\/#\\\/schema\\\/logo\\\/image\\\/\",\"url\":\"https:\\\/\\\/www.zebemusic.com\\\/wp-content\\\/uploads\\\/2025\\\/10\\\/ZEBE-Logo_ZW-makesyousing.jpg\",\"contentUrl\":\"https:\\\/\\\/www.zebemusic.com\\\/wp-content\\\/uploads\\\/2025\\\/10\\\/ZEBE-Logo_ZW-makesyousing.jpg\",\"width\":2212,\"height\":958,\"caption\":\"ZebeMusic\"},\"image\":{\"@id\":\"https:\\\/\\\/www.zebemusic.com\\\/de\\\/#\\\/schema\\\/logo\\\/image\\\/\"},\"sameAs\":[\"https:\\\/\\\/www.facebook.com\\\/zebemusic\",\"https:\\\/\\\/www.instagram.com\\\/zebemusic\",\"https:\\\/\\\/www.youtube.com\\\/zebemusicberlin\"]}]}<\/script>\n<!-- \/ Yoast SEO plugin. -->","yoast_head_json":{"title":"Holger Hantke","robots":{"index":"index","follow":"follow","max-snippet":"max-snippet:-1","max-image-preview":"max-image-preview:large","max-video-preview":"max-video-preview:-1"},"canonical":"https:\/\/www.zebemusic.com\/about-us\/autoren\/holgerhantke\/","og_locale":"de_DE","og_type":"article","og_title":"Holger Hantke","og_description":"Holger Hantke wurde 1951 in L\u00fcbeck geboren und studierte Sprach- und Erziehungswissenschaften in Hamburg und danach Schul- und Kirchenmusik. An der Norddeutschen Orgelschule in L\u00fcbeck lernte er Klavier und Orgel spielen. Er ist seit 1964 Organist in der Neuapostolischen Kirche und \u00fcbernahm 1970 zus\u00e4tzlich die Chorleiterstelle des Kirchenchors. 1985 war er am Aufbau eines kirchlichen [&hellip;]","og_url":"https:\/\/www.zebemusic.com\/about-us\/autoren\/holgerhantke\/","og_site_name":"ZebeMusic","article_publisher":"https:\/\/www.facebook.com\/zebemusic","article_modified_time":"2023-12-14T05:40:11+00:00","og_image":[{"width":2212,"height":958,"url":"https:\/\/www.zebemusic.com\/wp-content\/uploads\/2025\/10\/ZEBE-Logo_ZW-makesyousing.jpg","type":"image\/jpeg"}],"twitter_card":"summary_large_image","twitter_misc":{"Est. reading time":"1 minute"},"schema":{"@context":"https:\/\/schema.org","@graph":[{"@type":"WebPage","@id":"https:\/\/www.zebemusic.com\/about-us\/autoren\/holgerhantke\/","url":"https:\/\/www.zebemusic.com\/about-us\/autoren\/holgerhantke\/","name":"Holger Hantke","isPartOf":{"@id":"https:\/\/www.zebemusic.com\/de\/#website"},"datePublished":"2014-11-28T10:05:38+00:00","dateModified":"2023-12-14T05:40:11+00:00","breadcrumb":{"@id":"https:\/\/www.zebemusic.com\/about-us\/autoren\/holgerhantke\/#breadcrumb"},"inLanguage":"de-DE","potentialAction":[{"@type":"ReadAction","target":["https:\/\/www.zebemusic.com\/about-us\/autoren\/holgerhantke\/"]}]},{"@type":"BreadcrumbList","@id":"https:\/\/www.zebemusic.com\/about-us\/autoren\/holgerhantke\/#breadcrumb","itemListElement":[{"@type":"ListItem","position":1,"name":"\u00dcber uns","item":"https:\/\/www.zebemusic.com\/de\/ueber-uns\/"},{"@type":"ListItem","position":2,"name":"Autoren &#038; K\u00fcnstler","item":"https:\/\/www.zebemusic.com\/de\/ueber-uns\/autoren\/"},{"@type":"ListItem","position":3,"name":"Holger Hantke"}]},{"@type":"WebSite","@id":"https:\/\/www.zebemusic.com\/de\/#website","url":"https:\/\/www.zebemusic.com\/de\/","name":"ZebeMusic","description":"makes you sing.","publisher":{"@id":"https:\/\/www.zebemusic.com\/de\/#organization"},"alternateName":"Gospelnoten & Kindermusicals","potentialAction":[{"@type":"SearchAction","target":{"@type":"EntryPoint","urlTemplate":"https:\/\/www.zebemusic.com\/de\/?s={search_term_string}"},"query-input":{"@type":"PropertyValueSpecification","valueRequired":true,"valueName":"search_term_string"}}],"inLanguage":"de-DE"},{"@type":"Organization","@id":"https:\/\/www.zebemusic.com\/de\/#organization","name":"ZebeMusic","url":"https:\/\/www.zebemusic.com\/de\/","logo":{"@type":"ImageObject","inLanguage":"de-DE","@id":"https:\/\/www.zebemusic.com\/de\/#\/schema\/logo\/image\/","url":"https:\/\/www.zebemusic.com\/wp-content\/uploads\/2025\/10\/ZEBE-Logo_ZW-makesyousing.jpg","contentUrl":"https:\/\/www.zebemusic.com\/wp-content\/uploads\/2025\/10\/ZEBE-Logo_ZW-makesyousing.jpg","width":2212,"height":958,"caption":"ZebeMusic"},"image":{"@id":"https:\/\/www.zebemusic.com\/de\/#\/schema\/logo\/image\/"},"sameAs":["https:\/\/www.facebook.com\/zebemusic","https:\/\/www.instagram.com\/zebemusic","https:\/\/www.youtube.com\/zebemusicberlin"]}]}},"_links":{"self":[{"href":"https:\/\/www.zebemusic.com\/de\/wp-json\/wp\/v2\/pages\/4679","targetHints":{"allow":["GET"]}}],"collection":[{"href":"https:\/\/www.zebemusic.com\/de\/wp-json\/wp\/v2\/pages"}],"about":[{"href":"https:\/\/www.zebemusic.com\/de\/wp-json\/wp\/v2\/types\/page"}],"author":[{"embeddable":true,"href":"https:\/\/www.zebemusic.com\/de\/wp-json\/wp\/v2\/users\/50"}],"replies":[{"embeddable":true,"href":"https:\/\/www.zebemusic.com\/de\/wp-json\/wp\/v2\/comments?post=4679"}],"version-history":[{"count":5,"href":"https:\/\/www.zebemusic.com\/de\/wp-json\/wp\/v2\/pages\/4679\/revisions"}],"predecessor-version":[{"id":19453,"href":"https:\/\/www.zebemusic.com\/de\/wp-json\/wp\/v2\/pages\/4679\/revisions\/19453"}],"up":[{"embeddable":true,"href":"https:\/\/www.zebemusic.com\/de\/wp-json\/wp\/v2\/pages\/36"}],"wp:attachment":[{"href":"https:\/\/www.zebemusic.com\/de\/wp-json\/wp\/v2\/media?parent=4679"}],"curies":[{"name":"wp","href":"https:\/\/api.w.org\/{rel}","templated":true}]}}