{"id":4693,"date":"2014-12-02T11:33:13","date_gmt":"2014-12-02T09:33:13","guid":{"rendered":"http:\/\/zebemusic.smukkeberg.com\/?page_id=4693"},"modified":"2025-09-23T11:54:55","modified_gmt":"2025-09-23T10:54:55","slug":"matthiasnagel","status":"publish","type":"page","link":"https:\/\/www.zebemusic.com\/de\/matthiasnagel\/","title":{"rendered":"Matthias Nagel"},"content":{"rendered":"<p><img loading=\"lazy\" decoding=\"async\" class=\" wp-image-8571 alignleft\" src=\"https:\/\/zebemusic.com\/wp-content\/uploads\/2019\/02\/Nagel.jpg\" alt=\"\" width=\"136\" height=\"185\" \/>Der 1958 geborene Matthias Nagel studierte Kirchenmusik in Herford und Essen. Von 1984 bis 2003 war er als Kirchenmusiker in D\u00fcsseldorf t\u00e4tig. Im selben Zeitraum versah er Lehrauftr\u00e4ge f\u00fcr Orgelimprovisation in Essen und D\u00fcsseldorf. Zus\u00e4tzlich arbeitete er als Gastreferent f\u00fcr kirchliche Popularmusik an verschiedenen Hochschulen. Danach war er als Kirchenmusiker in der Arbeitsstelle f\u00fcr Gottesdienst und Kirchenmusik der Evangelischen Kirche von Westfalen t\u00e4tig. Seit 2009 ist er Landesposaunenwart und kirchenmusikalischer Leiter der Evangelischen Kirche im Rheinland. Matthias Nagel ist Dozent f\u00fcr kirchliche Popularmusik an der Hochschule f\u00fcr Kirchenmusik in Herford und der Ev. Popakademie Witten.<br \/>\nMatthias Nagel ist als Pianist, Bandleiter und Arrangeur an einer Vielzahl von Gro\u00dfveranstaltungen, Kirchentagen, Gottesdiensten, Rundfunksendungen und Studioeinspielungen beteiligt. Er schreibt dar\u00fcberhinaus Gospel- und Spiritual-Bearbeitungen sowie freie Kompositionen f\u00fcr verschiedene Besetzungen, darunter auch ein Oratorium \u00fcber Dietrich Bonhoeffer sowie die eigenen Reihen \u201eSpecial Pipes\u201c und \u201eRead &amp; Play\u201c mit grooviger Orgelmusik.<\/p>\n<p>Bei ZebeMusic sind die von ihm arrangierten Chor\u00e4le \u201eTut mir auf die sch\u00f6ne Pforte\u201c und der Bestseller \u201eVerleih uns Frieden gn\u00e4diglich\u201c verlegt.<\/p>\n<hr \/>\n<p id=\"alsoavail\"><strong><span style=\"color: #717171;\">Matthias Nagel bei ZebeMusic:<br \/>\n<\/span><\/strong><\/p>\n","protected":false},"excerpt":{"rendered":"<p>Der 1958 geborene Matthias Nagel studierte Kirchenmusik in Herford und Essen. Von 1984 bis 2003 war er als Kirchenmusiker in D\u00fcsseldorf t\u00e4tig. Im selben Zeitraum versah er Lehrauftr\u00e4ge f\u00fcr Orgelimprovisation in Essen und D\u00fcsseldorf. Zus\u00e4tzlich arbeitete er als Gastreferent f\u00fcr kirchliche Popularmusik an verschiedenen Hochschulen. Danach war er als Kirchenmusiker in der Arbeitsstelle f\u00fcr Gottesdienst [&hellip;]<\/p>\n","protected":false},"author":50,"featured_media":0,"parent":0,"menu_order":0,"comment_status":"closed","ping_status":"closed","template":"page-templates\/page-sidebar-none.php","meta":{"_acf_changed":false,"footnotes":""},"class_list":["post-4693","page","type-page","status-publish","hentry"],"acf":[],"yoast_head":"<!-- This site is optimized with the Yoast SEO plugin v27.6 - https:\/\/yoast.com\/product\/yoast-seo-wordpress\/ -->\n<title>Matthias Nagel<\/title>\n<meta name=\"robots\" content=\"index, follow, max-snippet:-1, max-image-preview:large, max-video-preview:-1\" \/>\n<link rel=\"canonical\" href=\"https:\/\/www.zebemusic.com\/de\/matthiasnagel\/\" \/>\n<meta property=\"og:locale\" content=\"de_DE\" \/>\n<meta property=\"og:type\" content=\"article\" \/>\n<meta property=\"og:title\" content=\"Matthias Nagel\" \/>\n<meta property=\"og:description\" content=\"Der 1958 geborene Matthias Nagel studierte Kirchenmusik in Herford und Essen. Von 1984 bis 2003 war er als Kirchenmusiker in D\u00fcsseldorf t\u00e4tig. Im selben Zeitraum versah er Lehrauftr\u00e4ge f\u00fcr Orgelimprovisation in Essen und D\u00fcsseldorf. Zus\u00e4tzlich arbeitete er als Gastreferent f\u00fcr kirchliche Popularmusik an verschiedenen Hochschulen. Danach war er als Kirchenmusiker in der Arbeitsstelle f\u00fcr Gottesdienst [&hellip;]\" \/>\n<meta property=\"og:url\" content=\"https:\/\/www.zebemusic.com\/de\/matthiasnagel\/\" \/>\n<meta property=\"og:site_name\" content=\"ZebeMusic\" \/>\n<meta property=\"article:publisher\" content=\"https:\/\/www.facebook.com\/zebemusic\" \/>\n<meta property=\"article:modified_time\" content=\"2025-09-23T10:54:55+00:00\" \/>\n<meta property=\"og:image\" content=\"https:\/\/www.zebemusic.com\/wp-content\/uploads\/2019\/02\/Nagel-e1753293839144.jpg\" \/>\n\t<meta property=\"og:image:width\" content=\"147\" \/>\n\t<meta property=\"og:image:height\" content=\"183\" \/>\n\t<meta property=\"og:image:type\" content=\"image\/jpeg\" \/>\n<meta name=\"twitter:card\" content=\"summary_large_image\" \/>\n<meta name=\"twitter:label1\" content=\"Est. reading time\" \/>\n\t<meta name=\"twitter:data1\" content=\"1 minute\" \/>\n<script type=\"application\/ld+json\" class=\"yoast-schema-graph\">{\"@context\":\"https:\\\/\\\/schema.org\",\"@graph\":[{\"@type\":\"WebPage\",\"@id\":\"https:\\\/\\\/www.zebemusic.com\\\/de\\\/matthiasnagel\\\/\",\"url\":\"https:\\\/\\\/www.zebemusic.com\\\/de\\\/matthiasnagel\\\/\",\"name\":\"Matthias Nagel\",\"isPartOf\":{\"@id\":\"https:\\\/\\\/www.zebemusic.com\\\/de\\\/#website\"},\"primaryImageOfPage\":{\"@id\":\"https:\\\/\\\/www.zebemusic.com\\\/de\\\/matthiasnagel\\\/#primaryimage\"},\"image\":{\"@id\":\"https:\\\/\\\/www.zebemusic.com\\\/de\\\/matthiasnagel\\\/#primaryimage\"},\"thumbnailUrl\":\"https:\\\/\\\/zebemusic.com\\\/wp-content\\\/uploads\\\/2019\\\/02\\\/Nagel.jpg\",\"datePublished\":\"2014-12-02T09:33:13+00:00\",\"dateModified\":\"2025-09-23T10:54:55+00:00\",\"inLanguage\":\"de-DE\",\"potentialAction\":[{\"@type\":\"ReadAction\",\"target\":[\"https:\\\/\\\/www.zebemusic.com\\\/de\\\/matthiasnagel\\\/\"]}]},{\"@type\":\"ImageObject\",\"inLanguage\":\"de-DE\",\"@id\":\"https:\\\/\\\/www.zebemusic.com\\\/de\\\/matthiasnagel\\\/#primaryimage\",\"url\":\"https:\\\/\\\/zebemusic.com\\\/wp-content\\\/uploads\\\/2019\\\/02\\\/Nagel.jpg\",\"contentUrl\":\"https:\\\/\\\/zebemusic.com\\\/wp-content\\\/uploads\\\/2019\\\/02\\\/Nagel.jpg\"},{\"@type\":\"WebSite\",\"@id\":\"https:\\\/\\\/www.zebemusic.com\\\/de\\\/#website\",\"url\":\"https:\\\/\\\/www.zebemusic.com\\\/de\\\/\",\"name\":\"ZebeMusic\",\"description\":\"makes you sing.\",\"publisher\":{\"@id\":\"https:\\\/\\\/www.zebemusic.com\\\/de\\\/#organization\"},\"alternateName\":\"Gospelnoten & Kindermusicals\",\"potentialAction\":[{\"@type\":\"SearchAction\",\"target\":{\"@type\":\"EntryPoint\",\"urlTemplate\":\"https:\\\/\\\/www.zebemusic.com\\\/de\\\/?s={search_term_string}\"},\"query-input\":{\"@type\":\"PropertyValueSpecification\",\"valueRequired\":true,\"valueName\":\"search_term_string\"}}],\"inLanguage\":\"de-DE\"},{\"@type\":\"Organization\",\"@id\":\"https:\\\/\\\/www.zebemusic.com\\\/de\\\/#organization\",\"name\":\"ZebeMusic\",\"url\":\"https:\\\/\\\/www.zebemusic.com\\\/de\\\/\",\"logo\":{\"@type\":\"ImageObject\",\"inLanguage\":\"de-DE\",\"@id\":\"https:\\\/\\\/www.zebemusic.com\\\/de\\\/#\\\/schema\\\/logo\\\/image\\\/\",\"url\":\"https:\\\/\\\/www.zebemusic.com\\\/wp-content\\\/uploads\\\/2025\\\/10\\\/ZEBE-Logo_ZW-makesyousing.jpg\",\"contentUrl\":\"https:\\\/\\\/www.zebemusic.com\\\/wp-content\\\/uploads\\\/2025\\\/10\\\/ZEBE-Logo_ZW-makesyousing.jpg\",\"width\":2212,\"height\":958,\"caption\":\"ZebeMusic\"},\"image\":{\"@id\":\"https:\\\/\\\/www.zebemusic.com\\\/de\\\/#\\\/schema\\\/logo\\\/image\\\/\"},\"sameAs\":[\"https:\\\/\\\/www.facebook.com\\\/zebemusic\",\"https:\\\/\\\/www.instagram.com\\\/zebemusic\",\"https:\\\/\\\/www.youtube.com\\\/zebemusicberlin\"]}]}<\/script>\n<!-- \/ Yoast SEO plugin. -->","yoast_head_json":{"title":"Matthias Nagel","robots":{"index":"index","follow":"follow","max-snippet":"max-snippet:-1","max-image-preview":"max-image-preview:large","max-video-preview":"max-video-preview:-1"},"canonical":"https:\/\/www.zebemusic.com\/de\/matthiasnagel\/","og_locale":"de_DE","og_type":"article","og_title":"Matthias Nagel","og_description":"Der 1958 geborene Matthias Nagel studierte Kirchenmusik in Herford und Essen. Von 1984 bis 2003 war er als Kirchenmusiker in D\u00fcsseldorf t\u00e4tig. Im selben Zeitraum versah er Lehrauftr\u00e4ge f\u00fcr Orgelimprovisation in Essen und D\u00fcsseldorf. Zus\u00e4tzlich arbeitete er als Gastreferent f\u00fcr kirchliche Popularmusik an verschiedenen Hochschulen. Danach war er als Kirchenmusiker in der Arbeitsstelle f\u00fcr Gottesdienst [&hellip;]","og_url":"https:\/\/www.zebemusic.com\/de\/matthiasnagel\/","og_site_name":"ZebeMusic","article_publisher":"https:\/\/www.facebook.com\/zebemusic","article_modified_time":"2025-09-23T10:54:55+00:00","og_image":[{"width":147,"height":183,"url":"https:\/\/www.zebemusic.com\/wp-content\/uploads\/2019\/02\/Nagel-e1753293839144.jpg","type":"image\/jpeg"}],"twitter_card":"summary_large_image","twitter_misc":{"Est. reading time":"1 minute"},"schema":{"@context":"https:\/\/schema.org","@graph":[{"@type":"WebPage","@id":"https:\/\/www.zebemusic.com\/de\/matthiasnagel\/","url":"https:\/\/www.zebemusic.com\/de\/matthiasnagel\/","name":"Matthias Nagel","isPartOf":{"@id":"https:\/\/www.zebemusic.com\/de\/#website"},"primaryImageOfPage":{"@id":"https:\/\/www.zebemusic.com\/de\/matthiasnagel\/#primaryimage"},"image":{"@id":"https:\/\/www.zebemusic.com\/de\/matthiasnagel\/#primaryimage"},"thumbnailUrl":"https:\/\/zebemusic.com\/wp-content\/uploads\/2019\/02\/Nagel.jpg","datePublished":"2014-12-02T09:33:13+00:00","dateModified":"2025-09-23T10:54:55+00:00","inLanguage":"de-DE","potentialAction":[{"@type":"ReadAction","target":["https:\/\/www.zebemusic.com\/de\/matthiasnagel\/"]}]},{"@type":"ImageObject","inLanguage":"de-DE","@id":"https:\/\/www.zebemusic.com\/de\/matthiasnagel\/#primaryimage","url":"https:\/\/zebemusic.com\/wp-content\/uploads\/2019\/02\/Nagel.jpg","contentUrl":"https:\/\/zebemusic.com\/wp-content\/uploads\/2019\/02\/Nagel.jpg"},{"@type":"WebSite","@id":"https:\/\/www.zebemusic.com\/de\/#website","url":"https:\/\/www.zebemusic.com\/de\/","name":"ZebeMusic","description":"makes you sing.","publisher":{"@id":"https:\/\/www.zebemusic.com\/de\/#organization"},"alternateName":"Gospelnoten & Kindermusicals","potentialAction":[{"@type":"SearchAction","target":{"@type":"EntryPoint","urlTemplate":"https:\/\/www.zebemusic.com\/de\/?s={search_term_string}"},"query-input":{"@type":"PropertyValueSpecification","valueRequired":true,"valueName":"search_term_string"}}],"inLanguage":"de-DE"},{"@type":"Organization","@id":"https:\/\/www.zebemusic.com\/de\/#organization","name":"ZebeMusic","url":"https:\/\/www.zebemusic.com\/de\/","logo":{"@type":"ImageObject","inLanguage":"de-DE","@id":"https:\/\/www.zebemusic.com\/de\/#\/schema\/logo\/image\/","url":"https:\/\/www.zebemusic.com\/wp-content\/uploads\/2025\/10\/ZEBE-Logo_ZW-makesyousing.jpg","contentUrl":"https:\/\/www.zebemusic.com\/wp-content\/uploads\/2025\/10\/ZEBE-Logo_ZW-makesyousing.jpg","width":2212,"height":958,"caption":"ZebeMusic"},"image":{"@id":"https:\/\/www.zebemusic.com\/de\/#\/schema\/logo\/image\/"},"sameAs":["https:\/\/www.facebook.com\/zebemusic","https:\/\/www.instagram.com\/zebemusic","https:\/\/www.youtube.com\/zebemusicberlin"]}]}},"_links":{"self":[{"href":"https:\/\/www.zebemusic.com\/de\/wp-json\/wp\/v2\/pages\/4693","targetHints":{"allow":["GET"]}}],"collection":[{"href":"https:\/\/www.zebemusic.com\/de\/wp-json\/wp\/v2\/pages"}],"about":[{"href":"https:\/\/www.zebemusic.com\/de\/wp-json\/wp\/v2\/types\/page"}],"author":[{"embeddable":true,"href":"https:\/\/www.zebemusic.com\/de\/wp-json\/wp\/v2\/users\/50"}],"replies":[{"embeddable":true,"href":"https:\/\/www.zebemusic.com\/de\/wp-json\/wp\/v2\/comments?post=4693"}],"version-history":[{"count":11,"href":"https:\/\/www.zebemusic.com\/de\/wp-json\/wp\/v2\/pages\/4693\/revisions"}],"predecessor-version":[{"id":28419,"href":"https:\/\/www.zebemusic.com\/de\/wp-json\/wp\/v2\/pages\/4693\/revisions\/28419"}],"wp:attachment":[{"href":"https:\/\/www.zebemusic.com\/de\/wp-json\/wp\/v2\/media?parent=4693"}],"curies":[{"name":"wp","href":"https:\/\/api.w.org\/{rel}","templated":true}]}}