{"id":4699,"date":"2014-12-02T14:06:13","date_gmt":"2014-12-02T12:06:13","guid":{"rendered":"http:\/\/zebemusic.smukkeberg.com\/?page_id=4699"},"modified":"2024-01-22T09:22:40","modified_gmt":"2024-01-22T08:22:40","slug":"sebastianzebe","status":"publish","type":"page","link":"https:\/\/www.zebemusic.com\/de\/sebastianzebe\/","title":{"rendered":"Sebastian Zebe"},"content":{"rendered":"<p><a href=\"https:\/\/zebemusic.com\/wp-content\/uploads\/2023\/12\/Sebastian-Zebe-1.jpeg\"><img loading=\"lazy\" decoding=\"async\" class=\" wp-image-19415 alignleft\" src=\"https:\/\/zebemusic.com\/wp-content\/uploads\/2023\/12\/Sebastian-Zebe-1-219x300.jpeg\" alt=\"\" width=\"166\" height=\"227\" srcset=\"https:\/\/www.zebemusic.com\/wp-content\/uploads\/2023\/12\/Sebastian-Zebe-1-219x300.jpeg 219w, https:\/\/www.zebemusic.com\/wp-content\/uploads\/2023\/12\/Sebastian-Zebe-1-110x150.jpeg 110w, https:\/\/www.zebemusic.com\/wp-content\/uploads\/2023\/12\/Sebastian-Zebe-1-200x273.jpeg 200w, https:\/\/www.zebemusic.com\/wp-content\/uploads\/2023\/12\/Sebastian-Zebe-1.jpeg 515w\" sizes=\"auto, (max-width: 166px) 100vw, 166px\" \/><\/a>Der 1962 in Frankfurt (Oder) geborene Theologe lernte in der Kindheit das Geige- und Bratschespiel. Als Jugendlicher spielte er dar\u00fcber hinaus Schlagzeug und nutzte seine Freizeit f\u00fcr das experimentelle Arbeiten mit Musik. In Erfurt studierte er Theologie und arbeitete sp\u00e4ter dort als Stadtjugendpfarrer. Er legt sehr viel Wert auf die F\u00f6rderung von musikalischen Inhalten in der Jugendarbeit und startete Projekte mit Kunstschulen, Theatern und Musikschulen. Sebastian Zebe gr\u00fcndete und leitete mehrere Kinder- und Jugendbands und den Chor <em>Heavens Garden<\/em>. Der Kern seiner Arbeit lag darin, verschiedene kulturelle Bereiche zu verkn\u00fcpfen und damit die christliche Botschaft Kindern und Jugendlichen nahe zu bringen. Ein besonderer Schwerpunkt lag dabei auf der Musicalarbeit. Zusammen mit Johannes Staemmler schrieb er das Rockmusical \u201eUnd es geschah\u201c.<\/p>\n<p>12 Jahre lang lebte Sebastian Zebe in Bozen (Italien) und arbeitete dort als Pfarrer an der Evangelisch-Lutherischen Gemeinde. Bei <em>Radio Television Italiano<\/em> moderierte er die Radiosendung \u201eSonntagsgedanke\u201c.<br \/>\nHeute arbeitet er als Pfarrer der Evangelisch-reformierten Kirche in der Schweiz und lebt in der N\u00e4he von Z\u00fcrich.<\/p>\n<hr \/>\n<p><strong>Sebastian Zebe bei ZebeMusic:<br \/>\n<\/strong><br \/>\n\u2022 <a href=\"\/und-es-geschah\">Und es geschah<\/a><\/p>\n","protected":false},"excerpt":{"rendered":"<p>Der 1962 in Frankfurt (Oder) geborene Theologe lernte in der Kindheit das Geige- und Bratschespiel. Als Jugendlicher spielte er dar\u00fcber hinaus Schlagzeug und nutzte seine Freizeit f\u00fcr das experimentelle Arbeiten mit Musik. In Erfurt studierte er Theologie und arbeitete sp\u00e4ter dort als Stadtjugendpfarrer. Er legt sehr viel Wert auf die F\u00f6rderung von musikalischen Inhalten in [&hellip;]<\/p>\n","protected":false},"author":50,"featured_media":0,"parent":0,"menu_order":0,"comment_status":"closed","ping_status":"closed","template":"page-templates\/page-sidebar-none.php","meta":{"_acf_changed":false,"footnotes":""},"class_list":["post-4699","page","type-page","status-publish","hentry"],"acf":[],"yoast_head":"<!-- This site is optimized with the Yoast SEO plugin v27.5 - https:\/\/yoast.com\/product\/yoast-seo-wordpress\/ -->\n<title>Sebastian Zebe<\/title>\n<meta name=\"robots\" content=\"index, follow, max-snippet:-1, max-image-preview:large, max-video-preview:-1\" \/>\n<link rel=\"canonical\" href=\"https:\/\/www.zebemusic.com\/sebastianzebe\/\" \/>\n<meta property=\"og:locale\" content=\"de_DE\" \/>\n<meta property=\"og:type\" content=\"article\" \/>\n<meta property=\"og:title\" content=\"Sebastian Zebe\" \/>\n<meta property=\"og:description\" content=\"Der 1962 in Frankfurt (Oder) geborene Theologe lernte in der Kindheit das Geige- und Bratschespiel. Als Jugendlicher spielte er dar\u00fcber hinaus Schlagzeug und nutzte seine Freizeit f\u00fcr das experimentelle Arbeiten mit Musik. In Erfurt studierte er Theologie und arbeitete sp\u00e4ter dort als Stadtjugendpfarrer. Er legt sehr viel Wert auf die F\u00f6rderung von musikalischen Inhalten in [&hellip;]\" \/>\n<meta property=\"og:url\" content=\"https:\/\/www.zebemusic.com\/sebastianzebe\/\" \/>\n<meta property=\"og:site_name\" content=\"ZebeMusic\" \/>\n<meta property=\"article:publisher\" content=\"https:\/\/www.facebook.com\/zebemusic\" \/>\n<meta property=\"article:modified_time\" content=\"2024-01-22T08:22:40+00:00\" \/>\n<meta property=\"og:image\" content=\"https:\/\/zebemusic.com\/wp-content\/uploads\/2023\/12\/Sebastian-Zebe-1-219x300.jpeg\" \/>\n<meta name=\"twitter:card\" content=\"summary_large_image\" \/>\n<meta name=\"twitter:label1\" content=\"Est. reading time\" \/>\n\t<meta name=\"twitter:data1\" content=\"1 minute\" \/>\n<script type=\"application\/ld+json\" class=\"yoast-schema-graph\">{\"@context\":\"https:\\\/\\\/schema.org\",\"@graph\":[{\"@type\":\"WebPage\",\"@id\":\"https:\\\/\\\/www.zebemusic.com\\\/sebastianzebe\\\/\",\"url\":\"https:\\\/\\\/www.zebemusic.com\\\/sebastianzebe\\\/\",\"name\":\"Sebastian Zebe\",\"isPartOf\":{\"@id\":\"https:\\\/\\\/www.zebemusic.com\\\/de\\\/#website\"},\"primaryImageOfPage\":{\"@id\":\"https:\\\/\\\/www.zebemusic.com\\\/sebastianzebe\\\/#primaryimage\"},\"image\":{\"@id\":\"https:\\\/\\\/www.zebemusic.com\\\/sebastianzebe\\\/#primaryimage\"},\"thumbnailUrl\":\"https:\\\/\\\/zebemusic.com\\\/wp-content\\\/uploads\\\/2023\\\/12\\\/Sebastian-Zebe-1-219x300.jpeg\",\"datePublished\":\"2014-12-02T12:06:13+00:00\",\"dateModified\":\"2024-01-22T08:22:40+00:00\",\"inLanguage\":\"de-DE\",\"potentialAction\":[{\"@type\":\"ReadAction\",\"target\":[\"https:\\\/\\\/www.zebemusic.com\\\/sebastianzebe\\\/\"]}]},{\"@type\":\"ImageObject\",\"inLanguage\":\"de-DE\",\"@id\":\"https:\\\/\\\/www.zebemusic.com\\\/sebastianzebe\\\/#primaryimage\",\"url\":\"https:\\\/\\\/zebemusic.com\\\/wp-content\\\/uploads\\\/2023\\\/12\\\/Sebastian-Zebe-1-219x300.jpeg\",\"contentUrl\":\"https:\\\/\\\/zebemusic.com\\\/wp-content\\\/uploads\\\/2023\\\/12\\\/Sebastian-Zebe-1-219x300.jpeg\"},{\"@type\":\"WebSite\",\"@id\":\"https:\\\/\\\/www.zebemusic.com\\\/de\\\/#website\",\"url\":\"https:\\\/\\\/www.zebemusic.com\\\/de\\\/\",\"name\":\"ZebeMusic\",\"description\":\"makes you sing.\",\"publisher\":{\"@id\":\"https:\\\/\\\/www.zebemusic.com\\\/de\\\/#organization\"},\"alternateName\":\"Gospelnoten & Kindermusicals\",\"potentialAction\":[{\"@type\":\"SearchAction\",\"target\":{\"@type\":\"EntryPoint\",\"urlTemplate\":\"https:\\\/\\\/www.zebemusic.com\\\/de\\\/?s={search_term_string}\"},\"query-input\":{\"@type\":\"PropertyValueSpecification\",\"valueRequired\":true,\"valueName\":\"search_term_string\"}}],\"inLanguage\":\"de-DE\"},{\"@type\":\"Organization\",\"@id\":\"https:\\\/\\\/www.zebemusic.com\\\/de\\\/#organization\",\"name\":\"ZebeMusic\",\"url\":\"https:\\\/\\\/www.zebemusic.com\\\/de\\\/\",\"logo\":{\"@type\":\"ImageObject\",\"inLanguage\":\"de-DE\",\"@id\":\"https:\\\/\\\/www.zebemusic.com\\\/de\\\/#\\\/schema\\\/logo\\\/image\\\/\",\"url\":\"https:\\\/\\\/www.zebemusic.com\\\/wp-content\\\/uploads\\\/2025\\\/10\\\/ZEBE-Logo_ZW-makesyousing.jpg\",\"contentUrl\":\"https:\\\/\\\/www.zebemusic.com\\\/wp-content\\\/uploads\\\/2025\\\/10\\\/ZEBE-Logo_ZW-makesyousing.jpg\",\"width\":2212,\"height\":958,\"caption\":\"ZebeMusic\"},\"image\":{\"@id\":\"https:\\\/\\\/www.zebemusic.com\\\/de\\\/#\\\/schema\\\/logo\\\/image\\\/\"},\"sameAs\":[\"https:\\\/\\\/www.facebook.com\\\/zebemusic\",\"https:\\\/\\\/www.instagram.com\\\/zebemusic\",\"https:\\\/\\\/www.youtube.com\\\/zebemusicberlin\"]}]}<\/script>\n<!-- \/ Yoast SEO plugin. -->","yoast_head_json":{"title":"Sebastian Zebe","robots":{"index":"index","follow":"follow","max-snippet":"max-snippet:-1","max-image-preview":"max-image-preview:large","max-video-preview":"max-video-preview:-1"},"canonical":"https:\/\/www.zebemusic.com\/sebastianzebe\/","og_locale":"de_DE","og_type":"article","og_title":"Sebastian Zebe","og_description":"Der 1962 in Frankfurt (Oder) geborene Theologe lernte in der Kindheit das Geige- und Bratschespiel. Als Jugendlicher spielte er dar\u00fcber hinaus Schlagzeug und nutzte seine Freizeit f\u00fcr das experimentelle Arbeiten mit Musik. In Erfurt studierte er Theologie und arbeitete sp\u00e4ter dort als Stadtjugendpfarrer. Er legt sehr viel Wert auf die F\u00f6rderung von musikalischen Inhalten in [&hellip;]","og_url":"https:\/\/www.zebemusic.com\/sebastianzebe\/","og_site_name":"ZebeMusic","article_publisher":"https:\/\/www.facebook.com\/zebemusic","article_modified_time":"2024-01-22T08:22:40+00:00","og_image":[{"url":"https:\/\/zebemusic.com\/wp-content\/uploads\/2023\/12\/Sebastian-Zebe-1-219x300.jpeg","type":"","width":"","height":""}],"twitter_card":"summary_large_image","twitter_misc":{"Est. reading time":"1 minute"},"schema":{"@context":"https:\/\/schema.org","@graph":[{"@type":"WebPage","@id":"https:\/\/www.zebemusic.com\/sebastianzebe\/","url":"https:\/\/www.zebemusic.com\/sebastianzebe\/","name":"Sebastian Zebe","isPartOf":{"@id":"https:\/\/www.zebemusic.com\/de\/#website"},"primaryImageOfPage":{"@id":"https:\/\/www.zebemusic.com\/sebastianzebe\/#primaryimage"},"image":{"@id":"https:\/\/www.zebemusic.com\/sebastianzebe\/#primaryimage"},"thumbnailUrl":"https:\/\/zebemusic.com\/wp-content\/uploads\/2023\/12\/Sebastian-Zebe-1-219x300.jpeg","datePublished":"2014-12-02T12:06:13+00:00","dateModified":"2024-01-22T08:22:40+00:00","inLanguage":"de-DE","potentialAction":[{"@type":"ReadAction","target":["https:\/\/www.zebemusic.com\/sebastianzebe\/"]}]},{"@type":"ImageObject","inLanguage":"de-DE","@id":"https:\/\/www.zebemusic.com\/sebastianzebe\/#primaryimage","url":"https:\/\/zebemusic.com\/wp-content\/uploads\/2023\/12\/Sebastian-Zebe-1-219x300.jpeg","contentUrl":"https:\/\/zebemusic.com\/wp-content\/uploads\/2023\/12\/Sebastian-Zebe-1-219x300.jpeg"},{"@type":"WebSite","@id":"https:\/\/www.zebemusic.com\/de\/#website","url":"https:\/\/www.zebemusic.com\/de\/","name":"ZebeMusic","description":"makes you sing.","publisher":{"@id":"https:\/\/www.zebemusic.com\/de\/#organization"},"alternateName":"Gospelnoten & Kindermusicals","potentialAction":[{"@type":"SearchAction","target":{"@type":"EntryPoint","urlTemplate":"https:\/\/www.zebemusic.com\/de\/?s={search_term_string}"},"query-input":{"@type":"PropertyValueSpecification","valueRequired":true,"valueName":"search_term_string"}}],"inLanguage":"de-DE"},{"@type":"Organization","@id":"https:\/\/www.zebemusic.com\/de\/#organization","name":"ZebeMusic","url":"https:\/\/www.zebemusic.com\/de\/","logo":{"@type":"ImageObject","inLanguage":"de-DE","@id":"https:\/\/www.zebemusic.com\/de\/#\/schema\/logo\/image\/","url":"https:\/\/www.zebemusic.com\/wp-content\/uploads\/2025\/10\/ZEBE-Logo_ZW-makesyousing.jpg","contentUrl":"https:\/\/www.zebemusic.com\/wp-content\/uploads\/2025\/10\/ZEBE-Logo_ZW-makesyousing.jpg","width":2212,"height":958,"caption":"ZebeMusic"},"image":{"@id":"https:\/\/www.zebemusic.com\/de\/#\/schema\/logo\/image\/"},"sameAs":["https:\/\/www.facebook.com\/zebemusic","https:\/\/www.instagram.com\/zebemusic","https:\/\/www.youtube.com\/zebemusicberlin"]}]}},"_links":{"self":[{"href":"https:\/\/www.zebemusic.com\/de\/wp-json\/wp\/v2\/pages\/4699","targetHints":{"allow":["GET"]}}],"collection":[{"href":"https:\/\/www.zebemusic.com\/de\/wp-json\/wp\/v2\/pages"}],"about":[{"href":"https:\/\/www.zebemusic.com\/de\/wp-json\/wp\/v2\/types\/page"}],"author":[{"embeddable":true,"href":"https:\/\/www.zebemusic.com\/de\/wp-json\/wp\/v2\/users\/50"}],"replies":[{"embeddable":true,"href":"https:\/\/www.zebemusic.com\/de\/wp-json\/wp\/v2\/comments?post=4699"}],"version-history":[{"count":10,"href":"https:\/\/www.zebemusic.com\/de\/wp-json\/wp\/v2\/pages\/4699\/revisions"}],"predecessor-version":[{"id":20916,"href":"https:\/\/www.zebemusic.com\/de\/wp-json\/wp\/v2\/pages\/4699\/revisions\/20916"}],"wp:attachment":[{"href":"https:\/\/www.zebemusic.com\/de\/wp-json\/wp\/v2\/media?parent=4699"}],"curies":[{"name":"wp","href":"https:\/\/api.w.org\/{rel}","templated":true}]}}