{"id":4703,"date":"2014-12-02T14:15:28","date_gmt":"2014-12-02T12:15:28","guid":{"rendered":"http:\/\/zebemusic.smukkeberg.com\/?page_id=4703"},"modified":"2026-02-04T16:18:47","modified_gmt":"2026-02-04T15:18:47","slug":"stefanhanke","status":"publish","type":"page","link":"https:\/\/www.zebemusic.com\/de\/stefanhanke\/","title":{"rendered":"Stefan Hanke"},"content":{"rendered":"<p><a href=\"https:\/\/www.zebemusic.com\/wp-content\/uploads\/2026\/02\/2014-07-19-19.59.12-1.jpg\"><img loading=\"lazy\" decoding=\"async\" class=\" wp-image-30480 alignleft\" src=\"https:\/\/www.zebemusic.com\/wp-content\/uploads\/2026\/02\/2014-07-19-19.59.12-1-212x300.jpg\" alt=\"\" width=\"158\" height=\"224\" srcset=\"https:\/\/www.zebemusic.com\/wp-content\/uploads\/2026\/02\/2014-07-19-19.59.12-1-212x300.jpg 212w, https:\/\/www.zebemusic.com\/wp-content\/uploads\/2026\/02\/2014-07-19-19.59.12-1-724x1024.jpg 724w, https:\/\/www.zebemusic.com\/wp-content\/uploads\/2026\/02\/2014-07-19-19.59.12-1-106x150.jpg 106w, https:\/\/www.zebemusic.com\/wp-content\/uploads\/2026\/02\/2014-07-19-19.59.12-1-768x1087.jpg 768w, https:\/\/www.zebemusic.com\/wp-content\/uploads\/2026\/02\/2014-07-19-19.59.12-1-1086x1536.jpg 1086w, https:\/\/www.zebemusic.com\/wp-content\/uploads\/2026\/02\/2014-07-19-19.59.12-1-200x283.jpg 200w, https:\/\/www.zebemusic.com\/wp-content\/uploads\/2026\/02\/2014-07-19-19.59.12-1-600x849.jpg 600w, https:\/\/www.zebemusic.com\/wp-content\/uploads\/2026\/02\/2014-07-19-19.59.12-1.jpg 1340w\" sizes=\"auto, (max-width: 158px) 100vw, 158px\" \/><\/a>Der aus einem Musikerhaus stammende Stefan Hanke wurde 1965 im sauerl\u00e4ndischen Werdohl geboren und zog in jungen Jahren nach Hamburg. Er lernte Geige, Klavier und Blockfl\u00f6te spielen. Durch den st\u00e4ndigen Kontakt mit Musik und Tanz in der Waldorfschule wurde er besonders auf musikp\u00e4dagogische Inhalte gepr\u00e4gt. Er fand schnell gro\u00dfe Freude daran selbst in p\u00e4dagogischer Arbeit musikalische Werte an andere weiterzugeben. So begann er bereits ab dem dreizehnten Lebensjahr Geigenunterricht zu geben. Nach der Schule lernte er Musik an den Hochschulen L\u00fcbek und Hannover, sowie bei Professorin Hamann und Professor Stricharz in Hamburg. Au\u00dferdem studierte er Erziehungswissenschaften an der Universit\u00e4t Hamburg. Seitdem arbeitet Stefan Hanke als freischaffender Komponist und Musikp\u00e4dagoge.<\/p>\n<p>In den 80er Jahren gr\u00fcndete er die Gruppe f\u00fcr Ausdruckstanz und das Kammerorchester der Martin-Luther-King-Kirche in Hamburg-Steilshoop. Aktuell arbeite er in Hamburg bei den \u201eJeKi\u201c-Projekten zur Musikf\u00f6rderung und ist an einer Vielzahl von offenen kreativen Projekten mit Kindern und Jugendlichen beteiligt. In seiner T\u00e4tigkeit als Komponist legt er besonderen Wert auf Individualit\u00e4t und musikalischen Anspruch. Weitere seiner Kompositionen sind die \u201eChristophorus-Kantate\u201c, \u201eIch habe einen Traum\u201c und \u201eDie Herbstovert\u00fcre\u201c.<\/p>\n<hr \/>\n<p style=\"text-align: left;\">\u00a0<a href=\"http:\/\/iserhot-hanke.jimdo.com\/\" target=\"blank\" rel=\"noopener\"><strong>www.iserhot-hanke.jimdo.com<\/strong><\/a><\/p>\n<p>Stefan Hanke bei ZebeMusic:<\/p>\n","protected":false},"excerpt":{"rendered":"<p>Der aus einem Musikerhaus stammende Stefan Hanke wurde 1965 im sauerl\u00e4ndischen Werdohl geboren und zog in jungen Jahren nach Hamburg. Er lernte Geige, Klavier und Blockfl\u00f6te spielen. Durch den st\u00e4ndigen Kontakt mit Musik und Tanz in der Waldorfschule wurde er besonders auf musikp\u00e4dagogische Inhalte gepr\u00e4gt. Er fand schnell gro\u00dfe Freude daran selbst in p\u00e4dagogischer Arbeit [&hellip;]<\/p>\n","protected":false},"author":50,"featured_media":0,"parent":0,"menu_order":0,"comment_status":"closed","ping_status":"closed","template":"page-templates\/page-sidebar-none.php","meta":{"_acf_changed":false,"footnotes":""},"class_list":["post-4703","page","type-page","status-publish","hentry"],"acf":[],"yoast_head":"<!-- This site is optimized with the Yoast SEO plugin v27.5 - https:\/\/yoast.com\/product\/yoast-seo-wordpress\/ -->\n<title>Stefan Hanke<\/title>\n<meta name=\"robots\" content=\"index, follow, max-snippet:-1, max-image-preview:large, max-video-preview:-1\" \/>\n<link rel=\"canonical\" href=\"https:\/\/www.zebemusic.com\/de\/stefanhanke\/\" \/>\n<meta property=\"og:locale\" content=\"de_DE\" \/>\n<meta property=\"og:type\" content=\"article\" \/>\n<meta property=\"og:title\" content=\"Stefan Hanke\" \/>\n<meta property=\"og:description\" content=\"Der aus einem Musikerhaus stammende Stefan Hanke wurde 1965 im sauerl\u00e4ndischen Werdohl geboren und zog in jungen Jahren nach Hamburg. Er lernte Geige, Klavier und Blockfl\u00f6te spielen. Durch den st\u00e4ndigen Kontakt mit Musik und Tanz in der Waldorfschule wurde er besonders auf musikp\u00e4dagogische Inhalte gepr\u00e4gt. Er fand schnell gro\u00dfe Freude daran selbst in p\u00e4dagogischer Arbeit [&hellip;]\" \/>\n<meta property=\"og:url\" content=\"https:\/\/www.zebemusic.com\/de\/stefanhanke\/\" \/>\n<meta property=\"og:site_name\" content=\"ZebeMusic\" \/>\n<meta property=\"article:publisher\" content=\"https:\/\/www.facebook.com\/zebemusic\" \/>\n<meta property=\"article:modified_time\" content=\"2026-02-04T15:18:47+00:00\" \/>\n<meta property=\"og:image\" content=\"https:\/\/www.zebemusic.com\/wp-content\/uploads\/2026\/02\/2014-07-19-19.59.12-1.jpg\" \/>\n\t<meta property=\"og:image:width\" content=\"1340\" \/>\n\t<meta property=\"og:image:height\" content=\"1896\" \/>\n\t<meta property=\"og:image:type\" content=\"image\/jpeg\" \/>\n<meta name=\"twitter:card\" content=\"summary_large_image\" \/>\n<meta name=\"twitter:label1\" content=\"Est. reading time\" \/>\n\t<meta name=\"twitter:data1\" content=\"1 minute\" \/>\n<script type=\"application\/ld+json\" class=\"yoast-schema-graph\">{\"@context\":\"https:\\\/\\\/schema.org\",\"@graph\":[{\"@type\":\"WebPage\",\"@id\":\"https:\\\/\\\/www.zebemusic.com\\\/de\\\/stefanhanke\\\/\",\"url\":\"https:\\\/\\\/www.zebemusic.com\\\/de\\\/stefanhanke\\\/\",\"name\":\"Stefan Hanke\",\"isPartOf\":{\"@id\":\"https:\\\/\\\/www.zebemusic.com\\\/de\\\/#website\"},\"primaryImageOfPage\":{\"@id\":\"https:\\\/\\\/www.zebemusic.com\\\/de\\\/stefanhanke\\\/#primaryimage\"},\"image\":{\"@id\":\"https:\\\/\\\/www.zebemusic.com\\\/de\\\/stefanhanke\\\/#primaryimage\"},\"thumbnailUrl\":\"https:\\\/\\\/www.zebemusic.com\\\/wp-content\\\/uploads\\\/2026\\\/02\\\/2014-07-19-19.59.12-1-212x300.jpg\",\"datePublished\":\"2014-12-02T12:15:28+00:00\",\"dateModified\":\"2026-02-04T15:18:47+00:00\",\"inLanguage\":\"de-DE\",\"potentialAction\":[{\"@type\":\"ReadAction\",\"target\":[\"https:\\\/\\\/www.zebemusic.com\\\/de\\\/stefanhanke\\\/\"]}]},{\"@type\":\"ImageObject\",\"inLanguage\":\"de-DE\",\"@id\":\"https:\\\/\\\/www.zebemusic.com\\\/de\\\/stefanhanke\\\/#primaryimage\",\"url\":\"https:\\\/\\\/www.zebemusic.com\\\/wp-content\\\/uploads\\\/2026\\\/02\\\/2014-07-19-19.59.12-1-212x300.jpg\",\"contentUrl\":\"https:\\\/\\\/www.zebemusic.com\\\/wp-content\\\/uploads\\\/2026\\\/02\\\/2014-07-19-19.59.12-1-212x300.jpg\"},{\"@type\":\"WebSite\",\"@id\":\"https:\\\/\\\/www.zebemusic.com\\\/de\\\/#website\",\"url\":\"https:\\\/\\\/www.zebemusic.com\\\/de\\\/\",\"name\":\"ZebeMusic\",\"description\":\"makes you sing.\",\"publisher\":{\"@id\":\"https:\\\/\\\/www.zebemusic.com\\\/de\\\/#organization\"},\"alternateName\":\"Gospelnoten & Kindermusicals\",\"potentialAction\":[{\"@type\":\"SearchAction\",\"target\":{\"@type\":\"EntryPoint\",\"urlTemplate\":\"https:\\\/\\\/www.zebemusic.com\\\/de\\\/?s={search_term_string}\"},\"query-input\":{\"@type\":\"PropertyValueSpecification\",\"valueRequired\":true,\"valueName\":\"search_term_string\"}}],\"inLanguage\":\"de-DE\"},{\"@type\":\"Organization\",\"@id\":\"https:\\\/\\\/www.zebemusic.com\\\/de\\\/#organization\",\"name\":\"ZebeMusic\",\"url\":\"https:\\\/\\\/www.zebemusic.com\\\/de\\\/\",\"logo\":{\"@type\":\"ImageObject\",\"inLanguage\":\"de-DE\",\"@id\":\"https:\\\/\\\/www.zebemusic.com\\\/de\\\/#\\\/schema\\\/logo\\\/image\\\/\",\"url\":\"https:\\\/\\\/www.zebemusic.com\\\/wp-content\\\/uploads\\\/2025\\\/10\\\/ZEBE-Logo_ZW-makesyousing.jpg\",\"contentUrl\":\"https:\\\/\\\/www.zebemusic.com\\\/wp-content\\\/uploads\\\/2025\\\/10\\\/ZEBE-Logo_ZW-makesyousing.jpg\",\"width\":2212,\"height\":958,\"caption\":\"ZebeMusic\"},\"image\":{\"@id\":\"https:\\\/\\\/www.zebemusic.com\\\/de\\\/#\\\/schema\\\/logo\\\/image\\\/\"},\"sameAs\":[\"https:\\\/\\\/www.facebook.com\\\/zebemusic\",\"https:\\\/\\\/www.instagram.com\\\/zebemusic\",\"https:\\\/\\\/www.youtube.com\\\/zebemusicberlin\"]}]}<\/script>\n<!-- \/ Yoast SEO plugin. -->","yoast_head_json":{"title":"Stefan Hanke","robots":{"index":"index","follow":"follow","max-snippet":"max-snippet:-1","max-image-preview":"max-image-preview:large","max-video-preview":"max-video-preview:-1"},"canonical":"https:\/\/www.zebemusic.com\/de\/stefanhanke\/","og_locale":"de_DE","og_type":"article","og_title":"Stefan Hanke","og_description":"Der aus einem Musikerhaus stammende Stefan Hanke wurde 1965 im sauerl\u00e4ndischen Werdohl geboren und zog in jungen Jahren nach Hamburg. Er lernte Geige, Klavier und Blockfl\u00f6te spielen. Durch den st\u00e4ndigen Kontakt mit Musik und Tanz in der Waldorfschule wurde er besonders auf musikp\u00e4dagogische Inhalte gepr\u00e4gt. Er fand schnell gro\u00dfe Freude daran selbst in p\u00e4dagogischer Arbeit [&hellip;]","og_url":"https:\/\/www.zebemusic.com\/de\/stefanhanke\/","og_site_name":"ZebeMusic","article_publisher":"https:\/\/www.facebook.com\/zebemusic","article_modified_time":"2026-02-04T15:18:47+00:00","og_image":[{"width":1340,"height":1896,"url":"https:\/\/www.zebemusic.com\/wp-content\/uploads\/2026\/02\/2014-07-19-19.59.12-1.jpg","type":"image\/jpeg"}],"twitter_card":"summary_large_image","twitter_misc":{"Est. reading time":"1 minute"},"schema":{"@context":"https:\/\/schema.org","@graph":[{"@type":"WebPage","@id":"https:\/\/www.zebemusic.com\/de\/stefanhanke\/","url":"https:\/\/www.zebemusic.com\/de\/stefanhanke\/","name":"Stefan Hanke","isPartOf":{"@id":"https:\/\/www.zebemusic.com\/de\/#website"},"primaryImageOfPage":{"@id":"https:\/\/www.zebemusic.com\/de\/stefanhanke\/#primaryimage"},"image":{"@id":"https:\/\/www.zebemusic.com\/de\/stefanhanke\/#primaryimage"},"thumbnailUrl":"https:\/\/www.zebemusic.com\/wp-content\/uploads\/2026\/02\/2014-07-19-19.59.12-1-212x300.jpg","datePublished":"2014-12-02T12:15:28+00:00","dateModified":"2026-02-04T15:18:47+00:00","inLanguage":"de-DE","potentialAction":[{"@type":"ReadAction","target":["https:\/\/www.zebemusic.com\/de\/stefanhanke\/"]}]},{"@type":"ImageObject","inLanguage":"de-DE","@id":"https:\/\/www.zebemusic.com\/de\/stefanhanke\/#primaryimage","url":"https:\/\/www.zebemusic.com\/wp-content\/uploads\/2026\/02\/2014-07-19-19.59.12-1-212x300.jpg","contentUrl":"https:\/\/www.zebemusic.com\/wp-content\/uploads\/2026\/02\/2014-07-19-19.59.12-1-212x300.jpg"},{"@type":"WebSite","@id":"https:\/\/www.zebemusic.com\/de\/#website","url":"https:\/\/www.zebemusic.com\/de\/","name":"ZebeMusic","description":"makes you sing.","publisher":{"@id":"https:\/\/www.zebemusic.com\/de\/#organization"},"alternateName":"Gospelnoten & Kindermusicals","potentialAction":[{"@type":"SearchAction","target":{"@type":"EntryPoint","urlTemplate":"https:\/\/www.zebemusic.com\/de\/?s={search_term_string}"},"query-input":{"@type":"PropertyValueSpecification","valueRequired":true,"valueName":"search_term_string"}}],"inLanguage":"de-DE"},{"@type":"Organization","@id":"https:\/\/www.zebemusic.com\/de\/#organization","name":"ZebeMusic","url":"https:\/\/www.zebemusic.com\/de\/","logo":{"@type":"ImageObject","inLanguage":"de-DE","@id":"https:\/\/www.zebemusic.com\/de\/#\/schema\/logo\/image\/","url":"https:\/\/www.zebemusic.com\/wp-content\/uploads\/2025\/10\/ZEBE-Logo_ZW-makesyousing.jpg","contentUrl":"https:\/\/www.zebemusic.com\/wp-content\/uploads\/2025\/10\/ZEBE-Logo_ZW-makesyousing.jpg","width":2212,"height":958,"caption":"ZebeMusic"},"image":{"@id":"https:\/\/www.zebemusic.com\/de\/#\/schema\/logo\/image\/"},"sameAs":["https:\/\/www.facebook.com\/zebemusic","https:\/\/www.instagram.com\/zebemusic","https:\/\/www.youtube.com\/zebemusicberlin"]}]}},"_links":{"self":[{"href":"https:\/\/www.zebemusic.com\/de\/wp-json\/wp\/v2\/pages\/4703","targetHints":{"allow":["GET"]}}],"collection":[{"href":"https:\/\/www.zebemusic.com\/de\/wp-json\/wp\/v2\/pages"}],"about":[{"href":"https:\/\/www.zebemusic.com\/de\/wp-json\/wp\/v2\/types\/page"}],"author":[{"embeddable":true,"href":"https:\/\/www.zebemusic.com\/de\/wp-json\/wp\/v2\/users\/50"}],"replies":[{"embeddable":true,"href":"https:\/\/www.zebemusic.com\/de\/wp-json\/wp\/v2\/comments?post=4703"}],"version-history":[{"count":9,"href":"https:\/\/www.zebemusic.com\/de\/wp-json\/wp\/v2\/pages\/4703\/revisions"}],"predecessor-version":[{"id":30485,"href":"https:\/\/www.zebemusic.com\/de\/wp-json\/wp\/v2\/pages\/4703\/revisions\/30485"}],"wp:attachment":[{"href":"https:\/\/www.zebemusic.com\/de\/wp-json\/wp\/v2\/media?parent=4703"}],"curies":[{"name":"wp","href":"https:\/\/api.w.org\/{rel}","templated":true}]}}