{"id":4705,"date":"2014-12-02T14:36:40","date_gmt":"2014-12-02T12:36:40","guid":{"rendered":"http:\/\/zebemusic.smukkeberg.com\/?page_id=4705"},"modified":"2026-01-22T23:15:11","modified_gmt":"2026-01-22T22:15:11","slug":"stephanzebe","status":"publish","type":"page","link":"https:\/\/www.zebemusic.com\/de\/stephanzebe\/","title":{"rendered":"Stephan Zebe"},"content":{"rendered":"<p><a href=\"http:\/\/www.zebemusic.com\/wp-content\/uploads\/2024\/01\/stephan01.jpg\"><img loading=\"lazy\" decoding=\"async\" class=\"size-medium wp-image-20909 alignleft\" src=\"http:\/\/www.zebemusic.com\/wp-content\/uploads\/2024\/01\/stephan01-229x300.jpg\" alt=\"\" width=\"229\" height=\"300\" srcset=\"https:\/\/www.zebemusic.com\/wp-content\/uploads\/2024\/01\/stephan01-229x300.jpg 229w, https:\/\/www.zebemusic.com\/wp-content\/uploads\/2024\/01\/stephan01-115x150.jpg 115w, https:\/\/www.zebemusic.com\/wp-content\/uploads\/2024\/01\/stephan01-200x262.jpg 200w, https:\/\/www.zebemusic.com\/wp-content\/uploads\/2024\/01\/stephan01.jpg 410w\" sizes=\"auto, (max-width: 229px) 100vw, 229px\" \/><\/a>Stephan Zebe schreibt und publiziert seit den achtziger Jahren Gospelmusik f\u00fcr Ch\u00f6re.<br \/>\n1966 wurde er in Cottbus geboren. Er lernte Klavier und Kontrabass, wuchs mit Chorgesang auf und schrieb schon im Jugendalter f\u00fcr verschiedene Besetzungen. Sp\u00e4ter studierte er Kirchenmusik in Halle (Saale). Bewogen vom Selbstverst\u00e4ndnis der Gospelmusik als Kirchenmusik gr\u00fcndete er den ersten Gospelchor der Kirchenmusikschule. Er pr\u00e4gte die Gospelchor-Szene in Hamburg und Berlin und gr\u00fcndete Initiativen zu deren Vernetzung.<\/p>\n<p>Zebes Einfluss aus dem Black Gospel ist in seinen Kompositionen un\u00fcberh\u00f6rbar. In seinen Ch\u00f6ren und in Workshops erlangt er einen modernen, kraftvollen Chorsound. Publizistischen Durchbruch erreichte er 1993 mit seiner Reihe der \u201eUltimate Gospel Choir Books\u201c unter dem Pseudonym Jeff Guillen.<\/p>\n<p>Stephan Zebe lebt und arbeitet in Berlin und Napier\/Neuseeland und ist bei ZebeMusic als Komponist, Bearbeiter und Herausgeber eigener und fremder Werke aktiv. Er ist als Chorleiter und Pianist t\u00e4tig, lehrte an der Universit\u00e4t der K\u00fcnste Berlin und ist erfahrener <a href=\"https:\/\/www.zebemusic.com\/de\/gospelworkshops\/\" target=\"_blank\" rel=\"noopener\">Workshopleiter<\/a>. In dem Mitsingformat <em>&#8220;<a href=\"https:\/\/www.facebook.com\/groups\/663433389731664\">Vocal Lounge<\/a><\/em>&#8221; l\u00e4dt er regelm\u00e4\u00dfig zum ungezwungenen gemeinsamen Singen von Gospel- und Soulsongs ein.<\/p>\n<p style=\"text-align: right;\">Stephan bei Facebook: <a href=\"http:\/\/facebook.com\/stephanzebe\" target=\"_blank\" rel=\"noopener\">www.facebook.com\/stephanzebe<\/a><br \/>\n&#8230;und bei Instagram: <a href=\"http:\/\/www.instagram.com\/zebemusic\" target=\"_blank\" rel=\"noopener\">www.instagram.com\/zebemusic<\/a><br \/>\nAktuelle Workshop-Termine: <a href=\"https:\/\/www.zebemusic.com\/de\/gospelworkshops\/\" target=\"_blank\" rel=\"noopener\">\/gospelworkshops<\/a><\/p>\n<p>&nbsp;<\/p>\n<hr \/>\n<h3>Stephan bei ZebeMusic:<\/h3>\n","protected":false},"excerpt":{"rendered":"<p>Stephan Zebe schreibt und publiziert seit den achtziger Jahren Gospelmusik f\u00fcr Ch\u00f6re. 1966 wurde er in Cottbus geboren. Er lernte Klavier und Kontrabass, wuchs mit Chorgesang auf und schrieb schon im Jugendalter f\u00fcr verschiedene Besetzungen. Sp\u00e4ter studierte er Kirchenmusik in Halle (Saale). Bewogen vom Selbstverst\u00e4ndnis der Gospelmusik als Kirchenmusik gr\u00fcndete er den ersten Gospelchor der [&hellip;]<\/p>\n","protected":false},"author":50,"featured_media":0,"parent":0,"menu_order":0,"comment_status":"closed","ping_status":"closed","template":"page-templates\/page-sidebar-none.php","meta":{"_acf_changed":false,"footnotes":""},"class_list":["post-4705","page","type-page","status-publish","hentry"],"acf":[],"yoast_head":"<!-- This site is optimized with the Yoast SEO plugin v27.3 - https:\/\/yoast.com\/product\/yoast-seo-wordpress\/ -->\n<title>Stephan Zebe<\/title>\n<meta name=\"description\" content=\"Stephan Zebe ist Chorleiter, Komponist und Arrangeur. Im Gospelbereich hat er zahlreiche Publikationen ver\u00f6ffentlicht. Er ist renommierter Workshopleiter.\" \/>\n<meta name=\"robots\" content=\"index, follow, max-snippet:-1, max-image-preview:large, max-video-preview:-1\" \/>\n<link rel=\"canonical\" href=\"https:\/\/www.zebemusic.com\/de\/stephanzebe\/\" \/>\n<meta property=\"og:locale\" content=\"de_DE\" \/>\n<meta property=\"og:type\" content=\"article\" \/>\n<meta property=\"og:title\" content=\"Stephan Zebe\" \/>\n<meta property=\"og:description\" content=\"Stephan Zebe ist Chorleiter, Komponist und Arrangeur. Im Gospelbereich hat er zahlreiche Publikationen ver\u00f6ffentlicht. Er ist renommierter Workshopleiter.\" \/>\n<meta property=\"og:url\" content=\"https:\/\/www.zebemusic.com\/de\/stephanzebe\/\" \/>\n<meta property=\"og:site_name\" content=\"ZebeMusic\" \/>\n<meta property=\"article:publisher\" content=\"https:\/\/www.facebook.com\/zebemusic\" \/>\n<meta property=\"article:modified_time\" content=\"2026-01-22T22:15:11+00:00\" \/>\n<meta property=\"og:image\" content=\"http:\/\/www.zebemusic.com\/wp-content\/uploads\/2024\/01\/stephan01-229x300.jpg\" \/>\n<meta name=\"twitter:card\" content=\"summary_large_image\" \/>\n<meta name=\"twitter:label1\" content=\"Est. reading time\" \/>\n\t<meta name=\"twitter:data1\" content=\"2 minutes\" \/>\n<script type=\"application\/ld+json\" class=\"yoast-schema-graph\">{\"@context\":\"https:\\\/\\\/schema.org\",\"@graph\":[{\"@type\":\"WebPage\",\"@id\":\"https:\\\/\\\/www.zebemusic.com\\\/de\\\/stephanzebe\\\/\",\"url\":\"https:\\\/\\\/www.zebemusic.com\\\/de\\\/stephanzebe\\\/\",\"name\":\"Stephan Zebe\",\"isPartOf\":{\"@id\":\"https:\\\/\\\/www.zebemusic.com\\\/de\\\/#website\"},\"primaryImageOfPage\":{\"@id\":\"https:\\\/\\\/www.zebemusic.com\\\/de\\\/stephanzebe\\\/#primaryimage\"},\"image\":{\"@id\":\"https:\\\/\\\/www.zebemusic.com\\\/de\\\/stephanzebe\\\/#primaryimage\"},\"thumbnailUrl\":\"http:\\\/\\\/www.zebemusic.com\\\/wp-content\\\/uploads\\\/2024\\\/01\\\/stephan01-229x300.jpg\",\"datePublished\":\"2014-12-02T12:36:40+00:00\",\"dateModified\":\"2026-01-22T22:15:11+00:00\",\"description\":\"Stephan Zebe ist Chorleiter, Komponist und Arrangeur. Im Gospelbereich hat er zahlreiche Publikationen ver\u00f6ffentlicht. Er ist renommierter Workshopleiter.\",\"inLanguage\":\"de-DE\",\"potentialAction\":[{\"@type\":\"ReadAction\",\"target\":[\"https:\\\/\\\/www.zebemusic.com\\\/de\\\/stephanzebe\\\/\"]}]},{\"@type\":\"ImageObject\",\"inLanguage\":\"de-DE\",\"@id\":\"https:\\\/\\\/www.zebemusic.com\\\/de\\\/stephanzebe\\\/#primaryimage\",\"url\":\"http:\\\/\\\/www.zebemusic.com\\\/wp-content\\\/uploads\\\/2024\\\/01\\\/stephan01-229x300.jpg\",\"contentUrl\":\"http:\\\/\\\/www.zebemusic.com\\\/wp-content\\\/uploads\\\/2024\\\/01\\\/stephan01-229x300.jpg\"},{\"@type\":\"WebSite\",\"@id\":\"https:\\\/\\\/www.zebemusic.com\\\/de\\\/#website\",\"url\":\"https:\\\/\\\/www.zebemusic.com\\\/de\\\/\",\"name\":\"ZebeMusic\",\"description\":\"makes you sing.\",\"publisher\":{\"@id\":\"https:\\\/\\\/www.zebemusic.com\\\/de\\\/#organization\"},\"alternateName\":\"Gospelnoten & Kindermusicals\",\"potentialAction\":[{\"@type\":\"SearchAction\",\"target\":{\"@type\":\"EntryPoint\",\"urlTemplate\":\"https:\\\/\\\/www.zebemusic.com\\\/de\\\/?s={search_term_string}\"},\"query-input\":{\"@type\":\"PropertyValueSpecification\",\"valueRequired\":true,\"valueName\":\"search_term_string\"}}],\"inLanguage\":\"de-DE\"},{\"@type\":\"Organization\",\"@id\":\"https:\\\/\\\/www.zebemusic.com\\\/de\\\/#organization\",\"name\":\"ZebeMusic\",\"url\":\"https:\\\/\\\/www.zebemusic.com\\\/de\\\/\",\"logo\":{\"@type\":\"ImageObject\",\"inLanguage\":\"de-DE\",\"@id\":\"https:\\\/\\\/www.zebemusic.com\\\/de\\\/#\\\/schema\\\/logo\\\/image\\\/\",\"url\":\"https:\\\/\\\/www.zebemusic.com\\\/wp-content\\\/uploads\\\/2025\\\/10\\\/ZEBE-Logo_ZW-makesyousing.jpg\",\"contentUrl\":\"https:\\\/\\\/www.zebemusic.com\\\/wp-content\\\/uploads\\\/2025\\\/10\\\/ZEBE-Logo_ZW-makesyousing.jpg\",\"width\":2212,\"height\":958,\"caption\":\"ZebeMusic\"},\"image\":{\"@id\":\"https:\\\/\\\/www.zebemusic.com\\\/de\\\/#\\\/schema\\\/logo\\\/image\\\/\"},\"sameAs\":[\"https:\\\/\\\/www.facebook.com\\\/zebemusic\",\"https:\\\/\\\/www.instagram.com\\\/zebemusic\",\"https:\\\/\\\/www.youtube.com\\\/zebemusicberlin\"]}]}<\/script>\n<!-- \/ Yoast SEO plugin. -->","yoast_head_json":{"title":"Stephan Zebe","description":"Stephan Zebe ist Chorleiter, Komponist und Arrangeur. Im Gospelbereich hat er zahlreiche Publikationen ver\u00f6ffentlicht. Er ist renommierter Workshopleiter.","robots":{"index":"index","follow":"follow","max-snippet":"max-snippet:-1","max-image-preview":"max-image-preview:large","max-video-preview":"max-video-preview:-1"},"canonical":"https:\/\/www.zebemusic.com\/de\/stephanzebe\/","og_locale":"de_DE","og_type":"article","og_title":"Stephan Zebe","og_description":"Stephan Zebe ist Chorleiter, Komponist und Arrangeur. Im Gospelbereich hat er zahlreiche Publikationen ver\u00f6ffentlicht. Er ist renommierter Workshopleiter.","og_url":"https:\/\/www.zebemusic.com\/de\/stephanzebe\/","og_site_name":"ZebeMusic","article_publisher":"https:\/\/www.facebook.com\/zebemusic","article_modified_time":"2026-01-22T22:15:11+00:00","og_image":[{"url":"http:\/\/www.zebemusic.com\/wp-content\/uploads\/2024\/01\/stephan01-229x300.jpg","type":"","width":"","height":""}],"twitter_card":"summary_large_image","twitter_misc":{"Est. reading time":"2 minutes"},"schema":{"@context":"https:\/\/schema.org","@graph":[{"@type":"WebPage","@id":"https:\/\/www.zebemusic.com\/de\/stephanzebe\/","url":"https:\/\/www.zebemusic.com\/de\/stephanzebe\/","name":"Stephan Zebe","isPartOf":{"@id":"https:\/\/www.zebemusic.com\/de\/#website"},"primaryImageOfPage":{"@id":"https:\/\/www.zebemusic.com\/de\/stephanzebe\/#primaryimage"},"image":{"@id":"https:\/\/www.zebemusic.com\/de\/stephanzebe\/#primaryimage"},"thumbnailUrl":"http:\/\/www.zebemusic.com\/wp-content\/uploads\/2024\/01\/stephan01-229x300.jpg","datePublished":"2014-12-02T12:36:40+00:00","dateModified":"2026-01-22T22:15:11+00:00","description":"Stephan Zebe ist Chorleiter, Komponist und Arrangeur. Im Gospelbereich hat er zahlreiche Publikationen ver\u00f6ffentlicht. Er ist renommierter Workshopleiter.","inLanguage":"de-DE","potentialAction":[{"@type":"ReadAction","target":["https:\/\/www.zebemusic.com\/de\/stephanzebe\/"]}]},{"@type":"ImageObject","inLanguage":"de-DE","@id":"https:\/\/www.zebemusic.com\/de\/stephanzebe\/#primaryimage","url":"http:\/\/www.zebemusic.com\/wp-content\/uploads\/2024\/01\/stephan01-229x300.jpg","contentUrl":"http:\/\/www.zebemusic.com\/wp-content\/uploads\/2024\/01\/stephan01-229x300.jpg"},{"@type":"WebSite","@id":"https:\/\/www.zebemusic.com\/de\/#website","url":"https:\/\/www.zebemusic.com\/de\/","name":"ZebeMusic","description":"makes you sing.","publisher":{"@id":"https:\/\/www.zebemusic.com\/de\/#organization"},"alternateName":"Gospelnoten & Kindermusicals","potentialAction":[{"@type":"SearchAction","target":{"@type":"EntryPoint","urlTemplate":"https:\/\/www.zebemusic.com\/de\/?s={search_term_string}"},"query-input":{"@type":"PropertyValueSpecification","valueRequired":true,"valueName":"search_term_string"}}],"inLanguage":"de-DE"},{"@type":"Organization","@id":"https:\/\/www.zebemusic.com\/de\/#organization","name":"ZebeMusic","url":"https:\/\/www.zebemusic.com\/de\/","logo":{"@type":"ImageObject","inLanguage":"de-DE","@id":"https:\/\/www.zebemusic.com\/de\/#\/schema\/logo\/image\/","url":"https:\/\/www.zebemusic.com\/wp-content\/uploads\/2025\/10\/ZEBE-Logo_ZW-makesyousing.jpg","contentUrl":"https:\/\/www.zebemusic.com\/wp-content\/uploads\/2025\/10\/ZEBE-Logo_ZW-makesyousing.jpg","width":2212,"height":958,"caption":"ZebeMusic"},"image":{"@id":"https:\/\/www.zebemusic.com\/de\/#\/schema\/logo\/image\/"},"sameAs":["https:\/\/www.facebook.com\/zebemusic","https:\/\/www.instagram.com\/zebemusic","https:\/\/www.youtube.com\/zebemusicberlin"]}]}},"_links":{"self":[{"href":"https:\/\/www.zebemusic.com\/de\/wp-json\/wp\/v2\/pages\/4705","targetHints":{"allow":["GET"]}}],"collection":[{"href":"https:\/\/www.zebemusic.com\/de\/wp-json\/wp\/v2\/pages"}],"about":[{"href":"https:\/\/www.zebemusic.com\/de\/wp-json\/wp\/v2\/types\/page"}],"author":[{"embeddable":true,"href":"https:\/\/www.zebemusic.com\/de\/wp-json\/wp\/v2\/users\/50"}],"replies":[{"embeddable":true,"href":"https:\/\/www.zebemusic.com\/de\/wp-json\/wp\/v2\/comments?post=4705"}],"version-history":[{"count":22,"href":"https:\/\/www.zebemusic.com\/de\/wp-json\/wp\/v2\/pages\/4705\/revisions"}],"predecessor-version":[{"id":30103,"href":"https:\/\/www.zebemusic.com\/de\/wp-json\/wp\/v2\/pages\/4705\/revisions\/30103"}],"wp:attachment":[{"href":"https:\/\/www.zebemusic.com\/de\/wp-json\/wp\/v2\/media?parent=4705"}],"curies":[{"name":"wp","href":"https:\/\/api.w.org\/{rel}","templated":true}]}}