{"id":56,"date":"2013-07-24T16:25:57","date_gmt":"2013-07-24T14:25:57","guid":{"rendered":"http:\/\/zebemusic.smukkeberg.com\/?page_id=56"},"modified":"2025-07-02T10:52:55","modified_gmt":"2025-07-02T09:52:55","slug":"faq","status":"publish","type":"page","link":"https:\/\/www.zebemusic.com\/de\/information\/faq\/","title":{"rendered":"FAQ"},"content":{"rendered":"<p><a href=\"#Zebemusic\">ZebeMusic<\/a> | <a href=\"#Bestellung\">Bestellung<\/a> | <a href=\"#Lieferung\">Lieferung<\/a> | <a href=\"#Bezahlung\">Bezahlung <\/a>| <a href=\"#Umtausch\">Umtausch <\/a>| <a href=\"#Vervielf\u00e4ltigung\">Vervielf\u00e4ltigung<\/a> | <a href=\"#Auff\u00fchrung\">Auff\u00fchrung<\/a> | <a href=\"#Interaktion\">Interaktion<\/a><\/p>\n<h2><a title=\"Zebemusic\" name=\"Zebemusic\"><\/a>1. ZebeMusic<\/h2>\n<h4>1.1 Wie kann ich mit ZebeMusic in Kontakt treten?<\/h4>\n<p>\u00dcber das <a href=\"https:\/\/zebemusic.com\/de\/information\/kontakt\/\" target=\"blank\" rel=\"noopener noreferrer\">Kontaktformular<\/a><br \/>\nPer E-Mail: info@zebemusic.com<br \/>\nPer Telefon: +49 (0)30 310 167 50<br \/>\nPer Fax: +49 (0)30 310 167 51<\/p>\n<h4>1.2 Welche Musik ver\u00f6ffentlicht ZebeMusic?<\/h4>\n<p>ZebeMusic ver\u00f6ffentlicht popul\u00e4re geistliche Chormusik und Instrumentalmusik.<br \/>\nDie Produkte von ZebeMusic gliedern sich in die Bereiche <a href=\"\/produkt-kategorie\/jazz\/\" target=\"blank\" rel=\"noopener noreferrer\">Jazz<\/a>, <a href=\"\/produkt-kategorie\/gospel\/\" target=\"blank\" rel=\"noopener noreferrer\">Gospel<\/a> und <a href=\"\/produkt-kategorie\/musical\/\" target=\"blank\" rel=\"noopener noreferrer\">Musical<\/a>.<\/p>\n<h4>1.3 Welche Produkte kann ich f\u00fcr meine Chorarbeit nutzen?<\/h4>\n<p>F\u00fcr Chorleiter sind Partituren mit Gesangs- und Begleitstimmen erh\u00e4ltlich. F\u00fcr den Chor sind Chorausgaben mit allen Gesangsstimmen und Texten erh\u00e4ltlich. F\u00fcr Instrumentalisten sind Stimmen oder nach Stimmgruppen zusammengefasste Instrumentalausz\u00fcge erh\u00e4ltlich. Die meisten Titel werden au\u00dferdem als CD verkauft oder sind als Audiodatei im mp3-Format downloadbar.<\/p>\n<h4>1.4 Kann ich \u00fcber ein Social-Network Fan von ZebeMusic werden?<\/h4>\n<p>ZebeMusic ist bei <a href=\"http:\/\/www.facebook.com\/zebemusic\" target=\"blank\" rel=\"noopener noreferrer\">Facebook<\/a>, <a href=\"http:\/\/instagram.com\/zebemusic\">Instagram<\/a> und <a href=\"https:\/\/twitter.com\/ZebeMusic\" target=\"_blank\" rel=\"noopener noreferrer\">Twitter<\/a> vertreten.<br \/>\nDas ist ZebeMusic bei<a href=\"http:\/\/www.youtube.com\/zebemusicberlin\" target=\"blank\" rel=\"noopener noreferrer\"> YouTube<\/a>.<\/p>\n<h2><a title=\"Bestellung\" name=\"Bestellung\"><\/a>2. Bestellung<\/h2>\n<h4>2.1 Wie kann ich Produkte von ZebeMusic bestellen?<\/h4>\n<p>Bestellungen sind \u00fcber den Musikalien- oder Buchfachhandel m\u00f6glich. Direktbestellungen sind \u00fcber unseren Webshop, per Fax +49 (0)30 310 167 51, <a href=\"https:\/\/zebemusic.com\/de\/information\/kontakt\/\" target=\"blank\" rel=\"noopener noreferrer\">Kontaktformular<\/a>, per Email oder per Telefon +49 (0)30 310 167 50 m\u00f6glich. Alle als lieferbar angezeigten Produkte sind sofort lieferbar.<\/p>\n<h4>2.2 Wo kann ich einen Fachh\u00e4ndler in meiner N\u00e4he finden?<\/h4>\n<p>Einen Fachh\u00e4ndler in ihrer N\u00e4he k\u00f6nnen Sie \u00fcber die Fachh\u00e4ndlersuche auf <a href=\"http:\/\/www.noten-vor-ort.de\/\" target=\"blank\" rel=\"noopener noreferrer\">www.noten-vor-ort.de<\/a> finden.<\/p>\n<h4>2.3 Kann ich Audiodateien auch im Internet downloaden?<\/h4>\n<p>Alle Songs k\u00f6nnen gekauft und heruntergeladen werden, als H\u00f6rdatei oder oft auch als Playback.<br \/>\nDownload-Dateien k\u00f6nnen 30 Tage lang h\u00f6chstens 2 Mal heruntergeladen werden.<\/p>\n<h4>2.4 Kann ich Noten auch im Internet kaufen und herunterladen?<\/h4>\n<p>Demn\u00e4chst k\u00f6nnen Noten in unserem Webshop gekauft und direkt ausgedruckt werden.<\/p>\n<h4>2.5 Kann ich aus einem Notenbuch auch nur ein bestimmtes Lied kaufen?<\/h4>\n<p>Alle von ZebeMusic verlegten Titel k\u00f6nnen separat als Einzelausgabe in Chorst\u00e4rke bestellt werden. M\u00f6chten Sie Lizenzen zum Abdruck erwerben, kontaktieren Sie bitte den Verlag.<\/p>\n<h4>2.6 Gibt es eine Mindestbestellmenge?<\/h4>\n<p>Chorausgaben (Vocals Scores) und Einzelausgaben k\u00f6nnen nur in Chorst\u00e4rke ab 10 St\u00fcck bestellt werden.<\/p>\n<h2><a title=\"Lieferung\" name=\"Lieferung\"><\/a>3. Lieferung<\/h2>\n<h4>3.1 Wie wird geliefert und wer tr\u00e4gt die Versandkosten?<\/h4>\n<p>Bestellungen werden als B\u00fcchersendung, P\u00e4ckchen, Paket oder Postpaket in der Regel innerhalb von zwei Tagen geliefert. Die Versandkostenpauschale betr\u00e4gt EUR 3,00 innerhalb Deutschlands, EUR 6,00 au\u00dferhalb Deutschlands. Ab einem Bestellwert von EUR 50,00 liefern wir versandkostenfrei innerhalb Deutschlands, ab EUR 70,00 versandkostenfrei auch au\u00dferhalb Deutschlands. Von Zeit zu Zeit finden Aktionen mit versandkostenfreier Lieferung statt. Diese werden auf unserer Verlagsseite angek\u00fcndigt.<\/p>\n<h2><a title=\"Bezahlung\" name=\"Bezahlung\"><\/a>4. Bezahlung<\/h2>\n<h4>4.1 Gibt es eine Liste mit Preisen und Produkten?<\/h4>\n<p>Preise, Produkte sowie Staffelpreise k\u00f6nnen Sie unserer aktuellen <a href=\"https:\/\/zebemusic.com\/de\/information\/preise\/\" target=\"blank\" rel=\"noopener noreferrer\">Preisliste<\/a> entnehmen. Preis-Aktionen werden gesondert auf unserer Verlagsseite angek\u00fcndigt.<\/p>\n<h4>4.2 Sind die ausgeschriebenen Preise Festpreise?<\/h4>\n<p>Nach deutschem Recht unterliegen Musikalien der Buchpreisbindung.<\/p>\n<h4>4.3 Bezahlm\u00f6glichkeiten<\/h4>\n<p>Per Genehmigung ziehen wir auf eigene Kosten per Lastschrift ein. Sie haben auch die M\u00f6glichkeit per \u00dcberweisung zu bezahlen. M\u00f6glicherweise anfallende Bankgeb\u00fchren tr\u00e4gt der Besteller. Wir aktzeptieren au\u00dferdem Visa, MasterCard, AmericanExpress Cards. Sie k\u00f6nnen au\u00dferdem auch \u00fcber Paypal bezahlen. Bestellungen aus dem Ausland sind nur mit Kreditkarte (Visa, MasterCard, AmericanExpress Cards) m\u00f6glich.<\/p>\n<h2><a title=\"Umtausch\" name=\"Umtausch\"><\/a>5. Umtausch<\/h2>\n<h4>5.1 Kann ich gelieferte Ware zur\u00fcckschicken?<\/h4>\n<p>Die Bestellungen sind grunds\u00e4tzlich fest. R\u00fccksendungen werden nur nach R\u00fccksprache oder im Rahmen der gesetzlichen Regelungen aktzeptiert.<\/p>\n<h4>5.2 Gibt es Ausnahmen?<\/h4>\n<p>In besonderen Ausnahmef\u00e4llen kann R\u00fccksprache mit dem Verlag gehalten werden. Bei Internetbestellung besteht ein gesetzlich geregeltes 14 t\u00e4giges R\u00fcckgaberecht. Die B\u00fccher \/ Tontr\u00e4ger m\u00fcssen in einwandfreiem Zustand, eingeschwei\u00dfte Ware muss in unge\u00f6ffnetem Zustand zur\u00fcckgesendet werden.<\/p>\n<h4>5.3 Kann ich Ware umtauschen?<\/h4>\n<p>Der Umtausch ist grunds\u00e4tzlich, mit Ausnahme von fehlerhafter Ware, ausgeschlossen. Fehlerhafte Ware kann innerhalb von zwei Wochen nach Versand reklamiert und auf billigste Weise auf Verlagskosten zur\u00fcckgeschickt werden.<\/p>\n<h4>5.4 Kann ich eine Partitur mit Anti-Kopier-Punkt (AKP) umtauschen?<\/h4>\n<p>Beim Kauf von den zugeh\u00f6rigen Chorausgaben oder Einzelausgaben in Chorst\u00e4rke, kann eine Partitur gegen eine Partitur ohne AKP kostenlos umgetauscht oder nachbestellt werden.<\/p>\n<h2><a title=\"Vervielf\u00e4ltigung\" name=\"Vervielf\u00e4ltigung\"><\/a>6. Vervielf\u00e4ltigung<\/h2>\n<h4>6.1 Darf ich von ZebeMusic verlegte Inhalte und Produkte vervielf\u00e4ltigen?<\/h4>\n<p>Es ist grunds\u00e4tzlich verboten Noten, Texte, Bilder oder Musik ohne Genehmigung zu vervielf\u00e4ltigen. Spezielle Genemigungen k\u00f6nnen jedoch per R\u00fccksprache mit dem Verlag erteilt werden.<\/p>\n<h4>6.2 Kann ich offizielle Kopien von ZebeMusic verlegten Inhalten bestellen?<\/h4>\n<p>Auf Anfrage k\u00f6nnen offizielle Verlagskopien gekauft werden.<\/p>\n<h4>6.3 Darf ich von ZebeMusic verlegte Inhalte und Produkte bearbeiten?<\/h4>\n<p>Unsere Werke d\u00fcrfen nur innerhalb des \u00fcblichen Rahmes f\u00fcr die eigenen Bed\u00fcrfnisse bearbeiten werden. Es ergeben sich daraus keine weiteren Rechte oder Anspr\u00fcche als Urheber.<\/p>\n<h4>6.4 Darf ich Audioaufnahmen von Werken von ZebeMusic erstellen und ver\u00f6ffentlichen?<\/h4>\n<p>Alle bei ZebeMusic erschienenen Werke werden von der Gema verwaltet. F\u00fcr eine Vervielf\u00e4tigung auf Tontr\u00e4ger (CD, DVD, o.\u00e4.) ist eine Lizensierung durch die Gema erforderlich.<\/p>\n<h2><a title=\"Auff\u00fchrung\" name=\"Auff\u00fchrung\"><\/a>7. Auff\u00fchrung<\/h2>\n<h4>7.1 Muss ich eine Auff\u00fchrung von Werken von ZebeMusic anmelden?<\/h4>\n<p>S\u00e4mtliche zur Auff\u00fchrung gekommenden Werke sind der Gema zu melden. Wir w\u00fcrden uns \u00fcber eine Kopie der Meldung (per Fax oder E-Mail) freuen.<\/p>\n<h4>7.2 Ich habe einen Pauschalbetrag (z.B. Kirche, Schule, Chorverband), muss ich dennoch melden?<\/h4>\n<p>Die Meldung muss auch erfolgen wenn ein Pauschalbetrag mit der Verwertungsgesellschaft (z. B. Gema) vorliegt.<\/p>\n<h4>7.3 Muss ich eine b\u00fchnenm\u00e4ssige Auff\u00fchrung (z.B. Musical) melden?<\/h4>\n<p>Bei Auff\u00fchrungen des Gro\u00dfen Rechts (Musicals, o.\u00e4.) ist die Auff\u00fchrung an ZebeMusic zu melden. Es werden Tantiemen f\u00e4llig. Bitte melden Sie Ihre Auff\u00fchrung \u00fcber dieses elektronische <a href=\"https:\/\/zebemusic.com\/de\/meldung\/\">Meldeformular<\/a> an. Sie k\u00f6nnen uns auch einfach eine Email senden. Informationen, die wir ben\u00f6tigen sind: Veranstalter, Auff\u00fchrungsort, -datum und -zeit, Anzahl der Sitpl\u00e4tze und die H\u00f6he des Eintrittspreises.<\/p>\n<p>Klassenspiele und Schulauff\u00fchrungen sind gem\u00e4\u00df \u00a7 52 UrhG dann zu melden, wenn Sie au\u00dferhalb des Klassenzimmers stattfinden und vor Angeh\u00f6rigen gespielt werden. Diese Auff\u00fchrungen sind verg\u00fctungspflichtig.<\/p>\n<h4>7.4 Unterst\u00fctzt mich ZebeMusic bei der Werbung f\u00fcr meine Auff\u00fchrung?<\/h4>\n<p>ZebeMusic stellt kostenlos Bilddateien zur Verf\u00fcgung und k\u00fcndigt ihre Veranstaltung auf den eigenen Seiten (www.zebemusic.com, Facebook, Twitter) an.<\/p>\n<h2><a title=\"Interaktion\" name=\"Interaktion\"><\/a>8. Interaktion<\/h2>\n<h4>8.1 Kann ich Autoren von ZebeMusic zum Workshop buchen?<\/h4>\n<p>Sie k\u00f6nnen einige unserer Autoren auf Anfrage f\u00fcr Workshops buchen. Bitte setzen Sie sich daf\u00fcr mit uns in Verbindung. Infoseite: <a href=\"http:\/\/www.gospel-workshop.de\" target=\"blank\" rel=\"noopener noreferrer\">Workshops mit Niko Schlenker<\/a> Infoseite: <a href=\"\/workshops\/\" target=\"blank\" rel=\"noopener noreferrer\">Workshops mit Stephan Zebe<\/a><\/p>\n<h4>8.2 Kann ich bei ZebeMusic meine eigenen Kompositionen verlegen lassen?<\/h4>\n<p>ZebeMusic ist immer an der Zusammenarbeit mit neuen Komponisten interessiert! Bitte setzen Sie sich daf\u00fcr mit uns in Verbindung.<\/p>\n<h4>8.3 Kann ich die Produkte von Zebe verkaufen?<\/h4>\n<p>Die Produkte von ZebeMusic werden \u00fcber den Fachhandel verkauft. Wir unterst\u00fctzen aber auch B\u00fcchertische und \u00e4hnliche Verkaufsaktionen in Gemeinden, Schulen und anderen Einrichtungen. Bitte setzen Sie sich daf\u00fcr mit uns in Verbindung.<\/p>\n<h4>8.4 Kann ich bei ZebeMusic ein Praktikum machen?<\/h4>\n<p>Wir suchen fortlaufend PraktikantInnen, die sich f\u00fcr das Berufsfeld Verlags- und Konzertmanagement interessieren und praktische Erfahrungen sammeln wollen. Aktive Mitarbeit ist m\u00f6glich in den Bereichen Lektorat, Herstellung, Desktop Publishing, Marketing, Vertrieb, Buchhaltung usw. Schreiben Sie uns bei Interesse eine E-Mail.<\/p>\n<h4>8.5 Darf ich meine Meinung sagen?<\/h4>\n<p>Ja, sehr gerne! Lob und Kritik nehmen wir gerne entgegen und werten sie aus. Durch ihre Meinung geben sie uns die Chance immer besser zu werden. Daran profitieren Sie und Ihre Kollegen.<\/p>\n<p><a href=\"#Top\">zum Seitenanfang<\/a><\/p>\n","protected":false},"excerpt":{"rendered":"<p>ZebeMusic | Bestellung | Lieferung | Bezahlung | Umtausch | Vervielf\u00e4ltigung | Auff\u00fchrung | Interaktion 1. ZebeMusic 1.1 Wie kann ich mit ZebeMusic in Kontakt treten? \u00dcber das Kontaktformular Per E-Mail: info@zebemusic.com Per Telefon: +49 (0)30 310 167 50 Per Fax: +49 (0)30 310 167 51 1.2 Welche Musik ver\u00f6ffentlicht ZebeMusic? ZebeMusic ver\u00f6ffentlicht popul\u00e4re geistliche [&hellip;]<\/p>\n","protected":false},"author":50,"featured_media":0,"parent":47,"menu_order":0,"comment_status":"closed","ping_status":"closed","template":"page-templates\/page-sidebar-none.php","meta":{"_acf_changed":false,"footnotes":""},"class_list":["post-56","page","type-page","status-publish","hentry"],"acf":[],"yoast_head":"<!-- This site is optimized with the Yoast SEO plugin v27.3 - https:\/\/yoast.com\/product\/yoast-seo-wordpress\/ -->\n<title>FAQ<\/title>\n<meta name=\"robots\" content=\"index, follow, max-snippet:-1, max-image-preview:large, max-video-preview:-1\" \/>\n<link rel=\"canonical\" href=\"https:\/\/www.zebemusic.com\/de\/information\/faq\/\" \/>\n<meta property=\"og:locale\" content=\"de_DE\" \/>\n<meta property=\"og:type\" content=\"article\" \/>\n<meta property=\"og:title\" content=\"FAQ\" \/>\n<meta property=\"og:description\" content=\"ZebeMusic | Bestellung | Lieferung | Bezahlung | Umtausch | Vervielf\u00e4ltigung | Auff\u00fchrung | Interaktion 1. ZebeMusic 1.1 Wie kann ich mit ZebeMusic in Kontakt treten? \u00dcber das Kontaktformular Per E-Mail: info@zebemusic.com Per Telefon: +49 (0)30 310 167 50 Per Fax: +49 (0)30 310 167 51 1.2 Welche Musik ver\u00f6ffentlicht ZebeMusic? ZebeMusic ver\u00f6ffentlicht popul\u00e4re geistliche [&hellip;]\" \/>\n<meta property=\"og:url\" content=\"https:\/\/www.zebemusic.com\/de\/information\/faq\/\" \/>\n<meta property=\"og:site_name\" content=\"ZebeMusic\" \/>\n<meta property=\"article:publisher\" content=\"https:\/\/www.facebook.com\/zebemusic\" \/>\n<meta property=\"article:modified_time\" content=\"2025-07-02T09:52:55+00:00\" \/>\n<meta property=\"og:image\" content=\"https:\/\/www.zebemusic.com\/wp-content\/uploads\/2025\/10\/ZEBE-Logo_ZW-makesyousing.jpg\" \/>\n\t<meta property=\"og:image:width\" content=\"2212\" \/>\n\t<meta property=\"og:image:height\" content=\"958\" \/>\n\t<meta property=\"og:image:type\" content=\"image\/jpeg\" \/>\n<meta name=\"twitter:card\" content=\"summary_large_image\" \/>\n<meta name=\"twitter:label1\" content=\"Est. reading time\" \/>\n\t<meta name=\"twitter:data1\" content=\"5 minutes\" \/>\n<script type=\"application\/ld+json\" class=\"yoast-schema-graph\">{\"@context\":\"https:\\\/\\\/schema.org\",\"@graph\":[{\"@type\":\"WebPage\",\"@id\":\"https:\\\/\\\/www.zebemusic.com\\\/de\\\/information\\\/faq\\\/\",\"url\":\"https:\\\/\\\/www.zebemusic.com\\\/de\\\/information\\\/faq\\\/\",\"name\":\"FAQ\",\"isPartOf\":{\"@id\":\"https:\\\/\\\/www.zebemusic.com\\\/de\\\/#website\"},\"datePublished\":\"2013-07-24T14:25:57+00:00\",\"dateModified\":\"2025-07-02T09:52:55+00:00\",\"breadcrumb\":{\"@id\":\"https:\\\/\\\/www.zebemusic.com\\\/de\\\/information\\\/faq\\\/#breadcrumb\"},\"inLanguage\":\"de-DE\",\"potentialAction\":[{\"@type\":\"ReadAction\",\"target\":[\"https:\\\/\\\/www.zebemusic.com\\\/de\\\/information\\\/faq\\\/\"]}]},{\"@type\":\"BreadcrumbList\",\"@id\":\"https:\\\/\\\/www.zebemusic.com\\\/de\\\/information\\\/faq\\\/#breadcrumb\",\"itemListElement\":[{\"@type\":\"ListItem\",\"position\":1,\"name\":\"Information\",\"item\":\"https:\\\/\\\/www.zebemusic.com\\\/please-choose\\\/\"},{\"@type\":\"ListItem\",\"position\":2,\"name\":\"FAQ\"}]},{\"@type\":\"WebSite\",\"@id\":\"https:\\\/\\\/www.zebemusic.com\\\/de\\\/#website\",\"url\":\"https:\\\/\\\/www.zebemusic.com\\\/de\\\/\",\"name\":\"ZebeMusic\",\"description\":\"makes you sing.\",\"publisher\":{\"@id\":\"https:\\\/\\\/www.zebemusic.com\\\/de\\\/#organization\"},\"alternateName\":\"Gospelnoten & Kindermusicals\",\"potentialAction\":[{\"@type\":\"SearchAction\",\"target\":{\"@type\":\"EntryPoint\",\"urlTemplate\":\"https:\\\/\\\/www.zebemusic.com\\\/de\\\/?s={search_term_string}\"},\"query-input\":{\"@type\":\"PropertyValueSpecification\",\"valueRequired\":true,\"valueName\":\"search_term_string\"}}],\"inLanguage\":\"de-DE\"},{\"@type\":\"Organization\",\"@id\":\"https:\\\/\\\/www.zebemusic.com\\\/de\\\/#organization\",\"name\":\"ZebeMusic\",\"url\":\"https:\\\/\\\/www.zebemusic.com\\\/de\\\/\",\"logo\":{\"@type\":\"ImageObject\",\"inLanguage\":\"de-DE\",\"@id\":\"https:\\\/\\\/www.zebemusic.com\\\/de\\\/#\\\/schema\\\/logo\\\/image\\\/\",\"url\":\"https:\\\/\\\/www.zebemusic.com\\\/wp-content\\\/uploads\\\/2025\\\/10\\\/ZEBE-Logo_ZW-makesyousing.jpg\",\"contentUrl\":\"https:\\\/\\\/www.zebemusic.com\\\/wp-content\\\/uploads\\\/2025\\\/10\\\/ZEBE-Logo_ZW-makesyousing.jpg\",\"width\":2212,\"height\":958,\"caption\":\"ZebeMusic\"},\"image\":{\"@id\":\"https:\\\/\\\/www.zebemusic.com\\\/de\\\/#\\\/schema\\\/logo\\\/image\\\/\"},\"sameAs\":[\"https:\\\/\\\/www.facebook.com\\\/zebemusic\",\"https:\\\/\\\/www.instagram.com\\\/zebemusic\",\"https:\\\/\\\/www.youtube.com\\\/zebemusicberlin\"]}]}<\/script>\n<!-- \/ Yoast SEO plugin. -->","yoast_head_json":{"title":"FAQ","robots":{"index":"index","follow":"follow","max-snippet":"max-snippet:-1","max-image-preview":"max-image-preview:large","max-video-preview":"max-video-preview:-1"},"canonical":"https:\/\/www.zebemusic.com\/de\/information\/faq\/","og_locale":"de_DE","og_type":"article","og_title":"FAQ","og_description":"ZebeMusic | Bestellung | Lieferung | Bezahlung | Umtausch | Vervielf\u00e4ltigung | Auff\u00fchrung | Interaktion 1. ZebeMusic 1.1 Wie kann ich mit ZebeMusic in Kontakt treten? \u00dcber das Kontaktformular Per E-Mail: info@zebemusic.com Per Telefon: +49 (0)30 310 167 50 Per Fax: +49 (0)30 310 167 51 1.2 Welche Musik ver\u00f6ffentlicht ZebeMusic? ZebeMusic ver\u00f6ffentlicht popul\u00e4re geistliche [&hellip;]","og_url":"https:\/\/www.zebemusic.com\/de\/information\/faq\/","og_site_name":"ZebeMusic","article_publisher":"https:\/\/www.facebook.com\/zebemusic","article_modified_time":"2025-07-02T09:52:55+00:00","og_image":[{"width":2212,"height":958,"url":"https:\/\/www.zebemusic.com\/wp-content\/uploads\/2025\/10\/ZEBE-Logo_ZW-makesyousing.jpg","type":"image\/jpeg"}],"twitter_card":"summary_large_image","twitter_misc":{"Est. reading time":"5 minutes"},"schema":{"@context":"https:\/\/schema.org","@graph":[{"@type":"WebPage","@id":"https:\/\/www.zebemusic.com\/de\/information\/faq\/","url":"https:\/\/www.zebemusic.com\/de\/information\/faq\/","name":"FAQ","isPartOf":{"@id":"https:\/\/www.zebemusic.com\/de\/#website"},"datePublished":"2013-07-24T14:25:57+00:00","dateModified":"2025-07-02T09:52:55+00:00","breadcrumb":{"@id":"https:\/\/www.zebemusic.com\/de\/information\/faq\/#breadcrumb"},"inLanguage":"de-DE","potentialAction":[{"@type":"ReadAction","target":["https:\/\/www.zebemusic.com\/de\/information\/faq\/"]}]},{"@type":"BreadcrumbList","@id":"https:\/\/www.zebemusic.com\/de\/information\/faq\/#breadcrumb","itemListElement":[{"@type":"ListItem","position":1,"name":"Information","item":"https:\/\/www.zebemusic.com\/please-choose\/"},{"@type":"ListItem","position":2,"name":"FAQ"}]},{"@type":"WebSite","@id":"https:\/\/www.zebemusic.com\/de\/#website","url":"https:\/\/www.zebemusic.com\/de\/","name":"ZebeMusic","description":"makes you sing.","publisher":{"@id":"https:\/\/www.zebemusic.com\/de\/#organization"},"alternateName":"Gospelnoten & Kindermusicals","potentialAction":[{"@type":"SearchAction","target":{"@type":"EntryPoint","urlTemplate":"https:\/\/www.zebemusic.com\/de\/?s={search_term_string}"},"query-input":{"@type":"PropertyValueSpecification","valueRequired":true,"valueName":"search_term_string"}}],"inLanguage":"de-DE"},{"@type":"Organization","@id":"https:\/\/www.zebemusic.com\/de\/#organization","name":"ZebeMusic","url":"https:\/\/www.zebemusic.com\/de\/","logo":{"@type":"ImageObject","inLanguage":"de-DE","@id":"https:\/\/www.zebemusic.com\/de\/#\/schema\/logo\/image\/","url":"https:\/\/www.zebemusic.com\/wp-content\/uploads\/2025\/10\/ZEBE-Logo_ZW-makesyousing.jpg","contentUrl":"https:\/\/www.zebemusic.com\/wp-content\/uploads\/2025\/10\/ZEBE-Logo_ZW-makesyousing.jpg","width":2212,"height":958,"caption":"ZebeMusic"},"image":{"@id":"https:\/\/www.zebemusic.com\/de\/#\/schema\/logo\/image\/"},"sameAs":["https:\/\/www.facebook.com\/zebemusic","https:\/\/www.instagram.com\/zebemusic","https:\/\/www.youtube.com\/zebemusicberlin"]}]}},"_links":{"self":[{"href":"https:\/\/www.zebemusic.com\/de\/wp-json\/wp\/v2\/pages\/56","targetHints":{"allow":["GET"]}}],"collection":[{"href":"https:\/\/www.zebemusic.com\/de\/wp-json\/wp\/v2\/pages"}],"about":[{"href":"https:\/\/www.zebemusic.com\/de\/wp-json\/wp\/v2\/types\/page"}],"author":[{"embeddable":true,"href":"https:\/\/www.zebemusic.com\/de\/wp-json\/wp\/v2\/users\/50"}],"replies":[{"embeddable":true,"href":"https:\/\/www.zebemusic.com\/de\/wp-json\/wp\/v2\/comments?post=56"}],"version-history":[{"count":13,"href":"https:\/\/www.zebemusic.com\/de\/wp-json\/wp\/v2\/pages\/56\/revisions"}],"predecessor-version":[{"id":23173,"href":"https:\/\/www.zebemusic.com\/de\/wp-json\/wp\/v2\/pages\/56\/revisions\/23173"}],"up":[{"embeddable":true,"href":"https:\/\/www.zebemusic.com\/de\/wp-json\/wp\/v2\/pages\/47"}],"wp:attachment":[{"href":"https:\/\/www.zebemusic.com\/de\/wp-json\/wp\/v2\/media?parent=56"}],"curies":[{"name":"wp","href":"https:\/\/api.w.org\/{rel}","templated":true}]}}