{"id":5999,"date":"2015-03-20T16:38:21","date_gmt":"2015-03-20T14:38:21","guid":{"rendered":"http:\/\/neu.zebemusic.com\/?page_id=5999"},"modified":"2025-09-23T21:16:37","modified_gmt":"2025-09-23T20:16:37","slug":"einzelausgaben","status":"publish","type":"page","link":"https:\/\/www.zebemusic.com\/de\/einzelausgaben\/","title":{"rendered":"Einzelausgaben"},"content":{"rendered":"<h4><a href=\"https:\/\/www.zebemusic.com\/wp-content\/uploads\/2014\/06\/EAtitelweb.jpg\"><img loading=\"lazy\" decoding=\"async\" class=\" wp-image-1811 alignleft\" src=\"https:\/\/www.zebemusic.com\/wp-content\/uploads\/2014\/06\/EAtitelweb-211x300.jpg\" alt=\"\" width=\"123\" height=\"175\" srcset=\"https:\/\/www.zebemusic.com\/wp-content\/uploads\/2014\/06\/EAtitelweb-211x300.jpg 211w, https:\/\/www.zebemusic.com\/wp-content\/uploads\/2014\/06\/EAtitelweb-200x283.jpg 200w, https:\/\/www.zebemusic.com\/wp-content\/uploads\/2014\/06\/EAtitelweb-105x150.jpg 105w, https:\/\/www.zebemusic.com\/wp-content\/uploads\/2014\/06\/EAtitelweb-60x85.jpg 60w, https:\/\/www.zebemusic.com\/wp-content\/uploads\/2014\/06\/EAtitelweb.jpg 353w\" sizes=\"auto, (max-width: 123px) 100vw, 123px\" \/><\/a>Jeden Song, der bei ZebeMusic erschien, gibt es als g\u00fcnstige Einzelausgabe!<\/h4>\n<h4>Besonders gern wird dieses Angebot f\u00fcr Einzelsongs aus den Gospelsammlungen genutzt.<br \/>\nSie k\u00f6nnen sich aber auch von jedem anderen Song aus Musicals oder Jazz-Werken Verlagskopien herstellen lassen.<br \/>\nBitte nutzen Sie hierf\u00fcr das <a href=\"https:\/\/www.zebemusic.com\/de\/information\/kontakt\/\">Kontaktformular<\/a>.<\/h4>\n<p><span style=\"color: #993300;\"><a style=\"color: #993300;\" href=\"https:\/\/www.zebemusic.com\/de\/shop\/einzelausgaben\/?orderby=Name+A+to+Z\">Hier finden Sie unser Angebot aufgelistet<\/a>. &gt;&gt;&gt;<\/span><\/p>\n<p>&nbsp;<\/p>\n<hr \/>\n<h3>Das sind unsere Bestseller\u00a0 <span style=\"color: #ffcc00;\">\u2b50 \u2b50 \u2b50 \u2b50 \u2b50<\/span><\/h3>\n","protected":false},"excerpt":{"rendered":"<p>Jeden Song, der bei ZebeMusic erschien, gibt es als g\u00fcnstige Einzelausgabe! Besonders gern wird dieses Angebot f\u00fcr Einzelsongs aus den Gospelsammlungen genutzt. Sie k\u00f6nnen sich aber auch von jedem anderen Song aus Musicals oder Jazz-Werken Verlagskopien herstellen lassen. Bitte nutzen Sie hierf\u00fcr das Kontaktformular. Hier finden Sie unser Angebot aufgelistet. &gt;&gt;&gt; &nbsp; Das sind unsere [&hellip;]<\/p>\n","protected":false},"author":50,"featured_media":0,"parent":0,"menu_order":0,"comment_status":"closed","ping_status":"closed","template":"page-templates\/page-sidebar-none.php","meta":{"_acf_changed":false,"footnotes":""},"class_list":["post-5999","page","type-page","status-publish","hentry"],"acf":[],"yoast_head":"<!-- This site is optimized with the Yoast SEO plugin v27.5 - https:\/\/yoast.com\/product\/yoast-seo-wordpress\/ -->\n<title>Einzelausgaben<\/title>\n<meta name=\"description\" content=\"Sie suchen einen einzelnen Song? Hier finden Sie unser Angebot alphabetisch aufgelistet. &gt;&gt;&gt;\" \/>\n<meta name=\"robots\" content=\"index, follow, max-snippet:-1, max-image-preview:large, max-video-preview:-1\" \/>\n<link rel=\"canonical\" href=\"https:\/\/www.zebemusic.com\/de\/einzelausgaben\/\" \/>\n<meta property=\"og:locale\" content=\"de_DE\" \/>\n<meta property=\"og:type\" content=\"article\" \/>\n<meta property=\"og:title\" content=\"Einzelausgaben\" \/>\n<meta property=\"og:description\" content=\"Sie suchen einen einzelnen Song? Hier finden Sie unser Angebot alphabetisch aufgelistet. &gt;&gt;&gt;\" \/>\n<meta property=\"og:url\" content=\"https:\/\/www.zebemusic.com\/de\/einzelausgaben\/\" \/>\n<meta property=\"og:site_name\" content=\"ZebeMusic\" \/>\n<meta property=\"article:publisher\" content=\"https:\/\/www.facebook.com\/zebemusic\" \/>\n<meta property=\"article:modified_time\" content=\"2025-09-23T20:16:37+00:00\" \/>\n<meta property=\"og:image\" content=\"https:\/\/www.zebemusic.com\/wp-content\/uploads\/2014\/06\/EAtitelweb.jpg\" \/>\n\t<meta property=\"og:image:width\" content=\"353\" \/>\n\t<meta property=\"og:image:height\" content=\"500\" \/>\n\t<meta property=\"og:image:type\" content=\"image\/jpeg\" \/>\n<meta name=\"twitter:card\" content=\"summary_large_image\" \/>\n<meta name=\"twitter:label1\" content=\"Est. reading time\" \/>\n\t<meta name=\"twitter:data1\" content=\"1 minute\" \/>\n<script type=\"application\/ld+json\" class=\"yoast-schema-graph\">{\"@context\":\"https:\\\/\\\/schema.org\",\"@graph\":[{\"@type\":\"WebPage\",\"@id\":\"https:\\\/\\\/www.zebemusic.com\\\/de\\\/einzelausgaben\\\/\",\"url\":\"https:\\\/\\\/www.zebemusic.com\\\/de\\\/einzelausgaben\\\/\",\"name\":\"Einzelausgaben\",\"isPartOf\":{\"@id\":\"https:\\\/\\\/www.zebemusic.com\\\/de\\\/#website\"},\"primaryImageOfPage\":{\"@id\":\"https:\\\/\\\/www.zebemusic.com\\\/de\\\/einzelausgaben\\\/#primaryimage\"},\"image\":{\"@id\":\"https:\\\/\\\/www.zebemusic.com\\\/de\\\/einzelausgaben\\\/#primaryimage\"},\"thumbnailUrl\":\"https:\\\/\\\/www.zebemusic.com\\\/wp-content\\\/uploads\\\/2014\\\/06\\\/EAtitelweb-211x300.jpg\",\"datePublished\":\"2015-03-20T14:38:21+00:00\",\"dateModified\":\"2025-09-23T20:16:37+00:00\",\"description\":\"Sie suchen einen einzelnen Song? Hier finden Sie unser Angebot alphabetisch aufgelistet. >>>\",\"inLanguage\":\"de-DE\",\"potentialAction\":[{\"@type\":\"ReadAction\",\"target\":[\"https:\\\/\\\/www.zebemusic.com\\\/de\\\/einzelausgaben\\\/\"]}]},{\"@type\":\"ImageObject\",\"inLanguage\":\"de-DE\",\"@id\":\"https:\\\/\\\/www.zebemusic.com\\\/de\\\/einzelausgaben\\\/#primaryimage\",\"url\":\"https:\\\/\\\/www.zebemusic.com\\\/wp-content\\\/uploads\\\/2014\\\/06\\\/EAtitelweb-211x300.jpg\",\"contentUrl\":\"https:\\\/\\\/www.zebemusic.com\\\/wp-content\\\/uploads\\\/2014\\\/06\\\/EAtitelweb-211x300.jpg\"},{\"@type\":\"WebSite\",\"@id\":\"https:\\\/\\\/www.zebemusic.com\\\/de\\\/#website\",\"url\":\"https:\\\/\\\/www.zebemusic.com\\\/de\\\/\",\"name\":\"ZebeMusic\",\"description\":\"makes you sing.\",\"publisher\":{\"@id\":\"https:\\\/\\\/www.zebemusic.com\\\/de\\\/#organization\"},\"alternateName\":\"Gospelnoten & Kindermusicals\",\"potentialAction\":[{\"@type\":\"SearchAction\",\"target\":{\"@type\":\"EntryPoint\",\"urlTemplate\":\"https:\\\/\\\/www.zebemusic.com\\\/de\\\/?s={search_term_string}\"},\"query-input\":{\"@type\":\"PropertyValueSpecification\",\"valueRequired\":true,\"valueName\":\"search_term_string\"}}],\"inLanguage\":\"de-DE\"},{\"@type\":\"Organization\",\"@id\":\"https:\\\/\\\/www.zebemusic.com\\\/de\\\/#organization\",\"name\":\"ZebeMusic\",\"url\":\"https:\\\/\\\/www.zebemusic.com\\\/de\\\/\",\"logo\":{\"@type\":\"ImageObject\",\"inLanguage\":\"de-DE\",\"@id\":\"https:\\\/\\\/www.zebemusic.com\\\/de\\\/#\\\/schema\\\/logo\\\/image\\\/\",\"url\":\"https:\\\/\\\/www.zebemusic.com\\\/wp-content\\\/uploads\\\/2025\\\/10\\\/ZEBE-Logo_ZW-makesyousing.jpg\",\"contentUrl\":\"https:\\\/\\\/www.zebemusic.com\\\/wp-content\\\/uploads\\\/2025\\\/10\\\/ZEBE-Logo_ZW-makesyousing.jpg\",\"width\":2212,\"height\":958,\"caption\":\"ZebeMusic\"},\"image\":{\"@id\":\"https:\\\/\\\/www.zebemusic.com\\\/de\\\/#\\\/schema\\\/logo\\\/image\\\/\"},\"sameAs\":[\"https:\\\/\\\/www.facebook.com\\\/zebemusic\",\"https:\\\/\\\/www.instagram.com\\\/zebemusic\",\"https:\\\/\\\/www.youtube.com\\\/zebemusicberlin\"]}]}<\/script>\n<!-- \/ Yoast SEO plugin. -->","yoast_head_json":{"title":"Einzelausgaben","description":"Sie suchen einen einzelnen Song? Hier finden Sie unser Angebot alphabetisch aufgelistet. >>>","robots":{"index":"index","follow":"follow","max-snippet":"max-snippet:-1","max-image-preview":"max-image-preview:large","max-video-preview":"max-video-preview:-1"},"canonical":"https:\/\/www.zebemusic.com\/de\/einzelausgaben\/","og_locale":"de_DE","og_type":"article","og_title":"Einzelausgaben","og_description":"Sie suchen einen einzelnen Song? Hier finden Sie unser Angebot alphabetisch aufgelistet. >>>","og_url":"https:\/\/www.zebemusic.com\/de\/einzelausgaben\/","og_site_name":"ZebeMusic","article_publisher":"https:\/\/www.facebook.com\/zebemusic","article_modified_time":"2025-09-23T20:16:37+00:00","og_image":[{"width":353,"height":500,"url":"https:\/\/www.zebemusic.com\/wp-content\/uploads\/2014\/06\/EAtitelweb.jpg","type":"image\/jpeg"}],"twitter_card":"summary_large_image","twitter_misc":{"Est. reading time":"1 minute"},"schema":{"@context":"https:\/\/schema.org","@graph":[{"@type":"WebPage","@id":"https:\/\/www.zebemusic.com\/de\/einzelausgaben\/","url":"https:\/\/www.zebemusic.com\/de\/einzelausgaben\/","name":"Einzelausgaben","isPartOf":{"@id":"https:\/\/www.zebemusic.com\/de\/#website"},"primaryImageOfPage":{"@id":"https:\/\/www.zebemusic.com\/de\/einzelausgaben\/#primaryimage"},"image":{"@id":"https:\/\/www.zebemusic.com\/de\/einzelausgaben\/#primaryimage"},"thumbnailUrl":"https:\/\/www.zebemusic.com\/wp-content\/uploads\/2014\/06\/EAtitelweb-211x300.jpg","datePublished":"2015-03-20T14:38:21+00:00","dateModified":"2025-09-23T20:16:37+00:00","description":"Sie suchen einen einzelnen Song? Hier finden Sie unser Angebot alphabetisch aufgelistet. >>>","inLanguage":"de-DE","potentialAction":[{"@type":"ReadAction","target":["https:\/\/www.zebemusic.com\/de\/einzelausgaben\/"]}]},{"@type":"ImageObject","inLanguage":"de-DE","@id":"https:\/\/www.zebemusic.com\/de\/einzelausgaben\/#primaryimage","url":"https:\/\/www.zebemusic.com\/wp-content\/uploads\/2014\/06\/EAtitelweb-211x300.jpg","contentUrl":"https:\/\/www.zebemusic.com\/wp-content\/uploads\/2014\/06\/EAtitelweb-211x300.jpg"},{"@type":"WebSite","@id":"https:\/\/www.zebemusic.com\/de\/#website","url":"https:\/\/www.zebemusic.com\/de\/","name":"ZebeMusic","description":"makes you sing.","publisher":{"@id":"https:\/\/www.zebemusic.com\/de\/#organization"},"alternateName":"Gospelnoten & Kindermusicals","potentialAction":[{"@type":"SearchAction","target":{"@type":"EntryPoint","urlTemplate":"https:\/\/www.zebemusic.com\/de\/?s={search_term_string}"},"query-input":{"@type":"PropertyValueSpecification","valueRequired":true,"valueName":"search_term_string"}}],"inLanguage":"de-DE"},{"@type":"Organization","@id":"https:\/\/www.zebemusic.com\/de\/#organization","name":"ZebeMusic","url":"https:\/\/www.zebemusic.com\/de\/","logo":{"@type":"ImageObject","inLanguage":"de-DE","@id":"https:\/\/www.zebemusic.com\/de\/#\/schema\/logo\/image\/","url":"https:\/\/www.zebemusic.com\/wp-content\/uploads\/2025\/10\/ZEBE-Logo_ZW-makesyousing.jpg","contentUrl":"https:\/\/www.zebemusic.com\/wp-content\/uploads\/2025\/10\/ZEBE-Logo_ZW-makesyousing.jpg","width":2212,"height":958,"caption":"ZebeMusic"},"image":{"@id":"https:\/\/www.zebemusic.com\/de\/#\/schema\/logo\/image\/"},"sameAs":["https:\/\/www.facebook.com\/zebemusic","https:\/\/www.instagram.com\/zebemusic","https:\/\/www.youtube.com\/zebemusicberlin"]}]}},"_links":{"self":[{"href":"https:\/\/www.zebemusic.com\/de\/wp-json\/wp\/v2\/pages\/5999","targetHints":{"allow":["GET"]}}],"collection":[{"href":"https:\/\/www.zebemusic.com\/de\/wp-json\/wp\/v2\/pages"}],"about":[{"href":"https:\/\/www.zebemusic.com\/de\/wp-json\/wp\/v2\/types\/page"}],"author":[{"embeddable":true,"href":"https:\/\/www.zebemusic.com\/de\/wp-json\/wp\/v2\/users\/50"}],"replies":[{"embeddable":true,"href":"https:\/\/www.zebemusic.com\/de\/wp-json\/wp\/v2\/comments?post=5999"}],"version-history":[{"count":29,"href":"https:\/\/www.zebemusic.com\/de\/wp-json\/wp\/v2\/pages\/5999\/revisions"}],"predecessor-version":[{"id":28421,"href":"https:\/\/www.zebemusic.com\/de\/wp-json\/wp\/v2\/pages\/5999\/revisions\/28421"}],"wp:attachment":[{"href":"https:\/\/www.zebemusic.com\/de\/wp-json\/wp\/v2\/media?parent=5999"}],"curies":[{"name":"wp","href":"https:\/\/api.w.org\/{rel}","templated":true}]}}