{"id":60,"date":"2013-07-24T16:26:31","date_gmt":"2013-07-24T14:26:31","guid":{"rendered":"http:\/\/zebemusic.smukkeberg.com\/?page_id=60"},"modified":"2024-03-05T08:57:13","modified_gmt":"2024-03-05T07:57:13","slug":"agb","status":"publish","type":"page","link":"https:\/\/www.zebemusic.com\/de\/information\/agb\/","title":{"rendered":"AGB"},"content":{"rendered":"<div>\n<div>\n<h3>Unsere allgemeinen Gesch\u00e4ftsbedingungen<\/h3>\n<p>PREISE \/ LIEFERBEDINGUNGEN<br \/>\nAlle Preise in Euro, weitere Preise auf Anfrage (a.A.). Preis\u00e4nderungen, Irrtum und Lieferm\u00f6glichkeiten vorbehalten. Es gelten die Preise der jeweils neuesten Verlags- bzw. Preisliste, \u00e4ltere Preisangaben werden mit Erscheinen einer neuen Preisliste bzw. eines neuen Kataloges ung\u00fcltig.<br \/>\nWiederverk\u00e4ufer (H\u00e4ndler) verpflichten sich mit dem Erwerb der Ware an Endkunden in Deutschland, der Schweiz und \u00d6sterreich nur zu den aktuellen Katalogpreisen zu verkaufen und keine mit dem Kauf verbundenen Verg\u00fcnstigungen zu gew\u00e4hren. Sie haben die Regeln des Verfahrens der Preisbindung des Buchhandels und des Musikalienhandels einzuhalten. Grundlage der Preisbildung ist der Umrechnungskurs der jeweiligen W\u00e4hrung:<br \/>\nMitgliedsstaaten der Europ\u00e4ische Union: es gilt der Euro-Preis als gebundener Preis.<br \/>\nDer Verlag gew\u00e4hrt H\u00e4ndlern zum Wiederverkauf einen handels\u00fcblichen Rabatt auf alle Produkte. Gro\u00dfh\u00e4ndler erhalten einen erh\u00f6hten Rabatt auf alle Verlagsprodukte.<\/p>\n<p>VERSANDRISIKO<br \/>\nDer Versand erfolgt auf Kosten und Risiko des Bestellers. Die Ware wird handels\u00fcblich gesch\u00fctzt versandt.<\/p>\n<p>VERSAND \/ SPESEN<br \/>\nAuslieferung im Auftrag von ZebeMusic durch die S\u00fcdost Service GmbH als Brief, Warensendung, B\u00fcchersendung, P\u00e4ckchen oder Postpaket (DHL\/Deutsche Post).<br \/>\nDie Versandkosten betragen pauschal \u20ac 3,00 (Ausland \u20ac 6,00).<br \/>\nVersandkostenfreie Lieferung ab einem Warenbestellwert von \u20ac 40,00 (Ausland \u20ac75,00).<\/p>\n<p>ZAHLUNG \/ EIGENTUMSVORBEHALT<br \/>\nDer Verlag kann bei Neukunden Vorkasse verlangen, dazu wird dem Kunden vorab eine Pro-Forma-Rechnung \u00fcbermittelt.<br \/>\nDie Ware bleibt bis zur vollst\u00e4ndigen Bezahlung Eigentum des Verlages.<\/p>\n<p>F\u00c4LLIGKEIT<br \/>\nEs gilt die auf der Rechnung vermerkte F\u00e4lligkeitsfrist, falls diese nicht angegeben ist, hat die Zahlung innerhalb von 30 Tagen nach Rechnungsdatum zu erfolgen.<br \/>\nSonderrabatte und Skonti werden nicht gew\u00e4hrt.<\/p>\n<p><strong><a href=\"https:\/\/www.zebemusic.com\/de\/widerruf\/\">WIDERRUFSRECHT<\/a><\/strong><br \/>\nBitte klicken Sie auf den Link, um ausf\u00fchrliche Informationen zu bekommen.<strong><br \/>\n<\/strong><\/p>\n<p>UMTAUSCH, REKLAMATION<br \/>\nDer Umtausch von Ware ist grunds\u00e4tzlich ausgeschlossen. Ausgenommen davon ist fehlerhaft produzierte Ware. Der Umtausch ist innerhalb von 2 Wochen nach Versand zu reklamieren. Die R\u00fccksendung hat auf billigste Weise zu erfolgen. Ersatzware wird versandspesenfrei nachgeliefert. Es wird grunds\u00e4tzlich nur ordentliche Ware geliefert, d.h. keine M\u00e4ngelexemplare zu reduzierten Preisen.<br \/>\nAusnahmen f\u00fcr H\u00e4ndler:<br \/>\nVor oder zusammmen mit der Bestellung k\u00f6nnen Lieferungen mit R\u00fcckgaberecht, z.B. Kommissionslieferungen, erbeten werden. Bei diesen ist die Ware unbesch\u00e4digt innerhalb der gesetzten Frist zur\u00fcck zu schicken. Das Haftungsrisiko tr\u00e4gt der Besteller\/Kunde.<br \/>\nBittet der Verlag einen H\u00e4ndler, um Annahme von Ware zur Kommission, tr\u00e4gt der Verlag das Risiko und die entsprechenden \u00fcblichen bzw. abgesprochenen Versandkosten.<\/p>\n<p>GERICHTSSTAND<br \/>\nGerichtsstand ist Berlin, bzw. das dem Standort des Verlages n\u00e4chste zust\u00e4ndige Gericht.<\/p>\n<\/div>\n<\/div>\n","protected":false},"excerpt":{"rendered":"<p>Unsere allgemeinen Gesch\u00e4ftsbedingungen PREISE \/ LIEFERBEDINGUNGEN Alle Preise in Euro, weitere Preise auf Anfrage (a.A.). Preis\u00e4nderungen, Irrtum und Lieferm\u00f6glichkeiten vorbehalten. Es gelten die Preise der jeweils neuesten Verlags- bzw. Preisliste, \u00e4ltere Preisangaben werden mit Erscheinen einer neuen Preisliste bzw. eines neuen Kataloges ung\u00fcltig. Wiederverk\u00e4ufer (H\u00e4ndler) verpflichten sich mit dem Erwerb der Ware an Endkunden in [&hellip;]<\/p>\n","protected":false},"author":50,"featured_media":0,"parent":47,"menu_order":0,"comment_status":"closed","ping_status":"closed","template":"page-templates\/page-sidebar-none.php","meta":{"_acf_changed":false,"footnotes":""},"class_list":["post-60","page","type-page","status-publish","hentry"],"acf":[],"yoast_head":"<!-- This site is optimized with the Yoast SEO plugin v27.3 - https:\/\/yoast.com\/product\/yoast-seo-wordpress\/ -->\n<title>AGB<\/title>\n<meta name=\"robots\" content=\"index, follow, max-snippet:-1, max-image-preview:large, max-video-preview:-1\" \/>\n<link rel=\"canonical\" href=\"https:\/\/www.zebemusic.com\/de\/information\/agb\/\" \/>\n<meta property=\"og:locale\" content=\"de_DE\" \/>\n<meta property=\"og:type\" content=\"article\" \/>\n<meta property=\"og:title\" content=\"AGB\" \/>\n<meta property=\"og:description\" content=\"Unsere allgemeinen Gesch\u00e4ftsbedingungen PREISE \/ LIEFERBEDINGUNGEN Alle Preise in Euro, weitere Preise auf Anfrage (a.A.). Preis\u00e4nderungen, Irrtum und Lieferm\u00f6glichkeiten vorbehalten. Es gelten die Preise der jeweils neuesten Verlags- bzw. Preisliste, \u00e4ltere Preisangaben werden mit Erscheinen einer neuen Preisliste bzw. eines neuen Kataloges ung\u00fcltig. Wiederverk\u00e4ufer (H\u00e4ndler) verpflichten sich mit dem Erwerb der Ware an Endkunden in [&hellip;]\" \/>\n<meta property=\"og:url\" content=\"https:\/\/www.zebemusic.com\/de\/information\/agb\/\" \/>\n<meta property=\"og:site_name\" content=\"ZebeMusic\" \/>\n<meta property=\"article:publisher\" content=\"https:\/\/www.facebook.com\/zebemusic\" \/>\n<meta property=\"article:modified_time\" content=\"2024-03-05T07:57:13+00:00\" \/>\n<meta property=\"og:image\" content=\"https:\/\/www.zebemusic.com\/wp-content\/uploads\/2025\/10\/ZEBE-Logo_ZW-makesyousing.jpg\" \/>\n\t<meta property=\"og:image:width\" content=\"2212\" \/>\n\t<meta property=\"og:image:height\" content=\"958\" \/>\n\t<meta property=\"og:image:type\" content=\"image\/jpeg\" \/>\n<meta name=\"twitter:card\" content=\"summary_large_image\" \/>\n<meta name=\"twitter:label1\" content=\"Est. reading time\" \/>\n\t<meta name=\"twitter:data1\" content=\"4 minutes\" \/>\n<script type=\"application\/ld+json\" class=\"yoast-schema-graph\">{\"@context\":\"https:\\\/\\\/schema.org\",\"@graph\":[{\"@type\":\"WebPage\",\"@id\":\"https:\\\/\\\/www.zebemusic.com\\\/de\\\/information\\\/agb\\\/\",\"url\":\"https:\\\/\\\/www.zebemusic.com\\\/de\\\/information\\\/agb\\\/\",\"name\":\"AGB\",\"isPartOf\":{\"@id\":\"https:\\\/\\\/www.zebemusic.com\\\/de\\\/#website\"},\"datePublished\":\"2013-07-24T14:26:31+00:00\",\"dateModified\":\"2024-03-05T07:57:13+00:00\",\"breadcrumb\":{\"@id\":\"https:\\\/\\\/www.zebemusic.com\\\/de\\\/information\\\/agb\\\/#breadcrumb\"},\"inLanguage\":\"de-DE\",\"potentialAction\":[{\"@type\":\"ReadAction\",\"target\":[\"https:\\\/\\\/www.zebemusic.com\\\/de\\\/information\\\/agb\\\/\"]}]},{\"@type\":\"BreadcrumbList\",\"@id\":\"https:\\\/\\\/www.zebemusic.com\\\/de\\\/information\\\/agb\\\/#breadcrumb\",\"itemListElement\":[{\"@type\":\"ListItem\",\"position\":1,\"name\":\"Information\",\"item\":\"https:\\\/\\\/www.zebemusic.com\\\/please-choose\\\/\"},{\"@type\":\"ListItem\",\"position\":2,\"name\":\"AGB\"}]},{\"@type\":\"WebSite\",\"@id\":\"https:\\\/\\\/www.zebemusic.com\\\/de\\\/#website\",\"url\":\"https:\\\/\\\/www.zebemusic.com\\\/de\\\/\",\"name\":\"ZebeMusic\",\"description\":\"makes you sing.\",\"publisher\":{\"@id\":\"https:\\\/\\\/www.zebemusic.com\\\/de\\\/#organization\"},\"alternateName\":\"Gospelnoten & Kindermusicals\",\"potentialAction\":[{\"@type\":\"SearchAction\",\"target\":{\"@type\":\"EntryPoint\",\"urlTemplate\":\"https:\\\/\\\/www.zebemusic.com\\\/de\\\/?s={search_term_string}\"},\"query-input\":{\"@type\":\"PropertyValueSpecification\",\"valueRequired\":true,\"valueName\":\"search_term_string\"}}],\"inLanguage\":\"de-DE\"},{\"@type\":\"Organization\",\"@id\":\"https:\\\/\\\/www.zebemusic.com\\\/de\\\/#organization\",\"name\":\"ZebeMusic\",\"url\":\"https:\\\/\\\/www.zebemusic.com\\\/de\\\/\",\"logo\":{\"@type\":\"ImageObject\",\"inLanguage\":\"de-DE\",\"@id\":\"https:\\\/\\\/www.zebemusic.com\\\/de\\\/#\\\/schema\\\/logo\\\/image\\\/\",\"url\":\"https:\\\/\\\/www.zebemusic.com\\\/wp-content\\\/uploads\\\/2025\\\/10\\\/ZEBE-Logo_ZW-makesyousing.jpg\",\"contentUrl\":\"https:\\\/\\\/www.zebemusic.com\\\/wp-content\\\/uploads\\\/2025\\\/10\\\/ZEBE-Logo_ZW-makesyousing.jpg\",\"width\":2212,\"height\":958,\"caption\":\"ZebeMusic\"},\"image\":{\"@id\":\"https:\\\/\\\/www.zebemusic.com\\\/de\\\/#\\\/schema\\\/logo\\\/image\\\/\"},\"sameAs\":[\"https:\\\/\\\/www.facebook.com\\\/zebemusic\",\"https:\\\/\\\/www.instagram.com\\\/zebemusic\",\"https:\\\/\\\/www.youtube.com\\\/zebemusicberlin\"]}]}<\/script>\n<!-- \/ Yoast SEO plugin. -->","yoast_head_json":{"title":"AGB","robots":{"index":"index","follow":"follow","max-snippet":"max-snippet:-1","max-image-preview":"max-image-preview:large","max-video-preview":"max-video-preview:-1"},"canonical":"https:\/\/www.zebemusic.com\/de\/information\/agb\/","og_locale":"de_DE","og_type":"article","og_title":"AGB","og_description":"Unsere allgemeinen Gesch\u00e4ftsbedingungen PREISE \/ LIEFERBEDINGUNGEN Alle Preise in Euro, weitere Preise auf Anfrage (a.A.). Preis\u00e4nderungen, Irrtum und Lieferm\u00f6glichkeiten vorbehalten. Es gelten die Preise der jeweils neuesten Verlags- bzw. Preisliste, \u00e4ltere Preisangaben werden mit Erscheinen einer neuen Preisliste bzw. eines neuen Kataloges ung\u00fcltig. Wiederverk\u00e4ufer (H\u00e4ndler) verpflichten sich mit dem Erwerb der Ware an Endkunden in [&hellip;]","og_url":"https:\/\/www.zebemusic.com\/de\/information\/agb\/","og_site_name":"ZebeMusic","article_publisher":"https:\/\/www.facebook.com\/zebemusic","article_modified_time":"2024-03-05T07:57:13+00:00","og_image":[{"width":2212,"height":958,"url":"https:\/\/www.zebemusic.com\/wp-content\/uploads\/2025\/10\/ZEBE-Logo_ZW-makesyousing.jpg","type":"image\/jpeg"}],"twitter_card":"summary_large_image","twitter_misc":{"Est. reading time":"4 minutes"},"schema":{"@context":"https:\/\/schema.org","@graph":[{"@type":"WebPage","@id":"https:\/\/www.zebemusic.com\/de\/information\/agb\/","url":"https:\/\/www.zebemusic.com\/de\/information\/agb\/","name":"AGB","isPartOf":{"@id":"https:\/\/www.zebemusic.com\/de\/#website"},"datePublished":"2013-07-24T14:26:31+00:00","dateModified":"2024-03-05T07:57:13+00:00","breadcrumb":{"@id":"https:\/\/www.zebemusic.com\/de\/information\/agb\/#breadcrumb"},"inLanguage":"de-DE","potentialAction":[{"@type":"ReadAction","target":["https:\/\/www.zebemusic.com\/de\/information\/agb\/"]}]},{"@type":"BreadcrumbList","@id":"https:\/\/www.zebemusic.com\/de\/information\/agb\/#breadcrumb","itemListElement":[{"@type":"ListItem","position":1,"name":"Information","item":"https:\/\/www.zebemusic.com\/please-choose\/"},{"@type":"ListItem","position":2,"name":"AGB"}]},{"@type":"WebSite","@id":"https:\/\/www.zebemusic.com\/de\/#website","url":"https:\/\/www.zebemusic.com\/de\/","name":"ZebeMusic","description":"makes you sing.","publisher":{"@id":"https:\/\/www.zebemusic.com\/de\/#organization"},"alternateName":"Gospelnoten & Kindermusicals","potentialAction":[{"@type":"SearchAction","target":{"@type":"EntryPoint","urlTemplate":"https:\/\/www.zebemusic.com\/de\/?s={search_term_string}"},"query-input":{"@type":"PropertyValueSpecification","valueRequired":true,"valueName":"search_term_string"}}],"inLanguage":"de-DE"},{"@type":"Organization","@id":"https:\/\/www.zebemusic.com\/de\/#organization","name":"ZebeMusic","url":"https:\/\/www.zebemusic.com\/de\/","logo":{"@type":"ImageObject","inLanguage":"de-DE","@id":"https:\/\/www.zebemusic.com\/de\/#\/schema\/logo\/image\/","url":"https:\/\/www.zebemusic.com\/wp-content\/uploads\/2025\/10\/ZEBE-Logo_ZW-makesyousing.jpg","contentUrl":"https:\/\/www.zebemusic.com\/wp-content\/uploads\/2025\/10\/ZEBE-Logo_ZW-makesyousing.jpg","width":2212,"height":958,"caption":"ZebeMusic"},"image":{"@id":"https:\/\/www.zebemusic.com\/de\/#\/schema\/logo\/image\/"},"sameAs":["https:\/\/www.facebook.com\/zebemusic","https:\/\/www.instagram.com\/zebemusic","https:\/\/www.youtube.com\/zebemusicberlin"]}]}},"_links":{"self":[{"href":"https:\/\/www.zebemusic.com\/de\/wp-json\/wp\/v2\/pages\/60","targetHints":{"allow":["GET"]}}],"collection":[{"href":"https:\/\/www.zebemusic.com\/de\/wp-json\/wp\/v2\/pages"}],"about":[{"href":"https:\/\/www.zebemusic.com\/de\/wp-json\/wp\/v2\/types\/page"}],"author":[{"embeddable":true,"href":"https:\/\/www.zebemusic.com\/de\/wp-json\/wp\/v2\/users\/50"}],"replies":[{"embeddable":true,"href":"https:\/\/www.zebemusic.com\/de\/wp-json\/wp\/v2\/comments?post=60"}],"version-history":[{"count":19,"href":"https:\/\/www.zebemusic.com\/de\/wp-json\/wp\/v2\/pages\/60\/revisions"}],"predecessor-version":[{"id":22152,"href":"https:\/\/www.zebemusic.com\/de\/wp-json\/wp\/v2\/pages\/60\/revisions\/22152"}],"up":[{"embeddable":true,"href":"https:\/\/www.zebemusic.com\/de\/wp-json\/wp\/v2\/pages\/47"}],"wp:attachment":[{"href":"https:\/\/www.zebemusic.com\/de\/wp-json\/wp\/v2\/media?parent=60"}],"curies":[{"name":"wp","href":"https:\/\/api.w.org\/{rel}","templated":true}]}}