{"id":8396,"date":"2019-01-05T18:21:43","date_gmt":"2019-01-05T16:21:43","guid":{"rendered":"https:\/\/www.zebemusic.com\/?page_id=8396"},"modified":"2023-11-10T06:20:50","modified_gmt":"2023-11-10T05:20:50","slug":"gospelworkshops-jan-meyer","status":"publish","type":"page","link":"https:\/\/www.zebemusic.com\/de\/gospelworkshops-jan-meyer\/","title":{"rendered":"Gospelworkshops mit Jan Meyer"},"content":{"rendered":"\r\n<p><strong>Hol dir direkt aus der Gospelkirche Hannover den sympathischen Experten f\u00fcr gottesdienstliche und konzertante Gospelmusik in deinen Chor! <\/strong><\/p>\r\n\r\n\r\n\r\n<div class=\"wp-block-image\">\r\n<figure class=\"alignleft is-resized\"><img loading=\"lazy\" decoding=\"async\" class=\"wp-image-8391\" src=\"https:\/\/zebemusic.com\/wp-content\/uploads\/2019\/01\/Meyer.jpg\" alt=\"\" width=\"158\" height=\"212\" srcset=\"https:\/\/www.zebemusic.com\/wp-content\/uploads\/2019\/01\/Meyer.jpg 424w, https:\/\/www.zebemusic.com\/wp-content\/uploads\/2019\/01\/Meyer-200x267.jpg 200w, https:\/\/www.zebemusic.com\/wp-content\/uploads\/2019\/01\/Meyer-112x150.jpg 112w, https:\/\/www.zebemusic.com\/wp-content\/uploads\/2019\/01\/Meyer-224x300.jpg 224w, https:\/\/www.zebemusic.com\/wp-content\/uploads\/2019\/01\/Meyer-60x80.jpg 60w\" sizes=\"auto, (max-width: 158px) 100vw, 158px\" \/><\/figure>\r\n<\/div>\r\n\r\n\r\n\r\n<p>Seit einigen Jahren erklingen durch Jan Meyer in \u00fcber 50 Workshops neue T\u00f6ne in der deutschen Gospelszene. Der Gospelkantor der Ev.-luth. Landeskirche Hannovers ist musikalischer Leiter der Norddeutschen Sommergospelwoche und des Projekts Gospel hinter Gittern (JVA Sehnde).<br \/><br \/>Jan Meyer leitet regelm\u00e4\u00dfig Workshops beim Internationalen Gospelkirchentag, beim Deutschen Evangelischen Kirchentag, in verschiedenen Landeskirchen, aber auch f\u00fcr das Bundeskriminalamt oder die Stiftung der Deutschen Wirtschaft. In der Regel leitet er Workshopprojekte f\u00fcr Ch\u00f6re und in Kirchengemeinden, die in einem Werkstatt-Konzert oder einem Gottesdienst ihren Abschluss finden. <br \/><br \/>Alle Termine sind hier zu finden:<br \/><a href=\"http:\/\/www.meyer-jan.de\/workshops-mehr\/\">meyer-jan.de\/workshops-mehr<\/a><\/p>\r\n\r\n\r\n\r\n<p>Weitere Informationen: <a href=\"http:\/\/www.meyer-jan.de\">www.meyer-jan.de<\/a><br \/>Email: musik@meyer-jan.de<\/p>\r\n\r\n\r\n\r\n<h2 class=\"wp-block-heading\">\u00a0<\/h2>\r\n\r\n\r\n\r\n<p><em>\u00a0<\/em><\/p>\r\n\r\n\r\n\r\n<p>&nbsp;<\/p>\r\n\r\n\r\n\r\n<p>&nbsp;<\/p>\r\n","protected":false},"excerpt":{"rendered":"<p>Hol dir direkt aus der Gospelkirche Hannover den sympathischen Experten f\u00fcr gottesdienstliche und konzertante Gospelmusik in deinen Chor! Seit einigen Jahren erklingen durch Jan Meyer in \u00fcber 50 Workshops neue T\u00f6ne in der deutschen Gospelszene. Der Gospelkantor der Ev.-luth. Landeskirche Hannovers ist musikalischer Leiter der Norddeutschen Sommergospelwoche und des Projekts Gospel hinter Gittern (JVA Sehnde). [&hellip;]<\/p>\n","protected":false},"author":50,"featured_media":0,"parent":0,"menu_order":0,"comment_status":"closed","ping_status":"closed","template":"page-templates\/page-sidebar-none.php","meta":{"_acf_changed":false,"footnotes":""},"class_list":["post-8396","page","type-page","status-publish","hentry"],"acf":[],"yoast_head":"<!-- This site is optimized with the Yoast SEO plugin v27.4 - https:\/\/yoast.com\/product\/yoast-seo-wordpress\/ -->\n<title>Gospelworkshops mit JAN MEYER<\/title>\n<meta name=\"description\" content=\"Hol dir direkt aus der Gospelkirche Hannover den sympathischen Experten f\u00fcr gottesdienstliche und konzertante Gospelmusik in deinen Chor!\" \/>\n<meta name=\"robots\" content=\"index, follow, max-snippet:-1, max-image-preview:large, max-video-preview:-1\" \/>\n<link rel=\"canonical\" href=\"https:\/\/www.zebemusic.com\/de\/gospelworkshops-jan-meyer\/\" \/>\n<meta property=\"og:locale\" content=\"de_DE\" \/>\n<meta property=\"og:type\" content=\"article\" \/>\n<meta property=\"og:title\" content=\"Gospelworkshops mit JAN MEYER\" \/>\n<meta property=\"og:description\" content=\"Hol dir direkt aus der Gospelkirche Hannover den sympathischen Experten f\u00fcr gottesdienstliche und konzertante Gospelmusik in deinen Chor!\" \/>\n<meta property=\"og:url\" content=\"https:\/\/www.zebemusic.com\/de\/gospelworkshops-jan-meyer\/\" \/>\n<meta property=\"og:site_name\" content=\"ZebeMusic\" \/>\n<meta property=\"article:publisher\" content=\"https:\/\/www.facebook.com\/zebemusic\" \/>\n<meta property=\"article:modified_time\" content=\"2023-11-10T05:20:50+00:00\" \/>\n<meta property=\"og:image\" content=\"https:\/\/zebemusic.com\/wp-content\/uploads\/2019\/01\/Meyer.jpg\" \/>\n<meta name=\"twitter:card\" content=\"summary_large_image\" \/>\n<meta name=\"twitter:label1\" content=\"Est. reading time\" \/>\n\t<meta name=\"twitter:data1\" content=\"1 minute\" \/>\n<script type=\"application\/ld+json\" class=\"yoast-schema-graph\">{\"@context\":\"https:\\\/\\\/schema.org\",\"@graph\":[{\"@type\":\"WebPage\",\"@id\":\"https:\\\/\\\/www.zebemusic.com\\\/de\\\/gospelworkshops-jan-meyer\\\/\",\"url\":\"https:\\\/\\\/www.zebemusic.com\\\/de\\\/gospelworkshops-jan-meyer\\\/\",\"name\":\"Gospelworkshops mit JAN MEYER\",\"isPartOf\":{\"@id\":\"https:\\\/\\\/www.zebemusic.com\\\/de\\\/#website\"},\"primaryImageOfPage\":{\"@id\":\"https:\\\/\\\/www.zebemusic.com\\\/de\\\/gospelworkshops-jan-meyer\\\/#primaryimage\"},\"image\":{\"@id\":\"https:\\\/\\\/www.zebemusic.com\\\/de\\\/gospelworkshops-jan-meyer\\\/#primaryimage\"},\"thumbnailUrl\":\"https:\\\/\\\/zebemusic.com\\\/wp-content\\\/uploads\\\/2019\\\/01\\\/Meyer.jpg\",\"datePublished\":\"2019-01-05T16:21:43+00:00\",\"dateModified\":\"2023-11-10T05:20:50+00:00\",\"description\":\"Hol dir direkt aus der Gospelkirche Hannover den sympathischen Experten f\u00fcr gottesdienstliche und konzertante Gospelmusik in deinen Chor!\",\"inLanguage\":\"de-DE\",\"potentialAction\":[{\"@type\":\"ReadAction\",\"target\":[\"https:\\\/\\\/www.zebemusic.com\\\/de\\\/gospelworkshops-jan-meyer\\\/\"]}]},{\"@type\":\"ImageObject\",\"inLanguage\":\"de-DE\",\"@id\":\"https:\\\/\\\/www.zebemusic.com\\\/de\\\/gospelworkshops-jan-meyer\\\/#primaryimage\",\"url\":\"https:\\\/\\\/zebemusic.com\\\/wp-content\\\/uploads\\\/2019\\\/01\\\/Meyer.jpg\",\"contentUrl\":\"https:\\\/\\\/zebemusic.com\\\/wp-content\\\/uploads\\\/2019\\\/01\\\/Meyer.jpg\"},{\"@type\":\"WebSite\",\"@id\":\"https:\\\/\\\/www.zebemusic.com\\\/de\\\/#website\",\"url\":\"https:\\\/\\\/www.zebemusic.com\\\/de\\\/\",\"name\":\"ZebeMusic\",\"description\":\"makes you sing.\",\"publisher\":{\"@id\":\"https:\\\/\\\/www.zebemusic.com\\\/de\\\/#organization\"},\"alternateName\":\"Gospelnoten & Kindermusicals\",\"potentialAction\":[{\"@type\":\"SearchAction\",\"target\":{\"@type\":\"EntryPoint\",\"urlTemplate\":\"https:\\\/\\\/www.zebemusic.com\\\/de\\\/?s={search_term_string}\"},\"query-input\":{\"@type\":\"PropertyValueSpecification\",\"valueRequired\":true,\"valueName\":\"search_term_string\"}}],\"inLanguage\":\"de-DE\"},{\"@type\":\"Organization\",\"@id\":\"https:\\\/\\\/www.zebemusic.com\\\/de\\\/#organization\",\"name\":\"ZebeMusic\",\"url\":\"https:\\\/\\\/www.zebemusic.com\\\/de\\\/\",\"logo\":{\"@type\":\"ImageObject\",\"inLanguage\":\"de-DE\",\"@id\":\"https:\\\/\\\/www.zebemusic.com\\\/de\\\/#\\\/schema\\\/logo\\\/image\\\/\",\"url\":\"https:\\\/\\\/www.zebemusic.com\\\/wp-content\\\/uploads\\\/2025\\\/10\\\/ZEBE-Logo_ZW-makesyousing.jpg\",\"contentUrl\":\"https:\\\/\\\/www.zebemusic.com\\\/wp-content\\\/uploads\\\/2025\\\/10\\\/ZEBE-Logo_ZW-makesyousing.jpg\",\"width\":2212,\"height\":958,\"caption\":\"ZebeMusic\"},\"image\":{\"@id\":\"https:\\\/\\\/www.zebemusic.com\\\/de\\\/#\\\/schema\\\/logo\\\/image\\\/\"},\"sameAs\":[\"https:\\\/\\\/www.facebook.com\\\/zebemusic\",\"https:\\\/\\\/www.instagram.com\\\/zebemusic\",\"https:\\\/\\\/www.youtube.com\\\/zebemusicberlin\"]}]}<\/script>\n<!-- \/ Yoast SEO plugin. -->","yoast_head_json":{"title":"Gospelworkshops mit JAN MEYER","description":"Hol dir direkt aus der Gospelkirche Hannover den sympathischen Experten f\u00fcr gottesdienstliche und konzertante Gospelmusik in deinen Chor!","robots":{"index":"index","follow":"follow","max-snippet":"max-snippet:-1","max-image-preview":"max-image-preview:large","max-video-preview":"max-video-preview:-1"},"canonical":"https:\/\/www.zebemusic.com\/de\/gospelworkshops-jan-meyer\/","og_locale":"de_DE","og_type":"article","og_title":"Gospelworkshops mit JAN MEYER","og_description":"Hol dir direkt aus der Gospelkirche Hannover den sympathischen Experten f\u00fcr gottesdienstliche und konzertante Gospelmusik in deinen Chor!","og_url":"https:\/\/www.zebemusic.com\/de\/gospelworkshops-jan-meyer\/","og_site_name":"ZebeMusic","article_publisher":"https:\/\/www.facebook.com\/zebemusic","article_modified_time":"2023-11-10T05:20:50+00:00","og_image":[{"url":"https:\/\/zebemusic.com\/wp-content\/uploads\/2019\/01\/Meyer.jpg","type":"","width":"","height":""}],"twitter_card":"summary_large_image","twitter_misc":{"Est. reading time":"1 minute"},"schema":{"@context":"https:\/\/schema.org","@graph":[{"@type":"WebPage","@id":"https:\/\/www.zebemusic.com\/de\/gospelworkshops-jan-meyer\/","url":"https:\/\/www.zebemusic.com\/de\/gospelworkshops-jan-meyer\/","name":"Gospelworkshops mit JAN MEYER","isPartOf":{"@id":"https:\/\/www.zebemusic.com\/de\/#website"},"primaryImageOfPage":{"@id":"https:\/\/www.zebemusic.com\/de\/gospelworkshops-jan-meyer\/#primaryimage"},"image":{"@id":"https:\/\/www.zebemusic.com\/de\/gospelworkshops-jan-meyer\/#primaryimage"},"thumbnailUrl":"https:\/\/zebemusic.com\/wp-content\/uploads\/2019\/01\/Meyer.jpg","datePublished":"2019-01-05T16:21:43+00:00","dateModified":"2023-11-10T05:20:50+00:00","description":"Hol dir direkt aus der Gospelkirche Hannover den sympathischen Experten f\u00fcr gottesdienstliche und konzertante Gospelmusik in deinen Chor!","inLanguage":"de-DE","potentialAction":[{"@type":"ReadAction","target":["https:\/\/www.zebemusic.com\/de\/gospelworkshops-jan-meyer\/"]}]},{"@type":"ImageObject","inLanguage":"de-DE","@id":"https:\/\/www.zebemusic.com\/de\/gospelworkshops-jan-meyer\/#primaryimage","url":"https:\/\/zebemusic.com\/wp-content\/uploads\/2019\/01\/Meyer.jpg","contentUrl":"https:\/\/zebemusic.com\/wp-content\/uploads\/2019\/01\/Meyer.jpg"},{"@type":"WebSite","@id":"https:\/\/www.zebemusic.com\/de\/#website","url":"https:\/\/www.zebemusic.com\/de\/","name":"ZebeMusic","description":"makes you sing.","publisher":{"@id":"https:\/\/www.zebemusic.com\/de\/#organization"},"alternateName":"Gospelnoten & Kindermusicals","potentialAction":[{"@type":"SearchAction","target":{"@type":"EntryPoint","urlTemplate":"https:\/\/www.zebemusic.com\/de\/?s={search_term_string}"},"query-input":{"@type":"PropertyValueSpecification","valueRequired":true,"valueName":"search_term_string"}}],"inLanguage":"de-DE"},{"@type":"Organization","@id":"https:\/\/www.zebemusic.com\/de\/#organization","name":"ZebeMusic","url":"https:\/\/www.zebemusic.com\/de\/","logo":{"@type":"ImageObject","inLanguage":"de-DE","@id":"https:\/\/www.zebemusic.com\/de\/#\/schema\/logo\/image\/","url":"https:\/\/www.zebemusic.com\/wp-content\/uploads\/2025\/10\/ZEBE-Logo_ZW-makesyousing.jpg","contentUrl":"https:\/\/www.zebemusic.com\/wp-content\/uploads\/2025\/10\/ZEBE-Logo_ZW-makesyousing.jpg","width":2212,"height":958,"caption":"ZebeMusic"},"image":{"@id":"https:\/\/www.zebemusic.com\/de\/#\/schema\/logo\/image\/"},"sameAs":["https:\/\/www.facebook.com\/zebemusic","https:\/\/www.instagram.com\/zebemusic","https:\/\/www.youtube.com\/zebemusicberlin"]}]}},"_links":{"self":[{"href":"https:\/\/www.zebemusic.com\/de\/wp-json\/wp\/v2\/pages\/8396","targetHints":{"allow":["GET"]}}],"collection":[{"href":"https:\/\/www.zebemusic.com\/de\/wp-json\/wp\/v2\/pages"}],"about":[{"href":"https:\/\/www.zebemusic.com\/de\/wp-json\/wp\/v2\/types\/page"}],"author":[{"embeddable":true,"href":"https:\/\/www.zebemusic.com\/de\/wp-json\/wp\/v2\/users\/50"}],"replies":[{"embeddable":true,"href":"https:\/\/www.zebemusic.com\/de\/wp-json\/wp\/v2\/comments?post=8396"}],"version-history":[{"count":13,"href":"https:\/\/www.zebemusic.com\/de\/wp-json\/wp\/v2\/pages\/8396\/revisions"}],"predecessor-version":[{"id":17518,"href":"https:\/\/www.zebemusic.com\/de\/wp-json\/wp\/v2\/pages\/8396\/revisions\/17518"}],"wp:attachment":[{"href":"https:\/\/www.zebemusic.com\/de\/wp-json\/wp\/v2\/media?parent=8396"}],"curies":[{"name":"wp","href":"https:\/\/api.w.org\/{rel}","templated":true}]}}