{"id":8688,"date":"2019-03-06T23:47:28","date_gmt":"2019-03-06T21:47:28","guid":{"rendered":"https:\/\/www.zebemusic.com\/?page_id=8688"},"modified":"2024-02-27T06:54:35","modified_gmt":"2024-02-27T05:54:35","slug":"meldung","status":"publish","type":"page","link":"https:\/\/www.zebemusic.com\/de\/meldung\/","title":{"rendered":"Meldung einer Auff\u00fchrung"},"content":{"rendered":"\r\n<h4 class=\"wp-block-heading\">\u00a0\u00a0\u00a0\u00a0 \n<div class=\"wpcf7 no-js\" id=\"wpcf7-f22076-o1\" lang=\"en-US\" dir=\"ltr\" data-wpcf7-id=\"22076\">\n<div class=\"screen-reader-response\"><p role=\"status\" aria-live=\"polite\" aria-atomic=\"true\"><\/p> <ul><\/ul><\/div>\n<form action=\"\/de\/wp-json\/wp\/v2\/pages\/8688#wpcf7-f22076-o1\" method=\"post\" class=\"wpcf7-form init\" aria-label=\"Contact form\" novalidate=\"novalidate\" data-status=\"init\">\n<fieldset class=\"hidden-fields-container\"><input type=\"hidden\" name=\"_wpcf7\" value=\"22076\" \/><input type=\"hidden\" name=\"_wpcf7_version\" value=\"6.1.5\" \/><input type=\"hidden\" name=\"_wpcf7_locale\" value=\"en_US\" \/><input type=\"hidden\" name=\"_wpcf7_unit_tag\" value=\"wpcf7-f22076-o1\" \/><input type=\"hidden\" name=\"_wpcf7_container_post\" value=\"0\" \/><input type=\"hidden\" name=\"_wpcf7_posted_data_hash\" value=\"\" \/><input type=\"hidden\" name=\"_wpcf7_recaptcha_response\" value=\"\" \/>\n<\/fieldset>\n<p><b>Angaben zum Werk<\/b>\n<\/p>\n<p><label> Werktitel<br \/>\n<span class=\"wpcf7-form-control-wrap\" data-name=\"werk\"><input size=\"40\" maxlength=\"400\" class=\"wpcf7-form-control wpcf7-text\" aria-invalid=\"false\" value=\"\" type=\"text\" name=\"werk\" \/><\/span> <\/label>\n<\/p>\n<p><label> Komponist*in<br \/>\n<span class=\"wpcf7-form-control-wrap\" data-name=\"komponist\"><input size=\"40\" maxlength=\"400\" class=\"wpcf7-form-control wpcf7-text\" aria-invalid=\"false\" value=\"\" type=\"text\" name=\"komponist\" \/><\/span> <\/label>\n<\/p>\n<p><b>Angaben zum Veranstalter<\/b>\n<\/p>\n<p><label> Name \/ Institution<br \/>\n<span class=\"wpcf7-form-control-wrap\" data-name=\"veranstalter\"><input size=\"40\" maxlength=\"400\" class=\"wpcf7-form-control wpcf7-text\" aria-invalid=\"false\" value=\"\" type=\"text\" name=\"veranstalter\" \/><\/span> <\/label>\n<\/p>\n<p><label> Zusatz \/ zu H\u00e4nden von<br \/>\n<span class=\"wpcf7-form-control-wrap\" data-name=\"kontakt\"><input size=\"40\" maxlength=\"400\" class=\"wpcf7-form-control wpcf7-text\" aria-invalid=\"false\" value=\"\" type=\"text\" name=\"kontakt\" \/><\/span> <\/label>\n<\/p>\n<p><label> Stra\u00dfe, Hausnummer<br \/>\n<span class=\"wpcf7-form-control-wrap\" data-name=\"strasse\"><input size=\"40\" maxlength=\"400\" class=\"wpcf7-form-control wpcf7-text\" aria-invalid=\"false\" value=\"\" type=\"text\" name=\"strasse\" \/><\/span> <\/label>\n<\/p>\n<p><label> PLZ Ort<br \/>\n<span class=\"wpcf7-form-control-wrap\" data-name=\"ort\"><input size=\"40\" maxlength=\"400\" class=\"wpcf7-form-control wpcf7-text\" aria-invalid=\"false\" value=\"\" type=\"text\" name=\"ort\" \/><\/span> <\/label>\n<\/p>\n<p><label> Land<br \/>\n<span class=\"wpcf7-form-control-wrap\" data-name=\"land\"><input size=\"40\" maxlength=\"400\" class=\"wpcf7-form-control wpcf7-text\" aria-invalid=\"false\" value=\"\" type=\"text\" name=\"land\" \/><\/span> <\/label>\n<\/p>\n<p><label> Email<br \/>\n<span class=\"wpcf7-form-control-wrap\" data-name=\"your-email\"><input size=\"40\" maxlength=\"400\" class=\"wpcf7-form-control wpcf7-email wpcf7-validates-as-required wpcf7-text wpcf7-validates-as-email\" autocomplete=\"email\" aria-required=\"true\" aria-invalid=\"false\" value=\"\" type=\"email\" name=\"your-email\" \/><\/span> <\/label>\n<\/p>\n<p><label> Telefon f\u00fcr R\u00fcckfragen<br \/>\n<span class=\"wpcf7-form-control-wrap\" data-name=\"telefon\"><input size=\"40\" maxlength=\"400\" class=\"wpcf7-form-control wpcf7-text\" aria-invalid=\"false\" value=\"\" type=\"text\" name=\"telefon\" \/><\/span> <\/label>\n<\/p>\n<p><b>Angaben zu Auff\u00fchrung 1<\/b>\n<\/p>\n<p><label> Datum<br \/>\n<span class=\"wpcf7-form-control-wrap\" data-name=\"text01\"><input size=\"40\" maxlength=\"400\" class=\"wpcf7-form-control wpcf7-text\" aria-invalid=\"false\" value=\"\" type=\"text\" name=\"text01\" \/><\/span> <\/label>\n<\/p>\n<p><label> Auff\u00fchrungsort<br \/>\n<span class=\"wpcf7-form-control-wrap\" data-name=\"text02\"><input size=\"40\" maxlength=\"400\" class=\"wpcf7-form-control wpcf7-text\" aria-invalid=\"false\" value=\"\" type=\"text\" name=\"text02\" \/><\/span> <\/label>\n<\/p>\n<p><label> Stra\u00dfe, Hausnummer<br \/>\n<span class=\"wpcf7-form-control-wrap\" data-name=\"text03\"><input size=\"40\" maxlength=\"400\" class=\"wpcf7-form-control wpcf7-text\" aria-invalid=\"false\" value=\"\" type=\"text\" name=\"text03\" \/><\/span> <\/label>\n<\/p>\n<p><label> PLZ Ort<br \/>\n<span class=\"wpcf7-form-control-wrap\" data-name=\"text04\"><input size=\"40\" maxlength=\"400\" class=\"wpcf7-form-control wpcf7-text\" aria-invalid=\"false\" value=\"\" type=\"text\" name=\"text04\" \/><\/span> <\/label>\n<\/p>\n<p><label> Anzahl der Sitzpl\u00e4tze<br \/>\n<span class=\"wpcf7-form-control-wrap\" data-name=\"text05\"><input size=\"40\" maxlength=\"400\" class=\"wpcf7-form-control wpcf7-text\" aria-invalid=\"false\" value=\"\" type=\"text\" name=\"text05\" \/><\/span> <\/label>\n<\/p>\n<p><label> H\u00f6he des Eintrittsgeldes<br \/>\n<span class=\"wpcf7-form-control-wrap\" data-name=\"text06\"><input size=\"40\" maxlength=\"400\" class=\"wpcf7-form-control wpcf7-text\" aria-invalid=\"false\" value=\"\" type=\"text\" name=\"text06\" \/><\/span> <\/label>\n<\/p>\n<p><b>Angaben zu Auff\u00fchrung 2<\/b>\n<\/p>\n<p><label> Datum<br \/>\n<span class=\"wpcf7-form-control-wrap\" data-name=\"text07\"><input size=\"40\" maxlength=\"400\" class=\"wpcf7-form-control wpcf7-text\" aria-invalid=\"false\" value=\"\" type=\"text\" name=\"text07\" \/><\/span> <\/label>\n<\/p>\n<p><label> Auff\u00fchrungsort<br \/>\n<span class=\"wpcf7-form-control-wrap\" data-name=\"text08\"><input size=\"40\" maxlength=\"400\" class=\"wpcf7-form-control wpcf7-text\" aria-invalid=\"false\" value=\"\" type=\"text\" name=\"text08\" \/><\/span> <\/label>\n<\/p>\n<p><label> Stra\u00dfe, Hausnummer<br \/>\n<span class=\"wpcf7-form-control-wrap\" data-name=\"text09\"><input size=\"40\" maxlength=\"400\" class=\"wpcf7-form-control wpcf7-text\" aria-invalid=\"false\" value=\"\" type=\"text\" name=\"text09\" \/><\/span> <\/label>\n<\/p>\n<p><label> PLZ Ort<br \/>\n<span class=\"wpcf7-form-control-wrap\" data-name=\"text10\"><input size=\"40\" maxlength=\"400\" class=\"wpcf7-form-control wpcf7-text\" aria-invalid=\"false\" value=\"\" type=\"text\" name=\"text10\" \/><\/span> <\/label>\n<\/p>\n<p><label> Anzahl der Sitzpl\u00e4tze<br \/>\n<span class=\"wpcf7-form-control-wrap\" data-name=\"text11\"><input size=\"40\" maxlength=\"400\" class=\"wpcf7-form-control wpcf7-text\" aria-invalid=\"false\" value=\"\" type=\"text\" name=\"text11\" \/><\/span> <\/label>\n<\/p>\n<p><label> H\u00f6he des Eintrittsgeldes<br \/>\n<span class=\"wpcf7-form-control-wrap\" data-name=\"text12\"><input size=\"40\" maxlength=\"400\" class=\"wpcf7-form-control wpcf7-text\" aria-invalid=\"false\" value=\"\" type=\"text\" name=\"text12\" \/><\/span> <\/label>\n<\/p>\n<p><b>Angaben zu Auff\u00fchrung 3<\/b>\n<\/p>\n<p><label> Datum<br \/>\n<span class=\"wpcf7-form-control-wrap\" data-name=\"text13\"><input size=\"40\" maxlength=\"400\" class=\"wpcf7-form-control wpcf7-text\" aria-invalid=\"false\" value=\"\" type=\"text\" name=\"text13\" \/><\/span> <\/label>\n<\/p>\n<p><label> Auff\u00fchrungsort<br \/>\n<span class=\"wpcf7-form-control-wrap\" data-name=\"text14\"><input size=\"40\" maxlength=\"400\" class=\"wpcf7-form-control wpcf7-text\" aria-invalid=\"false\" value=\"\" type=\"text\" name=\"text14\" \/><\/span> <\/label>\n<\/p>\n<p><label> Stra\u00dfe, Hausnummer<br \/>\n<span class=\"wpcf7-form-control-wrap\" data-name=\"text15\"><input size=\"40\" maxlength=\"400\" class=\"wpcf7-form-control wpcf7-text\" aria-invalid=\"false\" value=\"\" type=\"text\" name=\"text15\" \/><\/span> <\/label>\n<\/p>\n<p><label> PLZ Ort<br \/>\n<span class=\"wpcf7-form-control-wrap\" data-name=\"text16\"><input size=\"40\" maxlength=\"400\" class=\"wpcf7-form-control wpcf7-text\" aria-invalid=\"false\" value=\"\" type=\"text\" name=\"text16\" \/><\/span> <\/label>\n<\/p>\n<p><label> Anzahl der Sitzpl\u00e4tze<br \/>\n<span class=\"wpcf7-form-control-wrap\" data-name=\"text17\"><input size=\"40\" maxlength=\"400\" class=\"wpcf7-form-control wpcf7-text\" aria-invalid=\"false\" value=\"\" type=\"text\" name=\"text17\" \/><\/span> <\/label>\n<\/p>\n<p><label> H\u00f6he des Eintrittsgeldes<br \/>\n<span class=\"wpcf7-form-control-wrap\" data-name=\"text18\"><input size=\"40\" maxlength=\"400\" class=\"wpcf7-form-control wpcf7-text\" aria-invalid=\"false\" value=\"\" type=\"text\" name=\"text18\" \/><\/span> <\/label>\n<\/p>\n<p><b>Absender<\/b>\n<\/p>\n<p><label> Vorname und Name der meldenden Person<br \/>\n<span class=\"wpcf7-form-control-wrap\" data-name=\"absender\"><input size=\"40\" maxlength=\"400\" class=\"wpcf7-form-control wpcf7-text\" aria-invalid=\"false\" value=\"\" type=\"text\" name=\"absender\" \/><\/span> <\/label>\n<\/p>\n<p><label> Anmerkungen<br \/>\n<span class=\"wpcf7-form-control-wrap\" data-name=\"your-message\"><textarea cols=\"40\" rows=\"10\" maxlength=\"2000\" class=\"wpcf7-form-control wpcf7-textarea\" aria-invalid=\"false\" name=\"your-message\"><\/textarea><\/span> <\/label>\n<\/p>\n<p><input class=\"wpcf7-form-control wpcf7-submit has-spinner\" type=\"submit\" value=\"Abschicken\" \/>\n<\/p><div class=\"wpcf7-response-output\" aria-hidden=\"true\"><\/div>\n<\/form>\n<\/div>\n<br \/><br \/><\/h4>\r\n\r\n\r\n\r\n<p>Das Recht zur b\u00fchnenm\u00e4\u00dfigen Auff\u00fchrung erteilt ausschlie\u00dflich Zebe Publishing. Es werden Tantiemen f\u00e4llig. Nicht angemeldete Auff\u00fchrungen versto\u00dfen gegen das Urheberrecht und werden straf- und privatrechtlich verfolgt. Keine unerlaubte Auff\u00fchrung, Vervielf\u00e4ltigung, Aufnahme, Verleih! G\u00fcltig auch f\u00fcr Wohlt\u00e4tigkeitsveranstaltungen und Auff\u00fchrungen in geschlossenen Kreisen ohne Einnahmen.<\/p>\r\n\r\n\r\n\r\n<p>&nbsp;<\/p>\r\n","protected":false},"excerpt":{"rendered":"<p>\u00a0\u00a0\u00a0\u00a0 Das Recht zur b\u00fchnenm\u00e4\u00dfigen Auff\u00fchrung erteilt ausschlie\u00dflich Zebe Publishing. Es werden Tantiemen f\u00e4llig. Nicht angemeldete Auff\u00fchrungen versto\u00dfen gegen das Urheberrecht und werden straf- und privatrechtlich verfolgt. Keine unerlaubte Auff\u00fchrung, Vervielf\u00e4ltigung, Aufnahme, Verleih! G\u00fcltig auch f\u00fcr Wohlt\u00e4tigkeitsveranstaltungen und Auff\u00fchrungen in geschlossenen Kreisen ohne Einnahmen. &nbsp;<\/p>\n","protected":false},"author":50,"featured_media":0,"parent":0,"menu_order":0,"comment_status":"closed","ping_status":"closed","template":"page-templates\/page-sidebar-none.php","meta":{"_acf_changed":false,"footnotes":""},"class_list":["post-8688","page","type-page","status-publish","hentry"],"acf":[],"yoast_head":"<!-- This site is optimized with the Yoast SEO plugin v27.5 - https:\/\/yoast.com\/product\/yoast-seo-wordpress\/ -->\n<title>Meldung einer Auff\u00fchrung<\/title>\n<meta name=\"robots\" content=\"index, follow, max-snippet:-1, max-image-preview:large, max-video-preview:-1\" \/>\n<link rel=\"canonical\" href=\"https:\/\/www.zebemusic.com\/de\/meldung\/\" \/>\n<meta property=\"og:locale\" content=\"de_DE\" \/>\n<meta property=\"og:type\" content=\"article\" \/>\n<meta property=\"og:title\" content=\"Meldung einer Auff\u00fchrung\" \/>\n<meta property=\"og:description\" content=\"\u00a0\u00a0\u00a0\u00a0 Das Recht zur b\u00fchnenm\u00e4\u00dfigen Auff\u00fchrung erteilt ausschlie\u00dflich Zebe Publishing. Es werden Tantiemen f\u00e4llig. Nicht angemeldete Auff\u00fchrungen versto\u00dfen gegen das Urheberrecht und werden straf- und privatrechtlich verfolgt. Keine unerlaubte Auff\u00fchrung, Vervielf\u00e4ltigung, Aufnahme, Verleih! G\u00fcltig auch f\u00fcr Wohlt\u00e4tigkeitsveranstaltungen und Auff\u00fchrungen in geschlossenen Kreisen ohne Einnahmen. &nbsp;\" \/>\n<meta property=\"og:url\" content=\"https:\/\/www.zebemusic.com\/de\/meldung\/\" \/>\n<meta property=\"og:site_name\" content=\"ZebeMusic\" \/>\n<meta property=\"article:publisher\" content=\"https:\/\/www.facebook.com\/zebemusic\" \/>\n<meta property=\"article:modified_time\" content=\"2024-02-27T05:54:35+00:00\" \/>\n<meta property=\"og:image\" content=\"https:\/\/www.zebemusic.com\/wp-content\/uploads\/2025\/10\/ZEBE-Logo_ZW-makesyousing.jpg\" \/>\n\t<meta property=\"og:image:width\" content=\"2212\" \/>\n\t<meta property=\"og:image:height\" content=\"958\" \/>\n\t<meta property=\"og:image:type\" content=\"image\/jpeg\" \/>\n<meta name=\"twitter:card\" content=\"summary_large_image\" \/>\n<script type=\"application\/ld+json\" class=\"yoast-schema-graph\">{\"@context\":\"https:\\\/\\\/schema.org\",\"@graph\":[{\"@type\":\"WebPage\",\"@id\":\"https:\\\/\\\/www.zebemusic.com\\\/de\\\/meldung\\\/\",\"url\":\"https:\\\/\\\/www.zebemusic.com\\\/de\\\/meldung\\\/\",\"name\":\"Meldung einer Auff\u00fchrung\",\"isPartOf\":{\"@id\":\"https:\\\/\\\/www.zebemusic.com\\\/de\\\/#website\"},\"datePublished\":\"2019-03-06T21:47:28+00:00\",\"dateModified\":\"2024-02-27T05:54:35+00:00\",\"inLanguage\":\"de-DE\",\"potentialAction\":[{\"@type\":\"ReadAction\",\"target\":[\"https:\\\/\\\/www.zebemusic.com\\\/de\\\/meldung\\\/\"]}]},{\"@type\":\"WebSite\",\"@id\":\"https:\\\/\\\/www.zebemusic.com\\\/de\\\/#website\",\"url\":\"https:\\\/\\\/www.zebemusic.com\\\/de\\\/\",\"name\":\"ZebeMusic\",\"description\":\"makes you sing.\",\"publisher\":{\"@id\":\"https:\\\/\\\/www.zebemusic.com\\\/de\\\/#organization\"},\"alternateName\":\"Gospelnoten & Kindermusicals\",\"potentialAction\":[{\"@type\":\"SearchAction\",\"target\":{\"@type\":\"EntryPoint\",\"urlTemplate\":\"https:\\\/\\\/www.zebemusic.com\\\/de\\\/?s={search_term_string}\"},\"query-input\":{\"@type\":\"PropertyValueSpecification\",\"valueRequired\":true,\"valueName\":\"search_term_string\"}}],\"inLanguage\":\"de-DE\"},{\"@type\":\"Organization\",\"@id\":\"https:\\\/\\\/www.zebemusic.com\\\/de\\\/#organization\",\"name\":\"ZebeMusic\",\"url\":\"https:\\\/\\\/www.zebemusic.com\\\/de\\\/\",\"logo\":{\"@type\":\"ImageObject\",\"inLanguage\":\"de-DE\",\"@id\":\"https:\\\/\\\/www.zebemusic.com\\\/de\\\/#\\\/schema\\\/logo\\\/image\\\/\",\"url\":\"https:\\\/\\\/www.zebemusic.com\\\/wp-content\\\/uploads\\\/2025\\\/10\\\/ZEBE-Logo_ZW-makesyousing.jpg\",\"contentUrl\":\"https:\\\/\\\/www.zebemusic.com\\\/wp-content\\\/uploads\\\/2025\\\/10\\\/ZEBE-Logo_ZW-makesyousing.jpg\",\"width\":2212,\"height\":958,\"caption\":\"ZebeMusic\"},\"image\":{\"@id\":\"https:\\\/\\\/www.zebemusic.com\\\/de\\\/#\\\/schema\\\/logo\\\/image\\\/\"},\"sameAs\":[\"https:\\\/\\\/www.facebook.com\\\/zebemusic\",\"https:\\\/\\\/www.instagram.com\\\/zebemusic\",\"https:\\\/\\\/www.youtube.com\\\/zebemusicberlin\"]}]}<\/script>\n<!-- \/ Yoast SEO plugin. -->","yoast_head_json":{"title":"Meldung einer Auff\u00fchrung","robots":{"index":"index","follow":"follow","max-snippet":"max-snippet:-1","max-image-preview":"max-image-preview:large","max-video-preview":"max-video-preview:-1"},"canonical":"https:\/\/www.zebemusic.com\/de\/meldung\/","og_locale":"de_DE","og_type":"article","og_title":"Meldung einer Auff\u00fchrung","og_description":"\u00a0\u00a0\u00a0\u00a0 Das Recht zur b\u00fchnenm\u00e4\u00dfigen Auff\u00fchrung erteilt ausschlie\u00dflich Zebe Publishing. Es werden Tantiemen f\u00e4llig. Nicht angemeldete Auff\u00fchrungen versto\u00dfen gegen das Urheberrecht und werden straf- und privatrechtlich verfolgt. Keine unerlaubte Auff\u00fchrung, Vervielf\u00e4ltigung, Aufnahme, Verleih! G\u00fcltig auch f\u00fcr Wohlt\u00e4tigkeitsveranstaltungen und Auff\u00fchrungen in geschlossenen Kreisen ohne Einnahmen. &nbsp;","og_url":"https:\/\/www.zebemusic.com\/de\/meldung\/","og_site_name":"ZebeMusic","article_publisher":"https:\/\/www.facebook.com\/zebemusic","article_modified_time":"2024-02-27T05:54:35+00:00","og_image":[{"width":2212,"height":958,"url":"https:\/\/www.zebemusic.com\/wp-content\/uploads\/2025\/10\/ZEBE-Logo_ZW-makesyousing.jpg","type":"image\/jpeg"}],"twitter_card":"summary_large_image","schema":{"@context":"https:\/\/schema.org","@graph":[{"@type":"WebPage","@id":"https:\/\/www.zebemusic.com\/de\/meldung\/","url":"https:\/\/www.zebemusic.com\/de\/meldung\/","name":"Meldung einer Auff\u00fchrung","isPartOf":{"@id":"https:\/\/www.zebemusic.com\/de\/#website"},"datePublished":"2019-03-06T21:47:28+00:00","dateModified":"2024-02-27T05:54:35+00:00","inLanguage":"de-DE","potentialAction":[{"@type":"ReadAction","target":["https:\/\/www.zebemusic.com\/de\/meldung\/"]}]},{"@type":"WebSite","@id":"https:\/\/www.zebemusic.com\/de\/#website","url":"https:\/\/www.zebemusic.com\/de\/","name":"ZebeMusic","description":"makes you sing.","publisher":{"@id":"https:\/\/www.zebemusic.com\/de\/#organization"},"alternateName":"Gospelnoten & Kindermusicals","potentialAction":[{"@type":"SearchAction","target":{"@type":"EntryPoint","urlTemplate":"https:\/\/www.zebemusic.com\/de\/?s={search_term_string}"},"query-input":{"@type":"PropertyValueSpecification","valueRequired":true,"valueName":"search_term_string"}}],"inLanguage":"de-DE"},{"@type":"Organization","@id":"https:\/\/www.zebemusic.com\/de\/#organization","name":"ZebeMusic","url":"https:\/\/www.zebemusic.com\/de\/","logo":{"@type":"ImageObject","inLanguage":"de-DE","@id":"https:\/\/www.zebemusic.com\/de\/#\/schema\/logo\/image\/","url":"https:\/\/www.zebemusic.com\/wp-content\/uploads\/2025\/10\/ZEBE-Logo_ZW-makesyousing.jpg","contentUrl":"https:\/\/www.zebemusic.com\/wp-content\/uploads\/2025\/10\/ZEBE-Logo_ZW-makesyousing.jpg","width":2212,"height":958,"caption":"ZebeMusic"},"image":{"@id":"https:\/\/www.zebemusic.com\/de\/#\/schema\/logo\/image\/"},"sameAs":["https:\/\/www.facebook.com\/zebemusic","https:\/\/www.instagram.com\/zebemusic","https:\/\/www.youtube.com\/zebemusicberlin"]}]}},"_links":{"self":[{"href":"https:\/\/www.zebemusic.com\/de\/wp-json\/wp\/v2\/pages\/8688","targetHints":{"allow":["GET"]}}],"collection":[{"href":"https:\/\/www.zebemusic.com\/de\/wp-json\/wp\/v2\/pages"}],"about":[{"href":"https:\/\/www.zebemusic.com\/de\/wp-json\/wp\/v2\/types\/page"}],"author":[{"embeddable":true,"href":"https:\/\/www.zebemusic.com\/de\/wp-json\/wp\/v2\/users\/50"}],"replies":[{"embeddable":true,"href":"https:\/\/www.zebemusic.com\/de\/wp-json\/wp\/v2\/comments?post=8688"}],"version-history":[{"count":8,"href":"https:\/\/www.zebemusic.com\/de\/wp-json\/wp\/v2\/pages\/8688\/revisions"}],"predecessor-version":[{"id":22091,"href":"https:\/\/www.zebemusic.com\/de\/wp-json\/wp\/v2\/pages\/8688\/revisions\/22091"}],"wp:attachment":[{"href":"https:\/\/www.zebemusic.com\/de\/wp-json\/wp\/v2\/media?parent=8688"}],"curies":[{"name":"wp","href":"https:\/\/api.w.org\/{rel}","templated":true}]}}