{"id":11267,"date":"2019-09-19T10:37:37","date_gmt":"2019-09-19T08:37:37","guid":{"rendered":"https:\/\/www.zebemusic.com\/?post_type=product&#038;p=11267"},"modified":"2026-03-17T12:04:49","modified_gmt":"2026-03-17T11:04:49","slug":"distelkinder","status":"publish","type":"product","link":"https:\/\/www.zebemusic.com\/de\/product\/distelkinder\/","title":{"rendered":"Distelkinder"},"content":{"rendered":"","protected":false},"excerpt":{"rendered":"<h4><span style=\"color: #993300;\">Johann Hinrich Wichern, Amanda B\u00f6hme und die Stra\u00dfenkinder von Hamburg &#8211; <\/span><br \/>\n<span style=\"color: #993300;\">Ein Musical \u00fcber gelebte N\u00e4chstenliebe.<\/span><\/h4>\n<p>&nbsp;<\/p>\n<p>Hamburg, 1832: Die beiden M\u00e4dchen Lotte und Marie k\u00f6nnen nicht zur Schule gehen, weil sie arbeiten und Geld verdienen m\u00fcssen. Sie haben es nicht leicht, aber richtig schwierig wird es, als auch noch Lottes Pflegemutter verschwindet. Wer kann ihnen helfen? Vielleicht Amanda B\u00f6hme, die nette Lehrerin von der Sonntagsschule oder der junge Herr Wichern, der ein Rettungshaus f\u00fcr Jungen gegr\u00fcndet hat?<\/p>\n<p>Die Geschichte beruht auf wahren Begebenheiten: Johann Hinrich Wichern und Amanda B\u00f6hme haben sich mit viel Energie und N\u00e4chstenliebe f\u00fcr sozial benachteiligte Kinder eingesetzt. Wichern gr\u00fcndet f\u00fcr sie in Hamburg das \u201eRauhe Haus\u201c und erfindet f\u00fcr seine Kinder den Adventskranz. Im Musical erfahren wir, wie viele Kerzen damals auf einem Wagenrad standen&#8230;<\/p>\n<p>Johann Hinrich Wichern und Amanda B\u00f6hme sind ein beeindruckendes Beispiel daf\u00fcr, wie man mit viel Engagement gro\u00dfe Dinge bewegen kann. Selbst mehr oder weniger mittellos und noch sehr jung haben sie es geschafft, eine gro\u00dfe soziale Bewegung ins Leben zu rufen, die vielen Menschen aus der Armut geholfen hat und bis heute weiterwirkt. &#8211; Was f\u00fcr eine ermutigende Geschichte!<\/p>\n<p>5 Spielszenen, 3 B\u00fchnenbilder (Gasse, Kirchen-Innenraum, Zimmer im Rauhen Haus)<br \/>\n8 Lieder f\u00fcr Solisten und Chor, 19 Rollen, davon 5 gro\u00dfe<\/p>\n<p>Alter: ab ca. 8 Jahre<\/p>\n<p>&nbsp;<\/p>\n<hr \/>\n<p id=\"postdetails\"><strong><span style=\"color: #717171;\">Komponistin:<\/span><\/strong> <span id=\"authors\"><\/span><a href=\"https:\/\/www.zebemusic.com\/de\/ueber-uns\/autoren\/henrike-thies-gebauer\/\" target=\"_blank\" rel=\"noopener noreferrer\">Henrike Thies-Gebauer<\/a><br \/>\n<strong><span style=\"color: #717171;\">Besetzung:<\/span><\/strong> ein- bis zweistimmiger Chor, Solisten, Klavier, Akkordeon (oder Keyboard), Bass, Schlagzeug, Gitarre ad lib.<br \/>\n<strong><span style=\"color: #717171;\">Dauer:<\/span><\/strong> ca. 60 min.<br \/>\n<strong><span style=\"color: #717171;\">Schwierigkeitsgrad:<\/span><\/strong> leicht<\/p>\n<p><strong><a href=\"\/wp-content\/PP\/PP2280.pdf\" target=\"_blank\" rel=\"noopener noreferrer\">Probepartitur <\/a><\/strong>&gt;&gt;&gt;<\/p>\n<p><a href=\"\/audio\/Amanda.mp3\" target=\"_blank\" rel=\"noopener noreferrer\">H\u00f6rprobe<\/a>:<\/p>\n[audio mp3=\"http:\/\/www.zebemusic.com\/wp-content\/uploads\/2019\/09\/ZEBE2280.mp3\"][\/audio]\n<p>&nbsp;<\/p>\n<hr \/>\n<p><strong>\u2022 Partitur<\/strong> (A4, 78 S., Ringbindung, Best.-Nr. ZE 2282) \u20ac 19,90<\/p>\n<p><strong>\u2022 Chorausgabe<\/strong> mit allen Liedern, Texten und Akkordsymbolen (A4, Best.-Nr. ZE 2281) \u20ac 4,95<\/p>\n<p><strong>\u2022 Package <\/strong>mit Partitur, Instrumenten und 20 Chorausgabe (Best.-Nr. ZE 2280) \u20ac 119,90<br \/>\n<del><\/del><\/p>\n<p><strong>\u2022\u00a0Demo als Download<\/strong>, \u20ac 2,99<strong><br \/>\n\u2022\u00a0Playback als Download<\/strong>, \u20ac 9,99<\/p>\n<p><strong>\u2022 Piano <\/strong>2280.01\u00a0 \u20ac 10,50<br \/>\n<strong>\u2022 Bass <\/strong>2280.03\u00a0 \u20ac 6,50<br \/>\n<strong>\u2022 Akkordeon <\/strong>2280.02\u00a0 \u20ac 6,50<br \/>\n<strong>\u2022 Drums <\/strong>2280.04\u00a0 \u20ac 10,50<\/p>\n<p><strong>\u2022 Grafik <\/strong>f\u00fcr Ihre Werbung oder das Programmheft.<br \/>\nKostenloser Download, nur genehmigt mit der <a href=\"https:\/\/zebemusic.com\/meldung\/\" target=\"_blank\" rel=\"noopener noreferrer\">Anmeldung Ihrer Auff\u00fchrung<\/a>.*<\/p>\n<p>*Hinweis: F\u00fcr die b\u00fchnenm\u00e4\u00dfige Auff\u00fchrung fallen weitere Kosten an.<\/p>\n","protected":false},"featured_media":12323,"template":"","meta":{"_acf_changed":false},"product_brand":[],"product_cat":[626,15],"product_tag":[],"class_list":{"0":"post-11267","1":"product","2":"type-product","3":"status-publish","4":"has-post-thumbnail","6":"product_cat-weihnachten","7":"product_cat-kindermusical","8":"pa_ausfuehrung-bassgitarre","9":"pa_ausfuehrung-begleit-cd","10":"pa_ausfuehrung-begleit-cd-als-mp3-download","11":"pa_ausfuehrung-chorausgabe","12":"pa_ausfuehrung-demo-cd","13":"pa_ausfuehrung-demo-cd-als-mp3-download","14":"pa_ausfuehrung-drums","15":"pa_ausfuehrung-floete","16":"pa_ausfuehrung-grafik","17":"pa_ausfuehrung-klavier","18":"pa_ausfuehrung-package","19":"pa_ausfuehrung-partitur","20":"pa_ausfuehrung-viola","21":"pa_ausfuehrung-violine","22":"pa_ausfuehrung-violoncello","23":"pa_diff-leicht","24":"pa_language-deutsch","25":"pa_occ-advent-de","26":"pa_occ-angst-und-vertrauen","27":"pa_occ-dankbarkeit","28":"pa_style-genre-pop-crossover-de","29":"pa_voicing-kinderchor","30":"pa_voicing-mit-begleitung","31":"pa_voicing-mit-solist","32":"pa_voicing-sa-de","34":"first","35":"instock","36":"taxable","37":"shipping-taxable","38":"purchasable","39":"product-type-variable","40":"has-default-attributes"},"acf":[],"yoast_head":"<!-- This site is optimized with the Yoast SEO plugin v27.5 - https:\/\/yoast.com\/product\/yoast-seo-wordpress\/ -->\n<title>Distelkinder - Das Kindermusical aus Hamburg<\/title>\n<meta name=\"description\" content=\"Alsterwasser, Akkordeon und Adventskranz - die Distelkinder kommen! Das Hamburg-Musical \u00fcber die Kids vom Rauhen Haus. Humorvoll, modern und authentisch erz\u00e4hlt. Wichern und die Diakonie in rockigen Songs und launigen Dialogen. DEMO &gt;&gt;&gt;\" \/>\n<meta name=\"robots\" content=\"index, follow, max-snippet:-1, max-image-preview:large, max-video-preview:-1\" \/>\n<link rel=\"canonical\" href=\"https:\/\/www.zebemusic.com\/de\/product\/distelkinder\/\" \/>\n<meta property=\"og:locale\" content=\"de_DE\" \/>\n<meta property=\"og:type\" content=\"article\" \/>\n<meta property=\"og:title\" content=\"Distelkinder - Das Kindermusical aus Hamburg\" \/>\n<meta property=\"og:description\" content=\"Alsterwasser, Akkordeon und Adventskranz - die Distelkinder kommen! Das Hamburg-Musical \u00fcber die Kids vom Rauhen Haus. Humorvoll, modern und authentisch erz\u00e4hlt. Wichern und die Diakonie in rockigen Songs und launigen Dialogen. DEMO &gt;&gt;&gt;\" \/>\n<meta property=\"og:url\" content=\"https:\/\/www.zebemusic.com\/de\/product\/distelkinder\/\" \/>\n<meta property=\"og:site_name\" content=\"ZebeMusic\" \/>\n<meta property=\"article:publisher\" content=\"https:\/\/www.facebook.com\/zebemusic\" \/>\n<meta property=\"article:modified_time\" content=\"2026-03-17T11:04:49+00:00\" \/>\n<meta property=\"og:image\" content=\"https:\/\/www.zebemusic.com\/wp-content\/uploads\/2019\/10\/ZEBE2280.jpg\" \/>\n\t<meta property=\"og:image:width\" content=\"356\" \/>\n\t<meta property=\"og:image:height\" content=\"500\" \/>\n\t<meta property=\"og:image:type\" content=\"image\/jpeg\" \/>\n<meta name=\"twitter:card\" content=\"summary_large_image\" \/>\n<meta name=\"twitter:label1\" content=\"Est. reading time\" \/>\n\t<meta name=\"twitter:data1\" content=\"1 minute\" \/>\n<script type=\"application\/ld+json\" class=\"yoast-schema-graph\">{\"@context\":\"https:\\\/\\\/schema.org\",\"@graph\":[{\"@type\":\"WebPage\",\"@id\":\"https:\\\/\\\/www.zebemusic.com\\\/de\\\/product\\\/distelkinder\\\/\",\"url\":\"https:\\\/\\\/www.zebemusic.com\\\/de\\\/product\\\/distelkinder\\\/\",\"name\":\"Distelkinder - Das Kindermusical aus Hamburg\",\"isPartOf\":{\"@id\":\"https:\\\/\\\/www.zebemusic.com\\\/de\\\/#website\"},\"primaryImageOfPage\":{\"@id\":\"https:\\\/\\\/www.zebemusic.com\\\/de\\\/product\\\/distelkinder\\\/#primaryimage\"},\"image\":{\"@id\":\"https:\\\/\\\/www.zebemusic.com\\\/de\\\/product\\\/distelkinder\\\/#primaryimage\"},\"thumbnailUrl\":\"https:\\\/\\\/www.zebemusic.com\\\/wp-content\\\/uploads\\\/2019\\\/10\\\/ZEBE2280.jpg\",\"datePublished\":\"2019-09-19T08:37:37+00:00\",\"dateModified\":\"2026-03-17T11:04:49+00:00\",\"description\":\"Alsterwasser, Akkordeon und Adventskranz - die Distelkinder kommen! Das Hamburg-Musical \u00fcber die Kids vom Rauhen Haus. Humorvoll, modern und authentisch erz\u00e4hlt. Wichern und die Diakonie in rockigen Songs und launigen Dialogen. DEMO >>>\",\"breadcrumb\":{\"@id\":\"https:\\\/\\\/www.zebemusic.com\\\/de\\\/product\\\/distelkinder\\\/#breadcrumb\"},\"inLanguage\":\"de-DE\",\"potentialAction\":[{\"@type\":\"ReadAction\",\"target\":[\"https:\\\/\\\/www.zebemusic.com\\\/de\\\/product\\\/distelkinder\\\/\"]}]},{\"@type\":\"ImageObject\",\"inLanguage\":\"de-DE\",\"@id\":\"https:\\\/\\\/www.zebemusic.com\\\/de\\\/product\\\/distelkinder\\\/#primaryimage\",\"url\":\"https:\\\/\\\/www.zebemusic.com\\\/wp-content\\\/uploads\\\/2019\\\/10\\\/ZEBE2280.jpg\",\"contentUrl\":\"https:\\\/\\\/www.zebemusic.com\\\/wp-content\\\/uploads\\\/2019\\\/10\\\/ZEBE2280.jpg\",\"width\":356,\"height\":500},{\"@type\":\"BreadcrumbList\",\"@id\":\"https:\\\/\\\/www.zebemusic.com\\\/de\\\/product\\\/distelkinder\\\/#breadcrumb\",\"itemListElement\":[{\"@type\":\"ListItem\",\"position\":1,\"name\":\"Shop\",\"item\":\"https:\\\/\\\/www.zebemusic.com\\\/de\\\/shop-2\\\/\"},{\"@type\":\"ListItem\",\"position\":2,\"name\":\"Distelkinder\"}]},{\"@type\":\"WebSite\",\"@id\":\"https:\\\/\\\/www.zebemusic.com\\\/de\\\/#website\",\"url\":\"https:\\\/\\\/www.zebemusic.com\\\/de\\\/\",\"name\":\"ZebeMusic\",\"description\":\"makes you sing.\",\"publisher\":{\"@id\":\"https:\\\/\\\/www.zebemusic.com\\\/de\\\/#organization\"},\"alternateName\":\"Gospelnoten & Kindermusicals\",\"potentialAction\":[{\"@type\":\"SearchAction\",\"target\":{\"@type\":\"EntryPoint\",\"urlTemplate\":\"https:\\\/\\\/www.zebemusic.com\\\/de\\\/?s={search_term_string}\"},\"query-input\":{\"@type\":\"PropertyValueSpecification\",\"valueRequired\":true,\"valueName\":\"search_term_string\"}}],\"inLanguage\":\"de-DE\"},{\"@type\":\"Organization\",\"@id\":\"https:\\\/\\\/www.zebemusic.com\\\/de\\\/#organization\",\"name\":\"ZebeMusic\",\"url\":\"https:\\\/\\\/www.zebemusic.com\\\/de\\\/\",\"logo\":{\"@type\":\"ImageObject\",\"inLanguage\":\"de-DE\",\"@id\":\"https:\\\/\\\/www.zebemusic.com\\\/de\\\/#\\\/schema\\\/logo\\\/image\\\/\",\"url\":\"https:\\\/\\\/www.zebemusic.com\\\/wp-content\\\/uploads\\\/2025\\\/10\\\/ZEBE-Logo_ZW-makesyousing.jpg\",\"contentUrl\":\"https:\\\/\\\/www.zebemusic.com\\\/wp-content\\\/uploads\\\/2025\\\/10\\\/ZEBE-Logo_ZW-makesyousing.jpg\",\"width\":2212,\"height\":958,\"caption\":\"ZebeMusic\"},\"image\":{\"@id\":\"https:\\\/\\\/www.zebemusic.com\\\/de\\\/#\\\/schema\\\/logo\\\/image\\\/\"},\"sameAs\":[\"https:\\\/\\\/www.facebook.com\\\/zebemusic\",\"https:\\\/\\\/www.instagram.com\\\/zebemusic\",\"https:\\\/\\\/www.youtube.com\\\/zebemusicberlin\"]}]}<\/script>\n<!-- \/ Yoast SEO plugin. -->","yoast_head_json":{"title":"Distelkinder - Das Kindermusical aus Hamburg","description":"Alsterwasser, Akkordeon und Adventskranz - die Distelkinder kommen! Das Hamburg-Musical \u00fcber die Kids vom Rauhen Haus. Humorvoll, modern und authentisch erz\u00e4hlt. Wichern und die Diakonie in rockigen Songs und launigen Dialogen. DEMO >>>","robots":{"index":"index","follow":"follow","max-snippet":"max-snippet:-1","max-image-preview":"max-image-preview:large","max-video-preview":"max-video-preview:-1"},"canonical":"https:\/\/www.zebemusic.com\/de\/product\/distelkinder\/","og_locale":"de_DE","og_type":"article","og_title":"Distelkinder - Das Kindermusical aus Hamburg","og_description":"Alsterwasser, Akkordeon und Adventskranz - die Distelkinder kommen! Das Hamburg-Musical \u00fcber die Kids vom Rauhen Haus. Humorvoll, modern und authentisch erz\u00e4hlt. Wichern und die Diakonie in rockigen Songs und launigen Dialogen. DEMO >>>","og_url":"https:\/\/www.zebemusic.com\/de\/product\/distelkinder\/","og_site_name":"ZebeMusic","article_publisher":"https:\/\/www.facebook.com\/zebemusic","article_modified_time":"2026-03-17T11:04:49+00:00","og_image":[{"width":356,"height":500,"url":"https:\/\/www.zebemusic.com\/wp-content\/uploads\/2019\/10\/ZEBE2280.jpg","type":"image\/jpeg"}],"twitter_card":"summary_large_image","twitter_misc":{"Est. reading time":"1 minute"},"schema":{"@context":"https:\/\/schema.org","@graph":[{"@type":"WebPage","@id":"https:\/\/www.zebemusic.com\/de\/product\/distelkinder\/","url":"https:\/\/www.zebemusic.com\/de\/product\/distelkinder\/","name":"Distelkinder - Das Kindermusical aus Hamburg","isPartOf":{"@id":"https:\/\/www.zebemusic.com\/de\/#website"},"primaryImageOfPage":{"@id":"https:\/\/www.zebemusic.com\/de\/product\/distelkinder\/#primaryimage"},"image":{"@id":"https:\/\/www.zebemusic.com\/de\/product\/distelkinder\/#primaryimage"},"thumbnailUrl":"https:\/\/www.zebemusic.com\/wp-content\/uploads\/2019\/10\/ZEBE2280.jpg","datePublished":"2019-09-19T08:37:37+00:00","dateModified":"2026-03-17T11:04:49+00:00","description":"Alsterwasser, Akkordeon und Adventskranz - die Distelkinder kommen! Das Hamburg-Musical \u00fcber die Kids vom Rauhen Haus. Humorvoll, modern und authentisch erz\u00e4hlt. Wichern und die Diakonie in rockigen Songs und launigen Dialogen. DEMO >>>","breadcrumb":{"@id":"https:\/\/www.zebemusic.com\/de\/product\/distelkinder\/#breadcrumb"},"inLanguage":"de-DE","potentialAction":[{"@type":"ReadAction","target":["https:\/\/www.zebemusic.com\/de\/product\/distelkinder\/"]}]},{"@type":"ImageObject","inLanguage":"de-DE","@id":"https:\/\/www.zebemusic.com\/de\/product\/distelkinder\/#primaryimage","url":"https:\/\/www.zebemusic.com\/wp-content\/uploads\/2019\/10\/ZEBE2280.jpg","contentUrl":"https:\/\/www.zebemusic.com\/wp-content\/uploads\/2019\/10\/ZEBE2280.jpg","width":356,"height":500},{"@type":"BreadcrumbList","@id":"https:\/\/www.zebemusic.com\/de\/product\/distelkinder\/#breadcrumb","itemListElement":[{"@type":"ListItem","position":1,"name":"Shop","item":"https:\/\/www.zebemusic.com\/de\/shop-2\/"},{"@type":"ListItem","position":2,"name":"Distelkinder"}]},{"@type":"WebSite","@id":"https:\/\/www.zebemusic.com\/de\/#website","url":"https:\/\/www.zebemusic.com\/de\/","name":"ZebeMusic","description":"makes you sing.","publisher":{"@id":"https:\/\/www.zebemusic.com\/de\/#organization"},"alternateName":"Gospelnoten & Kindermusicals","potentialAction":[{"@type":"SearchAction","target":{"@type":"EntryPoint","urlTemplate":"https:\/\/www.zebemusic.com\/de\/?s={search_term_string}"},"query-input":{"@type":"PropertyValueSpecification","valueRequired":true,"valueName":"search_term_string"}}],"inLanguage":"de-DE"},{"@type":"Organization","@id":"https:\/\/www.zebemusic.com\/de\/#organization","name":"ZebeMusic","url":"https:\/\/www.zebemusic.com\/de\/","logo":{"@type":"ImageObject","inLanguage":"de-DE","@id":"https:\/\/www.zebemusic.com\/de\/#\/schema\/logo\/image\/","url":"https:\/\/www.zebemusic.com\/wp-content\/uploads\/2025\/10\/ZEBE-Logo_ZW-makesyousing.jpg","contentUrl":"https:\/\/www.zebemusic.com\/wp-content\/uploads\/2025\/10\/ZEBE-Logo_ZW-makesyousing.jpg","width":2212,"height":958,"caption":"ZebeMusic"},"image":{"@id":"https:\/\/www.zebemusic.com\/de\/#\/schema\/logo\/image\/"},"sameAs":["https:\/\/www.facebook.com\/zebemusic","https:\/\/www.instagram.com\/zebemusic","https:\/\/www.youtube.com\/zebemusicberlin"]}]}},"_links":{"self":[{"href":"https:\/\/www.zebemusic.com\/de\/wp-json\/wp\/v2\/product\/11267","targetHints":{"allow":["GET"]}}],"collection":[{"href":"https:\/\/www.zebemusic.com\/de\/wp-json\/wp\/v2\/product"}],"about":[{"href":"https:\/\/www.zebemusic.com\/de\/wp-json\/wp\/v2\/types\/product"}],"wp:featuredmedia":[{"embeddable":true,"href":"https:\/\/www.zebemusic.com\/de\/wp-json\/wp\/v2\/media\/12323"}],"wp:attachment":[{"href":"https:\/\/www.zebemusic.com\/de\/wp-json\/wp\/v2\/media?parent=11267"}],"wp:term":[{"taxonomy":"product_brand","embeddable":true,"href":"https:\/\/www.zebemusic.com\/de\/wp-json\/wp\/v2\/product_brand?post=11267"},{"taxonomy":"product_cat","embeddable":true,"href":"https:\/\/www.zebemusic.com\/de\/wp-json\/wp\/v2\/product_cat?post=11267"},{"taxonomy":"product_tag","embeddable":true,"href":"https:\/\/www.zebemusic.com\/de\/wp-json\/wp\/v2\/product_tag?post=11267"}],"curies":[{"name":"wp","href":"https:\/\/api.w.org\/{rel}","templated":true}]}}