{"id":13515,"date":"2019-12-12T23:39:26","date_gmt":"2019-12-12T21:39:26","guid":{"rendered":"https:\/\/www.zebemusic.com\/?post_type=product&#038;p=13515"},"modified":"2025-10-22T15:12:57","modified_gmt":"2025-10-22T14:12:57","slug":"new-day-new-song-5","status":"publish","type":"product","link":"https:\/\/www.zebemusic.com\/de\/product\/new-day-new-song-5\/","title":{"rendered":"New Day \u2013 New Song"},"content":{"rendered":"","protected":false},"excerpt":{"rendered":"<p>Elf neue Songs &#8211; groovig, funky, voller Spirit und Soul.<br \/>\nIn der Fortsetzung der Reihe \u201cContemporary Gospel Music by Niko Schlenker\u201d liefert uns der Komponist erstklassiges Material in gut singbaren S\u00e4tzen. Dazu gibt es wieder eine hervorragende ausnotierte Klavierbegleitung. Das macht Singenden und H\u00f6renden gleicherma\u00dfen Lust auf mehr!<\/p>\n<p>In diesem Paket sind die Partitur und die CD enthalten. Mit dabei sind \u201cThe Angels\u201d mit Lisa Shaw Lesch\u00a0 und Alain Missala.<\/p>\n<p><b>Inhalt: <\/b>A New Song (Psalm 149), All The Praise, Come Holy Spirit, Do You Know &#8211; Get New Life, Great King, I\u2019ll Never Forget, Lord You Are Good, New Day, Power Within, Worship Song, You Show Me<\/p>\n<p>Texte, \u00dcbersetzungen und mehr Infos: <a title=\"New Day - New Song\" href=\"http:\/\/www.newdaynewsong.de\" target=\"_blank\" rel=\"noopener noreferrer\">www.newdaynewsong.de<\/a><\/p>\n<p><strong><em><br \/>\n\u201cEing\u00e4ngig und mitrei\u00dfend. Gelungene und \u00fcberzeugende Publikation.\u201d\u00a0 <\/em><\/strong>(Neue Musik-Zeitung)<\/p>\n<p><em><strong>\u201cWird in jedem Gospelchor \u2013 egal ob Amateure oder Profis \u2013 Anklang finden.<\/strong><strong>\u201d <\/strong><\/em>(Musik &amp; Message)<\/p>\n<p id=\"pressename\"><strong><em>\u201cIn der vielseitigen Sammlung ist f\u00fcr jeden etwas dabei.\u201d\u00a0 <\/em><\/strong>(Musik &amp; Kirche)<\/p>\n<p>&nbsp;<\/p>\n<hr \/>\n<p><strong>Text und Musik: <\/strong> <a href=\"\/nikoschlenker\">Niko Schlenker<\/a><br \/>\n<strong>Besetzung:<\/strong> S.A.T.B.\/S.A.Bar., Pno.<br \/>\n<strong>Schwierigkeitsgrad:<\/strong> mittel<\/p>\n<p><strong><a href=\"\/wp-content\/PP\/PP4040.pdf\" target=\"_blank\" rel=\"noopener noreferrer\">Probepartitur zum Download <\/a><\/strong>&gt;&gt;&gt;<strong><br \/>\n<\/strong><\/p>\n<p>H\u00f6rbeispiel:<\/p>\n[audio mp3=\"https:\/\/www.zebemusic.com\/wp-content\/uploads\/2024\/02\/ZEBE4040.mp3\"][\/audio]\n<p>&nbsp;<\/p>\n<p>Playback:<\/p>\n[audio mp3=\"https:\/\/www.zebemusic.com\/wp-content\/uploads\/2024\/02\/ZEBE4045.mp3\"][\/audio]\n<hr \/>\n<p><strong>Erh\u00e4ltliche Ausf\u00fchrungen:<\/strong><\/p>\n<p><strong>\u2022 Partitur mit CD <\/strong>(ZE 4049, ISBN 978-3-940745-46-0) <del>\u20ac 29,80<\/del> \u20ac 26,90<strong><br \/>\n<\/strong>Bundle-Preis f\u00fcr Partitur und CD &#8211; The Angels feat. Niko Schlenker, Lisa Shaw Lesch\u00a0 und Alain Missala!<\/p>\n<p><strong>\u2022 Partitur<\/strong> (ZE 4040, ISBN 978-3-940745-44-6, 72 Seiten) \u20ac 14,90<strong><br \/>\n<\/strong>In dieser Ausgabe sind die Noten f\u00fcr Chor, Solisten und Klavier enthalten. F\u00fcr weitere Begleit- oder Solo-Instrumente sind Akkordsymbole notiert.<\/p>\n<p><strong>\u2022 Chorausgabe<\/strong> (ZE 4041, ISBN 978-3-940745-45-3, nur in Chorst\u00e4rke!) \u20ac 6,90<strong><br \/>\n<\/strong>Die g\u00fcnstige Chorausgabe f\u00fcr Probe und Workshop mit allen 11 Songs! Das Heft enth\u00e4lt den gesamten Gesangspart ohne die Klavierbegleitung.<\/p>\n<p><strong>\u2022 CD <\/strong>(ZE 4047, ISBN 978-3-940745-42-2) \u20ac 14,90<br \/>\nThe Angels feat. Niko Schlenker, Lisa Shaw Lesch\u00a0 und Alain Missala!<\/p>\n<p><strong>\u2022 Playback-CD <\/strong>(ZE 4045, ISBN 978-3-940745-67-5) \u20ac 29,90<br \/>\nSatter Sound in coolen Grooves, das alles in regelbarer Lautst\u00e4rke. Ideal zum \u00dcben in der Chorprobe, f\u00fcr die Solisten und f\u00fcr den Auftritt!<\/p>\n<p><strong>\u2022 Downloads<\/strong><br \/>\nHier haben wir f\u00fcr Sie die Noten und mp3-Dateien der H\u00f6r- und Playback-CD zum Download bereitgestellt.<br \/>\nH\u00f6r-CD \u20ac 7,99 \/ Playback-CD \u20ac 19,99<\/p>\n<p><strong>Alle Songs des Albums sind auch einzeln erh\u00e4ltlich!<\/strong><\/p>\n<p>&nbsp;<\/p>\n<p>&nbsp;<\/p>\n<p>&nbsp;<\/p>\n","protected":false},"featured_media":4424,"template":"","meta":{"_acf_changed":false},"product_brand":[],"product_cat":[13],"product_tag":[],"class_list":{"0":"post-13515","1":"product","2":"type-product","3":"status-publish","4":"has-post-thumbnail","6":"product_cat-gospel","7":"pa_diff-mittel","8":"pa_language-englisch","9":"pa_occ-abendmahl-kommunion","10":"pa_occ-angst-und-vertrauen","11":"pa_occ-beginn-und-abschied-segen","12":"pa_occ-besondere-anlaesse","13":"pa_occ-dankbarkeit","14":"pa_occ-lobpreis","15":"pa_occ-passion-de","16":"pa_occ-pfingsten","17":"pa_occ-sterben-und-bestattung","18":"pa_occ-taufe-und-zeugnis","19":"pa_others-downloads-de","20":"pa_others-sammlungen","21":"pa_style-genre-ballade","22":"pa_style-genre-gospel-de","23":"pa_style-genre-lobpreis","24":"pa_style-genre-reggae","25":"pa_style-genre-soul-funk-de","26":"pa_style-genre-spiritual-de","27":"pa_style-genre-traditional-gospel-style-de","28":"pa_style-genre-uptempo-de","29":"pa_style-genre-contemporary-de","30":"pa_variation-begleit-cd","31":"pa_variation-cd","32":"pa_variation-chorausgabe","33":"pa_variation-leaders-pak","34":"pa_variation-mp3-download-der-begleit-cd","35":"pa_variation-mp3-download-der-hoer-cd","36":"pa_variation-partitur","37":"pa_variation-partiturcd","38":"pa_voicing-acappella-de","39":"pa_voicing-frauenchor","40":"pa_voicing-mit-begleitung","41":"pa_voicing-mit-solist","42":"pa_voicing-sam-de","43":"pa_voicing-satb-de","44":"pa_voicing-ssa-de","46":"first","47":"instock","48":"taxable","49":"shipping-taxable","50":"purchasable","51":"product-type-variable","52":"has-default-attributes"},"acf":[],"yoast_head":"<!-- This site is optimized with the Yoast SEO plugin v27.5 - https:\/\/yoast.com\/product\/yoast-seo-wordpress\/ -->\n<title>New Day \u2013 New Song<\/title>\n<meta name=\"description\" content=\"Groovige Gospel Songs f\u00fcr 3stimmigen Chor und Begleitung. \u201cEing\u00e4ngig und mitrei\u00dfend. Gelungene und \u00fcberzeugende Publikation.\u201d\u00a0 (Neue Musik-Zeitung)\" \/>\n<meta name=\"robots\" content=\"index, follow, max-snippet:-1, max-image-preview:large, max-video-preview:-1\" \/>\n<link rel=\"canonical\" href=\"https:\/\/www.zebemusic.com\/de\/product\/new-day-new-song-5\/\" \/>\n<meta property=\"og:locale\" content=\"de_DE\" \/>\n<meta property=\"og:type\" content=\"article\" \/>\n<meta property=\"og:title\" content=\"New Day \u2013 New Song\" \/>\n<meta property=\"og:description\" content=\"Groovige Gospel Songs f\u00fcr 3stimmigen Chor und Begleitung. \u201cEing\u00e4ngig und mitrei\u00dfend. Gelungene und \u00fcberzeugende Publikation.\u201d\u00a0 (Neue Musik-Zeitung)\" \/>\n<meta property=\"og:url\" content=\"https:\/\/www.zebemusic.com\/de\/product\/new-day-new-song-5\/\" \/>\n<meta property=\"og:site_name\" content=\"ZebeMusic\" \/>\n<meta property=\"article:publisher\" content=\"https:\/\/www.facebook.com\/zebemusic\" \/>\n<meta property=\"article:modified_time\" content=\"2025-10-22T14:12:57+00:00\" \/>\n<meta property=\"og:image\" content=\"https:\/\/www.zebemusic.com\/wp-content\/uploads\/2014\/06\/ZEBE40403.jpg\" \/>\n\t<meta property=\"og:image:width\" content=\"375\" \/>\n\t<meta property=\"og:image:height\" content=\"500\" \/>\n\t<meta property=\"og:image:type\" content=\"image\/jpeg\" \/>\n<meta name=\"twitter:card\" content=\"summary_large_image\" \/>\n<meta name=\"twitter:label1\" content=\"Est. reading time\" \/>\n\t<meta name=\"twitter:data1\" content=\"1 minute\" \/>\n<script type=\"application\/ld+json\" class=\"yoast-schema-graph\">{\"@context\":\"https:\\\/\\\/schema.org\",\"@graph\":[{\"@type\":\"WebPage\",\"@id\":\"https:\\\/\\\/www.zebemusic.com\\\/de\\\/product\\\/new-day-new-song-5\\\/\",\"url\":\"https:\\\/\\\/www.zebemusic.com\\\/de\\\/product\\\/new-day-new-song-5\\\/\",\"name\":\"New Day \u2013 New Song\",\"isPartOf\":{\"@id\":\"https:\\\/\\\/www.zebemusic.com\\\/de\\\/#website\"},\"primaryImageOfPage\":{\"@id\":\"https:\\\/\\\/www.zebemusic.com\\\/de\\\/product\\\/new-day-new-song-5\\\/#primaryimage\"},\"image\":{\"@id\":\"https:\\\/\\\/www.zebemusic.com\\\/de\\\/product\\\/new-day-new-song-5\\\/#primaryimage\"},\"thumbnailUrl\":\"https:\\\/\\\/www.zebemusic.com\\\/wp-content\\\/uploads\\\/2014\\\/06\\\/ZEBE40403.jpg\",\"datePublished\":\"2019-12-12T21:39:26+00:00\",\"dateModified\":\"2025-10-22T14:12:57+00:00\",\"description\":\"Groovige Gospel Songs f\u00fcr 3stimmigen Chor und Begleitung. \u201cEing\u00e4ngig und mitrei\u00dfend. Gelungene und \u00fcberzeugende Publikation.\u201d\u00a0 (Neue Musik-Zeitung)\",\"breadcrumb\":{\"@id\":\"https:\\\/\\\/www.zebemusic.com\\\/de\\\/product\\\/new-day-new-song-5\\\/#breadcrumb\"},\"inLanguage\":\"de-DE\",\"potentialAction\":[{\"@type\":\"ReadAction\",\"target\":[\"https:\\\/\\\/www.zebemusic.com\\\/de\\\/product\\\/new-day-new-song-5\\\/\"]}]},{\"@type\":\"ImageObject\",\"inLanguage\":\"de-DE\",\"@id\":\"https:\\\/\\\/www.zebemusic.com\\\/de\\\/product\\\/new-day-new-song-5\\\/#primaryimage\",\"url\":\"https:\\\/\\\/www.zebemusic.com\\\/wp-content\\\/uploads\\\/2014\\\/06\\\/ZEBE40403.jpg\",\"contentUrl\":\"https:\\\/\\\/www.zebemusic.com\\\/wp-content\\\/uploads\\\/2014\\\/06\\\/ZEBE40403.jpg\",\"width\":375,\"height\":500},{\"@type\":\"BreadcrumbList\",\"@id\":\"https:\\\/\\\/www.zebemusic.com\\\/de\\\/product\\\/new-day-new-song-5\\\/#breadcrumb\",\"itemListElement\":[{\"@type\":\"ListItem\",\"position\":1,\"name\":\"Shop\",\"item\":\"https:\\\/\\\/www.zebemusic.com\\\/de\\\/shop-2\\\/\"},{\"@type\":\"ListItem\",\"position\":2,\"name\":\"New Day \u2013 New Song\"}]},{\"@type\":\"WebSite\",\"@id\":\"https:\\\/\\\/www.zebemusic.com\\\/de\\\/#website\",\"url\":\"https:\\\/\\\/www.zebemusic.com\\\/de\\\/\",\"name\":\"ZebeMusic\",\"description\":\"makes you sing.\",\"publisher\":{\"@id\":\"https:\\\/\\\/www.zebemusic.com\\\/de\\\/#organization\"},\"alternateName\":\"Gospelnoten & Kindermusicals\",\"potentialAction\":[{\"@type\":\"SearchAction\",\"target\":{\"@type\":\"EntryPoint\",\"urlTemplate\":\"https:\\\/\\\/www.zebemusic.com\\\/de\\\/?s={search_term_string}\"},\"query-input\":{\"@type\":\"PropertyValueSpecification\",\"valueRequired\":true,\"valueName\":\"search_term_string\"}}],\"inLanguage\":\"de-DE\"},{\"@type\":\"Organization\",\"@id\":\"https:\\\/\\\/www.zebemusic.com\\\/de\\\/#organization\",\"name\":\"ZebeMusic\",\"url\":\"https:\\\/\\\/www.zebemusic.com\\\/de\\\/\",\"logo\":{\"@type\":\"ImageObject\",\"inLanguage\":\"de-DE\",\"@id\":\"https:\\\/\\\/www.zebemusic.com\\\/de\\\/#\\\/schema\\\/logo\\\/image\\\/\",\"url\":\"https:\\\/\\\/www.zebemusic.com\\\/wp-content\\\/uploads\\\/2025\\\/10\\\/ZEBE-Logo_ZW-makesyousing.jpg\",\"contentUrl\":\"https:\\\/\\\/www.zebemusic.com\\\/wp-content\\\/uploads\\\/2025\\\/10\\\/ZEBE-Logo_ZW-makesyousing.jpg\",\"width\":2212,\"height\":958,\"caption\":\"ZebeMusic\"},\"image\":{\"@id\":\"https:\\\/\\\/www.zebemusic.com\\\/de\\\/#\\\/schema\\\/logo\\\/image\\\/\"},\"sameAs\":[\"https:\\\/\\\/www.facebook.com\\\/zebemusic\",\"https:\\\/\\\/www.instagram.com\\\/zebemusic\",\"https:\\\/\\\/www.youtube.com\\\/zebemusicberlin\"]}]}<\/script>\n<!-- \/ Yoast SEO plugin. -->","yoast_head_json":{"title":"New Day \u2013 New Song","description":"Groovige Gospel Songs f\u00fcr 3stimmigen Chor und Begleitung. \u201cEing\u00e4ngig und mitrei\u00dfend. Gelungene und \u00fcberzeugende Publikation.\u201d\u00a0 (Neue Musik-Zeitung)","robots":{"index":"index","follow":"follow","max-snippet":"max-snippet:-1","max-image-preview":"max-image-preview:large","max-video-preview":"max-video-preview:-1"},"canonical":"https:\/\/www.zebemusic.com\/de\/product\/new-day-new-song-5\/","og_locale":"de_DE","og_type":"article","og_title":"New Day \u2013 New Song","og_description":"Groovige Gospel Songs f\u00fcr 3stimmigen Chor und Begleitung. \u201cEing\u00e4ngig und mitrei\u00dfend. Gelungene und \u00fcberzeugende Publikation.\u201d\u00a0 (Neue Musik-Zeitung)","og_url":"https:\/\/www.zebemusic.com\/de\/product\/new-day-new-song-5\/","og_site_name":"ZebeMusic","article_publisher":"https:\/\/www.facebook.com\/zebemusic","article_modified_time":"2025-10-22T14:12:57+00:00","og_image":[{"width":375,"height":500,"url":"https:\/\/www.zebemusic.com\/wp-content\/uploads\/2014\/06\/ZEBE40403.jpg","type":"image\/jpeg"}],"twitter_card":"summary_large_image","twitter_misc":{"Est. reading time":"1 minute"},"schema":{"@context":"https:\/\/schema.org","@graph":[{"@type":"WebPage","@id":"https:\/\/www.zebemusic.com\/de\/product\/new-day-new-song-5\/","url":"https:\/\/www.zebemusic.com\/de\/product\/new-day-new-song-5\/","name":"New Day \u2013 New Song","isPartOf":{"@id":"https:\/\/www.zebemusic.com\/de\/#website"},"primaryImageOfPage":{"@id":"https:\/\/www.zebemusic.com\/de\/product\/new-day-new-song-5\/#primaryimage"},"image":{"@id":"https:\/\/www.zebemusic.com\/de\/product\/new-day-new-song-5\/#primaryimage"},"thumbnailUrl":"https:\/\/www.zebemusic.com\/wp-content\/uploads\/2014\/06\/ZEBE40403.jpg","datePublished":"2019-12-12T21:39:26+00:00","dateModified":"2025-10-22T14:12:57+00:00","description":"Groovige Gospel Songs f\u00fcr 3stimmigen Chor und Begleitung. \u201cEing\u00e4ngig und mitrei\u00dfend. Gelungene und \u00fcberzeugende Publikation.\u201d\u00a0 (Neue Musik-Zeitung)","breadcrumb":{"@id":"https:\/\/www.zebemusic.com\/de\/product\/new-day-new-song-5\/#breadcrumb"},"inLanguage":"de-DE","potentialAction":[{"@type":"ReadAction","target":["https:\/\/www.zebemusic.com\/de\/product\/new-day-new-song-5\/"]}]},{"@type":"ImageObject","inLanguage":"de-DE","@id":"https:\/\/www.zebemusic.com\/de\/product\/new-day-new-song-5\/#primaryimage","url":"https:\/\/www.zebemusic.com\/wp-content\/uploads\/2014\/06\/ZEBE40403.jpg","contentUrl":"https:\/\/www.zebemusic.com\/wp-content\/uploads\/2014\/06\/ZEBE40403.jpg","width":375,"height":500},{"@type":"BreadcrumbList","@id":"https:\/\/www.zebemusic.com\/de\/product\/new-day-new-song-5\/#breadcrumb","itemListElement":[{"@type":"ListItem","position":1,"name":"Shop","item":"https:\/\/www.zebemusic.com\/de\/shop-2\/"},{"@type":"ListItem","position":2,"name":"New Day \u2013 New Song"}]},{"@type":"WebSite","@id":"https:\/\/www.zebemusic.com\/de\/#website","url":"https:\/\/www.zebemusic.com\/de\/","name":"ZebeMusic","description":"makes you sing.","publisher":{"@id":"https:\/\/www.zebemusic.com\/de\/#organization"},"alternateName":"Gospelnoten & Kindermusicals","potentialAction":[{"@type":"SearchAction","target":{"@type":"EntryPoint","urlTemplate":"https:\/\/www.zebemusic.com\/de\/?s={search_term_string}"},"query-input":{"@type":"PropertyValueSpecification","valueRequired":true,"valueName":"search_term_string"}}],"inLanguage":"de-DE"},{"@type":"Organization","@id":"https:\/\/www.zebemusic.com\/de\/#organization","name":"ZebeMusic","url":"https:\/\/www.zebemusic.com\/de\/","logo":{"@type":"ImageObject","inLanguage":"de-DE","@id":"https:\/\/www.zebemusic.com\/de\/#\/schema\/logo\/image\/","url":"https:\/\/www.zebemusic.com\/wp-content\/uploads\/2025\/10\/ZEBE-Logo_ZW-makesyousing.jpg","contentUrl":"https:\/\/www.zebemusic.com\/wp-content\/uploads\/2025\/10\/ZEBE-Logo_ZW-makesyousing.jpg","width":2212,"height":958,"caption":"ZebeMusic"},"image":{"@id":"https:\/\/www.zebemusic.com\/de\/#\/schema\/logo\/image\/"},"sameAs":["https:\/\/www.facebook.com\/zebemusic","https:\/\/www.instagram.com\/zebemusic","https:\/\/www.youtube.com\/zebemusicberlin"]}]}},"_links":{"self":[{"href":"https:\/\/www.zebemusic.com\/de\/wp-json\/wp\/v2\/product\/13515","targetHints":{"allow":["GET"]}}],"collection":[{"href":"https:\/\/www.zebemusic.com\/de\/wp-json\/wp\/v2\/product"}],"about":[{"href":"https:\/\/www.zebemusic.com\/de\/wp-json\/wp\/v2\/types\/product"}],"wp:featuredmedia":[{"embeddable":true,"href":"https:\/\/www.zebemusic.com\/de\/wp-json\/wp\/v2\/media\/4424"}],"wp:attachment":[{"href":"https:\/\/www.zebemusic.com\/de\/wp-json\/wp\/v2\/media?parent=13515"}],"wp:term":[{"taxonomy":"product_brand","embeddable":true,"href":"https:\/\/www.zebemusic.com\/de\/wp-json\/wp\/v2\/product_brand?post=13515"},{"taxonomy":"product_cat","embeddable":true,"href":"https:\/\/www.zebemusic.com\/de\/wp-json\/wp\/v2\/product_cat?post=13515"},{"taxonomy":"product_tag","embeddable":true,"href":"https:\/\/www.zebemusic.com\/de\/wp-json\/wp\/v2\/product_tag?post=13515"}],"curies":[{"name":"wp","href":"https:\/\/api.w.org\/{rel}","templated":true}]}}