{"id":1455,"date":"2014-03-11T18:49:11","date_gmt":"2014-03-11T16:49:11","guid":{"rendered":"http:\/\/zebemusic.smukkeberg.com\/?post_type=product&#038;p=1455"},"modified":"2025-12-03T12:05:09","modified_gmt":"2025-12-03T11:05:09","slug":"esther-musical","status":"publish","type":"product","link":"https:\/\/www.zebemusic.com\/de\/product\/esther-musical\/","title":{"rendered":"Esther &#8211; K\u00f6nigin von Susa"},"content":{"rendered":"","protected":false},"excerpt":{"rendered":"<p><span id=\"pic\"><\/span>Leidenschaftlich und mitrei\u00dfend wird Esthers Geschichte in diesem Musical erz\u00e4hlt. Sie war eine besonders mutige Frau, denn f\u00fcr die Gerechtigkeit setzte sie sich \u00fcber gesellschaftliche Regeln hinweg.<\/p>\n<p>Dieses Musical des Autorenteams Andreas M\u00fccksch und Barbara Schatz erz\u00e4hlt eine Geschichte des Alten Testaments, den Ursprung des j\u00fcdischen Purimfestes. Esther, die couragierte Heldin wird Frau des K\u00f6nig Xerxes. Sie riskiert ihr eigenes Leben, um das Volk der Juden zu retten. F\u00fcr die Freunde und Feinde der K\u00f6nigin, die B\u00fcrger von Susa und den Hofstaat sind im St\u00fcck viele Mitwirkende dabei.<\/p>\n<p>Das St\u00fcck dauert ca. 70 Minuten und l\u00e4sst sich mit Kindern im Schulalter, Jugendlichen und Erwachsenen gut auff\u00fchren.<\/p>\n<p style=\"padding-left: 30px;\"><strong><em><span style=\"color: #993300;\">\u201cDas St\u00fcck ist ausdrucksstark und sicher melodisch eing\u00e4ngig.\u201d\u00a0 <\/span><\/em><\/strong>(Praxishandbuch Chorleitung)<\/p>\n<p style=\"padding-left: 30px;\"><span style=\"color: #993300;\"><em><strong>\u201cDie erzeugten Stimmungen sind sehr plausibel und gut nachzuf\u00fchlen. Wertvolle Bereicherung im Sektor Kindermusical, der viele Auff\u00fchrungen zu w\u00fcnschen sind.\u201d\u00a0 <\/strong><\/em><\/span>(Forum Kirchenmusik)<\/p>\n<p>&nbsp;<\/p>\n<hr \/>\n<p><strong><span style=\"color: #717171;\">Musik: <\/span><\/strong><a href=\"\/andreasmuecksch\">Andreas M\u00fccksch<\/a><br \/>\n<strong><span style=\"color: #717171;\">Libretto:<\/span><\/strong> <a href=\"\/barbaraschatz\">Barbara Schatz<\/a><br \/>\n<strong><span style=\"color: #717171;\">Besetzung:<\/span><\/strong> S\/A, Soli, Orff, Perc., Pno. (variabel)<br \/>\n<strong><span style=\"color: #717171;\">Dauer:<\/span><\/strong> ca. 70 min.<br \/>\n<strong><span style=\"color: #717171;\">Schwierigkeitsgrad:<\/span><\/strong> mittel<\/p>\n<p><strong><a href=\"\/wp-content\/PP\/PP2160.pdf\" target=\"_blank\" rel=\"noopener noreferrer\">Probepartitur zum Download <\/a><\/strong>&gt;&gt;&gt;<\/p>\n<p><a href=\"\/audio\/ZEBE2160.mp3\" target=\"_blank\" rel=\"noopener noreferrer\">H\u00f6rprobe<\/a>:<\/p>\n[audio mp3=\"https:\/\/www.zebemusic.com\/wp-content\/uploads\/2014\/03\/ZEBE2160.mp3\"][\/audio]\n<p>&nbsp;<\/p>\n<hr \/>\n<p><strong>\u2022 Partitur<\/strong> (ZE 2162, ISBN 978-3-940745-15-6, 60 Seiten) \u20ac 16,90<\/p>\n<p><strong>\u2022 Klavierauszug <\/strong>(ZE 2169, Gesangsnoten, alle Texte, Klavierstimme und Akkordsymbole, 40 Seiten) \u20ac 12,00<\/p>\n<p><strong>\u2022 Chorausgabe<\/strong> mit allen Liedern und Texten (ZE 2161, ISBN 978-3-940745-16-3) \u20ac 4,95<\/p>\n<p><strong>\u2022 Package <\/strong>mit Partitur, Instrumenten und 20 Chorausgaben (ZE 2160) \u20ac 110,00<\/p>\n<p><strong>\u2022 CD zum mp3-Download<\/strong> \u20ac 4,99<\/p>\n<p><strong>\u2022 Begleit-CD <\/strong> (ZE 21690) \u20ac 29,95<br \/>\n<strong>\u2022 Begleit-CD zum mp3-Download<\/strong> \u20ac 19,99<\/p>\n<p><strong>\u2022 Klavier <\/strong> (ZE 2169) \u20ac 12,00<br \/>\n<strong>\u2022 Fl\u00f6ten <\/strong> (ZE 2163) \u20ac 4,50<br \/>\n<strong>\u2022 Schlagwerk<\/strong> (ZE 2164) \u20ac 3,00<br \/>\n<strong>\u2022 Orff-Instrumente <\/strong> (ZE 2165) \u20ac 3,00<br \/>\n<strong>\u2022 Bass <\/strong> (ZE 2166) \u20ac 2,00<\/p>\n<p>Bitte w\u00e4hlen Sie hier aus:<\/p>\n","protected":false},"featured_media":30140,"template":"","meta":{"_acf_changed":false},"product_brand":[],"product_cat":[15],"product_tag":[657,148],"class_list":{"0":"post-1455","1":"product","2":"type-product","3":"status-publish","4":"has-post-thumbnail","6":"product_cat-kindermusical","7":"product_tag-cd","8":"product_tag-muecksch","9":"pa_diff-mittel","10":"pa_language-deutsch","11":"pa_occ-altes-testament","12":"pa_occ-biblische-geschichten","13":"pa_occ-schul-gemeindeprojekt","14":"pa_others-bestseller","15":"pa_others-downloads-de","16":"pa_others-lizensierung","17":"pa_style-genre-musical-de","18":"pa_style-genre-pop-crossover-de","19":"pa_variation-bass","20":"pa_variation-begleit-cd","21":"pa_variation-cd","22":"pa_variation-chorausgabe","23":"pa_variation-floeten","24":"pa_variation-klavier","25":"pa_variation-klavierauszug","26":"pa_variation-mp3-download-der-begleit-cd","27":"pa_variation-mp3-download-der-hoer-cd","28":"pa_variation-orff-instrumente","29":"pa_variation-package","30":"pa_variation-partitur","31":"pa_variation-schlagwerk","32":"pa_voicing-kinderchor","33":"pa_voicing-mit-band","34":"pa_voicing-mit-begleitung","35":"pa_voicing-mit-solist","36":"pa_voicing-sa-de","38":"first","39":"instock","40":"taxable","41":"shipping-taxable","42":"purchasable","43":"product-type-variable","44":"has-default-attributes"},"acf":[],"yoast_head":"<!-- This site is optimized with the Yoast SEO plugin v27.5 - https:\/\/yoast.com\/product\/yoast-seo-wordpress\/ -->\n<title>Esther - K\u00f6nigin von Susa (Kindermusical)<\/title>\n<meta name=\"description\" content=\"Leidenschaftlich und mitrei\u00dfend wird in diesem Esther-Musical erz\u00e4hlt. Tolle Popsongs beschreiben diese mutige Frau, die sich f\u00fcr die Gerechtigkeit \u00fcber gesellschaftliche Regeln hinwegsetzt. DEMO &gt;&gt;&gt;\" \/>\n<meta name=\"robots\" content=\"index, follow, max-snippet:-1, max-image-preview:large, max-video-preview:-1\" \/>\n<link rel=\"canonical\" href=\"https:\/\/www.zebemusic.com\/de\/product\/esther-musical\/\" \/>\n<meta property=\"og:locale\" content=\"de_DE\" \/>\n<meta property=\"og:type\" content=\"article\" \/>\n<meta property=\"og:title\" content=\"Esther - K\u00f6nigin von Susa (Kindermusical)\" \/>\n<meta property=\"og:description\" content=\"Leidenschaftlich und mitrei\u00dfend wird in diesem Esther-Musical erz\u00e4hlt. Tolle Popsongs beschreiben diese mutige Frau, die sich f\u00fcr die Gerechtigkeit \u00fcber gesellschaftliche Regeln hinwegsetzt. DEMO &gt;&gt;&gt;\" \/>\n<meta property=\"og:url\" content=\"https:\/\/www.zebemusic.com\/de\/product\/esther-musical\/\" \/>\n<meta property=\"og:site_name\" content=\"ZebeMusic\" \/>\n<meta property=\"article:publisher\" content=\"https:\/\/www.facebook.com\/zebemusic\" \/>\n<meta property=\"article:modified_time\" content=\"2025-12-03T11:05:09+00:00\" \/>\n<meta property=\"og:image\" content=\"https:\/\/www.zebemusic.com\/wp-content\/uploads\/2014\/03\/ZE2161-scaled.jpg\" \/>\n\t<meta property=\"og:image:width\" content=\"1774\" \/>\n\t<meta property=\"og:image:height\" content=\"2560\" \/>\n\t<meta property=\"og:image:type\" content=\"image\/jpeg\" \/>\n<meta name=\"twitter:card\" content=\"summary_large_image\" \/>\n<meta name=\"twitter:label1\" content=\"Est. reading time\" \/>\n\t<meta name=\"twitter:data1\" content=\"1 minute\" \/>\n<script type=\"application\/ld+json\" class=\"yoast-schema-graph\">{\"@context\":\"https:\\\/\\\/schema.org\",\"@graph\":[{\"@type\":\"WebPage\",\"@id\":\"https:\\\/\\\/www.zebemusic.com\\\/de\\\/product\\\/esther-musical\\\/\",\"url\":\"https:\\\/\\\/www.zebemusic.com\\\/de\\\/product\\\/esther-musical\\\/\",\"name\":\"Esther - K\u00f6nigin von Susa (Kindermusical)\",\"isPartOf\":{\"@id\":\"https:\\\/\\\/www.zebemusic.com\\\/de\\\/#website\"},\"primaryImageOfPage\":{\"@id\":\"https:\\\/\\\/www.zebemusic.com\\\/de\\\/product\\\/esther-musical\\\/#primaryimage\"},\"image\":{\"@id\":\"https:\\\/\\\/www.zebemusic.com\\\/de\\\/product\\\/esther-musical\\\/#primaryimage\"},\"thumbnailUrl\":\"https:\\\/\\\/www.zebemusic.com\\\/wp-content\\\/uploads\\\/2014\\\/03\\\/ZE2161-scaled.jpg\",\"datePublished\":\"2014-03-11T16:49:11+00:00\",\"dateModified\":\"2025-12-03T11:05:09+00:00\",\"description\":\"Leidenschaftlich und mitrei\u00dfend wird in diesem Esther-Musical erz\u00e4hlt. Tolle Popsongs beschreiben diese mutige Frau, die sich f\u00fcr die Gerechtigkeit \u00fcber gesellschaftliche Regeln hinwegsetzt. DEMO >>>\",\"breadcrumb\":{\"@id\":\"https:\\\/\\\/www.zebemusic.com\\\/de\\\/product\\\/esther-musical\\\/#breadcrumb\"},\"inLanguage\":\"de-DE\",\"potentialAction\":[{\"@type\":\"ReadAction\",\"target\":[\"https:\\\/\\\/www.zebemusic.com\\\/de\\\/product\\\/esther-musical\\\/\"]}]},{\"@type\":\"ImageObject\",\"inLanguage\":\"de-DE\",\"@id\":\"https:\\\/\\\/www.zebemusic.com\\\/de\\\/product\\\/esther-musical\\\/#primaryimage\",\"url\":\"https:\\\/\\\/www.zebemusic.com\\\/wp-content\\\/uploads\\\/2014\\\/03\\\/ZE2161-scaled.jpg\",\"contentUrl\":\"https:\\\/\\\/www.zebemusic.com\\\/wp-content\\\/uploads\\\/2014\\\/03\\\/ZE2161-scaled.jpg\",\"width\":1774,\"height\":2560,\"caption\":\"Esther-Musical, Liederheft\"},{\"@type\":\"BreadcrumbList\",\"@id\":\"https:\\\/\\\/www.zebemusic.com\\\/de\\\/product\\\/esther-musical\\\/#breadcrumb\",\"itemListElement\":[{\"@type\":\"ListItem\",\"position\":1,\"name\":\"Shop\",\"item\":\"https:\\\/\\\/www.zebemusic.com\\\/de\\\/shop-2\\\/\"},{\"@type\":\"ListItem\",\"position\":2,\"name\":\"Esther &#8211; K\u00f6nigin von Susa\"}]},{\"@type\":\"WebSite\",\"@id\":\"https:\\\/\\\/www.zebemusic.com\\\/de\\\/#website\",\"url\":\"https:\\\/\\\/www.zebemusic.com\\\/de\\\/\",\"name\":\"ZebeMusic\",\"description\":\"makes you sing.\",\"publisher\":{\"@id\":\"https:\\\/\\\/www.zebemusic.com\\\/de\\\/#organization\"},\"alternateName\":\"Gospelnoten & Kindermusicals\",\"potentialAction\":[{\"@type\":\"SearchAction\",\"target\":{\"@type\":\"EntryPoint\",\"urlTemplate\":\"https:\\\/\\\/www.zebemusic.com\\\/de\\\/?s={search_term_string}\"},\"query-input\":{\"@type\":\"PropertyValueSpecification\",\"valueRequired\":true,\"valueName\":\"search_term_string\"}}],\"inLanguage\":\"de-DE\"},{\"@type\":\"Organization\",\"@id\":\"https:\\\/\\\/www.zebemusic.com\\\/de\\\/#organization\",\"name\":\"ZebeMusic\",\"url\":\"https:\\\/\\\/www.zebemusic.com\\\/de\\\/\",\"logo\":{\"@type\":\"ImageObject\",\"inLanguage\":\"de-DE\",\"@id\":\"https:\\\/\\\/www.zebemusic.com\\\/de\\\/#\\\/schema\\\/logo\\\/image\\\/\",\"url\":\"https:\\\/\\\/www.zebemusic.com\\\/wp-content\\\/uploads\\\/2025\\\/10\\\/ZEBE-Logo_ZW-makesyousing.jpg\",\"contentUrl\":\"https:\\\/\\\/www.zebemusic.com\\\/wp-content\\\/uploads\\\/2025\\\/10\\\/ZEBE-Logo_ZW-makesyousing.jpg\",\"width\":2212,\"height\":958,\"caption\":\"ZebeMusic\"},\"image\":{\"@id\":\"https:\\\/\\\/www.zebemusic.com\\\/de\\\/#\\\/schema\\\/logo\\\/image\\\/\"},\"sameAs\":[\"https:\\\/\\\/www.facebook.com\\\/zebemusic\",\"https:\\\/\\\/www.instagram.com\\\/zebemusic\",\"https:\\\/\\\/www.youtube.com\\\/zebemusicberlin\"]}]}<\/script>\n<!-- \/ Yoast SEO plugin. -->","yoast_head_json":{"title":"Esther - K\u00f6nigin von Susa (Kindermusical)","description":"Leidenschaftlich und mitrei\u00dfend wird in diesem Esther-Musical erz\u00e4hlt. Tolle Popsongs beschreiben diese mutige Frau, die sich f\u00fcr die Gerechtigkeit \u00fcber gesellschaftliche Regeln hinwegsetzt. DEMO >>>","robots":{"index":"index","follow":"follow","max-snippet":"max-snippet:-1","max-image-preview":"max-image-preview:large","max-video-preview":"max-video-preview:-1"},"canonical":"https:\/\/www.zebemusic.com\/de\/product\/esther-musical\/","og_locale":"de_DE","og_type":"article","og_title":"Esther - K\u00f6nigin von Susa (Kindermusical)","og_description":"Leidenschaftlich und mitrei\u00dfend wird in diesem Esther-Musical erz\u00e4hlt. Tolle Popsongs beschreiben diese mutige Frau, die sich f\u00fcr die Gerechtigkeit \u00fcber gesellschaftliche Regeln hinwegsetzt. DEMO >>>","og_url":"https:\/\/www.zebemusic.com\/de\/product\/esther-musical\/","og_site_name":"ZebeMusic","article_publisher":"https:\/\/www.facebook.com\/zebemusic","article_modified_time":"2025-12-03T11:05:09+00:00","og_image":[{"width":1774,"height":2560,"url":"https:\/\/www.zebemusic.com\/wp-content\/uploads\/2014\/03\/ZE2161-scaled.jpg","type":"image\/jpeg"}],"twitter_card":"summary_large_image","twitter_misc":{"Est. reading time":"1 minute"},"schema":{"@context":"https:\/\/schema.org","@graph":[{"@type":"WebPage","@id":"https:\/\/www.zebemusic.com\/de\/product\/esther-musical\/","url":"https:\/\/www.zebemusic.com\/de\/product\/esther-musical\/","name":"Esther - K\u00f6nigin von Susa (Kindermusical)","isPartOf":{"@id":"https:\/\/www.zebemusic.com\/de\/#website"},"primaryImageOfPage":{"@id":"https:\/\/www.zebemusic.com\/de\/product\/esther-musical\/#primaryimage"},"image":{"@id":"https:\/\/www.zebemusic.com\/de\/product\/esther-musical\/#primaryimage"},"thumbnailUrl":"https:\/\/www.zebemusic.com\/wp-content\/uploads\/2014\/03\/ZE2161-scaled.jpg","datePublished":"2014-03-11T16:49:11+00:00","dateModified":"2025-12-03T11:05:09+00:00","description":"Leidenschaftlich und mitrei\u00dfend wird in diesem Esther-Musical erz\u00e4hlt. Tolle Popsongs beschreiben diese mutige Frau, die sich f\u00fcr die Gerechtigkeit \u00fcber gesellschaftliche Regeln hinwegsetzt. DEMO >>>","breadcrumb":{"@id":"https:\/\/www.zebemusic.com\/de\/product\/esther-musical\/#breadcrumb"},"inLanguage":"de-DE","potentialAction":[{"@type":"ReadAction","target":["https:\/\/www.zebemusic.com\/de\/product\/esther-musical\/"]}]},{"@type":"ImageObject","inLanguage":"de-DE","@id":"https:\/\/www.zebemusic.com\/de\/product\/esther-musical\/#primaryimage","url":"https:\/\/www.zebemusic.com\/wp-content\/uploads\/2014\/03\/ZE2161-scaled.jpg","contentUrl":"https:\/\/www.zebemusic.com\/wp-content\/uploads\/2014\/03\/ZE2161-scaled.jpg","width":1774,"height":2560,"caption":"Esther-Musical, Liederheft"},{"@type":"BreadcrumbList","@id":"https:\/\/www.zebemusic.com\/de\/product\/esther-musical\/#breadcrumb","itemListElement":[{"@type":"ListItem","position":1,"name":"Shop","item":"https:\/\/www.zebemusic.com\/de\/shop-2\/"},{"@type":"ListItem","position":2,"name":"Esther &#8211; K\u00f6nigin von Susa"}]},{"@type":"WebSite","@id":"https:\/\/www.zebemusic.com\/de\/#website","url":"https:\/\/www.zebemusic.com\/de\/","name":"ZebeMusic","description":"makes you sing.","publisher":{"@id":"https:\/\/www.zebemusic.com\/de\/#organization"},"alternateName":"Gospelnoten & Kindermusicals","potentialAction":[{"@type":"SearchAction","target":{"@type":"EntryPoint","urlTemplate":"https:\/\/www.zebemusic.com\/de\/?s={search_term_string}"},"query-input":{"@type":"PropertyValueSpecification","valueRequired":true,"valueName":"search_term_string"}}],"inLanguage":"de-DE"},{"@type":"Organization","@id":"https:\/\/www.zebemusic.com\/de\/#organization","name":"ZebeMusic","url":"https:\/\/www.zebemusic.com\/de\/","logo":{"@type":"ImageObject","inLanguage":"de-DE","@id":"https:\/\/www.zebemusic.com\/de\/#\/schema\/logo\/image\/","url":"https:\/\/www.zebemusic.com\/wp-content\/uploads\/2025\/10\/ZEBE-Logo_ZW-makesyousing.jpg","contentUrl":"https:\/\/www.zebemusic.com\/wp-content\/uploads\/2025\/10\/ZEBE-Logo_ZW-makesyousing.jpg","width":2212,"height":958,"caption":"ZebeMusic"},"image":{"@id":"https:\/\/www.zebemusic.com\/de\/#\/schema\/logo\/image\/"},"sameAs":["https:\/\/www.facebook.com\/zebemusic","https:\/\/www.instagram.com\/zebemusic","https:\/\/www.youtube.com\/zebemusicberlin"]}]}},"_links":{"self":[{"href":"https:\/\/www.zebemusic.com\/de\/wp-json\/wp\/v2\/product\/1455","targetHints":{"allow":["GET"]}}],"collection":[{"href":"https:\/\/www.zebemusic.com\/de\/wp-json\/wp\/v2\/product"}],"about":[{"href":"https:\/\/www.zebemusic.com\/de\/wp-json\/wp\/v2\/types\/product"}],"wp:featuredmedia":[{"embeddable":true,"href":"https:\/\/www.zebemusic.com\/de\/wp-json\/wp\/v2\/media\/30140"}],"wp:attachment":[{"href":"https:\/\/www.zebemusic.com\/de\/wp-json\/wp\/v2\/media?parent=1455"}],"wp:term":[{"taxonomy":"product_brand","embeddable":true,"href":"https:\/\/www.zebemusic.com\/de\/wp-json\/wp\/v2\/product_brand?post=1455"},{"taxonomy":"product_cat","embeddable":true,"href":"https:\/\/www.zebemusic.com\/de\/wp-json\/wp\/v2\/product_cat?post=1455"},{"taxonomy":"product_tag","embeddable":true,"href":"https:\/\/www.zebemusic.com\/de\/wp-json\/wp\/v2\/product_tag?post=1455"}],"curies":[{"name":"wp","href":"https:\/\/api.w.org\/{rel}","templated":true}]}}