{"id":1469,"date":"2014-03-14T11:46:04","date_gmt":"2014-03-14T09:46:04","guid":{"rendered":"http:\/\/zebemusic.smukkeberg.com\/shop\/musical\/reasons\/"},"modified":"2026-03-17T13:37:49","modified_gmt":"2026-03-17T12:37:49","slug":"reasons","status":"publish","type":"product","link":"https:\/\/www.zebemusic.com\/de\/product\/reasons\/","title":{"rendered":"Reasons"},"content":{"rendered":"","protected":false},"excerpt":{"rendered":"<p><span id=\"pic\"><\/span>Die Gospelsongs von Niko Schlenker sind seit langem Quelle f\u00fcr ambitionierte Gospelch\u00f6re.<br \/>\nLeidenschaftliche, zeitgem\u00e4\u00dfe Kompositionen, die gleichzeitig hervorragend umsetzbar sind, \u00fcberzeugen Chorleiter und S\u00e4nger gleicherma\u00dfen.<\/p>\n<p>Besonders beliebt ist Niko Schlenkers Musik in Workshop- und Konzertch\u00f6ren mit instrumentaler Begleitung. Die Chors\u00e4tze sind vielfach praxiserprobt und die sorgf\u00e4ltig ausgearbeitete Notenausgabe hat sich bew\u00e4hrt. Die Arrangements kommen meist mit einer M\u00e4nnerstimme aus, Solisten sind vorgesehen. Die Sammlung enth\u00e4lt einen a-cappella-Song in traditioneller Spiritual-Stilistik: &#8220;Awesome God&#8221;. Hierf\u00fcr ist als vierte Stimme ein Bass vorgesehen.<br \/>\nAnsonsten bilden Klavier und Chor ein groovendes Ganzes, wobei jeder Song einen eigenen, besonderen Character besitzt.<\/p>\n<p>Dazu dazugeh\u00f6rige Album mit den \u201eAngels\u201c ist absolut h\u00f6renswert! Mit den Solostimmen von Deborah Woodson und James Smith liefern die Aufnahmen absolute Starbesetzung.<\/p>\n<p style=\"padding-left: 30px;\"><span style=\"color: #993300;\"><strong><em><br \/>\n\u201c<em>Diese Kompositionen enthalten alles, was die Musikrichtungen Contemporary Black Gospel, im Contemporary Rhythm and Blues oder im tanzbaren Funk an musikalischen Kombinationen, Effekten und Finessen bereithalten\u2026. Man f\u00fchlt sich sofort in eine der afroamerikanischen Kirchen versetzt.<\/em>\u201d\u00a0 <\/em><\/strong><\/span>(Musik &amp; Kirche)<\/p>\n<p style=\"padding-left: 30px;\"><span style=\"color: #993300;\"><em><strong>\u201c<em>Herrlich verzwickte Arrangements, harmonisch interessante und spannende Passagen, begeisternde Vamps.<br \/>\nEin Repertoire, welches sich durchaus mit amerikanischen Kompositionen messen kann.<\/em>\u201d<\/strong><\/em><\/span>\u00a0\u00a0 (gospelszene.de)<\/p>\n<p style=\"padding-left: 30px;\"><em><strong><span style=\"color: #993300;\">\u201c<em>Moderne und erfrischend neue Gospelsongs in raffinierten Arrangements\u2026 \u00dcberzeugen durch musikalische Vielfalt, Ideenreichtum und inhaltliche Tiefe.<\/em>\u201d\u00a0\u00a0<\/span>\u00a0 <\/strong><\/em>(Singen)<\/p>\n<p>&nbsp;<\/p>\n<p><strong>Inhalt: <\/strong><span style=\"color: #717171;\">I\u2019ve Got A Reason, Beauty For Ashes, I Thank You, As We Worship, God Has Kept Me, Abide In Me, Awesome God, I Love, Learn To Live, Lamb Of God, My God Is So Good<\/span><\/p>\n<hr \/>\n<p><strong><span style=\"color: #717171;\">Text und Musik: <\/span><\/strong> <a href=\"https:\/\/www.zebemusic.com\/de\/ueber-uns\/autoren\/nikoschlenker\/\">Niko Schlenker<\/a><br \/>\n<strong><span style=\"color: #717171;\">Besetzung:<\/span><\/strong> S.A.T.B.\/S.A.Bar., Pno.<br \/>\n<strong><span style=\"color: #717171;\">Schwierigkeitsgrad:<\/span><\/strong> mittel<\/p>\n<p><strong><a href=\"\/wp-content\/PP\/PP4020.pdf\" target=\"_blank\" rel=\"noopener noreferrer\">Probepartitur zum Download <\/a><\/strong>&gt;&gt;&gt;<\/p>\n<p><strong><a href=\"\/audio\/ZEBE4020.mp3\" target=\"_blank\" rel=\"noopener noreferrer\">H\u00f6rprobe &gt;&gt;&gt;<\/a> <\/strong><\/p>\n<p><a href=\"\/audio\/ZEBE4025.mp3\">H\u00f6rprobe Playback &gt;&gt;&gt;<\/a><\/p>\n<hr \/>\n<p><strong>Erh\u00e4ltliche Ausf\u00fchrungen:<\/strong><\/p>\n<p><strong><strong>\u2022 <\/strong>Partitur<\/strong> (ZE 4020, ISBN 978-3-940745-33-0, 64 Seiten) \u20ac 14,90<strong><br \/>\n<\/strong>In dieser Ausgabe sind die Noten f\u00fcr Chor, Solisten und Klavier enthalten. F\u00fcr weitere Begleit- oder Solo-Instrumente sind Akkordsymbole notiert.<\/p>\n<p><strong>\u2022 Chorausgabe<\/strong> (ZE 4021, ISBN 978-3-940745-36-1, 32 Seiten, nur in Chorst\u00e4rke!) \u20ac 6,90<strong><br \/>\n<\/strong>Die g\u00fcnstige Chorausgabe zu Niko Schlenkers Sammlung \u201eReasons\u201c mit allen 11 Songs! Das Heft enth\u00e4lt den gesamten Gesangspart ohne die Klavierbegleitung.<\/p>\n<p><strong>\u2022 Mp3 Download des Albums\u00a0<\/strong> \u20ac 7,99<br \/>\nZusammen mit Niko Schlenker &amp; &#8220;The Angels&#8221; sind als Special Guests der unvergleichliche James Smith und die strahlende Gospeldiva Deborah Woodson zu h\u00f6ren.<\/p>\n<p><strong>\u2022 Playback-CD <\/strong>(ZE 9023, ISBN 978-3-940745-73-6) \u20ac 29,90 oder als mp3-Download \u20ac 19,99<br \/>\nAuf der Playback-CD sind alle Songs der Ausgabe in Originalbesetzung. Beste Soundqualit\u00e4t f\u00fcr Probe und Auftritt!<\/p>\n<p><strong><strong>\u2022 <\/strong>Downloads und Einzelausgaben<\/strong><br \/>\n<a href=\"https:\/\/www.zebemusic.com\/de\/product\/reasons-downloads\/\">HIER<\/a> haben wir f\u00fcr Sie die Noten und mp3-Dateien der H\u00f6r- und Playback-CD bereitgestellt.<\/p>\n","protected":false},"featured_media":188,"template":"","meta":{"_acf_changed":false},"product_brand":[],"product_cat":[13],"product_tag":[657,156,155],"class_list":{"0":"post-1469","1":"product","2":"type-product","3":"status-publish","4":"has-post-thumbnail","6":"product_cat-gospel","7":"product_tag-cd","8":"product_tag-frauen","9":"product_tag-schlenker","10":"pa_diff-mittel","11":"pa_diff-schwer","12":"pa_language-englisch","13":"pa_occ-abendmahl-kommunion","14":"pa_occ-angst-und-vertrauen","15":"pa_occ-biblische-geschichten","16":"pa_occ-dankbarkeit","17":"pa_occ-lobpreis","18":"pa_occ-pfingsten","19":"pa_occ-taufe-und-zeugnis","20":"pa_others-sammlungen","21":"pa_variation-begleit-cd","22":"pa_variation-cd","23":"pa_variation-chorausgabe","24":"pa_variation-leaders-pak","25":"pa_variation-mp3-download-der-begleit-cd","26":"pa_variation-mp3-download-der-hoer-cd","27":"pa_variation-partitur","28":"pa_variation-partiturcd","29":"pa_voicing-acappella-de","30":"pa_voicing-mit-begleitung","31":"pa_voicing-mit-solist","32":"pa_voicing-sam-de","33":"pa_voicing-satb-de","34":"pa_voicing-ssa-de","36":"first","37":"instock","38":"taxable","39":"shipping-taxable","40":"purchasable","41":"product-type-variable","42":"has-default-attributes"},"acf":[],"yoast_head":"<!-- This site is optimized with the Yoast SEO plugin v27.5 - https:\/\/yoast.com\/product\/yoast-seo-wordpress\/ -->\n<title>Reasons<\/title>\n<meta name=\"description\" content=\"Neue, ber\u00fchrende und mitrei\u00dfende Gospel Songs f\u00fcr 3stimmigen Chor und Begleitung. &quot;Musikalische Vielfalt, Ideenreichtum und inhaltliche Tiefe.\u201d (Singen)\" \/>\n<meta name=\"robots\" content=\"index, follow, max-snippet:-1, max-image-preview:large, max-video-preview:-1\" \/>\n<link rel=\"canonical\" href=\"https:\/\/www.zebemusic.com\/de\/product\/reasons\/\" \/>\n<meta property=\"og:locale\" content=\"de_DE\" \/>\n<meta property=\"og:type\" content=\"article\" \/>\n<meta property=\"og:title\" content=\"Reasons\" \/>\n<meta property=\"og:description\" content=\"Neue, ber\u00fchrende und mitrei\u00dfende Gospel Songs f\u00fcr 3stimmigen Chor und Begleitung. &quot;Musikalische Vielfalt, Ideenreichtum und inhaltliche Tiefe.\u201d (Singen)\" \/>\n<meta property=\"og:url\" content=\"https:\/\/www.zebemusic.com\/de\/product\/reasons\/\" \/>\n<meta property=\"og:site_name\" content=\"ZebeMusic\" \/>\n<meta property=\"article:publisher\" content=\"https:\/\/www.facebook.com\/zebemusic\" \/>\n<meta property=\"article:modified_time\" content=\"2026-03-17T12:37:49+00:00\" \/>\n<meta property=\"og:image\" content=\"https:\/\/www.zebemusic.com\/wp-content\/uploads\/2013\/08\/ZEBE4020.jpg\" \/>\n\t<meta property=\"og:image:width\" content=\"455\" \/>\n\t<meta property=\"og:image:height\" content=\"601\" \/>\n\t<meta property=\"og:image:type\" content=\"image\/jpeg\" \/>\n<meta name=\"twitter:card\" content=\"summary_large_image\" \/>\n<meta name=\"twitter:label1\" content=\"Est. reading time\" \/>\n\t<meta name=\"twitter:data1\" content=\"1 minute\" \/>\n<script type=\"application\/ld+json\" class=\"yoast-schema-graph\">{\"@context\":\"https:\\\/\\\/schema.org\",\"@graph\":[{\"@type\":\"WebPage\",\"@id\":\"https:\\\/\\\/www.zebemusic.com\\\/de\\\/product\\\/reasons\\\/\",\"url\":\"https:\\\/\\\/www.zebemusic.com\\\/de\\\/product\\\/reasons\\\/\",\"name\":\"Reasons\",\"isPartOf\":{\"@id\":\"https:\\\/\\\/www.zebemusic.com\\\/de\\\/#website\"},\"primaryImageOfPage\":{\"@id\":\"https:\\\/\\\/www.zebemusic.com\\\/de\\\/product\\\/reasons\\\/#primaryimage\"},\"image\":{\"@id\":\"https:\\\/\\\/www.zebemusic.com\\\/de\\\/product\\\/reasons\\\/#primaryimage\"},\"thumbnailUrl\":\"https:\\\/\\\/www.zebemusic.com\\\/wp-content\\\/uploads\\\/2013\\\/08\\\/ZEBE4020.jpg\",\"datePublished\":\"2014-03-14T09:46:04+00:00\",\"dateModified\":\"2026-03-17T12:37:49+00:00\",\"description\":\"Neue, ber\u00fchrende und mitrei\u00dfende Gospel Songs f\u00fcr 3stimmigen Chor und Begleitung. \\\"Musikalische Vielfalt, Ideenreichtum und inhaltliche Tiefe.\u201d (Singen)\",\"breadcrumb\":{\"@id\":\"https:\\\/\\\/www.zebemusic.com\\\/de\\\/product\\\/reasons\\\/#breadcrumb\"},\"inLanguage\":\"de-DE\",\"potentialAction\":[{\"@type\":\"ReadAction\",\"target\":[\"https:\\\/\\\/www.zebemusic.com\\\/de\\\/product\\\/reasons\\\/\"]}]},{\"@type\":\"ImageObject\",\"inLanguage\":\"de-DE\",\"@id\":\"https:\\\/\\\/www.zebemusic.com\\\/de\\\/product\\\/reasons\\\/#primaryimage\",\"url\":\"https:\\\/\\\/www.zebemusic.com\\\/wp-content\\\/uploads\\\/2013\\\/08\\\/ZEBE4020.jpg\",\"contentUrl\":\"https:\\\/\\\/www.zebemusic.com\\\/wp-content\\\/uploads\\\/2013\\\/08\\\/ZEBE4020.jpg\",\"width\":455,\"height\":601},{\"@type\":\"BreadcrumbList\",\"@id\":\"https:\\\/\\\/www.zebemusic.com\\\/de\\\/product\\\/reasons\\\/#breadcrumb\",\"itemListElement\":[{\"@type\":\"ListItem\",\"position\":1,\"name\":\"Shop\",\"item\":\"https:\\\/\\\/www.zebemusic.com\\\/de\\\/shop-2\\\/\"},{\"@type\":\"ListItem\",\"position\":2,\"name\":\"Reasons\"}]},{\"@type\":\"WebSite\",\"@id\":\"https:\\\/\\\/www.zebemusic.com\\\/de\\\/#website\",\"url\":\"https:\\\/\\\/www.zebemusic.com\\\/de\\\/\",\"name\":\"ZebeMusic\",\"description\":\"makes you sing.\",\"publisher\":{\"@id\":\"https:\\\/\\\/www.zebemusic.com\\\/de\\\/#organization\"},\"alternateName\":\"Gospelnoten & Kindermusicals\",\"potentialAction\":[{\"@type\":\"SearchAction\",\"target\":{\"@type\":\"EntryPoint\",\"urlTemplate\":\"https:\\\/\\\/www.zebemusic.com\\\/de\\\/?s={search_term_string}\"},\"query-input\":{\"@type\":\"PropertyValueSpecification\",\"valueRequired\":true,\"valueName\":\"search_term_string\"}}],\"inLanguage\":\"de-DE\"},{\"@type\":\"Organization\",\"@id\":\"https:\\\/\\\/www.zebemusic.com\\\/de\\\/#organization\",\"name\":\"ZebeMusic\",\"url\":\"https:\\\/\\\/www.zebemusic.com\\\/de\\\/\",\"logo\":{\"@type\":\"ImageObject\",\"inLanguage\":\"de-DE\",\"@id\":\"https:\\\/\\\/www.zebemusic.com\\\/de\\\/#\\\/schema\\\/logo\\\/image\\\/\",\"url\":\"https:\\\/\\\/www.zebemusic.com\\\/wp-content\\\/uploads\\\/2025\\\/10\\\/ZEBE-Logo_ZW-makesyousing.jpg\",\"contentUrl\":\"https:\\\/\\\/www.zebemusic.com\\\/wp-content\\\/uploads\\\/2025\\\/10\\\/ZEBE-Logo_ZW-makesyousing.jpg\",\"width\":2212,\"height\":958,\"caption\":\"ZebeMusic\"},\"image\":{\"@id\":\"https:\\\/\\\/www.zebemusic.com\\\/de\\\/#\\\/schema\\\/logo\\\/image\\\/\"},\"sameAs\":[\"https:\\\/\\\/www.facebook.com\\\/zebemusic\",\"https:\\\/\\\/www.instagram.com\\\/zebemusic\",\"https:\\\/\\\/www.youtube.com\\\/zebemusicberlin\"]}]}<\/script>\n<!-- \/ Yoast SEO plugin. -->","yoast_head_json":{"title":"Reasons","description":"Neue, ber\u00fchrende und mitrei\u00dfende Gospel Songs f\u00fcr 3stimmigen Chor und Begleitung. \"Musikalische Vielfalt, Ideenreichtum und inhaltliche Tiefe.\u201d (Singen)","robots":{"index":"index","follow":"follow","max-snippet":"max-snippet:-1","max-image-preview":"max-image-preview:large","max-video-preview":"max-video-preview:-1"},"canonical":"https:\/\/www.zebemusic.com\/de\/product\/reasons\/","og_locale":"de_DE","og_type":"article","og_title":"Reasons","og_description":"Neue, ber\u00fchrende und mitrei\u00dfende Gospel Songs f\u00fcr 3stimmigen Chor und Begleitung. \"Musikalische Vielfalt, Ideenreichtum und inhaltliche Tiefe.\u201d (Singen)","og_url":"https:\/\/www.zebemusic.com\/de\/product\/reasons\/","og_site_name":"ZebeMusic","article_publisher":"https:\/\/www.facebook.com\/zebemusic","article_modified_time":"2026-03-17T12:37:49+00:00","og_image":[{"width":455,"height":601,"url":"https:\/\/www.zebemusic.com\/wp-content\/uploads\/2013\/08\/ZEBE4020.jpg","type":"image\/jpeg"}],"twitter_card":"summary_large_image","twitter_misc":{"Est. reading time":"1 minute"},"schema":{"@context":"https:\/\/schema.org","@graph":[{"@type":"WebPage","@id":"https:\/\/www.zebemusic.com\/de\/product\/reasons\/","url":"https:\/\/www.zebemusic.com\/de\/product\/reasons\/","name":"Reasons","isPartOf":{"@id":"https:\/\/www.zebemusic.com\/de\/#website"},"primaryImageOfPage":{"@id":"https:\/\/www.zebemusic.com\/de\/product\/reasons\/#primaryimage"},"image":{"@id":"https:\/\/www.zebemusic.com\/de\/product\/reasons\/#primaryimage"},"thumbnailUrl":"https:\/\/www.zebemusic.com\/wp-content\/uploads\/2013\/08\/ZEBE4020.jpg","datePublished":"2014-03-14T09:46:04+00:00","dateModified":"2026-03-17T12:37:49+00:00","description":"Neue, ber\u00fchrende und mitrei\u00dfende Gospel Songs f\u00fcr 3stimmigen Chor und Begleitung. \"Musikalische Vielfalt, Ideenreichtum und inhaltliche Tiefe.\u201d (Singen)","breadcrumb":{"@id":"https:\/\/www.zebemusic.com\/de\/product\/reasons\/#breadcrumb"},"inLanguage":"de-DE","potentialAction":[{"@type":"ReadAction","target":["https:\/\/www.zebemusic.com\/de\/product\/reasons\/"]}]},{"@type":"ImageObject","inLanguage":"de-DE","@id":"https:\/\/www.zebemusic.com\/de\/product\/reasons\/#primaryimage","url":"https:\/\/www.zebemusic.com\/wp-content\/uploads\/2013\/08\/ZEBE4020.jpg","contentUrl":"https:\/\/www.zebemusic.com\/wp-content\/uploads\/2013\/08\/ZEBE4020.jpg","width":455,"height":601},{"@type":"BreadcrumbList","@id":"https:\/\/www.zebemusic.com\/de\/product\/reasons\/#breadcrumb","itemListElement":[{"@type":"ListItem","position":1,"name":"Shop","item":"https:\/\/www.zebemusic.com\/de\/shop-2\/"},{"@type":"ListItem","position":2,"name":"Reasons"}]},{"@type":"WebSite","@id":"https:\/\/www.zebemusic.com\/de\/#website","url":"https:\/\/www.zebemusic.com\/de\/","name":"ZebeMusic","description":"makes you sing.","publisher":{"@id":"https:\/\/www.zebemusic.com\/de\/#organization"},"alternateName":"Gospelnoten & Kindermusicals","potentialAction":[{"@type":"SearchAction","target":{"@type":"EntryPoint","urlTemplate":"https:\/\/www.zebemusic.com\/de\/?s={search_term_string}"},"query-input":{"@type":"PropertyValueSpecification","valueRequired":true,"valueName":"search_term_string"}}],"inLanguage":"de-DE"},{"@type":"Organization","@id":"https:\/\/www.zebemusic.com\/de\/#organization","name":"ZebeMusic","url":"https:\/\/www.zebemusic.com\/de\/","logo":{"@type":"ImageObject","inLanguage":"de-DE","@id":"https:\/\/www.zebemusic.com\/de\/#\/schema\/logo\/image\/","url":"https:\/\/www.zebemusic.com\/wp-content\/uploads\/2025\/10\/ZEBE-Logo_ZW-makesyousing.jpg","contentUrl":"https:\/\/www.zebemusic.com\/wp-content\/uploads\/2025\/10\/ZEBE-Logo_ZW-makesyousing.jpg","width":2212,"height":958,"caption":"ZebeMusic"},"image":{"@id":"https:\/\/www.zebemusic.com\/de\/#\/schema\/logo\/image\/"},"sameAs":["https:\/\/www.facebook.com\/zebemusic","https:\/\/www.instagram.com\/zebemusic","https:\/\/www.youtube.com\/zebemusicberlin"]}]}},"_links":{"self":[{"href":"https:\/\/www.zebemusic.com\/de\/wp-json\/wp\/v2\/product\/1469","targetHints":{"allow":["GET"]}}],"collection":[{"href":"https:\/\/www.zebemusic.com\/de\/wp-json\/wp\/v2\/product"}],"about":[{"href":"https:\/\/www.zebemusic.com\/de\/wp-json\/wp\/v2\/types\/product"}],"wp:featuredmedia":[{"embeddable":true,"href":"https:\/\/www.zebemusic.com\/de\/wp-json\/wp\/v2\/media\/188"}],"wp:attachment":[{"href":"https:\/\/www.zebemusic.com\/de\/wp-json\/wp\/v2\/media?parent=1469"}],"wp:term":[{"taxonomy":"product_brand","embeddable":true,"href":"https:\/\/www.zebemusic.com\/de\/wp-json\/wp\/v2\/product_brand?post=1469"},{"taxonomy":"product_cat","embeddable":true,"href":"https:\/\/www.zebemusic.com\/de\/wp-json\/wp\/v2\/product_cat?post=1469"},{"taxonomy":"product_tag","embeddable":true,"href":"https:\/\/www.zebemusic.com\/de\/wp-json\/wp\/v2\/product_tag?post=1469"}],"curies":[{"name":"wp","href":"https:\/\/api.w.org\/{rel}","templated":true}]}}