{"id":1538,"date":"2014-03-15T19:54:15","date_gmt":"2014-03-15T17:54:15","guid":{"rendered":"http:\/\/zebemusic.smukkeberg.com\/shop\/musical\/lydia\/"},"modified":"2026-01-19T11:27:12","modified_gmt":"2026-01-19T10:27:12","slug":"lydia-musical","status":"publish","type":"product","link":"https:\/\/www.zebemusic.com\/de\/product\/lydia-musical\/","title":{"rendered":"Lydia &#8211; Die Purpurh\u00e4ndlerin"},"content":{"rendered":"","protected":false},"excerpt":{"rendered":"<p>Dieses Musical erz\u00e4hlt die dramatische Lebensgeschichte der Lydia, einer F\u00fcrstentochter, die sich nach langen Jahren der Sklaverei zur selbstst\u00e4ndigen Gesch\u00e4ftsfrau hocharbeitet. In einer Zeit der religi\u00f6sen Vielfalt ist sie best\u00e4ndig auf der Suche nach einem Gott, der sie ganz pers\u00f6nlich ansprichst. Gott \u00f6ffnet Lydia das Herz f\u00fcr sein Geheimnis der Mensch gewordenen Liebe in Jesus. So wird sie die erste Christin in Europa und \u00f6ffnet ihr Haus f\u00fcr die erste Gemeinde in Philippi.<\/p>\n<p>F\u00fcr ein- bis vierstimmigen Chor (S.A.A.B.), Solisten, Klavier, Bass, Schlagzeug und zwei Melodie-Instrumente.<\/p>\n<p style=\"padding-left: 30px;\"><span style=\"color: #993300;\"><strong>&#8220;In den unterschiedlichen Charakteren werden sich viele Jugendliche wiederfinden und zu lebendiger Darstellung angeregt\u2026. Gut geschulte Jugend- und Schulch\u00f6re werden mit dem Musical viel Freude und Erfolg haben.&#8221;<\/strong>\u00a0 <span style=\"color: #000000;\">(Musik &amp; Kirche)<\/span><\/span><\/p>\n<p style=\"padding-left: 30px;\"><span style=\"color: #993300;\"><strong>&#8220;Ist in seiner Historizit\u00e4t nachvollziehbar und spannend gestaltet\u2026.<\/strong><\/span><br \/>\n<span style=\"color: #993300;\"> <strong> Kann alters\u00fcbergreifend aufgef\u00fchrt werden , ist musikalisch ansprechend &#8211; poppig und eing\u00e4ngig -, und variabel, aber unaufwendig arrangiert.&#8221;<\/strong>\u00a0 <span style=\"color: #000000;\">(Chorzeit)<\/span><\/span><\/p>\n<p style=\"padding-left: 30px;\"><span style=\"color: #993300;\"><strong>&#8220;Junge Ch\u00f6re, die im Bereich Popmusik arbeiten, werden ihre Freude am Musical haben!&#8221;<\/strong>\u00a0 <span style=\"color: #000000;\">(Musica Sacra)<\/span><\/span><\/p>\n<hr \/>\n<p>&nbsp;<\/p>\n<p><center><iframe loading=\"lazy\" src=\"\/\/www.youtube.com\/embed\/hTqsELKyFGo\" width=\"560\" height=\"315\" frameborder=\"0\" allowfullscreen=\"allowfullscreen\"><\/iframe><\/center>&nbsp;<\/p>\n<p><strong><span style=\"color: #717171;\">Musik: <\/span><\/strong><a href=\"\/andreasmuecksch\">Andreas M\u00fccksch<\/a><br \/>\n<strong><span style=\"color: #717171;\">Libretto:<\/span><\/strong> <a href=\"\/barbaraschatz\">Barbara Schatz<\/a><br \/>\n<strong>Besetzung:<\/strong> S. (bis S.A.A.B. ad lib.), Soli, Klavier, Bass, Schlagzeug und zwei Melodie-Instrumente<br \/>\n<strong>Dauer:<\/strong> ca. 70 min.<br \/>\n<strong>Schwierigkeitsgrad:<\/strong> leicht-mittel<\/p>\n<p><strong><a href=\"\/wp-content\/PP\/PP2220.pdf\" target=\"_blank\" rel=\"noopener noreferrer\">Probepartitur zum Download <\/a><\/strong>&gt;&gt;&gt;<\/p>\n<hr \/>\n<p><strong>Erh\u00e4ltliche Ausf\u00fchrungen:<\/strong><\/p>\n<p><strong><br \/>\n\u2022 Partitur<\/strong> (ZE 2222, ISBN 978-3-940745-95-8, A4, 68 Seiten) \u20ac 16,90<\/p>\n<p><strong>\u2022 Chorausgabe<\/strong> mit allen Liedern und Texten (ZE 2221, A4, 56 Seiten, ISBN 978-3-940745-98-9) \u20ac 4,95<\/p>\n<p><strong>\u2022 Package <\/strong>mit Partitur, Instrumenten und 20 Chorausgaben (ZE 2220) \u20ac 110,00<\/p>\n<p><strong>\u2022 Klavier <\/strong> (ZE 2223, 20 Seiten) \u20ac 8,00<br \/>\n<strong>\u2022 Schlagzeug <\/strong>(ZE 2224, 12 Seiten) \u20ac 6,00<br \/>\n<strong>\u2022 Bass <\/strong>(ZE 2225, 16 Seiten) \u20ac 6,00<br \/>\n<strong>\u2022 2 Melodie-Instrumente (Fl\u00f6ten) <\/strong>(ZE 2226, 12 Seiten) \u20ac 6,00<\/p>\n<p><strong>\u2022 Live-Mitschnitt zum mp3-Download<\/strong>, kostenlos<\/p>\n<p>Bitte w\u00e4hlen Sie hier aus:<\/p>\n","protected":false},"featured_media":764,"template":"","meta":{"_acf_changed":false},"product_brand":[],"product_cat":[15],"product_tag":[148],"class_list":{"0":"post-1538","1":"product","2":"type-product","3":"status-publish","4":"has-post-thumbnail","6":"product_cat-kindermusical","7":"product_tag-muecksch","8":"pa_diff-mittel","9":"pa_language-deutsch","10":"pa_occ-biblische-geschichten","11":"pa_occ-neues-testament","12":"pa_occ-schul-gemeindeprojekt","13":"pa_others-lizensierung","14":"pa_style-genre-musical-de","15":"pa_style-genre-pop-crossover-de","16":"pa_variation-bass","17":"pa_variation-chorausgabe","18":"pa_variation-floeten","19":"pa_variation-klavier","20":"pa_variation-live-mitschnitt-mp3-download-ca-75-mb","21":"pa_variation-package","22":"pa_variation-partitur","23":"pa_variation-schlagzeug","24":"pa_voicing-kinderchor","25":"pa_voicing-mit-band","26":"pa_voicing-mit-begleitung","27":"pa_voicing-mit-solist","28":"pa_voicing-sa-de","29":"pa_voicing-sam-de","30":"pa_voicing-ssa-de","31":"pa_voicing-ssaa-de","33":"first","34":"instock","35":"taxable","36":"shipping-taxable","37":"purchasable","38":"product-type-variable","39":"has-default-attributes"},"acf":[],"yoast_head":"<!-- This site is optimized with the Yoast SEO plugin v27.4 - https:\/\/yoast.com\/product\/yoast-seo-wordpress\/ -->\n<title>Lydia - Die Purpurh\u00e4ndlerin - Lydia-Musical<\/title>\n<meta name=\"description\" content=\"Spannendes Musical f\u00fcr Kinder und Jugendliche \u00fcber das Leben einer faszinierenden Frau: Lydia, erste Christin in Europa. Zum Lydia-Musical &gt;&gt;\" \/>\n<meta name=\"robots\" content=\"index, follow, max-snippet:-1, max-image-preview:large, max-video-preview:-1\" \/>\n<link rel=\"canonical\" href=\"https:\/\/www.zebemusic.com\/de\/product\/lydia-musical\/\" \/>\n<meta property=\"og:locale\" content=\"de_DE\" \/>\n<meta property=\"og:type\" content=\"article\" \/>\n<meta property=\"og:title\" content=\"Lydia - Die Purpurh\u00e4ndlerin - Lydia-Musical\" \/>\n<meta property=\"og:description\" content=\"Spannendes Musical f\u00fcr Kinder und Jugendliche \u00fcber das Leben einer faszinierenden Frau: Lydia, erste Christin in Europa. Zum Lydia-Musical &gt;&gt;\" \/>\n<meta property=\"og:url\" content=\"https:\/\/www.zebemusic.com\/de\/product\/lydia-musical\/\" \/>\n<meta property=\"og:site_name\" content=\"ZebeMusic\" \/>\n<meta property=\"article:publisher\" content=\"https:\/\/www.facebook.com\/zebemusic\" \/>\n<meta property=\"article:modified_time\" content=\"2026-01-19T10:27:12+00:00\" \/>\n<meta property=\"og:image\" content=\"https:\/\/www.zebemusic.com\/wp-content\/uploads\/2014\/02\/51RtVUZyDjL._.jpg\" \/>\n\t<meta property=\"og:image:width\" content=\"353\" \/>\n\t<meta property=\"og:image:height\" content=\"500\" \/>\n\t<meta property=\"og:image:type\" content=\"image\/jpeg\" \/>\n<meta name=\"twitter:card\" content=\"summary_large_image\" \/>\n<meta name=\"twitter:label1\" content=\"Est. reading time\" \/>\n\t<meta name=\"twitter:data1\" content=\"1 minute\" \/>\n<script type=\"application\/ld+json\" class=\"yoast-schema-graph\">{\"@context\":\"https:\\\/\\\/schema.org\",\"@graph\":[{\"@type\":\"WebPage\",\"@id\":\"https:\\\/\\\/www.zebemusic.com\\\/de\\\/product\\\/lydia-musical\\\/\",\"url\":\"https:\\\/\\\/www.zebemusic.com\\\/de\\\/product\\\/lydia-musical\\\/\",\"name\":\"Lydia - Die Purpurh\u00e4ndlerin - Lydia-Musical\",\"isPartOf\":{\"@id\":\"https:\\\/\\\/www.zebemusic.com\\\/de\\\/#website\"},\"primaryImageOfPage\":{\"@id\":\"https:\\\/\\\/www.zebemusic.com\\\/de\\\/product\\\/lydia-musical\\\/#primaryimage\"},\"image\":{\"@id\":\"https:\\\/\\\/www.zebemusic.com\\\/de\\\/product\\\/lydia-musical\\\/#primaryimage\"},\"thumbnailUrl\":\"https:\\\/\\\/www.zebemusic.com\\\/wp-content\\\/uploads\\\/2014\\\/02\\\/51RtVUZyDjL._.jpg\",\"datePublished\":\"2014-03-15T17:54:15+00:00\",\"dateModified\":\"2026-01-19T10:27:12+00:00\",\"description\":\"Spannendes Musical f\u00fcr Kinder und Jugendliche \u00fcber das Leben einer faszinierenden Frau: Lydia, erste Christin in Europa. Zum Lydia-Musical >>\",\"breadcrumb\":{\"@id\":\"https:\\\/\\\/www.zebemusic.com\\\/de\\\/product\\\/lydia-musical\\\/#breadcrumb\"},\"inLanguage\":\"de-DE\",\"potentialAction\":[{\"@type\":\"ReadAction\",\"target\":[\"https:\\\/\\\/www.zebemusic.com\\\/de\\\/product\\\/lydia-musical\\\/\"]}]},{\"@type\":\"ImageObject\",\"inLanguage\":\"de-DE\",\"@id\":\"https:\\\/\\\/www.zebemusic.com\\\/de\\\/product\\\/lydia-musical\\\/#primaryimage\",\"url\":\"https:\\\/\\\/www.zebemusic.com\\\/wp-content\\\/uploads\\\/2014\\\/02\\\/51RtVUZyDjL._.jpg\",\"contentUrl\":\"https:\\\/\\\/www.zebemusic.com\\\/wp-content\\\/uploads\\\/2014\\\/02\\\/51RtVUZyDjL._.jpg\",\"width\":353,\"height\":500,\"caption\":\"Lydia-Musical\"},{\"@type\":\"BreadcrumbList\",\"@id\":\"https:\\\/\\\/www.zebemusic.com\\\/de\\\/product\\\/lydia-musical\\\/#breadcrumb\",\"itemListElement\":[{\"@type\":\"ListItem\",\"position\":1,\"name\":\"Shop\",\"item\":\"https:\\\/\\\/www.zebemusic.com\\\/de\\\/shop-2\\\/\"},{\"@type\":\"ListItem\",\"position\":2,\"name\":\"Lydia &#8211; Die Purpurh\u00e4ndlerin\"}]},{\"@type\":\"WebSite\",\"@id\":\"https:\\\/\\\/www.zebemusic.com\\\/de\\\/#website\",\"url\":\"https:\\\/\\\/www.zebemusic.com\\\/de\\\/\",\"name\":\"ZebeMusic\",\"description\":\"makes you sing.\",\"publisher\":{\"@id\":\"https:\\\/\\\/www.zebemusic.com\\\/de\\\/#organization\"},\"alternateName\":\"Gospelnoten & Kindermusicals\",\"potentialAction\":[{\"@type\":\"SearchAction\",\"target\":{\"@type\":\"EntryPoint\",\"urlTemplate\":\"https:\\\/\\\/www.zebemusic.com\\\/de\\\/?s={search_term_string}\"},\"query-input\":{\"@type\":\"PropertyValueSpecification\",\"valueRequired\":true,\"valueName\":\"search_term_string\"}}],\"inLanguage\":\"de-DE\"},{\"@type\":\"Organization\",\"@id\":\"https:\\\/\\\/www.zebemusic.com\\\/de\\\/#organization\",\"name\":\"ZebeMusic\",\"url\":\"https:\\\/\\\/www.zebemusic.com\\\/de\\\/\",\"logo\":{\"@type\":\"ImageObject\",\"inLanguage\":\"de-DE\",\"@id\":\"https:\\\/\\\/www.zebemusic.com\\\/de\\\/#\\\/schema\\\/logo\\\/image\\\/\",\"url\":\"https:\\\/\\\/www.zebemusic.com\\\/wp-content\\\/uploads\\\/2025\\\/10\\\/ZEBE-Logo_ZW-makesyousing.jpg\",\"contentUrl\":\"https:\\\/\\\/www.zebemusic.com\\\/wp-content\\\/uploads\\\/2025\\\/10\\\/ZEBE-Logo_ZW-makesyousing.jpg\",\"width\":2212,\"height\":958,\"caption\":\"ZebeMusic\"},\"image\":{\"@id\":\"https:\\\/\\\/www.zebemusic.com\\\/de\\\/#\\\/schema\\\/logo\\\/image\\\/\"},\"sameAs\":[\"https:\\\/\\\/www.facebook.com\\\/zebemusic\",\"https:\\\/\\\/www.instagram.com\\\/zebemusic\",\"https:\\\/\\\/www.youtube.com\\\/zebemusicberlin\"]}]}<\/script>\n<!-- \/ Yoast SEO plugin. -->","yoast_head_json":{"title":"Lydia - Die Purpurh\u00e4ndlerin - Lydia-Musical","description":"Spannendes Musical f\u00fcr Kinder und Jugendliche \u00fcber das Leben einer faszinierenden Frau: Lydia, erste Christin in Europa. Zum Lydia-Musical >>","robots":{"index":"index","follow":"follow","max-snippet":"max-snippet:-1","max-image-preview":"max-image-preview:large","max-video-preview":"max-video-preview:-1"},"canonical":"https:\/\/www.zebemusic.com\/de\/product\/lydia-musical\/","og_locale":"de_DE","og_type":"article","og_title":"Lydia - Die Purpurh\u00e4ndlerin - Lydia-Musical","og_description":"Spannendes Musical f\u00fcr Kinder und Jugendliche \u00fcber das Leben einer faszinierenden Frau: Lydia, erste Christin in Europa. Zum Lydia-Musical >>","og_url":"https:\/\/www.zebemusic.com\/de\/product\/lydia-musical\/","og_site_name":"ZebeMusic","article_publisher":"https:\/\/www.facebook.com\/zebemusic","article_modified_time":"2026-01-19T10:27:12+00:00","og_image":[{"width":353,"height":500,"url":"https:\/\/www.zebemusic.com\/wp-content\/uploads\/2014\/02\/51RtVUZyDjL._.jpg","type":"image\/jpeg"}],"twitter_card":"summary_large_image","twitter_misc":{"Est. reading time":"1 minute"},"schema":{"@context":"https:\/\/schema.org","@graph":[{"@type":"WebPage","@id":"https:\/\/www.zebemusic.com\/de\/product\/lydia-musical\/","url":"https:\/\/www.zebemusic.com\/de\/product\/lydia-musical\/","name":"Lydia - Die Purpurh\u00e4ndlerin - Lydia-Musical","isPartOf":{"@id":"https:\/\/www.zebemusic.com\/de\/#website"},"primaryImageOfPage":{"@id":"https:\/\/www.zebemusic.com\/de\/product\/lydia-musical\/#primaryimage"},"image":{"@id":"https:\/\/www.zebemusic.com\/de\/product\/lydia-musical\/#primaryimage"},"thumbnailUrl":"https:\/\/www.zebemusic.com\/wp-content\/uploads\/2014\/02\/51RtVUZyDjL._.jpg","datePublished":"2014-03-15T17:54:15+00:00","dateModified":"2026-01-19T10:27:12+00:00","description":"Spannendes Musical f\u00fcr Kinder und Jugendliche \u00fcber das Leben einer faszinierenden Frau: Lydia, erste Christin in Europa. Zum Lydia-Musical >>","breadcrumb":{"@id":"https:\/\/www.zebemusic.com\/de\/product\/lydia-musical\/#breadcrumb"},"inLanguage":"de-DE","potentialAction":[{"@type":"ReadAction","target":["https:\/\/www.zebemusic.com\/de\/product\/lydia-musical\/"]}]},{"@type":"ImageObject","inLanguage":"de-DE","@id":"https:\/\/www.zebemusic.com\/de\/product\/lydia-musical\/#primaryimage","url":"https:\/\/www.zebemusic.com\/wp-content\/uploads\/2014\/02\/51RtVUZyDjL._.jpg","contentUrl":"https:\/\/www.zebemusic.com\/wp-content\/uploads\/2014\/02\/51RtVUZyDjL._.jpg","width":353,"height":500,"caption":"Lydia-Musical"},{"@type":"BreadcrumbList","@id":"https:\/\/www.zebemusic.com\/de\/product\/lydia-musical\/#breadcrumb","itemListElement":[{"@type":"ListItem","position":1,"name":"Shop","item":"https:\/\/www.zebemusic.com\/de\/shop-2\/"},{"@type":"ListItem","position":2,"name":"Lydia &#8211; Die Purpurh\u00e4ndlerin"}]},{"@type":"WebSite","@id":"https:\/\/www.zebemusic.com\/de\/#website","url":"https:\/\/www.zebemusic.com\/de\/","name":"ZebeMusic","description":"makes you sing.","publisher":{"@id":"https:\/\/www.zebemusic.com\/de\/#organization"},"alternateName":"Gospelnoten & Kindermusicals","potentialAction":[{"@type":"SearchAction","target":{"@type":"EntryPoint","urlTemplate":"https:\/\/www.zebemusic.com\/de\/?s={search_term_string}"},"query-input":{"@type":"PropertyValueSpecification","valueRequired":true,"valueName":"search_term_string"}}],"inLanguage":"de-DE"},{"@type":"Organization","@id":"https:\/\/www.zebemusic.com\/de\/#organization","name":"ZebeMusic","url":"https:\/\/www.zebemusic.com\/de\/","logo":{"@type":"ImageObject","inLanguage":"de-DE","@id":"https:\/\/www.zebemusic.com\/de\/#\/schema\/logo\/image\/","url":"https:\/\/www.zebemusic.com\/wp-content\/uploads\/2025\/10\/ZEBE-Logo_ZW-makesyousing.jpg","contentUrl":"https:\/\/www.zebemusic.com\/wp-content\/uploads\/2025\/10\/ZEBE-Logo_ZW-makesyousing.jpg","width":2212,"height":958,"caption":"ZebeMusic"},"image":{"@id":"https:\/\/www.zebemusic.com\/de\/#\/schema\/logo\/image\/"},"sameAs":["https:\/\/www.facebook.com\/zebemusic","https:\/\/www.instagram.com\/zebemusic","https:\/\/www.youtube.com\/zebemusicberlin"]}]}},"_links":{"self":[{"href":"https:\/\/www.zebemusic.com\/de\/wp-json\/wp\/v2\/product\/1538","targetHints":{"allow":["GET"]}}],"collection":[{"href":"https:\/\/www.zebemusic.com\/de\/wp-json\/wp\/v2\/product"}],"about":[{"href":"https:\/\/www.zebemusic.com\/de\/wp-json\/wp\/v2\/types\/product"}],"wp:featuredmedia":[{"embeddable":true,"href":"https:\/\/www.zebemusic.com\/de\/wp-json\/wp\/v2\/media\/764"}],"wp:attachment":[{"href":"https:\/\/www.zebemusic.com\/de\/wp-json\/wp\/v2\/media?parent=1538"}],"wp:term":[{"taxonomy":"product_brand","embeddable":true,"href":"https:\/\/www.zebemusic.com\/de\/wp-json\/wp\/v2\/product_brand?post=1538"},{"taxonomy":"product_cat","embeddable":true,"href":"https:\/\/www.zebemusic.com\/de\/wp-json\/wp\/v2\/product_cat?post=1538"},{"taxonomy":"product_tag","embeddable":true,"href":"https:\/\/www.zebemusic.com\/de\/wp-json\/wp\/v2\/product_tag?post=1538"}],"curies":[{"name":"wp","href":"https:\/\/api.w.org\/{rel}","templated":true}]}}