{"id":1542,"date":"2014-03-15T19:57:11","date_gmt":"2014-03-15T17:57:11","guid":{"rendered":"http:\/\/zebemusic.smukkeberg.com\/shop\/gospel\/gospel-choraele\/"},"modified":"2025-10-03T20:40:58","modified_gmt":"2025-10-03T19:40:58","slug":"gospelchoral","status":"publish","type":"product","link":"https:\/\/www.zebemusic.com\/de\/product\/gospelchoral\/","title":{"rendered":"Gospel-Chor\u00e4le"},"content":{"rendered":"<p>Gospelchoral:<br \/>\nF\u00fcnf namhafte und erfahrene Arrangeure und praktizierende Chorleiter stellen in dieser Sammlung eine Auswahl ihrer besten Gospel-Chor\u00e4le vor.<br \/>\nEine Ausgabe, die f\u00fcr Gospelch\u00f6re und ambitionierte Kirchench\u00f6re gleicherma\u00dfen interessant ist. Gesetzt f\u00fcr gemischten Chor (S.A.T.B.) und teilweise Solisten, ist durchgehend die Klavierbegleitung ausnotiert. Jeder Gospelchoral enth\u00e4lt Akkordsymbole, die zum Einsatz weiterer Begleitinstrumente hilfreich sind.<br \/>\nDie Original-Weisen blieben in den Bearbeitungen erhalten und wurden stilistisch gospeltypisch umarrangiert. Unterlegt sind die Originaltexte, unter anderem von Martin Luther, Paul Gerhardt und Joachim Neander, die durch englische Versionen erg\u00e4nzt oder ersetzt werden kann.<br \/>\nDie \u201eGospel-Chor\u00e4le\u201c lassen sich bestens in Konzerten und Gottesdiensten verwenden.<\/p>\n<p><strong>Inhalt:<\/strong><br \/>\nEin feste Burg ist unser Gott, Ein reines Herz, Herr, schaff in mir, Lobe den Herren, den m\u00e4chtigen K\u00f6nig, Lobe den Herren, o meine Seele, <a href=\"http:\/\/www.youtube.com\/embed\/yQqM_2S8zZQ\">Nun danket all und bringet Ehr<\/a>, Tut mir auf die sch\u00f6ne Pforte, Verleih uns Frieden gn\u00e4diglich, Wenn ich, o Sch\u00f6pfer, deine Macht<\/p>\n<p><strong>TIPP:<\/strong> Einzelausgabe zum Download gesucht? <a href=\"https:\/\/www.zebemusic.com\/de\/?s=chor%C3%A4le&amp;post_type=product&amp;type_aws=true&amp;lang=de\"><strong>Hier geht&#8217;s zur \u00dcbersicht<\/strong><\/a><strong>.<\/strong><\/p>\n<p><strong><em><br \/>\n\u201cEs funktioniert! Auch die deutsche Sprache eignet sich f\u00fcr Pop und Gospel. Alte Melodien und Texte kommen uns aus unerwarteter Richtung entgegen und erschlie\u00dfen sich so auf v\u00f6llig neue Weise\u2026<br \/>\nErfrischende, vielseitige und herausfordernde Kollektion, die Br\u00fccken schl\u00e4gt und ganz viel Spa\u00df macht.\u201d<\/em><\/strong><strong><em>\u00a0 <\/em><\/strong>Musik &amp; Kirche<\/p>\n<div align=\"right\"><\/div>\n<p><center><iframe loading=\"lazy\" src=\"\/\/www.youtube.com\/embed\/yQqM_2S8zZQ\" width=\"350\" height=\"250\" frameborder=\"0\" allowfullscreen=\"allowfullscreen\" data-mce-fragment=\"1\"><span style=\"display: inline-block; width: 0px; overflow: hidden; line-height: 0;\" data-mce-type=\"bookmark\" class=\"mce_SELRES_start\">\ufeff<\/span><\/iframe><\/center>&nbsp;<\/p>\n<hr \/>\n<p><strong>Komponisten &amp; Arrangeure:<\/strong> <a href=\"\/holgerhantke\">Holger Hantke<\/a>, <a href=\"\/matthiasnagel\">Matthias Nagel<\/a>, <a href=\"\/nikoschlenker\">Niko Schlenker<\/a>, <a href=\"\/christophschoepsdau\">Christoph Schoepsdau<\/a>, <a href=\"\/stephanzebe\">Stephan Zebe<\/a><br \/>\n<strong>Besetzung:<\/strong> S.A.T.B., Pno.<br \/>\n<strong>Schwierigkeitsgrad:<\/strong> mittel, teilweise anspruchsvoll<\/p>\n<p><strong><a href=\"\/wp-content\/PP\/PP4010.pdf\" target=\"_blank\" rel=\"noopener noreferrer\">Probepartitur zum Download <\/a><\/strong>&gt;&gt;&gt;<\/p>\n<p class=\"wpview-selection-before\"><a href=\"\/audio\/ZEBE4010.mp3\" target=\"_blank\" rel=\"noopener noreferrer\">H\u00f6rprobe<\/a>:<strong><br \/>\n<\/strong><\/p>\n<!--[if lt IE 9]><script>document.createElement('audio');<\/script><![endif]-->\n<audio class=\"wp-audio-shortcode\" id=\"audio-1542-1\" preload=\"none\" style=\"width: 100%;\" controls=\"controls\"><source type=\"audio\/mpeg\" src=\"https:\/\/www.zebemusic.com\/wp-content\/uploads\/2024\/02\/ZEBE4010.mp3?_=1\" \/><a href=\"https:\/\/www.zebemusic.com\/wp-content\/uploads\/2024\/02\/ZEBE4010.mp3\">https:\/\/www.zebemusic.com\/wp-content\/uploads\/2024\/02\/ZEBE4010.mp3<\/a><\/audio>\n<p class=\"wpview-selection-before\"><strong>\u00a0<\/strong><\/p>\n<p>&nbsp;<\/p>\n<hr \/>\n<p><strong>Erh\u00e4ltliche Ausf\u00fchrungen:<\/strong><\/p>\n<p><strong>\u2022 Partitur<\/strong> (ZE 4010, ISBN 978-3940745002, 52 Seiten) \u20ac 14,90<strong><br \/>\n<\/strong>In dieser Ausgabe sind die Noten f\u00fcr Chor, Solisten und Klavier enthalten. F\u00fcr weitere Begleit- oder Solo-Instrumente sind Akkordsymbole notiert.<\/p>\n<p><strong>\u2022 Chorausgabe<\/strong> (ZE 3080, ISBN 978-3-940745-40-8, 24 Seiten, in Chorst\u00e4rke ab 10 St\u00fcck!) \u20ac 6,90<strong><br \/>\n<\/strong>Dieser g\u00fcnstige, gebundene Ausgabe enth\u00e4lt alle Noten f\u00fcr Chor und Solisten.<\/p>\n<p><strong>\u2022 Einzelausgaben<\/strong> sind <b><a href=\"\/gospel-choraele-einzelausgabe\">HIER<\/a><\/b> erh\u00e4ltlich.<\/p>\n","protected":false},"excerpt":{"rendered":"<p><span id=\"pic\"><\/span>F\u00fcnf namhafte und erfahrene Arrangeure und praktizierende Chorleiter stellen in dieser Sammlung eine Auswahl ihrer besten Gospel-Chor\u00e4le vor.<br \/>\nEine Ausgabe, die f\u00fcr Gospelch\u00f6re und ambitionierte Kirchench\u00f6re gleicherma\u00dfen interessant ist. Gesetzt f\u00fcr gemischten Chor (S.A.T.B.) und teilweise Solisten, ist durchgehend die Klavierbegleitung ausnotiert. Akkordsymbole sind zum Einsatz weiterer Begleitinstrumente hilfreich.<br \/>\nDie Original-Weisen blieben in den Bearbeitungen erhalten und wurden stilistisch gospeltypisch umarrangiert. Unterlegt sind die Originaltexte, unter anderem von Martin Luther, Paul Gerhardt und Joachim Neander, die durch englische Versionen erg\u00e4nzt oder ersetzt werden kann.<br \/>\nDie \u201eGospel-Chor\u00e4le\u201c lassen sich bestens in Konzerten und Gottesdiensten verwenden.<\/p>\n<p><strong>Inhalt:<\/strong><br \/>\nEin feste Burg ist unser Gott, Ein reines Herz, Herr, schaff in mir, Lobe den Herren, den m\u00e4chtigen K\u00f6nig, Lobe den Herren, o meine Seele, Nun danket all und bringet Ehr, Tut mir auf die sch\u00f6ne Pforte, Verleih uns Frieden gn\u00e4diglich, Wenn ich, o Sch\u00f6pfer, deine Macht<\/p>\n<p style=\"text-align: right;\"><span style=\"color: #993300;\"><strong>TIPP:<\/strong><\/span> Einzelausgabe zum Download gesucht? <a href=\"https:\/\/www.zebemusic.com\/de\/?s=chor%C3%A4le&amp;post_type=product&amp;type_aws=true&amp;lang=de\"><strong>Hier geht&#8217;s zur \u00dcbersicht<\/strong><\/a><strong>.<\/strong><\/p>\n<p style=\"text-align: left;\"><span style=\"color: #ff0000;\"><strong><em><br \/>\n\u201c<em>Es funktioniert! Auch die deutsche Sprache eignet sich f\u00fcr Pop und Gospel. Alte Melodien und Texte kommen uns aus unerwarteter Richtung entgegen und erschlie\u00dfen sich so auf v\u00f6llig neue Weise\u2026<br \/>\nErfrischende, vielseitige und herausfordernde Kollektion, die Br\u00fccken schl\u00e4gt und ganz viel Spa\u00df macht.<\/em>\u201d<\/em><\/strong><\/span><strong><em>\u00a0 <\/em><\/strong>Musik &amp; Kirche<\/p>\n<div align=\"right\"><\/div>\n<p><center><iframe loading=\"lazy\" src=\"\/\/www.youtube.com\/embed\/yQqM_2S8zZQ\" width=\"350\" height=\"250\" frameborder=\"0\" allowfullscreen=\"allowfullscreen\"><\/iframe><\/center>&nbsp;<\/p>\n<hr \/>\n<p><strong><span style=\"color: #717171;\">Komponisten &amp; Arrangeure:<\/span><\/strong> <a href=\"\/holgerhantke\">Holger Hantke<\/a>, <a href=\"\/matthiasnagel\">Matthias Nagel<\/a>, <a href=\"\/nikoschlenker\">Niko Schlenker<\/a>, <a href=\"\/christophschoepsdau\">Christoph Schoepsdau<\/a>, <a href=\"\/stephanzebe\">Stephan Zebe<\/a><br \/>\n<strong><span style=\"color: #717171;\">Besetzung:<\/span><\/strong> S.A.T.B., Pno.<br \/>\n<strong><span style=\"color: #717171;\">Schwierigkeitsgrad:<\/span><\/strong> mittel, teilweise anspruchsvoll<\/p>\n<p><strong><a href=\"\/wp-content\/PP\/PP4010.pdf\" target=\"_blank\" rel=\"noopener noreferrer\">Probepartitur zum Download <\/a><\/strong>&gt;&gt;&gt;<\/p>\n<p class=\"wpview-selection-before\"><a href=\"\/audio\/ZEBE4010.mp3\" target=\"_blank\" rel=\"noopener noreferrer\">H\u00f6rprobe<\/a>:<strong><br \/>\n<\/strong><\/p>\n[audio mp3=\"https:\/\/www.zebemusic.com\/wp-content\/uploads\/2024\/02\/ZEBE4010.mp3\"][\/audio]\n<p class=\"wpview-selection-before\"><strong>\u00a0<\/strong><\/p>\n<p>&nbsp;<\/p>\n<hr \/>\n<p><strong>Erh\u00e4ltliche Ausf\u00fchrungen:<\/strong><\/p>\n<p><strong><strong>\u2022 <\/strong>Partitur<\/strong> (ZE 4010, ISBN 978-3940745002, 52 Seiten) \u20ac 14,90<strong><br \/>\n<\/strong>In dieser Ausgabe sind die Noten f\u00fcr Chor, Solisten und Klavier enthalten. F\u00fcr weitere Begleit- oder Solo-Instrumente sind Akkordsymbole notiert.<\/p>\n<p><strong><strong>\u2022 <\/strong>Chorausgabe<\/strong> (ZE 3080, ISBN 978-3-940745-40-8, 24 Seiten, in Chorst\u00e4rke ab 10 St\u00fcck!) \u20ac 6,90<strong><br \/>\n<\/strong>Dieser g\u00fcnstige, gebundene Ausgabe enth\u00e4lt alle Noten f\u00fcr Chor und Solisten.<\/p>\n<p><strong>\u2022 Einzelausgaben<\/strong> sind <b><a href=\"\/gospel-choraele-einzelausgabe\">HIER<\/a><\/b> erh\u00e4ltlich.<\/p>\n","protected":false},"featured_media":184,"template":"","meta":{"_acf_changed":false},"product_brand":[],"product_cat":[13],"product_tag":[149,152,636,162,155,158,151],"class_list":{"0":"post-1542","1":"product","2":"type-product","3":"status-publish","4":"has-post-thumbnail","6":"product_cat-gospel","7":"product_tag-deutsch","8":"product_tag-gcb","9":"product_tag-messe","10":"product_tag-nagel","11":"product_tag-schlenker","12":"product_tag-schoepsdau","13":"product_tag-zebe","14":"pa_diff-mittel","15":"pa_diff-schwer","16":"pa_language-deutsch","17":"pa_occ-angst-und-vertrauen","18":"pa_occ-beginn-und-abschied-segen","19":"pa_occ-dankbarkeit","20":"pa_occ-liturgie","21":"pa_occ-lobpreis","22":"pa_others-sammlungen","23":"pa_style-genre-ballade","24":"pa_style-genre-choral-adaptionen","25":"pa_style-genre-gospel-de","26":"pa_style-genre-jazz-de","27":"pa_style-genre-latin-de","28":"pa_style-genre-lobpreis","29":"pa_style-genre-pop-crossover-de","30":"pa_style-genre-soul-funk-de","31":"pa_style-genre-traditional-gospel-style-de","32":"pa_style-genre-uptempo-de","33":"pa_style-genre-contemporary-de","34":"pa_variation-chorausgabe","35":"pa_variation-partitur","36":"pa_voicing-gemeindegesang","37":"pa_voicing-mit-begleitung","38":"pa_voicing-mit-solist","39":"pa_voicing-sam-de","40":"pa_voicing-satb-de","42":"first","43":"instock","44":"taxable","45":"shipping-taxable","46":"purchasable","47":"product-type-variable","48":"has-default-attributes"},"acf":[],"yoast_head":"<!-- This site is optimized with the Yoast SEO plugin v27.4 - https:\/\/yoast.com\/product\/yoast-seo-wordpress\/ -->\n<title>Gospel-Chor\u00e4le<\/title>\n<meta name=\"description\" content=\"\u201cEs funktioniert! Auch die deutsche Sprache eignet sich f\u00fcr Pop und Gospel. Alte Melodien und Texte erschlie\u00dfen sich so auf v\u00f6llig neue Weise.\u201d Musik&amp;Kirche (Gospelchoral)\" \/>\n<meta name=\"robots\" content=\"index, follow, max-snippet:-1, max-image-preview:large, max-video-preview:-1\" \/>\n<link rel=\"canonical\" href=\"https:\/\/www.zebemusic.com\/de\/product\/gospelchoral\/\" \/>\n<meta property=\"og:locale\" content=\"de_DE\" \/>\n<meta property=\"og:type\" content=\"article\" \/>\n<meta property=\"og:title\" content=\"Gospel-Chor\u00e4le\" \/>\n<meta property=\"og:description\" content=\"\u201cEs funktioniert! Auch die deutsche Sprache eignet sich f\u00fcr Pop und Gospel. Alte Melodien und Texte erschlie\u00dfen sich so auf v\u00f6llig neue Weise.\u201d Musik&amp;Kirche (Gospelchoral)\" \/>\n<meta property=\"og:url\" content=\"https:\/\/www.zebemusic.com\/de\/product\/gospelchoral\/\" \/>\n<meta property=\"og:site_name\" content=\"ZebeMusic\" \/>\n<meta property=\"article:publisher\" content=\"https:\/\/www.facebook.com\/zebemusic\" \/>\n<meta property=\"article:modified_time\" content=\"2025-10-03T19:40:58+00:00\" \/>\n<meta property=\"og:image\" content=\"https:\/\/www.zebemusic.com\/wp-content\/uploads\/2013\/08\/ZEBE4010.jpg\" \/>\n\t<meta property=\"og:image:width\" content=\"320\" \/>\n\t<meta property=\"og:image:height\" content=\"427\" \/>\n\t<meta property=\"og:image:type\" content=\"image\/jpeg\" \/>\n<meta name=\"twitter:card\" content=\"summary_large_image\" \/>\n<meta name=\"twitter:label1\" content=\"Est. reading time\" \/>\n\t<meta name=\"twitter:data1\" content=\"2 minutes\" \/>\n<script type=\"application\/ld+json\" class=\"yoast-schema-graph\">{\"@context\":\"https:\\\/\\\/schema.org\",\"@graph\":[{\"@type\":\"WebPage\",\"@id\":\"https:\\\/\\\/www.zebemusic.com\\\/de\\\/product\\\/gospelchoral\\\/\",\"url\":\"https:\\\/\\\/www.zebemusic.com\\\/de\\\/product\\\/gospelchoral\\\/\",\"name\":\"Gospel-Chor\u00e4le\",\"isPartOf\":{\"@id\":\"https:\\\/\\\/www.zebemusic.com\\\/de\\\/#website\"},\"primaryImageOfPage\":{\"@id\":\"https:\\\/\\\/www.zebemusic.com\\\/de\\\/product\\\/gospelchoral\\\/#primaryimage\"},\"image\":{\"@id\":\"https:\\\/\\\/www.zebemusic.com\\\/de\\\/product\\\/gospelchoral\\\/#primaryimage\"},\"thumbnailUrl\":\"https:\\\/\\\/www.zebemusic.com\\\/wp-content\\\/uploads\\\/2013\\\/08\\\/ZEBE4010.jpg\",\"datePublished\":\"2014-03-15T17:57:11+00:00\",\"dateModified\":\"2025-10-03T19:40:58+00:00\",\"description\":\"\u201cEs funktioniert! Auch die deutsche Sprache eignet sich f\u00fcr Pop und Gospel. Alte Melodien und Texte erschlie\u00dfen sich so auf v\u00f6llig neue Weise.\u201d Musik&Kirche (Gospelchoral)\",\"breadcrumb\":{\"@id\":\"https:\\\/\\\/www.zebemusic.com\\\/de\\\/product\\\/gospelchoral\\\/#breadcrumb\"},\"inLanguage\":\"de-DE\",\"potentialAction\":[{\"@type\":\"ReadAction\",\"target\":[\"https:\\\/\\\/www.zebemusic.com\\\/de\\\/product\\\/gospelchoral\\\/\"]}]},{\"@type\":\"ImageObject\",\"inLanguage\":\"de-DE\",\"@id\":\"https:\\\/\\\/www.zebemusic.com\\\/de\\\/product\\\/gospelchoral\\\/#primaryimage\",\"url\":\"https:\\\/\\\/www.zebemusic.com\\\/wp-content\\\/uploads\\\/2013\\\/08\\\/ZEBE4010.jpg\",\"contentUrl\":\"https:\\\/\\\/www.zebemusic.com\\\/wp-content\\\/uploads\\\/2013\\\/08\\\/ZEBE4010.jpg\",\"width\":320,\"height\":427},{\"@type\":\"BreadcrumbList\",\"@id\":\"https:\\\/\\\/www.zebemusic.com\\\/de\\\/product\\\/gospelchoral\\\/#breadcrumb\",\"itemListElement\":[{\"@type\":\"ListItem\",\"position\":1,\"name\":\"Shop\",\"item\":\"https:\\\/\\\/www.zebemusic.com\\\/de\\\/shop-2\\\/\"},{\"@type\":\"ListItem\",\"position\":2,\"name\":\"Gospel-Chor\u00e4le\"}]},{\"@type\":\"WebSite\",\"@id\":\"https:\\\/\\\/www.zebemusic.com\\\/de\\\/#website\",\"url\":\"https:\\\/\\\/www.zebemusic.com\\\/de\\\/\",\"name\":\"ZebeMusic\",\"description\":\"makes you sing.\",\"publisher\":{\"@id\":\"https:\\\/\\\/www.zebemusic.com\\\/de\\\/#organization\"},\"alternateName\":\"Gospelnoten & Kindermusicals\",\"potentialAction\":[{\"@type\":\"SearchAction\",\"target\":{\"@type\":\"EntryPoint\",\"urlTemplate\":\"https:\\\/\\\/www.zebemusic.com\\\/de\\\/?s={search_term_string}\"},\"query-input\":{\"@type\":\"PropertyValueSpecification\",\"valueRequired\":true,\"valueName\":\"search_term_string\"}}],\"inLanguage\":\"de-DE\"},{\"@type\":\"Organization\",\"@id\":\"https:\\\/\\\/www.zebemusic.com\\\/de\\\/#organization\",\"name\":\"ZebeMusic\",\"url\":\"https:\\\/\\\/www.zebemusic.com\\\/de\\\/\",\"logo\":{\"@type\":\"ImageObject\",\"inLanguage\":\"de-DE\",\"@id\":\"https:\\\/\\\/www.zebemusic.com\\\/de\\\/#\\\/schema\\\/logo\\\/image\\\/\",\"url\":\"https:\\\/\\\/www.zebemusic.com\\\/wp-content\\\/uploads\\\/2025\\\/10\\\/ZEBE-Logo_ZW-makesyousing.jpg\",\"contentUrl\":\"https:\\\/\\\/www.zebemusic.com\\\/wp-content\\\/uploads\\\/2025\\\/10\\\/ZEBE-Logo_ZW-makesyousing.jpg\",\"width\":2212,\"height\":958,\"caption\":\"ZebeMusic\"},\"image\":{\"@id\":\"https:\\\/\\\/www.zebemusic.com\\\/de\\\/#\\\/schema\\\/logo\\\/image\\\/\"},\"sameAs\":[\"https:\\\/\\\/www.facebook.com\\\/zebemusic\",\"https:\\\/\\\/www.instagram.com\\\/zebemusic\",\"https:\\\/\\\/www.youtube.com\\\/zebemusicberlin\"]}]}<\/script>\n<!-- \/ Yoast SEO plugin. -->","yoast_head_json":{"title":"Gospel-Chor\u00e4le","description":"\u201cEs funktioniert! Auch die deutsche Sprache eignet sich f\u00fcr Pop und Gospel. Alte Melodien und Texte erschlie\u00dfen sich so auf v\u00f6llig neue Weise.\u201d Musik&Kirche (Gospelchoral)","robots":{"index":"index","follow":"follow","max-snippet":"max-snippet:-1","max-image-preview":"max-image-preview:large","max-video-preview":"max-video-preview:-1"},"canonical":"https:\/\/www.zebemusic.com\/de\/product\/gospelchoral\/","og_locale":"de_DE","og_type":"article","og_title":"Gospel-Chor\u00e4le","og_description":"\u201cEs funktioniert! Auch die deutsche Sprache eignet sich f\u00fcr Pop und Gospel. Alte Melodien und Texte erschlie\u00dfen sich so auf v\u00f6llig neue Weise.\u201d Musik&Kirche (Gospelchoral)","og_url":"https:\/\/www.zebemusic.com\/de\/product\/gospelchoral\/","og_site_name":"ZebeMusic","article_publisher":"https:\/\/www.facebook.com\/zebemusic","article_modified_time":"2025-10-03T19:40:58+00:00","og_image":[{"width":320,"height":427,"url":"https:\/\/www.zebemusic.com\/wp-content\/uploads\/2013\/08\/ZEBE4010.jpg","type":"image\/jpeg"}],"twitter_card":"summary_large_image","twitter_misc":{"Est. reading time":"2 minutes"},"schema":{"@context":"https:\/\/schema.org","@graph":[{"@type":"WebPage","@id":"https:\/\/www.zebemusic.com\/de\/product\/gospelchoral\/","url":"https:\/\/www.zebemusic.com\/de\/product\/gospelchoral\/","name":"Gospel-Chor\u00e4le","isPartOf":{"@id":"https:\/\/www.zebemusic.com\/de\/#website"},"primaryImageOfPage":{"@id":"https:\/\/www.zebemusic.com\/de\/product\/gospelchoral\/#primaryimage"},"image":{"@id":"https:\/\/www.zebemusic.com\/de\/product\/gospelchoral\/#primaryimage"},"thumbnailUrl":"https:\/\/www.zebemusic.com\/wp-content\/uploads\/2013\/08\/ZEBE4010.jpg","datePublished":"2014-03-15T17:57:11+00:00","dateModified":"2025-10-03T19:40:58+00:00","description":"\u201cEs funktioniert! Auch die deutsche Sprache eignet sich f\u00fcr Pop und Gospel. Alte Melodien und Texte erschlie\u00dfen sich so auf v\u00f6llig neue Weise.\u201d Musik&Kirche (Gospelchoral)","breadcrumb":{"@id":"https:\/\/www.zebemusic.com\/de\/product\/gospelchoral\/#breadcrumb"},"inLanguage":"de-DE","potentialAction":[{"@type":"ReadAction","target":["https:\/\/www.zebemusic.com\/de\/product\/gospelchoral\/"]}]},{"@type":"ImageObject","inLanguage":"de-DE","@id":"https:\/\/www.zebemusic.com\/de\/product\/gospelchoral\/#primaryimage","url":"https:\/\/www.zebemusic.com\/wp-content\/uploads\/2013\/08\/ZEBE4010.jpg","contentUrl":"https:\/\/www.zebemusic.com\/wp-content\/uploads\/2013\/08\/ZEBE4010.jpg","width":320,"height":427},{"@type":"BreadcrumbList","@id":"https:\/\/www.zebemusic.com\/de\/product\/gospelchoral\/#breadcrumb","itemListElement":[{"@type":"ListItem","position":1,"name":"Shop","item":"https:\/\/www.zebemusic.com\/de\/shop-2\/"},{"@type":"ListItem","position":2,"name":"Gospel-Chor\u00e4le"}]},{"@type":"WebSite","@id":"https:\/\/www.zebemusic.com\/de\/#website","url":"https:\/\/www.zebemusic.com\/de\/","name":"ZebeMusic","description":"makes you sing.","publisher":{"@id":"https:\/\/www.zebemusic.com\/de\/#organization"},"alternateName":"Gospelnoten & Kindermusicals","potentialAction":[{"@type":"SearchAction","target":{"@type":"EntryPoint","urlTemplate":"https:\/\/www.zebemusic.com\/de\/?s={search_term_string}"},"query-input":{"@type":"PropertyValueSpecification","valueRequired":true,"valueName":"search_term_string"}}],"inLanguage":"de-DE"},{"@type":"Organization","@id":"https:\/\/www.zebemusic.com\/de\/#organization","name":"ZebeMusic","url":"https:\/\/www.zebemusic.com\/de\/","logo":{"@type":"ImageObject","inLanguage":"de-DE","@id":"https:\/\/www.zebemusic.com\/de\/#\/schema\/logo\/image\/","url":"https:\/\/www.zebemusic.com\/wp-content\/uploads\/2025\/10\/ZEBE-Logo_ZW-makesyousing.jpg","contentUrl":"https:\/\/www.zebemusic.com\/wp-content\/uploads\/2025\/10\/ZEBE-Logo_ZW-makesyousing.jpg","width":2212,"height":958,"caption":"ZebeMusic"},"image":{"@id":"https:\/\/www.zebemusic.com\/de\/#\/schema\/logo\/image\/"},"sameAs":["https:\/\/www.facebook.com\/zebemusic","https:\/\/www.instagram.com\/zebemusic","https:\/\/www.youtube.com\/zebemusicberlin"]}]}},"_links":{"self":[{"href":"https:\/\/www.zebemusic.com\/de\/wp-json\/wp\/v2\/product\/1542","targetHints":{"allow":["GET"]}}],"collection":[{"href":"https:\/\/www.zebemusic.com\/de\/wp-json\/wp\/v2\/product"}],"about":[{"href":"https:\/\/www.zebemusic.com\/de\/wp-json\/wp\/v2\/types\/product"}],"wp:featuredmedia":[{"embeddable":true,"href":"https:\/\/www.zebemusic.com\/de\/wp-json\/wp\/v2\/media\/184"}],"wp:attachment":[{"href":"https:\/\/www.zebemusic.com\/de\/wp-json\/wp\/v2\/media?parent=1542"}],"wp:term":[{"taxonomy":"product_brand","embeddable":true,"href":"https:\/\/www.zebemusic.com\/de\/wp-json\/wp\/v2\/product_brand?post=1542"},{"taxonomy":"product_cat","embeddable":true,"href":"https:\/\/www.zebemusic.com\/de\/wp-json\/wp\/v2\/product_cat?post=1542"},{"taxonomy":"product_tag","embeddable":true,"href":"https:\/\/www.zebemusic.com\/de\/wp-json\/wp\/v2\/product_tag?post=1542"}],"curies":[{"name":"wp","href":"https:\/\/api.w.org\/{rel}","templated":true}]}}