{"id":16628,"date":"2020-03-30T07:47:25","date_gmt":"2020-03-30T06:47:25","guid":{"rendered":"https:\/\/www.zebemusic.com\/?post_type=product&#038;p=16628"},"modified":"2024-05-23T09:38:11","modified_gmt":"2024-05-23T08:38:11","slug":"be-encouraged-songs-downloads","status":"publish","type":"product","link":"https:\/\/www.zebemusic.com\/de\/product\/be-encouraged-songs-downloads\/","title":{"rendered":"Be Encouraged <br><b>SONGS &#038; DOWNLOADS<\/b>"},"content":{"rendered":"","protected":false},"excerpt":{"rendered":"<p><span id=\"pic\">Einzelsongs als mp3 oder als Noten gibt es nun auch zum Album &#8220;BE ENCOURAGED&#8221;!<br \/>\nHier bieten wir Ihnen hier umfangreiches Material zum Download an.<br \/>\nAu\u00dferdem kann jeder Song als gedruckte Einzelausgabe bestellt werden &#8211; in Chorst\u00e4rke ab 10 St\u00fcck.<br \/>\n<\/span><\/p>\n<p>Mp3-Dateien der H\u00f6r- und Playback-CD bekommen Sie hier zum g\u00fcnstigen Downloadpreis in bester Qualit\u00e4t mit 320kBit\/s. Die Playbacks eignen sich hervorragend f\u00fcr wirkungsvolle Auftritte ohne Band in Konzerten und Gottesdienste aber auch f\u00fcr das Proben der Chor- oder Soloparts mit \u201evoller\u201c Besetzung. Das ist auch f\u00fcr die Singenden ein gro\u00dfes Erlebnis!<\/p>\n<hr \/>\n<p><strong><span style=\"color: #717171;\">Text und Musik: <\/span><\/strong> <a href=\"\/nikoschlenker\">Niko Schlenker<\/a><br \/>\n<strong><span style=\"color: #717171;\">Besetzung:<\/span><\/strong> S.A.T.B.\/S.A.Bar., Pno.<br \/>\n<strong><span style=\"color: #717171;\">Schwierigkeitsgrad:<\/span><\/strong> mittel<\/p>\n<p><a href=\"https:\/\/zebemusic.com\/audio\/ZEBE5070.mp3\" target=\"_blank\" rel=\"noopener noreferrer\">H\u00f6rprobe<\/a> &gt;&gt;&gt;<\/p>\n[audio mp3=\"https:\/\/www.zebemusic.com\/wp-content\/uploads\/2024\/02\/ZEBE5070.mp3\"][\/audio]\n<hr \/>\n<p><strong>Erh\u00e4ltliche Ausf\u00fchrungen:<\/strong><\/p>\n<p><strong>\u2022 CD als mp3 <\/strong>\u20ac 7,99<\/p>\n<p><strong>\u2022 Gesangsnoten<\/strong> je \u20ac 1,50 (nur in Chorst\u00e4rke!)<br \/>\n<strong>\u2022 H\u00f6r-mp3<\/strong> je \u20ac 0,99<br \/>\n<strong>\u2022 Playback-mp3<\/strong> je \u20ac 2,99<\/p>\n<p>WIR BITTEN BETR\u00c4GE <strong>UNTER \u20ac 5 PER PAYPAL <\/strong>ZU BEZAHLEN. Vielen Dank!<\/p>\n","protected":false},"featured_media":8186,"template":"","meta":{"_acf_changed":false},"product_brand":[],"product_cat":[311,301],"product_tag":[195,307],"class_list":{"0":"post-16628","1":"product","2":"type-product","3":"status-publish","4":"has-post-thumbnail","6":"product_cat-einzelausgaben","7":"product_cat-music-download","8":"product_tag-downloads","9":"product_tag-ea","10":"pa_ausfuehrung-einzelausgaben","11":"pa_ausfuehrung-mp3download","12":"pa_diff-mittel","13":"pa_diff-schwer","14":"pa_language-englisch","15":"pa_occ-abendmahl-kommunion","16":"pa_occ-angst-und-vertrauen","17":"pa_occ-beginn-und-abschied-segen","18":"pa_occ-besondere-anlaesse","19":"pa_occ-dankbarkeit","20":"pa_occ-lobpreis","21":"pa_occ-pfingsten","22":"pa_occ-sterben-und-bestattung","23":"pa_occ-taufe-und-zeugnis","24":"pa_others-downloads-de","25":"pa_others-einzelausgaben","26":"pa_style-genre-ballade","27":"pa_style-genre-gospel-de","28":"pa_style-genre-lobpreis","29":"pa_style-genre-singer-songwriter-de","30":"pa_style-genre-soul-funk-de","31":"pa_style-genre-spiritual-de","32":"pa_style-genre-uptempo-de","33":"pa_style-genre-contemporary-de","34":"pa_variation-hoer-datei-mp3-download","35":"pa_variation-playback-datei-mp3-download","36":"pa_variation-alright-mp3-hoerdatei","37":"pa_variation-alright-notenausgabe","38":"pa_variation-alright-playback","39":"pa_variation-be-encouraged-mp3-hoerdatei","40":"pa_variation-be-encouraged-notenausgabe","41":"pa_variation-be-encouraged-playback","42":"pa_variation-believe-and-trust-mp3-hoerdatei","43":"pa_variation-believe-and-trust-notenausgabe","44":"pa_variation-believe-and-trust-playback","45":"pa_variation-feel-the-fire-mp3-hoerdatei","46":"pa_variation-feel-the-fire-notenausgabe","47":"pa_variation-god-can-mp3-hoerdatei","48":"pa_variation-god-can-notenausgabe","49":"pa_variation-god-can-playback","50":"pa_variation-good-news-mp3-hoerdatei","51":"pa_variation-good-news-notenausgabe","52":"pa_variation-good-news-playback","53":"pa_variation-gospel-train-mp3-hoerdatei","54":"pa_variation-gospel-train-notenausgabe","55":"pa_variation-gospel-train-playback","56":"pa_variation-i-can-go-on-mp3-hoerdatei","57":"pa_variation-i-can-go-on-notenausgabe","58":"pa_variation-i-can-go-on-playback","59":"pa_variation-i-will-bless-the-lord-mp3-hoerdatei","60":"pa_variation-i-will-bless-the-lord-notenausgabe","61":"pa_variation-i-will-bless-the-lord-playback","62":"pa_variation-if-youve-been-blessed-mp3-hoerdatei","63":"pa_variation-if-youve-been-blessed-notenausgabe","64":"pa_variation-if-youve-been-blessed-playback","65":"pa_variation-it-all-depends-on-jesus-mp3-hoerdatei","66":"pa_variation-it-all-depends-on-jesus-notenausgabe","67":"pa_variation-it-all-depends-on-jesus-playback","68":"pa_variation-worship-medley-mp3-hoerdatei","69":"pa_variation-worship-medley-notenausgabe","70":"pa_variation-worship-medley-playback","71":"pa_voicing-acappella-de","72":"pa_voicing-frauenchor","73":"pa_voicing-mit-begleitung","74":"pa_voicing-mit-solist","75":"pa_voicing-sam-de","76":"pa_voicing-satb-de","77":"pa_voicing-ssa-de","79":"first","80":"instock","81":"taxable","82":"shipping-taxable","83":"purchasable","84":"product-type-variable"},"acf":[],"yoast_head":"<!-- This site is optimized with the Yoast SEO plugin v27.3 - https:\/\/yoast.com\/product\/yoast-seo-wordpress\/ -->\n<title>Be Encouraged SONGS &amp; DOWNLOADS<\/title>\n<meta name=\"description\" content=\"Einzelnoten, H\u00f6rdateien und Playbacks zum Gospel-Album von NIKO SCHLENKER! Demo &gt;&gt;&gt;\" \/>\n<meta name=\"robots\" content=\"index, follow, max-snippet:-1, max-image-preview:large, max-video-preview:-1\" \/>\n<link rel=\"canonical\" href=\"https:\/\/www.zebemusic.com\/de\/product\/be-encouraged-songs-downloads\/\" \/>\n<meta property=\"og:locale\" content=\"de_DE\" \/>\n<meta property=\"og:type\" content=\"article\" \/>\n<meta property=\"og:title\" content=\"Be Encouraged SONGS &amp; DOWNLOADS\" \/>\n<meta property=\"og:description\" content=\"Einzelnoten, H\u00f6rdateien und Playbacks zum Gospel-Album von NIKO SCHLENKER! Demo &gt;&gt;&gt;\" \/>\n<meta property=\"og:url\" content=\"https:\/\/www.zebemusic.com\/de\/product\/be-encouraged-songs-downloads\/\" \/>\n<meta property=\"og:site_name\" content=\"ZebeMusic\" \/>\n<meta property=\"article:publisher\" content=\"https:\/\/www.facebook.com\/zebemusic\" \/>\n<meta property=\"article:modified_time\" content=\"2024-05-23T08:38:11+00:00\" \/>\n<meta property=\"og:image\" content=\"https:\/\/www.zebemusic.com\/wp-content\/uploads\/2018\/10\/CD-Front-BE.jpg\" \/>\n\t<meta property=\"og:image:width\" content=\"824\" \/>\n\t<meta property=\"og:image:height\" content=\"738\" \/>\n\t<meta property=\"og:image:type\" content=\"image\/jpeg\" \/>\n<meta name=\"twitter:card\" content=\"summary_large_image\" \/>\n<meta name=\"twitter:label1\" content=\"Est. reading time\" \/>\n\t<meta name=\"twitter:data1\" content=\"1 minute\" \/>\n<script type=\"application\/ld+json\" class=\"yoast-schema-graph\">{\"@context\":\"https:\\\/\\\/schema.org\",\"@graph\":[{\"@type\":\"WebPage\",\"@id\":\"https:\\\/\\\/www.zebemusic.com\\\/de\\\/product\\\/be-encouraged-songs-downloads\\\/\",\"url\":\"https:\\\/\\\/www.zebemusic.com\\\/de\\\/product\\\/be-encouraged-songs-downloads\\\/\",\"name\":\"Be Encouraged SONGS & DOWNLOADS\",\"isPartOf\":{\"@id\":\"https:\\\/\\\/www.zebemusic.com\\\/de\\\/#website\"},\"primaryImageOfPage\":{\"@id\":\"https:\\\/\\\/www.zebemusic.com\\\/de\\\/product\\\/be-encouraged-songs-downloads\\\/#primaryimage\"},\"image\":{\"@id\":\"https:\\\/\\\/www.zebemusic.com\\\/de\\\/product\\\/be-encouraged-songs-downloads\\\/#primaryimage\"},\"thumbnailUrl\":\"https:\\\/\\\/www.zebemusic.com\\\/wp-content\\\/uploads\\\/2018\\\/10\\\/CD-Front-BE.jpg\",\"datePublished\":\"2020-03-30T06:47:25+00:00\",\"dateModified\":\"2024-05-23T08:38:11+00:00\",\"description\":\"Einzelnoten, H\u00f6rdateien und Playbacks zum Gospel-Album von NIKO SCHLENKER! Demo >>>\",\"breadcrumb\":{\"@id\":\"https:\\\/\\\/www.zebemusic.com\\\/de\\\/product\\\/be-encouraged-songs-downloads\\\/#breadcrumb\"},\"inLanguage\":\"de-DE\",\"potentialAction\":[{\"@type\":\"ReadAction\",\"target\":[\"https:\\\/\\\/www.zebemusic.com\\\/de\\\/product\\\/be-encouraged-songs-downloads\\\/\"]}]},{\"@type\":\"ImageObject\",\"inLanguage\":\"de-DE\",\"@id\":\"https:\\\/\\\/www.zebemusic.com\\\/de\\\/product\\\/be-encouraged-songs-downloads\\\/#primaryimage\",\"url\":\"https:\\\/\\\/www.zebemusic.com\\\/wp-content\\\/uploads\\\/2018\\\/10\\\/CD-Front-BE.jpg\",\"contentUrl\":\"https:\\\/\\\/www.zebemusic.com\\\/wp-content\\\/uploads\\\/2018\\\/10\\\/CD-Front-BE.jpg\",\"width\":824,\"height\":738},{\"@type\":\"BreadcrumbList\",\"@id\":\"https:\\\/\\\/www.zebemusic.com\\\/de\\\/product\\\/be-encouraged-songs-downloads\\\/#breadcrumb\",\"itemListElement\":[{\"@type\":\"ListItem\",\"position\":1,\"name\":\"Shop\",\"item\":\"https:\\\/\\\/www.zebemusic.com\\\/de\\\/shop-2\\\/\"},{\"@type\":\"ListItem\",\"position\":2,\"name\":\"Be Encouraged SONGS &#038; DOWNLOADS\"}]},{\"@type\":\"WebSite\",\"@id\":\"https:\\\/\\\/www.zebemusic.com\\\/de\\\/#website\",\"url\":\"https:\\\/\\\/www.zebemusic.com\\\/de\\\/\",\"name\":\"ZebeMusic\",\"description\":\"makes you sing.\",\"publisher\":{\"@id\":\"https:\\\/\\\/www.zebemusic.com\\\/de\\\/#organization\"},\"alternateName\":\"Gospelnoten & Kindermusicals\",\"potentialAction\":[{\"@type\":\"SearchAction\",\"target\":{\"@type\":\"EntryPoint\",\"urlTemplate\":\"https:\\\/\\\/www.zebemusic.com\\\/de\\\/?s={search_term_string}\"},\"query-input\":{\"@type\":\"PropertyValueSpecification\",\"valueRequired\":true,\"valueName\":\"search_term_string\"}}],\"inLanguage\":\"de-DE\"},{\"@type\":\"Organization\",\"@id\":\"https:\\\/\\\/www.zebemusic.com\\\/de\\\/#organization\",\"name\":\"ZebeMusic\",\"url\":\"https:\\\/\\\/www.zebemusic.com\\\/de\\\/\",\"logo\":{\"@type\":\"ImageObject\",\"inLanguage\":\"de-DE\",\"@id\":\"https:\\\/\\\/www.zebemusic.com\\\/de\\\/#\\\/schema\\\/logo\\\/image\\\/\",\"url\":\"https:\\\/\\\/www.zebemusic.com\\\/wp-content\\\/uploads\\\/2025\\\/10\\\/ZEBE-Logo_ZW-makesyousing.jpg\",\"contentUrl\":\"https:\\\/\\\/www.zebemusic.com\\\/wp-content\\\/uploads\\\/2025\\\/10\\\/ZEBE-Logo_ZW-makesyousing.jpg\",\"width\":2212,\"height\":958,\"caption\":\"ZebeMusic\"},\"image\":{\"@id\":\"https:\\\/\\\/www.zebemusic.com\\\/de\\\/#\\\/schema\\\/logo\\\/image\\\/\"},\"sameAs\":[\"https:\\\/\\\/www.facebook.com\\\/zebemusic\",\"https:\\\/\\\/www.instagram.com\\\/zebemusic\",\"https:\\\/\\\/www.youtube.com\\\/zebemusicberlin\"]}]}<\/script>\n<!-- \/ Yoast SEO plugin. -->","yoast_head_json":{"title":"Be Encouraged SONGS & DOWNLOADS","description":"Einzelnoten, H\u00f6rdateien und Playbacks zum Gospel-Album von NIKO SCHLENKER! Demo >>>","robots":{"index":"index","follow":"follow","max-snippet":"max-snippet:-1","max-image-preview":"max-image-preview:large","max-video-preview":"max-video-preview:-1"},"canonical":"https:\/\/www.zebemusic.com\/de\/product\/be-encouraged-songs-downloads\/","og_locale":"de_DE","og_type":"article","og_title":"Be Encouraged SONGS & DOWNLOADS","og_description":"Einzelnoten, H\u00f6rdateien und Playbacks zum Gospel-Album von NIKO SCHLENKER! Demo >>>","og_url":"https:\/\/www.zebemusic.com\/de\/product\/be-encouraged-songs-downloads\/","og_site_name":"ZebeMusic","article_publisher":"https:\/\/www.facebook.com\/zebemusic","article_modified_time":"2024-05-23T08:38:11+00:00","og_image":[{"width":824,"height":738,"url":"https:\/\/www.zebemusic.com\/wp-content\/uploads\/2018\/10\/CD-Front-BE.jpg","type":"image\/jpeg"}],"twitter_card":"summary_large_image","twitter_misc":{"Est. reading time":"1 minute"},"schema":{"@context":"https:\/\/schema.org","@graph":[{"@type":"WebPage","@id":"https:\/\/www.zebemusic.com\/de\/product\/be-encouraged-songs-downloads\/","url":"https:\/\/www.zebemusic.com\/de\/product\/be-encouraged-songs-downloads\/","name":"Be Encouraged SONGS & DOWNLOADS","isPartOf":{"@id":"https:\/\/www.zebemusic.com\/de\/#website"},"primaryImageOfPage":{"@id":"https:\/\/www.zebemusic.com\/de\/product\/be-encouraged-songs-downloads\/#primaryimage"},"image":{"@id":"https:\/\/www.zebemusic.com\/de\/product\/be-encouraged-songs-downloads\/#primaryimage"},"thumbnailUrl":"https:\/\/www.zebemusic.com\/wp-content\/uploads\/2018\/10\/CD-Front-BE.jpg","datePublished":"2020-03-30T06:47:25+00:00","dateModified":"2024-05-23T08:38:11+00:00","description":"Einzelnoten, H\u00f6rdateien und Playbacks zum Gospel-Album von NIKO SCHLENKER! Demo >>>","breadcrumb":{"@id":"https:\/\/www.zebemusic.com\/de\/product\/be-encouraged-songs-downloads\/#breadcrumb"},"inLanguage":"de-DE","potentialAction":[{"@type":"ReadAction","target":["https:\/\/www.zebemusic.com\/de\/product\/be-encouraged-songs-downloads\/"]}]},{"@type":"ImageObject","inLanguage":"de-DE","@id":"https:\/\/www.zebemusic.com\/de\/product\/be-encouraged-songs-downloads\/#primaryimage","url":"https:\/\/www.zebemusic.com\/wp-content\/uploads\/2018\/10\/CD-Front-BE.jpg","contentUrl":"https:\/\/www.zebemusic.com\/wp-content\/uploads\/2018\/10\/CD-Front-BE.jpg","width":824,"height":738},{"@type":"BreadcrumbList","@id":"https:\/\/www.zebemusic.com\/de\/product\/be-encouraged-songs-downloads\/#breadcrumb","itemListElement":[{"@type":"ListItem","position":1,"name":"Shop","item":"https:\/\/www.zebemusic.com\/de\/shop-2\/"},{"@type":"ListItem","position":2,"name":"Be Encouraged SONGS &#038; DOWNLOADS"}]},{"@type":"WebSite","@id":"https:\/\/www.zebemusic.com\/de\/#website","url":"https:\/\/www.zebemusic.com\/de\/","name":"ZebeMusic","description":"makes you sing.","publisher":{"@id":"https:\/\/www.zebemusic.com\/de\/#organization"},"alternateName":"Gospelnoten & Kindermusicals","potentialAction":[{"@type":"SearchAction","target":{"@type":"EntryPoint","urlTemplate":"https:\/\/www.zebemusic.com\/de\/?s={search_term_string}"},"query-input":{"@type":"PropertyValueSpecification","valueRequired":true,"valueName":"search_term_string"}}],"inLanguage":"de-DE"},{"@type":"Organization","@id":"https:\/\/www.zebemusic.com\/de\/#organization","name":"ZebeMusic","url":"https:\/\/www.zebemusic.com\/de\/","logo":{"@type":"ImageObject","inLanguage":"de-DE","@id":"https:\/\/www.zebemusic.com\/de\/#\/schema\/logo\/image\/","url":"https:\/\/www.zebemusic.com\/wp-content\/uploads\/2025\/10\/ZEBE-Logo_ZW-makesyousing.jpg","contentUrl":"https:\/\/www.zebemusic.com\/wp-content\/uploads\/2025\/10\/ZEBE-Logo_ZW-makesyousing.jpg","width":2212,"height":958,"caption":"ZebeMusic"},"image":{"@id":"https:\/\/www.zebemusic.com\/de\/#\/schema\/logo\/image\/"},"sameAs":["https:\/\/www.facebook.com\/zebemusic","https:\/\/www.instagram.com\/zebemusic","https:\/\/www.youtube.com\/zebemusicberlin"]}]}},"_links":{"self":[{"href":"https:\/\/www.zebemusic.com\/de\/wp-json\/wp\/v2\/product\/16628","targetHints":{"allow":["GET"]}}],"collection":[{"href":"https:\/\/www.zebemusic.com\/de\/wp-json\/wp\/v2\/product"}],"about":[{"href":"https:\/\/www.zebemusic.com\/de\/wp-json\/wp\/v2\/types\/product"}],"wp:featuredmedia":[{"embeddable":true,"href":"https:\/\/www.zebemusic.com\/de\/wp-json\/wp\/v2\/media\/8186"}],"wp:attachment":[{"href":"https:\/\/www.zebemusic.com\/de\/wp-json\/wp\/v2\/media?parent=16628"}],"wp:term":[{"taxonomy":"product_brand","embeddable":true,"href":"https:\/\/www.zebemusic.com\/de\/wp-json\/wp\/v2\/product_brand?post=16628"},{"taxonomy":"product_cat","embeddable":true,"href":"https:\/\/www.zebemusic.com\/de\/wp-json\/wp\/v2\/product_cat?post=16628"},{"taxonomy":"product_tag","embeddable":true,"href":"https:\/\/www.zebemusic.com\/de\/wp-json\/wp\/v2\/product_tag?post=16628"}],"curies":[{"name":"wp","href":"https:\/\/api.w.org\/{rel}","templated":true}]}}