{"id":1779,"date":"2014-06-25T20:11:23","date_gmt":"2014-06-25T18:11:23","guid":{"rendered":"http:\/\/zebemusic.smukkeberg.com\/shop\/gospel\/greater-anything-kopieren\/"},"modified":"2026-02-02T11:01:38","modified_gmt":"2026-02-02T10:01:38","slug":"greaterthananything","status":"publish","type":"product","link":"https:\/\/www.zebemusic.com\/de\/product\/greaterthananything\/","title":{"rendered":"Greater Than Anything"},"content":{"rendered":"","protected":false},"excerpt":{"rendered":"<p><span id=\"pic\"><\/span>Eine Sammlung, die wegen etlicher Toptitel Ch\u00f6re und Workshops begeistert \u2013 das ist die dritte Ausgabe in der erfolgreichen Reihe <em>\u201cContemporary Gospel Music by Niko Schlenker\u201d<\/em>.<br \/>\nDer Uptempo-Gospel &#8220;I&#8217;ve Got Joy&#8221; ist mit Erscheinen von &#8220;Greater Than Anything&#8221; ebenso beliebt wie der 3\/4-Gospelsong &#8220;Wait&#8221; oder das unglaublich dynamisch-spannungsreiche &#8220;Coming to You&#8221;. Ein Meisterwerk von Niko Schlenker!<\/p>\n<p>11 Gospel Songs f\u00fcr Konzert und Gottesdienst, Workshop und CD. Musikalisch und inhaltlich auf den Punkt gebrachtes Evangelium, das packt, ber\u00fchrt und ankommt.<br \/>\nKomponiert f\u00fcr dreistimmig gemischten Chor (S.A.Bar.) und Solisten (ad lib.) mit Begleitung.<\/p>\n<p style=\"padding-left: 30px;\"><strong><em><br \/>\n<span style=\"color: #993300;\">\u201c<em>Absolut mitrei\u00dfend.<\/em>\u201d<\/span><\/em><\/strong>\u00a0\u00a0 (K\u00f6lner Stadt-Anzeiger)<\/p>\n<p style=\"padding-left: 30px;\"><span style=\"color: #993300;\"><em><strong>\u201c<em>Musikalisch hochwertig, ausgefuchste Rhythmen, akkurat gesungen und gespielt, jazzige Bl\u00e4sers\u00e4tze und kreative Ideen in den Arrangements lassen das H\u00f6ren zum Genuss werden.<\/em>\u201d<\/strong><\/em>\u00a0<\/span>\u00a0 (Geist bewegt!)<\/p>\n<p style=\"padding-left: 30px;\"><em><strong><span style=\"color: #993300;\">\u201c<strong><em>Schlenker\u2019s brilliant music bridges the gap between old school and new school of Black Gospel Music.<\/em><\/strong>\u201d<\/span>\u00a0\u00a0\u00a0 <\/strong><\/em>(Nathan Junor,\u00a0Conductor &amp; Composer &#8211; CAN)<\/p>\n<p><center><br \/>\n<iframe loading=\"lazy\" src=\"\/\/www.youtube.com\/embed\/8DX8Az682io\" width=\"350\" height=\"250\" frameborder=\"0\" allowfullscreen=\"allowfullscreen\"><\/iframe><\/center><strong>Inhalt:<\/strong> Coming To You, Ev\u2019ryday, God Gives Back, Greater Than Anything, Hallelujah, I\u2019m a Witness, I\u2019ve Got Joy, Jeremiah, Praise Him, Wait, Walk Before Me<br \/>\nBONUS TRACK: Be Encouraged (Extended Version)<\/p>\n<hr \/>\n<p><strong><span style=\"color: #717171;\">Text und Musik: <\/span><\/strong> <a href=\"\/nikoschlenker\">Niko Schlenker<\/a><br \/>\n<strong><span style=\"color: #717171;\">Besetzung:<\/span><\/strong> S.A.T.B.\/S.A.Bar., Pno.<br \/>\n<strong><span style=\"color: #717171;\">Schwierigkeitsgrad:<\/span><\/strong> mittel<\/p>\n<p><strong><a href=\"\/wp-content\/PP\/PP4070.pdf\" target=\"_blank\" rel=\"noopener noreferrer\">Probepartitur zum Download <\/a><\/strong>&gt;&gt;&gt;<\/p>\n<p><a href=\"https:\/\/zebemusic.com\/audio\/4077.mp3\" target=\"_blank\" rel=\"noopener noreferrer\">H\u00f6rprobe<\/a> &gt;&gt;&gt;<\/p>\n<p><a href=\"https:\/\/zebemusic.com\/audio\/ZEBE4075.mp3\" target=\"_blank\" rel=\"noopener noreferrer\">Playback<\/a> &gt;&gt;&gt;<\/p>\n<hr \/>\n<p><strong>Erh\u00e4ltliche Ausf\u00fchrungen:<\/strong><\/p>\n<p><strong><strong>\u2022 <\/strong>Partitur mit CD <\/strong>(ZE 4079, ISBN 978-3-940745-71-2) <del>\u20ac 29,80<\/del> \u20ac 26,90<strong><br \/>\n<\/strong>In diesem Paket sind die Partitur und die CD enthalten, mit gro\u00dfartigen Interpretationen von Niko Schlenker, Yasmina Hunzinger, Chris Lass, Boysie White, Nathan Junor, Angelika Rehaag, Honor\u00e8 Haase, Claudine Abusu, Buki Domingos und vielen mehr!<\/p>\n<p><strong><strong>\u2022 <\/strong>Partitur<\/strong> (ZE 4070, ISBN 978-3-940745-50-7, 66 Seiten) \u20ac 14.90<strong><br \/>\n<\/strong>In dieser Ausgabe sind die Noten f\u00fcr Chor, Solisten und Klavier enthalten. F\u00fcr weitere Begleit- oder Solo-Instrumente sind Akkordsymbole notiert.<br \/>\n&#8211; Vergriffen! &#8211; Alle Songs sind <a href=\"https:\/\/www.zebemusic.com\/de\/swoof\/others-downloads-de\/name-greater\/?s=greater&amp;post_type=product&amp;type_aws=true&amp;lang=de\">HIER<\/a> einzeln inklusive Partitur und Chorstimme erh\u00e4ltlich!<\/p>\n<p><strong>\u2022 Chorausgabe<\/strong> (ZE 4071, ISBN 978-3-940745-51-4, 36 Seiten, nur in Chorst\u00e4rke!) \u20ac 6.90<strong><br \/>\n<\/strong>Die g\u00fcnstige Chorausgabe zu Niko Schlenkers Sammlung \u201eGreater Than Anything\u201c mit allen 11 Songs! Das Heft enth\u00e4lt den gesamten Gesangspart ohne die Klavierbegleitung.<\/p>\n<p><strong>\u2022 CD <\/strong>(ZE 4077, ISBN 978-3-940745-56-9) \u20ac 14,90<br \/>\nNiko Schlenker und vielen seiner Musiker-Freunde: feat. Yasmina Hunzinger, Chris Lass, Boysie White, Nathan Junor, Angelika Rehaag, Honor\u00e8 Haase, Claudine Abusu, Buki Domingos, The LivinGospel Choir, The Gospel Family of Christ, NewLife Gospel Choir und vielen mehr!<\/p>\n<p><strong>\u2022 Playback-CD <\/strong>(ZE 4075, ISBN 978-3-940745-72-9) \u20ac 29,90<br \/>\nAuf der Playback-CD sind alle Songs der Ausgabe in Originalbesetzung. Beste Soundqualit\u00e4t f\u00fcr Probe und Auftritt!<\/p>\n<p><strong><strong>\u2022 <\/strong>Downloads<\/strong><br \/>\nHier haben wir f\u00fcr Sie die Noten und mp3-Dateien der H\u00f6r- und Playback-CD zum Download bereitgestellt. H\u00f6r-CD \u20ac 7,99 \/ Playback-CD \u20ac 19,99<\/p>\n<p><strong><strong>\u2022 Alle Songs sind <a href=\"https:\/\/www.zebemusic.com\/de\/swoof\/others-downloads-de\/name-greater\/?s=greater&amp;post_type=product&amp;type_aws=true&amp;lang=de\">HIER<\/a> einzeln<\/strong> erh\u00e4ltlich!\u00a0<\/strong><\/p>\n","protected":false},"featured_media":309,"template":"","meta":{"_acf_changed":false},"product_brand":[],"product_cat":[13],"product_tag":[657,156,155],"class_list":{"0":"post-1779","1":"product","2":"type-product","3":"status-publish","4":"has-post-thumbnail","6":"product_cat-gospel","7":"product_tag-cd","8":"product_tag-frauen","9":"product_tag-schlenker","10":"pa_variation-begleit-cd","11":"pa_variation-cd","12":"pa_variation-chorausgabe","13":"pa_variation-leaders-pak","14":"pa_variation-mp3-download-der-begleit-cd","15":"pa_variation-mp3-download-der-hoer-cd","16":"pa_variation-partitur","17":"pa_variation-partiturcd","19":"first","20":"instock","21":"taxable","22":"shipping-taxable","23":"purchasable","24":"product-type-variable","25":"has-default-attributes"},"acf":[],"yoast_head":"<!-- This site is optimized with the Yoast SEO plugin v27.4 - https:\/\/yoast.com\/product\/yoast-seo-wordpress\/ -->\n<title>Greater Than Anything - Gospelnoten von NIKO SCHLENKER<\/title>\n<meta name=\"description\" content=\"Mitrei\u00dfende Gospel Songs f\u00fcr 3stimmigen Chor und Begleitung. Gospelnoten und Album feat. Chris Lass, James Smith, Yasmina Hunzinger, Angelika Rehaag u.v.a. - DEMO &gt;&gt;\" \/>\n<meta name=\"robots\" content=\"index, follow, max-snippet:-1, max-image-preview:large, max-video-preview:-1\" \/>\n<link rel=\"canonical\" href=\"https:\/\/www.zebemusic.com\/de\/product\/greaterthananything\/\" \/>\n<meta property=\"og:locale\" content=\"de_DE\" \/>\n<meta property=\"og:type\" content=\"article\" \/>\n<meta property=\"og:title\" content=\"Greater Than Anything - Gospelnoten von NIKO SCHLENKER\" \/>\n<meta property=\"og:description\" content=\"Mitrei\u00dfende Gospel Songs f\u00fcr 3stimmigen Chor und Begleitung. Gospelnoten und Album feat. Chris Lass, James Smith, Yasmina Hunzinger, Angelika Rehaag u.v.a. - DEMO &gt;&gt;\" \/>\n<meta property=\"og:url\" content=\"https:\/\/www.zebemusic.com\/de\/product\/greaterthananything\/\" \/>\n<meta property=\"og:site_name\" content=\"ZebeMusic\" \/>\n<meta property=\"article:publisher\" content=\"https:\/\/www.facebook.com\/zebemusic\" \/>\n<meta property=\"article:modified_time\" content=\"2026-02-02T10:01:38+00:00\" \/>\n<meta property=\"og:image\" content=\"https:\/\/www.zebemusic.com\/wp-content\/uploads\/2013\/08\/ZEBE4070.jpg\" \/>\n\t<meta property=\"og:image:width\" content=\"379\" \/>\n\t<meta property=\"og:image:height\" content=\"500\" \/>\n\t<meta property=\"og:image:type\" content=\"image\/jpeg\" \/>\n<meta name=\"twitter:card\" content=\"summary_large_image\" \/>\n<meta name=\"twitter:label1\" content=\"Est. reading time\" \/>\n\t<meta name=\"twitter:data1\" content=\"1 minute\" \/>\n<script type=\"application\/ld+json\" class=\"yoast-schema-graph\">{\"@context\":\"https:\\\/\\\/schema.org\",\"@graph\":[{\"@type\":\"WebPage\",\"@id\":\"https:\\\/\\\/www.zebemusic.com\\\/de\\\/product\\\/greaterthananything\\\/\",\"url\":\"https:\\\/\\\/www.zebemusic.com\\\/de\\\/product\\\/greaterthananything\\\/\",\"name\":\"Greater Than Anything - Gospelnoten von NIKO SCHLENKER\",\"isPartOf\":{\"@id\":\"https:\\\/\\\/www.zebemusic.com\\\/de\\\/#website\"},\"primaryImageOfPage\":{\"@id\":\"https:\\\/\\\/www.zebemusic.com\\\/de\\\/product\\\/greaterthananything\\\/#primaryimage\"},\"image\":{\"@id\":\"https:\\\/\\\/www.zebemusic.com\\\/de\\\/product\\\/greaterthananything\\\/#primaryimage\"},\"thumbnailUrl\":\"https:\\\/\\\/www.zebemusic.com\\\/wp-content\\\/uploads\\\/2013\\\/08\\\/ZEBE4070.jpg\",\"datePublished\":\"2014-06-25T18:11:23+00:00\",\"dateModified\":\"2026-02-02T10:01:38+00:00\",\"description\":\"Mitrei\u00dfende Gospel Songs f\u00fcr 3stimmigen Chor und Begleitung. Gospelnoten und Album feat. Chris Lass, James Smith, Yasmina Hunzinger, Angelika Rehaag u.v.a. - DEMO >>\",\"breadcrumb\":{\"@id\":\"https:\\\/\\\/www.zebemusic.com\\\/de\\\/product\\\/greaterthananything\\\/#breadcrumb\"},\"inLanguage\":\"de-DE\",\"potentialAction\":[{\"@type\":\"ReadAction\",\"target\":[\"https:\\\/\\\/www.zebemusic.com\\\/de\\\/product\\\/greaterthananything\\\/\"]}]},{\"@type\":\"ImageObject\",\"inLanguage\":\"de-DE\",\"@id\":\"https:\\\/\\\/www.zebemusic.com\\\/de\\\/product\\\/greaterthananything\\\/#primaryimage\",\"url\":\"https:\\\/\\\/www.zebemusic.com\\\/wp-content\\\/uploads\\\/2013\\\/08\\\/ZEBE4070.jpg\",\"contentUrl\":\"https:\\\/\\\/www.zebemusic.com\\\/wp-content\\\/uploads\\\/2013\\\/08\\\/ZEBE4070.jpg\",\"width\":379,\"height\":500},{\"@type\":\"BreadcrumbList\",\"@id\":\"https:\\\/\\\/www.zebemusic.com\\\/de\\\/product\\\/greaterthananything\\\/#breadcrumb\",\"itemListElement\":[{\"@type\":\"ListItem\",\"position\":1,\"name\":\"Shop\",\"item\":\"https:\\\/\\\/www.zebemusic.com\\\/de\\\/shop-2\\\/\"},{\"@type\":\"ListItem\",\"position\":2,\"name\":\"Greater Than Anything\"}]},{\"@type\":\"WebSite\",\"@id\":\"https:\\\/\\\/www.zebemusic.com\\\/de\\\/#website\",\"url\":\"https:\\\/\\\/www.zebemusic.com\\\/de\\\/\",\"name\":\"ZebeMusic\",\"description\":\"makes you sing.\",\"publisher\":{\"@id\":\"https:\\\/\\\/www.zebemusic.com\\\/de\\\/#organization\"},\"alternateName\":\"Gospelnoten & Kindermusicals\",\"potentialAction\":[{\"@type\":\"SearchAction\",\"target\":{\"@type\":\"EntryPoint\",\"urlTemplate\":\"https:\\\/\\\/www.zebemusic.com\\\/de\\\/?s={search_term_string}\"},\"query-input\":{\"@type\":\"PropertyValueSpecification\",\"valueRequired\":true,\"valueName\":\"search_term_string\"}}],\"inLanguage\":\"de-DE\"},{\"@type\":\"Organization\",\"@id\":\"https:\\\/\\\/www.zebemusic.com\\\/de\\\/#organization\",\"name\":\"ZebeMusic\",\"url\":\"https:\\\/\\\/www.zebemusic.com\\\/de\\\/\",\"logo\":{\"@type\":\"ImageObject\",\"inLanguage\":\"de-DE\",\"@id\":\"https:\\\/\\\/www.zebemusic.com\\\/de\\\/#\\\/schema\\\/logo\\\/image\\\/\",\"url\":\"https:\\\/\\\/www.zebemusic.com\\\/wp-content\\\/uploads\\\/2025\\\/10\\\/ZEBE-Logo_ZW-makesyousing.jpg\",\"contentUrl\":\"https:\\\/\\\/www.zebemusic.com\\\/wp-content\\\/uploads\\\/2025\\\/10\\\/ZEBE-Logo_ZW-makesyousing.jpg\",\"width\":2212,\"height\":958,\"caption\":\"ZebeMusic\"},\"image\":{\"@id\":\"https:\\\/\\\/www.zebemusic.com\\\/de\\\/#\\\/schema\\\/logo\\\/image\\\/\"},\"sameAs\":[\"https:\\\/\\\/www.facebook.com\\\/zebemusic\",\"https:\\\/\\\/www.instagram.com\\\/zebemusic\",\"https:\\\/\\\/www.youtube.com\\\/zebemusicberlin\"]}]}<\/script>\n<!-- \/ Yoast SEO plugin. -->","yoast_head_json":{"title":"Greater Than Anything - Gospelnoten von NIKO SCHLENKER","description":"Mitrei\u00dfende Gospel Songs f\u00fcr 3stimmigen Chor und Begleitung. Gospelnoten und Album feat. Chris Lass, James Smith, Yasmina Hunzinger, Angelika Rehaag u.v.a. - DEMO >>","robots":{"index":"index","follow":"follow","max-snippet":"max-snippet:-1","max-image-preview":"max-image-preview:large","max-video-preview":"max-video-preview:-1"},"canonical":"https:\/\/www.zebemusic.com\/de\/product\/greaterthananything\/","og_locale":"de_DE","og_type":"article","og_title":"Greater Than Anything - Gospelnoten von NIKO SCHLENKER","og_description":"Mitrei\u00dfende Gospel Songs f\u00fcr 3stimmigen Chor und Begleitung. Gospelnoten und Album feat. Chris Lass, James Smith, Yasmina Hunzinger, Angelika Rehaag u.v.a. - DEMO >>","og_url":"https:\/\/www.zebemusic.com\/de\/product\/greaterthananything\/","og_site_name":"ZebeMusic","article_publisher":"https:\/\/www.facebook.com\/zebemusic","article_modified_time":"2026-02-02T10:01:38+00:00","og_image":[{"width":379,"height":500,"url":"https:\/\/www.zebemusic.com\/wp-content\/uploads\/2013\/08\/ZEBE4070.jpg","type":"image\/jpeg"}],"twitter_card":"summary_large_image","twitter_misc":{"Est. reading time":"1 minute"},"schema":{"@context":"https:\/\/schema.org","@graph":[{"@type":"WebPage","@id":"https:\/\/www.zebemusic.com\/de\/product\/greaterthananything\/","url":"https:\/\/www.zebemusic.com\/de\/product\/greaterthananything\/","name":"Greater Than Anything - Gospelnoten von NIKO SCHLENKER","isPartOf":{"@id":"https:\/\/www.zebemusic.com\/de\/#website"},"primaryImageOfPage":{"@id":"https:\/\/www.zebemusic.com\/de\/product\/greaterthananything\/#primaryimage"},"image":{"@id":"https:\/\/www.zebemusic.com\/de\/product\/greaterthananything\/#primaryimage"},"thumbnailUrl":"https:\/\/www.zebemusic.com\/wp-content\/uploads\/2013\/08\/ZEBE4070.jpg","datePublished":"2014-06-25T18:11:23+00:00","dateModified":"2026-02-02T10:01:38+00:00","description":"Mitrei\u00dfende Gospel Songs f\u00fcr 3stimmigen Chor und Begleitung. Gospelnoten und Album feat. Chris Lass, James Smith, Yasmina Hunzinger, Angelika Rehaag u.v.a. - DEMO >>","breadcrumb":{"@id":"https:\/\/www.zebemusic.com\/de\/product\/greaterthananything\/#breadcrumb"},"inLanguage":"de-DE","potentialAction":[{"@type":"ReadAction","target":["https:\/\/www.zebemusic.com\/de\/product\/greaterthananything\/"]}]},{"@type":"ImageObject","inLanguage":"de-DE","@id":"https:\/\/www.zebemusic.com\/de\/product\/greaterthananything\/#primaryimage","url":"https:\/\/www.zebemusic.com\/wp-content\/uploads\/2013\/08\/ZEBE4070.jpg","contentUrl":"https:\/\/www.zebemusic.com\/wp-content\/uploads\/2013\/08\/ZEBE4070.jpg","width":379,"height":500},{"@type":"BreadcrumbList","@id":"https:\/\/www.zebemusic.com\/de\/product\/greaterthananything\/#breadcrumb","itemListElement":[{"@type":"ListItem","position":1,"name":"Shop","item":"https:\/\/www.zebemusic.com\/de\/shop-2\/"},{"@type":"ListItem","position":2,"name":"Greater Than Anything"}]},{"@type":"WebSite","@id":"https:\/\/www.zebemusic.com\/de\/#website","url":"https:\/\/www.zebemusic.com\/de\/","name":"ZebeMusic","description":"makes you sing.","publisher":{"@id":"https:\/\/www.zebemusic.com\/de\/#organization"},"alternateName":"Gospelnoten & Kindermusicals","potentialAction":[{"@type":"SearchAction","target":{"@type":"EntryPoint","urlTemplate":"https:\/\/www.zebemusic.com\/de\/?s={search_term_string}"},"query-input":{"@type":"PropertyValueSpecification","valueRequired":true,"valueName":"search_term_string"}}],"inLanguage":"de-DE"},{"@type":"Organization","@id":"https:\/\/www.zebemusic.com\/de\/#organization","name":"ZebeMusic","url":"https:\/\/www.zebemusic.com\/de\/","logo":{"@type":"ImageObject","inLanguage":"de-DE","@id":"https:\/\/www.zebemusic.com\/de\/#\/schema\/logo\/image\/","url":"https:\/\/www.zebemusic.com\/wp-content\/uploads\/2025\/10\/ZEBE-Logo_ZW-makesyousing.jpg","contentUrl":"https:\/\/www.zebemusic.com\/wp-content\/uploads\/2025\/10\/ZEBE-Logo_ZW-makesyousing.jpg","width":2212,"height":958,"caption":"ZebeMusic"},"image":{"@id":"https:\/\/www.zebemusic.com\/de\/#\/schema\/logo\/image\/"},"sameAs":["https:\/\/www.facebook.com\/zebemusic","https:\/\/www.instagram.com\/zebemusic","https:\/\/www.youtube.com\/zebemusicberlin"]}]}},"_links":{"self":[{"href":"https:\/\/www.zebemusic.com\/de\/wp-json\/wp\/v2\/product\/1779","targetHints":{"allow":["GET"]}}],"collection":[{"href":"https:\/\/www.zebemusic.com\/de\/wp-json\/wp\/v2\/product"}],"about":[{"href":"https:\/\/www.zebemusic.com\/de\/wp-json\/wp\/v2\/types\/product"}],"wp:featuredmedia":[{"embeddable":true,"href":"https:\/\/www.zebemusic.com\/de\/wp-json\/wp\/v2\/media\/309"}],"wp:attachment":[{"href":"https:\/\/www.zebemusic.com\/de\/wp-json\/wp\/v2\/media?parent=1779"}],"wp:term":[{"taxonomy":"product_brand","embeddable":true,"href":"https:\/\/www.zebemusic.com\/de\/wp-json\/wp\/v2\/product_brand?post=1779"},{"taxonomy":"product_cat","embeddable":true,"href":"https:\/\/www.zebemusic.com\/de\/wp-json\/wp\/v2\/product_cat?post=1779"},{"taxonomy":"product_tag","embeddable":true,"href":"https:\/\/www.zebemusic.com\/de\/wp-json\/wp\/v2\/product_tag?post=1779"}],"curies":[{"name":"wp","href":"https:\/\/api.w.org\/{rel}","templated":true}]}}