{"id":1867,"date":"2014-08-28T10:48:10","date_gmt":"2014-08-28T08:48:10","guid":{"rendered":"http:\/\/zebemusic.smukkeberg.com\/shop\/musical\/joseph\/"},"modified":"2025-08-13T14:30:04","modified_gmt":"2025-08-13T13:30:04","slug":"josephmusical","status":"publish","type":"product","link":"https:\/\/www.zebemusic.com\/de\/product\/josephmusical\/","title":{"rendered":"Joseph"},"content":{"rendered":"","protected":false},"excerpt":{"rendered":"<p>Das St\u00fcck erz\u00e4hlt die spannende Geschichte des Traumdeuters Joseph aus dem Alten Testament. Trotz des Verrats durch seine Br\u00fcder und seiner Karriere am Hofe des Pharao verliert er nicht sein gutes Herz. Das etwa einst\u00fcndige Musical von Andreas M\u00fccksch und Barbara Schatz lebt von seiner musikalischen Vielfalt und ben\u00f6tigt viele S\u00e4nger und Spieler.<br \/>\nChor- und Sololieder wechseln einander ab und werden unterschiedlich begleitet. Schwungvolle Popsongs laden zum Mitmachen ein und sanfte Balladen regen zum Nachdenken an.<\/p>\n<p id=\"pressename\" style=\"padding-left: 30px;\"><span style=\"color: #993300;\"><strong><em>\u201cGelungene Umsetzung dieses operntr\u00e4chtigen Stoffes.\u201d <\/em><\/strong><\/span>(Mitteldeutsche Zeitung)<\/p>\n<p id=\"pressename\" style=\"padding-left: 30px;\"><span style=\"color: #993300;\"><strong><em>\u201cEs ist den Herausgebern gelungen, die Urv\u00e4tergeschichte in unsere moderne Zeit zu \u00fcbertragen. Das komplexe Geschehen der Handlung ist durch die klare Vertextung gut nachvollziehbar. Die Spannung des Musicals \u201cJoseph\u201d erreicht sowohl junges wie auch erwachsenes Publikum.\u201d\u00a0 <\/em><\/strong><\/span>(Der Kirchenmusiker)<\/p>\n<hr \/>\n<p id=\"postdetails\"><strong><span style=\"color: #717171;\">Musik: <\/span><\/strong><a href=\"\/andreasmuecksch\">Andreas M\u00fccksch<\/a><br \/>\n<strong><span style=\"color: #717171;\">Libretto:<\/span><\/strong> <a href=\"\/barbaraschatz\">Barbara Schatz<\/a><br \/>\n<strong><span style=\"color: #717171;\">Besetzung:<\/span><\/strong> S\/A, Soli, Orff, Perc., Pno. (variabel)<br \/>\n<strong><span style=\"color: #717171;\">Dauer:<\/span><\/strong> ca. 55 min.<br \/>\n<strong><span style=\"color: #717171;\">Schwierigkeitsgrad:<\/span><\/strong> mittel<\/p>\n<p><strong><a href=\"\/wp-content\/PP\/PP2110.pdf\" target=\"_blank\" rel=\"noopener noreferrer\">Probepartitur zum Download <\/a><\/strong>&gt;&gt;&gt;<\/p>\n<p><a href=\"\/audio\/ZEBE2110.mp3\" target=\"_blank\" rel=\"noopener noreferrer\">H\u00f6rprobe:<\/a><strong><br \/>\n<\/strong><\/p>\n[audio mp3=\"https:\/\/www.zebemusic.com\/wp-content\/uploads\/2014\/08\/ZEBE2110.mp3\"][\/audio]\n<p>&nbsp;<\/p>\n<p>&nbsp;<\/p>\n<hr \/>\n<p><strong>\u2022 Partitur<\/strong> (ZE 2112, ISBN 978-3-940745-21-7, 55 Seiten) \u20ac 16,90<\/p>\n<p><strong>\u2022 CD<\/strong> (ZE 2117, ISBN 978-3-940745-20-0) \u20ac 9,95<br \/>\n<strong>\u2022 CD zum mp3-Download<\/strong> \u20ac 4,99<\/p>\n<p><strong>\u2022 Chorausgabe<\/strong> mit allen Liedern und Texten (ZE 2111, ISBN 978-3-940745-22-4) \u20ac 4,95<\/p>\n<p><strong>\u2022 Package <\/strong>mit Partitur, Instrumenten und 20 Chorausgaben (ZE 2110) \u20ac 110,00<\/p>\n<p><strong>\u2022 Begleit-CD <\/strong> (ZE 2119) \u20ac 29,95<br \/>\n<strong>\u2022 Begleit-CD zum mp3-Download<\/strong> \u20ac 19,99<\/p>\n<p><strong>\u2022 Klavier <\/strong> (ZE 2113) \u20ac 6,00<br \/>\n<strong>\u2022 Schlagwerk und Bl\u00e4ser<\/strong> (ZE 2114) \u20ac 3,00<br \/>\n<strong>\u2022 Orff-Instrumente und Bass <\/strong> (ZE 2115) \u20ac 4,50<\/p>\n","protected":false},"featured_media":1881,"template":"","meta":{"_acf_changed":false},"product_brand":[],"product_cat":[15],"product_tag":[657,147,148],"class_list":{"0":"post-1867","1":"product","2":"type-product","3":"status-publish","4":"has-post-thumbnail","6":"product_cat-kindermusical","7":"product_tag-cd","8":"product_tag-joseph","9":"product_tag-muecksch","10":"pa_diff-leicht","11":"pa_diff-mittel","12":"pa_language-deutsch","13":"pa_occ-altes-testament","14":"pa_occ-biblische-geschichten","15":"pa_occ-konzert","16":"pa_occ-schul-gemeindeprojekt","17":"pa_others-lizensierung","18":"pa_style-genre-musical-de","19":"pa_style-genre-pop-crossover-de","20":"pa_variation-bass","21":"pa_variation-begleit-cd","22":"pa_variation-cd","23":"pa_variation-chorausgabe","24":"pa_variation-floeten","25":"pa_variation-klavier","26":"pa_variation-mp3-download-der-begleit-cd","27":"pa_variation-mp3-download-der-hoer-cd","28":"pa_variation-orff-instrumente","29":"pa_variation-package","30":"pa_variation-partitur","31":"pa_variation-schlagwerk","32":"pa_voicing-kinderchor","33":"pa_voicing-mit-band","34":"pa_voicing-mit-begleitung","35":"pa_voicing-mit-solist","36":"pa_voicing-sa-de","38":"first","39":"instock","40":"taxable","41":"shipping-taxable","42":"purchasable","43":"product-type-variable","44":"has-default-attributes"},"acf":[],"yoast_head":"<!-- This site is optimized with the Yoast SEO plugin v27.4 - https:\/\/yoast.com\/product\/yoast-seo-wordpress\/ -->\n<title>Joseph - Kindermusical<\/title>\n<meta name=\"description\" content=\"Die spannende Geschichte des Traumdeuters Joseph. Trotz des Verrats durch seine Br\u00fcder und seiner Karriere verliert er nicht sein gutes Herz. DEMO &gt;&gt;&gt;\" \/>\n<meta name=\"robots\" content=\"index, follow, max-snippet:-1, max-image-preview:large, max-video-preview:-1\" \/>\n<link rel=\"canonical\" href=\"https:\/\/www.zebemusic.com\/de\/product\/josephmusical\/\" \/>\n<meta property=\"og:locale\" content=\"de_DE\" \/>\n<meta property=\"og:type\" content=\"article\" \/>\n<meta property=\"og:title\" content=\"Joseph - Kindermusical\" \/>\n<meta property=\"og:description\" content=\"Die spannende Geschichte des Traumdeuters Joseph. Trotz des Verrats durch seine Br\u00fcder und seiner Karriere verliert er nicht sein gutes Herz. DEMO &gt;&gt;&gt;\" \/>\n<meta property=\"og:url\" content=\"https:\/\/www.zebemusic.com\/de\/product\/josephmusical\/\" \/>\n<meta property=\"og:site_name\" content=\"ZebeMusic\" \/>\n<meta property=\"article:publisher\" content=\"https:\/\/www.facebook.com\/zebemusic\" \/>\n<meta property=\"article:modified_time\" content=\"2025-08-13T13:30:04+00:00\" \/>\n<meta property=\"og:image\" content=\"https:\/\/www.zebemusic.com\/wp-content\/uploads\/2014\/08\/ZEBE2112.jpg\" \/>\n\t<meta property=\"og:image:width\" content=\"240\" \/>\n\t<meta property=\"og:image:height\" content=\"320\" \/>\n\t<meta property=\"og:image:type\" content=\"image\/jpeg\" \/>\n<meta name=\"twitter:card\" content=\"summary_large_image\" \/>\n<meta name=\"twitter:label1\" content=\"Est. reading time\" \/>\n\t<meta name=\"twitter:data1\" content=\"1 minute\" \/>\n<script type=\"application\/ld+json\" class=\"yoast-schema-graph\">{\"@context\":\"https:\\\/\\\/schema.org\",\"@graph\":[{\"@type\":\"WebPage\",\"@id\":\"https:\\\/\\\/www.zebemusic.com\\\/de\\\/product\\\/josephmusical\\\/\",\"url\":\"https:\\\/\\\/www.zebemusic.com\\\/de\\\/product\\\/josephmusical\\\/\",\"name\":\"Joseph - Kindermusical\",\"isPartOf\":{\"@id\":\"https:\\\/\\\/www.zebemusic.com\\\/de\\\/#website\"},\"primaryImageOfPage\":{\"@id\":\"https:\\\/\\\/www.zebemusic.com\\\/de\\\/product\\\/josephmusical\\\/#primaryimage\"},\"image\":{\"@id\":\"https:\\\/\\\/www.zebemusic.com\\\/de\\\/product\\\/josephmusical\\\/#primaryimage\"},\"thumbnailUrl\":\"https:\\\/\\\/www.zebemusic.com\\\/wp-content\\\/uploads\\\/2014\\\/08\\\/ZEBE2112.jpg\",\"datePublished\":\"2014-08-28T08:48:10+00:00\",\"dateModified\":\"2025-08-13T13:30:04+00:00\",\"description\":\"Die spannende Geschichte des Traumdeuters Joseph. Trotz des Verrats durch seine Br\u00fcder und seiner Karriere verliert er nicht sein gutes Herz. DEMO >>>\",\"breadcrumb\":{\"@id\":\"https:\\\/\\\/www.zebemusic.com\\\/de\\\/product\\\/josephmusical\\\/#breadcrumb\"},\"inLanguage\":\"de-DE\",\"potentialAction\":[{\"@type\":\"ReadAction\",\"target\":[\"https:\\\/\\\/www.zebemusic.com\\\/de\\\/product\\\/josephmusical\\\/\"]}]},{\"@type\":\"ImageObject\",\"inLanguage\":\"de-DE\",\"@id\":\"https:\\\/\\\/www.zebemusic.com\\\/de\\\/product\\\/josephmusical\\\/#primaryimage\",\"url\":\"https:\\\/\\\/www.zebemusic.com\\\/wp-content\\\/uploads\\\/2014\\\/08\\\/ZEBE2112.jpg\",\"contentUrl\":\"https:\\\/\\\/www.zebemusic.com\\\/wp-content\\\/uploads\\\/2014\\\/08\\\/ZEBE2112.jpg\",\"width\":240,\"height\":320},{\"@type\":\"BreadcrumbList\",\"@id\":\"https:\\\/\\\/www.zebemusic.com\\\/de\\\/product\\\/josephmusical\\\/#breadcrumb\",\"itemListElement\":[{\"@type\":\"ListItem\",\"position\":1,\"name\":\"Shop\",\"item\":\"https:\\\/\\\/www.zebemusic.com\\\/de\\\/shop-2\\\/\"},{\"@type\":\"ListItem\",\"position\":2,\"name\":\"Joseph\"}]},{\"@type\":\"WebSite\",\"@id\":\"https:\\\/\\\/www.zebemusic.com\\\/de\\\/#website\",\"url\":\"https:\\\/\\\/www.zebemusic.com\\\/de\\\/\",\"name\":\"ZebeMusic\",\"description\":\"makes you sing.\",\"publisher\":{\"@id\":\"https:\\\/\\\/www.zebemusic.com\\\/de\\\/#organization\"},\"alternateName\":\"Gospelnoten & Kindermusicals\",\"potentialAction\":[{\"@type\":\"SearchAction\",\"target\":{\"@type\":\"EntryPoint\",\"urlTemplate\":\"https:\\\/\\\/www.zebemusic.com\\\/de\\\/?s={search_term_string}\"},\"query-input\":{\"@type\":\"PropertyValueSpecification\",\"valueRequired\":true,\"valueName\":\"search_term_string\"}}],\"inLanguage\":\"de-DE\"},{\"@type\":\"Organization\",\"@id\":\"https:\\\/\\\/www.zebemusic.com\\\/de\\\/#organization\",\"name\":\"ZebeMusic\",\"url\":\"https:\\\/\\\/www.zebemusic.com\\\/de\\\/\",\"logo\":{\"@type\":\"ImageObject\",\"inLanguage\":\"de-DE\",\"@id\":\"https:\\\/\\\/www.zebemusic.com\\\/de\\\/#\\\/schema\\\/logo\\\/image\\\/\",\"url\":\"https:\\\/\\\/www.zebemusic.com\\\/wp-content\\\/uploads\\\/2025\\\/10\\\/ZEBE-Logo_ZW-makesyousing.jpg\",\"contentUrl\":\"https:\\\/\\\/www.zebemusic.com\\\/wp-content\\\/uploads\\\/2025\\\/10\\\/ZEBE-Logo_ZW-makesyousing.jpg\",\"width\":2212,\"height\":958,\"caption\":\"ZebeMusic\"},\"image\":{\"@id\":\"https:\\\/\\\/www.zebemusic.com\\\/de\\\/#\\\/schema\\\/logo\\\/image\\\/\"},\"sameAs\":[\"https:\\\/\\\/www.facebook.com\\\/zebemusic\",\"https:\\\/\\\/www.instagram.com\\\/zebemusic\",\"https:\\\/\\\/www.youtube.com\\\/zebemusicberlin\"]}]}<\/script>\n<!-- \/ Yoast SEO plugin. -->","yoast_head_json":{"title":"Joseph - Kindermusical","description":"Die spannende Geschichte des Traumdeuters Joseph. Trotz des Verrats durch seine Br\u00fcder und seiner Karriere verliert er nicht sein gutes Herz. DEMO >>>","robots":{"index":"index","follow":"follow","max-snippet":"max-snippet:-1","max-image-preview":"max-image-preview:large","max-video-preview":"max-video-preview:-1"},"canonical":"https:\/\/www.zebemusic.com\/de\/product\/josephmusical\/","og_locale":"de_DE","og_type":"article","og_title":"Joseph - Kindermusical","og_description":"Die spannende Geschichte des Traumdeuters Joseph. Trotz des Verrats durch seine Br\u00fcder und seiner Karriere verliert er nicht sein gutes Herz. DEMO >>>","og_url":"https:\/\/www.zebemusic.com\/de\/product\/josephmusical\/","og_site_name":"ZebeMusic","article_publisher":"https:\/\/www.facebook.com\/zebemusic","article_modified_time":"2025-08-13T13:30:04+00:00","og_image":[{"width":240,"height":320,"url":"https:\/\/www.zebemusic.com\/wp-content\/uploads\/2014\/08\/ZEBE2112.jpg","type":"image\/jpeg"}],"twitter_card":"summary_large_image","twitter_misc":{"Est. reading time":"1 minute"},"schema":{"@context":"https:\/\/schema.org","@graph":[{"@type":"WebPage","@id":"https:\/\/www.zebemusic.com\/de\/product\/josephmusical\/","url":"https:\/\/www.zebemusic.com\/de\/product\/josephmusical\/","name":"Joseph - Kindermusical","isPartOf":{"@id":"https:\/\/www.zebemusic.com\/de\/#website"},"primaryImageOfPage":{"@id":"https:\/\/www.zebemusic.com\/de\/product\/josephmusical\/#primaryimage"},"image":{"@id":"https:\/\/www.zebemusic.com\/de\/product\/josephmusical\/#primaryimage"},"thumbnailUrl":"https:\/\/www.zebemusic.com\/wp-content\/uploads\/2014\/08\/ZEBE2112.jpg","datePublished":"2014-08-28T08:48:10+00:00","dateModified":"2025-08-13T13:30:04+00:00","description":"Die spannende Geschichte des Traumdeuters Joseph. Trotz des Verrats durch seine Br\u00fcder und seiner Karriere verliert er nicht sein gutes Herz. DEMO >>>","breadcrumb":{"@id":"https:\/\/www.zebemusic.com\/de\/product\/josephmusical\/#breadcrumb"},"inLanguage":"de-DE","potentialAction":[{"@type":"ReadAction","target":["https:\/\/www.zebemusic.com\/de\/product\/josephmusical\/"]}]},{"@type":"ImageObject","inLanguage":"de-DE","@id":"https:\/\/www.zebemusic.com\/de\/product\/josephmusical\/#primaryimage","url":"https:\/\/www.zebemusic.com\/wp-content\/uploads\/2014\/08\/ZEBE2112.jpg","contentUrl":"https:\/\/www.zebemusic.com\/wp-content\/uploads\/2014\/08\/ZEBE2112.jpg","width":240,"height":320},{"@type":"BreadcrumbList","@id":"https:\/\/www.zebemusic.com\/de\/product\/josephmusical\/#breadcrumb","itemListElement":[{"@type":"ListItem","position":1,"name":"Shop","item":"https:\/\/www.zebemusic.com\/de\/shop-2\/"},{"@type":"ListItem","position":2,"name":"Joseph"}]},{"@type":"WebSite","@id":"https:\/\/www.zebemusic.com\/de\/#website","url":"https:\/\/www.zebemusic.com\/de\/","name":"ZebeMusic","description":"makes you sing.","publisher":{"@id":"https:\/\/www.zebemusic.com\/de\/#organization"},"alternateName":"Gospelnoten & Kindermusicals","potentialAction":[{"@type":"SearchAction","target":{"@type":"EntryPoint","urlTemplate":"https:\/\/www.zebemusic.com\/de\/?s={search_term_string}"},"query-input":{"@type":"PropertyValueSpecification","valueRequired":true,"valueName":"search_term_string"}}],"inLanguage":"de-DE"},{"@type":"Organization","@id":"https:\/\/www.zebemusic.com\/de\/#organization","name":"ZebeMusic","url":"https:\/\/www.zebemusic.com\/de\/","logo":{"@type":"ImageObject","inLanguage":"de-DE","@id":"https:\/\/www.zebemusic.com\/de\/#\/schema\/logo\/image\/","url":"https:\/\/www.zebemusic.com\/wp-content\/uploads\/2025\/10\/ZEBE-Logo_ZW-makesyousing.jpg","contentUrl":"https:\/\/www.zebemusic.com\/wp-content\/uploads\/2025\/10\/ZEBE-Logo_ZW-makesyousing.jpg","width":2212,"height":958,"caption":"ZebeMusic"},"image":{"@id":"https:\/\/www.zebemusic.com\/de\/#\/schema\/logo\/image\/"},"sameAs":["https:\/\/www.facebook.com\/zebemusic","https:\/\/www.instagram.com\/zebemusic","https:\/\/www.youtube.com\/zebemusicberlin"]}]}},"_links":{"self":[{"href":"https:\/\/www.zebemusic.com\/de\/wp-json\/wp\/v2\/product\/1867","targetHints":{"allow":["GET"]}}],"collection":[{"href":"https:\/\/www.zebemusic.com\/de\/wp-json\/wp\/v2\/product"}],"about":[{"href":"https:\/\/www.zebemusic.com\/de\/wp-json\/wp\/v2\/types\/product"}],"wp:featuredmedia":[{"embeddable":true,"href":"https:\/\/www.zebemusic.com\/de\/wp-json\/wp\/v2\/media\/1881"}],"wp:attachment":[{"href":"https:\/\/www.zebemusic.com\/de\/wp-json\/wp\/v2\/media?parent=1867"}],"wp:term":[{"taxonomy":"product_brand","embeddable":true,"href":"https:\/\/www.zebemusic.com\/de\/wp-json\/wp\/v2\/product_brand?post=1867"},{"taxonomy":"product_cat","embeddable":true,"href":"https:\/\/www.zebemusic.com\/de\/wp-json\/wp\/v2\/product_cat?post=1867"},{"taxonomy":"product_tag","embeddable":true,"href":"https:\/\/www.zebemusic.com\/de\/wp-json\/wp\/v2\/product_tag?post=1867"}],"curies":[{"name":"wp","href":"https:\/\/api.w.org\/{rel}","templated":true}]}}