{"id":19329,"date":"2014-11-19T20:38:37","date_gmt":"2014-11-19T18:38:37","guid":{"rendered":"https:\/\/dev.smukkeberg.com\/zebemusic\/product\/gospel-keys-bits-n-pieces-for-piano\/"},"modified":"2026-04-13T20:28:05","modified_gmt":"2026-04-13T19:28:05","slug":"gospelpiano","status":"publish","type":"product","link":"https:\/\/www.zebemusic.com\/de\/product\/gospelpiano\/","title":{"rendered":"Gospel Keys <br><i>Bits \u2019n Pieces For Piano<\/i>"},"content":{"rendered":"","protected":false},"excerpt":{"rendered":"<p>Gospelpiano spielen?<br \/>\nPianisten, Chorleiter und klavierspielende S\u00e4ngerinnen und S\u00e4nger sind zunehmend daran interessiert. Allerdings gibt es kaum stilistisch und klanglich geeignete Literatur zu diesem Thema.<br \/>\nIn dieser Ausgabe hat Stephan Zebe 10 St\u00fccke im authentischen Gospelstil komponiert und arrangiert.<br \/>\nDie St\u00fccke sind von steigendem Schwierigkeitsgrad und enthalten viele Anregungen f\u00fcr die eigene Spieltechnik, f\u00fcr Konzerte, Unterricht und Vorspiele. Die Akkordsymbole erm\u00f6glichen einen harmonischen \u00dcberblick, Improvisation und das Spielen mit anderen Musikern. Zu jedem St\u00fcck gibt es Anmerkungen bzw. Vor\u00fcbungen.<\/p>\n<p><strong>INHALT:<\/strong> Little Piece, Trio, Sunday Morning, Moving On, For Cynthia, Sit Down, Hymn, Amazing Grace, Like A River, Alleluia Time<\/p>\n<p>&#8220;Anspruchsvolle Mischung aus klangvollen, energiegeladenen und groovigen St\u00fccken und ruhigen, harmonisch sehr interessanten Titeln. Lohnenswerte Arrangements. Nicht zuletzt soll und wird diese Sammlung dazu anregen, eigene Ideen zu entwickeln und im Gospelstil zu improvisieren..&#8221; (crossOver)<\/p>\n<p>H\u00f6rprobe:<\/p>\n[audio mp3=\"https:\/\/www.zebemusic.com\/wp-content\/uploads\/2024\/02\/ZEBE1520.mp3\"][\/audio]\n<p>&nbsp;<\/p>\n<p>Komponist: <a href=\"https:\/\/www.zebemusic.com\/de\/stephanzebe\/\">Stephan Zebe<\/a><br \/>\nBesetzung: Klavier solo<br \/>\nSeiten: 36<br \/>\nSchwierigkeitsgrad: mittel-schwer<\/p>\n<p>Bestellnummer: ZE1520-DL<br \/>\nISBN: 978-3-940745-23-1<br \/>\nPreis: PDF-Download\u00a0 \u20ac 9,99<\/p>\n<p>&nbsp;<\/p>\n","protected":false},"featured_media":233,"template":"","meta":{"_acf_changed":false},"product_brand":[],"product_cat":[13],"product_tag":[],"class_list":{"0":"post-19329","1":"product","2":"type-product","3":"status-publish","4":"has-post-thumbnail","6":"product_cat-gospel","7":"pa_ausfuehrung-druckausgabe-de","8":"pa_ausfuehrung-noten-download","9":"pa_diff-mittel","10":"pa_diff-schwer","11":"pa_occ-abendmahl-kommunion","12":"pa_occ-liturgie","13":"pa_occ-weihnachten","14":"pa_others-downloads-de","15":"pa_others-sammlungen","16":"pa_style-genre-ballade","17":"pa_style-genre-choral-adaptionen","18":"pa_style-genre-gospel-de","19":"pa_style-genre-kantoreipraxis-de","20":"pa_style-genre-traditional-gospel-style-de","21":"pa_style-genre-contemporary-de","22":"pa_voicing-instrumental-de","24":"first","25":"instock","26":"taxable","27":"shipping-taxable","28":"purchasable","29":"product-type-variable","30":"has-default-attributes"},"acf":[],"yoast_head":"<!-- This site is optimized with the Yoast SEO plugin v27.3 - https:\/\/yoast.com\/product\/yoast-seo-wordpress\/ -->\n<title>Gospel Keys Bits \u2019n Pieces For Piano - Gospelpiano!<\/title>\n<meta name=\"description\" content=\"Gospelpiano f\u00fcr Einsteiger und Fortgeschrittene. Typische Voicings und Licks zum Nachahmen in 10 St\u00fccken f\u00fcr Unterricht und zum Vortrag. DEMO &gt;&gt;&gt;\" \/>\n<meta name=\"robots\" content=\"index, follow, max-snippet:-1, max-image-preview:large, max-video-preview:-1\" \/>\n<link rel=\"canonical\" href=\"https:\/\/www.zebemusic.com\/de\/product\/gospelpiano\/\" \/>\n<meta property=\"og:locale\" content=\"de_DE\" \/>\n<meta property=\"og:type\" content=\"article\" \/>\n<meta property=\"og:title\" content=\"Gospel Keys Bits \u2019n Pieces For Piano - Gospelpiano!\" \/>\n<meta property=\"og:description\" content=\"Gospelpiano f\u00fcr Einsteiger und Fortgeschrittene. Typische Voicings und Licks zum Nachahmen in 10 St\u00fccken f\u00fcr Unterricht und zum Vortrag. DEMO &gt;&gt;&gt;\" \/>\n<meta property=\"og:url\" content=\"https:\/\/www.zebemusic.com\/de\/product\/gospelpiano\/\" \/>\n<meta property=\"og:site_name\" content=\"ZebeMusic\" \/>\n<meta property=\"article:publisher\" content=\"https:\/\/www.facebook.com\/zebemusic\" \/>\n<meta property=\"article:modified_time\" content=\"2026-04-13T19:28:05+00:00\" \/>\n<meta property=\"og:image\" content=\"https:\/\/www.zebemusic.com\/wp-content\/uploads\/2013\/08\/ZEBE15201.jpg\" \/>\n\t<meta property=\"og:image:width\" content=\"462\" \/>\n\t<meta property=\"og:image:height\" content=\"600\" \/>\n\t<meta property=\"og:image:type\" content=\"image\/jpeg\" \/>\n<meta name=\"twitter:card\" content=\"summary_large_image\" \/>\n<meta name=\"twitter:label1\" content=\"Est. reading time\" \/>\n\t<meta name=\"twitter:data1\" content=\"1 minute\" \/>\n<script type=\"application\/ld+json\" class=\"yoast-schema-graph\">{\"@context\":\"https:\\\/\\\/schema.org\",\"@graph\":[{\"@type\":\"WebPage\",\"@id\":\"https:\\\/\\\/www.zebemusic.com\\\/de\\\/product\\\/gospelpiano\\\/\",\"url\":\"https:\\\/\\\/www.zebemusic.com\\\/de\\\/product\\\/gospelpiano\\\/\",\"name\":\"Gospel Keys Bits \u2019n Pieces For Piano - Gospelpiano!\",\"isPartOf\":{\"@id\":\"https:\\\/\\\/www.zebemusic.com\\\/de\\\/#website\"},\"primaryImageOfPage\":{\"@id\":\"https:\\\/\\\/www.zebemusic.com\\\/de\\\/product\\\/gospelpiano\\\/#primaryimage\"},\"image\":{\"@id\":\"https:\\\/\\\/www.zebemusic.com\\\/de\\\/product\\\/gospelpiano\\\/#primaryimage\"},\"thumbnailUrl\":\"https:\\\/\\\/www.zebemusic.com\\\/wp-content\\\/uploads\\\/2013\\\/08\\\/ZEBE15201.jpg\",\"datePublished\":\"2014-11-19T18:38:37+00:00\",\"dateModified\":\"2026-04-13T19:28:05+00:00\",\"description\":\"Gospelpiano f\u00fcr Einsteiger und Fortgeschrittene. Typische Voicings und Licks zum Nachahmen in 10 St\u00fccken f\u00fcr Unterricht und zum Vortrag. DEMO >>>\",\"breadcrumb\":{\"@id\":\"https:\\\/\\\/www.zebemusic.com\\\/de\\\/product\\\/gospelpiano\\\/#breadcrumb\"},\"inLanguage\":\"de-DE\",\"potentialAction\":[{\"@type\":\"ReadAction\",\"target\":[\"https:\\\/\\\/www.zebemusic.com\\\/de\\\/product\\\/gospelpiano\\\/\"]}]},{\"@type\":\"ImageObject\",\"inLanguage\":\"de-DE\",\"@id\":\"https:\\\/\\\/www.zebemusic.com\\\/de\\\/product\\\/gospelpiano\\\/#primaryimage\",\"url\":\"https:\\\/\\\/www.zebemusic.com\\\/wp-content\\\/uploads\\\/2013\\\/08\\\/ZEBE15201.jpg\",\"contentUrl\":\"https:\\\/\\\/www.zebemusic.com\\\/wp-content\\\/uploads\\\/2013\\\/08\\\/ZEBE15201.jpg\",\"width\":462,\"height\":600,\"caption\":\"Gospelpiano\"},{\"@type\":\"BreadcrumbList\",\"@id\":\"https:\\\/\\\/www.zebemusic.com\\\/de\\\/product\\\/gospelpiano\\\/#breadcrumb\",\"itemListElement\":[{\"@type\":\"ListItem\",\"position\":1,\"name\":\"Shop\",\"item\":\"https:\\\/\\\/www.zebemusic.com\\\/de\\\/shop-2\\\/\"},{\"@type\":\"ListItem\",\"position\":2,\"name\":\"Gospel Keys Bits \u2019n Pieces For Piano\"}]},{\"@type\":\"WebSite\",\"@id\":\"https:\\\/\\\/www.zebemusic.com\\\/de\\\/#website\",\"url\":\"https:\\\/\\\/www.zebemusic.com\\\/de\\\/\",\"name\":\"ZebeMusic\",\"description\":\"makes you sing.\",\"publisher\":{\"@id\":\"https:\\\/\\\/www.zebemusic.com\\\/de\\\/#organization\"},\"alternateName\":\"Gospelnoten & Kindermusicals\",\"potentialAction\":[{\"@type\":\"SearchAction\",\"target\":{\"@type\":\"EntryPoint\",\"urlTemplate\":\"https:\\\/\\\/www.zebemusic.com\\\/de\\\/?s={search_term_string}\"},\"query-input\":{\"@type\":\"PropertyValueSpecification\",\"valueRequired\":true,\"valueName\":\"search_term_string\"}}],\"inLanguage\":\"de-DE\"},{\"@type\":\"Organization\",\"@id\":\"https:\\\/\\\/www.zebemusic.com\\\/de\\\/#organization\",\"name\":\"ZebeMusic\",\"url\":\"https:\\\/\\\/www.zebemusic.com\\\/de\\\/\",\"logo\":{\"@type\":\"ImageObject\",\"inLanguage\":\"de-DE\",\"@id\":\"https:\\\/\\\/www.zebemusic.com\\\/de\\\/#\\\/schema\\\/logo\\\/image\\\/\",\"url\":\"https:\\\/\\\/www.zebemusic.com\\\/wp-content\\\/uploads\\\/2025\\\/10\\\/ZEBE-Logo_ZW-makesyousing.jpg\",\"contentUrl\":\"https:\\\/\\\/www.zebemusic.com\\\/wp-content\\\/uploads\\\/2025\\\/10\\\/ZEBE-Logo_ZW-makesyousing.jpg\",\"width\":2212,\"height\":958,\"caption\":\"ZebeMusic\"},\"image\":{\"@id\":\"https:\\\/\\\/www.zebemusic.com\\\/de\\\/#\\\/schema\\\/logo\\\/image\\\/\"},\"sameAs\":[\"https:\\\/\\\/www.facebook.com\\\/zebemusic\",\"https:\\\/\\\/www.instagram.com\\\/zebemusic\",\"https:\\\/\\\/www.youtube.com\\\/zebemusicberlin\"]}]}<\/script>\n<!-- \/ Yoast SEO plugin. -->","yoast_head_json":{"title":"Gospel Keys Bits \u2019n Pieces For Piano - Gospelpiano!","description":"Gospelpiano f\u00fcr Einsteiger und Fortgeschrittene. Typische Voicings und Licks zum Nachahmen in 10 St\u00fccken f\u00fcr Unterricht und zum Vortrag. DEMO >>>","robots":{"index":"index","follow":"follow","max-snippet":"max-snippet:-1","max-image-preview":"max-image-preview:large","max-video-preview":"max-video-preview:-1"},"canonical":"https:\/\/www.zebemusic.com\/de\/product\/gospelpiano\/","og_locale":"de_DE","og_type":"article","og_title":"Gospel Keys Bits \u2019n Pieces For Piano - Gospelpiano!","og_description":"Gospelpiano f\u00fcr Einsteiger und Fortgeschrittene. Typische Voicings und Licks zum Nachahmen in 10 St\u00fccken f\u00fcr Unterricht und zum Vortrag. DEMO >>>","og_url":"https:\/\/www.zebemusic.com\/de\/product\/gospelpiano\/","og_site_name":"ZebeMusic","article_publisher":"https:\/\/www.facebook.com\/zebemusic","article_modified_time":"2026-04-13T19:28:05+00:00","og_image":[{"width":462,"height":600,"url":"https:\/\/www.zebemusic.com\/wp-content\/uploads\/2013\/08\/ZEBE15201.jpg","type":"image\/jpeg"}],"twitter_card":"summary_large_image","twitter_misc":{"Est. reading time":"1 minute"},"schema":{"@context":"https:\/\/schema.org","@graph":[{"@type":"WebPage","@id":"https:\/\/www.zebemusic.com\/de\/product\/gospelpiano\/","url":"https:\/\/www.zebemusic.com\/de\/product\/gospelpiano\/","name":"Gospel Keys Bits \u2019n Pieces For Piano - Gospelpiano!","isPartOf":{"@id":"https:\/\/www.zebemusic.com\/de\/#website"},"primaryImageOfPage":{"@id":"https:\/\/www.zebemusic.com\/de\/product\/gospelpiano\/#primaryimage"},"image":{"@id":"https:\/\/www.zebemusic.com\/de\/product\/gospelpiano\/#primaryimage"},"thumbnailUrl":"https:\/\/www.zebemusic.com\/wp-content\/uploads\/2013\/08\/ZEBE15201.jpg","datePublished":"2014-11-19T18:38:37+00:00","dateModified":"2026-04-13T19:28:05+00:00","description":"Gospelpiano f\u00fcr Einsteiger und Fortgeschrittene. Typische Voicings und Licks zum Nachahmen in 10 St\u00fccken f\u00fcr Unterricht und zum Vortrag. DEMO >>>","breadcrumb":{"@id":"https:\/\/www.zebemusic.com\/de\/product\/gospelpiano\/#breadcrumb"},"inLanguage":"de-DE","potentialAction":[{"@type":"ReadAction","target":["https:\/\/www.zebemusic.com\/de\/product\/gospelpiano\/"]}]},{"@type":"ImageObject","inLanguage":"de-DE","@id":"https:\/\/www.zebemusic.com\/de\/product\/gospelpiano\/#primaryimage","url":"https:\/\/www.zebemusic.com\/wp-content\/uploads\/2013\/08\/ZEBE15201.jpg","contentUrl":"https:\/\/www.zebemusic.com\/wp-content\/uploads\/2013\/08\/ZEBE15201.jpg","width":462,"height":600,"caption":"Gospelpiano"},{"@type":"BreadcrumbList","@id":"https:\/\/www.zebemusic.com\/de\/product\/gospelpiano\/#breadcrumb","itemListElement":[{"@type":"ListItem","position":1,"name":"Shop","item":"https:\/\/www.zebemusic.com\/de\/shop-2\/"},{"@type":"ListItem","position":2,"name":"Gospel Keys Bits \u2019n Pieces For Piano"}]},{"@type":"WebSite","@id":"https:\/\/www.zebemusic.com\/de\/#website","url":"https:\/\/www.zebemusic.com\/de\/","name":"ZebeMusic","description":"makes you sing.","publisher":{"@id":"https:\/\/www.zebemusic.com\/de\/#organization"},"alternateName":"Gospelnoten & Kindermusicals","potentialAction":[{"@type":"SearchAction","target":{"@type":"EntryPoint","urlTemplate":"https:\/\/www.zebemusic.com\/de\/?s={search_term_string}"},"query-input":{"@type":"PropertyValueSpecification","valueRequired":true,"valueName":"search_term_string"}}],"inLanguage":"de-DE"},{"@type":"Organization","@id":"https:\/\/www.zebemusic.com\/de\/#organization","name":"ZebeMusic","url":"https:\/\/www.zebemusic.com\/de\/","logo":{"@type":"ImageObject","inLanguage":"de-DE","@id":"https:\/\/www.zebemusic.com\/de\/#\/schema\/logo\/image\/","url":"https:\/\/www.zebemusic.com\/wp-content\/uploads\/2025\/10\/ZEBE-Logo_ZW-makesyousing.jpg","contentUrl":"https:\/\/www.zebemusic.com\/wp-content\/uploads\/2025\/10\/ZEBE-Logo_ZW-makesyousing.jpg","width":2212,"height":958,"caption":"ZebeMusic"},"image":{"@id":"https:\/\/www.zebemusic.com\/de\/#\/schema\/logo\/image\/"},"sameAs":["https:\/\/www.facebook.com\/zebemusic","https:\/\/www.instagram.com\/zebemusic","https:\/\/www.youtube.com\/zebemusicberlin"]}]}},"_links":{"self":[{"href":"https:\/\/www.zebemusic.com\/de\/wp-json\/wp\/v2\/product\/19329","targetHints":{"allow":["GET"]}}],"collection":[{"href":"https:\/\/www.zebemusic.com\/de\/wp-json\/wp\/v2\/product"}],"about":[{"href":"https:\/\/www.zebemusic.com\/de\/wp-json\/wp\/v2\/types\/product"}],"wp:featuredmedia":[{"embeddable":true,"href":"https:\/\/www.zebemusic.com\/de\/wp-json\/wp\/v2\/media\/233"}],"wp:attachment":[{"href":"https:\/\/www.zebemusic.com\/de\/wp-json\/wp\/v2\/media?parent=19329"}],"wp:term":[{"taxonomy":"product_brand","embeddable":true,"href":"https:\/\/www.zebemusic.com\/de\/wp-json\/wp\/v2\/product_brand?post=19329"},{"taxonomy":"product_cat","embeddable":true,"href":"https:\/\/www.zebemusic.com\/de\/wp-json\/wp\/v2\/product_cat?post=19329"},{"taxonomy":"product_tag","embeddable":true,"href":"https:\/\/www.zebemusic.com\/de\/wp-json\/wp\/v2\/product_tag?post=19329"}],"curies":[{"name":"wp","href":"https:\/\/api.w.org\/{rel}","templated":true}]}}