{"id":21952,"date":"2024-02-20T23:17:12","date_gmt":"2024-02-20T22:17:12","guid":{"rendered":"https:\/\/www.zebemusic.com\/?post_type=product&#038;p=21952"},"modified":"2026-01-22T14:57:24","modified_gmt":"2026-01-22T13:57:24","slug":"juengerin","status":"publish","type":"product","link":"https:\/\/www.zebemusic.com\/de\/product\/juengerin\/","title":{"rendered":"Die J\u00fcngerin"},"content":{"rendered":"","protected":false},"excerpt":{"rendered":"<p>Maria-Magdalena kann es nicht fassen: Ist sie da eben wirklich Jesus begegnet?<br \/>\nSie hat doch selbst gesehen, wie er vor zwei Tagen am Kreuz gestorben ist, was ist da passiert? Wie konnte es \u00fcberhaupt so weit kommen? Sie und die anderen dachten, sie w\u00fcrden Jesus gut kennen. Aber haben sie sich vielleicht alle in ihm get\u00e4uscht?<\/p>\n<p>Dass Jesus J\u00fcnger hatte, ist bekannt. Die Bibel erw\u00e4hnt aber auch Frauen, die zum engsten Kreis um Jesus geh\u00f6rten. Die bekannteste J\u00fcngerin ist <em>Maria-Magdalena<\/em>.<br \/>\nUm kaum eine Person aus dem Neuen Testament ranken sich so viele Legenden und Ger\u00fcchte: S\u00fcnderin, Heilige, sogar Ehefrau oder Mutter von Jesus&#8217; Kindern soll sie gewesen sein. Aber all das sind nur Spekulationen, denn in der Bibel finden wir nur sehr wenige Informationen \u00fcber diese besondere Frau. In allen vier Evangelien wird sie als bedeutende Unterst\u00fctzerin Jesu und als erste Zeugin der Auferstehung erw\u00e4hnt. Aber wie ging es ihr und den anderen J\u00fcngern und J\u00fcngerinnen in den Tagen vor und nach der Kreuzigung?<\/p>\n<p>Das Musical sp\u00fcrt dieser Frage nach und entf\u00fchrt die Zuschauer mit spannenden Szenen und rockiger Musik in das Jerusalem vor 2000 Jahren. Leben, Passion und Ostern &#8211; ganz aus der Sicht der J\u00fcngerin.<\/p>\n<p>&nbsp;<\/p>\n<div style=\"padding-left: 80px;\"><strong><span style=\"color: #993300;\">&#8220;Die biblische Geschichte wird durch Perspektive und Musik<br \/>\nnahbar und erlebbar f\u00fcr Akteure und Zuschauende.&#8221;\u00a0 <\/span><\/strong><span style=\"color: #993300;\"><span style=\"color: #993300;\"><span style=\"color: #993300;\">Chorzeit<\/span><\/span><\/span><\/div>\n<div><\/div>\n<blockquote>\n<div><\/div>\n<\/blockquote>\n<div style=\"padding-left: 80px;\">\n<p><span style=\"color: #993300;\"><strong>&#8220;&#8230;Authentische Dialogf\u00fchrung [die] sich mit Wortschatz und Formulierungen vom heutigen Sprachfluss inspirieren l\u00e4sst, ohne dabei zu sehr ins Umgangssprachliche abzudriften. <\/strong><\/span><\/p>\n<p><span style=\"color: #993300;\"><strong>Wer sich &#8230; mit der musikalischen Gestaltung des Osterfestes auseinandersetzt, hat mit dem Musical \u201eDie J\u00fcngerin\u201c eine vortreffliche Option.&#8221; \u00a0<\/strong> Singen<\/span><\/p>\n<\/div>\n<p>&nbsp;<\/p>\n<hr \/>\n<p id=\"postdetails\"><strong><span style=\"color: #717171;\">Komponistin:<\/span><\/strong> <a href=\"https:\/\/www.zebemusic.com\/de\/ueber-uns\/autoren\/henrike-thies-gebauer\/\" target=\"_blank\" rel=\"noopener noreferrer\"><span id=\"authors\">Henrike Thies-Gebauer<\/span><\/a><br \/>\n<strong><span style=\"color: #717171;\">Besetzung:<\/span><\/strong> ein- bis dreistimmiger Chor, Solisten, Klavier, Bass; Schlagzeug und Gitarre ad lib., f\u00fcr Kinder ab ca. 10 Jahren, f\u00fcr Jugendliche und Erwachsene<br \/>\n<strong><span style=\"color: #717171;\">Dauer:<\/span><\/strong> ca. 70 min.<br \/>\n<strong><span style=\"color: #717171;\">Schwierigkeitsgrad:<\/span><\/strong> leicht-mittel<\/p>\n<p><a href=\"https:\/\/www.zebemusic.com\/wp-content\/uploads\/2024\/03\/PP2283-1.pdf\" target=\"_blank\" rel=\"noopener\">Probepartitur<\/a> &gt;&gt;&gt;<\/p>\n<p>H\u00f6rprobe:<\/p>\n[audio mp3=\"https:\/\/www.zebemusic.com\/wp-content\/uploads\/2024\/02\/Die-Juengerin.mp3\"][\/audio]\n<p>&nbsp;<\/p>\n<p>&nbsp;<\/p>\n<hr \/>\n<p><strong>\u2022 Partitur <\/strong>(ZE 2283, ISBN 978-3-395423-045-7, Ringbindung, A4, 94 Seiten) \u20ac 19,90<\/p>\n<p><strong>\u2022 Chorausgabe<\/strong> mit allen Liedern, Texten und Akkordsymbolen (ZE 2284, ISBN 978-3-395423-046-4, A4, 44 S.) \u20ac 4,95<\/p>\n<p><strong>\u2022 Package <\/strong>mit Partitur, Instrumenten und 20 Chorausgaben (ZE 2285) \u20ac 119,90<del><\/del><\/p>\n<p><strong>\u2022 H\u00f6rfassung <\/strong>MP3-Download (56MB), \u20ac 6,99<br \/>\n<strong>\u2022 Playback<\/strong> als mp3-Download, \u20ac 9,99<\/p>\n<p><strong>\u2022 Textfassung<\/strong> (Songtexte mit Akkordsymbolen, in Chorst\u00e4rke) &#8211; Best.-Nr. ZE 2283.02, \u20ac 2,95<br \/>\n<strong>\u2022 Klavier<\/strong> (inkl. Akkordsymbole f\u00fcr Gitarre ad lib.) &#8211; Best.-Nr. ZE 2283.01, \u20ac 10,50<br \/>\n<strong>\u2022 Bass<\/strong> &#8211; Best.-Nr. ZE 2283.03, \u20ac 8,50<br \/>\n<strong>\u2022 Drums<\/strong> &#8211; Best.-Nr. ZE 2283.04, \u20ac 8,50<\/p>\n","protected":false},"featured_media":22213,"template":"","meta":{"_acf_changed":false},"product_brand":[],"product_cat":[15],"product_tag":[],"class_list":{"0":"post-21952","1":"product","2":"type-product","3":"status-publish","4":"has-post-thumbnail","6":"product_cat-kindermusical","7":"pa_ausfuehrung-chorausgabe","8":"pa_ausfuehrung-mp3download","9":"pa_ausfuehrung-package","10":"pa_ausfuehrung-partitur","11":"pa_ausfuehrung-textfassung-mit-akkorden","12":"pa_diff-leicht","13":"pa_language-deutsch","14":"pa_occ-schul-gemeindeprojekt","15":"pa_others-bestseller","16":"pa_others-lizensierung","17":"pa_style-genre-pop-crossover-de","18":"pa_voicing-kinderchor","19":"pa_voicing-mit-band","20":"pa_voicing-mit-begleitung","21":"pa_voicing-mit-solist","22":"pa_voicing-orchestre","23":"pa_voicing-sa-de","25":"first","26":"instock","27":"taxable","28":"shipping-taxable","29":"purchasable","30":"product-type-variable","31":"has-default-attributes"},"acf":[],"yoast_head":"<!-- This site is optimized with the Yoast SEO plugin v27.5 - https:\/\/yoast.com\/product\/yoast-seo-wordpress\/ -->\n<title>Die J\u00fcngerin - Bibelmusical f\u00fcr Kids und Teenies<\/title>\n<meta name=\"description\" content=\"Sie gilt als eine der engsten Begleiterinnen Jesu, die J\u00fcngerin Maria-Magdalena. Sie teilte sein Leben und war erste Zeugin des leeren Grabes. Spannendes Ostermusical f\u00fcr Kinder und Jugendliche f\u00fcr Chor und Solisten, begleitet von Instrumenten.\" \/>\n<meta name=\"robots\" content=\"index, follow, max-snippet:-1, max-image-preview:large, max-video-preview:-1\" \/>\n<link rel=\"canonical\" href=\"https:\/\/www.zebemusic.com\/de\/product\/juengerin\/\" \/>\n<meta property=\"og:locale\" content=\"de_DE\" \/>\n<meta property=\"og:type\" content=\"article\" \/>\n<meta property=\"og:title\" content=\"Die J\u00fcngerin\" \/>\n<meta property=\"og:description\" content=\"Musical der Geschichte Maria-Magdalenas mit rockigen Songs und zeitgem\u00e4\u00dfen Dialogen.\" \/>\n<meta property=\"og:url\" content=\"https:\/\/www.zebemusic.com\/de\/product\/juengerin\/\" \/>\n<meta property=\"og:site_name\" content=\"ZebeMusic\" \/>\n<meta property=\"article:publisher\" content=\"https:\/\/www.facebook.com\/zebemusic\" \/>\n<meta property=\"article:modified_time\" content=\"2026-01-22T13:57:24+00:00\" \/>\n<meta property=\"og:image\" content=\"https:\/\/www.zebemusic.com\/wp-content\/uploads\/2025\/10\/ZEBE-Logo_ZW-makesyousing.jpg\" \/>\n\t<meta property=\"og:image:width\" content=\"2212\" \/>\n\t<meta property=\"og:image:height\" content=\"958\" \/>\n\t<meta property=\"og:image:type\" content=\"image\/jpeg\" \/>\n<meta name=\"twitter:card\" content=\"summary_large_image\" \/>\n<meta name=\"twitter:title\" content=\"Die J\u00fcngerin\" \/>\n<meta name=\"twitter:description\" content=\"Musical der Geschichte Maria-Magdalenas mit rockigen Songs und zeitgem\u00e4\u00dfen Dialogen.\" \/>\n<meta name=\"twitter:image\" content=\"https:\/\/www.zebemusic.com\/wp-content\/uploads\/2024\/02\/Banner-Juengerin.jpg\" \/>\n<meta name=\"twitter:label1\" content=\"Est. reading time\" \/>\n\t<meta name=\"twitter:data1\" content=\"1 minute\" \/>\n<script type=\"application\/ld+json\" class=\"yoast-schema-graph\">{\"@context\":\"https:\\\/\\\/schema.org\",\"@graph\":[{\"@type\":\"WebPage\",\"@id\":\"https:\\\/\\\/www.zebemusic.com\\\/de\\\/product\\\/juengerin\\\/\",\"url\":\"https:\\\/\\\/www.zebemusic.com\\\/de\\\/product\\\/juengerin\\\/\",\"name\":\"Die J\u00fcngerin - Bibelmusical f\u00fcr Kids und Teenies\",\"isPartOf\":{\"@id\":\"https:\\\/\\\/www.zebemusic.com\\\/de\\\/#website\"},\"primaryImageOfPage\":{\"@id\":\"https:\\\/\\\/www.zebemusic.com\\\/de\\\/product\\\/juengerin\\\/#primaryimage\"},\"image\":{\"@id\":\"https:\\\/\\\/www.zebemusic.com\\\/de\\\/product\\\/juengerin\\\/#primaryimage\"},\"thumbnailUrl\":\"https:\\\/\\\/www.zebemusic.com\\\/wp-content\\\/uploads\\\/2024\\\/02\\\/ZEBE2283-1.jpg\",\"datePublished\":\"2024-02-20T22:17:12+00:00\",\"dateModified\":\"2026-01-22T13:57:24+00:00\",\"description\":\"Sie gilt als eine der engsten Begleiterinnen Jesu, die J\u00fcngerin Maria-Magdalena. Sie teilte sein Leben und war erste Zeugin des leeren Grabes. Spannendes Ostermusical f\u00fcr Kinder und Jugendliche f\u00fcr Chor und Solisten, begleitet von Instrumenten.\",\"breadcrumb\":{\"@id\":\"https:\\\/\\\/www.zebemusic.com\\\/de\\\/product\\\/juengerin\\\/#breadcrumb\"},\"inLanguage\":\"de-DE\",\"potentialAction\":[{\"@type\":\"ReadAction\",\"target\":[\"https:\\\/\\\/www.zebemusic.com\\\/de\\\/product\\\/juengerin\\\/\"]}]},{\"@type\":\"ImageObject\",\"inLanguage\":\"de-DE\",\"@id\":\"https:\\\/\\\/www.zebemusic.com\\\/de\\\/product\\\/juengerin\\\/#primaryimage\",\"url\":\"https:\\\/\\\/www.zebemusic.com\\\/wp-content\\\/uploads\\\/2024\\\/02\\\/ZEBE2283-1.jpg\",\"contentUrl\":\"https:\\\/\\\/www.zebemusic.com\\\/wp-content\\\/uploads\\\/2024\\\/02\\\/ZEBE2283-1.jpg\",\"width\":353,\"height\":500,\"caption\":\"ZE 2283\"},{\"@type\":\"BreadcrumbList\",\"@id\":\"https:\\\/\\\/www.zebemusic.com\\\/de\\\/product\\\/juengerin\\\/#breadcrumb\",\"itemListElement\":[{\"@type\":\"ListItem\",\"position\":1,\"name\":\"Shop\",\"item\":\"https:\\\/\\\/www.zebemusic.com\\\/de\\\/shop-2\\\/\"},{\"@type\":\"ListItem\",\"position\":2,\"name\":\"Die J\u00fcngerin\"}]},{\"@type\":\"WebSite\",\"@id\":\"https:\\\/\\\/www.zebemusic.com\\\/de\\\/#website\",\"url\":\"https:\\\/\\\/www.zebemusic.com\\\/de\\\/\",\"name\":\"ZebeMusic\",\"description\":\"makes you sing.\",\"publisher\":{\"@id\":\"https:\\\/\\\/www.zebemusic.com\\\/de\\\/#organization\"},\"alternateName\":\"Gospelnoten & Kindermusicals\",\"potentialAction\":[{\"@type\":\"SearchAction\",\"target\":{\"@type\":\"EntryPoint\",\"urlTemplate\":\"https:\\\/\\\/www.zebemusic.com\\\/de\\\/?s={search_term_string}\"},\"query-input\":{\"@type\":\"PropertyValueSpecification\",\"valueRequired\":true,\"valueName\":\"search_term_string\"}}],\"inLanguage\":\"de-DE\"},{\"@type\":\"Organization\",\"@id\":\"https:\\\/\\\/www.zebemusic.com\\\/de\\\/#organization\",\"name\":\"ZebeMusic\",\"url\":\"https:\\\/\\\/www.zebemusic.com\\\/de\\\/\",\"logo\":{\"@type\":\"ImageObject\",\"inLanguage\":\"de-DE\",\"@id\":\"https:\\\/\\\/www.zebemusic.com\\\/de\\\/#\\\/schema\\\/logo\\\/image\\\/\",\"url\":\"https:\\\/\\\/www.zebemusic.com\\\/wp-content\\\/uploads\\\/2025\\\/10\\\/ZEBE-Logo_ZW-makesyousing.jpg\",\"contentUrl\":\"https:\\\/\\\/www.zebemusic.com\\\/wp-content\\\/uploads\\\/2025\\\/10\\\/ZEBE-Logo_ZW-makesyousing.jpg\",\"width\":2212,\"height\":958,\"caption\":\"ZebeMusic\"},\"image\":{\"@id\":\"https:\\\/\\\/www.zebemusic.com\\\/de\\\/#\\\/schema\\\/logo\\\/image\\\/\"},\"sameAs\":[\"https:\\\/\\\/www.facebook.com\\\/zebemusic\",\"https:\\\/\\\/www.instagram.com\\\/zebemusic\",\"https:\\\/\\\/www.youtube.com\\\/zebemusicberlin\"]}]}<\/script>\n<!-- \/ Yoast SEO plugin. -->","yoast_head_json":{"title":"Die J\u00fcngerin - Bibelmusical f\u00fcr Kids und Teenies","description":"Sie gilt als eine der engsten Begleiterinnen Jesu, die J\u00fcngerin Maria-Magdalena. Sie teilte sein Leben und war erste Zeugin des leeren Grabes. Spannendes Ostermusical f\u00fcr Kinder und Jugendliche f\u00fcr Chor und Solisten, begleitet von Instrumenten.","robots":{"index":"index","follow":"follow","max-snippet":"max-snippet:-1","max-image-preview":"max-image-preview:large","max-video-preview":"max-video-preview:-1"},"canonical":"https:\/\/www.zebemusic.com\/de\/product\/juengerin\/","og_locale":"de_DE","og_type":"article","og_title":"Die J\u00fcngerin","og_description":"Musical der Geschichte Maria-Magdalenas mit rockigen Songs und zeitgem\u00e4\u00dfen Dialogen.","og_url":"https:\/\/www.zebemusic.com\/de\/product\/juengerin\/","og_site_name":"ZebeMusic","article_publisher":"https:\/\/www.facebook.com\/zebemusic","article_modified_time":"2026-01-22T13:57:24+00:00","og_image":[{"width":2212,"height":958,"url":"https:\/\/www.zebemusic.com\/wp-content\/uploads\/2025\/10\/ZEBE-Logo_ZW-makesyousing.jpg","type":"image\/jpeg"}],"twitter_card":"summary_large_image","twitter_title":"Die J\u00fcngerin","twitter_description":"Musical der Geschichte Maria-Magdalenas mit rockigen Songs und zeitgem\u00e4\u00dfen Dialogen.","twitter_image":"https:\/\/www.zebemusic.com\/wp-content\/uploads\/2024\/02\/Banner-Juengerin.jpg","twitter_misc":{"Est. reading time":"1 minute"},"schema":{"@context":"https:\/\/schema.org","@graph":[{"@type":"WebPage","@id":"https:\/\/www.zebemusic.com\/de\/product\/juengerin\/","url":"https:\/\/www.zebemusic.com\/de\/product\/juengerin\/","name":"Die J\u00fcngerin - Bibelmusical f\u00fcr Kids und Teenies","isPartOf":{"@id":"https:\/\/www.zebemusic.com\/de\/#website"},"primaryImageOfPage":{"@id":"https:\/\/www.zebemusic.com\/de\/product\/juengerin\/#primaryimage"},"image":{"@id":"https:\/\/www.zebemusic.com\/de\/product\/juengerin\/#primaryimage"},"thumbnailUrl":"https:\/\/www.zebemusic.com\/wp-content\/uploads\/2024\/02\/ZEBE2283-1.jpg","datePublished":"2024-02-20T22:17:12+00:00","dateModified":"2026-01-22T13:57:24+00:00","description":"Sie gilt als eine der engsten Begleiterinnen Jesu, die J\u00fcngerin Maria-Magdalena. Sie teilte sein Leben und war erste Zeugin des leeren Grabes. Spannendes Ostermusical f\u00fcr Kinder und Jugendliche f\u00fcr Chor und Solisten, begleitet von Instrumenten.","breadcrumb":{"@id":"https:\/\/www.zebemusic.com\/de\/product\/juengerin\/#breadcrumb"},"inLanguage":"de-DE","potentialAction":[{"@type":"ReadAction","target":["https:\/\/www.zebemusic.com\/de\/product\/juengerin\/"]}]},{"@type":"ImageObject","inLanguage":"de-DE","@id":"https:\/\/www.zebemusic.com\/de\/product\/juengerin\/#primaryimage","url":"https:\/\/www.zebemusic.com\/wp-content\/uploads\/2024\/02\/ZEBE2283-1.jpg","contentUrl":"https:\/\/www.zebemusic.com\/wp-content\/uploads\/2024\/02\/ZEBE2283-1.jpg","width":353,"height":500,"caption":"ZE 2283"},{"@type":"BreadcrumbList","@id":"https:\/\/www.zebemusic.com\/de\/product\/juengerin\/#breadcrumb","itemListElement":[{"@type":"ListItem","position":1,"name":"Shop","item":"https:\/\/www.zebemusic.com\/de\/shop-2\/"},{"@type":"ListItem","position":2,"name":"Die J\u00fcngerin"}]},{"@type":"WebSite","@id":"https:\/\/www.zebemusic.com\/de\/#website","url":"https:\/\/www.zebemusic.com\/de\/","name":"ZebeMusic","description":"makes you sing.","publisher":{"@id":"https:\/\/www.zebemusic.com\/de\/#organization"},"alternateName":"Gospelnoten & Kindermusicals","potentialAction":[{"@type":"SearchAction","target":{"@type":"EntryPoint","urlTemplate":"https:\/\/www.zebemusic.com\/de\/?s={search_term_string}"},"query-input":{"@type":"PropertyValueSpecification","valueRequired":true,"valueName":"search_term_string"}}],"inLanguage":"de-DE"},{"@type":"Organization","@id":"https:\/\/www.zebemusic.com\/de\/#organization","name":"ZebeMusic","url":"https:\/\/www.zebemusic.com\/de\/","logo":{"@type":"ImageObject","inLanguage":"de-DE","@id":"https:\/\/www.zebemusic.com\/de\/#\/schema\/logo\/image\/","url":"https:\/\/www.zebemusic.com\/wp-content\/uploads\/2025\/10\/ZEBE-Logo_ZW-makesyousing.jpg","contentUrl":"https:\/\/www.zebemusic.com\/wp-content\/uploads\/2025\/10\/ZEBE-Logo_ZW-makesyousing.jpg","width":2212,"height":958,"caption":"ZebeMusic"},"image":{"@id":"https:\/\/www.zebemusic.com\/de\/#\/schema\/logo\/image\/"},"sameAs":["https:\/\/www.facebook.com\/zebemusic","https:\/\/www.instagram.com\/zebemusic","https:\/\/www.youtube.com\/zebemusicberlin"]}]}},"_links":{"self":[{"href":"https:\/\/www.zebemusic.com\/de\/wp-json\/wp\/v2\/product\/21952","targetHints":{"allow":["GET"]}}],"collection":[{"href":"https:\/\/www.zebemusic.com\/de\/wp-json\/wp\/v2\/product"}],"about":[{"href":"https:\/\/www.zebemusic.com\/de\/wp-json\/wp\/v2\/types\/product"}],"wp:featuredmedia":[{"embeddable":true,"href":"https:\/\/www.zebemusic.com\/de\/wp-json\/wp\/v2\/media\/22213"}],"wp:attachment":[{"href":"https:\/\/www.zebemusic.com\/de\/wp-json\/wp\/v2\/media?parent=21952"}],"wp:term":[{"taxonomy":"product_brand","embeddable":true,"href":"https:\/\/www.zebemusic.com\/de\/wp-json\/wp\/v2\/product_brand?post=21952"},{"taxonomy":"product_cat","embeddable":true,"href":"https:\/\/www.zebemusic.com\/de\/wp-json\/wp\/v2\/product_cat?post=21952"},{"taxonomy":"product_tag","embeddable":true,"href":"https:\/\/www.zebemusic.com\/de\/wp-json\/wp\/v2\/product_tag?post=21952"}],"curies":[{"name":"wp","href":"https:\/\/api.w.org\/{rel}","templated":true}]}}