{"id":22338,"date":"2024-05-09T06:05:10","date_gmt":"2024-05-09T05:05:10","guid":{"rendered":"https:\/\/www.zebemusic.com\/?post_type=product&#038;p=22338"},"modified":"2025-09-23T21:14:26","modified_gmt":"2025-09-23T20:14:26","slug":"verleih-uns-frieden-gnaediglich-jazzchor","status":"publish","type":"product","link":"https:\/\/www.zebemusic.com\/de\/product\/verleih-uns-frieden-gnaediglich-jazzchor\/","title":{"rendered":"Verleih uns Frieden gn\u00e4diglich <br>(Grant Peace We Pray) <br><i>Jazz-Bearbeitung<\/i>"},"content":{"rendered":"","protected":false},"excerpt":{"rendered":"<p>Matthias Nagels Pop-Choral ist ein Klassiker in den Gemeinden. Ob Sonntagsgottesdienst, Kirchentag oder Trauung &#8211; die Friedensbitte am Ende eines Gottesdienstes ist obligatorisch.<\/p>\n<p>Mit <strong>Chris Mews<\/strong>&#8216; dynamischer Jazzbearbeitung wird dieser Song konzerttauglich. Er gestaltet seine Version spannungsreich und wechselt zwischen a-cappella-Parts und rhythmisch begleiteten Passagen.<br \/>\nDas viermin\u00fctige Arrangement f\u00fcr gemischten Chor und Jazzklavier ist sorgf\u00e4ltig ausnotiert, dabei etwas anspruchsvoller als Nagels Original, und dennoch gut sing- und spielbar. A-cappella-Parts enthalten einen Klavierauszug und durchweg sind Akkordsymbole notiert.<\/p>\n<p>Eine Empfehlung f\u00fcr Jazzch\u00f6re und eine sch\u00f6ne Herausforderung f\u00fcr Gospelchor und Kantorei.<\/p>\n<hr \/>\n<p id=\"postdetails\"><strong><span style=\"color: #717171;\">Komponist:<\/span><\/strong> <a href=\"https:\/\/www.zebemusic.com\/de\/ueber-uns\/autoren\/matthias-nagel\/\" target=\"_blank\" rel=\"noopener noreferrer\"><span id=\"authors\">Matthias Nagel<\/span><\/a><br \/>\n<strong><span style=\"color: #717171;\">Bearbeitung:<\/span><\/strong> Chris Mews<br \/>\n<strong><span style=\"color: #717171;\">Besetzung:<\/span><\/strong> Gemischter Chor (S.A.T.B.), Klavier<br \/>\n<strong><span style=\"color: #717171;\">Schwierigkeitsgrad:<\/span><\/strong> mittel-schwer<\/p>\n<p><a href=\"https:\/\/www.zebemusic.com\/wp-content\/uploads\/2024\/05\/PP4017.03-1.pdf\" target=\"_blank\" rel=\"noopener\"><strong>Probepartitur<\/strong><\/a> &gt;&gt;&gt;<\/p>\n<p>H\u00f6rprobe:<\/p>\n[audio mp3=\"https:\/\/www.zebemusic.com\/wp-content\/uploads\/2024\/05\/Verleih-uns-Frieden-gnadiglich-Arr.-Chris-Mews-128-kbps.mp3\"][\/audio]\n<p><center><\/center><center><br \/>\n<iframe loading=\"lazy\" title=\"YouTube video player\" src=\"https:\/\/www.youtube.com\/embed\/6faROVm-XBo?si=OV1Rh13dtU76sVBu\" width=\"350\" height=\"250\" frameborder=\"0\" allowfullscreen=\"allowfullscreen\"><\/iframe><\/center>&nbsp;<\/p>\n<hr \/>\n<p><b>\u2022 Partitur Jazzbearbeitung (Chris Mews)<\/b><br \/>\nDruckausgabe: ZE 4017.03, ISMN <span style=\"font-family: Helvetica, Arial, sans-serif;\">979-0-700426-57-6<\/span>, A4, nur in Chorst\u00e4rke ab 10 St\u00fcck, \u20ac 3,00<br \/>\nDownload: PDF, A4, nur in Chorst\u00e4rke ab 10 St\u00fcck, \u20ac 2,40<\/p>\n","protected":false},"featured_media":22678,"template":"","meta":{"_acf_changed":false},"product_brand":[],"product_cat":[311,14,1515,301],"product_tag":[149,307,162,150],"class_list":{"0":"post-22338","1":"product","2":"type-product","3":"status-publish","4":"has-post-thumbnail","6":"product_cat-einzelausgaben","7":"product_cat-jazz","8":"product_cat-minimum-quantity","9":"product_cat-music-download","10":"product_tag-deutsch","11":"product_tag-ea","12":"product_tag-nagel","13":"product_tag-psalm","14":"pa_diff-mittel","15":"pa_language-deutsch","16":"pa_language-englisch","17":"pa_occ-beginn-und-abschied-segen","18":"pa_occ-konzert","19":"pa_occ-liturgie","20":"pa_others-downloads-de","21":"pa_others-einzelausgaben","22":"pa_style-genre-choral-adaptionen","23":"pa_style-genre-gospel-de","24":"pa_style-genre-jazz-de","25":"pa_style-genre-lobpreis","26":"pa_style-genre-pop-crossover-de","27":"pa_variation-druckausgabe","28":"pa_variation-pdf-download-de","29":"pa_voicing-frauenchor","30":"pa_voicing-gemeindegesang","31":"pa_voicing-mit-begleitung","32":"pa_voicing-sam-de","33":"pa_voicing-satb-de","34":"pa_voicing-ssa-de","36":"first","37":"instock","38":"taxable","39":"shipping-taxable","40":"purchasable","41":"product-type-variable","42":"has-default-attributes"},"acf":[],"yoast_head":"<!-- This site is optimized with the Yoast SEO plugin v27.5 - https:\/\/yoast.com\/product\/yoast-seo-wordpress\/ -->\n<title>Verleih uns Frieden gn\u00e4diglich (Grant Peace We Pray) Jazz-Bearbeitung Jazzbearbeitung<\/title>\n<meta name=\"description\" content=\"Dynamisch und jazzy, f\u00fcr gemischten Chor und Klavier! Nagels Pop-Choral in einer besonderen Version f\u00fcr ambitionierte Ch\u00f6re. H\u00d6REN &gt;&gt;&gt;\" \/>\n<meta name=\"robots\" content=\"index, follow, max-snippet:-1, max-image-preview:large, max-video-preview:-1\" \/>\n<link rel=\"canonical\" href=\"https:\/\/www.zebemusic.com\/de\/product\/verleih-uns-frieden-gnaediglich-jazzchor\/\" \/>\n<meta property=\"og:locale\" content=\"de_DE\" \/>\n<meta property=\"og:type\" content=\"article\" \/>\n<meta property=\"og:title\" content=\"Verleih uns Frieden gn\u00e4diglich (Grant Peace We Pray) Jazz-Bearbeitung Jazzbearbeitung\" \/>\n<meta property=\"og:description\" content=\"Dynamisch und jazzy, f\u00fcr gemischten Chor und Klavier! Nagels Pop-Choral in einer besonderen Version f\u00fcr ambitionierte Ch\u00f6re. H\u00d6REN &gt;&gt;&gt;\" \/>\n<meta property=\"og:url\" content=\"https:\/\/www.zebemusic.com\/de\/product\/verleih-uns-frieden-gnaediglich-jazzchor\/\" \/>\n<meta property=\"og:site_name\" content=\"ZebeMusic\" \/>\n<meta property=\"article:publisher\" content=\"https:\/\/www.facebook.com\/zebemusic\" \/>\n<meta property=\"article:modified_time\" content=\"2025-09-23T20:14:26+00:00\" \/>\n<meta property=\"og:image\" content=\"https:\/\/www.zebemusic.com\/wp-content\/uploads\/2024\/05\/ZEBE4017.03.jpg\" \/>\n\t<meta property=\"og:image:width\" content=\"702\" \/>\n\t<meta property=\"og:image:height\" content=\"1000\" \/>\n\t<meta property=\"og:image:type\" content=\"image\/jpeg\" \/>\n<meta name=\"twitter:card\" content=\"summary_large_image\" \/>\n<meta name=\"twitter:label1\" content=\"Est. reading time\" \/>\n\t<meta name=\"twitter:data1\" content=\"1 minute\" \/>\n<script type=\"application\/ld+json\" class=\"yoast-schema-graph\">{\"@context\":\"https:\\\/\\\/schema.org\",\"@graph\":[{\"@type\":\"WebPage\",\"@id\":\"https:\\\/\\\/www.zebemusic.com\\\/de\\\/product\\\/verleih-uns-frieden-gnaediglich-jazzchor\\\/\",\"url\":\"https:\\\/\\\/www.zebemusic.com\\\/de\\\/product\\\/verleih-uns-frieden-gnaediglich-jazzchor\\\/\",\"name\":\"Verleih uns Frieden gn\u00e4diglich (Grant Peace We Pray) Jazz-Bearbeitung Jazzbearbeitung\",\"isPartOf\":{\"@id\":\"https:\\\/\\\/www.zebemusic.com\\\/de\\\/#website\"},\"primaryImageOfPage\":{\"@id\":\"https:\\\/\\\/www.zebemusic.com\\\/de\\\/product\\\/verleih-uns-frieden-gnaediglich-jazzchor\\\/#primaryimage\"},\"image\":{\"@id\":\"https:\\\/\\\/www.zebemusic.com\\\/de\\\/product\\\/verleih-uns-frieden-gnaediglich-jazzchor\\\/#primaryimage\"},\"thumbnailUrl\":\"https:\\\/\\\/www.zebemusic.com\\\/wp-content\\\/uploads\\\/2024\\\/05\\\/ZEBE4017.03.jpg\",\"datePublished\":\"2024-05-09T05:05:10+00:00\",\"dateModified\":\"2025-09-23T20:14:26+00:00\",\"description\":\"Dynamisch und jazzy, f\u00fcr gemischten Chor und Klavier! Nagels Pop-Choral in einer besonderen Version f\u00fcr ambitionierte Ch\u00f6re. H\u00d6REN >>>\",\"breadcrumb\":{\"@id\":\"https:\\\/\\\/www.zebemusic.com\\\/de\\\/product\\\/verleih-uns-frieden-gnaediglich-jazzchor\\\/#breadcrumb\"},\"inLanguage\":\"de-DE\",\"potentialAction\":[{\"@type\":\"ReadAction\",\"target\":[\"https:\\\/\\\/www.zebemusic.com\\\/de\\\/product\\\/verleih-uns-frieden-gnaediglich-jazzchor\\\/\"]}]},{\"@type\":\"ImageObject\",\"inLanguage\":\"de-DE\",\"@id\":\"https:\\\/\\\/www.zebemusic.com\\\/de\\\/product\\\/verleih-uns-frieden-gnaediglich-jazzchor\\\/#primaryimage\",\"url\":\"https:\\\/\\\/www.zebemusic.com\\\/wp-content\\\/uploads\\\/2024\\\/05\\\/ZEBE4017.03.jpg\",\"contentUrl\":\"https:\\\/\\\/www.zebemusic.com\\\/wp-content\\\/uploads\\\/2024\\\/05\\\/ZEBE4017.03.jpg\",\"width\":702,\"height\":1000},{\"@type\":\"BreadcrumbList\",\"@id\":\"https:\\\/\\\/www.zebemusic.com\\\/de\\\/product\\\/verleih-uns-frieden-gnaediglich-jazzchor\\\/#breadcrumb\",\"itemListElement\":[{\"@type\":\"ListItem\",\"position\":1,\"name\":\"Shop\",\"item\":\"https:\\\/\\\/www.zebemusic.com\\\/de\\\/shop-2\\\/\"},{\"@type\":\"ListItem\",\"position\":2,\"name\":\"Verleih uns Frieden gn\u00e4diglich (Grant Peace We Pray) Jazz-Bearbeitung\"}]},{\"@type\":\"WebSite\",\"@id\":\"https:\\\/\\\/www.zebemusic.com\\\/de\\\/#website\",\"url\":\"https:\\\/\\\/www.zebemusic.com\\\/de\\\/\",\"name\":\"ZebeMusic\",\"description\":\"makes you sing.\",\"publisher\":{\"@id\":\"https:\\\/\\\/www.zebemusic.com\\\/de\\\/#organization\"},\"alternateName\":\"Gospelnoten & Kindermusicals\",\"potentialAction\":[{\"@type\":\"SearchAction\",\"target\":{\"@type\":\"EntryPoint\",\"urlTemplate\":\"https:\\\/\\\/www.zebemusic.com\\\/de\\\/?s={search_term_string}\"},\"query-input\":{\"@type\":\"PropertyValueSpecification\",\"valueRequired\":true,\"valueName\":\"search_term_string\"}}],\"inLanguage\":\"de-DE\"},{\"@type\":\"Organization\",\"@id\":\"https:\\\/\\\/www.zebemusic.com\\\/de\\\/#organization\",\"name\":\"ZebeMusic\",\"url\":\"https:\\\/\\\/www.zebemusic.com\\\/de\\\/\",\"logo\":{\"@type\":\"ImageObject\",\"inLanguage\":\"de-DE\",\"@id\":\"https:\\\/\\\/www.zebemusic.com\\\/de\\\/#\\\/schema\\\/logo\\\/image\\\/\",\"url\":\"https:\\\/\\\/www.zebemusic.com\\\/wp-content\\\/uploads\\\/2025\\\/10\\\/ZEBE-Logo_ZW-makesyousing.jpg\",\"contentUrl\":\"https:\\\/\\\/www.zebemusic.com\\\/wp-content\\\/uploads\\\/2025\\\/10\\\/ZEBE-Logo_ZW-makesyousing.jpg\",\"width\":2212,\"height\":958,\"caption\":\"ZebeMusic\"},\"image\":{\"@id\":\"https:\\\/\\\/www.zebemusic.com\\\/de\\\/#\\\/schema\\\/logo\\\/image\\\/\"},\"sameAs\":[\"https:\\\/\\\/www.facebook.com\\\/zebemusic\",\"https:\\\/\\\/www.instagram.com\\\/zebemusic\",\"https:\\\/\\\/www.youtube.com\\\/zebemusicberlin\"]}]}<\/script>\n<!-- \/ Yoast SEO plugin. -->","yoast_head_json":{"title":"Verleih uns Frieden gn\u00e4diglich (Grant Peace We Pray) Jazz-Bearbeitung Jazzbearbeitung","description":"Dynamisch und jazzy, f\u00fcr gemischten Chor und Klavier! Nagels Pop-Choral in einer besonderen Version f\u00fcr ambitionierte Ch\u00f6re. H\u00d6REN >>>","robots":{"index":"index","follow":"follow","max-snippet":"max-snippet:-1","max-image-preview":"max-image-preview:large","max-video-preview":"max-video-preview:-1"},"canonical":"https:\/\/www.zebemusic.com\/de\/product\/verleih-uns-frieden-gnaediglich-jazzchor\/","og_locale":"de_DE","og_type":"article","og_title":"Verleih uns Frieden gn\u00e4diglich (Grant Peace We Pray) Jazz-Bearbeitung Jazzbearbeitung","og_description":"Dynamisch und jazzy, f\u00fcr gemischten Chor und Klavier! Nagels Pop-Choral in einer besonderen Version f\u00fcr ambitionierte Ch\u00f6re. H\u00d6REN >>>","og_url":"https:\/\/www.zebemusic.com\/de\/product\/verleih-uns-frieden-gnaediglich-jazzchor\/","og_site_name":"ZebeMusic","article_publisher":"https:\/\/www.facebook.com\/zebemusic","article_modified_time":"2025-09-23T20:14:26+00:00","og_image":[{"width":702,"height":1000,"url":"https:\/\/www.zebemusic.com\/wp-content\/uploads\/2024\/05\/ZEBE4017.03.jpg","type":"image\/jpeg"}],"twitter_card":"summary_large_image","twitter_misc":{"Est. reading time":"1 minute"},"schema":{"@context":"https:\/\/schema.org","@graph":[{"@type":"WebPage","@id":"https:\/\/www.zebemusic.com\/de\/product\/verleih-uns-frieden-gnaediglich-jazzchor\/","url":"https:\/\/www.zebemusic.com\/de\/product\/verleih-uns-frieden-gnaediglich-jazzchor\/","name":"Verleih uns Frieden gn\u00e4diglich (Grant Peace We Pray) Jazz-Bearbeitung Jazzbearbeitung","isPartOf":{"@id":"https:\/\/www.zebemusic.com\/de\/#website"},"primaryImageOfPage":{"@id":"https:\/\/www.zebemusic.com\/de\/product\/verleih-uns-frieden-gnaediglich-jazzchor\/#primaryimage"},"image":{"@id":"https:\/\/www.zebemusic.com\/de\/product\/verleih-uns-frieden-gnaediglich-jazzchor\/#primaryimage"},"thumbnailUrl":"https:\/\/www.zebemusic.com\/wp-content\/uploads\/2024\/05\/ZEBE4017.03.jpg","datePublished":"2024-05-09T05:05:10+00:00","dateModified":"2025-09-23T20:14:26+00:00","description":"Dynamisch und jazzy, f\u00fcr gemischten Chor und Klavier! Nagels Pop-Choral in einer besonderen Version f\u00fcr ambitionierte Ch\u00f6re. H\u00d6REN >>>","breadcrumb":{"@id":"https:\/\/www.zebemusic.com\/de\/product\/verleih-uns-frieden-gnaediglich-jazzchor\/#breadcrumb"},"inLanguage":"de-DE","potentialAction":[{"@type":"ReadAction","target":["https:\/\/www.zebemusic.com\/de\/product\/verleih-uns-frieden-gnaediglich-jazzchor\/"]}]},{"@type":"ImageObject","inLanguage":"de-DE","@id":"https:\/\/www.zebemusic.com\/de\/product\/verleih-uns-frieden-gnaediglich-jazzchor\/#primaryimage","url":"https:\/\/www.zebemusic.com\/wp-content\/uploads\/2024\/05\/ZEBE4017.03.jpg","contentUrl":"https:\/\/www.zebemusic.com\/wp-content\/uploads\/2024\/05\/ZEBE4017.03.jpg","width":702,"height":1000},{"@type":"BreadcrumbList","@id":"https:\/\/www.zebemusic.com\/de\/product\/verleih-uns-frieden-gnaediglich-jazzchor\/#breadcrumb","itemListElement":[{"@type":"ListItem","position":1,"name":"Shop","item":"https:\/\/www.zebemusic.com\/de\/shop-2\/"},{"@type":"ListItem","position":2,"name":"Verleih uns Frieden gn\u00e4diglich (Grant Peace We Pray) Jazz-Bearbeitung"}]},{"@type":"WebSite","@id":"https:\/\/www.zebemusic.com\/de\/#website","url":"https:\/\/www.zebemusic.com\/de\/","name":"ZebeMusic","description":"makes you sing.","publisher":{"@id":"https:\/\/www.zebemusic.com\/de\/#organization"},"alternateName":"Gospelnoten & Kindermusicals","potentialAction":[{"@type":"SearchAction","target":{"@type":"EntryPoint","urlTemplate":"https:\/\/www.zebemusic.com\/de\/?s={search_term_string}"},"query-input":{"@type":"PropertyValueSpecification","valueRequired":true,"valueName":"search_term_string"}}],"inLanguage":"de-DE"},{"@type":"Organization","@id":"https:\/\/www.zebemusic.com\/de\/#organization","name":"ZebeMusic","url":"https:\/\/www.zebemusic.com\/de\/","logo":{"@type":"ImageObject","inLanguage":"de-DE","@id":"https:\/\/www.zebemusic.com\/de\/#\/schema\/logo\/image\/","url":"https:\/\/www.zebemusic.com\/wp-content\/uploads\/2025\/10\/ZEBE-Logo_ZW-makesyousing.jpg","contentUrl":"https:\/\/www.zebemusic.com\/wp-content\/uploads\/2025\/10\/ZEBE-Logo_ZW-makesyousing.jpg","width":2212,"height":958,"caption":"ZebeMusic"},"image":{"@id":"https:\/\/www.zebemusic.com\/de\/#\/schema\/logo\/image\/"},"sameAs":["https:\/\/www.facebook.com\/zebemusic","https:\/\/www.instagram.com\/zebemusic","https:\/\/www.youtube.com\/zebemusicberlin"]}]}},"_links":{"self":[{"href":"https:\/\/www.zebemusic.com\/de\/wp-json\/wp\/v2\/product\/22338","targetHints":{"allow":["GET"]}}],"collection":[{"href":"https:\/\/www.zebemusic.com\/de\/wp-json\/wp\/v2\/product"}],"about":[{"href":"https:\/\/www.zebemusic.com\/de\/wp-json\/wp\/v2\/types\/product"}],"wp:featuredmedia":[{"embeddable":true,"href":"https:\/\/www.zebemusic.com\/de\/wp-json\/wp\/v2\/media\/22678"}],"wp:attachment":[{"href":"https:\/\/www.zebemusic.com\/de\/wp-json\/wp\/v2\/media?parent=22338"}],"wp:term":[{"taxonomy":"product_brand","embeddable":true,"href":"https:\/\/www.zebemusic.com\/de\/wp-json\/wp\/v2\/product_brand?post=22338"},{"taxonomy":"product_cat","embeddable":true,"href":"https:\/\/www.zebemusic.com\/de\/wp-json\/wp\/v2\/product_cat?post=22338"},{"taxonomy":"product_tag","embeddable":true,"href":"https:\/\/www.zebemusic.com\/de\/wp-json\/wp\/v2\/product_tag?post=22338"}],"curies":[{"name":"wp","href":"https:\/\/api.w.org\/{rel}","templated":true}]}}