{"id":22596,"date":"2024-10-09T04:46:06","date_gmt":"2024-10-09T03:46:06","guid":{"rendered":"https:\/\/www.zebemusic.com\/?post_type=product&#038;p=22596"},"modified":"2025-04-29T13:29:49","modified_gmt":"2025-04-29T12:29:49","slug":"verleih-blaeserchor","status":"publish","type":"product","link":"https:\/\/www.zebemusic.com\/de\/product\/verleih-blaeserchor\/","title":{"rendered":"<b>NEU: <\/b>Verleih uns Frieden gn\u00e4diglich (Bl\u00e4serchor)"},"content":{"rendered":"","protected":false},"excerpt":{"rendered":"<p>Bl\u00e4serch\u00f6re aufgepasst! Hier gibt es endlich den Satz von <strong>Urs Bicheler<\/strong> als Einzelausgabe.<br \/>\nDiese C-Stimme enth\u00e4lt Vorspiel oder Instrumentalsatz zum Vortrag und den Begleitsatz.<\/p>\n<p>Diese Komposition ist aus dem Repertoire von Gemeinde und Chor nicht mehr wegzudenken. Leichtigkeit und geistliche Tiefe treffen in diesem Lied aufeinander. Die Bitte um Frieden, seit altersher zum Beschluss jedes Gottesdienstes, findet in Nagels Komposition Ausdruck.<\/p>\n<p style=\"text-align: right;\"><a href=\"https:\/\/www.zebemusic.com\/de\/blech\/\" target=\"_blank\" rel=\"noopener\"><strong>PRAISE IN BLECH<\/strong><\/a> &gt;&gt;&gt;<\/p>\n<hr \/>\n<p><strong>Komposition<\/strong><strong>: <\/strong>Matthias Nagel<br \/>\n<strong>Bearbeitung: <\/strong>Urs Bicheler<br \/>\n<strong>Besetzung:<\/strong> Tp 1, Tp 2, Tb 1, Tb 2, Tba ad lib., opt. Solo-Tp<br \/>\n<strong>Schwierigkeitsgrad:<\/strong> mittel<\/p>\n<p>ZE 4017.04, A4, gedruckt, nur in Chorst\u00e4rke ab 10 St\u00fcck, \u20ac 2,40<br \/>\nPDF-Download \u20ac 1,90<\/p>\n","protected":false},"featured_media":22681,"template":"","meta":{"_acf_changed":false},"product_brand":[],"product_cat":[311,1515],"product_tag":[149,307,162],"class_list":{"0":"post-22596","1":"product","2":"type-product","3":"status-publish","4":"has-post-thumbnail","6":"product_cat-einzelausgaben","7":"product_cat-minimum-quantity","8":"product_tag-deutsch","9":"product_tag-ea","10":"product_tag-nagel","11":"pa_diff-leicht","12":"pa_diff-mittel","13":"pa_language-deutsch","14":"pa_language-englisch","15":"pa_occ-beginn-und-abschied-segen","16":"pa_occ-liturgie","17":"pa_others-downloads-de","18":"pa_others-einzelausgaben","19":"pa_style-genre-gospel-de","20":"pa_style-genre-lobpreis","21":"pa_style-genre-ngl-de","22":"pa_style-genre-pop-crossover-de","23":"pa_variation-druckausgabe","24":"pa_variation-pdf-download-de","25":"pa_voicing-blaeserchor","26":"pa_voicing-instrumental-de","28":"first","29":"instock","30":"taxable","31":"shipping-taxable","32":"purchasable","33":"product-type-variable","34":"has-default-attributes"},"acf":[],"yoast_head":"<!-- This site is optimized with the Yoast SEO plugin v27.5 - https:\/\/yoast.com\/product\/yoast-seo-wordpress\/ -->\n<title>NEU: Verleih uns Frieden gn\u00e4diglich (Bl\u00e4serchor)<\/title>\n<meta name=\"description\" content=\"Luthers VERLEIH UNS FRIEDEN in einer beeindruckenden 4stimmigen Version mit Begleitung. Eine Standardfassung, die in vielen Gemeinden gern gesungen wird!\" \/>\n<meta name=\"robots\" content=\"index, follow, max-snippet:-1, max-image-preview:large, max-video-preview:-1\" \/>\n<link rel=\"canonical\" href=\"https:\/\/www.zebemusic.com\/de\/product\/verleih-blaeserchor\/\" \/>\n<meta property=\"og:locale\" content=\"de_DE\" \/>\n<meta property=\"og:type\" content=\"article\" \/>\n<meta property=\"og:title\" content=\"NEU: Verleih uns Frieden gn\u00e4diglich (Bl\u00e4serchor)\" \/>\n<meta property=\"og:description\" content=\"Luthers VERLEIH UNS FRIEDEN in einer beeindruckenden 4stimmigen Version mit Begleitung. Eine Standardfassung, die in vielen Gemeinden gern gesungen wird!\" \/>\n<meta property=\"og:url\" content=\"https:\/\/www.zebemusic.com\/de\/product\/verleih-blaeserchor\/\" \/>\n<meta property=\"og:site_name\" content=\"ZebeMusic\" \/>\n<meta property=\"article:publisher\" content=\"https:\/\/www.facebook.com\/zebemusic\" \/>\n<meta property=\"article:modified_time\" content=\"2025-04-29T12:29:49+00:00\" \/>\n<meta property=\"og:image\" content=\"https:\/\/www.zebemusic.com\/wp-content\/uploads\/2024\/05\/ZEBE4017.04.jpg\" \/>\n\t<meta property=\"og:image:width\" content=\"706\" \/>\n\t<meta property=\"og:image:height\" content=\"1000\" \/>\n\t<meta property=\"og:image:type\" content=\"image\/jpeg\" \/>\n<meta name=\"twitter:card\" content=\"summary_large_image\" \/>\n<meta name=\"twitter:label1\" content=\"Est. reading time\" \/>\n\t<meta name=\"twitter:data1\" content=\"1 minute\" \/>\n<script type=\"application\/ld+json\" class=\"yoast-schema-graph\">{\"@context\":\"https:\\\/\\\/schema.org\",\"@graph\":[{\"@type\":\"WebPage\",\"@id\":\"https:\\\/\\\/www.zebemusic.com\\\/de\\\/product\\\/verleih-blaeserchor\\\/\",\"url\":\"https:\\\/\\\/www.zebemusic.com\\\/de\\\/product\\\/verleih-blaeserchor\\\/\",\"name\":\"NEU: Verleih uns Frieden gn\u00e4diglich (Bl\u00e4serchor)\",\"isPartOf\":{\"@id\":\"https:\\\/\\\/www.zebemusic.com\\\/de\\\/#website\"},\"primaryImageOfPage\":{\"@id\":\"https:\\\/\\\/www.zebemusic.com\\\/de\\\/product\\\/verleih-blaeserchor\\\/#primaryimage\"},\"image\":{\"@id\":\"https:\\\/\\\/www.zebemusic.com\\\/de\\\/product\\\/verleih-blaeserchor\\\/#primaryimage\"},\"thumbnailUrl\":\"https:\\\/\\\/www.zebemusic.com\\\/wp-content\\\/uploads\\\/2024\\\/05\\\/ZEBE4017.04.jpg\",\"datePublished\":\"2024-10-09T03:46:06+00:00\",\"dateModified\":\"2025-04-29T12:29:49+00:00\",\"description\":\"Luthers VERLEIH UNS FRIEDEN in einer beeindruckenden 4stimmigen Version mit Begleitung. Eine Standardfassung, die in vielen Gemeinden gern gesungen wird!\",\"breadcrumb\":{\"@id\":\"https:\\\/\\\/www.zebemusic.com\\\/de\\\/product\\\/verleih-blaeserchor\\\/#breadcrumb\"},\"inLanguage\":\"de-DE\",\"potentialAction\":[{\"@type\":\"ReadAction\",\"target\":[\"https:\\\/\\\/www.zebemusic.com\\\/de\\\/product\\\/verleih-blaeserchor\\\/\"]}]},{\"@type\":\"ImageObject\",\"inLanguage\":\"de-DE\",\"@id\":\"https:\\\/\\\/www.zebemusic.com\\\/de\\\/product\\\/verleih-blaeserchor\\\/#primaryimage\",\"url\":\"https:\\\/\\\/www.zebemusic.com\\\/wp-content\\\/uploads\\\/2024\\\/05\\\/ZEBE4017.04.jpg\",\"contentUrl\":\"https:\\\/\\\/www.zebemusic.com\\\/wp-content\\\/uploads\\\/2024\\\/05\\\/ZEBE4017.04.jpg\",\"width\":706,\"height\":1000},{\"@type\":\"BreadcrumbList\",\"@id\":\"https:\\\/\\\/www.zebemusic.com\\\/de\\\/product\\\/verleih-blaeserchor\\\/#breadcrumb\",\"itemListElement\":[{\"@type\":\"ListItem\",\"position\":1,\"name\":\"Shop\",\"item\":\"https:\\\/\\\/www.zebemusic.com\\\/de\\\/shop-2\\\/\"},{\"@type\":\"ListItem\",\"position\":2,\"name\":\"NEU: Verleih uns Frieden gn\u00e4diglich (Bl\u00e4serchor)\"}]},{\"@type\":\"WebSite\",\"@id\":\"https:\\\/\\\/www.zebemusic.com\\\/de\\\/#website\",\"url\":\"https:\\\/\\\/www.zebemusic.com\\\/de\\\/\",\"name\":\"ZebeMusic\",\"description\":\"makes you sing.\",\"publisher\":{\"@id\":\"https:\\\/\\\/www.zebemusic.com\\\/de\\\/#organization\"},\"alternateName\":\"Gospelnoten & Kindermusicals\",\"potentialAction\":[{\"@type\":\"SearchAction\",\"target\":{\"@type\":\"EntryPoint\",\"urlTemplate\":\"https:\\\/\\\/www.zebemusic.com\\\/de\\\/?s={search_term_string}\"},\"query-input\":{\"@type\":\"PropertyValueSpecification\",\"valueRequired\":true,\"valueName\":\"search_term_string\"}}],\"inLanguage\":\"de-DE\"},{\"@type\":\"Organization\",\"@id\":\"https:\\\/\\\/www.zebemusic.com\\\/de\\\/#organization\",\"name\":\"ZebeMusic\",\"url\":\"https:\\\/\\\/www.zebemusic.com\\\/de\\\/\",\"logo\":{\"@type\":\"ImageObject\",\"inLanguage\":\"de-DE\",\"@id\":\"https:\\\/\\\/www.zebemusic.com\\\/de\\\/#\\\/schema\\\/logo\\\/image\\\/\",\"url\":\"https:\\\/\\\/www.zebemusic.com\\\/wp-content\\\/uploads\\\/2025\\\/10\\\/ZEBE-Logo_ZW-makesyousing.jpg\",\"contentUrl\":\"https:\\\/\\\/www.zebemusic.com\\\/wp-content\\\/uploads\\\/2025\\\/10\\\/ZEBE-Logo_ZW-makesyousing.jpg\",\"width\":2212,\"height\":958,\"caption\":\"ZebeMusic\"},\"image\":{\"@id\":\"https:\\\/\\\/www.zebemusic.com\\\/de\\\/#\\\/schema\\\/logo\\\/image\\\/\"},\"sameAs\":[\"https:\\\/\\\/www.facebook.com\\\/zebemusic\",\"https:\\\/\\\/www.instagram.com\\\/zebemusic\",\"https:\\\/\\\/www.youtube.com\\\/zebemusicberlin\"]}]}<\/script>\n<!-- \/ Yoast SEO plugin. -->","yoast_head_json":{"title":"NEU: Verleih uns Frieden gn\u00e4diglich (Bl\u00e4serchor)","description":"Luthers VERLEIH UNS FRIEDEN in einer beeindruckenden 4stimmigen Version mit Begleitung. Eine Standardfassung, die in vielen Gemeinden gern gesungen wird!","robots":{"index":"index","follow":"follow","max-snippet":"max-snippet:-1","max-image-preview":"max-image-preview:large","max-video-preview":"max-video-preview:-1"},"canonical":"https:\/\/www.zebemusic.com\/de\/product\/verleih-blaeserchor\/","og_locale":"de_DE","og_type":"article","og_title":"NEU: Verleih uns Frieden gn\u00e4diglich (Bl\u00e4serchor)","og_description":"Luthers VERLEIH UNS FRIEDEN in einer beeindruckenden 4stimmigen Version mit Begleitung. Eine Standardfassung, die in vielen Gemeinden gern gesungen wird!","og_url":"https:\/\/www.zebemusic.com\/de\/product\/verleih-blaeserchor\/","og_site_name":"ZebeMusic","article_publisher":"https:\/\/www.facebook.com\/zebemusic","article_modified_time":"2025-04-29T12:29:49+00:00","og_image":[{"width":706,"height":1000,"url":"https:\/\/www.zebemusic.com\/wp-content\/uploads\/2024\/05\/ZEBE4017.04.jpg","type":"image\/jpeg"}],"twitter_card":"summary_large_image","twitter_misc":{"Est. reading time":"1 minute"},"schema":{"@context":"https:\/\/schema.org","@graph":[{"@type":"WebPage","@id":"https:\/\/www.zebemusic.com\/de\/product\/verleih-blaeserchor\/","url":"https:\/\/www.zebemusic.com\/de\/product\/verleih-blaeserchor\/","name":"NEU: Verleih uns Frieden gn\u00e4diglich (Bl\u00e4serchor)","isPartOf":{"@id":"https:\/\/www.zebemusic.com\/de\/#website"},"primaryImageOfPage":{"@id":"https:\/\/www.zebemusic.com\/de\/product\/verleih-blaeserchor\/#primaryimage"},"image":{"@id":"https:\/\/www.zebemusic.com\/de\/product\/verleih-blaeserchor\/#primaryimage"},"thumbnailUrl":"https:\/\/www.zebemusic.com\/wp-content\/uploads\/2024\/05\/ZEBE4017.04.jpg","datePublished":"2024-10-09T03:46:06+00:00","dateModified":"2025-04-29T12:29:49+00:00","description":"Luthers VERLEIH UNS FRIEDEN in einer beeindruckenden 4stimmigen Version mit Begleitung. Eine Standardfassung, die in vielen Gemeinden gern gesungen wird!","breadcrumb":{"@id":"https:\/\/www.zebemusic.com\/de\/product\/verleih-blaeserchor\/#breadcrumb"},"inLanguage":"de-DE","potentialAction":[{"@type":"ReadAction","target":["https:\/\/www.zebemusic.com\/de\/product\/verleih-blaeserchor\/"]}]},{"@type":"ImageObject","inLanguage":"de-DE","@id":"https:\/\/www.zebemusic.com\/de\/product\/verleih-blaeserchor\/#primaryimage","url":"https:\/\/www.zebemusic.com\/wp-content\/uploads\/2024\/05\/ZEBE4017.04.jpg","contentUrl":"https:\/\/www.zebemusic.com\/wp-content\/uploads\/2024\/05\/ZEBE4017.04.jpg","width":706,"height":1000},{"@type":"BreadcrumbList","@id":"https:\/\/www.zebemusic.com\/de\/product\/verleih-blaeserchor\/#breadcrumb","itemListElement":[{"@type":"ListItem","position":1,"name":"Shop","item":"https:\/\/www.zebemusic.com\/de\/shop-2\/"},{"@type":"ListItem","position":2,"name":"NEU: Verleih uns Frieden gn\u00e4diglich (Bl\u00e4serchor)"}]},{"@type":"WebSite","@id":"https:\/\/www.zebemusic.com\/de\/#website","url":"https:\/\/www.zebemusic.com\/de\/","name":"ZebeMusic","description":"makes you sing.","publisher":{"@id":"https:\/\/www.zebemusic.com\/de\/#organization"},"alternateName":"Gospelnoten & Kindermusicals","potentialAction":[{"@type":"SearchAction","target":{"@type":"EntryPoint","urlTemplate":"https:\/\/www.zebemusic.com\/de\/?s={search_term_string}"},"query-input":{"@type":"PropertyValueSpecification","valueRequired":true,"valueName":"search_term_string"}}],"inLanguage":"de-DE"},{"@type":"Organization","@id":"https:\/\/www.zebemusic.com\/de\/#organization","name":"ZebeMusic","url":"https:\/\/www.zebemusic.com\/de\/","logo":{"@type":"ImageObject","inLanguage":"de-DE","@id":"https:\/\/www.zebemusic.com\/de\/#\/schema\/logo\/image\/","url":"https:\/\/www.zebemusic.com\/wp-content\/uploads\/2025\/10\/ZEBE-Logo_ZW-makesyousing.jpg","contentUrl":"https:\/\/www.zebemusic.com\/wp-content\/uploads\/2025\/10\/ZEBE-Logo_ZW-makesyousing.jpg","width":2212,"height":958,"caption":"ZebeMusic"},"image":{"@id":"https:\/\/www.zebemusic.com\/de\/#\/schema\/logo\/image\/"},"sameAs":["https:\/\/www.facebook.com\/zebemusic","https:\/\/www.instagram.com\/zebemusic","https:\/\/www.youtube.com\/zebemusicberlin"]}]}},"_links":{"self":[{"href":"https:\/\/www.zebemusic.com\/de\/wp-json\/wp\/v2\/product\/22596","targetHints":{"allow":["GET"]}}],"collection":[{"href":"https:\/\/www.zebemusic.com\/de\/wp-json\/wp\/v2\/product"}],"about":[{"href":"https:\/\/www.zebemusic.com\/de\/wp-json\/wp\/v2\/types\/product"}],"wp:featuredmedia":[{"embeddable":true,"href":"https:\/\/www.zebemusic.com\/de\/wp-json\/wp\/v2\/media\/22681"}],"wp:attachment":[{"href":"https:\/\/www.zebemusic.com\/de\/wp-json\/wp\/v2\/media?parent=22596"}],"wp:term":[{"taxonomy":"product_brand","embeddable":true,"href":"https:\/\/www.zebemusic.com\/de\/wp-json\/wp\/v2\/product_brand?post=22596"},{"taxonomy":"product_cat","embeddable":true,"href":"https:\/\/www.zebemusic.com\/de\/wp-json\/wp\/v2\/product_cat?post=22596"},{"taxonomy":"product_tag","embeddable":true,"href":"https:\/\/www.zebemusic.com\/de\/wp-json\/wp\/v2\/product_tag?post=22596"}],"curies":[{"name":"wp","href":"https:\/\/api.w.org\/{rel}","templated":true}]}}