{"id":23044,"date":"2025-04-15T17:26:32","date_gmt":"2025-04-15T16:26:32","guid":{"rendered":"https:\/\/www.zebemusic.com\/?post_type=product&#038;p=23044"},"modified":"2026-03-13T15:27:54","modified_gmt":"2026-03-13T14:27:54","slug":"elli","status":"publish","type":"product","link":"https:\/\/www.zebemusic.com\/de\/product\/elli\/","title":{"rendered":"<b>Neues Kindermusical: <\/b><br>Elli und der Turm"},"content":{"rendered":"<p>Umweltmusical<\/p>\n","protected":false},"excerpt":{"rendered":"<h3><span style=\"color: #993300;\">Das neue Musical \u00fcber Zusammenhalt und die Bewahrung der Sch\u00f6pfung.<\/span><\/h3>\n<p>&nbsp;<\/p>\n<p>Elli zieht mit ihrem Vater in eine gro\u00dfe, sch\u00f6ne Stadt. Hier geht es allen Leuten gut.<br \/>\nAber nach einiger Zeit merkt sie, dass sich die Dinge ver\u00e4ndern: Die Umwelt wird verschmutzt und immer h\u00e4ufiger gibt es Streit. Seit an dem gro\u00dfen Turm gebaut wird, der bis in den Himmel reichen soll, scheinen sich die Menschen einfach nicht mehr zu verstehen.<\/p>\n<p>Henrike Thies-Gebauers Musical <em>\u201eElli und der Turm\u201c<\/em>\u00a0 verbindet die biblische Geschichte des Turmbaus zu Babel mit aktuellen Themen wie Umweltverschmutzung und der Spaltung der Gesellschaft. In mitrei\u00dfenden Liedern und lebhaften, teils humorvollen Szenen erleben die Zuschauer, wie wichtig Zusammenhalt und Verantwortung f\u00fcr die Zukunft unseres Planeten sind.<\/p>\n<p>&nbsp;<\/p>\n<p><a href=\"https:\/\/www.zebemusic.com\/wp-content\/uploads\/2025\/04\/PP-ZE-2286.pdf\">Probepartitur zum Download &gt;&gt;&gt;<\/a><\/p>\n<p>H\u00f6rprobe:<\/p>\n[audio mp3=\"https:\/\/www.zebemusic.com\/wp-content\/uploads\/2025\/04\/ZEBE2286-1.mp3\"][\/audio]\n<p>&nbsp;<\/p>\n<hr \/>\n<p id=\"postdetails\"><strong><span style=\"color: #717171;\">Komponistin:<\/span><\/strong> <a href=\"https:\/\/www.zebemusic.com\/de\/ueber-uns\/autoren\/henrike-thies-gebauer\/\" target=\"_blank\" rel=\"noopener noreferrer\"><span id=\"authors\">Henrike Thies-Gebauer<\/span><\/a><br \/>\n<strong><span style=\"color: #717171;\">Besetzung:<\/span><\/strong> ein- bis zweistimmiger Chor, Solisten, Klavier, Blockfl\u00f6te (Melodieinstrument, Syntesizer ad lib.), Bass; Schlagzeug und Gitarre ad lib., f\u00fcr Kinder ab ca. 8 Jahren, f\u00fcr Jugendliche und Erwachsene<br \/>\n<strong><span style=\"color: #717171;\">Dauer:<\/span><\/strong> ca. 60 min.<br \/>\n<strong><span style=\"color: #717171;\">Schwierigkeitsgrad:<\/span><\/strong> leicht-mittel<\/p>\n<p>&nbsp;<\/p>\n<hr \/>\n<p><strong>\u2022 Partitur <\/strong>(ZE 2286, ISBN 978-3-95423-048-8, Ringbindung, 80 Seiten, A4) \u20ac 19,90<\/p>\n<p><strong>\u2022 Chorausgabe<\/strong> (ZE 2287, ISBN 978-3-95423-049-5, 36 Seiten, A4, mit allen Liedern, Texten und Akkordsymbolen) \u20ac 6,95<\/p>\n<p><strong>\u2022 Package <\/strong>(ZE 2288, mit Partitur, Instrumenten und 20 Chorausgaben) Bundel-Preis, 30% gespart, \u20ac 134,90<del><\/del><\/p>\n<p><strong>\u2022 <span style=\"color: #ff0000;\">NEU: <\/span>Elli als H\u00f6rspiel! <\/strong>Mp3 zum Download (ca. 40MB), \u20ac 6,99<br \/>\n<strong>\u2022 Playback<\/strong> als mp3-Download, \u20ac 9,99<\/p>\n<p><strong>\u2022 Klavier<\/strong> (inkl. Akkordsymbole f\u00fcr Gitarre ad lib.) \u2013 Best.-Nr. ZE 2286.01, \u20ac 10,50<br \/>\n<strong>\u2022 Bass<\/strong> \u2013 Best.-Nr. ZE 2286.03, \u20ac 8,50<br \/>\n<strong>\u2022 Drums<\/strong> \u2013 Best.-Nr. ZE 2286.04, \u20ac 8,50<br \/>\n<strong>\u2022 Blockfl\u00f6te oder alternives Melodieinstrument &#8211; <\/strong>Best.-Nr. ZE 2286.05, \u20ac 8,50<\/p>\n<p>&nbsp;<\/p>\n","protected":false},"featured_media":27588,"template":"","meta":{"_acf_changed":false},"product_brand":[],"product_cat":[15],"product_tag":[],"class_list":{"0":"post-23044","1":"product","2":"type-product","3":"status-publish","4":"has-post-thumbnail","6":"product_cat-kindermusical","7":"pa_diff-leicht","8":"pa_language-deutsch","9":"pa_occ-schul-gemeindeprojekt","10":"pa_others-lizensierung","11":"pa_style-genre-pop-crossover-de","12":"pa_variation-bass","13":"pa_variation-chorausgabe","14":"pa_variation-drums","15":"pa_variation-hoerdatei-mp3-download","16":"pa_variation-klavier","17":"pa_variation-melodie-instrumente-in-c","18":"pa_variation-package","19":"pa_variation-partitur","20":"pa_variation-playback-mp3-download-de","21":"pa_voicing-kinderchor","22":"pa_voicing-mit-band","23":"pa_voicing-mit-begleitung","24":"pa_voicing-mit-solist","25":"pa_voicing-orchestre","26":"pa_voicing-sa-de","28":"first","29":"instock","30":"taxable","31":"shipping-taxable","32":"purchasable","33":"product-type-variable","34":"has-default-attributes"},"acf":[],"yoast_head":"<!-- This site is optimized with the Yoast SEO plugin v27.4 - https:\/\/yoast.com\/product\/yoast-seo-wordpress\/ -->\n<title>Elli und der Turm - Umweltmusical f\u00fcr Kids und Teenies<\/title>\n<meta name=\"description\" content=\"In einer sch\u00f6nen Stadt,in der sich die Menschen verstehen -bis sie, besessen von Wachstum und Geltungsbed\u00fcrfnis,erst die Natur und dann ihre Mitmenschen vergessen. Die Kinder wehren sich dagegen und rebellieren. Spannendes Musical f\u00fcr Kinder und Jugendliche f\u00fcr Chor und Solisten, begleitet von Instrumenten.\" \/>\n<meta name=\"robots\" content=\"index, follow, max-snippet:-1, max-image-preview:large, max-video-preview:-1\" \/>\n<link rel=\"canonical\" href=\"https:\/\/www.zebemusic.com\/de\/product\/elli\/\" \/>\n<meta property=\"og:locale\" content=\"de_DE\" \/>\n<meta property=\"og:type\" content=\"article\" \/>\n<meta property=\"og:title\" content=\"Die J\u00fcngerin\" \/>\n<meta property=\"og:description\" content=\"Musical der Geschichte Maria-Magdalenas mit rockigen Songs und zeitgem\u00e4\u00dfen Dialogen.\" \/>\n<meta property=\"og:url\" content=\"https:\/\/www.zebemusic.com\/de\/product\/elli\/\" \/>\n<meta property=\"og:site_name\" content=\"ZebeMusic\" \/>\n<meta property=\"article:publisher\" content=\"https:\/\/www.facebook.com\/zebemusic\" \/>\n<meta property=\"article:modified_time\" content=\"2026-03-13T14:27:54+00:00\" \/>\n<meta property=\"og:image\" content=\"https:\/\/www.zebemusic.com\/wp-content\/uploads\/2025\/10\/ZEBE-Logo_ZW-makesyousing.jpg\" \/>\n\t<meta property=\"og:image:width\" content=\"2212\" \/>\n\t<meta property=\"og:image:height\" content=\"958\" \/>\n\t<meta property=\"og:image:type\" content=\"image\/jpeg\" \/>\n<meta name=\"twitter:card\" content=\"summary_large_image\" \/>\n<meta name=\"twitter:title\" content=\"Die J\u00fcngerin\" \/>\n<meta name=\"twitter:description\" content=\"Musical der Geschichte Maria-Magdalenas mit rockigen Songs und zeitgem\u00e4\u00dfen Dialogen.\" \/>\n<meta name=\"twitter:image\" content=\"https:\/\/www.zebemusic.com\/wp-content\/uploads\/2024\/02\/Banner-Juengerin.jpg\" \/>\n<meta name=\"twitter:label1\" content=\"Est. reading time\" \/>\n\t<meta name=\"twitter:data1\" content=\"1 minute\" \/>\n<script type=\"application\/ld+json\" class=\"yoast-schema-graph\">{\"@context\":\"https:\\\/\\\/schema.org\",\"@graph\":[{\"@type\":\"WebPage\",\"@id\":\"https:\\\/\\\/www.zebemusic.com\\\/de\\\/product\\\/elli\\\/\",\"url\":\"https:\\\/\\\/www.zebemusic.com\\\/de\\\/product\\\/elli\\\/\",\"name\":\"Elli und der Turm - Umweltmusical f\u00fcr Kids und Teenies\",\"isPartOf\":{\"@id\":\"https:\\\/\\\/www.zebemusic.com\\\/de\\\/#website\"},\"primaryImageOfPage\":{\"@id\":\"https:\\\/\\\/www.zebemusic.com\\\/de\\\/product\\\/elli\\\/#primaryimage\"},\"image\":{\"@id\":\"https:\\\/\\\/www.zebemusic.com\\\/de\\\/product\\\/elli\\\/#primaryimage\"},\"thumbnailUrl\":\"https:\\\/\\\/www.zebemusic.com\\\/wp-content\\\/uploads\\\/2025\\\/04\\\/ZE2286-1.jpg\",\"datePublished\":\"2025-04-15T16:26:32+00:00\",\"dateModified\":\"2026-03-13T14:27:54+00:00\",\"description\":\"In einer sch\u00f6nen Stadt,in der sich die Menschen verstehen -bis sie, besessen von Wachstum und Geltungsbed\u00fcrfnis,erst die Natur und dann ihre Mitmenschen vergessen. Die Kinder wehren sich dagegen und rebellieren. Spannendes Musical f\u00fcr Kinder und Jugendliche f\u00fcr Chor und Solisten, begleitet von Instrumenten.\",\"breadcrumb\":{\"@id\":\"https:\\\/\\\/www.zebemusic.com\\\/de\\\/product\\\/elli\\\/#breadcrumb\"},\"inLanguage\":\"de-DE\",\"potentialAction\":[{\"@type\":\"ReadAction\",\"target\":[\"https:\\\/\\\/www.zebemusic.com\\\/de\\\/product\\\/elli\\\/\"]}]},{\"@type\":\"ImageObject\",\"inLanguage\":\"de-DE\",\"@id\":\"https:\\\/\\\/www.zebemusic.com\\\/de\\\/product\\\/elli\\\/#primaryimage\",\"url\":\"https:\\\/\\\/www.zebemusic.com\\\/wp-content\\\/uploads\\\/2025\\\/04\\\/ZE2286-1.jpg\",\"contentUrl\":\"https:\\\/\\\/www.zebemusic.com\\\/wp-content\\\/uploads\\\/2025\\\/04\\\/ZE2286-1.jpg\",\"width\":790,\"height\":1115,\"caption\":\"Umweltmusical\"},{\"@type\":\"BreadcrumbList\",\"@id\":\"https:\\\/\\\/www.zebemusic.com\\\/de\\\/product\\\/elli\\\/#breadcrumb\",\"itemListElement\":[{\"@type\":\"ListItem\",\"position\":1,\"name\":\"Shop\",\"item\":\"https:\\\/\\\/www.zebemusic.com\\\/de\\\/shop-2\\\/\"},{\"@type\":\"ListItem\",\"position\":2,\"name\":\"Neues Kindermusical: Elli und der Turm\"}]},{\"@type\":\"WebSite\",\"@id\":\"https:\\\/\\\/www.zebemusic.com\\\/de\\\/#website\",\"url\":\"https:\\\/\\\/www.zebemusic.com\\\/de\\\/\",\"name\":\"ZebeMusic\",\"description\":\"makes you sing.\",\"publisher\":{\"@id\":\"https:\\\/\\\/www.zebemusic.com\\\/de\\\/#organization\"},\"alternateName\":\"Gospelnoten & Kindermusicals\",\"potentialAction\":[{\"@type\":\"SearchAction\",\"target\":{\"@type\":\"EntryPoint\",\"urlTemplate\":\"https:\\\/\\\/www.zebemusic.com\\\/de\\\/?s={search_term_string}\"},\"query-input\":{\"@type\":\"PropertyValueSpecification\",\"valueRequired\":true,\"valueName\":\"search_term_string\"}}],\"inLanguage\":\"de-DE\"},{\"@type\":\"Organization\",\"@id\":\"https:\\\/\\\/www.zebemusic.com\\\/de\\\/#organization\",\"name\":\"ZebeMusic\",\"url\":\"https:\\\/\\\/www.zebemusic.com\\\/de\\\/\",\"logo\":{\"@type\":\"ImageObject\",\"inLanguage\":\"de-DE\",\"@id\":\"https:\\\/\\\/www.zebemusic.com\\\/de\\\/#\\\/schema\\\/logo\\\/image\\\/\",\"url\":\"https:\\\/\\\/www.zebemusic.com\\\/wp-content\\\/uploads\\\/2025\\\/10\\\/ZEBE-Logo_ZW-makesyousing.jpg\",\"contentUrl\":\"https:\\\/\\\/www.zebemusic.com\\\/wp-content\\\/uploads\\\/2025\\\/10\\\/ZEBE-Logo_ZW-makesyousing.jpg\",\"width\":2212,\"height\":958,\"caption\":\"ZebeMusic\"},\"image\":{\"@id\":\"https:\\\/\\\/www.zebemusic.com\\\/de\\\/#\\\/schema\\\/logo\\\/image\\\/\"},\"sameAs\":[\"https:\\\/\\\/www.facebook.com\\\/zebemusic\",\"https:\\\/\\\/www.instagram.com\\\/zebemusic\",\"https:\\\/\\\/www.youtube.com\\\/zebemusicberlin\"]}]}<\/script>\n<!-- \/ Yoast SEO plugin. -->","yoast_head_json":{"title":"Elli und der Turm - Umweltmusical f\u00fcr Kids und Teenies","description":"In einer sch\u00f6nen Stadt,in der sich die Menschen verstehen -bis sie, besessen von Wachstum und Geltungsbed\u00fcrfnis,erst die Natur und dann ihre Mitmenschen vergessen. Die Kinder wehren sich dagegen und rebellieren. Spannendes Musical f\u00fcr Kinder und Jugendliche f\u00fcr Chor und Solisten, begleitet von Instrumenten.","robots":{"index":"index","follow":"follow","max-snippet":"max-snippet:-1","max-image-preview":"max-image-preview:large","max-video-preview":"max-video-preview:-1"},"canonical":"https:\/\/www.zebemusic.com\/de\/product\/elli\/","og_locale":"de_DE","og_type":"article","og_title":"Die J\u00fcngerin","og_description":"Musical der Geschichte Maria-Magdalenas mit rockigen Songs und zeitgem\u00e4\u00dfen Dialogen.","og_url":"https:\/\/www.zebemusic.com\/de\/product\/elli\/","og_site_name":"ZebeMusic","article_publisher":"https:\/\/www.facebook.com\/zebemusic","article_modified_time":"2026-03-13T14:27:54+00:00","og_image":[{"width":2212,"height":958,"url":"https:\/\/www.zebemusic.com\/wp-content\/uploads\/2025\/10\/ZEBE-Logo_ZW-makesyousing.jpg","type":"image\/jpeg"}],"twitter_card":"summary_large_image","twitter_title":"Die J\u00fcngerin","twitter_description":"Musical der Geschichte Maria-Magdalenas mit rockigen Songs und zeitgem\u00e4\u00dfen Dialogen.","twitter_image":"https:\/\/www.zebemusic.com\/wp-content\/uploads\/2024\/02\/Banner-Juengerin.jpg","twitter_misc":{"Est. reading time":"1 minute"},"schema":{"@context":"https:\/\/schema.org","@graph":[{"@type":"WebPage","@id":"https:\/\/www.zebemusic.com\/de\/product\/elli\/","url":"https:\/\/www.zebemusic.com\/de\/product\/elli\/","name":"Elli und der Turm - Umweltmusical f\u00fcr Kids und Teenies","isPartOf":{"@id":"https:\/\/www.zebemusic.com\/de\/#website"},"primaryImageOfPage":{"@id":"https:\/\/www.zebemusic.com\/de\/product\/elli\/#primaryimage"},"image":{"@id":"https:\/\/www.zebemusic.com\/de\/product\/elli\/#primaryimage"},"thumbnailUrl":"https:\/\/www.zebemusic.com\/wp-content\/uploads\/2025\/04\/ZE2286-1.jpg","datePublished":"2025-04-15T16:26:32+00:00","dateModified":"2026-03-13T14:27:54+00:00","description":"In einer sch\u00f6nen Stadt,in der sich die Menschen verstehen -bis sie, besessen von Wachstum und Geltungsbed\u00fcrfnis,erst die Natur und dann ihre Mitmenschen vergessen. Die Kinder wehren sich dagegen und rebellieren. Spannendes Musical f\u00fcr Kinder und Jugendliche f\u00fcr Chor und Solisten, begleitet von Instrumenten.","breadcrumb":{"@id":"https:\/\/www.zebemusic.com\/de\/product\/elli\/#breadcrumb"},"inLanguage":"de-DE","potentialAction":[{"@type":"ReadAction","target":["https:\/\/www.zebemusic.com\/de\/product\/elli\/"]}]},{"@type":"ImageObject","inLanguage":"de-DE","@id":"https:\/\/www.zebemusic.com\/de\/product\/elli\/#primaryimage","url":"https:\/\/www.zebemusic.com\/wp-content\/uploads\/2025\/04\/ZE2286-1.jpg","contentUrl":"https:\/\/www.zebemusic.com\/wp-content\/uploads\/2025\/04\/ZE2286-1.jpg","width":790,"height":1115,"caption":"Umweltmusical"},{"@type":"BreadcrumbList","@id":"https:\/\/www.zebemusic.com\/de\/product\/elli\/#breadcrumb","itemListElement":[{"@type":"ListItem","position":1,"name":"Shop","item":"https:\/\/www.zebemusic.com\/de\/shop-2\/"},{"@type":"ListItem","position":2,"name":"Neues Kindermusical: Elli und der Turm"}]},{"@type":"WebSite","@id":"https:\/\/www.zebemusic.com\/de\/#website","url":"https:\/\/www.zebemusic.com\/de\/","name":"ZebeMusic","description":"makes you sing.","publisher":{"@id":"https:\/\/www.zebemusic.com\/de\/#organization"},"alternateName":"Gospelnoten & Kindermusicals","potentialAction":[{"@type":"SearchAction","target":{"@type":"EntryPoint","urlTemplate":"https:\/\/www.zebemusic.com\/de\/?s={search_term_string}"},"query-input":{"@type":"PropertyValueSpecification","valueRequired":true,"valueName":"search_term_string"}}],"inLanguage":"de-DE"},{"@type":"Organization","@id":"https:\/\/www.zebemusic.com\/de\/#organization","name":"ZebeMusic","url":"https:\/\/www.zebemusic.com\/de\/","logo":{"@type":"ImageObject","inLanguage":"de-DE","@id":"https:\/\/www.zebemusic.com\/de\/#\/schema\/logo\/image\/","url":"https:\/\/www.zebemusic.com\/wp-content\/uploads\/2025\/10\/ZEBE-Logo_ZW-makesyousing.jpg","contentUrl":"https:\/\/www.zebemusic.com\/wp-content\/uploads\/2025\/10\/ZEBE-Logo_ZW-makesyousing.jpg","width":2212,"height":958,"caption":"ZebeMusic"},"image":{"@id":"https:\/\/www.zebemusic.com\/de\/#\/schema\/logo\/image\/"},"sameAs":["https:\/\/www.facebook.com\/zebemusic","https:\/\/www.instagram.com\/zebemusic","https:\/\/www.youtube.com\/zebemusicberlin"]}]}},"_links":{"self":[{"href":"https:\/\/www.zebemusic.com\/de\/wp-json\/wp\/v2\/product\/23044","targetHints":{"allow":["GET"]}}],"collection":[{"href":"https:\/\/www.zebemusic.com\/de\/wp-json\/wp\/v2\/product"}],"about":[{"href":"https:\/\/www.zebemusic.com\/de\/wp-json\/wp\/v2\/types\/product"}],"wp:featuredmedia":[{"embeddable":true,"href":"https:\/\/www.zebemusic.com\/de\/wp-json\/wp\/v2\/media\/27588"}],"wp:attachment":[{"href":"https:\/\/www.zebemusic.com\/de\/wp-json\/wp\/v2\/media?parent=23044"}],"wp:term":[{"taxonomy":"product_brand","embeddable":true,"href":"https:\/\/www.zebemusic.com\/de\/wp-json\/wp\/v2\/product_brand?post=23044"},{"taxonomy":"product_cat","embeddable":true,"href":"https:\/\/www.zebemusic.com\/de\/wp-json\/wp\/v2\/product_cat?post=23044"},{"taxonomy":"product_tag","embeddable":true,"href":"https:\/\/www.zebemusic.com\/de\/wp-json\/wp\/v2\/product_tag?post=23044"}],"curies":[{"name":"wp","href":"https:\/\/api.w.org\/{rel}","templated":true}]}}