{"id":27768,"date":"2025-09-05T19:55:25","date_gmt":"2025-09-05T18:55:25","guid":{"rendered":"https:\/\/www.zebemusic.com\/product\/be-encouraged\/"},"modified":"2025-09-05T20:28:06","modified_gmt":"2025-09-05T19:28:06","slug":"be-encouraged","status":"publish","type":"product","link":"https:\/\/www.zebemusic.com\/de\/product\/be-encouraged\/","title":{"rendered":"Be Encouraged"},"content":{"rendered":"","protected":false},"excerpt":{"rendered":"<p>Das ist ein Meisterwerk!<br \/>\nZw\u00f6lf beeindruckende, abwechslungsreiche Gospelsongs, die inspirieren, ber\u00fchren und zum Nachahmen einladen! Besondere musikalische Themen, tiefgr\u00fcndige Balladen, hei\u00dfe und jazzige Akkorde und tolle Uptempo-Nummern finden sich auf diesem Album.<br \/>\nAltbew\u00e4hrte Kompositionen mit ausgefeilten Harmonien, integrierten Kanons und Einbeziehung des Publikums kennzeichnen Nikos Stil. <br \/>Die Partitur enth\u00e4lt auch Informationen f\u00fcr Proben und Konzerte: Akkordsymbole, biblische Hinweise zu den Songs und nat\u00fcrlich einen ausgeschriebenen, groovigen und spielbaren Klavierpart!  <\/p>\n<p>Gro\u00dfartige Leads\u00e4nger garantieren h\u00f6chstes musikalische Niveau auf der CD:<br \/>Dorrey Lin Lyles (Weather Girls), Lisamay Lesch (Rhema Praise &amp; Worship), Ingrid Arthur (Backing SEEED, Bette Midler), Marlin Monroe Williford (&#8220;Voice of Germany&#8221;) und viele andere!<\/p>\n<p>Sei ermutigt! ist der Inhalt des Textes. Wie funktioniert er? Wie f\u00fchlt es sich an? Was bewirkt die Ermutigung bei der anderen Person und bei Ihnen selbst? &#8211; Helfen der Glaube und Gott?<br \/>\nAll diese Aspekte kommen in BE ENCOURAGED zusammen und haben ein Musikst\u00fcck geschaffen, das nicht nur Spa\u00df macht, sondern auch ermutigt, ber\u00fchrt und auf einer spirituellen Ebene bewegt.<\/p>\n<p style=\"padding-left: 30px;\"><span style=\"color: #717171;\"><span style=\"color: #717171;\"><span style=\"color: #993300;\"><strong><em>&#8220;Eine Freude zum Mitsingen! Die neuen Lieder von Niko Schlenker &#8230; atmen das Gospel-Feeling, machen gute Laune beim Singen und sicher auch den Zuh\u00f6rern.&#8221; <\/em><\/strong><\/span>(Musik + Nachricht)<\/span><\/span><\/p>\n<p><strong><br \/>\nInhalt:<\/strong><br \/>\n1. Be encouraged \/ 2. Believe and trust \/ 3. I will bless the Lord \/ 4. Gospel train \/ 5. Feel the fire \/ 6. It all depends on Jesus \/ 7. I can go on \/ 8. God can \/ 9. Good news \/ 10. Alright \/ 11. Worship-Medley \/ 12. If you\u2019ve been blessed           <\/p>\n<p><strong>H\u00f6rprobe:<br \/>\n<\/strong><\/p>\n[audio mp3=\"https:\/\/www.zebemusic.com\/wp-content\/uploads\/2024\/02\/ZEBE5070.mp3\"][\/audio]\n<p><strong> <\/strong><\/p>\n<p><span style=\"color: #ff0000;\"><strong><a style=\"color: #ff0000;\" href=\"\/wp-content\/PP\/PP5070.pdf\" target=\"_blank\" rel=\"noopener noreferrer\">Probepartitur &gt;&gt;&gt;<\/a><\/strong><\/span><\/p>\n<p><center><iframe loading=\"lazy\" src=\"https:\/\/www.youtube.com\/embed\/Od29F_SGcWY\" width=\"360\" height=\"255\" frameborder=\"0\" allowfullscreen=\"allowfullscreen\"><\/iframe><\/center><\/p>\n<hr>\n<p><strong>Text und Musik: <\/strong> <a href=\"https:\/\/zebemusic.com\/nikoschlenker\">Niko Schlenker<\/a><br \/>\n<strong>Besetzung:<\/strong> S.A.Bar.\/B. ad lib., Soli, Klavier<br \/>\n<strong>Schwierigkeitsgrad:<\/strong> mittel<\/p>\n<hr>\n<p><strong>Erh\u00e4ltliche Ausf\u00fchrungen:<\/strong><\/p>\n<p>&#8211; <strong><strong>Partitur <\/strong> <\/strong><strong>mit CD <\/strong>(ZE 5073, ISBN 978-3-95423-035-8) \u20ac 24,90<\/p>\n<p><strong><strong>&#8211; <\/strong><\/strong><strong>Partitur<\/strong> (80 Seiten, ZE 5070, ISBN 978-3-95423-033-4) \u20ac 19,90<strong><br \/>\n<\/strong>Diese Ausgabe enth\u00e4lt die Noten f\u00fcr Chor, Solisten und Klavier. Die Akkordsymbole sind f\u00fcr andere Begleit- oder Soloinstrumente notiert. <\/p>\n<p>&#8211; <strong>Chorpartitur<\/strong> (48 Seiten, ZE 5071, ISBN 978-3-95423-034-1, nur in Chorst\u00e4rke) \u20ac 6,90<strong><br \/>\n<\/strong>Die g\u00fcnstige Chorausgabe von Niko Schlenkers Sammlung &#8220;BE ENCOURAGEDs&#8221; mit allen 11 Liedern! Das Heft enth\u00e4lt die gesamte Gesangsstimme ohne Klavierbegleitung.<br \/>\nEinzelne Lieder sind als Chorsatz erh\u00e4ltlich &#8211; \u00e1 \u20ac 1,50 <\/p>\n<p>&#8211; <strong>CD <\/strong>(ZE 1419, ISBN 978-3-95423-031-0) \u20ac 12,90 oder als mp3 Download \u20ac 7,99<\/p>\n<p>&#8211; <strong>Alle Playbacks <\/strong>als mp3 Download \u20ac 19,99<\/p>\n<p>Einzelne Songs sind als Noten, Audio- und Playback-Dateien erh\u00e4ltlich <strong><a href=\"https:\/\/zebemusic.com\/produkt\/music-download\/be-encouraged-songs-downloads\/\" target=\"_blank\" rel=\"noopener noreferrer\">HIER<\/a><\/strong>!<\/p>\n","protected":false},"featured_media":8565,"template":"","meta":{"_acf_changed":false},"product_brand":[],"product_cat":[13],"product_tag":[657],"class_list":{"0":"post-27768","1":"product","2":"type-product","3":"status-publish","4":"has-post-thumbnail","6":"product_cat-gospel","7":"product_tag-cd","8":"pa_diff-mittel","9":"pa_language-englisch","10":"pa_occ-abendmahl-kommunion","11":"pa_occ-angst-und-vertrauen","12":"pa_occ-beginn-und-abschied-segen","13":"pa_occ-besondere-anlaesse","14":"pa_occ-dankbarkeit","15":"pa_occ-lobpreis","16":"pa_occ-pfingsten","17":"pa_occ-taufe-und-zeugnis","18":"pa_others-sammlungen","19":"pa_style-genre-ballade","20":"pa_style-genre-gospel-de","21":"pa_style-genre-jazz-de","22":"pa_style-genre-latin-de","23":"pa_style-genre-lobpreis","24":"pa_style-genre-soul-funk-de","25":"pa_style-genre-spiritual-de","26":"pa_style-genre-traditional-gospel-style-de","27":"pa_style-genre-uptempo-de","28":"pa_style-genre-contemporary-de","29":"pa_variation-cd","30":"pa_variation-cd-mp3-album-download-de","31":"pa_variation-gesangsausgabe","32":"pa_variation-full-score-de","33":"pa_variation-full-score-w-cd-2-de","34":"pa_variation-playback-mp3-download-de","35":"pa_voicing-acappella-de","36":"pa_voicing-frauenchor","37":"pa_voicing-mit-begleitung","38":"pa_voicing-mit-solist","39":"pa_voicing-sa-de","40":"pa_voicing-sam-de","41":"pa_voicing-satb-de","42":"pa_voicing-ssa-de","44":"first","45":"instock","46":"taxable","47":"shipping-taxable","48":"purchasable","49":"product-type-variable","50":"has-default-attributes"},"acf":[],"yoast_head":"<!-- This site is optimized with the Yoast SEO plugin v27.3 - https:\/\/yoast.com\/product\/yoast-seo-wordpress\/ -->\n<title>Be Encouraged<\/title>\n<meta name=\"description\" content=\"Ein Meisterwerk! Zw\u00f6lf neue beeindruckende, abwechslungsreiche Gospelsongs f\u00fcr Ihren Gospelchor, die Sie inspirieren und bewegen werden! BEISPIEL&gt;&gt;&gt;\" \/>\n<meta name=\"robots\" content=\"index, follow, max-snippet:-1, max-image-preview:large, max-video-preview:-1\" \/>\n<link rel=\"canonical\" href=\"https:\/\/www.zebemusic.com\/de\/product\/be-encouraged\/\" \/>\n<meta property=\"og:locale\" content=\"de_DE\" \/>\n<meta property=\"og:type\" content=\"article\" \/>\n<meta property=\"og:title\" content=\"Be Encouraged\" \/>\n<meta property=\"og:description\" content=\"Ein Meisterwerk! Zw\u00f6lf neue beeindruckende, abwechslungsreiche Gospelsongs f\u00fcr Ihren Gospelchor, die Sie inspirieren und bewegen werden! BEISPIEL&gt;&gt;&gt;\" \/>\n<meta property=\"og:url\" content=\"https:\/\/www.zebemusic.com\/de\/product\/be-encouraged\/\" \/>\n<meta property=\"og:site_name\" content=\"ZebeMusic\" \/>\n<meta property=\"article:publisher\" content=\"https:\/\/www.facebook.com\/zebemusic\" \/>\n<meta property=\"article:modified_time\" content=\"2025-09-05T19:28:06+00:00\" \/>\n<meta property=\"og:image\" content=\"https:\/\/www.zebemusic.com\/wp-content\/uploads\/2019\/02\/ZEBE5070-1.jpg\" \/>\n\t<meta property=\"og:image:width\" content=\"382\" \/>\n\t<meta property=\"og:image:height\" content=\"500\" \/>\n\t<meta property=\"og:image:type\" content=\"image\/jpeg\" \/>\n<meta name=\"twitter:card\" content=\"summary_large_image\" \/>\n<meta name=\"twitter:label1\" content=\"Est. reading time\" \/>\n\t<meta name=\"twitter:data1\" content=\"1 minute\" \/>\n<script type=\"application\/ld+json\" class=\"yoast-schema-graph\">{\"@context\":\"https:\\\/\\\/schema.org\",\"@graph\":[{\"@type\":\"WebPage\",\"@id\":\"https:\\\/\\\/www.zebemusic.com\\\/de\\\/product\\\/be-encouraged\\\/\",\"url\":\"https:\\\/\\\/www.zebemusic.com\\\/de\\\/product\\\/be-encouraged\\\/\",\"name\":\"Be Encouraged\",\"isPartOf\":{\"@id\":\"https:\\\/\\\/www.zebemusic.com\\\/de\\\/#website\"},\"primaryImageOfPage\":{\"@id\":\"https:\\\/\\\/www.zebemusic.com\\\/de\\\/product\\\/be-encouraged\\\/#primaryimage\"},\"image\":{\"@id\":\"https:\\\/\\\/www.zebemusic.com\\\/de\\\/product\\\/be-encouraged\\\/#primaryimage\"},\"thumbnailUrl\":\"https:\\\/\\\/www.zebemusic.com\\\/wp-content\\\/uploads\\\/2019\\\/02\\\/ZEBE5070-1.jpg\",\"datePublished\":\"2025-09-05T18:55:25+00:00\",\"dateModified\":\"2025-09-05T19:28:06+00:00\",\"description\":\"Ein Meisterwerk! Zw\u00f6lf neue beeindruckende, abwechslungsreiche Gospelsongs f\u00fcr Ihren Gospelchor, die Sie inspirieren und bewegen werden! BEISPIEL>>>\",\"breadcrumb\":{\"@id\":\"https:\\\/\\\/www.zebemusic.com\\\/de\\\/product\\\/be-encouraged\\\/#breadcrumb\"},\"inLanguage\":\"de-DE\",\"potentialAction\":[{\"@type\":\"ReadAction\",\"target\":[\"https:\\\/\\\/www.zebemusic.com\\\/de\\\/product\\\/be-encouraged\\\/\"]}]},{\"@type\":\"ImageObject\",\"inLanguage\":\"de-DE\",\"@id\":\"https:\\\/\\\/www.zebemusic.com\\\/de\\\/product\\\/be-encouraged\\\/#primaryimage\",\"url\":\"https:\\\/\\\/www.zebemusic.com\\\/wp-content\\\/uploads\\\/2019\\\/02\\\/ZEBE5070-1.jpg\",\"contentUrl\":\"https:\\\/\\\/www.zebemusic.com\\\/wp-content\\\/uploads\\\/2019\\\/02\\\/ZEBE5070-1.jpg\",\"width\":382,\"height\":500},{\"@type\":\"BreadcrumbList\",\"@id\":\"https:\\\/\\\/www.zebemusic.com\\\/de\\\/product\\\/be-encouraged\\\/#breadcrumb\",\"itemListElement\":[{\"@type\":\"ListItem\",\"position\":1,\"name\":\"Shop\",\"item\":\"https:\\\/\\\/www.zebemusic.com\\\/de\\\/shop-2\\\/\"},{\"@type\":\"ListItem\",\"position\":2,\"name\":\"Be Encouraged\"}]},{\"@type\":\"WebSite\",\"@id\":\"https:\\\/\\\/www.zebemusic.com\\\/de\\\/#website\",\"url\":\"https:\\\/\\\/www.zebemusic.com\\\/de\\\/\",\"name\":\"ZebeMusic\",\"description\":\"makes you sing.\",\"publisher\":{\"@id\":\"https:\\\/\\\/www.zebemusic.com\\\/de\\\/#organization\"},\"alternateName\":\"Gospelnoten & Kindermusicals\",\"potentialAction\":[{\"@type\":\"SearchAction\",\"target\":{\"@type\":\"EntryPoint\",\"urlTemplate\":\"https:\\\/\\\/www.zebemusic.com\\\/de\\\/?s={search_term_string}\"},\"query-input\":{\"@type\":\"PropertyValueSpecification\",\"valueRequired\":true,\"valueName\":\"search_term_string\"}}],\"inLanguage\":\"de-DE\"},{\"@type\":\"Organization\",\"@id\":\"https:\\\/\\\/www.zebemusic.com\\\/de\\\/#organization\",\"name\":\"ZebeMusic\",\"url\":\"https:\\\/\\\/www.zebemusic.com\\\/de\\\/\",\"logo\":{\"@type\":\"ImageObject\",\"inLanguage\":\"de-DE\",\"@id\":\"https:\\\/\\\/www.zebemusic.com\\\/de\\\/#\\\/schema\\\/logo\\\/image\\\/\",\"url\":\"https:\\\/\\\/www.zebemusic.com\\\/wp-content\\\/uploads\\\/2025\\\/10\\\/ZEBE-Logo_ZW-makesyousing.jpg\",\"contentUrl\":\"https:\\\/\\\/www.zebemusic.com\\\/wp-content\\\/uploads\\\/2025\\\/10\\\/ZEBE-Logo_ZW-makesyousing.jpg\",\"width\":2212,\"height\":958,\"caption\":\"ZebeMusic\"},\"image\":{\"@id\":\"https:\\\/\\\/www.zebemusic.com\\\/de\\\/#\\\/schema\\\/logo\\\/image\\\/\"},\"sameAs\":[\"https:\\\/\\\/www.facebook.com\\\/zebemusic\",\"https:\\\/\\\/www.instagram.com\\\/zebemusic\",\"https:\\\/\\\/www.youtube.com\\\/zebemusicberlin\"]}]}<\/script>\n<!-- \/ Yoast SEO plugin. -->","yoast_head_json":{"title":"Be Encouraged","description":"Ein Meisterwerk! Zw\u00f6lf neue beeindruckende, abwechslungsreiche Gospelsongs f\u00fcr Ihren Gospelchor, die Sie inspirieren und bewegen werden! BEISPIEL>>>","robots":{"index":"index","follow":"follow","max-snippet":"max-snippet:-1","max-image-preview":"max-image-preview:large","max-video-preview":"max-video-preview:-1"},"canonical":"https:\/\/www.zebemusic.com\/de\/product\/be-encouraged\/","og_locale":"de_DE","og_type":"article","og_title":"Be Encouraged","og_description":"Ein Meisterwerk! Zw\u00f6lf neue beeindruckende, abwechslungsreiche Gospelsongs f\u00fcr Ihren Gospelchor, die Sie inspirieren und bewegen werden! BEISPIEL>>>","og_url":"https:\/\/www.zebemusic.com\/de\/product\/be-encouraged\/","og_site_name":"ZebeMusic","article_publisher":"https:\/\/www.facebook.com\/zebemusic","article_modified_time":"2025-09-05T19:28:06+00:00","og_image":[{"width":382,"height":500,"url":"https:\/\/www.zebemusic.com\/wp-content\/uploads\/2019\/02\/ZEBE5070-1.jpg","type":"image\/jpeg"}],"twitter_card":"summary_large_image","twitter_misc":{"Est. reading time":"1 minute"},"schema":{"@context":"https:\/\/schema.org","@graph":[{"@type":"WebPage","@id":"https:\/\/www.zebemusic.com\/de\/product\/be-encouraged\/","url":"https:\/\/www.zebemusic.com\/de\/product\/be-encouraged\/","name":"Be Encouraged","isPartOf":{"@id":"https:\/\/www.zebemusic.com\/de\/#website"},"primaryImageOfPage":{"@id":"https:\/\/www.zebemusic.com\/de\/product\/be-encouraged\/#primaryimage"},"image":{"@id":"https:\/\/www.zebemusic.com\/de\/product\/be-encouraged\/#primaryimage"},"thumbnailUrl":"https:\/\/www.zebemusic.com\/wp-content\/uploads\/2019\/02\/ZEBE5070-1.jpg","datePublished":"2025-09-05T18:55:25+00:00","dateModified":"2025-09-05T19:28:06+00:00","description":"Ein Meisterwerk! Zw\u00f6lf neue beeindruckende, abwechslungsreiche Gospelsongs f\u00fcr Ihren Gospelchor, die Sie inspirieren und bewegen werden! BEISPIEL>>>","breadcrumb":{"@id":"https:\/\/www.zebemusic.com\/de\/product\/be-encouraged\/#breadcrumb"},"inLanguage":"de-DE","potentialAction":[{"@type":"ReadAction","target":["https:\/\/www.zebemusic.com\/de\/product\/be-encouraged\/"]}]},{"@type":"ImageObject","inLanguage":"de-DE","@id":"https:\/\/www.zebemusic.com\/de\/product\/be-encouraged\/#primaryimage","url":"https:\/\/www.zebemusic.com\/wp-content\/uploads\/2019\/02\/ZEBE5070-1.jpg","contentUrl":"https:\/\/www.zebemusic.com\/wp-content\/uploads\/2019\/02\/ZEBE5070-1.jpg","width":382,"height":500},{"@type":"BreadcrumbList","@id":"https:\/\/www.zebemusic.com\/de\/product\/be-encouraged\/#breadcrumb","itemListElement":[{"@type":"ListItem","position":1,"name":"Shop","item":"https:\/\/www.zebemusic.com\/de\/shop-2\/"},{"@type":"ListItem","position":2,"name":"Be Encouraged"}]},{"@type":"WebSite","@id":"https:\/\/www.zebemusic.com\/de\/#website","url":"https:\/\/www.zebemusic.com\/de\/","name":"ZebeMusic","description":"makes you sing.","publisher":{"@id":"https:\/\/www.zebemusic.com\/de\/#organization"},"alternateName":"Gospelnoten & Kindermusicals","potentialAction":[{"@type":"SearchAction","target":{"@type":"EntryPoint","urlTemplate":"https:\/\/www.zebemusic.com\/de\/?s={search_term_string}"},"query-input":{"@type":"PropertyValueSpecification","valueRequired":true,"valueName":"search_term_string"}}],"inLanguage":"de-DE"},{"@type":"Organization","@id":"https:\/\/www.zebemusic.com\/de\/#organization","name":"ZebeMusic","url":"https:\/\/www.zebemusic.com\/de\/","logo":{"@type":"ImageObject","inLanguage":"de-DE","@id":"https:\/\/www.zebemusic.com\/de\/#\/schema\/logo\/image\/","url":"https:\/\/www.zebemusic.com\/wp-content\/uploads\/2025\/10\/ZEBE-Logo_ZW-makesyousing.jpg","contentUrl":"https:\/\/www.zebemusic.com\/wp-content\/uploads\/2025\/10\/ZEBE-Logo_ZW-makesyousing.jpg","width":2212,"height":958,"caption":"ZebeMusic"},"image":{"@id":"https:\/\/www.zebemusic.com\/de\/#\/schema\/logo\/image\/"},"sameAs":["https:\/\/www.facebook.com\/zebemusic","https:\/\/www.instagram.com\/zebemusic","https:\/\/www.youtube.com\/zebemusicberlin"]}]}},"_links":{"self":[{"href":"https:\/\/www.zebemusic.com\/de\/wp-json\/wp\/v2\/product\/27768","targetHints":{"allow":["GET"]}}],"collection":[{"href":"https:\/\/www.zebemusic.com\/de\/wp-json\/wp\/v2\/product"}],"about":[{"href":"https:\/\/www.zebemusic.com\/de\/wp-json\/wp\/v2\/types\/product"}],"wp:featuredmedia":[{"embeddable":true,"href":"https:\/\/www.zebemusic.com\/de\/wp-json\/wp\/v2\/media\/8565"}],"wp:attachment":[{"href":"https:\/\/www.zebemusic.com\/de\/wp-json\/wp\/v2\/media?parent=27768"}],"wp:term":[{"taxonomy":"product_brand","embeddable":true,"href":"https:\/\/www.zebemusic.com\/de\/wp-json\/wp\/v2\/product_brand?post=27768"},{"taxonomy":"product_cat","embeddable":true,"href":"https:\/\/www.zebemusic.com\/de\/wp-json\/wp\/v2\/product_cat?post=27768"},{"taxonomy":"product_tag","embeddable":true,"href":"https:\/\/www.zebemusic.com\/de\/wp-json\/wp\/v2\/product_tag?post=27768"}],"curies":[{"name":"wp","href":"https:\/\/api.w.org\/{rel}","templated":true}]}}