{"id":30209,"date":"2025-12-27T12:31:39","date_gmt":"2025-12-27T11:31:39","guid":{"rendered":"https:\/\/www.zebemusic.com\/?post_type=product&#038;p=30209"},"modified":"2026-03-10T14:49:57","modified_gmt":"2026-03-10T13:49:57","slug":"fuerbitte","status":"publish","type":"product","link":"https:\/\/www.zebemusic.com\/de\/product\/fuerbitte\/","title":{"rendered":"[Gratis] Bittruf f\u00fcr Frieden \u2b07\ufe0f"},"content":{"rendered":"<p>F\u00fcrbitte<\/p>\n<p>GRATISNOTEN<\/p>\n","protected":false},"excerpt":{"rendered":"<p>&nbsp;<\/p>\n<div class=\"page\" title=\"Page 1\">\n<div class=\"layoutArea\">\n<div class=\"column\">\n<p>Einfacher dreistimmiger Turn-around mit der Bitte um Frieden in deutscher Sprache.<\/p>\n<p>Dieser Satz funktioniert auch a cappella oder zweistimmig oder Sopran allein.<br \/>\nDie Gemeinde darf eingeladen sein, den Sopran mitzusingen.<br \/>\nGut kombinierbar ist dieser Ruf mit Luthers \u201eVerleih uns Frieden gna\u0308diglich\u201c (EG 421\/GL 475), vorher oder nachher. Aber auch in Verbindung mit einem Friedensgebet, dem Entz\u00fcnden der Friedenskerze oder vor dem Segen kann dieser kurze Vers gesungen werden.<\/p>\n<\/div>\n<\/div>\n<\/div>\n<p>Die Noten gibt es hier gratis, inklusive Klavierbegleitung und Akkordsymbole als PDF.<\/p>\n<p style=\"text-align: center;\"><iframe loading=\"lazy\" title=\"YouTube video player\" src=\"https:\/\/www.youtube.com\/embed\/_YtqB9mAHec?si=QTZzL0Z8sG5Bi2lc\" width=\"250\" height=\"200\" frameborder=\"0\" allowfullscreen=\"allowfullscreen\"><span style=\"display: inline-block; width: 0px; overflow: hidden; line-height: 0;\" data-mce-type=\"bookmark\" class=\"mce_SELRES_start\">\ufeff<\/span><\/iframe><\/p>\n<p>&nbsp;<\/p>\n","protected":false},"featured_media":30923,"template":"","meta":{"_acf_changed":false},"product_brand":[],"product_cat":[311,13,301],"product_tag":[307],"class_list":{"0":"post-30209","1":"product","2":"type-product","3":"status-publish","4":"has-post-thumbnail","6":"product_cat-einzelausgaben","7":"product_cat-gospel","8":"product_cat-music-download","9":"product_tag-ea","10":"pa_diff-leicht","11":"pa_language-deutsch","12":"pa_occ-liturgie","13":"pa_others-downloads-de","14":"pa_others-einzelausgaben","15":"pa_others-gratis","16":"pa_style-genre-gospel-de","17":"pa_style-genre-kantoreipraxis-de","18":"pa_style-genre-lobpreis","19":"pa_style-genre-pop-crossover-de","20":"pa_variation-get-the-gospel-komplette-ausgabe","21":"pa_variation-kostenlos-zum-download","22":"pa_variation-melodieklavier-pdf-download","23":"pa_variation-sab-druckausgabe","24":"pa_variation-sab-pdf-download","25":"pa_variation-satb-druckausgabe","26":"pa_variation-satb-pdf-download","27":"pa_variation-ssa-druckausgabe","28":"pa_variation-ssa-pdf-download","29":"pa_voicing-gemeindegesang","30":"pa_voicing-kinderchor","31":"pa_voicing-mit-band","32":"pa_voicing-mit-begleitung","33":"pa_voicing-sam-de","35":"first","36":"instock","37":"featured","38":"taxable","39":"shipping-taxable","40":"purchasable","41":"product-type-variable","42":"has-default-attributes"},"acf":[],"yoast_head":"<!-- This site is optimized with the Yoast SEO plugin v27.4 - https:\/\/yoast.com\/product\/yoast-seo-wordpress\/ -->\n<title>[Gratis] Bittruf f\u00fcr Frieden \u2b07\ufe0f - SAM mit Begleitung<\/title>\n<meta name=\"description\" content=\"F\u00fcrbitte f\u00fcr Frieden - Gospelnoten f\u00fcr gemischten Chor mit Gemeinde ad lib. mit Begleitung, auch zum Download! Kostenlos.\" \/>\n<meta name=\"robots\" content=\"index, follow, max-snippet:-1, max-image-preview:large, max-video-preview:-1\" \/>\n<link rel=\"canonical\" href=\"https:\/\/www.zebemusic.com\/de\/product\/fuerbitte\/\" \/>\n<meta property=\"og:locale\" content=\"de_DE\" \/>\n<meta property=\"og:type\" content=\"article\" \/>\n<meta property=\"og:title\" content=\"[Gratis] Bittruf f\u00fcr Frieden \u2b07\ufe0f - SAM mit Begleitung\" \/>\n<meta property=\"og:description\" content=\"F\u00fcrbitte f\u00fcr Frieden - Gospelnoten f\u00fcr gemischten Chor mit Gemeinde ad lib. mit Begleitung, auch zum Download! Kostenlos.\" \/>\n<meta property=\"og:url\" content=\"https:\/\/www.zebemusic.com\/de\/product\/fuerbitte\/\" \/>\n<meta property=\"og:site_name\" content=\"ZebeMusic\" \/>\n<meta property=\"article:publisher\" content=\"https:\/\/www.facebook.com\/zebemusic\" \/>\n<meta property=\"article:modified_time\" content=\"2026-03-10T13:49:57+00:00\" \/>\n<meta property=\"og:image\" content=\"https:\/\/www.zebemusic.com\/wp-content\/uploads\/2026\/03\/Zebe-Bittruf-fur-Frieden_1-scaled.jpg\" \/>\n\t<meta property=\"og:image:width\" content=\"1809\" \/>\n\t<meta property=\"og:image:height\" content=\"2560\" \/>\n\t<meta property=\"og:image:type\" content=\"image\/jpeg\" \/>\n<meta name=\"twitter:card\" content=\"summary_large_image\" \/>\n<meta name=\"twitter:label1\" content=\"Est. reading time\" \/>\n\t<meta name=\"twitter:data1\" content=\"1 minute\" \/>\n<script type=\"application\/ld+json\" class=\"yoast-schema-graph\">{\"@context\":\"https:\\\/\\\/schema.org\",\"@graph\":[{\"@type\":\"WebPage\",\"@id\":\"https:\\\/\\\/www.zebemusic.com\\\/de\\\/product\\\/fuerbitte\\\/\",\"url\":\"https:\\\/\\\/www.zebemusic.com\\\/de\\\/product\\\/fuerbitte\\\/\",\"name\":\"[Gratis] Bittruf f\u00fcr Frieden \u2b07\ufe0f - SAM mit Begleitung\",\"isPartOf\":{\"@id\":\"https:\\\/\\\/www.zebemusic.com\\\/de\\\/#website\"},\"primaryImageOfPage\":{\"@id\":\"https:\\\/\\\/www.zebemusic.com\\\/de\\\/product\\\/fuerbitte\\\/#primaryimage\"},\"image\":{\"@id\":\"https:\\\/\\\/www.zebemusic.com\\\/de\\\/product\\\/fuerbitte\\\/#primaryimage\"},\"thumbnailUrl\":\"https:\\\/\\\/www.zebemusic.com\\\/wp-content\\\/uploads\\\/2026\\\/03\\\/Zebe-Bittruf-fur-Frieden_1-scaled.jpg\",\"datePublished\":\"2025-12-27T11:31:39+00:00\",\"dateModified\":\"2026-03-10T13:49:57+00:00\",\"description\":\"F\u00fcrbitte f\u00fcr Frieden - Gospelnoten f\u00fcr gemischten Chor mit Gemeinde ad lib. mit Begleitung, auch zum Download! Kostenlos.\",\"breadcrumb\":{\"@id\":\"https:\\\/\\\/www.zebemusic.com\\\/de\\\/product\\\/fuerbitte\\\/#breadcrumb\"},\"inLanguage\":\"de-DE\",\"potentialAction\":[{\"@type\":\"ReadAction\",\"target\":[\"https:\\\/\\\/www.zebemusic.com\\\/de\\\/product\\\/fuerbitte\\\/\"]}]},{\"@type\":\"ImageObject\",\"inLanguage\":\"de-DE\",\"@id\":\"https:\\\/\\\/www.zebemusic.com\\\/de\\\/product\\\/fuerbitte\\\/#primaryimage\",\"url\":\"https:\\\/\\\/www.zebemusic.com\\\/wp-content\\\/uploads\\\/2026\\\/03\\\/Zebe-Bittruf-fur-Frieden_1-scaled.jpg\",\"contentUrl\":\"https:\\\/\\\/www.zebemusic.com\\\/wp-content\\\/uploads\\\/2026\\\/03\\\/Zebe-Bittruf-fur-Frieden_1-scaled.jpg\",\"width\":1809,\"height\":2560},{\"@type\":\"BreadcrumbList\",\"@id\":\"https:\\\/\\\/www.zebemusic.com\\\/de\\\/product\\\/fuerbitte\\\/#breadcrumb\",\"itemListElement\":[{\"@type\":\"ListItem\",\"position\":1,\"name\":\"Shop\",\"item\":\"https:\\\/\\\/www.zebemusic.com\\\/de\\\/shop-2\\\/\"},{\"@type\":\"ListItem\",\"position\":2,\"name\":\"[Gratis] Bittruf f\u00fcr Frieden \u2b07\ufe0f\"}]},{\"@type\":\"WebSite\",\"@id\":\"https:\\\/\\\/www.zebemusic.com\\\/de\\\/#website\",\"url\":\"https:\\\/\\\/www.zebemusic.com\\\/de\\\/\",\"name\":\"ZebeMusic\",\"description\":\"makes you sing.\",\"publisher\":{\"@id\":\"https:\\\/\\\/www.zebemusic.com\\\/de\\\/#organization\"},\"alternateName\":\"Gospelnoten & Kindermusicals\",\"potentialAction\":[{\"@type\":\"SearchAction\",\"target\":{\"@type\":\"EntryPoint\",\"urlTemplate\":\"https:\\\/\\\/www.zebemusic.com\\\/de\\\/?s={search_term_string}\"},\"query-input\":{\"@type\":\"PropertyValueSpecification\",\"valueRequired\":true,\"valueName\":\"search_term_string\"}}],\"inLanguage\":\"de-DE\"},{\"@type\":\"Organization\",\"@id\":\"https:\\\/\\\/www.zebemusic.com\\\/de\\\/#organization\",\"name\":\"ZebeMusic\",\"url\":\"https:\\\/\\\/www.zebemusic.com\\\/de\\\/\",\"logo\":{\"@type\":\"ImageObject\",\"inLanguage\":\"de-DE\",\"@id\":\"https:\\\/\\\/www.zebemusic.com\\\/de\\\/#\\\/schema\\\/logo\\\/image\\\/\",\"url\":\"https:\\\/\\\/www.zebemusic.com\\\/wp-content\\\/uploads\\\/2025\\\/10\\\/ZEBE-Logo_ZW-makesyousing.jpg\",\"contentUrl\":\"https:\\\/\\\/www.zebemusic.com\\\/wp-content\\\/uploads\\\/2025\\\/10\\\/ZEBE-Logo_ZW-makesyousing.jpg\",\"width\":2212,\"height\":958,\"caption\":\"ZebeMusic\"},\"image\":{\"@id\":\"https:\\\/\\\/www.zebemusic.com\\\/de\\\/#\\\/schema\\\/logo\\\/image\\\/\"},\"sameAs\":[\"https:\\\/\\\/www.facebook.com\\\/zebemusic\",\"https:\\\/\\\/www.instagram.com\\\/zebemusic\",\"https:\\\/\\\/www.youtube.com\\\/zebemusicberlin\"]}]}<\/script>\n<!-- \/ Yoast SEO plugin. -->","yoast_head_json":{"title":"[Gratis] Bittruf f\u00fcr Frieden \u2b07\ufe0f - SAM mit Begleitung","description":"F\u00fcrbitte f\u00fcr Frieden - Gospelnoten f\u00fcr gemischten Chor mit Gemeinde ad lib. mit Begleitung, auch zum Download! Kostenlos.","robots":{"index":"index","follow":"follow","max-snippet":"max-snippet:-1","max-image-preview":"max-image-preview:large","max-video-preview":"max-video-preview:-1"},"canonical":"https:\/\/www.zebemusic.com\/de\/product\/fuerbitte\/","og_locale":"de_DE","og_type":"article","og_title":"[Gratis] Bittruf f\u00fcr Frieden \u2b07\ufe0f - SAM mit Begleitung","og_description":"F\u00fcrbitte f\u00fcr Frieden - Gospelnoten f\u00fcr gemischten Chor mit Gemeinde ad lib. mit Begleitung, auch zum Download! Kostenlos.","og_url":"https:\/\/www.zebemusic.com\/de\/product\/fuerbitte\/","og_site_name":"ZebeMusic","article_publisher":"https:\/\/www.facebook.com\/zebemusic","article_modified_time":"2026-03-10T13:49:57+00:00","og_image":[{"width":1809,"height":2560,"url":"https:\/\/www.zebemusic.com\/wp-content\/uploads\/2026\/03\/Zebe-Bittruf-fur-Frieden_1-scaled.jpg","type":"image\/jpeg"}],"twitter_card":"summary_large_image","twitter_misc":{"Est. reading time":"1 minute"},"schema":{"@context":"https:\/\/schema.org","@graph":[{"@type":"WebPage","@id":"https:\/\/www.zebemusic.com\/de\/product\/fuerbitte\/","url":"https:\/\/www.zebemusic.com\/de\/product\/fuerbitte\/","name":"[Gratis] Bittruf f\u00fcr Frieden \u2b07\ufe0f - SAM mit Begleitung","isPartOf":{"@id":"https:\/\/www.zebemusic.com\/de\/#website"},"primaryImageOfPage":{"@id":"https:\/\/www.zebemusic.com\/de\/product\/fuerbitte\/#primaryimage"},"image":{"@id":"https:\/\/www.zebemusic.com\/de\/product\/fuerbitte\/#primaryimage"},"thumbnailUrl":"https:\/\/www.zebemusic.com\/wp-content\/uploads\/2026\/03\/Zebe-Bittruf-fur-Frieden_1-scaled.jpg","datePublished":"2025-12-27T11:31:39+00:00","dateModified":"2026-03-10T13:49:57+00:00","description":"F\u00fcrbitte f\u00fcr Frieden - Gospelnoten f\u00fcr gemischten Chor mit Gemeinde ad lib. mit Begleitung, auch zum Download! Kostenlos.","breadcrumb":{"@id":"https:\/\/www.zebemusic.com\/de\/product\/fuerbitte\/#breadcrumb"},"inLanguage":"de-DE","potentialAction":[{"@type":"ReadAction","target":["https:\/\/www.zebemusic.com\/de\/product\/fuerbitte\/"]}]},{"@type":"ImageObject","inLanguage":"de-DE","@id":"https:\/\/www.zebemusic.com\/de\/product\/fuerbitte\/#primaryimage","url":"https:\/\/www.zebemusic.com\/wp-content\/uploads\/2026\/03\/Zebe-Bittruf-fur-Frieden_1-scaled.jpg","contentUrl":"https:\/\/www.zebemusic.com\/wp-content\/uploads\/2026\/03\/Zebe-Bittruf-fur-Frieden_1-scaled.jpg","width":1809,"height":2560},{"@type":"BreadcrumbList","@id":"https:\/\/www.zebemusic.com\/de\/product\/fuerbitte\/#breadcrumb","itemListElement":[{"@type":"ListItem","position":1,"name":"Shop","item":"https:\/\/www.zebemusic.com\/de\/shop-2\/"},{"@type":"ListItem","position":2,"name":"[Gratis] Bittruf f\u00fcr Frieden \u2b07\ufe0f"}]},{"@type":"WebSite","@id":"https:\/\/www.zebemusic.com\/de\/#website","url":"https:\/\/www.zebemusic.com\/de\/","name":"ZebeMusic","description":"makes you sing.","publisher":{"@id":"https:\/\/www.zebemusic.com\/de\/#organization"},"alternateName":"Gospelnoten & Kindermusicals","potentialAction":[{"@type":"SearchAction","target":{"@type":"EntryPoint","urlTemplate":"https:\/\/www.zebemusic.com\/de\/?s={search_term_string}"},"query-input":{"@type":"PropertyValueSpecification","valueRequired":true,"valueName":"search_term_string"}}],"inLanguage":"de-DE"},{"@type":"Organization","@id":"https:\/\/www.zebemusic.com\/de\/#organization","name":"ZebeMusic","url":"https:\/\/www.zebemusic.com\/de\/","logo":{"@type":"ImageObject","inLanguage":"de-DE","@id":"https:\/\/www.zebemusic.com\/de\/#\/schema\/logo\/image\/","url":"https:\/\/www.zebemusic.com\/wp-content\/uploads\/2025\/10\/ZEBE-Logo_ZW-makesyousing.jpg","contentUrl":"https:\/\/www.zebemusic.com\/wp-content\/uploads\/2025\/10\/ZEBE-Logo_ZW-makesyousing.jpg","width":2212,"height":958,"caption":"ZebeMusic"},"image":{"@id":"https:\/\/www.zebemusic.com\/de\/#\/schema\/logo\/image\/"},"sameAs":["https:\/\/www.facebook.com\/zebemusic","https:\/\/www.instagram.com\/zebemusic","https:\/\/www.youtube.com\/zebemusicberlin"]}]}},"_links":{"self":[{"href":"https:\/\/www.zebemusic.com\/de\/wp-json\/wp\/v2\/product\/30209","targetHints":{"allow":["GET"]}}],"collection":[{"href":"https:\/\/www.zebemusic.com\/de\/wp-json\/wp\/v2\/product"}],"about":[{"href":"https:\/\/www.zebemusic.com\/de\/wp-json\/wp\/v2\/types\/product"}],"wp:featuredmedia":[{"embeddable":true,"href":"https:\/\/www.zebemusic.com\/de\/wp-json\/wp\/v2\/media\/30923"}],"wp:attachment":[{"href":"https:\/\/www.zebemusic.com\/de\/wp-json\/wp\/v2\/media?parent=30209"}],"wp:term":[{"taxonomy":"product_brand","embeddable":true,"href":"https:\/\/www.zebemusic.com\/de\/wp-json\/wp\/v2\/product_brand?post=30209"},{"taxonomy":"product_cat","embeddable":true,"href":"https:\/\/www.zebemusic.com\/de\/wp-json\/wp\/v2\/product_cat?post=30209"},{"taxonomy":"product_tag","embeddable":true,"href":"https:\/\/www.zebemusic.com\/de\/wp-json\/wp\/v2\/product_tag?post=30209"}],"curies":[{"name":"wp","href":"https:\/\/api.w.org\/{rel}","templated":true}]}}