{"id":30774,"date":"2026-02-22T18:41:13","date_gmt":"2026-02-22T17:41:13","guid":{"rendered":"https:\/\/www.zebemusic.com\/?post_type=product&#038;p=30774"},"modified":"2026-02-22T20:47:40","modified_gmt":"2026-02-22T19:47:40","slug":"gospelmesse-sanctus","status":"publish","type":"product","link":"https:\/\/www.zebemusic.com\/de\/product\/gospelmesse-sanctus\/","title":{"rendered":"<b>NEU:<\/b> Sanctus (aus Kyrie &#8211; A Gospel Mass)  \u2b07\ufe0f"},"content":{"rendered":"<p>gospel-sanctus<\/p>\n","protected":false},"excerpt":{"rendered":"<p>&#8220;Holy, holy, holy&#8221; &#8211; ein Sanctus im Gospelstil f\u00fcr gemischten Chor (SAM) und Klavier. Inhaltlich ist traditionell auch das Benedictus enthalten, der Hosianna-Ruf, mit dem Jesus beim Einzug in Jerusalem begr\u00fc\u00dft wurde. Urspr\u00fcnglich Teil der Gospelmesse, ist dieser Song ein lohnenswertes Konzertst\u00fcck.<\/p>\n<p>Im Notendownload sind ausgeschriebene Partitur mit Klavier und Akkordsymbolen sowie die Chorpartitur enthalten. Das downloadbare Playback kann gut unterst\u00fctzen, sei es in Probe oder zum Auftritt.<\/p>\n<p>&nbsp;<\/p>\n[audio mp3=\"https:\/\/www.zebemusic.com\/wp-content\/uploads\/2026\/02\/3005-ins.mp3\"][\/audio]\n<p>&nbsp;<\/p>\n<p>Bitte bestellen Sie die Chornoten in der Anzahl Ihrer Chors\u00e4ngerinnen und -s\u00e4nger. Die Mindestbestellmenge sind 15 Exemplare.<\/p>\n<p>&nbsp;<\/p>\n<hr \/>\n<p><strong>\u2022 PDF-Download <\/strong>(ZE 3005-DL) aus <a href=\"https:\/\/www.zebemusic.com\/de\/product\/gospelmesse\/\">Kyrie &#8211; A Gospel Mass<\/a>, \u20ac 2,49<\/p>\n<p><strong>\u2022 H\u00f6rdatei <\/strong>als mp3,\u00a0\u20ac 1,99<\/p>\n<p><strong>\u2022 Playback <\/strong>als mp3, \u20ac 7,99<\/p>\n<p>&nbsp;<\/p>\n<p>Bitte w\u00e4hlen Sie hier aus:<\/p>\n","protected":false},"featured_media":30530,"template":"","meta":{"_acf_changed":false},"product_brand":[],"product_cat":[311,13,301],"product_tag":[307,160],"class_list":{"0":"post-30774","1":"product","2":"type-product","3":"status-publish","4":"has-post-thumbnail","6":"product_cat-einzelausgaben","7":"product_cat-gospel","8":"product_cat-music-download","9":"product_tag-ea","10":"product_tag-gospelmass","11":"pa_diff-medium","12":"pa_language-english","13":"pa_occ-biblische-geschichten","14":"pa_occ-konzert-2","15":"pa_occ-liturgy","16":"pa_occ-neues-testament","17":"pa_occ-passion-de","18":"pa_others-downloads","19":"pa_others-single-editions","20":"pa_style-genre-contemporary","21":"pa_style-genre-gospel","22":"pa_style-genre-soul-funk","23":"pa_variation-hoerdatei-mp3-download","24":"pa_variation-pdf-download","25":"pa_variation-playback-mp3-download","26":"pa_voicing-accompanied","27":"pa_voicing-sam","28":"pa_voicing-ssa-de","29":"pa_voicing-with-band","31":"first","32":"instock","33":"taxable","34":"shipping-taxable","35":"purchasable","36":"product-type-variable","37":"has-default-attributes"},"acf":[],"yoast_head":"<!-- This site is optimized with the Yoast SEO plugin v27.3 - https:\/\/yoast.com\/product\/yoast-seo-wordpress\/ -->\n<title>NEU: Sanctus (aus Kyrie - A Gospel Mass) \u2b07\ufe0f - Gospel-Sanctus<\/title>\n<meta name=\"description\" content=\"Holy, holy, holy - Sanctus und Benedictus im Gospelstil f\u00fcr gemischten Chor (SAM) mit Begleitung zum Download. Einzelsong aus der Gospelmesse mit Playback. &gt;&gt;\" \/>\n<meta name=\"robots\" content=\"index, follow, max-snippet:-1, max-image-preview:large, max-video-preview:-1\" \/>\n<link rel=\"canonical\" href=\"https:\/\/www.zebemusic.com\/de\/product\/gospelmesse-sanctus\/\" \/>\n<meta property=\"og:locale\" content=\"de_DE\" \/>\n<meta property=\"og:type\" content=\"article\" \/>\n<meta property=\"og:title\" content=\"NEU: Sanctus (aus Kyrie - A Gospel Mass) \u2b07\ufe0f - Gospel-Sanctus\" \/>\n<meta property=\"og:description\" content=\"Holy, holy, holy - Sanctus und Benedictus im Gospelstil f\u00fcr gemischten Chor (SAM) mit Begleitung zum Download. Einzelsong aus der Gospelmesse mit Playback. &gt;&gt;\" \/>\n<meta property=\"og:url\" content=\"https:\/\/www.zebemusic.com\/de\/product\/gospelmesse-sanctus\/\" \/>\n<meta property=\"og:site_name\" content=\"ZebeMusic\" \/>\n<meta property=\"article:publisher\" content=\"https:\/\/www.facebook.com\/zebemusic\" \/>\n<meta property=\"article:modified_time\" content=\"2026-02-22T19:47:40+00:00\" \/>\n<meta property=\"og:image\" content=\"https:\/\/www.zebemusic.com\/wp-content\/uploads\/2026\/02\/ZE3005-full-dl-scaled.jpg\" \/>\n\t<meta property=\"og:image:width\" content=\"1809\" \/>\n\t<meta property=\"og:image:height\" content=\"2560\" \/>\n\t<meta property=\"og:image:type\" content=\"image\/jpeg\" \/>\n<meta name=\"twitter:card\" content=\"summary_large_image\" \/>\n<meta name=\"twitter:label1\" content=\"Est. reading time\" \/>\n\t<meta name=\"twitter:data1\" content=\"1 minute\" \/>\n<script type=\"application\/ld+json\" class=\"yoast-schema-graph\">{\"@context\":\"https:\\\/\\\/schema.org\",\"@graph\":[{\"@type\":\"WebPage\",\"@id\":\"https:\\\/\\\/www.zebemusic.com\\\/de\\\/product\\\/gospelmesse-sanctus\\\/\",\"url\":\"https:\\\/\\\/www.zebemusic.com\\\/de\\\/product\\\/gospelmesse-sanctus\\\/\",\"name\":\"NEU: Sanctus (aus Kyrie - A Gospel Mass) \u2b07\ufe0f - Gospel-Sanctus\",\"isPartOf\":{\"@id\":\"https:\\\/\\\/www.zebemusic.com\\\/de\\\/#website\"},\"primaryImageOfPage\":{\"@id\":\"https:\\\/\\\/www.zebemusic.com\\\/de\\\/product\\\/gospelmesse-sanctus\\\/#primaryimage\"},\"image\":{\"@id\":\"https:\\\/\\\/www.zebemusic.com\\\/de\\\/product\\\/gospelmesse-sanctus\\\/#primaryimage\"},\"thumbnailUrl\":\"https:\\\/\\\/www.zebemusic.com\\\/wp-content\\\/uploads\\\/2026\\\/02\\\/ZE3005-full-dl-scaled.jpg\",\"datePublished\":\"2026-02-22T17:41:13+00:00\",\"dateModified\":\"2026-02-22T19:47:40+00:00\",\"description\":\"Holy, holy, holy - Sanctus und Benedictus im Gospelstil f\u00fcr gemischten Chor (SAM) mit Begleitung zum Download. Einzelsong aus der Gospelmesse mit Playback. >>\",\"breadcrumb\":{\"@id\":\"https:\\\/\\\/www.zebemusic.com\\\/de\\\/product\\\/gospelmesse-sanctus\\\/#breadcrumb\"},\"inLanguage\":\"de-DE\",\"potentialAction\":[{\"@type\":\"ReadAction\",\"target\":[\"https:\\\/\\\/www.zebemusic.com\\\/de\\\/product\\\/gospelmesse-sanctus\\\/\"]}]},{\"@type\":\"ImageObject\",\"inLanguage\":\"de-DE\",\"@id\":\"https:\\\/\\\/www.zebemusic.com\\\/de\\\/product\\\/gospelmesse-sanctus\\\/#primaryimage\",\"url\":\"https:\\\/\\\/www.zebemusic.com\\\/wp-content\\\/uploads\\\/2026\\\/02\\\/ZE3005-full-dl-scaled.jpg\",\"contentUrl\":\"https:\\\/\\\/www.zebemusic.com\\\/wp-content\\\/uploads\\\/2026\\\/02\\\/ZE3005-full-dl-scaled.jpg\",\"width\":1809,\"height\":2560,\"caption\":\"gospel-sanctus\"},{\"@type\":\"BreadcrumbList\",\"@id\":\"https:\\\/\\\/www.zebemusic.com\\\/de\\\/product\\\/gospelmesse-sanctus\\\/#breadcrumb\",\"itemListElement\":[{\"@type\":\"ListItem\",\"position\":1,\"name\":\"Shop\",\"item\":\"https:\\\/\\\/www.zebemusic.com\\\/de\\\/shop-2\\\/\"},{\"@type\":\"ListItem\",\"position\":2,\"name\":\"NEU: Sanctus (aus Kyrie &#8211; A Gospel Mass) \u2b07\ufe0f\"}]},{\"@type\":\"WebSite\",\"@id\":\"https:\\\/\\\/www.zebemusic.com\\\/de\\\/#website\",\"url\":\"https:\\\/\\\/www.zebemusic.com\\\/de\\\/\",\"name\":\"ZebeMusic\",\"description\":\"makes you sing.\",\"publisher\":{\"@id\":\"https:\\\/\\\/www.zebemusic.com\\\/de\\\/#organization\"},\"alternateName\":\"Gospelnoten & Kindermusicals\",\"potentialAction\":[{\"@type\":\"SearchAction\",\"target\":{\"@type\":\"EntryPoint\",\"urlTemplate\":\"https:\\\/\\\/www.zebemusic.com\\\/de\\\/?s={search_term_string}\"},\"query-input\":{\"@type\":\"PropertyValueSpecification\",\"valueRequired\":true,\"valueName\":\"search_term_string\"}}],\"inLanguage\":\"de-DE\"},{\"@type\":\"Organization\",\"@id\":\"https:\\\/\\\/www.zebemusic.com\\\/de\\\/#organization\",\"name\":\"ZebeMusic\",\"url\":\"https:\\\/\\\/www.zebemusic.com\\\/de\\\/\",\"logo\":{\"@type\":\"ImageObject\",\"inLanguage\":\"de-DE\",\"@id\":\"https:\\\/\\\/www.zebemusic.com\\\/de\\\/#\\\/schema\\\/logo\\\/image\\\/\",\"url\":\"https:\\\/\\\/www.zebemusic.com\\\/wp-content\\\/uploads\\\/2025\\\/10\\\/ZEBE-Logo_ZW-makesyousing.jpg\",\"contentUrl\":\"https:\\\/\\\/www.zebemusic.com\\\/wp-content\\\/uploads\\\/2025\\\/10\\\/ZEBE-Logo_ZW-makesyousing.jpg\",\"width\":2212,\"height\":958,\"caption\":\"ZebeMusic\"},\"image\":{\"@id\":\"https:\\\/\\\/www.zebemusic.com\\\/de\\\/#\\\/schema\\\/logo\\\/image\\\/\"},\"sameAs\":[\"https:\\\/\\\/www.facebook.com\\\/zebemusic\",\"https:\\\/\\\/www.instagram.com\\\/zebemusic\",\"https:\\\/\\\/www.youtube.com\\\/zebemusicberlin\"]}]}<\/script>\n<!-- \/ Yoast SEO plugin. -->","yoast_head_json":{"title":"NEU: Sanctus (aus Kyrie - A Gospel Mass) \u2b07\ufe0f - Gospel-Sanctus","description":"Holy, holy, holy - Sanctus und Benedictus im Gospelstil f\u00fcr gemischten Chor (SAM) mit Begleitung zum Download. Einzelsong aus der Gospelmesse mit Playback. >>","robots":{"index":"index","follow":"follow","max-snippet":"max-snippet:-1","max-image-preview":"max-image-preview:large","max-video-preview":"max-video-preview:-1"},"canonical":"https:\/\/www.zebemusic.com\/de\/product\/gospelmesse-sanctus\/","og_locale":"de_DE","og_type":"article","og_title":"NEU: Sanctus (aus Kyrie - A Gospel Mass) \u2b07\ufe0f - Gospel-Sanctus","og_description":"Holy, holy, holy - Sanctus und Benedictus im Gospelstil f\u00fcr gemischten Chor (SAM) mit Begleitung zum Download. Einzelsong aus der Gospelmesse mit Playback. >>","og_url":"https:\/\/www.zebemusic.com\/de\/product\/gospelmesse-sanctus\/","og_site_name":"ZebeMusic","article_publisher":"https:\/\/www.facebook.com\/zebemusic","article_modified_time":"2026-02-22T19:47:40+00:00","og_image":[{"width":1809,"height":2560,"url":"https:\/\/www.zebemusic.com\/wp-content\/uploads\/2026\/02\/ZE3005-full-dl-scaled.jpg","type":"image\/jpeg"}],"twitter_card":"summary_large_image","twitter_misc":{"Est. reading time":"1 minute"},"schema":{"@context":"https:\/\/schema.org","@graph":[{"@type":"WebPage","@id":"https:\/\/www.zebemusic.com\/de\/product\/gospelmesse-sanctus\/","url":"https:\/\/www.zebemusic.com\/de\/product\/gospelmesse-sanctus\/","name":"NEU: Sanctus (aus Kyrie - A Gospel Mass) \u2b07\ufe0f - Gospel-Sanctus","isPartOf":{"@id":"https:\/\/www.zebemusic.com\/de\/#website"},"primaryImageOfPage":{"@id":"https:\/\/www.zebemusic.com\/de\/product\/gospelmesse-sanctus\/#primaryimage"},"image":{"@id":"https:\/\/www.zebemusic.com\/de\/product\/gospelmesse-sanctus\/#primaryimage"},"thumbnailUrl":"https:\/\/www.zebemusic.com\/wp-content\/uploads\/2026\/02\/ZE3005-full-dl-scaled.jpg","datePublished":"2026-02-22T17:41:13+00:00","dateModified":"2026-02-22T19:47:40+00:00","description":"Holy, holy, holy - Sanctus und Benedictus im Gospelstil f\u00fcr gemischten Chor (SAM) mit Begleitung zum Download. Einzelsong aus der Gospelmesse mit Playback. >>","breadcrumb":{"@id":"https:\/\/www.zebemusic.com\/de\/product\/gospelmesse-sanctus\/#breadcrumb"},"inLanguage":"de-DE","potentialAction":[{"@type":"ReadAction","target":["https:\/\/www.zebemusic.com\/de\/product\/gospelmesse-sanctus\/"]}]},{"@type":"ImageObject","inLanguage":"de-DE","@id":"https:\/\/www.zebemusic.com\/de\/product\/gospelmesse-sanctus\/#primaryimage","url":"https:\/\/www.zebemusic.com\/wp-content\/uploads\/2026\/02\/ZE3005-full-dl-scaled.jpg","contentUrl":"https:\/\/www.zebemusic.com\/wp-content\/uploads\/2026\/02\/ZE3005-full-dl-scaled.jpg","width":1809,"height":2560,"caption":"gospel-sanctus"},{"@type":"BreadcrumbList","@id":"https:\/\/www.zebemusic.com\/de\/product\/gospelmesse-sanctus\/#breadcrumb","itemListElement":[{"@type":"ListItem","position":1,"name":"Shop","item":"https:\/\/www.zebemusic.com\/de\/shop-2\/"},{"@type":"ListItem","position":2,"name":"NEU: Sanctus (aus Kyrie &#8211; A Gospel Mass) \u2b07\ufe0f"}]},{"@type":"WebSite","@id":"https:\/\/www.zebemusic.com\/de\/#website","url":"https:\/\/www.zebemusic.com\/de\/","name":"ZebeMusic","description":"makes you sing.","publisher":{"@id":"https:\/\/www.zebemusic.com\/de\/#organization"},"alternateName":"Gospelnoten & Kindermusicals","potentialAction":[{"@type":"SearchAction","target":{"@type":"EntryPoint","urlTemplate":"https:\/\/www.zebemusic.com\/de\/?s={search_term_string}"},"query-input":{"@type":"PropertyValueSpecification","valueRequired":true,"valueName":"search_term_string"}}],"inLanguage":"de-DE"},{"@type":"Organization","@id":"https:\/\/www.zebemusic.com\/de\/#organization","name":"ZebeMusic","url":"https:\/\/www.zebemusic.com\/de\/","logo":{"@type":"ImageObject","inLanguage":"de-DE","@id":"https:\/\/www.zebemusic.com\/de\/#\/schema\/logo\/image\/","url":"https:\/\/www.zebemusic.com\/wp-content\/uploads\/2025\/10\/ZEBE-Logo_ZW-makesyousing.jpg","contentUrl":"https:\/\/www.zebemusic.com\/wp-content\/uploads\/2025\/10\/ZEBE-Logo_ZW-makesyousing.jpg","width":2212,"height":958,"caption":"ZebeMusic"},"image":{"@id":"https:\/\/www.zebemusic.com\/de\/#\/schema\/logo\/image\/"},"sameAs":["https:\/\/www.facebook.com\/zebemusic","https:\/\/www.instagram.com\/zebemusic","https:\/\/www.youtube.com\/zebemusicberlin"]}]}},"_links":{"self":[{"href":"https:\/\/www.zebemusic.com\/de\/wp-json\/wp\/v2\/product\/30774","targetHints":{"allow":["GET"]}}],"collection":[{"href":"https:\/\/www.zebemusic.com\/de\/wp-json\/wp\/v2\/product"}],"about":[{"href":"https:\/\/www.zebemusic.com\/de\/wp-json\/wp\/v2\/types\/product"}],"wp:featuredmedia":[{"embeddable":true,"href":"https:\/\/www.zebemusic.com\/de\/wp-json\/wp\/v2\/media\/30530"}],"wp:attachment":[{"href":"https:\/\/www.zebemusic.com\/de\/wp-json\/wp\/v2\/media?parent=30774"}],"wp:term":[{"taxonomy":"product_brand","embeddable":true,"href":"https:\/\/www.zebemusic.com\/de\/wp-json\/wp\/v2\/product_brand?post=30774"},{"taxonomy":"product_cat","embeddable":true,"href":"https:\/\/www.zebemusic.com\/de\/wp-json\/wp\/v2\/product_cat?post=30774"},{"taxonomy":"product_tag","embeddable":true,"href":"https:\/\/www.zebemusic.com\/de\/wp-json\/wp\/v2\/product_tag?post=30774"}],"curies":[{"name":"wp","href":"https:\/\/api.w.org\/{rel}","templated":true}]}}