{"id":31130,"date":"2026-03-12T09:48:47","date_gmt":"2026-03-12T08:48:47","guid":{"rendered":"https:\/\/www.zebemusic.com\/?post_type=product&#038;p=31130"},"modified":"2026-03-12T10:43:05","modified_gmt":"2026-03-12T09:43:05","slug":"now-let-us-sing","status":"publish","type":"product","link":"https:\/\/www.zebemusic.com\/de\/product\/now-let-us-sing\/","title":{"rendered":"Now Let Us Sing (Sing Till the Power of the Lord Comes Down) \u2b07\ufe0f"},"content":{"rendered":"<p>Gospelgottesdienst<\/p>\n","protected":false},"excerpt":{"rendered":"<p>Stimmungsvoller, fr\u00f6hlicher Klassiker f\u00fcr gemischten Chor (SAB).<br \/>\nIn der vorliegenden Bearbeitung finden auch eine ausnotierte Klavierbegleitung und Akkordsymbole.<\/p>\n<p>Hier erhalten Sie die Ausgabe mit dem Gesangssatz der Bearbeitung.<br \/>\nDiese Download-Version enth\u00e4lt zus\u00e4tzlich eine kostenlose PDF der Begleitung.<\/p>\n<p>Bitte bestellen Sie Chornoten in der Anzahl Ihrer Chors\u00e4ngerinnen und -s\u00e4nger. Die Mindestbestellmenge sind 15 Exemplare.<\/p>\n<p>&nbsp;<\/p>\n<p>&nbsp;<\/p>\n<hr \/>\n<p><strong>\u2022 SAB + Piano<\/strong> (ZE 3083.12-DL) aus <a href=\"https:\/\/www.zebemusic.com\/de\/product\/glory-to-god\/\">GLORY TO GOD! Gospel liturgisch.<\/a>, PDF-Download Chorstimme und Partitur, \u20ac 1,29<\/p>\n<p>&nbsp;<\/p>\n","protected":false},"featured_media":30929,"template":"","meta":{"_acf_changed":false},"product_brand":[],"product_cat":[311,13,1515,301],"product_tag":[307],"class_list":{"0":"post-31130","1":"product","2":"type-product","3":"status-publish","4":"has-post-thumbnail","6":"product_cat-einzelausgaben","7":"product_cat-gospel","8":"product_cat-minimum-quantity","9":"product_cat-music-download","10":"product_tag-ea","11":"pa_diff-leicht","12":"pa_language-englisch","13":"pa_occ-beginn-und-abschied-segen","14":"pa_occ-liturgie","15":"pa_occ-lobpreis","16":"pa_others-downloads-de","17":"pa_others-einzelausgaben","18":"pa_style-genre-gospel-de","19":"pa_style-genre-lobpreis","20":"pa_variation-melodieklavier-pdf-download","21":"pa_variation-sab-druckausgabe","22":"pa_variation-sab-pdf-download","23":"pa_variation-satb-druckausgabe","24":"pa_variation-satb-pdf-download","25":"pa_variation-ssa-druckausgabe","26":"pa_variation-ssa-pdf-download","27":"pa_voicing-mit-begleitung","28":"pa_voicing-sam-de","30":"first","31":"instock","32":"featured","33":"taxable","34":"shipping-taxable","35":"purchasable","36":"product-type-variable","37":"has-default-attributes"},"acf":[],"yoast_head":"<!-- This site is optimized with the Yoast SEO plugin v27.5 - https:\/\/yoast.com\/product\/yoast-seo-wordpress\/ -->\n<title>Now Let Us Sing (Sing Till the Power of the Lord Comes Down) \u2b07\ufe0f - SAM mit Begleitung<\/title>\n<meta name=\"description\" content=\"Gospelnoten f\u00fcr gemischten Chor mit Begleitung, auch zum Download! Bew\u00e4hrtes Material f\u00fcr Gospelgottesdienst und Konzert.\" \/>\n<meta name=\"robots\" content=\"index, follow, max-snippet:-1, max-image-preview:large, max-video-preview:-1\" \/>\n<link rel=\"canonical\" href=\"https:\/\/www.zebemusic.com\/de\/product\/now-let-us-sing\/\" \/>\n<meta property=\"og:locale\" content=\"de_DE\" \/>\n<meta property=\"og:type\" content=\"article\" \/>\n<meta property=\"og:title\" content=\"Now Let Us Sing (Sing Till the Power of the Lord Comes Down) \u2b07\ufe0f - SAM mit Begleitung\" \/>\n<meta property=\"og:description\" content=\"Gospelnoten f\u00fcr gemischten Chor mit Begleitung, auch zum Download! Bew\u00e4hrtes Material f\u00fcr Gospelgottesdienst und Konzert.\" \/>\n<meta property=\"og:url\" content=\"https:\/\/www.zebemusic.com\/de\/product\/now-let-us-sing\/\" \/>\n<meta property=\"og:site_name\" content=\"ZebeMusic\" \/>\n<meta property=\"article:publisher\" content=\"https:\/\/www.facebook.com\/zebemusic\" \/>\n<meta property=\"article:modified_time\" content=\"2026-03-12T09:43:05+00:00\" \/>\n<meta property=\"og:image\" content=\"https:\/\/www.zebemusic.com\/wp-content\/uploads\/2025\/09\/ZE3083-DL.jpg\" \/>\n\t<meta property=\"og:image:width\" content=\"920\" \/>\n\t<meta property=\"og:image:height\" content=\"1200\" \/>\n\t<meta property=\"og:image:type\" content=\"image\/jpeg\" \/>\n<meta name=\"twitter:card\" content=\"summary_large_image\" \/>\n<meta name=\"twitter:label1\" content=\"Est. reading time\" \/>\n\t<meta name=\"twitter:data1\" content=\"1 minute\" \/>\n<script type=\"application\/ld+json\" class=\"yoast-schema-graph\">{\"@context\":\"https:\\\/\\\/schema.org\",\"@graph\":[{\"@type\":\"WebPage\",\"@id\":\"https:\\\/\\\/www.zebemusic.com\\\/de\\\/product\\\/now-let-us-sing\\\/\",\"url\":\"https:\\\/\\\/www.zebemusic.com\\\/de\\\/product\\\/now-let-us-sing\\\/\",\"name\":\"Now Let Us Sing (Sing Till the Power of the Lord Comes Down) \u2b07\ufe0f - SAM mit Begleitung\",\"isPartOf\":{\"@id\":\"https:\\\/\\\/www.zebemusic.com\\\/de\\\/#website\"},\"primaryImageOfPage\":{\"@id\":\"https:\\\/\\\/www.zebemusic.com\\\/de\\\/product\\\/now-let-us-sing\\\/#primaryimage\"},\"image\":{\"@id\":\"https:\\\/\\\/www.zebemusic.com\\\/de\\\/product\\\/now-let-us-sing\\\/#primaryimage\"},\"thumbnailUrl\":\"https:\\\/\\\/www.zebemusic.com\\\/wp-content\\\/uploads\\\/2025\\\/09\\\/ZE3083-DL.jpg\",\"datePublished\":\"2026-03-12T08:48:47+00:00\",\"dateModified\":\"2026-03-12T09:43:05+00:00\",\"description\":\"Gospelnoten f\u00fcr gemischten Chor mit Begleitung, auch zum Download! Bew\u00e4hrtes Material f\u00fcr Gospelgottesdienst und Konzert.\",\"breadcrumb\":{\"@id\":\"https:\\\/\\\/www.zebemusic.com\\\/de\\\/product\\\/now-let-us-sing\\\/#breadcrumb\"},\"inLanguage\":\"de-DE\",\"potentialAction\":[{\"@type\":\"ReadAction\",\"target\":[\"https:\\\/\\\/www.zebemusic.com\\\/de\\\/product\\\/now-let-us-sing\\\/\"]}]},{\"@type\":\"ImageObject\",\"inLanguage\":\"de-DE\",\"@id\":\"https:\\\/\\\/www.zebemusic.com\\\/de\\\/product\\\/now-let-us-sing\\\/#primaryimage\",\"url\":\"https:\\\/\\\/www.zebemusic.com\\\/wp-content\\\/uploads\\\/2025\\\/09\\\/ZE3083-DL.jpg\",\"contentUrl\":\"https:\\\/\\\/www.zebemusic.com\\\/wp-content\\\/uploads\\\/2025\\\/09\\\/ZE3083-DL.jpg\",\"width\":920,\"height\":1200,\"caption\":\"Gospelgottesdienst\"},{\"@type\":\"BreadcrumbList\",\"@id\":\"https:\\\/\\\/www.zebemusic.com\\\/de\\\/product\\\/now-let-us-sing\\\/#breadcrumb\",\"itemListElement\":[{\"@type\":\"ListItem\",\"position\":1,\"name\":\"Shop\",\"item\":\"https:\\\/\\\/www.zebemusic.com\\\/de\\\/shop-2\\\/\"},{\"@type\":\"ListItem\",\"position\":2,\"name\":\"Now Let Us Sing (Sing Till the Power of the Lord Comes Down) \u2b07\ufe0f\"}]},{\"@type\":\"WebSite\",\"@id\":\"https:\\\/\\\/www.zebemusic.com\\\/de\\\/#website\",\"url\":\"https:\\\/\\\/www.zebemusic.com\\\/de\\\/\",\"name\":\"ZebeMusic\",\"description\":\"makes you sing.\",\"publisher\":{\"@id\":\"https:\\\/\\\/www.zebemusic.com\\\/de\\\/#organization\"},\"alternateName\":\"Gospelnoten & Kindermusicals\",\"potentialAction\":[{\"@type\":\"SearchAction\",\"target\":{\"@type\":\"EntryPoint\",\"urlTemplate\":\"https:\\\/\\\/www.zebemusic.com\\\/de\\\/?s={search_term_string}\"},\"query-input\":{\"@type\":\"PropertyValueSpecification\",\"valueRequired\":true,\"valueName\":\"search_term_string\"}}],\"inLanguage\":\"de-DE\"},{\"@type\":\"Organization\",\"@id\":\"https:\\\/\\\/www.zebemusic.com\\\/de\\\/#organization\",\"name\":\"ZebeMusic\",\"url\":\"https:\\\/\\\/www.zebemusic.com\\\/de\\\/\",\"logo\":{\"@type\":\"ImageObject\",\"inLanguage\":\"de-DE\",\"@id\":\"https:\\\/\\\/www.zebemusic.com\\\/de\\\/#\\\/schema\\\/logo\\\/image\\\/\",\"url\":\"https:\\\/\\\/www.zebemusic.com\\\/wp-content\\\/uploads\\\/2025\\\/10\\\/ZEBE-Logo_ZW-makesyousing.jpg\",\"contentUrl\":\"https:\\\/\\\/www.zebemusic.com\\\/wp-content\\\/uploads\\\/2025\\\/10\\\/ZEBE-Logo_ZW-makesyousing.jpg\",\"width\":2212,\"height\":958,\"caption\":\"ZebeMusic\"},\"image\":{\"@id\":\"https:\\\/\\\/www.zebemusic.com\\\/de\\\/#\\\/schema\\\/logo\\\/image\\\/\"},\"sameAs\":[\"https:\\\/\\\/www.facebook.com\\\/zebemusic\",\"https:\\\/\\\/www.instagram.com\\\/zebemusic\",\"https:\\\/\\\/www.youtube.com\\\/zebemusicberlin\"]}]}<\/script>\n<!-- \/ Yoast SEO plugin. -->","yoast_head_json":{"title":"Now Let Us Sing (Sing Till the Power of the Lord Comes Down) \u2b07\ufe0f - SAM mit Begleitung","description":"Gospelnoten f\u00fcr gemischten Chor mit Begleitung, auch zum Download! Bew\u00e4hrtes Material f\u00fcr Gospelgottesdienst und Konzert.","robots":{"index":"index","follow":"follow","max-snippet":"max-snippet:-1","max-image-preview":"max-image-preview:large","max-video-preview":"max-video-preview:-1"},"canonical":"https:\/\/www.zebemusic.com\/de\/product\/now-let-us-sing\/","og_locale":"de_DE","og_type":"article","og_title":"Now Let Us Sing (Sing Till the Power of the Lord Comes Down) \u2b07\ufe0f - SAM mit Begleitung","og_description":"Gospelnoten f\u00fcr gemischten Chor mit Begleitung, auch zum Download! Bew\u00e4hrtes Material f\u00fcr Gospelgottesdienst und Konzert.","og_url":"https:\/\/www.zebemusic.com\/de\/product\/now-let-us-sing\/","og_site_name":"ZebeMusic","article_publisher":"https:\/\/www.facebook.com\/zebemusic","article_modified_time":"2026-03-12T09:43:05+00:00","og_image":[{"width":920,"height":1200,"url":"https:\/\/www.zebemusic.com\/wp-content\/uploads\/2025\/09\/ZE3083-DL.jpg","type":"image\/jpeg"}],"twitter_card":"summary_large_image","twitter_misc":{"Est. reading time":"1 minute"},"schema":{"@context":"https:\/\/schema.org","@graph":[{"@type":"WebPage","@id":"https:\/\/www.zebemusic.com\/de\/product\/now-let-us-sing\/","url":"https:\/\/www.zebemusic.com\/de\/product\/now-let-us-sing\/","name":"Now Let Us Sing (Sing Till the Power of the Lord Comes Down) \u2b07\ufe0f - SAM mit Begleitung","isPartOf":{"@id":"https:\/\/www.zebemusic.com\/de\/#website"},"primaryImageOfPage":{"@id":"https:\/\/www.zebemusic.com\/de\/product\/now-let-us-sing\/#primaryimage"},"image":{"@id":"https:\/\/www.zebemusic.com\/de\/product\/now-let-us-sing\/#primaryimage"},"thumbnailUrl":"https:\/\/www.zebemusic.com\/wp-content\/uploads\/2025\/09\/ZE3083-DL.jpg","datePublished":"2026-03-12T08:48:47+00:00","dateModified":"2026-03-12T09:43:05+00:00","description":"Gospelnoten f\u00fcr gemischten Chor mit Begleitung, auch zum Download! Bew\u00e4hrtes Material f\u00fcr Gospelgottesdienst und Konzert.","breadcrumb":{"@id":"https:\/\/www.zebemusic.com\/de\/product\/now-let-us-sing\/#breadcrumb"},"inLanguage":"de-DE","potentialAction":[{"@type":"ReadAction","target":["https:\/\/www.zebemusic.com\/de\/product\/now-let-us-sing\/"]}]},{"@type":"ImageObject","inLanguage":"de-DE","@id":"https:\/\/www.zebemusic.com\/de\/product\/now-let-us-sing\/#primaryimage","url":"https:\/\/www.zebemusic.com\/wp-content\/uploads\/2025\/09\/ZE3083-DL.jpg","contentUrl":"https:\/\/www.zebemusic.com\/wp-content\/uploads\/2025\/09\/ZE3083-DL.jpg","width":920,"height":1200,"caption":"Gospelgottesdienst"},{"@type":"BreadcrumbList","@id":"https:\/\/www.zebemusic.com\/de\/product\/now-let-us-sing\/#breadcrumb","itemListElement":[{"@type":"ListItem","position":1,"name":"Shop","item":"https:\/\/www.zebemusic.com\/de\/shop-2\/"},{"@type":"ListItem","position":2,"name":"Now Let Us Sing (Sing Till the Power of the Lord Comes Down) \u2b07\ufe0f"}]},{"@type":"WebSite","@id":"https:\/\/www.zebemusic.com\/de\/#website","url":"https:\/\/www.zebemusic.com\/de\/","name":"ZebeMusic","description":"makes you sing.","publisher":{"@id":"https:\/\/www.zebemusic.com\/de\/#organization"},"alternateName":"Gospelnoten & Kindermusicals","potentialAction":[{"@type":"SearchAction","target":{"@type":"EntryPoint","urlTemplate":"https:\/\/www.zebemusic.com\/de\/?s={search_term_string}"},"query-input":{"@type":"PropertyValueSpecification","valueRequired":true,"valueName":"search_term_string"}}],"inLanguage":"de-DE"},{"@type":"Organization","@id":"https:\/\/www.zebemusic.com\/de\/#organization","name":"ZebeMusic","url":"https:\/\/www.zebemusic.com\/de\/","logo":{"@type":"ImageObject","inLanguage":"de-DE","@id":"https:\/\/www.zebemusic.com\/de\/#\/schema\/logo\/image\/","url":"https:\/\/www.zebemusic.com\/wp-content\/uploads\/2025\/10\/ZEBE-Logo_ZW-makesyousing.jpg","contentUrl":"https:\/\/www.zebemusic.com\/wp-content\/uploads\/2025\/10\/ZEBE-Logo_ZW-makesyousing.jpg","width":2212,"height":958,"caption":"ZebeMusic"},"image":{"@id":"https:\/\/www.zebemusic.com\/de\/#\/schema\/logo\/image\/"},"sameAs":["https:\/\/www.facebook.com\/zebemusic","https:\/\/www.instagram.com\/zebemusic","https:\/\/www.youtube.com\/zebemusicberlin"]}]}},"_links":{"self":[{"href":"https:\/\/www.zebemusic.com\/de\/wp-json\/wp\/v2\/product\/31130","targetHints":{"allow":["GET"]}}],"collection":[{"href":"https:\/\/www.zebemusic.com\/de\/wp-json\/wp\/v2\/product"}],"about":[{"href":"https:\/\/www.zebemusic.com\/de\/wp-json\/wp\/v2\/types\/product"}],"wp:featuredmedia":[{"embeddable":true,"href":"https:\/\/www.zebemusic.com\/de\/wp-json\/wp\/v2\/media\/30929"}],"wp:attachment":[{"href":"https:\/\/www.zebemusic.com\/de\/wp-json\/wp\/v2\/media?parent=31130"}],"wp:term":[{"taxonomy":"product_brand","embeddable":true,"href":"https:\/\/www.zebemusic.com\/de\/wp-json\/wp\/v2\/product_brand?post=31130"},{"taxonomy":"product_cat","embeddable":true,"href":"https:\/\/www.zebemusic.com\/de\/wp-json\/wp\/v2\/product_cat?post=31130"},{"taxonomy":"product_tag","embeddable":true,"href":"https:\/\/www.zebemusic.com\/de\/wp-json\/wp\/v2\/product_tag?post=31130"}],"curies":[{"name":"wp","href":"https:\/\/api.w.org\/{rel}","templated":true}]}}