{"id":31274,"date":"2026-03-17T16:07:26","date_gmt":"2026-03-17T15:07:26","guid":{"rendered":"https:\/\/www.zebemusic.com\/?post_type=product&#038;p=31274"},"modified":"2026-03-17T16:14:44","modified_gmt":"2026-03-17T15:14:44","slug":"gloria-%e2%ac%87%ef%b8%8f","status":"publish","type":"product","link":"https:\/\/www.zebemusic.com\/de\/product\/gloria-%e2%ac%87%ef%b8%8f\/","title":{"rendered":"Gloria \u2b07\ufe0f"},"content":{"rendered":"<p>Gospelgottesdienst<\/p>\n","protected":false},"excerpt":{"rendered":"<p>Strahlende Vertonung des Glorias in deutscher Sprache. Ein gut singbarer Chorsatz f\u00fcr Konzert, Gottesdienst, auch besonders geeignet f\u00fcr die Weihnachtszeit. Michael Martin schrieb diese Komposition f\u00fcr gemischten Chor (SATB) und Begleitung.<br \/>\nDiese Ausgabe enth\u00e4lt neben dem Gesangspart auch die Klavierstimme.<\/p>\n<p>Die Druckausgabe enth\u00e4lt neben dem Gesangspart auch die Klavierstimme.<br \/>\nIm Download sind sowohl die Chorstimme als auch die Partitur enthalten.<\/p>\n<p>&nbsp;<\/p>\n<p style=\"text-align: center;\"><iframe loading=\"lazy\" title=\"YouTube video player\" src=\"https:\/\/www.youtube.com\/embed\/UEqrWeFbdwE?si=i7U0x8Y5T8x3rsUD\" width=\"300\" height=\"200\" frameborder=\"0\" allowfullscreen=\"allowfullscreen\"><\/iframe><\/p>\n<p>&nbsp;<\/p>\n<hr \/>\n<p><strong>\u2022 SATB + Piano<\/strong> (ZE 3083.101-DL) aus <a href=\"https:\/\/www.zebemusic.com\/de\/product\/glory-to-god\/\">GLORY TO GOD! Gospel liturgisch.<\/a>, PDF-Download Chorstimme und Partitur, \u20ac 1,29<\/p>\n<p><strong>\u2022 SATB + Piano<\/strong> (ZE 9025) inkl. Begleitung, \u20ac 1,50<\/p>\n<p>&nbsp;<\/p>\n","protected":false},"featured_media":30929,"template":"","meta":{"_acf_changed":false},"product_brand":[],"product_cat":[311,13],"product_tag":[],"class_list":{"0":"post-31274","1":"product","2":"type-product","3":"status-publish","4":"has-post-thumbnail","6":"product_cat-einzelausgaben","7":"product_cat-gospel","8":"pa_diff-leicht","9":"pa_language-deutsch","10":"pa_occ-liturgie","11":"pa_occ-weihnachten","12":"pa_others-downloads-de","13":"pa_others-einzelausgaben","14":"pa_style-genre-gospel-de","15":"pa_style-genre-pop-crossover-de","16":"pa_variation-druckausgabe","17":"pa_variation-pdf-download-de","18":"pa_voicing-mit-begleitung","19":"pa_voicing-satb-de","21":"first","22":"instock","23":"taxable","24":"shipping-taxable","25":"purchasable","26":"product-type-variable","27":"has-default-attributes"},"acf":[],"yoast_head":"<!-- This site is optimized with the Yoast SEO plugin v27.5 - https:\/\/yoast.com\/product\/yoast-seo-wordpress\/ -->\n<title>Gloria \u2b07\ufe0f Chornoten zum Download!<\/title>\n<meta name=\"description\" content=\"Gospelnoten f\u00fcr gemischten Chor mit Begleitung, auch zum Download! Bew\u00e4hrtes Material f\u00fcr Gospelgottesdienst und Konzert.\" \/>\n<meta name=\"robots\" content=\"index, follow, max-snippet:-1, max-image-preview:large, max-video-preview:-1\" \/>\n<link rel=\"canonical\" href=\"https:\/\/www.zebemusic.com\/de\/product\/gloria-\u2b07\ufe0f\/\" \/>\n<meta property=\"og:locale\" content=\"de_DE\" \/>\n<meta property=\"og:type\" content=\"article\" \/>\n<meta property=\"og:title\" content=\"Gloria \u2b07\ufe0f Chornoten zum Download!\" \/>\n<meta property=\"og:description\" content=\"Gospelnoten f\u00fcr gemischten Chor mit Begleitung, auch zum Download! Bew\u00e4hrtes Material f\u00fcr Gospelgottesdienst und Konzert.\" \/>\n<meta property=\"og:url\" content=\"https:\/\/www.zebemusic.com\/de\/product\/gloria-\u2b07\ufe0f\/\" \/>\n<meta property=\"og:site_name\" content=\"ZebeMusic\" \/>\n<meta property=\"article:publisher\" content=\"https:\/\/www.facebook.com\/zebemusic\" \/>\n<meta property=\"article:modified_time\" content=\"2026-03-17T15:14:44+00:00\" \/>\n<meta property=\"og:image\" content=\"https:\/\/www.zebemusic.com\/wp-content\/uploads\/2025\/09\/ZE3083-DL.jpg\" \/>\n\t<meta property=\"og:image:width\" content=\"920\" \/>\n\t<meta property=\"og:image:height\" content=\"1200\" \/>\n\t<meta property=\"og:image:type\" content=\"image\/jpeg\" \/>\n<meta name=\"twitter:card\" content=\"summary_large_image\" \/>\n<meta name=\"twitter:label1\" content=\"Est. reading time\" \/>\n\t<meta name=\"twitter:data1\" content=\"1 minute\" \/>\n<script type=\"application\/ld+json\" class=\"yoast-schema-graph\">{\"@context\":\"https:\\\/\\\/schema.org\",\"@graph\":[{\"@type\":\"WebPage\",\"@id\":\"https:\\\/\\\/www.zebemusic.com\\\/de\\\/product\\\/gloria-%e2%ac%87%ef%b8%8f\\\/\",\"url\":\"https:\\\/\\\/www.zebemusic.com\\\/de\\\/product\\\/gloria-%e2%ac%87%ef%b8%8f\\\/\",\"name\":\"Gloria \u2b07\ufe0f Chornoten zum Download!\",\"isPartOf\":{\"@id\":\"https:\\\/\\\/www.zebemusic.com\\\/de\\\/#website\"},\"primaryImageOfPage\":{\"@id\":\"https:\\\/\\\/www.zebemusic.com\\\/de\\\/product\\\/gloria-%e2%ac%87%ef%b8%8f\\\/#primaryimage\"},\"image\":{\"@id\":\"https:\\\/\\\/www.zebemusic.com\\\/de\\\/product\\\/gloria-%e2%ac%87%ef%b8%8f\\\/#primaryimage\"},\"thumbnailUrl\":\"https:\\\/\\\/www.zebemusic.com\\\/wp-content\\\/uploads\\\/2025\\\/09\\\/ZE3083-DL.jpg\",\"datePublished\":\"2026-03-17T15:07:26+00:00\",\"dateModified\":\"2026-03-17T15:14:44+00:00\",\"description\":\"Gospelnoten f\u00fcr gemischten Chor mit Begleitung, auch zum Download! Bew\u00e4hrtes Material f\u00fcr Gospelgottesdienst und Konzert.\",\"breadcrumb\":{\"@id\":\"https:\\\/\\\/www.zebemusic.com\\\/de\\\/product\\\/gloria-%e2%ac%87%ef%b8%8f\\\/#breadcrumb\"},\"inLanguage\":\"de-DE\",\"potentialAction\":[{\"@type\":\"ReadAction\",\"target\":[\"https:\\\/\\\/www.zebemusic.com\\\/de\\\/product\\\/gloria-%e2%ac%87%ef%b8%8f\\\/\"]}]},{\"@type\":\"ImageObject\",\"inLanguage\":\"de-DE\",\"@id\":\"https:\\\/\\\/www.zebemusic.com\\\/de\\\/product\\\/gloria-%e2%ac%87%ef%b8%8f\\\/#primaryimage\",\"url\":\"https:\\\/\\\/www.zebemusic.com\\\/wp-content\\\/uploads\\\/2025\\\/09\\\/ZE3083-DL.jpg\",\"contentUrl\":\"https:\\\/\\\/www.zebemusic.com\\\/wp-content\\\/uploads\\\/2025\\\/09\\\/ZE3083-DL.jpg\",\"width\":920,\"height\":1200,\"caption\":\"Gospelgottesdienst\"},{\"@type\":\"BreadcrumbList\",\"@id\":\"https:\\\/\\\/www.zebemusic.com\\\/de\\\/product\\\/gloria-%e2%ac%87%ef%b8%8f\\\/#breadcrumb\",\"itemListElement\":[{\"@type\":\"ListItem\",\"position\":1,\"name\":\"Shop\",\"item\":\"https:\\\/\\\/www.zebemusic.com\\\/de\\\/shop-2\\\/\"},{\"@type\":\"ListItem\",\"position\":2,\"name\":\"Gloria \u2b07\ufe0f\"}]},{\"@type\":\"WebSite\",\"@id\":\"https:\\\/\\\/www.zebemusic.com\\\/de\\\/#website\",\"url\":\"https:\\\/\\\/www.zebemusic.com\\\/de\\\/\",\"name\":\"ZebeMusic\",\"description\":\"makes you sing.\",\"publisher\":{\"@id\":\"https:\\\/\\\/www.zebemusic.com\\\/de\\\/#organization\"},\"alternateName\":\"Gospelnoten & Kindermusicals\",\"potentialAction\":[{\"@type\":\"SearchAction\",\"target\":{\"@type\":\"EntryPoint\",\"urlTemplate\":\"https:\\\/\\\/www.zebemusic.com\\\/de\\\/?s={search_term_string}\"},\"query-input\":{\"@type\":\"PropertyValueSpecification\",\"valueRequired\":true,\"valueName\":\"search_term_string\"}}],\"inLanguage\":\"de-DE\"},{\"@type\":\"Organization\",\"@id\":\"https:\\\/\\\/www.zebemusic.com\\\/de\\\/#organization\",\"name\":\"ZebeMusic\",\"url\":\"https:\\\/\\\/www.zebemusic.com\\\/de\\\/\",\"logo\":{\"@type\":\"ImageObject\",\"inLanguage\":\"de-DE\",\"@id\":\"https:\\\/\\\/www.zebemusic.com\\\/de\\\/#\\\/schema\\\/logo\\\/image\\\/\",\"url\":\"https:\\\/\\\/www.zebemusic.com\\\/wp-content\\\/uploads\\\/2025\\\/10\\\/ZEBE-Logo_ZW-makesyousing.jpg\",\"contentUrl\":\"https:\\\/\\\/www.zebemusic.com\\\/wp-content\\\/uploads\\\/2025\\\/10\\\/ZEBE-Logo_ZW-makesyousing.jpg\",\"width\":2212,\"height\":958,\"caption\":\"ZebeMusic\"},\"image\":{\"@id\":\"https:\\\/\\\/www.zebemusic.com\\\/de\\\/#\\\/schema\\\/logo\\\/image\\\/\"},\"sameAs\":[\"https:\\\/\\\/www.facebook.com\\\/zebemusic\",\"https:\\\/\\\/www.instagram.com\\\/zebemusic\",\"https:\\\/\\\/www.youtube.com\\\/zebemusicberlin\"]}]}<\/script>\n<!-- \/ Yoast SEO plugin. -->","yoast_head_json":{"title":"Gloria \u2b07\ufe0f Chornoten zum Download!","description":"Gospelnoten f\u00fcr gemischten Chor mit Begleitung, auch zum Download! Bew\u00e4hrtes Material f\u00fcr Gospelgottesdienst und Konzert.","robots":{"index":"index","follow":"follow","max-snippet":"max-snippet:-1","max-image-preview":"max-image-preview:large","max-video-preview":"max-video-preview:-1"},"canonical":"https:\/\/www.zebemusic.com\/de\/product\/gloria-\u2b07\ufe0f\/","og_locale":"de_DE","og_type":"article","og_title":"Gloria \u2b07\ufe0f Chornoten zum Download!","og_description":"Gospelnoten f\u00fcr gemischten Chor mit Begleitung, auch zum Download! Bew\u00e4hrtes Material f\u00fcr Gospelgottesdienst und Konzert.","og_url":"https:\/\/www.zebemusic.com\/de\/product\/gloria-\u2b07\ufe0f\/","og_site_name":"ZebeMusic","article_publisher":"https:\/\/www.facebook.com\/zebemusic","article_modified_time":"2026-03-17T15:14:44+00:00","og_image":[{"width":920,"height":1200,"url":"https:\/\/www.zebemusic.com\/wp-content\/uploads\/2025\/09\/ZE3083-DL.jpg","type":"image\/jpeg"}],"twitter_card":"summary_large_image","twitter_misc":{"Est. reading time":"1 minute"},"schema":{"@context":"https:\/\/schema.org","@graph":[{"@type":"WebPage","@id":"https:\/\/www.zebemusic.com\/de\/product\/gloria-%e2%ac%87%ef%b8%8f\/","url":"https:\/\/www.zebemusic.com\/de\/product\/gloria-%e2%ac%87%ef%b8%8f\/","name":"Gloria \u2b07\ufe0f Chornoten zum Download!","isPartOf":{"@id":"https:\/\/www.zebemusic.com\/de\/#website"},"primaryImageOfPage":{"@id":"https:\/\/www.zebemusic.com\/de\/product\/gloria-%e2%ac%87%ef%b8%8f\/#primaryimage"},"image":{"@id":"https:\/\/www.zebemusic.com\/de\/product\/gloria-%e2%ac%87%ef%b8%8f\/#primaryimage"},"thumbnailUrl":"https:\/\/www.zebemusic.com\/wp-content\/uploads\/2025\/09\/ZE3083-DL.jpg","datePublished":"2026-03-17T15:07:26+00:00","dateModified":"2026-03-17T15:14:44+00:00","description":"Gospelnoten f\u00fcr gemischten Chor mit Begleitung, auch zum Download! Bew\u00e4hrtes Material f\u00fcr Gospelgottesdienst und Konzert.","breadcrumb":{"@id":"https:\/\/www.zebemusic.com\/de\/product\/gloria-%e2%ac%87%ef%b8%8f\/#breadcrumb"},"inLanguage":"de-DE","potentialAction":[{"@type":"ReadAction","target":["https:\/\/www.zebemusic.com\/de\/product\/gloria-%e2%ac%87%ef%b8%8f\/"]}]},{"@type":"ImageObject","inLanguage":"de-DE","@id":"https:\/\/www.zebemusic.com\/de\/product\/gloria-%e2%ac%87%ef%b8%8f\/#primaryimage","url":"https:\/\/www.zebemusic.com\/wp-content\/uploads\/2025\/09\/ZE3083-DL.jpg","contentUrl":"https:\/\/www.zebemusic.com\/wp-content\/uploads\/2025\/09\/ZE3083-DL.jpg","width":920,"height":1200,"caption":"Gospelgottesdienst"},{"@type":"BreadcrumbList","@id":"https:\/\/www.zebemusic.com\/de\/product\/gloria-%e2%ac%87%ef%b8%8f\/#breadcrumb","itemListElement":[{"@type":"ListItem","position":1,"name":"Shop","item":"https:\/\/www.zebemusic.com\/de\/shop-2\/"},{"@type":"ListItem","position":2,"name":"Gloria \u2b07\ufe0f"}]},{"@type":"WebSite","@id":"https:\/\/www.zebemusic.com\/de\/#website","url":"https:\/\/www.zebemusic.com\/de\/","name":"ZebeMusic","description":"makes you sing.","publisher":{"@id":"https:\/\/www.zebemusic.com\/de\/#organization"},"alternateName":"Gospelnoten & Kindermusicals","potentialAction":[{"@type":"SearchAction","target":{"@type":"EntryPoint","urlTemplate":"https:\/\/www.zebemusic.com\/de\/?s={search_term_string}"},"query-input":{"@type":"PropertyValueSpecification","valueRequired":true,"valueName":"search_term_string"}}],"inLanguage":"de-DE"},{"@type":"Organization","@id":"https:\/\/www.zebemusic.com\/de\/#organization","name":"ZebeMusic","url":"https:\/\/www.zebemusic.com\/de\/","logo":{"@type":"ImageObject","inLanguage":"de-DE","@id":"https:\/\/www.zebemusic.com\/de\/#\/schema\/logo\/image\/","url":"https:\/\/www.zebemusic.com\/wp-content\/uploads\/2025\/10\/ZEBE-Logo_ZW-makesyousing.jpg","contentUrl":"https:\/\/www.zebemusic.com\/wp-content\/uploads\/2025\/10\/ZEBE-Logo_ZW-makesyousing.jpg","width":2212,"height":958,"caption":"ZebeMusic"},"image":{"@id":"https:\/\/www.zebemusic.com\/de\/#\/schema\/logo\/image\/"},"sameAs":["https:\/\/www.facebook.com\/zebemusic","https:\/\/www.instagram.com\/zebemusic","https:\/\/www.youtube.com\/zebemusicberlin"]}]}},"_links":{"self":[{"href":"https:\/\/www.zebemusic.com\/de\/wp-json\/wp\/v2\/product\/31274","targetHints":{"allow":["GET"]}}],"collection":[{"href":"https:\/\/www.zebemusic.com\/de\/wp-json\/wp\/v2\/product"}],"about":[{"href":"https:\/\/www.zebemusic.com\/de\/wp-json\/wp\/v2\/types\/product"}],"wp:featuredmedia":[{"embeddable":true,"href":"https:\/\/www.zebemusic.com\/de\/wp-json\/wp\/v2\/media\/30929"}],"wp:attachment":[{"href":"https:\/\/www.zebemusic.com\/de\/wp-json\/wp\/v2\/media?parent=31274"}],"wp:term":[{"taxonomy":"product_brand","embeddable":true,"href":"https:\/\/www.zebemusic.com\/de\/wp-json\/wp\/v2\/product_brand?post=31274"},{"taxonomy":"product_cat","embeddable":true,"href":"https:\/\/www.zebemusic.com\/de\/wp-json\/wp\/v2\/product_cat?post=31274"},{"taxonomy":"product_tag","embeddable":true,"href":"https:\/\/www.zebemusic.com\/de\/wp-json\/wp\/v2\/product_tag?post=31274"}],"curies":[{"name":"wp","href":"https:\/\/api.w.org\/{rel}","templated":true}]}}