{"id":31362,"date":"2026-03-24T16:06:42","date_gmt":"2026-03-24T15:06:42","guid":{"rendered":"https:\/\/www.zebemusic.com\/?post_type=product&#038;p=31362"},"modified":"2026-03-24T17:17:14","modified_gmt":"2026-03-24T16:17:14","slug":"may-we-shout-for-joy","status":"publish","type":"product","link":"https:\/\/www.zebemusic.com\/de\/product\/may-we-shout-for-joy\/","title":{"rendered":"May We Shout For Joy  \u2b07\ufe0f"},"content":{"rendered":"<p>Gospelgottesdienst<\/p>\n","protected":false},"excerpt":{"rendered":"<p><em>\u201eDu hast mein Klagen in Tanzen verwandelt&#8230;&#8221;, <\/em>singt der Psalmist und in diesen Lobgesang stimmt dieser Gospelsong ein. Michael Martin schrieb ihn f\u00fcr gemischten Chor (SATB), Solostimmen und Klavier. Die Klavierbegleitung ist ausnotiert und mit Akkordsymbolen versehen.<\/p>\n<p>Diese Druckausgabe enth\u00e4lt neben dem Gesangspart auch die Klavierstimme.<br \/>\nIm Download sind sowohl die Chorstimme als auch die Partitur enthalten.<\/p>\n<div align=\"right\">\n<p style=\"text-align: center;\"><iframe loading=\"lazy\" title=\"YouTube video player\" src=\"https:\/\/www.youtube.com\/embed\/v3FRQRg0kB4?si=SHjreS-5U0fjAxsb\" width=\"300\" height=\"200\" frameborder=\"0\" allowfullscreen=\"allowfullscreen\"><span style=\"display: inline-block; width: 0px; overflow: hidden; line-height: 0;\" data-mce-type=\"bookmark\" class=\"mce_SELRES_start\">\ufeff<\/span><\/iframe><\/p>\n<\/div>\n<p>&nbsp;<\/p>\n<hr \/>\n<p><strong>\u2022 SATB, Solo + Piano<\/strong> (ZE 5061.01-DL), PDF-Download Chorstimme und Partitur, \u20ac 1,49<\/p>\n<p>&nbsp;<\/p>\n","protected":false},"featured_media":31365,"template":"","meta":{"_acf_changed":false},"product_brand":[],"product_cat":[311,13],"product_tag":[],"class_list":{"0":"post-31362","1":"product","2":"type-product","3":"status-publish","4":"has-post-thumbnail","6":"product_cat-einzelausgaben","7":"product_cat-gospel","8":"pa_diff-mittel","9":"pa_language-englisch","10":"pa_occ-dankbarkeit","11":"pa_occ-liturgie","12":"pa_occ-lobpreis","13":"pa_others-downloads-de","14":"pa_others-einzelausgaben","15":"pa_style-genre-gospel-de","16":"pa_style-genre-pop-crossover-de","17":"pa_variation-druckausgabe","18":"pa_variation-pdf-download-de","19":"pa_voicing-mit-begleitung","20":"pa_voicing-mit-solist","21":"pa_voicing-satb-de","23":"first","24":"instock","25":"taxable","26":"shipping-taxable","27":"purchasable","28":"product-type-variable","29":"has-default-attributes"},"acf":[],"yoast_head":"<!-- This site is optimized with the Yoast SEO plugin v27.6 - https:\/\/yoast.com\/product\/yoast-seo-wordpress\/ -->\n<title>May We Shout For Joy \u2b07\ufe0f Chornoten zum Download!<\/title>\n<meta name=\"description\" content=\"Gospelnoten f\u00fcr gemischten Chor mit Begleitung, auch zum Download! Bew\u00e4hrtes Material f\u00fcr Gospelgottesdienst und Konzert.\" \/>\n<meta name=\"robots\" content=\"index, follow, max-snippet:-1, max-image-preview:large, max-video-preview:-1\" \/>\n<link rel=\"canonical\" href=\"https:\/\/www.zebemusic.com\/de\/product\/may-we-shout-for-joy\/\" \/>\n<meta property=\"og:locale\" content=\"de_DE\" \/>\n<meta property=\"og:type\" content=\"article\" \/>\n<meta property=\"og:title\" content=\"May We Shout For Joy \u2b07\ufe0f Chornoten zum Download!\" \/>\n<meta property=\"og:description\" content=\"Gospelnoten f\u00fcr gemischten Chor mit Begleitung, auch zum Download! Bew\u00e4hrtes Material f\u00fcr Gospelgottesdienst und Konzert.\" \/>\n<meta property=\"og:url\" content=\"https:\/\/www.zebemusic.com\/de\/product\/may-we-shout-for-joy\/\" \/>\n<meta property=\"og:site_name\" content=\"ZebeMusic\" \/>\n<meta property=\"article:publisher\" content=\"https:\/\/www.facebook.com\/zebemusic\" \/>\n<meta property=\"article:modified_time\" content=\"2026-03-24T16:17:14+00:00\" \/>\n<meta property=\"og:image\" content=\"https:\/\/www.zebemusic.com\/wp-content\/uploads\/2026\/03\/PRODUKTBILD-ZE5061.01-scaled.jpg\" \/>\n\t<meta property=\"og:image:width\" content=\"1809\" \/>\n\t<meta property=\"og:image:height\" content=\"2560\" \/>\n\t<meta property=\"og:image:type\" content=\"image\/jpeg\" \/>\n<meta name=\"twitter:card\" content=\"summary_large_image\" \/>\n<meta name=\"twitter:label1\" content=\"Est. reading time\" \/>\n\t<meta name=\"twitter:data1\" content=\"1 minute\" \/>\n<script type=\"application\/ld+json\" class=\"yoast-schema-graph\">{\"@context\":\"https:\\\/\\\/schema.org\",\"@graph\":[{\"@type\":\"WebPage\",\"@id\":\"https:\\\/\\\/www.zebemusic.com\\\/de\\\/product\\\/may-we-shout-for-joy\\\/\",\"url\":\"https:\\\/\\\/www.zebemusic.com\\\/de\\\/product\\\/may-we-shout-for-joy\\\/\",\"name\":\"May We Shout For Joy \u2b07\ufe0f Chornoten zum Download!\",\"isPartOf\":{\"@id\":\"https:\\\/\\\/www.zebemusic.com\\\/de\\\/#website\"},\"primaryImageOfPage\":{\"@id\":\"https:\\\/\\\/www.zebemusic.com\\\/de\\\/product\\\/may-we-shout-for-joy\\\/#primaryimage\"},\"image\":{\"@id\":\"https:\\\/\\\/www.zebemusic.com\\\/de\\\/product\\\/may-we-shout-for-joy\\\/#primaryimage\"},\"thumbnailUrl\":\"https:\\\/\\\/www.zebemusic.com\\\/wp-content\\\/uploads\\\/2026\\\/03\\\/PRODUKTBILD-ZE5061.01-scaled.jpg\",\"datePublished\":\"2026-03-24T15:06:42+00:00\",\"dateModified\":\"2026-03-24T16:17:14+00:00\",\"description\":\"Gospelnoten f\u00fcr gemischten Chor mit Begleitung, auch zum Download! Bew\u00e4hrtes Material f\u00fcr Gospelgottesdienst und Konzert.\",\"breadcrumb\":{\"@id\":\"https:\\\/\\\/www.zebemusic.com\\\/de\\\/product\\\/may-we-shout-for-joy\\\/#breadcrumb\"},\"inLanguage\":\"de-DE\",\"potentialAction\":[{\"@type\":\"ReadAction\",\"target\":[\"https:\\\/\\\/www.zebemusic.com\\\/de\\\/product\\\/may-we-shout-for-joy\\\/\"]}]},{\"@type\":\"ImageObject\",\"inLanguage\":\"de-DE\",\"@id\":\"https:\\\/\\\/www.zebemusic.com\\\/de\\\/product\\\/may-we-shout-for-joy\\\/#primaryimage\",\"url\":\"https:\\\/\\\/www.zebemusic.com\\\/wp-content\\\/uploads\\\/2026\\\/03\\\/PRODUKTBILD-ZE5061.01-scaled.jpg\",\"contentUrl\":\"https:\\\/\\\/www.zebemusic.com\\\/wp-content\\\/uploads\\\/2026\\\/03\\\/PRODUKTBILD-ZE5061.01-scaled.jpg\",\"width\":1809,\"height\":2560},{\"@type\":\"BreadcrumbList\",\"@id\":\"https:\\\/\\\/www.zebemusic.com\\\/de\\\/product\\\/may-we-shout-for-joy\\\/#breadcrumb\",\"itemListElement\":[{\"@type\":\"ListItem\",\"position\":1,\"name\":\"Shop\",\"item\":\"https:\\\/\\\/www.zebemusic.com\\\/de\\\/shop-2\\\/\"},{\"@type\":\"ListItem\",\"position\":2,\"name\":\"May We Shout For Joy \u2b07\ufe0f\"}]},{\"@type\":\"WebSite\",\"@id\":\"https:\\\/\\\/www.zebemusic.com\\\/de\\\/#website\",\"url\":\"https:\\\/\\\/www.zebemusic.com\\\/de\\\/\",\"name\":\"ZebeMusic\",\"description\":\"makes you sing.\",\"publisher\":{\"@id\":\"https:\\\/\\\/www.zebemusic.com\\\/de\\\/#organization\"},\"alternateName\":\"Gospelnoten & Kindermusicals\",\"potentialAction\":[{\"@type\":\"SearchAction\",\"target\":{\"@type\":\"EntryPoint\",\"urlTemplate\":\"https:\\\/\\\/www.zebemusic.com\\\/de\\\/?s={search_term_string}\"},\"query-input\":{\"@type\":\"PropertyValueSpecification\",\"valueRequired\":true,\"valueName\":\"search_term_string\"}}],\"inLanguage\":\"de-DE\"},{\"@type\":\"Organization\",\"@id\":\"https:\\\/\\\/www.zebemusic.com\\\/de\\\/#organization\",\"name\":\"ZebeMusic\",\"url\":\"https:\\\/\\\/www.zebemusic.com\\\/de\\\/\",\"logo\":{\"@type\":\"ImageObject\",\"inLanguage\":\"de-DE\",\"@id\":\"https:\\\/\\\/www.zebemusic.com\\\/de\\\/#\\\/schema\\\/logo\\\/image\\\/\",\"url\":\"https:\\\/\\\/www.zebemusic.com\\\/wp-content\\\/uploads\\\/2025\\\/10\\\/ZEBE-Logo_ZW-makesyousing.jpg\",\"contentUrl\":\"https:\\\/\\\/www.zebemusic.com\\\/wp-content\\\/uploads\\\/2025\\\/10\\\/ZEBE-Logo_ZW-makesyousing.jpg\",\"width\":2212,\"height\":958,\"caption\":\"ZebeMusic\"},\"image\":{\"@id\":\"https:\\\/\\\/www.zebemusic.com\\\/de\\\/#\\\/schema\\\/logo\\\/image\\\/\"},\"sameAs\":[\"https:\\\/\\\/www.facebook.com\\\/zebemusic\",\"https:\\\/\\\/www.instagram.com\\\/zebemusic\",\"https:\\\/\\\/www.youtube.com\\\/zebemusicberlin\"]}]}<\/script>\n<!-- \/ Yoast SEO plugin. -->","yoast_head_json":{"title":"May We Shout For Joy \u2b07\ufe0f Chornoten zum Download!","description":"Gospelnoten f\u00fcr gemischten Chor mit Begleitung, auch zum Download! Bew\u00e4hrtes Material f\u00fcr Gospelgottesdienst und Konzert.","robots":{"index":"index","follow":"follow","max-snippet":"max-snippet:-1","max-image-preview":"max-image-preview:large","max-video-preview":"max-video-preview:-1"},"canonical":"https:\/\/www.zebemusic.com\/de\/product\/may-we-shout-for-joy\/","og_locale":"de_DE","og_type":"article","og_title":"May We Shout For Joy \u2b07\ufe0f Chornoten zum Download!","og_description":"Gospelnoten f\u00fcr gemischten Chor mit Begleitung, auch zum Download! Bew\u00e4hrtes Material f\u00fcr Gospelgottesdienst und Konzert.","og_url":"https:\/\/www.zebemusic.com\/de\/product\/may-we-shout-for-joy\/","og_site_name":"ZebeMusic","article_publisher":"https:\/\/www.facebook.com\/zebemusic","article_modified_time":"2026-03-24T16:17:14+00:00","og_image":[{"width":1809,"height":2560,"url":"https:\/\/www.zebemusic.com\/wp-content\/uploads\/2026\/03\/PRODUKTBILD-ZE5061.01-scaled.jpg","type":"image\/jpeg"}],"twitter_card":"summary_large_image","twitter_misc":{"Est. reading time":"1 minute"},"schema":{"@context":"https:\/\/schema.org","@graph":[{"@type":"WebPage","@id":"https:\/\/www.zebemusic.com\/de\/product\/may-we-shout-for-joy\/","url":"https:\/\/www.zebemusic.com\/de\/product\/may-we-shout-for-joy\/","name":"May We Shout For Joy \u2b07\ufe0f Chornoten zum Download!","isPartOf":{"@id":"https:\/\/www.zebemusic.com\/de\/#website"},"primaryImageOfPage":{"@id":"https:\/\/www.zebemusic.com\/de\/product\/may-we-shout-for-joy\/#primaryimage"},"image":{"@id":"https:\/\/www.zebemusic.com\/de\/product\/may-we-shout-for-joy\/#primaryimage"},"thumbnailUrl":"https:\/\/www.zebemusic.com\/wp-content\/uploads\/2026\/03\/PRODUKTBILD-ZE5061.01-scaled.jpg","datePublished":"2026-03-24T15:06:42+00:00","dateModified":"2026-03-24T16:17:14+00:00","description":"Gospelnoten f\u00fcr gemischten Chor mit Begleitung, auch zum Download! Bew\u00e4hrtes Material f\u00fcr Gospelgottesdienst und Konzert.","breadcrumb":{"@id":"https:\/\/www.zebemusic.com\/de\/product\/may-we-shout-for-joy\/#breadcrumb"},"inLanguage":"de-DE","potentialAction":[{"@type":"ReadAction","target":["https:\/\/www.zebemusic.com\/de\/product\/may-we-shout-for-joy\/"]}]},{"@type":"ImageObject","inLanguage":"de-DE","@id":"https:\/\/www.zebemusic.com\/de\/product\/may-we-shout-for-joy\/#primaryimage","url":"https:\/\/www.zebemusic.com\/wp-content\/uploads\/2026\/03\/PRODUKTBILD-ZE5061.01-scaled.jpg","contentUrl":"https:\/\/www.zebemusic.com\/wp-content\/uploads\/2026\/03\/PRODUKTBILD-ZE5061.01-scaled.jpg","width":1809,"height":2560},{"@type":"BreadcrumbList","@id":"https:\/\/www.zebemusic.com\/de\/product\/may-we-shout-for-joy\/#breadcrumb","itemListElement":[{"@type":"ListItem","position":1,"name":"Shop","item":"https:\/\/www.zebemusic.com\/de\/shop-2\/"},{"@type":"ListItem","position":2,"name":"May We Shout For Joy \u2b07\ufe0f"}]},{"@type":"WebSite","@id":"https:\/\/www.zebemusic.com\/de\/#website","url":"https:\/\/www.zebemusic.com\/de\/","name":"ZebeMusic","description":"makes you sing.","publisher":{"@id":"https:\/\/www.zebemusic.com\/de\/#organization"},"alternateName":"Gospelnoten & Kindermusicals","potentialAction":[{"@type":"SearchAction","target":{"@type":"EntryPoint","urlTemplate":"https:\/\/www.zebemusic.com\/de\/?s={search_term_string}"},"query-input":{"@type":"PropertyValueSpecification","valueRequired":true,"valueName":"search_term_string"}}],"inLanguage":"de-DE"},{"@type":"Organization","@id":"https:\/\/www.zebemusic.com\/de\/#organization","name":"ZebeMusic","url":"https:\/\/www.zebemusic.com\/de\/","logo":{"@type":"ImageObject","inLanguage":"de-DE","@id":"https:\/\/www.zebemusic.com\/de\/#\/schema\/logo\/image\/","url":"https:\/\/www.zebemusic.com\/wp-content\/uploads\/2025\/10\/ZEBE-Logo_ZW-makesyousing.jpg","contentUrl":"https:\/\/www.zebemusic.com\/wp-content\/uploads\/2025\/10\/ZEBE-Logo_ZW-makesyousing.jpg","width":2212,"height":958,"caption":"ZebeMusic"},"image":{"@id":"https:\/\/www.zebemusic.com\/de\/#\/schema\/logo\/image\/"},"sameAs":["https:\/\/www.facebook.com\/zebemusic","https:\/\/www.instagram.com\/zebemusic","https:\/\/www.youtube.com\/zebemusicberlin"]}]}},"_links":{"self":[{"href":"https:\/\/www.zebemusic.com\/de\/wp-json\/wp\/v2\/product\/31362","targetHints":{"allow":["GET"]}}],"collection":[{"href":"https:\/\/www.zebemusic.com\/de\/wp-json\/wp\/v2\/product"}],"about":[{"href":"https:\/\/www.zebemusic.com\/de\/wp-json\/wp\/v2\/types\/product"}],"wp:featuredmedia":[{"embeddable":true,"href":"https:\/\/www.zebemusic.com\/de\/wp-json\/wp\/v2\/media\/31365"}],"wp:attachment":[{"href":"https:\/\/www.zebemusic.com\/de\/wp-json\/wp\/v2\/media?parent=31362"}],"wp:term":[{"taxonomy":"product_brand","embeddable":true,"href":"https:\/\/www.zebemusic.com\/de\/wp-json\/wp\/v2\/product_brand?post=31362"},{"taxonomy":"product_cat","embeddable":true,"href":"https:\/\/www.zebemusic.com\/de\/wp-json\/wp\/v2\/product_cat?post=31362"},{"taxonomy":"product_tag","embeddable":true,"href":"https:\/\/www.zebemusic.com\/de\/wp-json\/wp\/v2\/product_tag?post=31362"}],"curies":[{"name":"wp","href":"https:\/\/api.w.org\/{rel}","templated":true}]}}