{"id":31668,"date":"2026-04-13T20:31:06","date_gmt":"2026-04-13T19:31:06","guid":{"rendered":"https:\/\/www.zebemusic.com\/?post_type=product&#038;p=31668"},"modified":"2026-04-16T10:56:30","modified_gmt":"2026-04-16T09:56:30","slug":"gospel-keys-bits-n-pieces-for-piano-copy","status":"publish","type":"product","link":"https:\/\/www.zebemusic.com\/de\/product\/gospel-keys-bits-n-pieces-for-piano-copy\/","title":{"rendered":"Amazing Grace (Piano) \u2b07\ufe0f"},"content":{"rendered":"<p>gospelpiano<\/p>\n","protected":false},"excerpt":{"rendered":"<p>Dieser ber\u00fchmteste Gospelsong erscheint in dieser Klavierversion in moderner Harmonik und gospeltypischer Phrasierung.<br \/>\nDer erste Teil erklingt in einem strahlendem A-Dur und sollte eher ruhig und etwas frei gespielt werden. Temperamentvoll, kraftvoll und vollgriffig geht es in den zweiten Teil in bodenst\u00e4ndigem Bb-Dur. Der Abschluss in den letzten Takten schlie\u00dft den Bogen zur\u00fcck zum ersten Teil. Sie werden dieses Arrangement lieben, ebenso wie Ihre Zuh\u00f6rer.<\/p>\n<p>&nbsp;<\/p>\n<p><strong>&#8220;Ein lohnendes Arrangement!&#8221;<\/strong> (crossOver)<\/p>\n<p>&nbsp;<\/p>\n<p>H\u00f6rprobe:<\/p>\n[audio mp3=\"https:\/\/www.zebemusic.com\/wp-content\/uploads\/2026\/04\/ZE_1520.08.mp3\"][\/audio]\n<p>&nbsp;<\/p>\n<p>Autor: <a href=\"https:\/\/www.zebemusic.com\/de\/stephanzebe\/\">Stephan Zebe<\/a><br \/>\nInstrumentierung: Klavier solo<br \/>\nSchwierigkeitsgrad: mittel-schwer<\/p>\n<p>Best.-Nr.: ZE 1520.08<br \/>\nPreis: PDF-Datei herunterladen \u20ac 2,99<br \/>\nVon <a href=\"https:\/\/www.zebemusic.com\/de\/product\/gospelpiano\/\"><em>Gospel Keys &#8211; <\/em><i>Bits &#8216;n Pieces f\u00fcr Klavier<\/i><\/a><\/p>\n<p>&nbsp;<\/p>\n<p>&nbsp;<\/p>\n","protected":false},"featured_media":31625,"template":"","meta":{"_acf_changed":false},"product_brand":[],"product_cat":[311,13,301],"product_tag":[],"class_list":{"0":"post-31668","1":"product","2":"type-product","3":"status-publish","4":"has-post-thumbnail","6":"product_cat-einzelausgaben","7":"product_cat-gospel","8":"product_cat-music-download","9":"pa_ausfuehrung-druckausgabe-de","10":"pa_ausfuehrung-noten-download","11":"pa_diff-mittel","12":"pa_diff-schwer","13":"pa_occ-abendmahl-kommunion","14":"pa_occ-liturgie","15":"pa_occ-weihnachten","16":"pa_others-downloads-de","17":"pa_others-sammlungen","18":"pa_style-genre-ballade","19":"pa_style-genre-choral-adaptionen","20":"pa_style-genre-gospel-de","21":"pa_style-genre-kantoreipraxis-de","22":"pa_style-genre-traditional-gospel-style-de","23":"pa_style-genre-contemporary-de","24":"pa_voicing-instrumental-de","26":"first","27":"instock","28":"taxable","29":"shipping-taxable","30":"purchasable","31":"product-type-variable","32":"has-default-attributes"},"acf":[],"yoast_head":"<!-- This site is optimized with the Yoast SEO plugin v27.4 - https:\/\/yoast.com\/product\/yoast-seo-wordpress\/ -->\n<title>Amazing Grace (Piano) \u2b07\ufe0f - Gospelpiano!<\/title>\n<meta name=\"description\" content=\"Gospelpiano f\u00fcr Anf\u00e4nger und Fortgeschrittene. Typische Voicings und Licks zum Imitieren in 10 St\u00fccken f\u00fcr Unterricht und Auff\u00fchrung.\" \/>\n<meta name=\"robots\" content=\"index, follow, max-snippet:-1, max-image-preview:large, max-video-preview:-1\" \/>\n<link rel=\"canonical\" href=\"https:\/\/www.zebemusic.com\/de\/product\/gospel-keys-bits-n-pieces-for-piano-copy\/\" \/>\n<meta property=\"og:locale\" content=\"de_DE\" \/>\n<meta property=\"og:type\" content=\"article\" \/>\n<meta property=\"og:title\" content=\"Amazing Grace (Piano) \u2b07\ufe0f - Gospelpiano!\" \/>\n<meta property=\"og:description\" content=\"Gospelpiano f\u00fcr Anf\u00e4nger und Fortgeschrittene. Typische Voicings und Licks zum Imitieren in 10 St\u00fccken f\u00fcr Unterricht und Auff\u00fchrung.\" \/>\n<meta property=\"og:url\" content=\"https:\/\/www.zebemusic.com\/de\/product\/gospel-keys-bits-n-pieces-for-piano-copy\/\" \/>\n<meta property=\"og:site_name\" content=\"ZebeMusic\" \/>\n<meta property=\"article:publisher\" content=\"https:\/\/www.facebook.com\/zebemusic\" \/>\n<meta property=\"article:modified_time\" content=\"2026-04-16T09:56:30+00:00\" \/>\n<meta property=\"og:image\" content=\"https:\/\/www.zebemusic.com\/wp-content\/uploads\/2014\/11\/PRODUKTBILD-ZEBE1520.jpg\" \/>\n\t<meta property=\"og:image:width\" content=\"1526\" \/>\n\t<meta property=\"og:image:height\" content=\"1992\" \/>\n\t<meta property=\"og:image:type\" content=\"image\/jpeg\" \/>\n<meta name=\"twitter:card\" content=\"summary_large_image\" \/>\n<meta name=\"twitter:label1\" content=\"Est. reading time\" \/>\n\t<meta name=\"twitter:data1\" content=\"1 minute\" \/>\n<script type=\"application\/ld+json\" class=\"yoast-schema-graph\">{\"@context\":\"https:\\\/\\\/schema.org\",\"@graph\":[{\"@type\":\"WebPage\",\"@id\":\"https:\\\/\\\/www.zebemusic.com\\\/de\\\/product\\\/gospel-keys-bits-n-pieces-for-piano-copy\\\/\",\"url\":\"https:\\\/\\\/www.zebemusic.com\\\/de\\\/product\\\/gospel-keys-bits-n-pieces-for-piano-copy\\\/\",\"name\":\"Amazing Grace (Piano) \u2b07\ufe0f - Gospelpiano!\",\"isPartOf\":{\"@id\":\"https:\\\/\\\/www.zebemusic.com\\\/de\\\/#website\"},\"primaryImageOfPage\":{\"@id\":\"https:\\\/\\\/www.zebemusic.com\\\/de\\\/product\\\/gospel-keys-bits-n-pieces-for-piano-copy\\\/#primaryimage\"},\"image\":{\"@id\":\"https:\\\/\\\/www.zebemusic.com\\\/de\\\/product\\\/gospel-keys-bits-n-pieces-for-piano-copy\\\/#primaryimage\"},\"thumbnailUrl\":\"https:\\\/\\\/www.zebemusic.com\\\/wp-content\\\/uploads\\\/2014\\\/11\\\/PRODUKTBILD-ZEBE1520.jpg\",\"datePublished\":\"2026-04-13T19:31:06+00:00\",\"dateModified\":\"2026-04-16T09:56:30+00:00\",\"description\":\"Gospelpiano f\u00fcr Anf\u00e4nger und Fortgeschrittene. Typische Voicings und Licks zum Imitieren in 10 St\u00fccken f\u00fcr Unterricht und Auff\u00fchrung.\",\"breadcrumb\":{\"@id\":\"https:\\\/\\\/www.zebemusic.com\\\/de\\\/product\\\/gospel-keys-bits-n-pieces-for-piano-copy\\\/#breadcrumb\"},\"inLanguage\":\"de-DE\",\"potentialAction\":[{\"@type\":\"ReadAction\",\"target\":[\"https:\\\/\\\/www.zebemusic.com\\\/de\\\/product\\\/gospel-keys-bits-n-pieces-for-piano-copy\\\/\"]}]},{\"@type\":\"ImageObject\",\"inLanguage\":\"de-DE\",\"@id\":\"https:\\\/\\\/www.zebemusic.com\\\/de\\\/product\\\/gospel-keys-bits-n-pieces-for-piano-copy\\\/#primaryimage\",\"url\":\"https:\\\/\\\/www.zebemusic.com\\\/wp-content\\\/uploads\\\/2014\\\/11\\\/PRODUKTBILD-ZEBE1520.jpg\",\"contentUrl\":\"https:\\\/\\\/www.zebemusic.com\\\/wp-content\\\/uploads\\\/2014\\\/11\\\/PRODUKTBILD-ZEBE1520.jpg\",\"width\":1526,\"height\":1992},{\"@type\":\"BreadcrumbList\",\"@id\":\"https:\\\/\\\/www.zebemusic.com\\\/de\\\/product\\\/gospel-keys-bits-n-pieces-for-piano-copy\\\/#breadcrumb\",\"itemListElement\":[{\"@type\":\"ListItem\",\"position\":1,\"name\":\"Shop\",\"item\":\"https:\\\/\\\/www.zebemusic.com\\\/de\\\/shop-2\\\/\"},{\"@type\":\"ListItem\",\"position\":2,\"name\":\"Amazing Grace (Piano) \u2b07\ufe0f\"}]},{\"@type\":\"WebSite\",\"@id\":\"https:\\\/\\\/www.zebemusic.com\\\/de\\\/#website\",\"url\":\"https:\\\/\\\/www.zebemusic.com\\\/de\\\/\",\"name\":\"ZebeMusic\",\"description\":\"makes you sing.\",\"publisher\":{\"@id\":\"https:\\\/\\\/www.zebemusic.com\\\/de\\\/#organization\"},\"alternateName\":\"Gospelnoten & Kindermusicals\",\"potentialAction\":[{\"@type\":\"SearchAction\",\"target\":{\"@type\":\"EntryPoint\",\"urlTemplate\":\"https:\\\/\\\/www.zebemusic.com\\\/de\\\/?s={search_term_string}\"},\"query-input\":{\"@type\":\"PropertyValueSpecification\",\"valueRequired\":true,\"valueName\":\"search_term_string\"}}],\"inLanguage\":\"de-DE\"},{\"@type\":\"Organization\",\"@id\":\"https:\\\/\\\/www.zebemusic.com\\\/de\\\/#organization\",\"name\":\"ZebeMusic\",\"url\":\"https:\\\/\\\/www.zebemusic.com\\\/de\\\/\",\"logo\":{\"@type\":\"ImageObject\",\"inLanguage\":\"de-DE\",\"@id\":\"https:\\\/\\\/www.zebemusic.com\\\/de\\\/#\\\/schema\\\/logo\\\/image\\\/\",\"url\":\"https:\\\/\\\/www.zebemusic.com\\\/wp-content\\\/uploads\\\/2025\\\/10\\\/ZEBE-Logo_ZW-makesyousing.jpg\",\"contentUrl\":\"https:\\\/\\\/www.zebemusic.com\\\/wp-content\\\/uploads\\\/2025\\\/10\\\/ZEBE-Logo_ZW-makesyousing.jpg\",\"width\":2212,\"height\":958,\"caption\":\"ZebeMusic\"},\"image\":{\"@id\":\"https:\\\/\\\/www.zebemusic.com\\\/de\\\/#\\\/schema\\\/logo\\\/image\\\/\"},\"sameAs\":[\"https:\\\/\\\/www.facebook.com\\\/zebemusic\",\"https:\\\/\\\/www.instagram.com\\\/zebemusic\",\"https:\\\/\\\/www.youtube.com\\\/zebemusicberlin\"]}]}<\/script>\n<!-- \/ Yoast SEO plugin. -->","yoast_head_json":{"title":"Amazing Grace (Piano) \u2b07\ufe0f - Gospelpiano!","description":"Gospelpiano f\u00fcr Anf\u00e4nger und Fortgeschrittene. Typische Voicings und Licks zum Imitieren in 10 St\u00fccken f\u00fcr Unterricht und Auff\u00fchrung.","robots":{"index":"index","follow":"follow","max-snippet":"max-snippet:-1","max-image-preview":"max-image-preview:large","max-video-preview":"max-video-preview:-1"},"canonical":"https:\/\/www.zebemusic.com\/de\/product\/gospel-keys-bits-n-pieces-for-piano-copy\/","og_locale":"de_DE","og_type":"article","og_title":"Amazing Grace (Piano) \u2b07\ufe0f - Gospelpiano!","og_description":"Gospelpiano f\u00fcr Anf\u00e4nger und Fortgeschrittene. Typische Voicings und Licks zum Imitieren in 10 St\u00fccken f\u00fcr Unterricht und Auff\u00fchrung.","og_url":"https:\/\/www.zebemusic.com\/de\/product\/gospel-keys-bits-n-pieces-for-piano-copy\/","og_site_name":"ZebeMusic","article_publisher":"https:\/\/www.facebook.com\/zebemusic","article_modified_time":"2026-04-16T09:56:30+00:00","og_image":[{"width":1526,"height":1992,"url":"https:\/\/www.zebemusic.com\/wp-content\/uploads\/2014\/11\/PRODUKTBILD-ZEBE1520.jpg","type":"image\/jpeg"}],"twitter_card":"summary_large_image","twitter_misc":{"Est. reading time":"1 minute"},"schema":{"@context":"https:\/\/schema.org","@graph":[{"@type":"WebPage","@id":"https:\/\/www.zebemusic.com\/de\/product\/gospel-keys-bits-n-pieces-for-piano-copy\/","url":"https:\/\/www.zebemusic.com\/de\/product\/gospel-keys-bits-n-pieces-for-piano-copy\/","name":"Amazing Grace (Piano) \u2b07\ufe0f - Gospelpiano!","isPartOf":{"@id":"https:\/\/www.zebemusic.com\/de\/#website"},"primaryImageOfPage":{"@id":"https:\/\/www.zebemusic.com\/de\/product\/gospel-keys-bits-n-pieces-for-piano-copy\/#primaryimage"},"image":{"@id":"https:\/\/www.zebemusic.com\/de\/product\/gospel-keys-bits-n-pieces-for-piano-copy\/#primaryimage"},"thumbnailUrl":"https:\/\/www.zebemusic.com\/wp-content\/uploads\/2014\/11\/PRODUKTBILD-ZEBE1520.jpg","datePublished":"2026-04-13T19:31:06+00:00","dateModified":"2026-04-16T09:56:30+00:00","description":"Gospelpiano f\u00fcr Anf\u00e4nger und Fortgeschrittene. Typische Voicings und Licks zum Imitieren in 10 St\u00fccken f\u00fcr Unterricht und Auff\u00fchrung.","breadcrumb":{"@id":"https:\/\/www.zebemusic.com\/de\/product\/gospel-keys-bits-n-pieces-for-piano-copy\/#breadcrumb"},"inLanguage":"de-DE","potentialAction":[{"@type":"ReadAction","target":["https:\/\/www.zebemusic.com\/de\/product\/gospel-keys-bits-n-pieces-for-piano-copy\/"]}]},{"@type":"ImageObject","inLanguage":"de-DE","@id":"https:\/\/www.zebemusic.com\/de\/product\/gospel-keys-bits-n-pieces-for-piano-copy\/#primaryimage","url":"https:\/\/www.zebemusic.com\/wp-content\/uploads\/2014\/11\/PRODUKTBILD-ZEBE1520.jpg","contentUrl":"https:\/\/www.zebemusic.com\/wp-content\/uploads\/2014\/11\/PRODUKTBILD-ZEBE1520.jpg","width":1526,"height":1992},{"@type":"BreadcrumbList","@id":"https:\/\/www.zebemusic.com\/de\/product\/gospel-keys-bits-n-pieces-for-piano-copy\/#breadcrumb","itemListElement":[{"@type":"ListItem","position":1,"name":"Shop","item":"https:\/\/www.zebemusic.com\/de\/shop-2\/"},{"@type":"ListItem","position":2,"name":"Amazing Grace (Piano) \u2b07\ufe0f"}]},{"@type":"WebSite","@id":"https:\/\/www.zebemusic.com\/de\/#website","url":"https:\/\/www.zebemusic.com\/de\/","name":"ZebeMusic","description":"makes you sing.","publisher":{"@id":"https:\/\/www.zebemusic.com\/de\/#organization"},"alternateName":"Gospelnoten & Kindermusicals","potentialAction":[{"@type":"SearchAction","target":{"@type":"EntryPoint","urlTemplate":"https:\/\/www.zebemusic.com\/de\/?s={search_term_string}"},"query-input":{"@type":"PropertyValueSpecification","valueRequired":true,"valueName":"search_term_string"}}],"inLanguage":"de-DE"},{"@type":"Organization","@id":"https:\/\/www.zebemusic.com\/de\/#organization","name":"ZebeMusic","url":"https:\/\/www.zebemusic.com\/de\/","logo":{"@type":"ImageObject","inLanguage":"de-DE","@id":"https:\/\/www.zebemusic.com\/de\/#\/schema\/logo\/image\/","url":"https:\/\/www.zebemusic.com\/wp-content\/uploads\/2025\/10\/ZEBE-Logo_ZW-makesyousing.jpg","contentUrl":"https:\/\/www.zebemusic.com\/wp-content\/uploads\/2025\/10\/ZEBE-Logo_ZW-makesyousing.jpg","width":2212,"height":958,"caption":"ZebeMusic"},"image":{"@id":"https:\/\/www.zebemusic.com\/de\/#\/schema\/logo\/image\/"},"sameAs":["https:\/\/www.facebook.com\/zebemusic","https:\/\/www.instagram.com\/zebemusic","https:\/\/www.youtube.com\/zebemusicberlin"]}]}},"_links":{"self":[{"href":"https:\/\/www.zebemusic.com\/de\/wp-json\/wp\/v2\/product\/31668","targetHints":{"allow":["GET"]}}],"collection":[{"href":"https:\/\/www.zebemusic.com\/de\/wp-json\/wp\/v2\/product"}],"about":[{"href":"https:\/\/www.zebemusic.com\/de\/wp-json\/wp\/v2\/types\/product"}],"wp:featuredmedia":[{"embeddable":true,"href":"https:\/\/www.zebemusic.com\/de\/wp-json\/wp\/v2\/media\/31625"}],"wp:attachment":[{"href":"https:\/\/www.zebemusic.com\/de\/wp-json\/wp\/v2\/media?parent=31668"}],"wp:term":[{"taxonomy":"product_brand","embeddable":true,"href":"https:\/\/www.zebemusic.com\/de\/wp-json\/wp\/v2\/product_brand?post=31668"},{"taxonomy":"product_cat","embeddable":true,"href":"https:\/\/www.zebemusic.com\/de\/wp-json\/wp\/v2\/product_cat?post=31668"},{"taxonomy":"product_tag","embeddable":true,"href":"https:\/\/www.zebemusic.com\/de\/wp-json\/wp\/v2\/product_tag?post=31668"}],"curies":[{"name":"wp","href":"https:\/\/api.w.org\/{rel}","templated":true}]}}