{"id":4442,"date":"2014-11-19T15:56:19","date_gmt":"2014-11-19T13:56:19","guid":{"rendered":"http:\/\/zebemusic.smukkeberg.com\/shop\/gospel\/ultimate-gospel-choir-book-5\/"},"modified":"2025-10-28T14:21:51","modified_gmt":"2025-10-28T13:21:51","slug":"the-ultimate-gospel-choir-book-5","status":"publish","type":"product","link":"https:\/\/www.zebemusic.com\/de\/product\/the-ultimate-gospel-choir-book-5\/","title":{"rendered":"The Ultimate Gospel Choir Book 5"},"content":{"rendered":"<p>Gospelnoten<\/p>\n","protected":false},"excerpt":{"rendered":"<p>Neue, spannende Songs in modernen, funky Arrangements!<\/p>\n<p>Diese 17 S\u00e4tze machen Spa\u00df und sind anspruchsvoll. Sie sind f\u00fcr dreistimmig Chor geschrieben, haben Schwung und Charakter. Bestens geeignet ist diese Sammlung f\u00fcr 2 Frauen- und eine M\u00e4nnerstimme oder auch f\u00fcr 3 Frauenstimmen.<\/p>\n<p>Dazu kommt ein grooviges Begleitpiano mit notierten Akkordsymbolen, welches auch anspruchsvolle Parts beinhaltet. Doch das \u00dcben lohnt sich und bringt noch so einige Impulse f\u00fcr das Gospel-Klavierspiel mit! Wir empfehlen hier auch ausdr\u00fccklich die Verwendung im Frauenchor &#8211; die Chors\u00e4tze funktionieren auch hier hervorragend wie die Klangbeispiele h\u00f6ren lassen!\u00a0In einigen Songs kommen Solisten zum Einsatz.<\/p>\n<p>Wer Volume 4 gesch\u00e4tzt hat, wird gerne mit dieser stilistisch \u00e4hnlichen Ausgabe arbeiten!<br \/>\nZu der Partitur ist wieder eine\u00a0Chorausgabe\u00a0ohne Klaviernotation erh\u00e4ltlich; g\u00fcnstig und in Chorst\u00e4rke.<\/p>\n<p><strong>INHALT:<\/strong> Blessing (Go With Peace), Come, O Come, Our Voices Raise, Free At Last, Gospel Medley (mit f\u00fcnf Traditionals: Gospeltrain, Swing Low, He\u2019s Got the Whole World, Rock My Soul und Joshua Fit the Battle), Higher Ground (Pressing On), It Is Well, It\u2019s Alright, I\u2019ve Got a Feeling, Jesus Loves Me, Milky White Way, Morning Praise, Jesus, Savior, Pilot Me, Proem (Grace and Peace), Ride On King Jesus, Sometimes I Feel, Study War No More, Sweet By And By<\/p>\n<p style=\"text-align: right;\"><span style=\"color: #993300;\"><strong>TIPP:<\/strong><\/span> Einzelausgabe gesucht, auch zum sofortigen Download? <a href=\"https:\/\/www.zebemusic.com\/de\/shop-2\/swoof\/others-downloads-de\/\"><strong>Hier geht&#8217;s zur \u00dcbersicht<\/strong><\/a><strong>.<\/strong><\/p>\n<p>&nbsp;<\/p>\n<p id=\"pressename\" style=\"padding-left: 30px;\"><span style=\"color: #717171;\"><span style=\"color: #717171;\"><span style=\"color: #993300;\"><strong><em>\u201cModern, interessant, rockig&#8230; Dieser wohl anspruchsvollste Band ist sehr ergiebig und weitaus mehr als eine Fortsetzung.\u201d <\/em><\/strong><\/span>(Neue Chorzeit)<\/span><\/span><\/p>\n<p>&nbsp;<\/p>\n<hr \/>\n<p id=\"postdetails\"><strong><span style=\"color: #717171;\">Komponist:<\/span><\/strong> <span id=\"authors\"><a href=\"\/jeffguillen\">Jeff Guillen<\/a><\/span><br \/>\n<strong><span style=\"color: #717171;\">Besetzung:<\/span><\/strong> S.A.B.\/S.A.T.B.+Pno<br \/>\n<strong><span style=\"color: #717171;\">Schwierigkeitsgrad:<\/span><\/strong> mittel<\/p>\n<p><strong><a href=\"\/wp-content\/PP\/PP3056.pdf\" target=\"_blank\" rel=\"noopener noreferrer\">Probepartitur &gt;&gt;&gt;<\/a><br \/>\n<\/strong><strong><a href=\"http:\/\/www.zebemusic.com\/audio\/ZEBE3056.mp3\" target=\"_blank\" rel=\"noopener noreferrer\">H\u00f6rprobe<\/a> &gt;&gt;&gt;<\/strong><\/p>\n<p>&nbsp;<\/p>\n<p>&nbsp;<\/p>\n<hr \/>\n<p><strong>Erh\u00e4ltliche Ausf\u00fchrungen:<\/strong><\/p>\n<p><strong>\u2022 Partitur<\/strong> (ZE 3056, ISBN 978-3-940745-31-6, 92 Seiten) \u20ac 19,90<strong><br \/>\n<\/strong>In dieser Ausgabe sind die Noten f\u00fcr Chor, Solisten und Klavier enthalten. F\u00fcr weitere Begleit- oder Solo-Instrumente sind Akkordsymbole notiert.<\/p>\n<p><em>Zur Zeit vergriffen. <a href=\"https:\/\/www.zebemusic.com\/de\/shop-2\/swoof\/others-downloads-de\/\">Alle Songs aus der Sammlung sind einzeln zu bestellen<\/a>.<\/em><br \/>\n<em>Die Partitur gibt es mit dem Download automatisch dazu!<\/em><\/p>\n<p>&nbsp;<\/p>\n<p><strong>\u2022 Chorausgabe<\/strong> (ZE 3082, ISBN 978-3-940745-90-3, 48 Seiten, nur in Chorst\u00e4rke!) \u20ac 6.90<strong><br \/>\n<\/strong>Die g\u00fcnstige Chorausgabe mit dem gesamten Gesangspart ohne die Klavierbegleitung.<\/p>\n<p><em>Auf Lager!<\/em><\/p>\n<p>&nbsp;<\/p>\n<p>Bitte w\u00e4hlen Sie hier aus:<\/p>\n","protected":false},"featured_media":278,"template":"","meta":{"_acf_changed":false},"product_brand":[],"product_cat":[13],"product_tag":[156,152,154],"class_list":{"0":"post-4442","1":"product","2":"type-product","3":"status-publish","4":"has-post-thumbnail","6":"product_cat-gospel","7":"product_tag-frauen","8":"product_tag-gcb","9":"product_tag-guillen","10":"pa_diff-medium","11":"pa_language-english","12":"pa_occ-baptism","13":"pa_occ-blessing","14":"pa_occ-communion","15":"pa_occ-burial","16":"pa_occ-trust","17":"pa_occ-gratefulness","18":"pa_occ-praise","19":"pa_occ-special","20":"pa_others-sammlungen","21":"pa_style-genre-blues-de","22":"pa_style-genre-gospel-de","23":"pa_style-genre-soul-funk-de","24":"pa_style-genre-spiritual-de","25":"pa_style-genre-traditional-gospel-style-de","26":"pa_style-genre-uptempo-de","27":"pa_style-genre-contemporary-de","28":"pa_variation-chorausgabe","29":"pa_variation-partitur","30":"pa_voicing-frauenchor","31":"pa_voicing-mit-begleitung","32":"pa_voicing-mit-solist","33":"pa_voicing-sam-de","34":"pa_voicing-ssa-de","36":"first","37":"instock","38":"taxable","39":"shipping-taxable","40":"purchasable","41":"product-type-variable","42":"has-default-attributes"},"acf":[],"yoast_head":"<!-- This site is optimized with the Yoast SEO plugin v27.4 - https:\/\/yoast.com\/product\/yoast-seo-wordpress\/ -->\n<title>The Ultimate Gospel Choir Book 5<\/title>\n<meta name=\"description\" content=\"Gospel-Klassiker in modernen Arrangements und neue, effektvolle Songs f\u00fcr dreistimmigen Chor und Begleitung. \u201cModern, interessant, rockig.\u201d (Neue Chorzeit)\" \/>\n<meta name=\"robots\" content=\"index, follow, max-snippet:-1, max-image-preview:large, max-video-preview:-1\" \/>\n<link rel=\"canonical\" href=\"https:\/\/www.zebemusic.com\/de\/product\/the-ultimate-gospel-choir-book-5\/\" \/>\n<meta property=\"og:locale\" content=\"de_DE\" \/>\n<meta property=\"og:type\" content=\"article\" \/>\n<meta property=\"og:title\" content=\"The Ultimate Gospel Choir Book 5\" \/>\n<meta property=\"og:description\" content=\"Gospel-Klassiker in modernen Arrangements und neue, effektvolle Songs f\u00fcr dreistimmigen Chor und Begleitung. \u201cModern, interessant, rockig.\u201d (Neue Chorzeit)\" \/>\n<meta property=\"og:url\" content=\"https:\/\/www.zebemusic.com\/de\/product\/the-ultimate-gospel-choir-book-5\/\" \/>\n<meta property=\"og:site_name\" content=\"ZebeMusic\" \/>\n<meta property=\"article:publisher\" content=\"https:\/\/www.facebook.com\/zebemusic\" \/>\n<meta property=\"article:modified_time\" content=\"2025-10-28T13:21:51+00:00\" \/>\n<meta property=\"og:image\" content=\"https:\/\/www.zebemusic.com\/wp-content\/uploads\/2013\/08\/ZEBE30561.jpg\" \/>\n\t<meta property=\"og:image:width\" content=\"626\" \/>\n\t<meta property=\"og:image:height\" content=\"808\" \/>\n\t<meta property=\"og:image:type\" content=\"image\/jpeg\" \/>\n<meta name=\"twitter:card\" content=\"summary_large_image\" \/>\n<meta name=\"twitter:label1\" content=\"Est. reading time\" \/>\n\t<meta name=\"twitter:data1\" content=\"1 minute\" \/>\n<script type=\"application\/ld+json\" class=\"yoast-schema-graph\">{\"@context\":\"https:\\\/\\\/schema.org\",\"@graph\":[{\"@type\":\"WebPage\",\"@id\":\"https:\\\/\\\/www.zebemusic.com\\\/de\\\/product\\\/the-ultimate-gospel-choir-book-5\\\/\",\"url\":\"https:\\\/\\\/www.zebemusic.com\\\/de\\\/product\\\/the-ultimate-gospel-choir-book-5\\\/\",\"name\":\"The Ultimate Gospel Choir Book 5\",\"isPartOf\":{\"@id\":\"https:\\\/\\\/www.zebemusic.com\\\/de\\\/#website\"},\"primaryImageOfPage\":{\"@id\":\"https:\\\/\\\/www.zebemusic.com\\\/de\\\/product\\\/the-ultimate-gospel-choir-book-5\\\/#primaryimage\"},\"image\":{\"@id\":\"https:\\\/\\\/www.zebemusic.com\\\/de\\\/product\\\/the-ultimate-gospel-choir-book-5\\\/#primaryimage\"},\"thumbnailUrl\":\"https:\\\/\\\/www.zebemusic.com\\\/wp-content\\\/uploads\\\/2013\\\/08\\\/ZEBE30561.jpg\",\"datePublished\":\"2014-11-19T13:56:19+00:00\",\"dateModified\":\"2025-10-28T13:21:51+00:00\",\"description\":\"Gospel-Klassiker in modernen Arrangements und neue, effektvolle Songs f\u00fcr dreistimmigen Chor und Begleitung. \u201cModern, interessant, rockig.\u201d (Neue Chorzeit)\",\"breadcrumb\":{\"@id\":\"https:\\\/\\\/www.zebemusic.com\\\/de\\\/product\\\/the-ultimate-gospel-choir-book-5\\\/#breadcrumb\"},\"inLanguage\":\"de-DE\",\"potentialAction\":[{\"@type\":\"ReadAction\",\"target\":[\"https:\\\/\\\/www.zebemusic.com\\\/de\\\/product\\\/the-ultimate-gospel-choir-book-5\\\/\"]}]},{\"@type\":\"ImageObject\",\"inLanguage\":\"de-DE\",\"@id\":\"https:\\\/\\\/www.zebemusic.com\\\/de\\\/product\\\/the-ultimate-gospel-choir-book-5\\\/#primaryimage\",\"url\":\"https:\\\/\\\/www.zebemusic.com\\\/wp-content\\\/uploads\\\/2013\\\/08\\\/ZEBE30561.jpg\",\"contentUrl\":\"https:\\\/\\\/www.zebemusic.com\\\/wp-content\\\/uploads\\\/2013\\\/08\\\/ZEBE30561.jpg\",\"width\":626,\"height\":808,\"caption\":\"Gospelnoten\"},{\"@type\":\"BreadcrumbList\",\"@id\":\"https:\\\/\\\/www.zebemusic.com\\\/de\\\/product\\\/the-ultimate-gospel-choir-book-5\\\/#breadcrumb\",\"itemListElement\":[{\"@type\":\"ListItem\",\"position\":1,\"name\":\"Shop\",\"item\":\"https:\\\/\\\/www.zebemusic.com\\\/de\\\/shop-2\\\/\"},{\"@type\":\"ListItem\",\"position\":2,\"name\":\"The Ultimate Gospel Choir Book 5\"}]},{\"@type\":\"WebSite\",\"@id\":\"https:\\\/\\\/www.zebemusic.com\\\/de\\\/#website\",\"url\":\"https:\\\/\\\/www.zebemusic.com\\\/de\\\/\",\"name\":\"ZebeMusic\",\"description\":\"makes you sing.\",\"publisher\":{\"@id\":\"https:\\\/\\\/www.zebemusic.com\\\/de\\\/#organization\"},\"alternateName\":\"Gospelnoten & Kindermusicals\",\"potentialAction\":[{\"@type\":\"SearchAction\",\"target\":{\"@type\":\"EntryPoint\",\"urlTemplate\":\"https:\\\/\\\/www.zebemusic.com\\\/de\\\/?s={search_term_string}\"},\"query-input\":{\"@type\":\"PropertyValueSpecification\",\"valueRequired\":true,\"valueName\":\"search_term_string\"}}],\"inLanguage\":\"de-DE\"},{\"@type\":\"Organization\",\"@id\":\"https:\\\/\\\/www.zebemusic.com\\\/de\\\/#organization\",\"name\":\"ZebeMusic\",\"url\":\"https:\\\/\\\/www.zebemusic.com\\\/de\\\/\",\"logo\":{\"@type\":\"ImageObject\",\"inLanguage\":\"de-DE\",\"@id\":\"https:\\\/\\\/www.zebemusic.com\\\/de\\\/#\\\/schema\\\/logo\\\/image\\\/\",\"url\":\"https:\\\/\\\/www.zebemusic.com\\\/wp-content\\\/uploads\\\/2025\\\/10\\\/ZEBE-Logo_ZW-makesyousing.jpg\",\"contentUrl\":\"https:\\\/\\\/www.zebemusic.com\\\/wp-content\\\/uploads\\\/2025\\\/10\\\/ZEBE-Logo_ZW-makesyousing.jpg\",\"width\":2212,\"height\":958,\"caption\":\"ZebeMusic\"},\"image\":{\"@id\":\"https:\\\/\\\/www.zebemusic.com\\\/de\\\/#\\\/schema\\\/logo\\\/image\\\/\"},\"sameAs\":[\"https:\\\/\\\/www.facebook.com\\\/zebemusic\",\"https:\\\/\\\/www.instagram.com\\\/zebemusic\",\"https:\\\/\\\/www.youtube.com\\\/zebemusicberlin\"]}]}<\/script>\n<!-- \/ Yoast SEO plugin. -->","yoast_head_json":{"title":"The Ultimate Gospel Choir Book 5","description":"Gospel-Klassiker in modernen Arrangements und neue, effektvolle Songs f\u00fcr dreistimmigen Chor und Begleitung. \u201cModern, interessant, rockig.\u201d (Neue Chorzeit)","robots":{"index":"index","follow":"follow","max-snippet":"max-snippet:-1","max-image-preview":"max-image-preview:large","max-video-preview":"max-video-preview:-1"},"canonical":"https:\/\/www.zebemusic.com\/de\/product\/the-ultimate-gospel-choir-book-5\/","og_locale":"de_DE","og_type":"article","og_title":"The Ultimate Gospel Choir Book 5","og_description":"Gospel-Klassiker in modernen Arrangements und neue, effektvolle Songs f\u00fcr dreistimmigen Chor und Begleitung. \u201cModern, interessant, rockig.\u201d (Neue Chorzeit)","og_url":"https:\/\/www.zebemusic.com\/de\/product\/the-ultimate-gospel-choir-book-5\/","og_site_name":"ZebeMusic","article_publisher":"https:\/\/www.facebook.com\/zebemusic","article_modified_time":"2025-10-28T13:21:51+00:00","og_image":[{"width":626,"height":808,"url":"https:\/\/www.zebemusic.com\/wp-content\/uploads\/2013\/08\/ZEBE30561.jpg","type":"image\/jpeg"}],"twitter_card":"summary_large_image","twitter_misc":{"Est. reading time":"1 minute"},"schema":{"@context":"https:\/\/schema.org","@graph":[{"@type":"WebPage","@id":"https:\/\/www.zebemusic.com\/de\/product\/the-ultimate-gospel-choir-book-5\/","url":"https:\/\/www.zebemusic.com\/de\/product\/the-ultimate-gospel-choir-book-5\/","name":"The Ultimate Gospel Choir Book 5","isPartOf":{"@id":"https:\/\/www.zebemusic.com\/de\/#website"},"primaryImageOfPage":{"@id":"https:\/\/www.zebemusic.com\/de\/product\/the-ultimate-gospel-choir-book-5\/#primaryimage"},"image":{"@id":"https:\/\/www.zebemusic.com\/de\/product\/the-ultimate-gospel-choir-book-5\/#primaryimage"},"thumbnailUrl":"https:\/\/www.zebemusic.com\/wp-content\/uploads\/2013\/08\/ZEBE30561.jpg","datePublished":"2014-11-19T13:56:19+00:00","dateModified":"2025-10-28T13:21:51+00:00","description":"Gospel-Klassiker in modernen Arrangements und neue, effektvolle Songs f\u00fcr dreistimmigen Chor und Begleitung. \u201cModern, interessant, rockig.\u201d (Neue Chorzeit)","breadcrumb":{"@id":"https:\/\/www.zebemusic.com\/de\/product\/the-ultimate-gospel-choir-book-5\/#breadcrumb"},"inLanguage":"de-DE","potentialAction":[{"@type":"ReadAction","target":["https:\/\/www.zebemusic.com\/de\/product\/the-ultimate-gospel-choir-book-5\/"]}]},{"@type":"ImageObject","inLanguage":"de-DE","@id":"https:\/\/www.zebemusic.com\/de\/product\/the-ultimate-gospel-choir-book-5\/#primaryimage","url":"https:\/\/www.zebemusic.com\/wp-content\/uploads\/2013\/08\/ZEBE30561.jpg","contentUrl":"https:\/\/www.zebemusic.com\/wp-content\/uploads\/2013\/08\/ZEBE30561.jpg","width":626,"height":808,"caption":"Gospelnoten"},{"@type":"BreadcrumbList","@id":"https:\/\/www.zebemusic.com\/de\/product\/the-ultimate-gospel-choir-book-5\/#breadcrumb","itemListElement":[{"@type":"ListItem","position":1,"name":"Shop","item":"https:\/\/www.zebemusic.com\/de\/shop-2\/"},{"@type":"ListItem","position":2,"name":"The Ultimate Gospel Choir Book 5"}]},{"@type":"WebSite","@id":"https:\/\/www.zebemusic.com\/de\/#website","url":"https:\/\/www.zebemusic.com\/de\/","name":"ZebeMusic","description":"makes you sing.","publisher":{"@id":"https:\/\/www.zebemusic.com\/de\/#organization"},"alternateName":"Gospelnoten & Kindermusicals","potentialAction":[{"@type":"SearchAction","target":{"@type":"EntryPoint","urlTemplate":"https:\/\/www.zebemusic.com\/de\/?s={search_term_string}"},"query-input":{"@type":"PropertyValueSpecification","valueRequired":true,"valueName":"search_term_string"}}],"inLanguage":"de-DE"},{"@type":"Organization","@id":"https:\/\/www.zebemusic.com\/de\/#organization","name":"ZebeMusic","url":"https:\/\/www.zebemusic.com\/de\/","logo":{"@type":"ImageObject","inLanguage":"de-DE","@id":"https:\/\/www.zebemusic.com\/de\/#\/schema\/logo\/image\/","url":"https:\/\/www.zebemusic.com\/wp-content\/uploads\/2025\/10\/ZEBE-Logo_ZW-makesyousing.jpg","contentUrl":"https:\/\/www.zebemusic.com\/wp-content\/uploads\/2025\/10\/ZEBE-Logo_ZW-makesyousing.jpg","width":2212,"height":958,"caption":"ZebeMusic"},"image":{"@id":"https:\/\/www.zebemusic.com\/de\/#\/schema\/logo\/image\/"},"sameAs":["https:\/\/www.facebook.com\/zebemusic","https:\/\/www.instagram.com\/zebemusic","https:\/\/www.youtube.com\/zebemusicberlin"]}]}},"_links":{"self":[{"href":"https:\/\/www.zebemusic.com\/de\/wp-json\/wp\/v2\/product\/4442","targetHints":{"allow":["GET"]}}],"collection":[{"href":"https:\/\/www.zebemusic.com\/de\/wp-json\/wp\/v2\/product"}],"about":[{"href":"https:\/\/www.zebemusic.com\/de\/wp-json\/wp\/v2\/types\/product"}],"wp:featuredmedia":[{"embeddable":true,"href":"https:\/\/www.zebemusic.com\/de\/wp-json\/wp\/v2\/media\/278"}],"wp:attachment":[{"href":"https:\/\/www.zebemusic.com\/de\/wp-json\/wp\/v2\/media?parent=4442"}],"wp:term":[{"taxonomy":"product_brand","embeddable":true,"href":"https:\/\/www.zebemusic.com\/de\/wp-json\/wp\/v2\/product_brand?post=4442"},{"taxonomy":"product_cat","embeddable":true,"href":"https:\/\/www.zebemusic.com\/de\/wp-json\/wp\/v2\/product_cat?post=4442"},{"taxonomy":"product_tag","embeddable":true,"href":"https:\/\/www.zebemusic.com\/de\/wp-json\/wp\/v2\/product_tag?post=4442"}],"curies":[{"name":"wp","href":"https:\/\/api.w.org\/{rel}","templated":true}]}}