{"id":4449,"date":"2014-11-19T18:32:20","date_gmt":"2014-11-19T16:32:20","guid":{"rendered":"http:\/\/zebemusic.smukkeberg.com\/shop\/gospel\/ultimate-gospel-choir-book-4\/"},"modified":"2025-11-18T16:21:21","modified_gmt":"2025-11-18T15:21:21","slug":"the-ultimate-gospel-choir-book-4","status":"publish","type":"product","link":"https:\/\/www.zebemusic.com\/de\/product\/the-ultimate-gospel-choir-book-4\/","title":{"rendered":"The Ultimate Gospel Choir Book 4"},"content":{"rendered":"","protected":false},"excerpt":{"rendered":"<p>The Ultimate Gospel Choir Book 4 enth\u00e4lt 17 modern arrangierte, zeitgem\u00e4\u00dfe Gospel Songs f\u00fcr zwei Frauen- und eine M\u00e4nnerstimme oder 3 Frauenstimmen.<\/p>\n<p>Lebendige, druckvolle Arrangements und einsetzbare Solisten sind komfortable Grundlage f\u00fcr ein echtes Gospelerlebnis. Die ausgeschriebene groovige Klavierbegleitung ist im Gospelpiano-Style gesetzt, unterst\u00fctzt den Chor und ist zus\u00e4tzlich mit Akkordsymbolen versehen.<\/p>\n<p>&nbsp;<\/p>\n<p><strong>INHALT:<\/strong> Amazing Grace, Amen, Can the Circle Be Unbroken, Ev ry Time I Feel the Spirit, Faith of Our Fathers, Freedom Is Coming, Good News, His Eye Is On the Sparrow, Hush!, Jesus On the Mainline, My Soul Is a Witness, O Happy Day, O Mary Don t You Weep, Pass Me Not, This Little Light Of Mine, What A Friend, When the Saints Go Marchin In<\/p>\n<p>&nbsp;<\/p>\n<p style=\"text-align: right;\"><strong>TIPP:<\/strong> Einzelsong gesucht, auch zum sofortigen Download? <a href=\"https:\/\/www.zebemusic.com\/de\/shop-2\/swoof\/others-downloads-de\/\"><strong>Hier geht&#8217;s zur \u00dcbersicht<\/strong><\/a><strong>.<\/strong><\/p>\n<p>&nbsp;<\/p>\n<p id=\"pressename\" style=\"padding-left: 30px;\"><span style=\"color: #717171;\"><span style=\"color: #717171;\"><span style=\"color: #993300;\"><strong><em>\u201cDiese S\u00e4tze sind auf dem Stand der Zeit, dabei nicht zu schwer, und auch die Klavierbegleitung ist gut zu verwenden. Also empfehlenswert!\u201d\u00a0 <\/em><\/strong><\/span>(Musik &amp; Kirche)<\/span><\/span><\/p>\n<p style=\"padding-left: 30px;\"><span style=\"color: #717171;\"><span style=\"color: #993300;\"><strong><em>\u201cDie Arrangements dieser Ausgabe sind modern und zeitgem\u00e4\u00df.\u201d\u00a0 <\/em><\/strong><\/span>(Neue Musikzeitung)<\/span><\/p>\n<p>&nbsp;<\/p>\n[audio mp3=\"https:\/\/www.zebemusic.com\/wp-content\/uploads\/2024\/02\/ZEBE3020.mp3\"][\/audio]\n<p>&nbsp;<\/p>\n<p><strong><a href=\"\/wp-content\/PP\/PP3020.pdf\" target=\"_blank\" rel=\"noopener noreferrer\">Probepartitur zum Download<\/a> <\/strong>&gt;&gt;&gt;<\/p>\n<p>&nbsp;<\/p>\n<hr \/>\n<p>&nbsp;<\/p>\n<p id=\"postdetails\"><strong><span style=\"color: #717171;\">Komponist:<\/span><\/strong> <span id=\"authors\"><a href=\"\/jeffguillen\">Jeff Guillen<\/a><\/span><br \/>\n<strong><span style=\"color: #717171;\">Besetzung:<\/span><\/strong> S.A.B.+Pno<br \/>\n<strong><span style=\"color: #717171;\">Schwierigkeitsgrad:<\/span><\/strong> mittel<\/p>\n<p>&nbsp;<\/p>\n<hr \/>\n<p><strong>Erh\u00e4ltliche Ausf\u00fchrungen:<\/strong><\/p>\n<p><strong>\u2022 Partitur<\/strong> (ZE 3020, ISBN 978-3-940745-05-7, 88 Seiten) \u20ac 19,90<strong><br \/>\n<\/strong>In dieser Ausgabe sind die Noten f\u00fcr Chor, Solisten und Klavier enthalten. F\u00fcr weitere Begleit- oder Solo-Instrumente sind Akkordsymbole notiert.<\/p>\n<p><strong>\u2022 Chorausgabe<\/strong> (ZE 3081, ISBN 978-3-940745-41-5, 44 Seiten, <span style=\"text-decoration: underline;\"><span style=\"color: #993300; text-decoration: underline;\">nur in Chorst\u00e4rke!<\/span><\/span>) \u20ac 6,90<strong><br \/>\n<\/strong>Die g\u00fcnstige Chorausgabe mit dem gesamten Gesangspart ohne die Klavierbegleitung.<\/p>\n","protected":false},"featured_media":271,"template":"","meta":{"_acf_changed":false},"product_brand":[],"product_cat":[13],"product_tag":[156,152,154],"class_list":{"0":"post-4449","1":"product","2":"type-product","3":"status-publish","4":"has-post-thumbnail","6":"product_cat-gospel","7":"product_tag-frauen","8":"product_tag-gcb","9":"product_tag-guillen","10":"pa_diff-mittel","11":"pa_language-englisch","12":"pa_occ-abendmahl-kommunion","13":"pa_occ-altes-testament","14":"pa_occ-angst-und-vertrauen","15":"pa_occ-biblische-geschichten","16":"pa_occ-dankbarkeit","17":"pa_occ-lobpreis","18":"pa_occ-neues-testament","19":"pa_occ-pfingsten","20":"pa_occ-sterben-und-bestattung","21":"pa_occ-taufe-und-zeugnis","22":"pa_others-bestseller","23":"pa_others-sammlungen","24":"pa_style-genre-ballade","25":"pa_style-genre-gospel-de","26":"pa_style-genre-latin-de","27":"pa_style-genre-soul-funk-de","28":"pa_style-genre-spiritual-de","29":"pa_style-genre-traditional-gospel-style-de","30":"pa_style-genre-uptempo-de","31":"pa_style-genre-contemporary-de","32":"pa_variation-chorausgabe","33":"pa_variation-partitur","34":"pa_voicing-mit-begleitung","35":"pa_voicing-mit-solist","36":"pa_voicing-sam-de","37":"pa_voicing-satb-de","38":"pa_voicing-ssa-de","40":"first","41":"instock","42":"taxable","43":"shipping-taxable","44":"purchasable","45":"product-type-variable","46":"has-default-attributes"},"acf":[],"yoast_head":"<!-- This site is optimized with the Yoast SEO plugin v27.5 - https:\/\/yoast.com\/product\/yoast-seo-wordpress\/ -->\n<title>The Ultimate Gospel Choir Book 4<\/title>\n<meta name=\"description\" content=\"Mitrei\u00dfende Gospel Songs in Bearbeitungen alter und neuer Kompositionen. &quot;Modern und zeitgem\u00e4\u00df.\u201d\u00a0 (Neue Musikzeitung) DEMO &gt;&gt;\" \/>\n<meta name=\"robots\" content=\"index, follow, max-snippet:-1, max-image-preview:large, max-video-preview:-1\" \/>\n<link rel=\"canonical\" href=\"https:\/\/www.zebemusic.com\/de\/product\/the-ultimate-gospel-choir-book-4\/\" \/>\n<meta property=\"og:locale\" content=\"de_DE\" \/>\n<meta property=\"og:type\" content=\"article\" \/>\n<meta property=\"og:title\" content=\"The Ultimate Gospel Choir Book 4\" \/>\n<meta property=\"og:description\" content=\"Mitrei\u00dfende Gospel Songs in Bearbeitungen alter und neuer Kompositionen. &quot;Modern und zeitgem\u00e4\u00df.\u201d\u00a0 (Neue Musikzeitung) DEMO &gt;&gt;\" \/>\n<meta property=\"og:url\" content=\"https:\/\/www.zebemusic.com\/de\/product\/the-ultimate-gospel-choir-book-4\/\" \/>\n<meta property=\"og:site_name\" content=\"ZebeMusic\" \/>\n<meta property=\"article:publisher\" content=\"https:\/\/www.facebook.com\/zebemusic\" \/>\n<meta property=\"article:modified_time\" content=\"2025-11-18T15:21:21+00:00\" \/>\n<meta property=\"og:image\" content=\"https:\/\/www.zebemusic.com\/wp-content\/uploads\/2013\/08\/ZEBE30201.jpg\" \/>\n\t<meta property=\"og:image:width\" content=\"383\" \/>\n\t<meta property=\"og:image:height\" content=\"500\" \/>\n\t<meta property=\"og:image:type\" content=\"image\/jpeg\" \/>\n<meta name=\"twitter:card\" content=\"summary_large_image\" \/>\n<meta name=\"twitter:label1\" content=\"Est. reading time\" \/>\n\t<meta name=\"twitter:data1\" content=\"1 minute\" \/>\n<script type=\"application\/ld+json\" class=\"yoast-schema-graph\">{\"@context\":\"https:\\\/\\\/schema.org\",\"@graph\":[{\"@type\":\"WebPage\",\"@id\":\"https:\\\/\\\/www.zebemusic.com\\\/de\\\/product\\\/the-ultimate-gospel-choir-book-4\\\/\",\"url\":\"https:\\\/\\\/www.zebemusic.com\\\/de\\\/product\\\/the-ultimate-gospel-choir-book-4\\\/\",\"name\":\"The Ultimate Gospel Choir Book 4\",\"isPartOf\":{\"@id\":\"https:\\\/\\\/www.zebemusic.com\\\/de\\\/#website\"},\"primaryImageOfPage\":{\"@id\":\"https:\\\/\\\/www.zebemusic.com\\\/de\\\/product\\\/the-ultimate-gospel-choir-book-4\\\/#primaryimage\"},\"image\":{\"@id\":\"https:\\\/\\\/www.zebemusic.com\\\/de\\\/product\\\/the-ultimate-gospel-choir-book-4\\\/#primaryimage\"},\"thumbnailUrl\":\"https:\\\/\\\/www.zebemusic.com\\\/wp-content\\\/uploads\\\/2013\\\/08\\\/ZEBE30201.jpg\",\"datePublished\":\"2014-11-19T16:32:20+00:00\",\"dateModified\":\"2025-11-18T15:21:21+00:00\",\"description\":\"Mitrei\u00dfende Gospel Songs in Bearbeitungen alter und neuer Kompositionen. \\\"Modern und zeitgem\u00e4\u00df.\u201d\u00a0 (Neue Musikzeitung) DEMO >>\",\"breadcrumb\":{\"@id\":\"https:\\\/\\\/www.zebemusic.com\\\/de\\\/product\\\/the-ultimate-gospel-choir-book-4\\\/#breadcrumb\"},\"inLanguage\":\"de-DE\",\"potentialAction\":[{\"@type\":\"ReadAction\",\"target\":[\"https:\\\/\\\/www.zebemusic.com\\\/de\\\/product\\\/the-ultimate-gospel-choir-book-4\\\/\"]}]},{\"@type\":\"ImageObject\",\"inLanguage\":\"de-DE\",\"@id\":\"https:\\\/\\\/www.zebemusic.com\\\/de\\\/product\\\/the-ultimate-gospel-choir-book-4\\\/#primaryimage\",\"url\":\"https:\\\/\\\/www.zebemusic.com\\\/wp-content\\\/uploads\\\/2013\\\/08\\\/ZEBE30201.jpg\",\"contentUrl\":\"https:\\\/\\\/www.zebemusic.com\\\/wp-content\\\/uploads\\\/2013\\\/08\\\/ZEBE30201.jpg\",\"width\":383,\"height\":500},{\"@type\":\"BreadcrumbList\",\"@id\":\"https:\\\/\\\/www.zebemusic.com\\\/de\\\/product\\\/the-ultimate-gospel-choir-book-4\\\/#breadcrumb\",\"itemListElement\":[{\"@type\":\"ListItem\",\"position\":1,\"name\":\"Shop\",\"item\":\"https:\\\/\\\/www.zebemusic.com\\\/de\\\/shop-2\\\/\"},{\"@type\":\"ListItem\",\"position\":2,\"name\":\"The Ultimate Gospel Choir Book 4\"}]},{\"@type\":\"WebSite\",\"@id\":\"https:\\\/\\\/www.zebemusic.com\\\/de\\\/#website\",\"url\":\"https:\\\/\\\/www.zebemusic.com\\\/de\\\/\",\"name\":\"ZebeMusic\",\"description\":\"makes you sing.\",\"publisher\":{\"@id\":\"https:\\\/\\\/www.zebemusic.com\\\/de\\\/#organization\"},\"alternateName\":\"Gospelnoten & Kindermusicals\",\"potentialAction\":[{\"@type\":\"SearchAction\",\"target\":{\"@type\":\"EntryPoint\",\"urlTemplate\":\"https:\\\/\\\/www.zebemusic.com\\\/de\\\/?s={search_term_string}\"},\"query-input\":{\"@type\":\"PropertyValueSpecification\",\"valueRequired\":true,\"valueName\":\"search_term_string\"}}],\"inLanguage\":\"de-DE\"},{\"@type\":\"Organization\",\"@id\":\"https:\\\/\\\/www.zebemusic.com\\\/de\\\/#organization\",\"name\":\"ZebeMusic\",\"url\":\"https:\\\/\\\/www.zebemusic.com\\\/de\\\/\",\"logo\":{\"@type\":\"ImageObject\",\"inLanguage\":\"de-DE\",\"@id\":\"https:\\\/\\\/www.zebemusic.com\\\/de\\\/#\\\/schema\\\/logo\\\/image\\\/\",\"url\":\"https:\\\/\\\/www.zebemusic.com\\\/wp-content\\\/uploads\\\/2025\\\/10\\\/ZEBE-Logo_ZW-makesyousing.jpg\",\"contentUrl\":\"https:\\\/\\\/www.zebemusic.com\\\/wp-content\\\/uploads\\\/2025\\\/10\\\/ZEBE-Logo_ZW-makesyousing.jpg\",\"width\":2212,\"height\":958,\"caption\":\"ZebeMusic\"},\"image\":{\"@id\":\"https:\\\/\\\/www.zebemusic.com\\\/de\\\/#\\\/schema\\\/logo\\\/image\\\/\"},\"sameAs\":[\"https:\\\/\\\/www.facebook.com\\\/zebemusic\",\"https:\\\/\\\/www.instagram.com\\\/zebemusic\",\"https:\\\/\\\/www.youtube.com\\\/zebemusicberlin\"]}]}<\/script>\n<!-- \/ Yoast SEO plugin. -->","yoast_head_json":{"title":"The Ultimate Gospel Choir Book 4","description":"Mitrei\u00dfende Gospel Songs in Bearbeitungen alter und neuer Kompositionen. \"Modern und zeitgem\u00e4\u00df.\u201d\u00a0 (Neue Musikzeitung) DEMO >>","robots":{"index":"index","follow":"follow","max-snippet":"max-snippet:-1","max-image-preview":"max-image-preview:large","max-video-preview":"max-video-preview:-1"},"canonical":"https:\/\/www.zebemusic.com\/de\/product\/the-ultimate-gospel-choir-book-4\/","og_locale":"de_DE","og_type":"article","og_title":"The Ultimate Gospel Choir Book 4","og_description":"Mitrei\u00dfende Gospel Songs in Bearbeitungen alter und neuer Kompositionen. \"Modern und zeitgem\u00e4\u00df.\u201d\u00a0 (Neue Musikzeitung) DEMO >>","og_url":"https:\/\/www.zebemusic.com\/de\/product\/the-ultimate-gospel-choir-book-4\/","og_site_name":"ZebeMusic","article_publisher":"https:\/\/www.facebook.com\/zebemusic","article_modified_time":"2025-11-18T15:21:21+00:00","og_image":[{"width":383,"height":500,"url":"https:\/\/www.zebemusic.com\/wp-content\/uploads\/2013\/08\/ZEBE30201.jpg","type":"image\/jpeg"}],"twitter_card":"summary_large_image","twitter_misc":{"Est. reading time":"1 minute"},"schema":{"@context":"https:\/\/schema.org","@graph":[{"@type":"WebPage","@id":"https:\/\/www.zebemusic.com\/de\/product\/the-ultimate-gospel-choir-book-4\/","url":"https:\/\/www.zebemusic.com\/de\/product\/the-ultimate-gospel-choir-book-4\/","name":"The Ultimate Gospel Choir Book 4","isPartOf":{"@id":"https:\/\/www.zebemusic.com\/de\/#website"},"primaryImageOfPage":{"@id":"https:\/\/www.zebemusic.com\/de\/product\/the-ultimate-gospel-choir-book-4\/#primaryimage"},"image":{"@id":"https:\/\/www.zebemusic.com\/de\/product\/the-ultimate-gospel-choir-book-4\/#primaryimage"},"thumbnailUrl":"https:\/\/www.zebemusic.com\/wp-content\/uploads\/2013\/08\/ZEBE30201.jpg","datePublished":"2014-11-19T16:32:20+00:00","dateModified":"2025-11-18T15:21:21+00:00","description":"Mitrei\u00dfende Gospel Songs in Bearbeitungen alter und neuer Kompositionen. \"Modern und zeitgem\u00e4\u00df.\u201d\u00a0 (Neue Musikzeitung) DEMO >>","breadcrumb":{"@id":"https:\/\/www.zebemusic.com\/de\/product\/the-ultimate-gospel-choir-book-4\/#breadcrumb"},"inLanguage":"de-DE","potentialAction":[{"@type":"ReadAction","target":["https:\/\/www.zebemusic.com\/de\/product\/the-ultimate-gospel-choir-book-4\/"]}]},{"@type":"ImageObject","inLanguage":"de-DE","@id":"https:\/\/www.zebemusic.com\/de\/product\/the-ultimate-gospel-choir-book-4\/#primaryimage","url":"https:\/\/www.zebemusic.com\/wp-content\/uploads\/2013\/08\/ZEBE30201.jpg","contentUrl":"https:\/\/www.zebemusic.com\/wp-content\/uploads\/2013\/08\/ZEBE30201.jpg","width":383,"height":500},{"@type":"BreadcrumbList","@id":"https:\/\/www.zebemusic.com\/de\/product\/the-ultimate-gospel-choir-book-4\/#breadcrumb","itemListElement":[{"@type":"ListItem","position":1,"name":"Shop","item":"https:\/\/www.zebemusic.com\/de\/shop-2\/"},{"@type":"ListItem","position":2,"name":"The Ultimate Gospel Choir Book 4"}]},{"@type":"WebSite","@id":"https:\/\/www.zebemusic.com\/de\/#website","url":"https:\/\/www.zebemusic.com\/de\/","name":"ZebeMusic","description":"makes you sing.","publisher":{"@id":"https:\/\/www.zebemusic.com\/de\/#organization"},"alternateName":"Gospelnoten & Kindermusicals","potentialAction":[{"@type":"SearchAction","target":{"@type":"EntryPoint","urlTemplate":"https:\/\/www.zebemusic.com\/de\/?s={search_term_string}"},"query-input":{"@type":"PropertyValueSpecification","valueRequired":true,"valueName":"search_term_string"}}],"inLanguage":"de-DE"},{"@type":"Organization","@id":"https:\/\/www.zebemusic.com\/de\/#organization","name":"ZebeMusic","url":"https:\/\/www.zebemusic.com\/de\/","logo":{"@type":"ImageObject","inLanguage":"de-DE","@id":"https:\/\/www.zebemusic.com\/de\/#\/schema\/logo\/image\/","url":"https:\/\/www.zebemusic.com\/wp-content\/uploads\/2025\/10\/ZEBE-Logo_ZW-makesyousing.jpg","contentUrl":"https:\/\/www.zebemusic.com\/wp-content\/uploads\/2025\/10\/ZEBE-Logo_ZW-makesyousing.jpg","width":2212,"height":958,"caption":"ZebeMusic"},"image":{"@id":"https:\/\/www.zebemusic.com\/de\/#\/schema\/logo\/image\/"},"sameAs":["https:\/\/www.facebook.com\/zebemusic","https:\/\/www.instagram.com\/zebemusic","https:\/\/www.youtube.com\/zebemusicberlin"]}]}},"_links":{"self":[{"href":"https:\/\/www.zebemusic.com\/de\/wp-json\/wp\/v2\/product\/4449","targetHints":{"allow":["GET"]}}],"collection":[{"href":"https:\/\/www.zebemusic.com\/de\/wp-json\/wp\/v2\/product"}],"about":[{"href":"https:\/\/www.zebemusic.com\/de\/wp-json\/wp\/v2\/types\/product"}],"wp:featuredmedia":[{"embeddable":true,"href":"https:\/\/www.zebemusic.com\/de\/wp-json\/wp\/v2\/media\/271"}],"wp:attachment":[{"href":"https:\/\/www.zebemusic.com\/de\/wp-json\/wp\/v2\/media?parent=4449"}],"wp:term":[{"taxonomy":"product_brand","embeddable":true,"href":"https:\/\/www.zebemusic.com\/de\/wp-json\/wp\/v2\/product_brand?post=4449"},{"taxonomy":"product_cat","embeddable":true,"href":"https:\/\/www.zebemusic.com\/de\/wp-json\/wp\/v2\/product_cat?post=4449"},{"taxonomy":"product_tag","embeddable":true,"href":"https:\/\/www.zebemusic.com\/de\/wp-json\/wp\/v2\/product_tag?post=4449"}],"curies":[{"name":"wp","href":"https:\/\/api.w.org\/{rel}","templated":true}]}}