{"id":4456,"date":"2014-11-19T19:14:07","date_gmt":"2014-11-19T17:14:07","guid":{"rendered":"http:\/\/zebemusic.smukkeberg.com\/shop\/gospel\/ultimate-gospel-choir-book-3\/"},"modified":"2025-10-28T14:12:24","modified_gmt":"2025-10-28T13:12:24","slug":"gospels-fuer-frauenchor","status":"publish","type":"product","link":"https:\/\/www.zebemusic.com\/de\/product\/gospels-fuer-frauenchor\/","title":{"rendered":"The Ultimate Gospel Choir Book 3"},"content":{"rendered":"<p>Gospels f\u00fcr Frauenchor<\/p>\n","protected":false},"excerpt":{"rendered":"<p>23 Gospels und Spirituals f\u00fcr zwei- bis dreistimmigen Chor (S.S.\/S.S.A.) a cappella enth\u00e4lt der 3. Band der Gospel Choir Books. Er bildet eine gute Grundlage f\u00fcr den Gospelgesang in Schulen, in Kinder- und Jugendgruppen. Transponiert k\u00f6nnen diese S\u00e4tze auch mit M\u00e4nnerstimmen gesungen werden. Eine freie Begleitung wird durch notierte Akkordsymbole m\u00f6glich.<\/p>\n<p><strong>INHALT:<\/strong> Amazing Grace, Burden Down, By An\u2019 By, Come By Here My Lord Kumbaja, Didn\u2019t My Lord Deliver Daniel, Down By the Riverside, Ev\u2019ry Time I Feel the Spirit, Free At Last, Go Down, Moses, Good News, Go Tell It on the Mountain, He\u2019s Got the Whole World, It\u2019s A Me, I\u2019ve Got a Shoes, Joshua Fight the Battle of Jericho, Let Us Break Bread Together, Lord, Lord, Lord, Look Away, Nobody Knows, Somebody\u2019s Knocking, Swing Low, This Train, When the Saints Go Marchin\u2019 In<\/p>\n<p style=\"text-align: right;\"><span style=\"color: #993300;\"><strong>TIPP:<\/strong>Einzelausgabe gesucht? <a href=\"https:\/\/www.zebemusic.com\/de\/einzelausgaben\/\">Hier geht&#8217;s zur \u00dcbersicht<\/a>.<\/span><\/p>\n<p>&nbsp;<\/p>\n<p style=\"text-align: left; padding-left: 30px;\"><b><span style=\"color: #993300;\"><em>&#8220;Jeff Guillen ist es hervorragend gelungen, auch hier wesentliche harmonische Ereignisse zu vermitteln. Dieser Band ist unbedingt zu empfehlen!&#8221;<\/em><\/span><\/b>\u00a0 (Der Kirchenmusiker)<\/p>\n<p style=\"text-align: left; padding-left: 30px;\"><b><span style=\"color: #993300;\"><em>&#8220;Sehr wirkungsvoll arrangiert.&#8221;<\/em><\/span><\/b>\u00a0 (Schw\u00e4bische S\u00e4ngerzeitung)<\/p>\n<p>&nbsp;<\/p>\n<p><strong><a href=\"\/wp-content\/PP\/PP1270.pdf\" target=\"_blank\" rel=\"noopener noreferrer\">Probepartitur &gt;&gt;&gt;<\/a><\/strong><\/p>\n<p>&nbsp;<\/p>\n<hr \/>\n<p><strong><span style=\"color: #717171;\">Autor:<\/span><\/strong> <a href=\"\/jeffguillen\">Jeff Guillen<\/a><br \/>\n<strong><span style=\"color: #717171;\">Besetzung:<\/span><\/strong> S.S.\/S.S.A., geeignet f\u00fcr Bl\u00e4serchor!<br \/>\n<strong><span style=\"color: #717171;\">Seiten:<\/span><\/strong> 40<br \/>\n<strong><span style=\"color: #717171;\">Schwierigkeitsgrad:<\/span><\/strong> leicht-mittel<\/p>\n<p><strong><span style=\"color: #717171;\">Bestell-Nr.:<\/span><\/strong> ZE 1270<br \/>\n<strong><span style=\"color: #717171;\">ISBN:<\/span><\/strong> 978-3-940745-27-9<br \/>\n<strong><span style=\"color: #717171;\">Preis:<\/span><\/strong> \u20ac 10,90<br \/>\n<strong>Staffelpreis:<\/strong> ab 10 Stk. nur \u20ac 6,90<\/p>\n<p><a href=\"https:\/\/www.zebemusic.com\/de\/einzelausgaben\/\"><strong>Einzelsongs gedruckt und downloadbar ab \u20ac 0,89<\/strong> &gt;&gt;&gt;<\/a><\/p>\n","protected":false},"featured_media":222,"template":"","meta":{"_acf_changed":false},"product_brand":[],"product_cat":[13],"product_tag":[153,166,156,152,154],"class_list":{"0":"post-4456","1":"product","2":"type-product","3":"status-publish","4":"has-post-thumbnail","6":"product_cat-gospel","7":"product_tag-a-cappella","8":"product_tag-frauenchor","9":"product_tag-frauen","10":"product_tag-gcb","11":"product_tag-guillen","12":"pa_diff-leicht","13":"pa_diff-mittel","14":"pa_language-englisch","15":"pa_occ-abendmahl-kommunion","16":"pa_occ-altes-testament","17":"pa_occ-angst-und-vertrauen","18":"pa_occ-beginn-und-abschied-segen","19":"pa_occ-biblische-geschichten","20":"pa_occ-dankbarkeit","21":"pa_occ-lobpreis","22":"pa_occ-neues-testament","23":"pa_occ-passion-de","24":"pa_occ-pfingsten","25":"pa_occ-sterben-und-bestattung","26":"pa_occ-taufe-und-zeugnis","27":"pa_occ-weihnachten","28":"pa_others-sammlungen","29":"pa_style-genre-gospel","30":"pa_style-genre-kantoreipraxis","31":"pa_style-genre-spiritual","32":"pa_style-genre-traditional-gospel-style","33":"pa_variation-amen","34":"pa_variation-balm-in-gilead","35":"pa_variation-burden-down","36":"pa_variation-by-an-by","37":"pa_variation-chorausgabe","38":"pa_variation-instrumente","39":"pa_variation-leaders-pak","40":"pa_variation-package","41":"pa_variation-partitur","42":"pa_variation-partitur-staffelpreis","43":"pa_voicing-acappella-de","44":"pa_voicing-blaeserchor","45":"pa_voicing-frauenchor","46":"pa_voicing-kinderchor","47":"pa_voicing-mit-begleitung","48":"pa_voicing-sa-de","49":"pa_voicing-ssa-de","50":"pa_voicing-solostimme","52":"first","53":"outofstock","54":"taxable","55":"shipping-taxable","56":"purchasable","57":"product-type-simple"},"acf":[],"yoast_head":"<!-- This site is optimized with the Yoast SEO plugin v27.5 - https:\/\/yoast.com\/product\/yoast-seo-wordpress\/ -->\n<title>The Ultimate Gospel Choir Book 3<\/title>\n<meta name=\"description\" content=\"Der Klassiker f\u00fcr Frauenchor oder Kinderchor a cappella (S.S.A.). Staffelpreis! DEMO&gt;&gt;&gt;\" \/>\n<meta name=\"robots\" content=\"index, follow, max-snippet:-1, max-image-preview:large, max-video-preview:-1\" \/>\n<link rel=\"canonical\" href=\"https:\/\/www.zebemusic.com\/de\/product\/gospels-fuer-frauenchor\/\" \/>\n<meta property=\"og:locale\" content=\"de_DE\" \/>\n<meta property=\"og:type\" content=\"article\" \/>\n<meta property=\"og:title\" content=\"The Ultimate Gospel Choir Book 3\" \/>\n<meta property=\"og:description\" content=\"Der Klassiker f\u00fcr Frauenchor oder Kinderchor a cappella (S.S.A.). Staffelpreis! DEMO&gt;&gt;&gt;\" \/>\n<meta property=\"og:url\" content=\"https:\/\/www.zebemusic.com\/de\/product\/gospels-fuer-frauenchor\/\" \/>\n<meta property=\"og:site_name\" content=\"ZebeMusic\" \/>\n<meta property=\"article:publisher\" content=\"https:\/\/www.facebook.com\/zebemusic\" \/>\n<meta property=\"article:modified_time\" content=\"2025-10-28T13:12:24+00:00\" \/>\n<meta property=\"og:image\" content=\"https:\/\/www.zebemusic.com\/wp-content\/uploads\/2013\/08\/ZEBE12701.jpg\" \/>\n\t<meta property=\"og:image:width\" content=\"381\" \/>\n\t<meta property=\"og:image:height\" content=\"500\" \/>\n\t<meta property=\"og:image:type\" content=\"image\/jpeg\" \/>\n<meta name=\"twitter:card\" content=\"summary_large_image\" \/>\n<meta name=\"twitter:label1\" content=\"Est. reading time\" \/>\n\t<meta name=\"twitter:data1\" content=\"1 minute\" \/>\n<script type=\"application\/ld+json\" class=\"yoast-schema-graph\">{\"@context\":\"https:\\\/\\\/schema.org\",\"@graph\":[{\"@type\":\"WebPage\",\"@id\":\"https:\\\/\\\/www.zebemusic.com\\\/de\\\/product\\\/gospels-fuer-frauenchor\\\/\",\"url\":\"https:\\\/\\\/www.zebemusic.com\\\/de\\\/product\\\/gospels-fuer-frauenchor\\\/\",\"name\":\"The Ultimate Gospel Choir Book 3\",\"isPartOf\":{\"@id\":\"https:\\\/\\\/www.zebemusic.com\\\/de\\\/#website\"},\"primaryImageOfPage\":{\"@id\":\"https:\\\/\\\/www.zebemusic.com\\\/de\\\/product\\\/gospels-fuer-frauenchor\\\/#primaryimage\"},\"image\":{\"@id\":\"https:\\\/\\\/www.zebemusic.com\\\/de\\\/product\\\/gospels-fuer-frauenchor\\\/#primaryimage\"},\"thumbnailUrl\":\"https:\\\/\\\/www.zebemusic.com\\\/wp-content\\\/uploads\\\/2013\\\/08\\\/ZEBE12701.jpg\",\"datePublished\":\"2014-11-19T17:14:07+00:00\",\"dateModified\":\"2025-10-28T13:12:24+00:00\",\"description\":\"Der Klassiker f\u00fcr Frauenchor oder Kinderchor a cappella (S.S.A.). Staffelpreis! DEMO>>>\",\"breadcrumb\":{\"@id\":\"https:\\\/\\\/www.zebemusic.com\\\/de\\\/product\\\/gospels-fuer-frauenchor\\\/#breadcrumb\"},\"inLanguage\":\"de-DE\",\"potentialAction\":[{\"@type\":\"ReadAction\",\"target\":[\"https:\\\/\\\/www.zebemusic.com\\\/de\\\/product\\\/gospels-fuer-frauenchor\\\/\"]}]},{\"@type\":\"ImageObject\",\"inLanguage\":\"de-DE\",\"@id\":\"https:\\\/\\\/www.zebemusic.com\\\/de\\\/product\\\/gospels-fuer-frauenchor\\\/#primaryimage\",\"url\":\"https:\\\/\\\/www.zebemusic.com\\\/wp-content\\\/uploads\\\/2013\\\/08\\\/ZEBE12701.jpg\",\"contentUrl\":\"https:\\\/\\\/www.zebemusic.com\\\/wp-content\\\/uploads\\\/2013\\\/08\\\/ZEBE12701.jpg\",\"width\":381,\"height\":500,\"caption\":\"Gospels f\u00fcr Frauenchor\"},{\"@type\":\"BreadcrumbList\",\"@id\":\"https:\\\/\\\/www.zebemusic.com\\\/de\\\/product\\\/gospels-fuer-frauenchor\\\/#breadcrumb\",\"itemListElement\":[{\"@type\":\"ListItem\",\"position\":1,\"name\":\"Shop\",\"item\":\"https:\\\/\\\/www.zebemusic.com\\\/de\\\/shop-2\\\/\"},{\"@type\":\"ListItem\",\"position\":2,\"name\":\"The Ultimate Gospel Choir Book 3\"}]},{\"@type\":\"WebSite\",\"@id\":\"https:\\\/\\\/www.zebemusic.com\\\/de\\\/#website\",\"url\":\"https:\\\/\\\/www.zebemusic.com\\\/de\\\/\",\"name\":\"ZebeMusic\",\"description\":\"makes you sing.\",\"publisher\":{\"@id\":\"https:\\\/\\\/www.zebemusic.com\\\/de\\\/#organization\"},\"alternateName\":\"Gospelnoten & Kindermusicals\",\"potentialAction\":[{\"@type\":\"SearchAction\",\"target\":{\"@type\":\"EntryPoint\",\"urlTemplate\":\"https:\\\/\\\/www.zebemusic.com\\\/de\\\/?s={search_term_string}\"},\"query-input\":{\"@type\":\"PropertyValueSpecification\",\"valueRequired\":true,\"valueName\":\"search_term_string\"}}],\"inLanguage\":\"de-DE\"},{\"@type\":\"Organization\",\"@id\":\"https:\\\/\\\/www.zebemusic.com\\\/de\\\/#organization\",\"name\":\"ZebeMusic\",\"url\":\"https:\\\/\\\/www.zebemusic.com\\\/de\\\/\",\"logo\":{\"@type\":\"ImageObject\",\"inLanguage\":\"de-DE\",\"@id\":\"https:\\\/\\\/www.zebemusic.com\\\/de\\\/#\\\/schema\\\/logo\\\/image\\\/\",\"url\":\"https:\\\/\\\/www.zebemusic.com\\\/wp-content\\\/uploads\\\/2025\\\/10\\\/ZEBE-Logo_ZW-makesyousing.jpg\",\"contentUrl\":\"https:\\\/\\\/www.zebemusic.com\\\/wp-content\\\/uploads\\\/2025\\\/10\\\/ZEBE-Logo_ZW-makesyousing.jpg\",\"width\":2212,\"height\":958,\"caption\":\"ZebeMusic\"},\"image\":{\"@id\":\"https:\\\/\\\/www.zebemusic.com\\\/de\\\/#\\\/schema\\\/logo\\\/image\\\/\"},\"sameAs\":[\"https:\\\/\\\/www.facebook.com\\\/zebemusic\",\"https:\\\/\\\/www.instagram.com\\\/zebemusic\",\"https:\\\/\\\/www.youtube.com\\\/zebemusicberlin\"]}]}<\/script>\n<!-- \/ Yoast SEO plugin. -->","yoast_head_json":{"title":"The Ultimate Gospel Choir Book 3","description":"Der Klassiker f\u00fcr Frauenchor oder Kinderchor a cappella (S.S.A.). Staffelpreis! DEMO>>>","robots":{"index":"index","follow":"follow","max-snippet":"max-snippet:-1","max-image-preview":"max-image-preview:large","max-video-preview":"max-video-preview:-1"},"canonical":"https:\/\/www.zebemusic.com\/de\/product\/gospels-fuer-frauenchor\/","og_locale":"de_DE","og_type":"article","og_title":"The Ultimate Gospel Choir Book 3","og_description":"Der Klassiker f\u00fcr Frauenchor oder Kinderchor a cappella (S.S.A.). Staffelpreis! DEMO>>>","og_url":"https:\/\/www.zebemusic.com\/de\/product\/gospels-fuer-frauenchor\/","og_site_name":"ZebeMusic","article_publisher":"https:\/\/www.facebook.com\/zebemusic","article_modified_time":"2025-10-28T13:12:24+00:00","og_image":[{"width":381,"height":500,"url":"https:\/\/www.zebemusic.com\/wp-content\/uploads\/2013\/08\/ZEBE12701.jpg","type":"image\/jpeg"}],"twitter_card":"summary_large_image","twitter_misc":{"Est. reading time":"1 minute"},"schema":{"@context":"https:\/\/schema.org","@graph":[{"@type":"WebPage","@id":"https:\/\/www.zebemusic.com\/de\/product\/gospels-fuer-frauenchor\/","url":"https:\/\/www.zebemusic.com\/de\/product\/gospels-fuer-frauenchor\/","name":"The Ultimate Gospel Choir Book 3","isPartOf":{"@id":"https:\/\/www.zebemusic.com\/de\/#website"},"primaryImageOfPage":{"@id":"https:\/\/www.zebemusic.com\/de\/product\/gospels-fuer-frauenchor\/#primaryimage"},"image":{"@id":"https:\/\/www.zebemusic.com\/de\/product\/gospels-fuer-frauenchor\/#primaryimage"},"thumbnailUrl":"https:\/\/www.zebemusic.com\/wp-content\/uploads\/2013\/08\/ZEBE12701.jpg","datePublished":"2014-11-19T17:14:07+00:00","dateModified":"2025-10-28T13:12:24+00:00","description":"Der Klassiker f\u00fcr Frauenchor oder Kinderchor a cappella (S.S.A.). Staffelpreis! DEMO>>>","breadcrumb":{"@id":"https:\/\/www.zebemusic.com\/de\/product\/gospels-fuer-frauenchor\/#breadcrumb"},"inLanguage":"de-DE","potentialAction":[{"@type":"ReadAction","target":["https:\/\/www.zebemusic.com\/de\/product\/gospels-fuer-frauenchor\/"]}]},{"@type":"ImageObject","inLanguage":"de-DE","@id":"https:\/\/www.zebemusic.com\/de\/product\/gospels-fuer-frauenchor\/#primaryimage","url":"https:\/\/www.zebemusic.com\/wp-content\/uploads\/2013\/08\/ZEBE12701.jpg","contentUrl":"https:\/\/www.zebemusic.com\/wp-content\/uploads\/2013\/08\/ZEBE12701.jpg","width":381,"height":500,"caption":"Gospels f\u00fcr Frauenchor"},{"@type":"BreadcrumbList","@id":"https:\/\/www.zebemusic.com\/de\/product\/gospels-fuer-frauenchor\/#breadcrumb","itemListElement":[{"@type":"ListItem","position":1,"name":"Shop","item":"https:\/\/www.zebemusic.com\/de\/shop-2\/"},{"@type":"ListItem","position":2,"name":"The Ultimate Gospel Choir Book 3"}]},{"@type":"WebSite","@id":"https:\/\/www.zebemusic.com\/de\/#website","url":"https:\/\/www.zebemusic.com\/de\/","name":"ZebeMusic","description":"makes you sing.","publisher":{"@id":"https:\/\/www.zebemusic.com\/de\/#organization"},"alternateName":"Gospelnoten & Kindermusicals","potentialAction":[{"@type":"SearchAction","target":{"@type":"EntryPoint","urlTemplate":"https:\/\/www.zebemusic.com\/de\/?s={search_term_string}"},"query-input":{"@type":"PropertyValueSpecification","valueRequired":true,"valueName":"search_term_string"}}],"inLanguage":"de-DE"},{"@type":"Organization","@id":"https:\/\/www.zebemusic.com\/de\/#organization","name":"ZebeMusic","url":"https:\/\/www.zebemusic.com\/de\/","logo":{"@type":"ImageObject","inLanguage":"de-DE","@id":"https:\/\/www.zebemusic.com\/de\/#\/schema\/logo\/image\/","url":"https:\/\/www.zebemusic.com\/wp-content\/uploads\/2025\/10\/ZEBE-Logo_ZW-makesyousing.jpg","contentUrl":"https:\/\/www.zebemusic.com\/wp-content\/uploads\/2025\/10\/ZEBE-Logo_ZW-makesyousing.jpg","width":2212,"height":958,"caption":"ZebeMusic"},"image":{"@id":"https:\/\/www.zebemusic.com\/de\/#\/schema\/logo\/image\/"},"sameAs":["https:\/\/www.facebook.com\/zebemusic","https:\/\/www.instagram.com\/zebemusic","https:\/\/www.youtube.com\/zebemusicberlin"]}]}},"_links":{"self":[{"href":"https:\/\/www.zebemusic.com\/de\/wp-json\/wp\/v2\/product\/4456","targetHints":{"allow":["GET"]}}],"collection":[{"href":"https:\/\/www.zebemusic.com\/de\/wp-json\/wp\/v2\/product"}],"about":[{"href":"https:\/\/www.zebemusic.com\/de\/wp-json\/wp\/v2\/types\/product"}],"wp:featuredmedia":[{"embeddable":true,"href":"https:\/\/www.zebemusic.com\/de\/wp-json\/wp\/v2\/media\/222"}],"wp:attachment":[{"href":"https:\/\/www.zebemusic.com\/de\/wp-json\/wp\/v2\/media?parent=4456"}],"wp:term":[{"taxonomy":"product_brand","embeddable":true,"href":"https:\/\/www.zebemusic.com\/de\/wp-json\/wp\/v2\/product_brand?post=4456"},{"taxonomy":"product_cat","embeddable":true,"href":"https:\/\/www.zebemusic.com\/de\/wp-json\/wp\/v2\/product_cat?post=4456"},{"taxonomy":"product_tag","embeddable":true,"href":"https:\/\/www.zebemusic.com\/de\/wp-json\/wp\/v2\/product_tag?post=4456"}],"curies":[{"name":"wp","href":"https:\/\/api.w.org\/{rel}","templated":true}]}}