{"id":4545,"date":"2014-11-21T21:24:13","date_gmt":"2014-11-21T19:24:13","guid":{"rendered":"http:\/\/zebemusic.smukkeberg.com\/shop\/jazz\/sacretones-wohin-der-weg\/"},"modified":"2024-01-20T20:38:31","modified_gmt":"2024-01-20T19:38:31","slug":"sacretones-wohin-der-weg","status":"publish","type":"product","link":"https:\/\/www.zebemusic.com\/de\/product\/sacretones-wohin-der-weg\/","title":{"rendered":"Wohin der Weg auch f\u00fchrt <br><i>Sacretones<\/i>"},"content":{"rendered":"","protected":false},"excerpt":{"rendered":"<p>Die Musik der Sacretones ist bunt und weckt Emotionen. Es sind Songs, die Bilder im Kopf entstehen lassen und sie werden auf einem musikalisch raffiniert vorbereiteten Tablett serviert.<br \/>\nIhre Texte erz\u00e4hlen ironisch und karikierend Geschichten aus der Bibel, bringen Glaubensaussagen gekonnt auf den Punkt oder sie befassen sich mit traurig lyrischem Ansatz ernsthaften Problematiken unserer Zeit. Sie geben Anlass zum Schmunzeln, aber eben auch zum Nachdenken und k\u00f6nnen sehr ber\u00fchren. Sie schlagen eine Br\u00fccke zwischen Kirche und Kultur, Kunst und Kritik.<\/p>\n<p align=\"center\"><iframe loading=\"lazy\" src=\"\/\/www.youtube.com\/embed\/FJGLWNtZ2DI\" width=\"320\" height=\"215\" frameborder=\"0\"><\/iframe><\/p>\n<p>&nbsp;<\/p>\n<p><strong>Tracks:<\/strong><br \/>\n1 Wir fahr\u2019n zu schnell \/ 2 Etwas in mir \/ 3 Lied der Hirten \/ 4 Mach\u2019s gut, Jona \/ 5 Bild\u2019 dir nichts ein \/ 6 Gethsemane ist \u00fcberall \/ 7 Der Seher \/ 8 Es ist nicht schwer \/ 9 Krieg ist nur ein eitler Wahn \/ 10 Sodom und Gomorrha \/ 11 Was wirklich z\u00e4hlt<\/p>\n<p><strong>Besetzung:<\/strong><br \/>\nThorsten Hannemann (voc), Stefano Pilia (git), Frank F\u00f6rster (piano), Michael H\u00f6h (dr), Mirko Gutbier (b), Arne Klinger (fl)<\/p>\n<hr \/>\n<p><strong><span style=\"color: #717171;\">Produzent:<\/span><\/strong> Frank F\u00f6rster<br \/>\n<b><span style=\"color: #717171;\">Gesamtl\u00e4nge:<\/span><\/b> 52:22 Min.<br \/>\n<b><span style=\"color: #717171;\">Sprache:<\/span><\/b> deutsch<br \/>\n<strong><span style=\"color: #717171;\">Preis: <\/span><\/strong>mp3-Download <strong>\u20ac 4,99 \/ <\/strong>mp3-Einzelsongs<strong> <strong>\u20ac 0,99 <\/strong><br \/>\n<\/strong><\/p>\n<p>Bitte w\u00e4hlen Sie hier aus:<\/p>\n","protected":false},"featured_media":4558,"template":"","meta":{"_acf_changed":false},"product_brand":[],"product_cat":[301,15],"product_tag":[657,149],"class_list":{"0":"post-4545","1":"product","2":"type-product","3":"status-publish","4":"has-post-thumbnail","6":"product_cat-music-download","7":"product_cat-kindermusical","8":"product_tag-cd","9":"product_tag-deutsch","10":"pa_language-deutsch","11":"pa_others-downloads-de","12":"pa_style-genre-blues-de","13":"pa_style-genre-ngl-de","14":"pa_style-genre-pop-crossover-de","15":"pa_style-genre-singer-songwriter-de","16":"pa_variation-mp3-download-2","17":"pa_variation-track01-wir-fahrn-zu-schnell","18":"pa_variation-track02-etwas-in-mir","19":"pa_variation-track03-lied-der-hirten","20":"pa_variation-track04-machs-gut-jona","21":"pa_variation-track05-bild-dir-nichts-ein","22":"pa_variation-track06-gethsemane-ist-ueberall","23":"pa_variation-track07-der-seher","24":"pa_variation-track08-es-ist-nicht-schwer","25":"pa_variation-track09-krieg-ist-nur-ein-eitler-wahn","26":"pa_variation-track10-sodom-und-gomorrha","27":"pa_variation-track11-was-wirklich-zaehlt","29":"first","30":"instock","31":"taxable","32":"shipping-taxable","33":"purchasable","34":"product-type-variable","35":"has-default-attributes"},"acf":[],"yoast_head":"<!-- This site is optimized with the Yoast SEO plugin v27.5 - https:\/\/yoast.com\/product\/yoast-seo-wordpress\/ -->\n<title>Wohin der Weg auch f\u00fchrt Sacretones<\/title>\n<meta name=\"description\" content=\"Die Texte der Sacretones erz\u00e4hlen ironisch und karikierend Geschichten aus der Bibel, bringen Glaubensaussagen gekonnt auf den Punkt oder sie befassen sich mit traurig lyrischem Ansatz ernsthaften Problematiken unserer Zeit.\" \/>\n<meta name=\"robots\" content=\"index, follow, max-snippet:-1, max-image-preview:large, max-video-preview:-1\" \/>\n<link rel=\"canonical\" href=\"https:\/\/www.zebemusic.com\/product\/sacretones-wohin-der-weg\/\" \/>\n<meta property=\"og:locale\" content=\"de_DE\" \/>\n<meta property=\"og:type\" content=\"article\" \/>\n<meta property=\"og:title\" content=\"Wohin der Weg auch f\u00fchrt Sacretones\" \/>\n<meta property=\"og:description\" content=\"Die Texte der Sacretones erz\u00e4hlen ironisch und karikierend Geschichten aus der Bibel, bringen Glaubensaussagen gekonnt auf den Punkt oder sie befassen sich mit traurig lyrischem Ansatz ernsthaften Problematiken unserer Zeit.\" \/>\n<meta property=\"og:url\" content=\"https:\/\/www.zebemusic.com\/product\/sacretones-wohin-der-weg\/\" \/>\n<meta property=\"og:site_name\" content=\"ZebeMusic\" \/>\n<meta property=\"article:publisher\" content=\"https:\/\/www.facebook.com\/zebemusic\" \/>\n<meta property=\"article:modified_time\" content=\"2024-01-20T19:38:31+00:00\" \/>\n<meta property=\"og:image\" content=\"https:\/\/www.zebemusic.com\/wp-content\/uploads\/2014\/11\/ZEBE1415.jpg\" \/>\n\t<meta property=\"og:image:width\" content=\"340\" \/>\n\t<meta property=\"og:image:height\" content=\"340\" \/>\n\t<meta property=\"og:image:type\" content=\"image\/jpeg\" \/>\n<meta name=\"twitter:card\" content=\"summary_large_image\" \/>\n<meta name=\"twitter:label1\" content=\"Est. reading time\" \/>\n\t<meta name=\"twitter:data1\" content=\"1 minute\" \/>\n<script type=\"application\/ld+json\" class=\"yoast-schema-graph\">{\"@context\":\"https:\\\/\\\/schema.org\",\"@graph\":[{\"@type\":\"WebPage\",\"@id\":\"https:\\\/\\\/www.zebemusic.com\\\/product\\\/sacretones-wohin-der-weg\\\/\",\"url\":\"https:\\\/\\\/www.zebemusic.com\\\/product\\\/sacretones-wohin-der-weg\\\/\",\"name\":\"Wohin der Weg auch f\u00fchrt Sacretones\",\"isPartOf\":{\"@id\":\"https:\\\/\\\/www.zebemusic.com\\\/de\\\/#website\"},\"primaryImageOfPage\":{\"@id\":\"https:\\\/\\\/www.zebemusic.com\\\/product\\\/sacretones-wohin-der-weg\\\/#primaryimage\"},\"image\":{\"@id\":\"https:\\\/\\\/www.zebemusic.com\\\/product\\\/sacretones-wohin-der-weg\\\/#primaryimage\"},\"thumbnailUrl\":\"https:\\\/\\\/www.zebemusic.com\\\/wp-content\\\/uploads\\\/2014\\\/11\\\/ZEBE1415.jpg\",\"datePublished\":\"2014-11-21T19:24:13+00:00\",\"dateModified\":\"2024-01-20T19:38:31+00:00\",\"description\":\"Die Texte der Sacretones erz\u00e4hlen ironisch und karikierend Geschichten aus der Bibel, bringen Glaubensaussagen gekonnt auf den Punkt oder sie befassen sich mit traurig lyrischem Ansatz ernsthaften Problematiken unserer Zeit.\",\"breadcrumb\":{\"@id\":\"https:\\\/\\\/www.zebemusic.com\\\/product\\\/sacretones-wohin-der-weg\\\/#breadcrumb\"},\"inLanguage\":\"de-DE\",\"potentialAction\":[{\"@type\":\"ReadAction\",\"target\":[\"https:\\\/\\\/www.zebemusic.com\\\/product\\\/sacretones-wohin-der-weg\\\/\"]}]},{\"@type\":\"ImageObject\",\"inLanguage\":\"de-DE\",\"@id\":\"https:\\\/\\\/www.zebemusic.com\\\/product\\\/sacretones-wohin-der-weg\\\/#primaryimage\",\"url\":\"https:\\\/\\\/www.zebemusic.com\\\/wp-content\\\/uploads\\\/2014\\\/11\\\/ZEBE1415.jpg\",\"contentUrl\":\"https:\\\/\\\/www.zebemusic.com\\\/wp-content\\\/uploads\\\/2014\\\/11\\\/ZEBE1415.jpg\",\"width\":340,\"height\":340},{\"@type\":\"BreadcrumbList\",\"@id\":\"https:\\\/\\\/www.zebemusic.com\\\/product\\\/sacretones-wohin-der-weg\\\/#breadcrumb\",\"itemListElement\":[{\"@type\":\"ListItem\",\"position\":1,\"name\":\"Shop\",\"item\":\"https:\\\/\\\/www.zebemusic.com\\\/de\\\/shop-2\\\/\"},{\"@type\":\"ListItem\",\"position\":2,\"name\":\"Wohin der Weg auch f\u00fchrt Sacretones\"}]},{\"@type\":\"WebSite\",\"@id\":\"https:\\\/\\\/www.zebemusic.com\\\/de\\\/#website\",\"url\":\"https:\\\/\\\/www.zebemusic.com\\\/de\\\/\",\"name\":\"ZebeMusic\",\"description\":\"makes you sing.\",\"publisher\":{\"@id\":\"https:\\\/\\\/www.zebemusic.com\\\/de\\\/#organization\"},\"alternateName\":\"Gospelnoten & Kindermusicals\",\"potentialAction\":[{\"@type\":\"SearchAction\",\"target\":{\"@type\":\"EntryPoint\",\"urlTemplate\":\"https:\\\/\\\/www.zebemusic.com\\\/de\\\/?s={search_term_string}\"},\"query-input\":{\"@type\":\"PropertyValueSpecification\",\"valueRequired\":true,\"valueName\":\"search_term_string\"}}],\"inLanguage\":\"de-DE\"},{\"@type\":\"Organization\",\"@id\":\"https:\\\/\\\/www.zebemusic.com\\\/de\\\/#organization\",\"name\":\"ZebeMusic\",\"url\":\"https:\\\/\\\/www.zebemusic.com\\\/de\\\/\",\"logo\":{\"@type\":\"ImageObject\",\"inLanguage\":\"de-DE\",\"@id\":\"https:\\\/\\\/www.zebemusic.com\\\/de\\\/#\\\/schema\\\/logo\\\/image\\\/\",\"url\":\"https:\\\/\\\/www.zebemusic.com\\\/wp-content\\\/uploads\\\/2025\\\/10\\\/ZEBE-Logo_ZW-makesyousing.jpg\",\"contentUrl\":\"https:\\\/\\\/www.zebemusic.com\\\/wp-content\\\/uploads\\\/2025\\\/10\\\/ZEBE-Logo_ZW-makesyousing.jpg\",\"width\":2212,\"height\":958,\"caption\":\"ZebeMusic\"},\"image\":{\"@id\":\"https:\\\/\\\/www.zebemusic.com\\\/de\\\/#\\\/schema\\\/logo\\\/image\\\/\"},\"sameAs\":[\"https:\\\/\\\/www.facebook.com\\\/zebemusic\",\"https:\\\/\\\/www.instagram.com\\\/zebemusic\",\"https:\\\/\\\/www.youtube.com\\\/zebemusicberlin\"]}]}<\/script>\n<!-- \/ Yoast SEO plugin. -->","yoast_head_json":{"title":"Wohin der Weg auch f\u00fchrt Sacretones","description":"Die Texte der Sacretones erz\u00e4hlen ironisch und karikierend Geschichten aus der Bibel, bringen Glaubensaussagen gekonnt auf den Punkt oder sie befassen sich mit traurig lyrischem Ansatz ernsthaften Problematiken unserer Zeit.","robots":{"index":"index","follow":"follow","max-snippet":"max-snippet:-1","max-image-preview":"max-image-preview:large","max-video-preview":"max-video-preview:-1"},"canonical":"https:\/\/www.zebemusic.com\/product\/sacretones-wohin-der-weg\/","og_locale":"de_DE","og_type":"article","og_title":"Wohin der Weg auch f\u00fchrt Sacretones","og_description":"Die Texte der Sacretones erz\u00e4hlen ironisch und karikierend Geschichten aus der Bibel, bringen Glaubensaussagen gekonnt auf den Punkt oder sie befassen sich mit traurig lyrischem Ansatz ernsthaften Problematiken unserer Zeit.","og_url":"https:\/\/www.zebemusic.com\/product\/sacretones-wohin-der-weg\/","og_site_name":"ZebeMusic","article_publisher":"https:\/\/www.facebook.com\/zebemusic","article_modified_time":"2024-01-20T19:38:31+00:00","og_image":[{"width":340,"height":340,"url":"https:\/\/www.zebemusic.com\/wp-content\/uploads\/2014\/11\/ZEBE1415.jpg","type":"image\/jpeg"}],"twitter_card":"summary_large_image","twitter_misc":{"Est. reading time":"1 minute"},"schema":{"@context":"https:\/\/schema.org","@graph":[{"@type":"WebPage","@id":"https:\/\/www.zebemusic.com\/product\/sacretones-wohin-der-weg\/","url":"https:\/\/www.zebemusic.com\/product\/sacretones-wohin-der-weg\/","name":"Wohin der Weg auch f\u00fchrt Sacretones","isPartOf":{"@id":"https:\/\/www.zebemusic.com\/de\/#website"},"primaryImageOfPage":{"@id":"https:\/\/www.zebemusic.com\/product\/sacretones-wohin-der-weg\/#primaryimage"},"image":{"@id":"https:\/\/www.zebemusic.com\/product\/sacretones-wohin-der-weg\/#primaryimage"},"thumbnailUrl":"https:\/\/www.zebemusic.com\/wp-content\/uploads\/2014\/11\/ZEBE1415.jpg","datePublished":"2014-11-21T19:24:13+00:00","dateModified":"2024-01-20T19:38:31+00:00","description":"Die Texte der Sacretones erz\u00e4hlen ironisch und karikierend Geschichten aus der Bibel, bringen Glaubensaussagen gekonnt auf den Punkt oder sie befassen sich mit traurig lyrischem Ansatz ernsthaften Problematiken unserer Zeit.","breadcrumb":{"@id":"https:\/\/www.zebemusic.com\/product\/sacretones-wohin-der-weg\/#breadcrumb"},"inLanguage":"de-DE","potentialAction":[{"@type":"ReadAction","target":["https:\/\/www.zebemusic.com\/product\/sacretones-wohin-der-weg\/"]}]},{"@type":"ImageObject","inLanguage":"de-DE","@id":"https:\/\/www.zebemusic.com\/product\/sacretones-wohin-der-weg\/#primaryimage","url":"https:\/\/www.zebemusic.com\/wp-content\/uploads\/2014\/11\/ZEBE1415.jpg","contentUrl":"https:\/\/www.zebemusic.com\/wp-content\/uploads\/2014\/11\/ZEBE1415.jpg","width":340,"height":340},{"@type":"BreadcrumbList","@id":"https:\/\/www.zebemusic.com\/product\/sacretones-wohin-der-weg\/#breadcrumb","itemListElement":[{"@type":"ListItem","position":1,"name":"Shop","item":"https:\/\/www.zebemusic.com\/de\/shop-2\/"},{"@type":"ListItem","position":2,"name":"Wohin der Weg auch f\u00fchrt Sacretones"}]},{"@type":"WebSite","@id":"https:\/\/www.zebemusic.com\/de\/#website","url":"https:\/\/www.zebemusic.com\/de\/","name":"ZebeMusic","description":"makes you sing.","publisher":{"@id":"https:\/\/www.zebemusic.com\/de\/#organization"},"alternateName":"Gospelnoten & Kindermusicals","potentialAction":[{"@type":"SearchAction","target":{"@type":"EntryPoint","urlTemplate":"https:\/\/www.zebemusic.com\/de\/?s={search_term_string}"},"query-input":{"@type":"PropertyValueSpecification","valueRequired":true,"valueName":"search_term_string"}}],"inLanguage":"de-DE"},{"@type":"Organization","@id":"https:\/\/www.zebemusic.com\/de\/#organization","name":"ZebeMusic","url":"https:\/\/www.zebemusic.com\/de\/","logo":{"@type":"ImageObject","inLanguage":"de-DE","@id":"https:\/\/www.zebemusic.com\/de\/#\/schema\/logo\/image\/","url":"https:\/\/www.zebemusic.com\/wp-content\/uploads\/2025\/10\/ZEBE-Logo_ZW-makesyousing.jpg","contentUrl":"https:\/\/www.zebemusic.com\/wp-content\/uploads\/2025\/10\/ZEBE-Logo_ZW-makesyousing.jpg","width":2212,"height":958,"caption":"ZebeMusic"},"image":{"@id":"https:\/\/www.zebemusic.com\/de\/#\/schema\/logo\/image\/"},"sameAs":["https:\/\/www.facebook.com\/zebemusic","https:\/\/www.instagram.com\/zebemusic","https:\/\/www.youtube.com\/zebemusicberlin"]}]}},"_links":{"self":[{"href":"https:\/\/www.zebemusic.com\/de\/wp-json\/wp\/v2\/product\/4545","targetHints":{"allow":["GET"]}}],"collection":[{"href":"https:\/\/www.zebemusic.com\/de\/wp-json\/wp\/v2\/product"}],"about":[{"href":"https:\/\/www.zebemusic.com\/de\/wp-json\/wp\/v2\/types\/product"}],"wp:featuredmedia":[{"embeddable":true,"href":"https:\/\/www.zebemusic.com\/de\/wp-json\/wp\/v2\/media\/4558"}],"wp:attachment":[{"href":"https:\/\/www.zebemusic.com\/de\/wp-json\/wp\/v2\/media?parent=4545"}],"wp:term":[{"taxonomy":"product_brand","embeddable":true,"href":"https:\/\/www.zebemusic.com\/de\/wp-json\/wp\/v2\/product_brand?post=4545"},{"taxonomy":"product_cat","embeddable":true,"href":"https:\/\/www.zebemusic.com\/de\/wp-json\/wp\/v2\/product_cat?post=4545"},{"taxonomy":"product_tag","embeddable":true,"href":"https:\/\/www.zebemusic.com\/de\/wp-json\/wp\/v2\/product_tag?post=4545"}],"curies":[{"name":"wp","href":"https:\/\/api.w.org\/{rel}","templated":true}]}}