{"id":4560,"date":"2014-11-21T21:49:05","date_gmt":"2014-11-21T19:49:05","guid":{"rendered":"http:\/\/zebemusic.smukkeberg.com\/shop\/unkategorisiert\/prisma-vokalgospeljazz\/"},"modified":"2026-04-07T20:51:03","modified_gmt":"2026-04-07T19:51:03","slug":"gospeljazz","status":"publish","type":"product","link":"https:\/\/www.zebemusic.com\/de\/product\/gospeljazz\/","title":{"rendered":"GospelJazz <br><i>PRISMA vokal<\/i>"},"content":{"rendered":"","protected":false},"excerpt":{"rendered":"<p>Das Mainzer Ensemble <em>PRISMA vokal<\/em> hat unter der Leitung von Markus G\u00fcck ein in der Chorszene unverwechselbares Profil entwickelt, das mit dem vorliegenden Album eindrucksvoll pr\u00e4sentiert wird: <em>Gospeljazz<\/em>! Hier trifft die musikalische Dichte z.B. des Vocal Jazz auf die inhaltliche Dichte des Gospel (engl.: Evangelium!) und der Gospelmusik.<\/p>\n<p id=\"postdetails\">Eingesungen wurden Kompositionen und Arrangements von Christoph Sch\u00f6psdau und Markus G\u00fcck, alle gr\u00f6\u00dftenteils in Ersteinspielungen mit einer gro\u00dfartigen Band, die m\u00fchelos Swing, Bossa Nova, Gospel, Rock und Pop auf engsten Raum zu grooven und klingen bringt: darunter Psalmvertonungen (My Fortress), Teile der New York Mass, neue Choralbearbeitungen, Jazzmotetten und eigene Songs.<\/p>\n<p><em>PRISMA vokal<\/em>\u00a0 bringt auf seinem Album eine zeitgen\u00f6ssische geistliche Vokalmusik authentisch, lebendig und stilsicher zum Klingen!<\/p>\n<p><strong><a href=\"\/audio\/ZEBE1414.mp3\" target=\"_blank\" rel=\"noopener noreferrer\">H\u00f6rprobe<\/a><\/strong> &gt;&gt;&gt;<\/p>\n<p><strong>Tracks:<\/strong><br \/>\n1 Those Who Dwell (from: My Fortress) \/ 2 Lord, In You I Trust (from: My Fortress) \/ 3 My Life Is In Your Hands (from: My Fortress) \/ 4 Credo (from: New York Mass) \/ 5 Agnus Dei (from: New York Mass) \/ 6 Search Me Lord \/ 7 Nun danket all und bringet Ehr \/ 8 Die Nacht ist vorgedrungen \/ 9 Kommt her zu mir \/ 10 Schaff in mir, Gott, ein reines Herz \/ 11 Let Your Voice Be Heard \/ 12 He\u2019s Risen<strong>\u00a0<\/strong><\/p>\n<hr \/>\n<p><strong><span style=\"color: #717171;\">Produzent:<\/span><\/strong> <a href=\"https:\/\/www.zebemusic.com\/de\/markus-gueck\/\" target=\"_blank\" rel=\"noopener noreferrer\">Markus Gu\u0308ck<\/a><br \/>\n<b><span style=\"color: #717171;\">Gesamtl\u00e4nge:<\/span><\/b>\u00a063:47 Min.<br \/>\n<b><span style=\"color: #717171;\">Sprache:<\/span><\/b> englisch\/deutsch<br \/>\n<strong><span style=\"color: #717171;\">Preis:<\/span><\/strong> mp3-Album <strong>\u20ac 7,99 <\/strong>or <strong>\u20ac<\/strong> <strong>0,99<\/strong> per Song<strong><br \/>\n<\/strong><\/p>\n","protected":false},"featured_media":4573,"template":"","meta":{"_acf_changed":false},"product_brand":[],"product_cat":[14,301],"product_tag":[657,149],"class_list":{"0":"post-4560","1":"product","2":"type-product","3":"status-publish","4":"has-post-thumbnail","6":"product_cat-jazz","7":"product_cat-music-download","8":"product_tag-cd","9":"product_tag-deutsch","10":"pa_language-deutsch","11":"pa_language-englisch","12":"pa_others-downloads-de","13":"pa_style-genre-ballade","14":"pa_style-genre-choral-adaptionen","15":"pa_style-genre-gospel-de","16":"pa_style-genre-jazz-de","17":"pa_style-genre-lobpreis","18":"pa_style-genre-pop-crossover-de","19":"pa_variation-cd-mp3-download","20":"pa_variation-track01-those-who-dwell","21":"pa_variation-track02-lord-in-you-i-trust","22":"pa_variation-track03-my-life-is-in-your-hands","23":"pa_variation-track04-credo","24":"pa_variation-track05-agnus-dei","25":"pa_variation-track06-search-me-lord","26":"pa_variation-track07-nun-danket-all-und-bringet-ehr","27":"pa_variation-track08-die-nacht-ist-vorgedrungen","28":"pa_variation-track09-kommt-her-zu-mir","29":"pa_variation-track10-schaff-in-mir-gott-ein-reines-herz","30":"pa_variation-track11-let-your-voice-be-heard","31":"pa_variation-track12-hes-risen","33":"first","34":"instock","35":"taxable","36":"shipping-taxable","37":"purchasable","38":"product-type-variable","39":"has-default-attributes"},"acf":[],"yoast_head":"<!-- This site is optimized with the Yoast SEO plugin v27.4 - https:\/\/yoast.com\/product\/yoast-seo-wordpress\/ -->\n<title>GospelJazz PRISMA vokal feat. Markus G\u00fcck<\/title>\n<meta name=\"description\" content=\"Gospeljazz! Hier trifft die musikalische Dichte des Vocal Jazz auf die inhaltliche Dichte der Bibel und der Gospelmusik. DEMO &gt;&gt;&gt;\" \/>\n<meta name=\"robots\" content=\"index, follow, max-snippet:-1, max-image-preview:large, max-video-preview:-1\" \/>\n<link rel=\"canonical\" href=\"https:\/\/www.zebemusic.com\/de\/product\/gospeljazz\/\" \/>\n<meta property=\"og:locale\" content=\"de_DE\" \/>\n<meta property=\"og:type\" content=\"article\" \/>\n<meta property=\"og:title\" content=\"GospelJazz PRISMA vokal feat. Markus G\u00fcck\" \/>\n<meta property=\"og:description\" content=\"Gospeljazz! Hier trifft die musikalische Dichte des Vocal Jazz auf die inhaltliche Dichte der Bibel und der Gospelmusik. DEMO &gt;&gt;&gt;\" \/>\n<meta property=\"og:url\" content=\"https:\/\/www.zebemusic.com\/de\/product\/gospeljazz\/\" \/>\n<meta property=\"og:site_name\" content=\"ZebeMusic\" \/>\n<meta property=\"article:publisher\" content=\"https:\/\/www.facebook.com\/zebemusic\" \/>\n<meta property=\"article:modified_time\" content=\"2026-04-07T19:51:03+00:00\" \/>\n<meta property=\"og:image\" content=\"https:\/\/www.zebemusic.com\/wp-content\/uploads\/2014\/11\/1414.jpg\" \/>\n\t<meta property=\"og:image:width\" content=\"385\" \/>\n\t<meta property=\"og:image:height\" content=\"382\" \/>\n\t<meta property=\"og:image:type\" content=\"image\/jpeg\" \/>\n<meta name=\"twitter:card\" content=\"summary_large_image\" \/>\n<meta name=\"twitter:label1\" content=\"Est. reading time\" \/>\n\t<meta name=\"twitter:data1\" content=\"1 minute\" \/>\n<script type=\"application\/ld+json\" class=\"yoast-schema-graph\">{\"@context\":\"https:\\\/\\\/schema.org\",\"@graph\":[{\"@type\":\"WebPage\",\"@id\":\"https:\\\/\\\/www.zebemusic.com\\\/de\\\/product\\\/gospeljazz\\\/\",\"url\":\"https:\\\/\\\/www.zebemusic.com\\\/de\\\/product\\\/gospeljazz\\\/\",\"name\":\"GospelJazz PRISMA vokal feat. Markus G\u00fcck\",\"isPartOf\":{\"@id\":\"https:\\\/\\\/www.zebemusic.com\\\/de\\\/#website\"},\"primaryImageOfPage\":{\"@id\":\"https:\\\/\\\/www.zebemusic.com\\\/de\\\/product\\\/gospeljazz\\\/#primaryimage\"},\"image\":{\"@id\":\"https:\\\/\\\/www.zebemusic.com\\\/de\\\/product\\\/gospeljazz\\\/#primaryimage\"},\"thumbnailUrl\":\"https:\\\/\\\/www.zebemusic.com\\\/wp-content\\\/uploads\\\/2014\\\/11\\\/1414.jpg\",\"datePublished\":\"2014-11-21T19:49:05+00:00\",\"dateModified\":\"2026-04-07T19:51:03+00:00\",\"description\":\"Gospeljazz! Hier trifft die musikalische Dichte des Vocal Jazz auf die inhaltliche Dichte der Bibel und der Gospelmusik. DEMO >>>\",\"breadcrumb\":{\"@id\":\"https:\\\/\\\/www.zebemusic.com\\\/de\\\/product\\\/gospeljazz\\\/#breadcrumb\"},\"inLanguage\":\"de-DE\",\"potentialAction\":[{\"@type\":\"ReadAction\",\"target\":[\"https:\\\/\\\/www.zebemusic.com\\\/de\\\/product\\\/gospeljazz\\\/\"]}]},{\"@type\":\"ImageObject\",\"inLanguage\":\"de-DE\",\"@id\":\"https:\\\/\\\/www.zebemusic.com\\\/de\\\/product\\\/gospeljazz\\\/#primaryimage\",\"url\":\"https:\\\/\\\/www.zebemusic.com\\\/wp-content\\\/uploads\\\/2014\\\/11\\\/1414.jpg\",\"contentUrl\":\"https:\\\/\\\/www.zebemusic.com\\\/wp-content\\\/uploads\\\/2014\\\/11\\\/1414.jpg\",\"width\":385,\"height\":382,\"caption\":\"Prisma Vokal: GospelJazz\"},{\"@type\":\"BreadcrumbList\",\"@id\":\"https:\\\/\\\/www.zebemusic.com\\\/de\\\/product\\\/gospeljazz\\\/#breadcrumb\",\"itemListElement\":[{\"@type\":\"ListItem\",\"position\":1,\"name\":\"Shop\",\"item\":\"https:\\\/\\\/www.zebemusic.com\\\/de\\\/shop-2\\\/\"},{\"@type\":\"ListItem\",\"position\":2,\"name\":\"GospelJazz PRISMA vokal\"}]},{\"@type\":\"WebSite\",\"@id\":\"https:\\\/\\\/www.zebemusic.com\\\/de\\\/#website\",\"url\":\"https:\\\/\\\/www.zebemusic.com\\\/de\\\/\",\"name\":\"ZebeMusic\",\"description\":\"makes you sing.\",\"publisher\":{\"@id\":\"https:\\\/\\\/www.zebemusic.com\\\/de\\\/#organization\"},\"alternateName\":\"Gospelnoten & Kindermusicals\",\"potentialAction\":[{\"@type\":\"SearchAction\",\"target\":{\"@type\":\"EntryPoint\",\"urlTemplate\":\"https:\\\/\\\/www.zebemusic.com\\\/de\\\/?s={search_term_string}\"},\"query-input\":{\"@type\":\"PropertyValueSpecification\",\"valueRequired\":true,\"valueName\":\"search_term_string\"}}],\"inLanguage\":\"de-DE\"},{\"@type\":\"Organization\",\"@id\":\"https:\\\/\\\/www.zebemusic.com\\\/de\\\/#organization\",\"name\":\"ZebeMusic\",\"url\":\"https:\\\/\\\/www.zebemusic.com\\\/de\\\/\",\"logo\":{\"@type\":\"ImageObject\",\"inLanguage\":\"de-DE\",\"@id\":\"https:\\\/\\\/www.zebemusic.com\\\/de\\\/#\\\/schema\\\/logo\\\/image\\\/\",\"url\":\"https:\\\/\\\/www.zebemusic.com\\\/wp-content\\\/uploads\\\/2025\\\/10\\\/ZEBE-Logo_ZW-makesyousing.jpg\",\"contentUrl\":\"https:\\\/\\\/www.zebemusic.com\\\/wp-content\\\/uploads\\\/2025\\\/10\\\/ZEBE-Logo_ZW-makesyousing.jpg\",\"width\":2212,\"height\":958,\"caption\":\"ZebeMusic\"},\"image\":{\"@id\":\"https:\\\/\\\/www.zebemusic.com\\\/de\\\/#\\\/schema\\\/logo\\\/image\\\/\"},\"sameAs\":[\"https:\\\/\\\/www.facebook.com\\\/zebemusic\",\"https:\\\/\\\/www.instagram.com\\\/zebemusic\",\"https:\\\/\\\/www.youtube.com\\\/zebemusicberlin\"]}]}<\/script>\n<!-- \/ Yoast SEO plugin. -->","yoast_head_json":{"title":"GospelJazz PRISMA vokal feat. Markus G\u00fcck","description":"Gospeljazz! Hier trifft die musikalische Dichte des Vocal Jazz auf die inhaltliche Dichte der Bibel und der Gospelmusik. DEMO >>>","robots":{"index":"index","follow":"follow","max-snippet":"max-snippet:-1","max-image-preview":"max-image-preview:large","max-video-preview":"max-video-preview:-1"},"canonical":"https:\/\/www.zebemusic.com\/de\/product\/gospeljazz\/","og_locale":"de_DE","og_type":"article","og_title":"GospelJazz PRISMA vokal feat. Markus G\u00fcck","og_description":"Gospeljazz! Hier trifft die musikalische Dichte des Vocal Jazz auf die inhaltliche Dichte der Bibel und der Gospelmusik. DEMO >>>","og_url":"https:\/\/www.zebemusic.com\/de\/product\/gospeljazz\/","og_site_name":"ZebeMusic","article_publisher":"https:\/\/www.facebook.com\/zebemusic","article_modified_time":"2026-04-07T19:51:03+00:00","og_image":[{"width":385,"height":382,"url":"https:\/\/www.zebemusic.com\/wp-content\/uploads\/2014\/11\/1414.jpg","type":"image\/jpeg"}],"twitter_card":"summary_large_image","twitter_misc":{"Est. reading time":"1 minute"},"schema":{"@context":"https:\/\/schema.org","@graph":[{"@type":"WebPage","@id":"https:\/\/www.zebemusic.com\/de\/product\/gospeljazz\/","url":"https:\/\/www.zebemusic.com\/de\/product\/gospeljazz\/","name":"GospelJazz PRISMA vokal feat. Markus G\u00fcck","isPartOf":{"@id":"https:\/\/www.zebemusic.com\/de\/#website"},"primaryImageOfPage":{"@id":"https:\/\/www.zebemusic.com\/de\/product\/gospeljazz\/#primaryimage"},"image":{"@id":"https:\/\/www.zebemusic.com\/de\/product\/gospeljazz\/#primaryimage"},"thumbnailUrl":"https:\/\/www.zebemusic.com\/wp-content\/uploads\/2014\/11\/1414.jpg","datePublished":"2014-11-21T19:49:05+00:00","dateModified":"2026-04-07T19:51:03+00:00","description":"Gospeljazz! Hier trifft die musikalische Dichte des Vocal Jazz auf die inhaltliche Dichte der Bibel und der Gospelmusik. DEMO >>>","breadcrumb":{"@id":"https:\/\/www.zebemusic.com\/de\/product\/gospeljazz\/#breadcrumb"},"inLanguage":"de-DE","potentialAction":[{"@type":"ReadAction","target":["https:\/\/www.zebemusic.com\/de\/product\/gospeljazz\/"]}]},{"@type":"ImageObject","inLanguage":"de-DE","@id":"https:\/\/www.zebemusic.com\/de\/product\/gospeljazz\/#primaryimage","url":"https:\/\/www.zebemusic.com\/wp-content\/uploads\/2014\/11\/1414.jpg","contentUrl":"https:\/\/www.zebemusic.com\/wp-content\/uploads\/2014\/11\/1414.jpg","width":385,"height":382,"caption":"Prisma Vokal: GospelJazz"},{"@type":"BreadcrumbList","@id":"https:\/\/www.zebemusic.com\/de\/product\/gospeljazz\/#breadcrumb","itemListElement":[{"@type":"ListItem","position":1,"name":"Shop","item":"https:\/\/www.zebemusic.com\/de\/shop-2\/"},{"@type":"ListItem","position":2,"name":"GospelJazz PRISMA vokal"}]},{"@type":"WebSite","@id":"https:\/\/www.zebemusic.com\/de\/#website","url":"https:\/\/www.zebemusic.com\/de\/","name":"ZebeMusic","description":"makes you sing.","publisher":{"@id":"https:\/\/www.zebemusic.com\/de\/#organization"},"alternateName":"Gospelnoten & Kindermusicals","potentialAction":[{"@type":"SearchAction","target":{"@type":"EntryPoint","urlTemplate":"https:\/\/www.zebemusic.com\/de\/?s={search_term_string}"},"query-input":{"@type":"PropertyValueSpecification","valueRequired":true,"valueName":"search_term_string"}}],"inLanguage":"de-DE"},{"@type":"Organization","@id":"https:\/\/www.zebemusic.com\/de\/#organization","name":"ZebeMusic","url":"https:\/\/www.zebemusic.com\/de\/","logo":{"@type":"ImageObject","inLanguage":"de-DE","@id":"https:\/\/www.zebemusic.com\/de\/#\/schema\/logo\/image\/","url":"https:\/\/www.zebemusic.com\/wp-content\/uploads\/2025\/10\/ZEBE-Logo_ZW-makesyousing.jpg","contentUrl":"https:\/\/www.zebemusic.com\/wp-content\/uploads\/2025\/10\/ZEBE-Logo_ZW-makesyousing.jpg","width":2212,"height":958,"caption":"ZebeMusic"},"image":{"@id":"https:\/\/www.zebemusic.com\/de\/#\/schema\/logo\/image\/"},"sameAs":["https:\/\/www.facebook.com\/zebemusic","https:\/\/www.instagram.com\/zebemusic","https:\/\/www.youtube.com\/zebemusicberlin"]}]}},"_links":{"self":[{"href":"https:\/\/www.zebemusic.com\/de\/wp-json\/wp\/v2\/product\/4560","targetHints":{"allow":["GET"]}}],"collection":[{"href":"https:\/\/www.zebemusic.com\/de\/wp-json\/wp\/v2\/product"}],"about":[{"href":"https:\/\/www.zebemusic.com\/de\/wp-json\/wp\/v2\/types\/product"}],"wp:featuredmedia":[{"embeddable":true,"href":"https:\/\/www.zebemusic.com\/de\/wp-json\/wp\/v2\/media\/4573"}],"wp:attachment":[{"href":"https:\/\/www.zebemusic.com\/de\/wp-json\/wp\/v2\/media?parent=4560"}],"wp:term":[{"taxonomy":"product_brand","embeddable":true,"href":"https:\/\/www.zebemusic.com\/de\/wp-json\/wp\/v2\/product_brand?post=4560"},{"taxonomy":"product_cat","embeddable":true,"href":"https:\/\/www.zebemusic.com\/de\/wp-json\/wp\/v2\/product_cat?post=4560"},{"taxonomy":"product_tag","embeddable":true,"href":"https:\/\/www.zebemusic.com\/de\/wp-json\/wp\/v2\/product_tag?post=4560"}],"curies":[{"name":"wp","href":"https:\/\/api.w.org\/{rel}","templated":true}]}}