{"id":4595,"date":"2015-01-22T11:35:26","date_gmt":"2015-01-22T09:35:26","guid":{"rendered":"http:\/\/zebemusic.smukkeberg.com\/shop\/gospel\/berliner-soulchorlive\/"},"modified":"2024-01-20T20:02:42","modified_gmt":"2024-01-20T19:02:42","slug":"berliner-soulchorlive","status":"publish","type":"product","link":"https:\/\/www.zebemusic.com\/de\/product\/berliner-soulchorlive\/","title":{"rendered":"Live <br>Berliner Soulchor"},"content":{"rendered":"","protected":false},"excerpt":{"rendered":"<p>Der Berliner Soulchor ist das XXL-Musikprojekt der Hauptstadt. 80 S\u00e4ngerinnen und S\u00e4nger sowie eine achtk\u00f6pfige Band haben sich auf Soul-, R&amp;B- und Gospelmusik spezialisiert.<\/p>\n<p>Auf der CD \u201cLive\u201d wurde festgehalten, wof\u00fcr das Publikum im In- und Ausland den Berliner Soulchor liebt: stimmungsvolle Songs mit guten Texten, Grooves, die in die Beine gehen und ein ausstrahlungsstarker Chor. Das h\u00f6rt man in den dreizehn Songs.<\/p>\n<p id=\"pressename\" style=\"padding-left: 30px;\"><span style=\"color: #993300;\"><strong>\u201cDruckvoller Chorsound gepaart mit leidenschaftlichen Solopassagen, die das Etikett \u201cSoul\u201d wirklich verdienen.\u201d <\/strong><\/span>gospelradio.de<\/p>\n<p><strong>Tracks:<\/strong><br \/>\n01 Singasong, 02 The Power, 03 Express Yourself, 04 Somebody Else\u2019s Guy, 05 None Of Us Are Free, 06 Study War No More, 07 Heaven Help Us All, 08 We Can Work It Out, 09 You\u2019ve Got A Friend, 10 Signed, Sealed, Delivered, 11 Son Of A Preacher Man, 12 I Heard It Through The Grapevine, 13 The Storm Is Over<\/p>\n<p><strong><a href=\"\/audio\/ZEBE1408.mp3\" target=\"_blank\" rel=\"noopener noreferrer\">H\u00f6rprobe &gt;&gt;&gt;<\/a><br \/>\n<\/strong><\/p>\n<hr \/>\n<p><strong><span style=\"color: #717171;\">Produzent:<\/span><\/strong> <a href=\"\/stephanzebe\" target=\"_blank\" rel=\"noopener noreferrer\">Stephan Zebe<\/a><br \/>\n<b><span style=\"color: #717171;\">Sprache:<\/span><\/b> englisch<br \/>\n<strong><span style=\"color: #717171;\">Preis:<\/span><\/strong> Album <strong>\u20ac 4,99<\/strong> \/ Einzelsongs<strong> <strong>\u20ac 0,99<\/strong><\/strong><\/p>\n<p>Bitte w\u00e4hlen Sie hier aus:<\/p>\n","protected":false},"featured_media":225,"template":"","meta":{"_acf_changed":false},"product_brand":[],"product_cat":[13,301],"product_tag":[657,159,151],"class_list":{"0":"post-4595","1":"product","2":"type-product","3":"status-publish","4":"has-post-thumbnail","6":"product_cat-gospel","7":"product_cat-music-download","8":"product_tag-cd","9":"product_tag-soul","10":"product_tag-zebe","11":"pa_language-englisch","12":"pa_others-downloads-de","13":"pa_style-genre-ballade","14":"pa_style-genre-blues-de","15":"pa_style-genre-gospel-de","16":"pa_style-genre-pop-crossover-de","17":"pa_style-genre-soul-funk-de","18":"pa_variation-01-singasong","19":"pa_variation-02-the-power","20":"pa_variation-03-express-yourself","21":"pa_variation-04-somebody-elses-guy","22":"pa_variation-05-none-of-us-are-free","23":"pa_variation-06-study-war-no-more","24":"pa_variation-07-heaven-help-us-all","25":"pa_variation-08-we-can-work-it-out","26":"pa_variation-09-youve-got-a-friend","27":"pa_variation-10-signed-sealed-delievered","28":"pa_variation-11-son-of-a-preacher-man","29":"pa_variation-12-i-heard-it-through-the-grapevine","30":"pa_variation-13-the-storm-is-over-now","31":"pa_variation-cd-mp3-download","33":"first","34":"instock","35":"taxable","36":"shipping-taxable","37":"purchasable","38":"product-type-variable","39":"has-default-attributes"},"acf":[],"yoast_head":"<!-- This site is optimized with the Yoast SEO plugin v27.5 - https:\/\/yoast.com\/product\/yoast-seo-wordpress\/ -->\n<title>Live Berliner Soulchor<\/title>\n<meta name=\"description\" content=\"Soulchor live mit Bl\u00e4sersatz und 80 Stimmen aus Berlin! Earth, Wind &amp; Fire: Singasong, Ray Charles: None Of Us Are Free, Stevie Wonder: Heaven Help Us All, Aretha Franklin: Son Of A Preacher Man, Marvin Gaye: I Heard It Through The Grapevine,...\" \/>\n<meta name=\"robots\" content=\"index, follow, max-snippet:-1, max-image-preview:large, max-video-preview:-1\" \/>\n<link rel=\"canonical\" href=\"https:\/\/www.zebemusic.com\/product\/berliner-soulchorlive\/\" \/>\n<meta property=\"og:locale\" content=\"de_DE\" \/>\n<meta property=\"og:type\" content=\"article\" \/>\n<meta property=\"og:title\" content=\"Live Berliner Soulchor\" \/>\n<meta property=\"og:description\" content=\"Soulchor live mit Bl\u00e4sersatz und 80 Stimmen aus Berlin! Earth, Wind &amp; Fire: Singasong, Ray Charles: None Of Us Are Free, Stevie Wonder: Heaven Help Us All, Aretha Franklin: Son Of A Preacher Man, Marvin Gaye: I Heard It Through The Grapevine,...\" \/>\n<meta property=\"og:url\" content=\"https:\/\/www.zebemusic.com\/product\/berliner-soulchorlive\/\" \/>\n<meta property=\"og:site_name\" content=\"ZebeMusic\" \/>\n<meta property=\"article:publisher\" content=\"https:\/\/www.facebook.com\/zebemusic\" \/>\n<meta property=\"article:modified_time\" content=\"2024-01-20T19:02:42+00:00\" \/>\n<meta property=\"og:image\" content=\"https:\/\/www.zebemusic.com\/wp-content\/uploads\/2013\/08\/ZEBE14081.jpg\" \/>\n\t<meta property=\"og:image:width\" content=\"500\" \/>\n\t<meta property=\"og:image:height\" content=\"443\" \/>\n\t<meta property=\"og:image:type\" content=\"image\/jpeg\" \/>\n<meta name=\"twitter:card\" content=\"summary_large_image\" \/>\n<meta name=\"twitter:label1\" content=\"Est. reading time\" \/>\n\t<meta name=\"twitter:data1\" content=\"1 minute\" \/>\n<script type=\"application\/ld+json\" class=\"yoast-schema-graph\">{\"@context\":\"https:\\\/\\\/schema.org\",\"@graph\":[{\"@type\":\"WebPage\",\"@id\":\"https:\\\/\\\/www.zebemusic.com\\\/product\\\/berliner-soulchorlive\\\/\",\"url\":\"https:\\\/\\\/www.zebemusic.com\\\/product\\\/berliner-soulchorlive\\\/\",\"name\":\"Live Berliner Soulchor\",\"isPartOf\":{\"@id\":\"https:\\\/\\\/www.zebemusic.com\\\/de\\\/#website\"},\"primaryImageOfPage\":{\"@id\":\"https:\\\/\\\/www.zebemusic.com\\\/product\\\/berliner-soulchorlive\\\/#primaryimage\"},\"image\":{\"@id\":\"https:\\\/\\\/www.zebemusic.com\\\/product\\\/berliner-soulchorlive\\\/#primaryimage\"},\"thumbnailUrl\":\"https:\\\/\\\/www.zebemusic.com\\\/wp-content\\\/uploads\\\/2013\\\/08\\\/ZEBE14081.jpg\",\"datePublished\":\"2015-01-22T09:35:26+00:00\",\"dateModified\":\"2024-01-20T19:02:42+00:00\",\"description\":\"Soulchor live mit Bl\u00e4sersatz und 80 Stimmen aus Berlin! Earth, Wind & Fire: Singasong, Ray Charles: None Of Us Are Free, Stevie Wonder: Heaven Help Us All, Aretha Franklin: Son Of A Preacher Man, Marvin Gaye: I Heard It Through The Grapevine,...\",\"breadcrumb\":{\"@id\":\"https:\\\/\\\/www.zebemusic.com\\\/product\\\/berliner-soulchorlive\\\/#breadcrumb\"},\"inLanguage\":\"de-DE\",\"potentialAction\":[{\"@type\":\"ReadAction\",\"target\":[\"https:\\\/\\\/www.zebemusic.com\\\/product\\\/berliner-soulchorlive\\\/\"]}]},{\"@type\":\"ImageObject\",\"inLanguage\":\"de-DE\",\"@id\":\"https:\\\/\\\/www.zebemusic.com\\\/product\\\/berliner-soulchorlive\\\/#primaryimage\",\"url\":\"https:\\\/\\\/www.zebemusic.com\\\/wp-content\\\/uploads\\\/2013\\\/08\\\/ZEBE14081.jpg\",\"contentUrl\":\"https:\\\/\\\/www.zebemusic.com\\\/wp-content\\\/uploads\\\/2013\\\/08\\\/ZEBE14081.jpg\",\"width\":500,\"height\":443},{\"@type\":\"BreadcrumbList\",\"@id\":\"https:\\\/\\\/www.zebemusic.com\\\/product\\\/berliner-soulchorlive\\\/#breadcrumb\",\"itemListElement\":[{\"@type\":\"ListItem\",\"position\":1,\"name\":\"Shop\",\"item\":\"https:\\\/\\\/www.zebemusic.com\\\/de\\\/shop-2\\\/\"},{\"@type\":\"ListItem\",\"position\":2,\"name\":\"Live Berliner Soulchor\"}]},{\"@type\":\"WebSite\",\"@id\":\"https:\\\/\\\/www.zebemusic.com\\\/de\\\/#website\",\"url\":\"https:\\\/\\\/www.zebemusic.com\\\/de\\\/\",\"name\":\"ZebeMusic\",\"description\":\"makes you sing.\",\"publisher\":{\"@id\":\"https:\\\/\\\/www.zebemusic.com\\\/de\\\/#organization\"},\"alternateName\":\"Gospelnoten & Kindermusicals\",\"potentialAction\":[{\"@type\":\"SearchAction\",\"target\":{\"@type\":\"EntryPoint\",\"urlTemplate\":\"https:\\\/\\\/www.zebemusic.com\\\/de\\\/?s={search_term_string}\"},\"query-input\":{\"@type\":\"PropertyValueSpecification\",\"valueRequired\":true,\"valueName\":\"search_term_string\"}}],\"inLanguage\":\"de-DE\"},{\"@type\":\"Organization\",\"@id\":\"https:\\\/\\\/www.zebemusic.com\\\/de\\\/#organization\",\"name\":\"ZebeMusic\",\"url\":\"https:\\\/\\\/www.zebemusic.com\\\/de\\\/\",\"logo\":{\"@type\":\"ImageObject\",\"inLanguage\":\"de-DE\",\"@id\":\"https:\\\/\\\/www.zebemusic.com\\\/de\\\/#\\\/schema\\\/logo\\\/image\\\/\",\"url\":\"https:\\\/\\\/www.zebemusic.com\\\/wp-content\\\/uploads\\\/2025\\\/10\\\/ZEBE-Logo_ZW-makesyousing.jpg\",\"contentUrl\":\"https:\\\/\\\/www.zebemusic.com\\\/wp-content\\\/uploads\\\/2025\\\/10\\\/ZEBE-Logo_ZW-makesyousing.jpg\",\"width\":2212,\"height\":958,\"caption\":\"ZebeMusic\"},\"image\":{\"@id\":\"https:\\\/\\\/www.zebemusic.com\\\/de\\\/#\\\/schema\\\/logo\\\/image\\\/\"},\"sameAs\":[\"https:\\\/\\\/www.facebook.com\\\/zebemusic\",\"https:\\\/\\\/www.instagram.com\\\/zebemusic\",\"https:\\\/\\\/www.youtube.com\\\/zebemusicberlin\"]}]}<\/script>\n<!-- \/ Yoast SEO plugin. -->","yoast_head_json":{"title":"Live Berliner Soulchor","description":"Soulchor live mit Bl\u00e4sersatz und 80 Stimmen aus Berlin! Earth, Wind & Fire: Singasong, Ray Charles: None Of Us Are Free, Stevie Wonder: Heaven Help Us All, Aretha Franklin: Son Of A Preacher Man, Marvin Gaye: I Heard It Through The Grapevine,...","robots":{"index":"index","follow":"follow","max-snippet":"max-snippet:-1","max-image-preview":"max-image-preview:large","max-video-preview":"max-video-preview:-1"},"canonical":"https:\/\/www.zebemusic.com\/product\/berliner-soulchorlive\/","og_locale":"de_DE","og_type":"article","og_title":"Live Berliner Soulchor","og_description":"Soulchor live mit Bl\u00e4sersatz und 80 Stimmen aus Berlin! Earth, Wind & Fire: Singasong, Ray Charles: None Of Us Are Free, Stevie Wonder: Heaven Help Us All, Aretha Franklin: Son Of A Preacher Man, Marvin Gaye: I Heard It Through The Grapevine,...","og_url":"https:\/\/www.zebemusic.com\/product\/berliner-soulchorlive\/","og_site_name":"ZebeMusic","article_publisher":"https:\/\/www.facebook.com\/zebemusic","article_modified_time":"2024-01-20T19:02:42+00:00","og_image":[{"width":500,"height":443,"url":"https:\/\/www.zebemusic.com\/wp-content\/uploads\/2013\/08\/ZEBE14081.jpg","type":"image\/jpeg"}],"twitter_card":"summary_large_image","twitter_misc":{"Est. reading time":"1 minute"},"schema":{"@context":"https:\/\/schema.org","@graph":[{"@type":"WebPage","@id":"https:\/\/www.zebemusic.com\/product\/berliner-soulchorlive\/","url":"https:\/\/www.zebemusic.com\/product\/berliner-soulchorlive\/","name":"Live Berliner Soulchor","isPartOf":{"@id":"https:\/\/www.zebemusic.com\/de\/#website"},"primaryImageOfPage":{"@id":"https:\/\/www.zebemusic.com\/product\/berliner-soulchorlive\/#primaryimage"},"image":{"@id":"https:\/\/www.zebemusic.com\/product\/berliner-soulchorlive\/#primaryimage"},"thumbnailUrl":"https:\/\/www.zebemusic.com\/wp-content\/uploads\/2013\/08\/ZEBE14081.jpg","datePublished":"2015-01-22T09:35:26+00:00","dateModified":"2024-01-20T19:02:42+00:00","description":"Soulchor live mit Bl\u00e4sersatz und 80 Stimmen aus Berlin! Earth, Wind & Fire: Singasong, Ray Charles: None Of Us Are Free, Stevie Wonder: Heaven Help Us All, Aretha Franklin: Son Of A Preacher Man, Marvin Gaye: I Heard It Through The Grapevine,...","breadcrumb":{"@id":"https:\/\/www.zebemusic.com\/product\/berliner-soulchorlive\/#breadcrumb"},"inLanguage":"de-DE","potentialAction":[{"@type":"ReadAction","target":["https:\/\/www.zebemusic.com\/product\/berliner-soulchorlive\/"]}]},{"@type":"ImageObject","inLanguage":"de-DE","@id":"https:\/\/www.zebemusic.com\/product\/berliner-soulchorlive\/#primaryimage","url":"https:\/\/www.zebemusic.com\/wp-content\/uploads\/2013\/08\/ZEBE14081.jpg","contentUrl":"https:\/\/www.zebemusic.com\/wp-content\/uploads\/2013\/08\/ZEBE14081.jpg","width":500,"height":443},{"@type":"BreadcrumbList","@id":"https:\/\/www.zebemusic.com\/product\/berliner-soulchorlive\/#breadcrumb","itemListElement":[{"@type":"ListItem","position":1,"name":"Shop","item":"https:\/\/www.zebemusic.com\/de\/shop-2\/"},{"@type":"ListItem","position":2,"name":"Live Berliner Soulchor"}]},{"@type":"WebSite","@id":"https:\/\/www.zebemusic.com\/de\/#website","url":"https:\/\/www.zebemusic.com\/de\/","name":"ZebeMusic","description":"makes you sing.","publisher":{"@id":"https:\/\/www.zebemusic.com\/de\/#organization"},"alternateName":"Gospelnoten & Kindermusicals","potentialAction":[{"@type":"SearchAction","target":{"@type":"EntryPoint","urlTemplate":"https:\/\/www.zebemusic.com\/de\/?s={search_term_string}"},"query-input":{"@type":"PropertyValueSpecification","valueRequired":true,"valueName":"search_term_string"}}],"inLanguage":"de-DE"},{"@type":"Organization","@id":"https:\/\/www.zebemusic.com\/de\/#organization","name":"ZebeMusic","url":"https:\/\/www.zebemusic.com\/de\/","logo":{"@type":"ImageObject","inLanguage":"de-DE","@id":"https:\/\/www.zebemusic.com\/de\/#\/schema\/logo\/image\/","url":"https:\/\/www.zebemusic.com\/wp-content\/uploads\/2025\/10\/ZEBE-Logo_ZW-makesyousing.jpg","contentUrl":"https:\/\/www.zebemusic.com\/wp-content\/uploads\/2025\/10\/ZEBE-Logo_ZW-makesyousing.jpg","width":2212,"height":958,"caption":"ZebeMusic"},"image":{"@id":"https:\/\/www.zebemusic.com\/de\/#\/schema\/logo\/image\/"},"sameAs":["https:\/\/www.facebook.com\/zebemusic","https:\/\/www.instagram.com\/zebemusic","https:\/\/www.youtube.com\/zebemusicberlin"]}]}},"_links":{"self":[{"href":"https:\/\/www.zebemusic.com\/de\/wp-json\/wp\/v2\/product\/4595","targetHints":{"allow":["GET"]}}],"collection":[{"href":"https:\/\/www.zebemusic.com\/de\/wp-json\/wp\/v2\/product"}],"about":[{"href":"https:\/\/www.zebemusic.com\/de\/wp-json\/wp\/v2\/types\/product"}],"wp:featuredmedia":[{"embeddable":true,"href":"https:\/\/www.zebemusic.com\/de\/wp-json\/wp\/v2\/media\/225"}],"wp:attachment":[{"href":"https:\/\/www.zebemusic.com\/de\/wp-json\/wp\/v2\/media?parent=4595"}],"wp:term":[{"taxonomy":"product_brand","embeddable":true,"href":"https:\/\/www.zebemusic.com\/de\/wp-json\/wp\/v2\/product_brand?post=4595"},{"taxonomy":"product_cat","embeddable":true,"href":"https:\/\/www.zebemusic.com\/de\/wp-json\/wp\/v2\/product_cat?post=4595"},{"taxonomy":"product_tag","embeddable":true,"href":"https:\/\/www.zebemusic.com\/de\/wp-json\/wp\/v2\/product_tag?post=4595"}],"curies":[{"name":"wp","href":"https:\/\/api.w.org\/{rel}","templated":true}]}}