{"id":4611,"date":"2014-11-24T15:33:36","date_gmt":"2014-11-24T13:33:36","guid":{"rendered":"http:\/\/zebemusic.smukkeberg.com\/shop\/musical\/lydia-die-purpurhaendlerin-kopieren-kopieren\/"},"modified":"2025-10-29T15:58:41","modified_gmt":"2025-10-29T14:58:41","slug":"weihnachtsmusicals","status":"publish","type":"product","link":"https:\/\/www.zebemusic.com\/de\/product\/weihnachtsmusicals\/","title":{"rendered":"Musicals zur Christnacht  \u2b07\ufe0f"},"content":{"rendered":"<p><span style=\"color: #ff6600;\">Weihnachtsmusicals<\/span><\/p>\n<p>&nbsp;<\/p>\n<h3><span style=\"color: #ccffff;\"><strong>Drei Mini-Musicals f\u00fcr den Heiligen Abend.<\/strong><\/span><\/h3>\n<p><span style=\"color: #ccffff;\">Wie mag es wohl den Menschen rund um den Stall von Bethlehem ergangen sein? Alle waren ja wichtig in dieser Nacht und sind Teil der Geschichte. Und so erleben wir in diesen Mini-Musicals auch au\u00dfergew\u00f6hnliche Hauptdarsteller: Die Wirtin zum Beispiel, die ein gutes Herz hat. Oder den Engel Gabriel, der sich seiner Sache gar nicht so sicher ist. Nat\u00fcrlich f\u00fchrt auch er uns zur Krippe, begleitet von seinen Kollegen in den Himmlischen Heerscharen. Und mit viel Musik &#8211; weihnachtlich anr\u00fchrend und spannend bewegt. Alle d\u00fcrfen mitmachen und mancher bekommt eine Solostrophe.<\/span><br \/>\n<span style=\"color: #ccffff;\">So muss es sein im Schulchor oder in der Schulklasse und nat\u00fcrlich am Heiligen Abend in der Kirche. Da macht das Mitgestalten auch den Gr\u00f6\u00dferen Spa\u00df, und den Zuh\u00f6renden sowieso!<\/span><\/p>\n<p><span style=\"color: #ccffff;\"><strong><em>\u201cSch\u00f6ne, wirkungsvolle St\u00fccke, die man je nach Vorbereitungszeit, Altersstruktur und Auftrittsbedingungen gezielt einsetzen kann.\u201d\u00a0\u00a0 <\/em><\/strong>(Forum Kirchenmusik)<\/span><\/p>\n<p><span style=\"color: #ccffff;\"><strong>Inhalt:<\/strong><\/span><br \/>\n<span style=\"color: #ccffff;\">Bring mich nach Bethlehem (ca. 24 Minuten), Der fragende Engel (ca. 20 Minuten), Z\u00fcndet die Freudenfeuer an (ca. 15 Minuten)<\/span><\/p>\n<p><span style=\"color: #ccffff;\"><strong><br \/>\nKomponist:<\/strong><span id=\"authors\"> <a style=\"color: #ccffff;\" href=\"\/andreasmuecksch\">Andreas M\u00fccksch<\/a><\/span><\/span><br \/>\n<span style=\"color: #ccffff;\"><strong>Text:<\/strong> <span id=\"authors\"><a style=\"color: #ccffff;\" href=\"\/barbaraschatz\">Barbara Schatz<\/a><\/span><\/span><br \/>\n<span style=\"color: #ccffff;\"><strong>Besetzung:<\/strong> S. (S.S.A. ad lib.), Solisten, 2 Fl\u00f6ten, Klavier, Bass ad lib., Percussion ad lib.<\/span><br \/>\n<span style=\"color: #ccffff;\"><strong>Schwierigkeitsgrad:<\/strong> leicht<\/span><\/p>\n<p><span style=\"color: #ccffff;\"> \u00a0 <\/span><\/p>\n<p><span style=\"color: #ccffff;\"> \u00a0 <\/span><\/p>\n<p><span style=\"color: #ccffff;\"><strong><a style=\"color: #ccffff;\" href=\"\/wp-content\/PP\/PP2230.pdf\" target=\"_blank\" rel=\"noopener noreferrer\">Probepartitur zum Download <\/a><\/strong>&gt;&gt;&gt;<\/span><\/p>\n<hr \/>\n<p><span style=\"color: #ccffff;\"><strong>Erh\u00e4ltliche Ausf\u00fchrungen:<\/strong><\/span><\/p>\n<p><span style=\"color: #ccffff;\"><strong>\u2022 Partitur<\/strong> (ZE 2230, ISBN 978-3-95423-001-3, A4, 76 Seiten) \u20ac 14,90<\/span><\/p>\n<p>&nbsp;<\/p>\n<p><span style=\"color: #ccffff;\"><strong>Bring mich nach Bethlehem<br \/>\n<\/strong><\/span><\/p>\n<p><span style=\"color: #ccffff;\"><strong>\u2022 Partitur zum Download <\/strong>(ZE 2233-full-DL) \u20ac 7,95<\/span><\/p>\n<p><span style=\"color: #ccffff;\"><strong>\u2022 Chorausgabe<\/strong> mit allen Liedern und Texten (ZE 2233) \u20ac 4,50<\/span><br \/>\n<span style=\"color: #ccffff;\">Staffelpreis! ab 10 Stk. \u20ac 2,50 \/ ab 25 St. \u20ac 2,10<\/span><br \/>\n<span style=\"color: #ccffff;\">\u2b07\ufe0f Download in Chorst\u00e4rke (ZE 2233-DL), \u20ac 2,49<\/span><\/p>\n<p><span style=\"color: #ccffff;\"><strong>\u2022 Intrumente<\/strong> (ZE 2236, 2x Fl\u00f6te, 2x Percussion, 1x Bass) \u20ac 10,00<\/span><br \/>\n<span style=\"color: #ccffff;\">\u2b07\ufe0f Download (ZE 2233-inst-DL), \u20ac 10,00<\/span><\/p>\n<p><span style=\"color: #ccffff;\"><strong>Der fragende Engel<\/strong><\/span><\/p>\n<p><span style=\"color: #ccffff;\"><strong>\u2022 Partitur zum Download <\/strong>(ZE 2234-full-DL) \u20ac 7,95<\/span><\/p>\n<p><span style=\"color: #ccffff;\"><strong>\u2022 Chorausgabe<\/strong> mit allen Liedern und Texten (ZE 2234) \u20ac 4,50<\/span><br \/>\n<span style=\"color: #ccffff;\">Staffelpreis! ab 10 Stk. EUR 2,50 \/ ab 25 St. EUR 2,10<\/span><br \/>\n<span style=\"color: #ccffff;\">\u2b07\ufe0f Download in Chorst\u00e4rke (ZE 2234-DL), \u20ac 2,49<\/span><\/p>\n<p><span style=\"color: #ccffff;\"><strong>\u2022 Intrumente<\/strong> (ZE 2237, 2x Fl\u00f6te, 2x Percussion, 1x Bass) \u20ac 10,00<\/span><br \/>\n<span style=\"color: #ccffff;\">\u2b07\ufe0f Download (ZE 2234-inst-DL), \u20ac 10,00<\/span><\/p>\n<p><span style=\"color: #ccffff;\"><strong>Z\u00fcndet die Freudenfeuer<br \/>\n<\/strong><\/span><\/p>\n<p><span style=\"color: #ccffff;\"><strong>\u2022 Partitur zum Download <\/strong>(ZE 2232-full-DL) \u20ac 7,95<\/span><\/p>\n<p><span style=\"color: #ccffff;\"><strong>\u2022 Chorausgabe<\/strong> mit allen Liedern und Texten (ZE 2232) \u20ac 4,50<\/span><br \/>\n<span style=\"color: #ccffff;\">Staffelpreis! ab 10 Stk. EUR 2,50 \/ ab 25 St. EUR 2,10<\/span><br \/>\n<span style=\"color: #ccffff;\">\u2b07\ufe0f Download in Chorst\u00e4rke (ZE 2232-DL), \u20ac 2,49<\/span><\/p>\n<p><span style=\"color: #ccffff;\"><strong>\u2022 Intrumente<\/strong> (ZE 2235, 2x Fl\u00f6te, 2x Percussion, 1x Bass) \u20ac 10,00<\/span><br \/>\n<span style=\"color: #ccffff;\">(Auslieferung Instrumente\/Partitur-Paket)<\/span><br \/>\n<span style=\"color: #ccffff;\">\u2b07\ufe0f Download (ZE 2232-inst-DL), \u20ac 10,00<\/span><\/p>\n<p><span style=\"color: #ccffff;\">Bitte w\u00e4hlen Sie hier aus:<\/span><\/p>\n","protected":false},"excerpt":{"rendered":"<h3><span style=\"color: #993300;\"><strong>Drei Mini-Musicals f\u00fcr den Heiligen Abend.<\/strong><\/span><\/h3>\n<p>Wie mag es wohl den Menschen rund um den Stall von Bethlehem ergangen sein? Alle waren ja wichtig in dieser Nacht und sind Teil der Geschichte. Und so erleben wir in diesen Mini-Musicals auch au\u00dfergew\u00f6hnliche Hauptdarsteller: Die Wirtin zum Beispiel, die ein gutes Herz hat. Oder den Engel Gabriel, der sich seiner Sache gar nicht so sicher ist. Nat\u00fcrlich f\u00fchrt auch er uns zur Krippe, begleitet von seinen Kollegen in den Himmlischen Heerscharen. Und mit viel Musik &#8211; weihnachtlich anr\u00fchrend und spannend bewegt. Alle d\u00fcrfen mitmachen und mancher bekommt eine Solostrophe.<br \/>\nSo muss es sein im Schulchor oder in der Schulklasse und nat\u00fcrlich am Heiligen Abend in der Kirche. Da macht das Mitgestalten auch den Gr\u00f6\u00dferen Spa\u00df, und den Zuh\u00f6renden sowieso!<\/p>\n<p style=\"padding-left: 30px;\"><span style=\"color: #993300;\"><strong><em>\u201cSch\u00f6ne, wirkungsvolle St\u00fccke, die man je nach Vorbereitungszeit, Altersstruktur und Auftrittsbedingungen gezielt einsetzen kann.\u201d\u00a0\u00a0 <\/em><\/strong>(Forum Kirchenmusik)<\/span><\/p>\n<p><strong>Inhalt:<\/strong><br \/>\nBring mich nach Bethlehem (ca. 24 Minuten), Der fragende Engel (ca. 20 Minuten), Z\u00fcndet die Freudenfeuer an (ca. 15 Minuten)<\/p>\n<p><strong><br \/>\nKomponist:<\/strong><span id=\"authors\"> <a href=\"\/andreasmuecksch\">Andreas M\u00fccksch<\/a><\/span><br \/>\n<strong>Text:<\/strong> <span id=\"authors\"><a href=\"\/barbaraschatz\">Barbara Schatz<\/a><\/span><br \/>\n<strong>Besetzung:<\/strong> S. (S.S.A. ad lib.), Solisten, 2 Fl\u00f6ten, Klavier, Bass ad lib., Percussion ad lib.<br \/>\n<strong>Schwierigkeitsgrad:<\/strong> leicht<\/p>\n<p>&nbsp;<\/p>\n<p><iframe loading=\"lazy\" src=\"https:\/\/www.youtube.com\/embed\/videoseries?list=PLwH8QpVL7NG546NZlKILbR--i8JJxh0s-&amp;ecver=2\" width=\"300\" height=\"200\" frameborder=\"0\" allowfullscreen=\"allowfullscreen\"><\/iframe> \u00a0 <iframe loading=\"lazy\" src=\"https:\/\/www.youtube.com\/embed\/00kqOSIDFyc\" width=\"300\" height=\"200\" frameborder=\"0\" allowfullscreen=\"allowfullscreen\"><\/iframe><\/p>\n<p><iframe loading=\"lazy\" src=\"https:\/\/www.youtube.com\/embed\/7EGqG2KvW9g\" width=\"300\" height=\"200\" frameborder=\"0\" allowfullscreen=\"allowfullscreen\"><\/iframe> \u00a0 <iframe loading=\"lazy\" src=\"https:\/\/www.youtube.com\/embed\/YzOnl-6HWKc\" width=\"300\" height=\"200\" frameborder=\"0\" allowfullscreen=\"allowfullscreen\"><\/iframe><\/p>\n<p>&nbsp;<\/p>\n<p><strong><a href=\"\/wp-content\/PP\/PP2230.pdf\" target=\"_blank\" rel=\"noopener noreferrer\">Probepartitur zum Download <\/a><\/strong>&gt;&gt;&gt;<\/p>\n<p>&nbsp;<\/p>\n<hr \/>\n<p><strong>Erh\u00e4ltliche Ausf\u00fchrungen:<\/strong><\/p>\n<p><strong>\u2022 Partitur<\/strong> (ZE 2230, ISBN 978-3-95423-001-3, A4, 76 Seiten) \u20ac 14,90<\/p>\n<p>&nbsp;<\/p>\n<h2 style=\"padding-left: 30px;\"><strong><span style=\"color: #993300;\">Bring mich nach Bethlehem<\/span><br \/>\n<\/strong><\/h2>\n<p><strong>\u2022 Partitur zum Download\u00a0 \u2b07\ufe0f <\/strong>(ZE 2233-full-DL, inkl. Instrumentalstimmen) \u20ac 9,99<\/p>\n<p><strong>\u2022 Chorausgabe<\/strong> mit allen Liedern und Texten (ZE 2233) \u20ac 4,50<br \/>\n<span style=\"color: #993300;\">Staffelpreis!<\/span> ab 10 Stk. \u20ac 2,50 \/ ab 25 St. \u20ac 2,10<br \/>\n\u2b07\ufe0f Download in Chorst\u00e4rke (ZE 2233-DL), \u20ac 2,49<\/p>\n<p><strong>\u2022 Intrumente<\/strong> (ZE 2236, 2x Fl\u00f6te, 2x Percussion, 1x Bass) \u20ac 10,00<\/p>\n<h2 style=\"padding-left: 30px;\"><span style=\"color: #993300;\"><strong>Der fragende Engel<\/strong><\/span><\/h2>\n<p><strong>\u2022 Partitur zum Download\u00a0 \u2b07\ufe0f <\/strong>(ZE 2234-full-DL, inkl. Instrumentalstimmen) \u20ac 9,99<\/p>\n<p><strong>\u2022 Chorausgabe<\/strong> mit allen Liedern und Texten (ZE 2234) \u20ac 4,50<br \/>\n<span style=\"color: #993300;\">Staffelpreis!<\/span> ab 10 Stk. EUR 2,50 \/ ab 25 St. EUR 2,10<br \/>\n\u2b07\ufe0f Download in Chorst\u00e4rke (ZE 2234-DL), \u20ac 2,49<\/p>\n<p><strong>\u2022 Intrumente<\/strong> (ZE 2237, 2x Fl\u00f6te, 2x Percussion, 1x Bass) \u20ac 10,00<\/p>\n<h2 style=\"padding-left: 30px;\"><strong><span style=\"color: #993300;\">Z\u00fcndet die Freudenfeuer an<\/span><br \/>\n<\/strong><\/h2>\n<p><strong>\u2022 Partitur zum Download \u2b07\ufe0f <\/strong>(ZE 2232-full-DL, inkl. Instrumentalstimmen) \u20ac 9,99<\/p>\n<p><strong>\u2022 Chorausgabe<\/strong> mit allen Liedern und Texten (ZE 2232) \u20ac 4,50<br \/>\n<span style=\"color: #993300;\">Staffelpreis!<\/span> ab 10 Stk. EUR 2,50 \/ ab 25 St. EUR 2,10<br \/>\n\u2b07\ufe0f Download in Chorst\u00e4rke (ZE 2232-DL), \u20ac 2,49<\/p>\n<p><strong>\u2022 Intrumente<\/strong> (ZE 2235, 2x Fl\u00f6te, 2x Percussion, 1x Bass) \u20ac 10,00<br \/>\n(Auslieferung Instrumente\/Partitur-Paket)<\/p>\n<p>&nbsp;<\/p>\n<p>&nbsp;<\/p>\n<p>Bitte w\u00e4hlen Sie hier aus:<\/p>\n","protected":false},"featured_media":4619,"template":"","meta":{"_acf_changed":false},"product_brand":[],"product_cat":[626,15],"product_tag":[148,146],"class_list":{"0":"post-4611","1":"product","2":"type-product","3":"status-publish","4":"has-post-thumbnail","6":"product_cat-weihnachten","7":"product_cat-kindermusical","8":"product_tag-muecksch","9":"product_tag-weihnachten","10":"pa_diff-leicht","11":"pa_language-deutsch","12":"pa_occ-advent-de","13":"pa_occ-schul-gemeindeprojekt","14":"pa_occ-weihnachten","15":"pa_others-bestseller","16":"pa_others-downloads-de","17":"pa_style-genre-musical-de","18":"pa_style-genre-pop-crossover-de","19":"pa_variation-bring-mich-nach-bethlehem-chor","20":"pa_variation-bring-mich-nach-bethlehem-chor-download","21":"pa_variation-bring-mich-nach-bethlehem-instrumente","22":"pa_variation-bring-mich-nach-bethlehem-instrumente-download","23":"pa_variation-bring-mich-nach-bethlehem-partitur-download","24":"pa_variation-der-fragende-engel-chor","25":"pa_variation-der-fragende-engel-chor-download","26":"pa_variation-der-fragende-engel-instrumente","27":"pa_variation-der-fragende-engel-instrumente-download","28":"pa_variation-der-fragende-engel-partitur-download","29":"pa_variation-partitur","30":"pa_variation-zuendet-die-freudenfeuer-chor","31":"pa_variation-zuendet-die-freudenfeuer-instrumente","32":"pa_variation-zuendet-die-freudenfeuer-an-chor-download","33":"pa_variation-zuendet-die-freudenfeuer-an-instrumente-download","34":"pa_variation-zuendet-die-freudenfeuer-an-partitur-download","35":"pa_voicing-kinderchor","36":"pa_voicing-mit-begleitung","37":"pa_voicing-mit-solist","38":"pa_voicing-ssa-de","39":"pa_voicing-solostimme","41":"first","42":"instock","43":"taxable","44":"shipping-taxable","45":"purchasable","46":"product-type-variable","47":"has-default-attributes"},"acf":[],"yoast_head":"<!-- This site is optimized with the Yoast SEO plugin v27.5 - https:\/\/yoast.com\/product\/yoast-seo-wordpress\/ -->\n<title>Musicals zur Christnacht \u2b07\ufe0f Weihnachtsmusicals<\/title>\n<meta name=\"description\" content=\"Krippenspiele, Singspiele und Weihnachtsmusicals f\u00fcr Weihnachtsfeier oder Heiligabend, in Schule und zum Gottesdienst. PDF Download &gt;&gt;&gt;\" \/>\n<meta name=\"robots\" content=\"index, follow, max-snippet:-1, max-image-preview:large, max-video-preview:-1\" \/>\n<link rel=\"canonical\" href=\"https:\/\/www.zebemusic.com\/de\/product\/weihnachtsmusicals\/\" \/>\n<meta property=\"og:locale\" content=\"de_DE\" \/>\n<meta property=\"og:type\" content=\"article\" \/>\n<meta property=\"og:title\" content=\"Musicals zur Christnacht \u2b07\ufe0f Weihnachtsmusicals\" \/>\n<meta property=\"og:description\" content=\"Krippenspiele, Singspiele und Weihnachtsmusicals f\u00fcr Weihnachtsfeier oder Heiligabend, in Schule und zum Gottesdienst. PDF Download &gt;&gt;&gt;\" \/>\n<meta property=\"og:url\" content=\"https:\/\/www.zebemusic.com\/de\/product\/weihnachtsmusicals\/\" \/>\n<meta property=\"og:site_name\" content=\"ZebeMusic\" \/>\n<meta property=\"article:publisher\" content=\"https:\/\/www.facebook.com\/zebemusic\" \/>\n<meta property=\"article:modified_time\" content=\"2025-10-29T14:58:41+00:00\" \/>\n<meta property=\"og:image\" content=\"https:\/\/www.zebemusic.com\/wp-content\/uploads\/2014\/11\/ZEBE2230.jpg\" \/>\n\t<meta property=\"og:image:width\" content=\"357\" \/>\n\t<meta property=\"og:image:height\" content=\"500\" \/>\n\t<meta property=\"og:image:type\" content=\"image\/jpeg\" \/>\n<meta name=\"twitter:card\" content=\"summary_large_image\" \/>\n<meta name=\"twitter:label1\" content=\"Est. reading time\" \/>\n\t<meta name=\"twitter:data1\" content=\"2 minutes\" \/>\n<script type=\"application\/ld+json\" class=\"yoast-schema-graph\">{\"@context\":\"https:\\\/\\\/schema.org\",\"@graph\":[{\"@type\":\"WebPage\",\"@id\":\"https:\\\/\\\/www.zebemusic.com\\\/de\\\/product\\\/weihnachtsmusicals\\\/\",\"url\":\"https:\\\/\\\/www.zebemusic.com\\\/de\\\/product\\\/weihnachtsmusicals\\\/\",\"name\":\"Musicals zur Christnacht \u2b07\ufe0f Weihnachtsmusicals\",\"isPartOf\":{\"@id\":\"https:\\\/\\\/www.zebemusic.com\\\/de\\\/#website\"},\"primaryImageOfPage\":{\"@id\":\"https:\\\/\\\/www.zebemusic.com\\\/de\\\/product\\\/weihnachtsmusicals\\\/#primaryimage\"},\"image\":{\"@id\":\"https:\\\/\\\/www.zebemusic.com\\\/de\\\/product\\\/weihnachtsmusicals\\\/#primaryimage\"},\"thumbnailUrl\":\"https:\\\/\\\/www.zebemusic.com\\\/wp-content\\\/uploads\\\/2014\\\/11\\\/ZEBE2230.jpg\",\"datePublished\":\"2014-11-24T13:33:36+00:00\",\"dateModified\":\"2025-10-29T14:58:41+00:00\",\"description\":\"Krippenspiele, Singspiele und Weihnachtsmusicals f\u00fcr Weihnachtsfeier oder Heiligabend, in Schule und zum Gottesdienst. PDF Download >>>\",\"breadcrumb\":{\"@id\":\"https:\\\/\\\/www.zebemusic.com\\\/de\\\/product\\\/weihnachtsmusicals\\\/#breadcrumb\"},\"inLanguage\":\"de-DE\",\"potentialAction\":[{\"@type\":\"ReadAction\",\"target\":[\"https:\\\/\\\/www.zebemusic.com\\\/de\\\/product\\\/weihnachtsmusicals\\\/\"]}]},{\"@type\":\"ImageObject\",\"inLanguage\":\"de-DE\",\"@id\":\"https:\\\/\\\/www.zebemusic.com\\\/de\\\/product\\\/weihnachtsmusicals\\\/#primaryimage\",\"url\":\"https:\\\/\\\/www.zebemusic.com\\\/wp-content\\\/uploads\\\/2014\\\/11\\\/ZEBE2230.jpg\",\"contentUrl\":\"https:\\\/\\\/www.zebemusic.com\\\/wp-content\\\/uploads\\\/2014\\\/11\\\/ZEBE2230.jpg\",\"width\":357,\"height\":500,\"caption\":\"Weihnachtsmusicals\"},{\"@type\":\"BreadcrumbList\",\"@id\":\"https:\\\/\\\/www.zebemusic.com\\\/de\\\/product\\\/weihnachtsmusicals\\\/#breadcrumb\",\"itemListElement\":[{\"@type\":\"ListItem\",\"position\":1,\"name\":\"Shop\",\"item\":\"https:\\\/\\\/www.zebemusic.com\\\/de\\\/shop-2\\\/\"},{\"@type\":\"ListItem\",\"position\":2,\"name\":\"Musicals zur Christnacht \u2b07\ufe0f\"}]},{\"@type\":\"WebSite\",\"@id\":\"https:\\\/\\\/www.zebemusic.com\\\/de\\\/#website\",\"url\":\"https:\\\/\\\/www.zebemusic.com\\\/de\\\/\",\"name\":\"ZebeMusic\",\"description\":\"makes you sing.\",\"publisher\":{\"@id\":\"https:\\\/\\\/www.zebemusic.com\\\/de\\\/#organization\"},\"alternateName\":\"Gospelnoten & Kindermusicals\",\"potentialAction\":[{\"@type\":\"SearchAction\",\"target\":{\"@type\":\"EntryPoint\",\"urlTemplate\":\"https:\\\/\\\/www.zebemusic.com\\\/de\\\/?s={search_term_string}\"},\"query-input\":{\"@type\":\"PropertyValueSpecification\",\"valueRequired\":true,\"valueName\":\"search_term_string\"}}],\"inLanguage\":\"de-DE\"},{\"@type\":\"Organization\",\"@id\":\"https:\\\/\\\/www.zebemusic.com\\\/de\\\/#organization\",\"name\":\"ZebeMusic\",\"url\":\"https:\\\/\\\/www.zebemusic.com\\\/de\\\/\",\"logo\":{\"@type\":\"ImageObject\",\"inLanguage\":\"de-DE\",\"@id\":\"https:\\\/\\\/www.zebemusic.com\\\/de\\\/#\\\/schema\\\/logo\\\/image\\\/\",\"url\":\"https:\\\/\\\/www.zebemusic.com\\\/wp-content\\\/uploads\\\/2025\\\/10\\\/ZEBE-Logo_ZW-makesyousing.jpg\",\"contentUrl\":\"https:\\\/\\\/www.zebemusic.com\\\/wp-content\\\/uploads\\\/2025\\\/10\\\/ZEBE-Logo_ZW-makesyousing.jpg\",\"width\":2212,\"height\":958,\"caption\":\"ZebeMusic\"},\"image\":{\"@id\":\"https:\\\/\\\/www.zebemusic.com\\\/de\\\/#\\\/schema\\\/logo\\\/image\\\/\"},\"sameAs\":[\"https:\\\/\\\/www.facebook.com\\\/zebemusic\",\"https:\\\/\\\/www.instagram.com\\\/zebemusic\",\"https:\\\/\\\/www.youtube.com\\\/zebemusicberlin\"]}]}<\/script>\n<!-- \/ Yoast SEO plugin. -->","yoast_head_json":{"title":"Musicals zur Christnacht \u2b07\ufe0f Weihnachtsmusicals","description":"Krippenspiele, Singspiele und Weihnachtsmusicals f\u00fcr Weihnachtsfeier oder Heiligabend, in Schule und zum Gottesdienst. PDF Download >>>","robots":{"index":"index","follow":"follow","max-snippet":"max-snippet:-1","max-image-preview":"max-image-preview:large","max-video-preview":"max-video-preview:-1"},"canonical":"https:\/\/www.zebemusic.com\/de\/product\/weihnachtsmusicals\/","og_locale":"de_DE","og_type":"article","og_title":"Musicals zur Christnacht \u2b07\ufe0f Weihnachtsmusicals","og_description":"Krippenspiele, Singspiele und Weihnachtsmusicals f\u00fcr Weihnachtsfeier oder Heiligabend, in Schule und zum Gottesdienst. PDF Download >>>","og_url":"https:\/\/www.zebemusic.com\/de\/product\/weihnachtsmusicals\/","og_site_name":"ZebeMusic","article_publisher":"https:\/\/www.facebook.com\/zebemusic","article_modified_time":"2025-10-29T14:58:41+00:00","og_image":[{"width":357,"height":500,"url":"https:\/\/www.zebemusic.com\/wp-content\/uploads\/2014\/11\/ZEBE2230.jpg","type":"image\/jpeg"}],"twitter_card":"summary_large_image","twitter_misc":{"Est. reading time":"2 minutes"},"schema":{"@context":"https:\/\/schema.org","@graph":[{"@type":"WebPage","@id":"https:\/\/www.zebemusic.com\/de\/product\/weihnachtsmusicals\/","url":"https:\/\/www.zebemusic.com\/de\/product\/weihnachtsmusicals\/","name":"Musicals zur Christnacht \u2b07\ufe0f Weihnachtsmusicals","isPartOf":{"@id":"https:\/\/www.zebemusic.com\/de\/#website"},"primaryImageOfPage":{"@id":"https:\/\/www.zebemusic.com\/de\/product\/weihnachtsmusicals\/#primaryimage"},"image":{"@id":"https:\/\/www.zebemusic.com\/de\/product\/weihnachtsmusicals\/#primaryimage"},"thumbnailUrl":"https:\/\/www.zebemusic.com\/wp-content\/uploads\/2014\/11\/ZEBE2230.jpg","datePublished":"2014-11-24T13:33:36+00:00","dateModified":"2025-10-29T14:58:41+00:00","description":"Krippenspiele, Singspiele und Weihnachtsmusicals f\u00fcr Weihnachtsfeier oder Heiligabend, in Schule und zum Gottesdienst. PDF Download >>>","breadcrumb":{"@id":"https:\/\/www.zebemusic.com\/de\/product\/weihnachtsmusicals\/#breadcrumb"},"inLanguage":"de-DE","potentialAction":[{"@type":"ReadAction","target":["https:\/\/www.zebemusic.com\/de\/product\/weihnachtsmusicals\/"]}]},{"@type":"ImageObject","inLanguage":"de-DE","@id":"https:\/\/www.zebemusic.com\/de\/product\/weihnachtsmusicals\/#primaryimage","url":"https:\/\/www.zebemusic.com\/wp-content\/uploads\/2014\/11\/ZEBE2230.jpg","contentUrl":"https:\/\/www.zebemusic.com\/wp-content\/uploads\/2014\/11\/ZEBE2230.jpg","width":357,"height":500,"caption":"Weihnachtsmusicals"},{"@type":"BreadcrumbList","@id":"https:\/\/www.zebemusic.com\/de\/product\/weihnachtsmusicals\/#breadcrumb","itemListElement":[{"@type":"ListItem","position":1,"name":"Shop","item":"https:\/\/www.zebemusic.com\/de\/shop-2\/"},{"@type":"ListItem","position":2,"name":"Musicals zur Christnacht \u2b07\ufe0f"}]},{"@type":"WebSite","@id":"https:\/\/www.zebemusic.com\/de\/#website","url":"https:\/\/www.zebemusic.com\/de\/","name":"ZebeMusic","description":"makes you sing.","publisher":{"@id":"https:\/\/www.zebemusic.com\/de\/#organization"},"alternateName":"Gospelnoten & Kindermusicals","potentialAction":[{"@type":"SearchAction","target":{"@type":"EntryPoint","urlTemplate":"https:\/\/www.zebemusic.com\/de\/?s={search_term_string}"},"query-input":{"@type":"PropertyValueSpecification","valueRequired":true,"valueName":"search_term_string"}}],"inLanguage":"de-DE"},{"@type":"Organization","@id":"https:\/\/www.zebemusic.com\/de\/#organization","name":"ZebeMusic","url":"https:\/\/www.zebemusic.com\/de\/","logo":{"@type":"ImageObject","inLanguage":"de-DE","@id":"https:\/\/www.zebemusic.com\/de\/#\/schema\/logo\/image\/","url":"https:\/\/www.zebemusic.com\/wp-content\/uploads\/2025\/10\/ZEBE-Logo_ZW-makesyousing.jpg","contentUrl":"https:\/\/www.zebemusic.com\/wp-content\/uploads\/2025\/10\/ZEBE-Logo_ZW-makesyousing.jpg","width":2212,"height":958,"caption":"ZebeMusic"},"image":{"@id":"https:\/\/www.zebemusic.com\/de\/#\/schema\/logo\/image\/"},"sameAs":["https:\/\/www.facebook.com\/zebemusic","https:\/\/www.instagram.com\/zebemusic","https:\/\/www.youtube.com\/zebemusicberlin"]}]}},"_links":{"self":[{"href":"https:\/\/www.zebemusic.com\/de\/wp-json\/wp\/v2\/product\/4611","targetHints":{"allow":["GET"]}}],"collection":[{"href":"https:\/\/www.zebemusic.com\/de\/wp-json\/wp\/v2\/product"}],"about":[{"href":"https:\/\/www.zebemusic.com\/de\/wp-json\/wp\/v2\/types\/product"}],"wp:featuredmedia":[{"embeddable":true,"href":"https:\/\/www.zebemusic.com\/de\/wp-json\/wp\/v2\/media\/4619"}],"wp:attachment":[{"href":"https:\/\/www.zebemusic.com\/de\/wp-json\/wp\/v2\/media?parent=4611"}],"wp:term":[{"taxonomy":"product_brand","embeddable":true,"href":"https:\/\/www.zebemusic.com\/de\/wp-json\/wp\/v2\/product_brand?post=4611"},{"taxonomy":"product_cat","embeddable":true,"href":"https:\/\/www.zebemusic.com\/de\/wp-json\/wp\/v2\/product_cat?post=4611"},{"taxonomy":"product_tag","embeddable":true,"href":"https:\/\/www.zebemusic.com\/de\/wp-json\/wp\/v2\/product_tag?post=4611"}],"curies":[{"name":"wp","href":"https:\/\/api.w.org\/{rel}","templated":true}]}}