{"id":4629,"date":"2014-11-25T08:41:33","date_gmt":"2014-11-25T06:41:33","guid":{"rendered":"http:\/\/zebemusic.smukkeberg.com\/shop\/christmas\/musicals-zur-christnacht-kopieren\/"},"modified":"2024-03-01T03:39:37","modified_gmt":"2024-03-01T02:39:37","slug":"und-es-geschah","status":"publish","type":"product","link":"https:\/\/www.zebemusic.com\/de\/product\/und-es-geschah\/","title":{"rendered":"Und es geschah"},"content":{"rendered":"","protected":false},"excerpt":{"rendered":"<p>\u201eUnd es geschah\u201c ist ein abendf\u00fcllendes Jazz-Rock-Musical zur Weihnachtsgeschichte f\u00fcr gemischten Chor (S.A.T.B.), Soli, Band und Sprecher, komponiert von Sebastian Zebe und getextet von Johannes Staemmler.<\/p>\n<p>Duktus und theologischer Ansatz dieses Musicals schlagen Br\u00fccken aus der alten Botschaft in unsere Gegenwart, musikalisch ausgedr\u00fcckt in rockigen Ch\u00f6ren und Elementen aus Pop bis Hip Hop!<\/p>\n<p>&nbsp;<\/p>\n<p id=\"pressename\" style=\"padding-left: 30px;\"><strong><span style=\"color: #993300;\">\u201cEin schwungvolles Musical, das mit dem Mut zur \u00dcbersetzung des Stoffes in neuzeitliche Musik den Staub der Erinnerung aufwirbelt und dem Geschehen neue Aktualit\u00e4t verleiht.\u201d<\/span>\u00a0 <\/strong>(Th\u00fcringer Allgemeine)<\/p>\n<p><strong><br \/>\nKomponist:<\/strong><span id=\"authors\"> <a href=\"\/sebastianzebe\">Sebastian Zebe<\/a><\/span><br \/>\n<strong>Text:<\/strong> <a href=\"\/johannesstaemmler\">Johannes Staemmler<\/a><br \/>\n<strong>Besetzung:<\/strong> S.A.T.B., Soli, Band<br \/>\n<strong>Schwierigkeitsgrad:<\/strong> mittel<\/p>\n<p><strong><a href=\"\/wp-content\/PP\/PP2130.pdf\" target=\"_blank\" rel=\"noopener noreferrer\">Probepartitur <\/a><\/strong>&gt;&gt;&gt;<\/p>\n<p><a href=\"\/audio\/ZEBE2130.mp3\" target=\"_blank\" rel=\"noopener noreferrer\">H\u00f6rprobe<\/a>:<strong><br \/>\n<\/strong><\/p>\n[audio mp3=\"https:\/\/www.zebemusic.com\/wp-content\/uploads\/2024\/02\/ZEBE2130.mp3\"][\/audio]\n<p><strong>\u00a0<\/strong><\/p>\n<p>&nbsp;<\/p>\n<hr \/>\n<p><strong>Erh\u00e4ltliche Ausf\u00fchrungen:<\/strong><\/p>\n<p><strong><br \/>\n\u2022 Partitur<\/strong> (ZE 2131, A4) \u20ac 14,90<\/p>\n<p><strong>\u2022 Chorausgabe<\/strong> mit allen Liedern und Texten (ZE 2132, A4) \u20ac 4,95<\/p>\n","protected":false},"featured_media":16985,"template":"","meta":{"_acf_changed":false},"product_brand":[],"product_cat":[626,15],"product_tag":[146,185],"class_list":{"0":"post-4629","1":"product","2":"type-product","3":"status-publish","4":"has-post-thumbnail","6":"product_cat-weihnachten","7":"product_cat-kindermusical","8":"product_tag-weihnachten","9":"product_tag-ze4636","10":"pa_diff-leicht","11":"pa_diff-mittel","12":"pa_language-deutsch","13":"pa_occ-advent-de","14":"pa_occ-schul-gemeindeprojekt","15":"pa_occ-weihnachten","16":"pa_others-lizensierung","17":"pa_style-genre-musical-de","18":"pa_style-genre-ngl-de","19":"pa_style-genre-pop-crossover-de","20":"pa_style-genre-singer-songwriter-de","21":"pa_variation-chorausgabe","22":"pa_variation-partitur","23":"pa_voicing-mit-band","24":"pa_voicing-mit-begleitung","25":"pa_voicing-mit-solist","26":"pa_voicing-satb-de","28":"first","29":"instock","30":"taxable","31":"shipping-taxable","32":"purchasable","33":"product-type-variable","34":"has-default-attributes"},"acf":[],"yoast_head":"<!-- This site is optimized with the Yoast SEO plugin v27.3 - https:\/\/yoast.com\/product\/yoast-seo-wordpress\/ -->\n<title>Und es geschah - Rockiges Musical f\u00fcr Chor und Band<\/title>\n<meta name=\"description\" content=\"\u201cEin schwungvolles Musical, das mit dem Mut zur \u00dcbersetzung des Stoffes in neuzeitliche Musik den Staub der Erinnerung aufwirbelt und dem Geschehen neue Aktualit\u00e4t verleiht.\u201d (Th\u00fcringer Allgemeine)\" \/>\n<meta name=\"robots\" content=\"index, follow, max-snippet:-1, max-image-preview:large, max-video-preview:-1\" \/>\n<link rel=\"canonical\" href=\"https:\/\/www.zebemusic.com\/de\/product\/und-es-geschah\/\" \/>\n<meta property=\"og:locale\" content=\"de_DE\" \/>\n<meta property=\"og:type\" content=\"article\" \/>\n<meta property=\"og:title\" content=\"Und es geschah - Rockiges Musical f\u00fcr Chor und Band\" \/>\n<meta property=\"og:description\" content=\"\u201cEin schwungvolles Musical, das mit dem Mut zur \u00dcbersetzung des Stoffes in neuzeitliche Musik den Staub der Erinnerung aufwirbelt und dem Geschehen neue Aktualit\u00e4t verleiht.\u201d (Th\u00fcringer Allgemeine)\" \/>\n<meta property=\"og:url\" content=\"https:\/\/www.zebemusic.com\/de\/product\/und-es-geschah\/\" \/>\n<meta property=\"og:site_name\" content=\"ZebeMusic\" \/>\n<meta property=\"article:publisher\" content=\"https:\/\/www.facebook.com\/zebemusic\" \/>\n<meta property=\"article:modified_time\" content=\"2024-03-01T02:39:37+00:00\" \/>\n<meta property=\"og:image\" content=\"https:\/\/www.zebemusic.com\/wp-content\/uploads\/2020\/04\/ZEBE2131.jpg\" \/>\n\t<meta property=\"og:image:width\" content=\"354\" \/>\n\t<meta property=\"og:image:height\" content=\"500\" \/>\n\t<meta property=\"og:image:type\" content=\"image\/jpeg\" \/>\n<meta name=\"twitter:card\" content=\"summary_large_image\" \/>\n<meta name=\"twitter:label1\" content=\"Est. reading time\" \/>\n\t<meta name=\"twitter:data1\" content=\"1 minute\" \/>\n<script type=\"application\/ld+json\" class=\"yoast-schema-graph\">{\"@context\":\"https:\\\/\\\/schema.org\",\"@graph\":[{\"@type\":\"WebPage\",\"@id\":\"https:\\\/\\\/www.zebemusic.com\\\/de\\\/product\\\/und-es-geschah\\\/\",\"url\":\"https:\\\/\\\/www.zebemusic.com\\\/de\\\/product\\\/und-es-geschah\\\/\",\"name\":\"Und es geschah - Rockiges Musical f\u00fcr Chor und Band\",\"isPartOf\":{\"@id\":\"https:\\\/\\\/www.zebemusic.com\\\/de\\\/#website\"},\"primaryImageOfPage\":{\"@id\":\"https:\\\/\\\/www.zebemusic.com\\\/de\\\/product\\\/und-es-geschah\\\/#primaryimage\"},\"image\":{\"@id\":\"https:\\\/\\\/www.zebemusic.com\\\/de\\\/product\\\/und-es-geschah\\\/#primaryimage\"},\"thumbnailUrl\":\"https:\\\/\\\/www.zebemusic.com\\\/wp-content\\\/uploads\\\/2020\\\/04\\\/ZEBE2131.jpg\",\"datePublished\":\"2014-11-25T06:41:33+00:00\",\"dateModified\":\"2024-03-01T02:39:37+00:00\",\"description\":\"\u201cEin schwungvolles Musical, das mit dem Mut zur \u00dcbersetzung des Stoffes in neuzeitliche Musik den Staub der Erinnerung aufwirbelt und dem Geschehen neue Aktualit\u00e4t verleiht.\u201d (Th\u00fcringer Allgemeine)\",\"breadcrumb\":{\"@id\":\"https:\\\/\\\/www.zebemusic.com\\\/de\\\/product\\\/und-es-geschah\\\/#breadcrumb\"},\"inLanguage\":\"de-DE\",\"potentialAction\":[{\"@type\":\"ReadAction\",\"target\":[\"https:\\\/\\\/www.zebemusic.com\\\/de\\\/product\\\/und-es-geschah\\\/\"]}]},{\"@type\":\"ImageObject\",\"inLanguage\":\"de-DE\",\"@id\":\"https:\\\/\\\/www.zebemusic.com\\\/de\\\/product\\\/und-es-geschah\\\/#primaryimage\",\"url\":\"https:\\\/\\\/www.zebemusic.com\\\/wp-content\\\/uploads\\\/2020\\\/04\\\/ZEBE2131.jpg\",\"contentUrl\":\"https:\\\/\\\/www.zebemusic.com\\\/wp-content\\\/uploads\\\/2020\\\/04\\\/ZEBE2131.jpg\",\"width\":354,\"height\":500},{\"@type\":\"BreadcrumbList\",\"@id\":\"https:\\\/\\\/www.zebemusic.com\\\/de\\\/product\\\/und-es-geschah\\\/#breadcrumb\",\"itemListElement\":[{\"@type\":\"ListItem\",\"position\":1,\"name\":\"Shop\",\"item\":\"https:\\\/\\\/www.zebemusic.com\\\/de\\\/shop-2\\\/\"},{\"@type\":\"ListItem\",\"position\":2,\"name\":\"Und es geschah\"}]},{\"@type\":\"WebSite\",\"@id\":\"https:\\\/\\\/www.zebemusic.com\\\/de\\\/#website\",\"url\":\"https:\\\/\\\/www.zebemusic.com\\\/de\\\/\",\"name\":\"ZebeMusic\",\"description\":\"makes you sing.\",\"publisher\":{\"@id\":\"https:\\\/\\\/www.zebemusic.com\\\/de\\\/#organization\"},\"alternateName\":\"Gospelnoten & Kindermusicals\",\"potentialAction\":[{\"@type\":\"SearchAction\",\"target\":{\"@type\":\"EntryPoint\",\"urlTemplate\":\"https:\\\/\\\/www.zebemusic.com\\\/de\\\/?s={search_term_string}\"},\"query-input\":{\"@type\":\"PropertyValueSpecification\",\"valueRequired\":true,\"valueName\":\"search_term_string\"}}],\"inLanguage\":\"de-DE\"},{\"@type\":\"Organization\",\"@id\":\"https:\\\/\\\/www.zebemusic.com\\\/de\\\/#organization\",\"name\":\"ZebeMusic\",\"url\":\"https:\\\/\\\/www.zebemusic.com\\\/de\\\/\",\"logo\":{\"@type\":\"ImageObject\",\"inLanguage\":\"de-DE\",\"@id\":\"https:\\\/\\\/www.zebemusic.com\\\/de\\\/#\\\/schema\\\/logo\\\/image\\\/\",\"url\":\"https:\\\/\\\/www.zebemusic.com\\\/wp-content\\\/uploads\\\/2025\\\/10\\\/ZEBE-Logo_ZW-makesyousing.jpg\",\"contentUrl\":\"https:\\\/\\\/www.zebemusic.com\\\/wp-content\\\/uploads\\\/2025\\\/10\\\/ZEBE-Logo_ZW-makesyousing.jpg\",\"width\":2212,\"height\":958,\"caption\":\"ZebeMusic\"},\"image\":{\"@id\":\"https:\\\/\\\/www.zebemusic.com\\\/de\\\/#\\\/schema\\\/logo\\\/image\\\/\"},\"sameAs\":[\"https:\\\/\\\/www.facebook.com\\\/zebemusic\",\"https:\\\/\\\/www.instagram.com\\\/zebemusic\",\"https:\\\/\\\/www.youtube.com\\\/zebemusicberlin\"]}]}<\/script>\n<!-- \/ Yoast SEO plugin. -->","yoast_head_json":{"title":"Und es geschah - Rockiges Musical f\u00fcr Chor und Band","description":"\u201cEin schwungvolles Musical, das mit dem Mut zur \u00dcbersetzung des Stoffes in neuzeitliche Musik den Staub der Erinnerung aufwirbelt und dem Geschehen neue Aktualit\u00e4t verleiht.\u201d (Th\u00fcringer Allgemeine)","robots":{"index":"index","follow":"follow","max-snippet":"max-snippet:-1","max-image-preview":"max-image-preview:large","max-video-preview":"max-video-preview:-1"},"canonical":"https:\/\/www.zebemusic.com\/de\/product\/und-es-geschah\/","og_locale":"de_DE","og_type":"article","og_title":"Und es geschah - Rockiges Musical f\u00fcr Chor und Band","og_description":"\u201cEin schwungvolles Musical, das mit dem Mut zur \u00dcbersetzung des Stoffes in neuzeitliche Musik den Staub der Erinnerung aufwirbelt und dem Geschehen neue Aktualit\u00e4t verleiht.\u201d (Th\u00fcringer Allgemeine)","og_url":"https:\/\/www.zebemusic.com\/de\/product\/und-es-geschah\/","og_site_name":"ZebeMusic","article_publisher":"https:\/\/www.facebook.com\/zebemusic","article_modified_time":"2024-03-01T02:39:37+00:00","og_image":[{"width":354,"height":500,"url":"https:\/\/www.zebemusic.com\/wp-content\/uploads\/2020\/04\/ZEBE2131.jpg","type":"image\/jpeg"}],"twitter_card":"summary_large_image","twitter_misc":{"Est. reading time":"1 minute"},"schema":{"@context":"https:\/\/schema.org","@graph":[{"@type":"WebPage","@id":"https:\/\/www.zebemusic.com\/de\/product\/und-es-geschah\/","url":"https:\/\/www.zebemusic.com\/de\/product\/und-es-geschah\/","name":"Und es geschah - Rockiges Musical f\u00fcr Chor und Band","isPartOf":{"@id":"https:\/\/www.zebemusic.com\/de\/#website"},"primaryImageOfPage":{"@id":"https:\/\/www.zebemusic.com\/de\/product\/und-es-geschah\/#primaryimage"},"image":{"@id":"https:\/\/www.zebemusic.com\/de\/product\/und-es-geschah\/#primaryimage"},"thumbnailUrl":"https:\/\/www.zebemusic.com\/wp-content\/uploads\/2020\/04\/ZEBE2131.jpg","datePublished":"2014-11-25T06:41:33+00:00","dateModified":"2024-03-01T02:39:37+00:00","description":"\u201cEin schwungvolles Musical, das mit dem Mut zur \u00dcbersetzung des Stoffes in neuzeitliche Musik den Staub der Erinnerung aufwirbelt und dem Geschehen neue Aktualit\u00e4t verleiht.\u201d (Th\u00fcringer Allgemeine)","breadcrumb":{"@id":"https:\/\/www.zebemusic.com\/de\/product\/und-es-geschah\/#breadcrumb"},"inLanguage":"de-DE","potentialAction":[{"@type":"ReadAction","target":["https:\/\/www.zebemusic.com\/de\/product\/und-es-geschah\/"]}]},{"@type":"ImageObject","inLanguage":"de-DE","@id":"https:\/\/www.zebemusic.com\/de\/product\/und-es-geschah\/#primaryimage","url":"https:\/\/www.zebemusic.com\/wp-content\/uploads\/2020\/04\/ZEBE2131.jpg","contentUrl":"https:\/\/www.zebemusic.com\/wp-content\/uploads\/2020\/04\/ZEBE2131.jpg","width":354,"height":500},{"@type":"BreadcrumbList","@id":"https:\/\/www.zebemusic.com\/de\/product\/und-es-geschah\/#breadcrumb","itemListElement":[{"@type":"ListItem","position":1,"name":"Shop","item":"https:\/\/www.zebemusic.com\/de\/shop-2\/"},{"@type":"ListItem","position":2,"name":"Und es geschah"}]},{"@type":"WebSite","@id":"https:\/\/www.zebemusic.com\/de\/#website","url":"https:\/\/www.zebemusic.com\/de\/","name":"ZebeMusic","description":"makes you sing.","publisher":{"@id":"https:\/\/www.zebemusic.com\/de\/#organization"},"alternateName":"Gospelnoten & Kindermusicals","potentialAction":[{"@type":"SearchAction","target":{"@type":"EntryPoint","urlTemplate":"https:\/\/www.zebemusic.com\/de\/?s={search_term_string}"},"query-input":{"@type":"PropertyValueSpecification","valueRequired":true,"valueName":"search_term_string"}}],"inLanguage":"de-DE"},{"@type":"Organization","@id":"https:\/\/www.zebemusic.com\/de\/#organization","name":"ZebeMusic","url":"https:\/\/www.zebemusic.com\/de\/","logo":{"@type":"ImageObject","inLanguage":"de-DE","@id":"https:\/\/www.zebemusic.com\/de\/#\/schema\/logo\/image\/","url":"https:\/\/www.zebemusic.com\/wp-content\/uploads\/2025\/10\/ZEBE-Logo_ZW-makesyousing.jpg","contentUrl":"https:\/\/www.zebemusic.com\/wp-content\/uploads\/2025\/10\/ZEBE-Logo_ZW-makesyousing.jpg","width":2212,"height":958,"caption":"ZebeMusic"},"image":{"@id":"https:\/\/www.zebemusic.com\/de\/#\/schema\/logo\/image\/"},"sameAs":["https:\/\/www.facebook.com\/zebemusic","https:\/\/www.instagram.com\/zebemusic","https:\/\/www.youtube.com\/zebemusicberlin"]}]}},"_links":{"self":[{"href":"https:\/\/www.zebemusic.com\/de\/wp-json\/wp\/v2\/product\/4629","targetHints":{"allow":["GET"]}}],"collection":[{"href":"https:\/\/www.zebemusic.com\/de\/wp-json\/wp\/v2\/product"}],"about":[{"href":"https:\/\/www.zebemusic.com\/de\/wp-json\/wp\/v2\/types\/product"}],"wp:featuredmedia":[{"embeddable":true,"href":"https:\/\/www.zebemusic.com\/de\/wp-json\/wp\/v2\/media\/16985"}],"wp:attachment":[{"href":"https:\/\/www.zebemusic.com\/de\/wp-json\/wp\/v2\/media?parent=4629"}],"wp:term":[{"taxonomy":"product_brand","embeddable":true,"href":"https:\/\/www.zebemusic.com\/de\/wp-json\/wp\/v2\/product_brand?post=4629"},{"taxonomy":"product_cat","embeddable":true,"href":"https:\/\/www.zebemusic.com\/de\/wp-json\/wp\/v2\/product_cat?post=4629"},{"taxonomy":"product_tag","embeddable":true,"href":"https:\/\/www.zebemusic.com\/de\/wp-json\/wp\/v2\/product_tag?post=4629"}],"curies":[{"name":"wp","href":"https:\/\/api.w.org\/{rel}","templated":true}]}}